{"id":1243,"date":"2024-01-24T20:07:17","date_gmt":"2024-01-24T20:07:17","guid":{"rendered":"https:\/\/ttemsa.com\/industria\/index.php\/catalogo-ilustrativo-copy\/"},"modified":"2025-02-16T20:11:02","modified_gmt":"2025-02-16T20:11:02","slug":"rodillos-curvos-banano","status":"publish","type":"page","link":"https:\/\/ttemsa.com\/industria\/index.php\/webex\/rodillos-curvos-banano\/","title":{"rendered":"Rodillos Curvos (BANANOS)"},"content":{"rendered":"<div class=\"wp-block-image\">\n<figure class=\"aligncenter size-full\"><img loading=\"lazy\" decoding=\"async\" width=\"751\" height=\"365\" src=\"https:\/\/ttemsa.com\/industria\/wp-content\/uploads\/2024\/01\/rodillos-bananoqw.png\" alt=\"\" class=\"wp-image-1277\" srcset=\"https:\/\/ttemsa.com\/industria\/wp-content\/uploads\/2024\/01\/rodillos-bananoqw.png 751w, https:\/\/ttemsa.com\/industria\/wp-content\/uploads\/2024\/01\/rodillos-bananoqw-300x146.png 300w\" sizes=\"auto, (max-width: 751px) 100vw, 751px\" \/><\/figure>\n<\/div>\n\n\n<p><\/p>\n\n\n<div class=\"wp-block-image\">\n<figure class=\"aligncenter size-full\"><img loading=\"lazy\" decoding=\"async\" width=\"272\" height=\"60\" src=\"https:\/\/ttemsa.com\/industria\/wp-content\/uploads\/2023\/12\/header_logo.png\" alt=\"\" class=\"wp-image-391\"\/><\/figure>\n<\/div>\n\n\n<h1 class=\"wp-block-heading has-text-align-center\">Rodillos Curvos (BANANOS)<\/h1>\n\n\n\n<h1 class=\"wp-block-heading has-text-align-center\"><strong>Bowed Rolls<\/strong><\/h1>\n\n\n\n<p><strong>Eliminan arrugas, bordes flojos y puntos suaves.<\/strong><\/p>\n\n\n\n<p><strong>Para separar las bandas despu\u00e9s del corte longitudinal.<\/strong><\/p>\n\n\n\n<p>Disponemos de dos tipos de rodillos curvos. Uno es de curvatura \u201cFija\u201d, para mismo material, y el otro de curvatura \u201cAjustable\u201d donde la cantidad de curvatura puede ser ajustada para satisfacer las variables de operaci\u00f3n como velocidad y diferentes tipos de materiales.<\/p>\n\n\n\n<ul class=\"wp-block-list\">\n<li>Los<strong> rodillos curvos<\/strong> son de una alta calidad excepcional, su construcci\u00f3n es robusta y precisa, para asegurar su operaci\u00f3n libre de vibraci\u00f3n.<\/li>\n\n\n\n<li><strong>Larga vida \u00fatil <\/strong>y mantenimiento m\u00ednimo garantizan una m\u00e1xima eficiencia.<\/li>\n\n\n\n<li>Los rodillos se recubren ya sea con <strong>hule sint\u00e9tico<\/strong> de <strong>calidad industrial <\/strong>o con materiales compuestos para aplicaciones espec\u00edficas y resistentes a la abrasi\u00f3n. Para velocidades de operaci\u00f3n altas, las cubiertas son reforzadas para estabilidad dimensional a alta velocidad.<\/li>\n\n\n\n<li><strong>Antes del embarque<\/strong>, todos los rodillos se prueban con velocidades m\u00e1s altas que las velocidades especificadas de operaci\u00f3n.<\/li>\n<\/ul>\n\n\n\n<p>Ofrecemos rodillos para <strong>cualquier aplicaci\u00f3n <\/strong>y dise\u00f1o de montaje espec\u00edficos, que se adecuan a sus condiciones de operaci\u00f3n, mejoran la calidad del producto terminado y a precios competitivos.<\/p>\n\n\n\n<figure class=\"wp-block-image size-full is-resized\"><img loading=\"lazy\" decoding=\"async\" width=\"360\" height=\"213\" src=\"https:\/\/ttemsa.com\/industria\/wp-content\/uploads\/2023\/12\/bowed-rolls-BANANO-bowed_rolls.jpg\" alt=\"\" class=\"wp-image-392\" style=\"width:316px;height:auto\" srcset=\"https:\/\/ttemsa.com\/industria\/wp-content\/uploads\/2023\/12\/bowed-rolls-BANANO-bowed_rolls.jpg 360w, https:\/\/ttemsa.com\/industria\/wp-content\/uploads\/2023\/12\/bowed-rolls-BANANO-bowed_rolls-300x178.jpg 300w\" sizes=\"auto, (max-width: 360px) 100vw, 360px\" \/><\/figure>\n\n\n\n<ul class=\"wp-block-list\">\n<li>El rodillo banano tambi\u00e9n se utiliza para separar las bandas despu\u00e9s del corte longitudinal.<\/li>\n\n\n\n<li>Se puede suministrar para montaje de piso (pedestal), montaje de Brida interna, montaje de brida externa o montaje de pared atornillado sobre las flechas laterales (espigas).<\/li>\n\n\n\n<li>Los rodillos se suministran con una llave para&nbsp;girar el arco de curvatura (aflojando las tapas superiores).<\/li>\n\n\n\n<li>Se pueden suministrar con dispositivos para girar el arco de curvatura de 360\u00b0.<\/li>\n\n\n\n<li>Pueden llevar polea para ayudar a girar.<\/li>\n<\/ul>\n\n\n\n<h2 class=\"wp-block-heading\"><strong>Instrucciones Generales<\/strong><\/h2>\n\n\n\n<p>Los rodillos curvos son utilizados para extender o ensanchar materiales planos en movimiento, tales como papel, pel\u00edculas, textiles, etc., de esta manera las arrugas se eliminan suavemente.<\/p>\n\n\n\n<p>Para obtener los mejores resultados, se sugieren las siguientes recomendaciones:<\/p>\n\n\n\n<ul class=\"wp-block-list\">\n<li>Para rodillos fijos, los cuales se usan en aplicaciones donde las condiciones de operaci\u00f3n son relativamente constantes, la curvatura del rodillo depender\u00e1 del tipo de material, anchura, tensi\u00f3n superficial y \u00e1ngulo de contacto entre el material y el rodillo curvo.<\/li>\n\n\n\n<li>El rodillo ajustable, debido a su cualidad de curvatura ajustable, permite buena efectividad en un amplio rango de condiciones de operaci\u00f3n.<\/li>\n<\/ul>\n\n\n\n<figure class=\"wp-block-image size-full\"><img loading=\"lazy\" decoding=\"async\" width=\"965\" height=\"875\" src=\"https:\/\/ttemsa.com\/industria\/wp-content\/uploads\/2023\/12\/Instrucciones-Generales.jpg\" alt=\"\" class=\"wp-image-393\" srcset=\"https:\/\/ttemsa.com\/industria\/wp-content\/uploads\/2023\/12\/Instrucciones-Generales.jpg 965w, https:\/\/ttemsa.com\/industria\/wp-content\/uploads\/2023\/12\/Instrucciones-Generales-300x272.jpg 300w, https:\/\/ttemsa.com\/industria\/wp-content\/uploads\/2023\/12\/Instrucciones-Generales-768x696.jpg 768w\" sizes=\"auto, (max-width: 965px) 100vw, 965px\" \/><figcaption class=\"wp-element-caption\"><strong>Rodillo Banano Opciones de Montaje<\/strong><\/figcaption><\/figure>\n\n\n\n<figure class=\"wp-block-image size-large\"><img loading=\"lazy\" decoding=\"async\" width=\"791\" height=\"1024\" src=\"https:\/\/ttemsa.com\/industria\/wp-content\/uploads\/2023\/12\/1POSITIONING-DIRECTION-OF-BOW_Page_1-791x1024.jpg\" alt=\"\" class=\"wp-image-394\" srcset=\"https:\/\/ttemsa.com\/industria\/wp-content\/uploads\/2023\/12\/1POSITIONING-DIRECTION-OF-BOW_Page_1-791x1024.jpg 791w, https:\/\/ttemsa.com\/industria\/wp-content\/uploads\/2023\/12\/1POSITIONING-DIRECTION-OF-BOW_Page_1-232x300.jpg 232w, https:\/\/ttemsa.com\/industria\/wp-content\/uploads\/2023\/12\/1POSITIONING-DIRECTION-OF-BOW_Page_1-768x994.jpg 768w, https:\/\/ttemsa.com\/industria\/wp-content\/uploads\/2023\/12\/1POSITIONING-DIRECTION-OF-BOW_Page_1-1187x1536.jpg 1187w, https:\/\/ttemsa.com\/industria\/wp-content\/uploads\/2023\/12\/1POSITIONING-DIRECTION-OF-BOW_Page_1-1583x2048.jpg 1583w, https:\/\/ttemsa.com\/industria\/wp-content\/uploads\/2023\/12\/1POSITIONING-DIRECTION-OF-BOW_Page_1-scaled.jpg 1978w\" sizes=\"auto, (max-width: 791px) 100vw, 791px\" \/><\/figure>\n\n\n\n<p><strong>Como posicionar el rodillo curvo (Banano)<\/strong><\/p>\n\n\n\n<figure class=\"wp-block-image size-large\"><img loading=\"lazy\" decoding=\"async\" width=\"791\" height=\"1024\" src=\"https:\/\/ttemsa.com\/industria\/wp-content\/uploads\/2023\/12\/1POSITIONING-DIRECTION-OF-BOW_Page_2-791x1024.jpg\" alt=\"\" class=\"wp-image-395\" srcset=\"https:\/\/ttemsa.com\/industria\/wp-content\/uploads\/2023\/12\/1POSITIONING-DIRECTION-OF-BOW_Page_2-791x1024.jpg 791w, https:\/\/ttemsa.com\/industria\/wp-content\/uploads\/2023\/12\/1POSITIONING-DIRECTION-OF-BOW_Page_2-232x300.jpg 232w, https:\/\/ttemsa.com\/industria\/wp-content\/uploads\/2023\/12\/1POSITIONING-DIRECTION-OF-BOW_Page_2-768x994.jpg 768w, https:\/\/ttemsa.com\/industria\/wp-content\/uploads\/2023\/12\/1POSITIONING-DIRECTION-OF-BOW_Page_2-1187x1536.jpg 1187w, https:\/\/ttemsa.com\/industria\/wp-content\/uploads\/2023\/12\/1POSITIONING-DIRECTION-OF-BOW_Page_2-1583x2048.jpg 1583w, https:\/\/ttemsa.com\/industria\/wp-content\/uploads\/2023\/12\/1POSITIONING-DIRECTION-OF-BOW_Page_2-scaled.jpg 1978w\" sizes=\"auto, (max-width: 791px) 100vw, 791px\" \/><\/figure>\n\n\n\n<figure class=\"wp-block-image size-large\"><img decoding=\"async\" src=\"https:\/\/ttemsa.com\/industria\/images\/pdfs2021\/1POSITIONING-DIRECTION-OF-BOW_Page_3.jpg\" alt=\"\"\/><\/figure>\n\n\n\n<p class=\"has-text-align-center\"><strong>Opciones de Montaje<\/strong><\/p>\n\n\n\n<figure class=\"wp-block-image size-large\"><img decoding=\"async\" src=\"https:\/\/ttemsa.com\/industria\/images\/webex\/banano.jpg\" alt=\"\"\/><\/figure>\n\n\n\n<p class=\"has-text-align-center\">Formato para Cotizar (Ingl\u00e9s)<\/p>\n\n\n<div class=\"wp-block-image\">\n<figure class=\"aligncenter size-full is-resized\"><a href=\"https:\/\/ttemsa.com\/industria\/images\/pdf\/bowedroll.pdf\" target=\"_blank\" rel=\"noreferrer noopener\"><img loading=\"lazy\" decoding=\"async\" width=\"567\" height=\"361\" src=\"https:\/\/ttemsa.com\/industria\/wp-content\/uploads\/2023\/12\/Rodillos_de_Precision_pdf.jpg\" alt=\"\" class=\"wp-image-385\" style=\"width:323px;height:auto\" srcset=\"https:\/\/ttemsa.com\/industria\/wp-content\/uploads\/2023\/12\/Rodillos_de_Precision_pdf.jpg 567w, https:\/\/ttemsa.com\/industria\/wp-content\/uploads\/2023\/12\/Rodillos_de_Precision_pdf-300x191.jpg 300w\" sizes=\"auto, (max-width: 567px) 100vw, 567px\" \/><\/a><\/figure>\n<\/div>","protected":false},"excerpt":{"rendered":"<p>Rodillos Curvos (BANANOS) Bowed Rolls Eliminan arrugas, bordes flojos y puntos suaves. Para separar las bandas despu\u00e9s del corte longitudinal. Disponemos de dos tipos de rodillos curvos. Uno es de curvatura \u201cFija\u201d, para mismo material, y el otro de curvatura \u201cAjustable\u201d donde la cantidad de curvatura puede ser ajustada para satisfacer las variables de operaci\u00f3n [&hellip;]<\/p>\n","protected":false},"author":1,"featured_media":0,"parent":16,"menu_order":0,"comment_status":"closed","ping_status":"closed","template":"","meta":{"content-type":"","footnotes":""},"categories":[14],"tags":[],"class_list":["post-1243","page","type-page","status-publish","hentry","category-webexcategor"],"yoast_head":"<!-- This site is optimized with the Yoast SEO plugin v26.6 - https:\/\/yoast.com\/wordpress\/plugins\/seo\/ -->\n<title>Rodillos Curvos (BANANOS) - industria-de-la-conversion.ttemsa<\/title>\n<meta name=\"description\" content=\"RODILLOS CURVOS (Bananos) Bowed Rolls Disponemos de dos tipos de rodillos curvos. Uno es de curvatura \u201cFija\u201d, para mismo material, y el otro de curvatura \u201cAjustable\u201d donde la cantidad de curvatura puede ser ajustada para satisfacer las variables de operaci\u00f3n como velocidad y diferentes tipos de materiales.\" \/>\n<meta name=\"robots\" content=\"index, follow, max-snippet:-1, max-image-preview:large, max-video-preview:-1\" \/>\n<link rel=\"canonical\" href=\"https:\/\/ttemsa.com\/industria\/index.php\/webex\/rodillos-curvos-banano\/\" \/>\n<meta property=\"og:locale\" content=\"es_MX\" \/>\n<meta property=\"og:type\" content=\"article\" \/>\n<meta property=\"og:title\" content=\"RODILLOS CURVOS (Bananos) Bowed Rolls\" \/>\n<meta property=\"og:description\" content=\"Eliminan arrugas, bordes flojos y puntos suaves. Para separar las bandas despu\u00e9s del corte longitudinal.\" \/>\n<meta property=\"og:url\" content=\"https:\/\/ttemsa.com\/industria\/index.php\/webex\/rodillos-curvos-banano\/\" \/>\n<meta property=\"og:site_name\" content=\"industria-de-la-conversion.ttemsa\" \/>\n<meta property=\"article:modified_time\" content=\"2025-02-16T20:11:02+00:00\" \/>\n<meta property=\"og:image\" content=\"https:\/\/ttemsa.com\/industria\/wp-content\/uploads\/2023\/12\/000.jpg\" \/>\n\t<meta property=\"og:image:width\" content=\"596\" \/>\n\t<meta property=\"og:image:height\" content=\"596\" \/>\n\t<meta property=\"og:image:type\" content=\"image\/jpeg\" \/>\n<meta name=\"twitter:card\" content=\"summary_large_image\" \/>\n<meta name=\"twitter:title\" content=\"RODILLOS CURVOS (Bananos)Bowed Rolls\" \/>\n<meta name=\"twitter:description\" content=\"Eliminan arrugas, bordes flojos y puntos suaves.Para separar las bandas despu\u00e9s del corte longitudinal.\" \/>\n<meta name=\"twitter:image\" content=\"https:\/\/ttemsa.com\/industria\/wp-content\/uploads\/2023\/12\/000.jpg\" \/>\n<meta name=\"twitter:label1\" content=\"Tiempo de lectura\" \/>\n\t<meta name=\"twitter:data1\" content=\"4 minutos\" \/>\n<script type=\"application\/ld+json\" class=\"yoast-schema-graph\">{\"@context\":\"https:\/\/schema.org\",\"@graph\":[{\"@type\":\"WebPage\",\"@id\":\"https:\/\/ttemsa.com\/industria\/index.php\/webex\/rodillos-curvos-banano\/\",\"url\":\"https:\/\/ttemsa.com\/industria\/index.php\/webex\/rodillos-curvos-banano\/\",\"name\":\"Rodillos Curvos (BANANOS) - industria-de-la-conversion.ttemsa\",\"isPartOf\":{\"@id\":\"https:\/\/ttemsa.com\/industria\/#website\"},\"primaryImageOfPage\":{\"@id\":\"https:\/\/ttemsa.com\/industria\/index.php\/webex\/rodillos-curvos-banano\/#primaryimage\"},\"image\":{\"@id\":\"https:\/\/ttemsa.com\/industria\/index.php\/webex\/rodillos-curvos-banano\/#primaryimage\"},\"thumbnailUrl\":\"https:\/\/ttemsa.com\/industria\/wp-content\/uploads\/2024\/01\/rodillos-bananoqw.png\",\"datePublished\":\"2024-01-24T20:07:17+00:00\",\"dateModified\":\"2025-02-16T20:11:02+00:00\",\"description\":\"RODILLOS CURVOS (Bananos) Bowed Rolls Disponemos de dos tipos de rodillos curvos. Uno es de curvatura \u201cFija\u201d, para mismo material, y el otro de curvatura \u201cAjustable\u201d donde la cantidad de curvatura puede ser ajustada para satisfacer las variables de operaci\u00f3n como velocidad y diferentes tipos de materiales.\",\"breadcrumb\":{\"@id\":\"https:\/\/ttemsa.com\/industria\/index.php\/webex\/rodillos-curvos-banano\/#breadcrumb\"},\"inLanguage\":\"es\",\"potentialAction\":[{\"@type\":\"ReadAction\",\"target\":[\"https:\/\/ttemsa.com\/industria\/index.php\/webex\/rodillos-curvos-banano\/\"]}]},{\"@type\":\"ImageObject\",\"inLanguage\":\"es\",\"@id\":\"https:\/\/ttemsa.com\/industria\/index.php\/webex\/rodillos-curvos-banano\/#primaryimage\",\"url\":\"https:\/\/ttemsa.com\/industria\/wp-content\/uploads\/2024\/01\/rodillos-bananoqw.png\",\"contentUrl\":\"https:\/\/ttemsa.com\/industria\/wp-content\/uploads\/2024\/01\/rodillos-bananoqw.png\",\"width\":751,\"height\":365},{\"@type\":\"BreadcrumbList\",\"@id\":\"https:\/\/ttemsa.com\/industria\/index.php\/webex\/rodillos-curvos-banano\/#breadcrumb\",\"itemListElement\":[{\"@type\":\"ListItem\",\"position\":1,\"name\":\"Inicio\",\"item\":\"https:\/\/ttemsa.com\/industria\/\"},{\"@type\":\"ListItem\",\"position\":2,\"name\":\"Webex\",\"item\":\"https:\/\/ttemsa.com\/industria\/index.php\/webex\/\"},{\"@type\":\"ListItem\",\"position\":3,\"name\":\"Rodillos Curvos (BANANOS)\"}]},{\"@type\":\"WebSite\",\"@id\":\"https:\/\/ttemsa.com\/industria\/#website\",\"url\":\"https:\/\/ttemsa.com\/industria\/\",\"name\":\"industria-de-la-conversion.ttemsa\",\"description\":\"Designed Dianalacazadora.com\",\"alternateName\":\"ttemsa l\u00edderes en la industria de la conversi\u00f3n\",\"potentialAction\":[{\"@type\":\"SearchAction\",\"target\":{\"@type\":\"EntryPoint\",\"urlTemplate\":\"https:\/\/ttemsa.com\/industria\/?s={search_term_string}\"},\"query-input\":{\"@type\":\"PropertyValueSpecification\",\"valueRequired\":true,\"valueName\":\"search_term_string\"}}],\"inLanguage\":\"es\"}]}<\/script>\n<!-- \/ Yoast SEO plugin. -->","yoast_head_json":{"title":"Rodillos Curvos (BANANOS) - industria-de-la-conversion.ttemsa","description":"RODILLOS CURVOS (Bananos) Bowed Rolls Disponemos de dos tipos de rodillos curvos. Uno es de curvatura \u201cFija\u201d, para mismo material, y el otro de curvatura \u201cAjustable\u201d donde la cantidad de curvatura puede ser ajustada para satisfacer las variables de operaci\u00f3n como velocidad y diferentes tipos de materiales.","robots":{"index":"index","follow":"follow","max-snippet":"max-snippet:-1","max-image-preview":"max-image-preview:large","max-video-preview":"max-video-preview:-1"},"canonical":"https:\/\/ttemsa.com\/industria\/index.php\/webex\/rodillos-curvos-banano\/","og_locale":"es_MX","og_type":"article","og_title":"RODILLOS CURVOS (Bananos) Bowed Rolls","og_description":"Eliminan arrugas, bordes flojos y puntos suaves. Para separar las bandas despu\u00e9s del corte longitudinal.","og_url":"https:\/\/ttemsa.com\/industria\/index.php\/webex\/rodillos-curvos-banano\/","og_site_name":"industria-de-la-conversion.ttemsa","article_modified_time":"2025-02-16T20:11:02+00:00","og_image":[{"width":596,"height":596,"url":"https:\/\/ttemsa.com\/industria\/wp-content\/uploads\/2023\/12\/000.jpg","type":"image\/jpeg"}],"twitter_card":"summary_large_image","twitter_title":"RODILLOS CURVOS (Bananos)Bowed Rolls","twitter_description":"Eliminan arrugas, bordes flojos y puntos suaves.Para separar las bandas despu\u00e9s del corte longitudinal.","twitter_image":"https:\/\/ttemsa.com\/industria\/wp-content\/uploads\/2023\/12\/000.jpg","twitter_misc":{"Tiempo de lectura":"4 minutos"},"schema":{"@context":"https:\/\/schema.org","@graph":[{"@type":"WebPage","@id":"https:\/\/ttemsa.com\/industria\/index.php\/webex\/rodillos-curvos-banano\/","url":"https:\/\/ttemsa.com\/industria\/index.php\/webex\/rodillos-curvos-banano\/","name":"Rodillos Curvos (BANANOS) - industria-de-la-conversion.ttemsa","isPartOf":{"@id":"https:\/\/ttemsa.com\/industria\/#website"},"primaryImageOfPage":{"@id":"https:\/\/ttemsa.com\/industria\/index.php\/webex\/rodillos-curvos-banano\/#primaryimage"},"image":{"@id":"https:\/\/ttemsa.com\/industria\/index.php\/webex\/rodillos-curvos-banano\/#primaryimage"},"thumbnailUrl":"https:\/\/ttemsa.com\/industria\/wp-content\/uploads\/2024\/01\/rodillos-bananoqw.png","datePublished":"2024-01-24T20:07:17+00:00","dateModified":"2025-02-16T20:11:02+00:00","description":"RODILLOS CURVOS (Bananos) Bowed Rolls Disponemos de dos tipos de rodillos curvos. Uno es de curvatura \u201cFija\u201d, para mismo material, y el otro de curvatura \u201cAjustable\u201d donde la cantidad de curvatura puede ser ajustada para satisfacer las variables de operaci\u00f3n como velocidad y diferentes tipos de materiales.","breadcrumb":{"@id":"https:\/\/ttemsa.com\/industria\/index.php\/webex\/rodillos-curvos-banano\/#breadcrumb"},"inLanguage":"es","potentialAction":[{"@type":"ReadAction","target":["https:\/\/ttemsa.com\/industria\/index.php\/webex\/rodillos-curvos-banano\/"]}]},{"@type":"ImageObject","inLanguage":"es","@id":"https:\/\/ttemsa.com\/industria\/index.php\/webex\/rodillos-curvos-banano\/#primaryimage","url":"https:\/\/ttemsa.com\/industria\/wp-content\/uploads\/2024\/01\/rodillos-bananoqw.png","contentUrl":"https:\/\/ttemsa.com\/industria\/wp-content\/uploads\/2024\/01\/rodillos-bananoqw.png","width":751,"height":365},{"@type":"BreadcrumbList","@id":"https:\/\/ttemsa.com\/industria\/index.php\/webex\/rodillos-curvos-banano\/#breadcrumb","itemListElement":[{"@type":"ListItem","position":1,"name":"Inicio","item":"https:\/\/ttemsa.com\/industria\/"},{"@type":"ListItem","position":2,"name":"Webex","item":"https:\/\/ttemsa.com\/industria\/index.php\/webex\/"},{"@type":"ListItem","position":3,"name":"Rodillos Curvos (BANANOS)"}]},{"@type":"WebSite","@id":"https:\/\/ttemsa.com\/industria\/#website","url":"https:\/\/ttemsa.com\/industria\/","name":"industria-de-la-conversion.ttemsa","description":"Designed Dianalacazadora.com","alternateName":"ttemsa l\u00edderes en la industria de la conversi\u00f3n","potentialAction":[{"@type":"SearchAction","target":{"@type":"EntryPoint","urlTemplate":"https:\/\/ttemsa.com\/industria\/?s={search_term_string}"},"query-input":{"@type":"PropertyValueSpecification","valueRequired":true,"valueName":"search_term_string"}}],"inLanguage":"es"}]}},"_links":{"self":[{"href":"https:\/\/ttemsa.com\/industria\/index.php\/wp-json\/wp\/v2\/pages\/1243","targetHints":{"allow":["GET"]}}],"collection":[{"href":"https:\/\/ttemsa.com\/industria\/index.php\/wp-json\/wp\/v2\/pages"}],"about":[{"href":"https:\/\/ttemsa.com\/industria\/index.php\/wp-json\/wp\/v2\/types\/page"}],"author":[{"embeddable":true,"href":"https:\/\/ttemsa.com\/industria\/index.php\/wp-json\/wp\/v2\/users\/1"}],"replies":[{"embeddable":true,"href":"https:\/\/ttemsa.com\/industria\/index.php\/wp-json\/wp\/v2\/comments?post=1243"}],"version-history":[{"count":5,"href":"https:\/\/ttemsa.com\/industria\/index.php\/wp-json\/wp\/v2\/pages\/1243\/revisions"}],"predecessor-version":[{"id":4018,"href":"https:\/\/ttemsa.com\/industria\/index.php\/wp-json\/wp\/v2\/pages\/1243\/revisions\/4018"}],"up":[{"embeddable":true,"href":"https:\/\/ttemsa.com\/industria\/index.php\/wp-json\/wp\/v2\/pages\/16"}],"wp:attachment":[{"href":"https:\/\/ttemsa.com\/industria\/index.php\/wp-json\/wp\/v2\/media?parent=1243"}],"wp:term":[{"taxonomy":"category","embeddable":true,"href":"https:\/\/ttemsa.com\/industria\/index.php\/wp-json\/wp\/v2\/categories?post=1243"},{"taxonomy":"post_tag","embeddable":true,"href":"https:\/\/ttemsa.com\/industria\/index.php\/wp-json\/wp\/v2\/tags?post=1243"}],"curies":[{"name":"wp","href":"https:\/\/api.w.org\/{rel}","templated":true}]}}