{"id":1250,"date":"2024-01-24T20:36:56","date_gmt":"2024-01-24T20:36:56","guid":{"rendered":"https:\/\/ttemsa.com\/industria\/index.php\/rodillos-curvos-banano-p-copy-copy\/"},"modified":"2024-09-05T23:24:15","modified_gmt":"2024-09-05T23:24:15","slug":"rodillos-locos-alto-desempeno","status":"publish","type":"page","link":"https:\/\/ttemsa.com\/industria\/index.php\/webex\/rodillos-locos-alto-desempeno\/","title":{"rendered":"Rodillos Locos Ligeros de Alto Desempe\u00f1o"},"content":{"rendered":"<div class=\"wp-block-image\">\n<figure class=\"aligncenter size-full\"><img loading=\"lazy\" decoding=\"async\" width=\"272\" height=\"60\" src=\"https:\/\/ttemsa.com\/industria\/wp-content\/uploads\/2023\/12\/header_logo.png\" alt=\"\" class=\"wp-image-391\"\/><\/figure>\n<\/div>\n\n<div class=\"wp-block-image\">\n<figure class=\"aligncenter size-full is-resized\"><img loading=\"lazy\" decoding=\"async\" width=\"480\" height=\"118\" src=\"https:\/\/ttemsa.com\/industria\/wp-content\/uploads\/2023\/12\/rodillos-locos.jpg\" alt=\"\" class=\"wp-image-402\" style=\"width:958px;height:auto\" srcset=\"https:\/\/ttemsa.com\/industria\/wp-content\/uploads\/2023\/12\/rodillos-locos.jpg 480w, https:\/\/ttemsa.com\/industria\/wp-content\/uploads\/2023\/12\/rodillos-locos-300x74.jpg 300w\" sizes=\"auto, (max-width: 480px) 100vw, 480px\" \/><figcaption class=\"wp-element-caption\"><strong><strong>40 a\u00f1os<\/strong>\u00a0de producir rodillos locos<\/strong><\/figcaption><\/figure>\n<\/div>\n\n\n<h2 class=\"wp-block-heading\">Webex se ha caracterizado como un proveedor premium en la industria de la conversi\u00f3n.<\/h2>\n\n\n\n<p>Atendiendo las m\u00e1s exigentes demandas de: Alta velocidad, Robustez, Tolerancias precisas, Ambientes cambiantes,cuarto limpio, qu\u00edmicos corrosivos, alta temperatura Amplia variedad de materiales de construcci\u00f3n, Webex le da el rodillo adecuado a sus necesidades.<\/p>\n\n\n<div class=\"wp-block-image\">\n<figure class=\"alignleft size-large\"><img decoding=\"async\" src=\"https:\/\/ttemsa.com\/industria\/images\/home\/rodillos-locos2.png\" alt=\"\"\/><\/figure>\n<\/div>\n\n\n<ul class=\"wp-block-list\">\n<li>Combina su Incomparable resistencia con su bajo peso, el tubo de fibra de carbono permite casi el doble de la capacidad del rodamiento que un rodillo de aluminio est\u00e1ndar, con s\u00f3lo un tercio del peso.<\/li>\n\n\n\n<li>Cada rodillo es balanceado din\u00e1micamente para altas velocidades y un desempe\u00f1o excepcionalmente suave.<\/li>\n\n\n\n<li>Alta resistencia y bajo peso.<\/li>\n\n\n\n<li>Baja inercia Control de la tensi\u00f3n superior.<\/li>\n\n\n\n<li>Permite bandas anchas operar a velocidades cr\u00edticas mayores.<\/li>\n\n\n\n<li>Mayor capacidad de carga de los rodillos de aluminio equivalentes<\/li>\n<\/ul>\n\n\n<div class=\"wp-block-image\">\n<figure class=\"aligncenter size-full is-resized\"><a href=\"https:\/\/ttemsa.com\/industria\/images\/pdf\/B-CATALOGO-GENERAL-2016-TTEMSA-MEXICO.pdf\" target=\"_blank\" rel=\"noreferrer noopener\"><img loading=\"lazy\" decoding=\"async\" width=\"567\" height=\"361\" src=\"https:\/\/ttemsa.com\/industria\/wp-content\/uploads\/2023\/12\/Rodillos_de_Precision_pdf.jpg\" alt=\"\" class=\"wp-image-385\" style=\"width:323px;height:auto\" srcset=\"https:\/\/ttemsa.com\/industria\/wp-content\/uploads\/2023\/12\/Rodillos_de_Precision_pdf.jpg 567w, https:\/\/ttemsa.com\/industria\/wp-content\/uploads\/2023\/12\/Rodillos_de_Precision_pdf-300x191.jpg 300w\" sizes=\"auto, (max-width: 567px) 100vw, 567px\" \/><\/a><\/figure>\n<\/div>\n\n\n<p><\/p>\n","protected":false},"excerpt":{"rendered":"<p>Webex se ha caracterizado como un proveedor premium en la industria de la conversi\u00f3n. Atendiendo las m\u00e1s exigentes demandas de: Alta velocidad, Robustez, Tolerancias precisas, Ambientes cambiantes,cuarto limpio, qu\u00edmicos corrosivos, alta temperatura Amplia variedad de materiales de construcci\u00f3n, Webex le da el rodillo adecuado a sus necesidades.<\/p>\n","protected":false},"author":1,"featured_media":0,"parent":16,"menu_order":0,"comment_status":"closed","ping_status":"closed","template":"","meta":{"content-type":"","footnotes":""},"categories":[14],"tags":[],"class_list":["post-1250","page","type-page","status-publish","hentry","category-webexcategor"],"yoast_head":"<!-- This site is optimized with the Yoast SEO plugin v26.6 - https:\/\/yoast.com\/wordpress\/plugins\/seo\/ -->\n<title>Rodillos Locos Ligeros de Alto Desempe\u00f1o - industria-de-la-conversion.ttemsa<\/title>\n<meta name=\"description\" content=\"Rodillos Locos Ligeros de Alto Desempe\u00f1o 40 a\u00f1os de producir rodillos locos. Webex se ha caracterizado como un proveedor premium en la industria de la conversi\u00f3n\" \/>\n<meta name=\"robots\" content=\"index, follow, max-snippet:-1, max-image-preview:large, max-video-preview:-1\" \/>\n<link rel=\"canonical\" href=\"https:\/\/ttemsa.com\/industria\/index.php\/webex\/rodillos-locos-alto-desempeno\/\" \/>\n<meta property=\"og:locale\" content=\"es_MX\" \/>\n<meta property=\"og:type\" content=\"article\" \/>\n<meta property=\"og:title\" content=\"Rodillos Locos Ligeros de Alto Desempe\u00f1o.\" \/>\n<meta property=\"og:description\" content=\"40 a\u00f1os de producir rodillos locos. Webex se ha caracterizado como un proveedor premium en la industria de la conversi\u00f3n.\" \/>\n<meta property=\"og:url\" content=\"https:\/\/ttemsa.com\/industria\/index.php\/webex\/rodillos-locos-alto-desempeno\/\" \/>\n<meta property=\"og:site_name\" content=\"industria-de-la-conversion.ttemsa\" \/>\n<meta property=\"article:modified_time\" content=\"2024-09-05T23:24:15+00:00\" \/>\n<meta property=\"og:image\" content=\"https:\/\/ttemsa.com\/industria\/wp-content\/uploads\/2023\/12\/Rodillos-Locos-Ligeros-de-Alto-Desempeno.png\" \/>\n\t<meta property=\"og:image:width\" content=\"382\" \/>\n\t<meta property=\"og:image:height\" content=\"254\" \/>\n\t<meta property=\"og:image:type\" content=\"image\/png\" \/>\n<meta name=\"twitter:card\" content=\"summary_large_image\" \/>\n<meta name=\"twitter:title\" content=\"Rodillos Locos Ligeros de Alto Desempe\u00f1o.\" \/>\n<meta name=\"twitter:description\" content=\"40 a\u00f1os de producir rodillos locos. Webex se ha caracterizado como un proveedor premium en la industria de la conversi\u00f3n.\" \/>\n<meta name=\"twitter:image\" content=\"https:\/\/ttemsa.com\/industria\/wp-content\/uploads\/2023\/12\/Rodillos-Locos-Ligeros-de-Alto-Desempeno.png\" \/>\n<meta name=\"twitter:label1\" content=\"Tiempo de lectura\" \/>\n\t<meta name=\"twitter:data1\" content=\"2 minutos\" \/>\n<script type=\"application\/ld+json\" class=\"yoast-schema-graph\">{\"@context\":\"https:\/\/schema.org\",\"@graph\":[{\"@type\":\"WebPage\",\"@id\":\"https:\/\/ttemsa.com\/industria\/index.php\/webex\/rodillos-locos-alto-desempeno\/\",\"url\":\"https:\/\/ttemsa.com\/industria\/index.php\/webex\/rodillos-locos-alto-desempeno\/\",\"name\":\"Rodillos Locos Ligeros de Alto Desempe\u00f1o - industria-de-la-conversion.ttemsa\",\"isPartOf\":{\"@id\":\"https:\/\/ttemsa.com\/industria\/#website\"},\"primaryImageOfPage\":{\"@id\":\"https:\/\/ttemsa.com\/industria\/index.php\/webex\/rodillos-locos-alto-desempeno\/#primaryimage\"},\"image\":{\"@id\":\"https:\/\/ttemsa.com\/industria\/index.php\/webex\/rodillos-locos-alto-desempeno\/#primaryimage\"},\"thumbnailUrl\":\"https:\/\/ttemsa.com\/industria\/wp-content\/uploads\/2023\/12\/header_logo.png\",\"datePublished\":\"2024-01-24T20:36:56+00:00\",\"dateModified\":\"2024-09-05T23:24:15+00:00\",\"description\":\"Rodillos Locos Ligeros de Alto Desempe\u00f1o 40 a\u00f1os de producir rodillos locos. Webex se ha caracterizado como un proveedor premium en la industria de la conversi\u00f3n\",\"breadcrumb\":{\"@id\":\"https:\/\/ttemsa.com\/industria\/index.php\/webex\/rodillos-locos-alto-desempeno\/#breadcrumb\"},\"inLanguage\":\"es\",\"potentialAction\":[{\"@type\":\"ReadAction\",\"target\":[\"https:\/\/ttemsa.com\/industria\/index.php\/webex\/rodillos-locos-alto-desempeno\/\"]}]},{\"@type\":\"ImageObject\",\"inLanguage\":\"es\",\"@id\":\"https:\/\/ttemsa.com\/industria\/index.php\/webex\/rodillos-locos-alto-desempeno\/#primaryimage\",\"url\":\"https:\/\/ttemsa.com\/industria\/wp-content\/uploads\/2023\/12\/header_logo.png\",\"contentUrl\":\"https:\/\/ttemsa.com\/industria\/wp-content\/uploads\/2023\/12\/header_logo.png\"},{\"@type\":\"BreadcrumbList\",\"@id\":\"https:\/\/ttemsa.com\/industria\/index.php\/webex\/rodillos-locos-alto-desempeno\/#breadcrumb\",\"itemListElement\":[{\"@type\":\"ListItem\",\"position\":1,\"name\":\"Inicio\",\"item\":\"https:\/\/ttemsa.com\/industria\/\"},{\"@type\":\"ListItem\",\"position\":2,\"name\":\"Webex\",\"item\":\"https:\/\/ttemsa.com\/industria\/index.php\/webex\/\"},{\"@type\":\"ListItem\",\"position\":3,\"name\":\"Rodillos Locos Ligeros de Alto Desempe\u00f1o\"}]},{\"@type\":\"WebSite\",\"@id\":\"https:\/\/ttemsa.com\/industria\/#website\",\"url\":\"https:\/\/ttemsa.com\/industria\/\",\"name\":\"industria-de-la-conversion.ttemsa\",\"description\":\"Designed Dianalacazadora.com\",\"alternateName\":\"ttemsa l\u00edderes en la industria de la conversi\u00f3n\",\"potentialAction\":[{\"@type\":\"SearchAction\",\"target\":{\"@type\":\"EntryPoint\",\"urlTemplate\":\"https:\/\/ttemsa.com\/industria\/?s={search_term_string}\"},\"query-input\":{\"@type\":\"PropertyValueSpecification\",\"valueRequired\":true,\"valueName\":\"search_term_string\"}}],\"inLanguage\":\"es\"}]}<\/script>\n<!-- \/ Yoast SEO plugin. -->","yoast_head_json":{"title":"Rodillos Locos Ligeros de Alto Desempe\u00f1o - industria-de-la-conversion.ttemsa","description":"Rodillos Locos Ligeros de Alto Desempe\u00f1o 40 a\u00f1os de producir rodillos locos. Webex se ha caracterizado como un proveedor premium en la industria de la conversi\u00f3n","robots":{"index":"index","follow":"follow","max-snippet":"max-snippet:-1","max-image-preview":"max-image-preview:large","max-video-preview":"max-video-preview:-1"},"canonical":"https:\/\/ttemsa.com\/industria\/index.php\/webex\/rodillos-locos-alto-desempeno\/","og_locale":"es_MX","og_type":"article","og_title":"Rodillos Locos Ligeros de Alto Desempe\u00f1o.","og_description":"40 a\u00f1os de producir rodillos locos. Webex se ha caracterizado como un proveedor premium en la industria de la conversi\u00f3n.","og_url":"https:\/\/ttemsa.com\/industria\/index.php\/webex\/rodillos-locos-alto-desempeno\/","og_site_name":"industria-de-la-conversion.ttemsa","article_modified_time":"2024-09-05T23:24:15+00:00","og_image":[{"width":382,"height":254,"url":"https:\/\/ttemsa.com\/industria\/wp-content\/uploads\/2023\/12\/Rodillos-Locos-Ligeros-de-Alto-Desempeno.png","type":"image\/png"}],"twitter_card":"summary_large_image","twitter_title":"Rodillos Locos Ligeros de Alto Desempe\u00f1o.","twitter_description":"40 a\u00f1os de producir rodillos locos. Webex se ha caracterizado como un proveedor premium en la industria de la conversi\u00f3n.","twitter_image":"https:\/\/ttemsa.com\/industria\/wp-content\/uploads\/2023\/12\/Rodillos-Locos-Ligeros-de-Alto-Desempeno.png","twitter_misc":{"Tiempo de lectura":"2 minutos"},"schema":{"@context":"https:\/\/schema.org","@graph":[{"@type":"WebPage","@id":"https:\/\/ttemsa.com\/industria\/index.php\/webex\/rodillos-locos-alto-desempeno\/","url":"https:\/\/ttemsa.com\/industria\/index.php\/webex\/rodillos-locos-alto-desempeno\/","name":"Rodillos Locos Ligeros de Alto Desempe\u00f1o - industria-de-la-conversion.ttemsa","isPartOf":{"@id":"https:\/\/ttemsa.com\/industria\/#website"},"primaryImageOfPage":{"@id":"https:\/\/ttemsa.com\/industria\/index.php\/webex\/rodillos-locos-alto-desempeno\/#primaryimage"},"image":{"@id":"https:\/\/ttemsa.com\/industria\/index.php\/webex\/rodillos-locos-alto-desempeno\/#primaryimage"},"thumbnailUrl":"https:\/\/ttemsa.com\/industria\/wp-content\/uploads\/2023\/12\/header_logo.png","datePublished":"2024-01-24T20:36:56+00:00","dateModified":"2024-09-05T23:24:15+00:00","description":"Rodillos Locos Ligeros de Alto Desempe\u00f1o 40 a\u00f1os de producir rodillos locos. Webex se ha caracterizado como un proveedor premium en la industria de la conversi\u00f3n","breadcrumb":{"@id":"https:\/\/ttemsa.com\/industria\/index.php\/webex\/rodillos-locos-alto-desempeno\/#breadcrumb"},"inLanguage":"es","potentialAction":[{"@type":"ReadAction","target":["https:\/\/ttemsa.com\/industria\/index.php\/webex\/rodillos-locos-alto-desempeno\/"]}]},{"@type":"ImageObject","inLanguage":"es","@id":"https:\/\/ttemsa.com\/industria\/index.php\/webex\/rodillos-locos-alto-desempeno\/#primaryimage","url":"https:\/\/ttemsa.com\/industria\/wp-content\/uploads\/2023\/12\/header_logo.png","contentUrl":"https:\/\/ttemsa.com\/industria\/wp-content\/uploads\/2023\/12\/header_logo.png"},{"@type":"BreadcrumbList","@id":"https:\/\/ttemsa.com\/industria\/index.php\/webex\/rodillos-locos-alto-desempeno\/#breadcrumb","itemListElement":[{"@type":"ListItem","position":1,"name":"Inicio","item":"https:\/\/ttemsa.com\/industria\/"},{"@type":"ListItem","position":2,"name":"Webex","item":"https:\/\/ttemsa.com\/industria\/index.php\/webex\/"},{"@type":"ListItem","position":3,"name":"Rodillos Locos Ligeros de Alto Desempe\u00f1o"}]},{"@type":"WebSite","@id":"https:\/\/ttemsa.com\/industria\/#website","url":"https:\/\/ttemsa.com\/industria\/","name":"industria-de-la-conversion.ttemsa","description":"Designed Dianalacazadora.com","alternateName":"ttemsa l\u00edderes en la industria de la conversi\u00f3n","potentialAction":[{"@type":"SearchAction","target":{"@type":"EntryPoint","urlTemplate":"https:\/\/ttemsa.com\/industria\/?s={search_term_string}"},"query-input":{"@type":"PropertyValueSpecification","valueRequired":true,"valueName":"search_term_string"}}],"inLanguage":"es"}]}},"_links":{"self":[{"href":"https:\/\/ttemsa.com\/industria\/index.php\/wp-json\/wp\/v2\/pages\/1250","targetHints":{"allow":["GET"]}}],"collection":[{"href":"https:\/\/ttemsa.com\/industria\/index.php\/wp-json\/wp\/v2\/pages"}],"about":[{"href":"https:\/\/ttemsa.com\/industria\/index.php\/wp-json\/wp\/v2\/types\/page"}],"author":[{"embeddable":true,"href":"https:\/\/ttemsa.com\/industria\/index.php\/wp-json\/wp\/v2\/users\/1"}],"replies":[{"embeddable":true,"href":"https:\/\/ttemsa.com\/industria\/index.php\/wp-json\/wp\/v2\/comments?post=1250"}],"version-history":[{"count":3,"href":"https:\/\/ttemsa.com\/industria\/index.php\/wp-json\/wp\/v2\/pages\/1250\/revisions"}],"predecessor-version":[{"id":2949,"href":"https:\/\/ttemsa.com\/industria\/index.php\/wp-json\/wp\/v2\/pages\/1250\/revisions\/2949"}],"up":[{"embeddable":true,"href":"https:\/\/ttemsa.com\/industria\/index.php\/wp-json\/wp\/v2\/pages\/16"}],"wp:attachment":[{"href":"https:\/\/ttemsa.com\/industria\/index.php\/wp-json\/wp\/v2\/media?parent=1250"}],"wp:term":[{"taxonomy":"category","embeddable":true,"href":"https:\/\/ttemsa.com\/industria\/index.php\/wp-json\/wp\/v2\/categories?post=1250"},{"taxonomy":"post_tag","embeddable":true,"href":"https:\/\/ttemsa.com\/industria\/index.php\/wp-json\/wp\/v2\/tags?post=1250"}],"curies":[{"name":"wp","href":"https:\/\/api.w.org\/{rel}","templated":true}]}}