{"id":1456,"date":"2024-03-01T18:57:44","date_gmt":"2024-03-01T18:57:44","guid":{"rendered":"https:\/\/ttemsa.com\/industria\/index.php\/webex\/catalogo-general-winertia-copy\/"},"modified":"2024-09-05T23:41:36","modified_gmt":"2024-09-05T23:41:36","slug":"winertia-av-air-vent","status":"publish","type":"page","link":"https:\/\/ttemsa.com\/industria\/index.php\/winertia\/winertia-av-air-vent\/","title":{"rendered":"WINertia AV Air Vent"},"content":{"rendered":"<div class=\"wp-block-image\">\n<figure class=\"alignleft size-large is-resized\"><img loading=\"lazy\" decoding=\"async\" width=\"1024\" height=\"284\" src=\"https:\/\/ttemsa.com\/industria\/wp-content\/uploads\/2024\/03\/WINertiaAV-large-1024x284.png\" alt=\"\" class=\"wp-image-1896\" style=\"width:812px;height:auto\" srcset=\"https:\/\/ttemsa.com\/industria\/wp-content\/uploads\/2024\/03\/WINertiaAV-large-1024x284.png 1024w, https:\/\/ttemsa.com\/industria\/wp-content\/uploads\/2024\/03\/WINertiaAV-large-300x83.png 300w, https:\/\/ttemsa.com\/industria\/wp-content\/uploads\/2024\/03\/WINertiaAV-large-768x213.png 768w, https:\/\/ttemsa.com\/industria\/wp-content\/uploads\/2024\/03\/WINertiaAV-large.png 1260w\" sizes=\"auto, (max-width: 1024px) 100vw, 1024px\" \/><\/figure>\n<\/div>\n\n\n<h1 class=\"wp-block-heading\">Rodillo de aluminio de eje muerto con respiraderos de aire AV de WINertia\u2122<\/h1>\n\n\n\n<p>Funciona hasta 7,5 veces m\u00e1s r\u00e1pido con nuestra tecnolog\u00eda de rodillos patentada.<\/p>\n\n\n\n<p>Inigualable manejo de bandas.<\/p>\n\n\n\n<p>Balanceo incomparable.<\/p>\n\n\n\n<p>Entregas puntuales.<\/p>\n\n\n\n<p>WINertia\u2122 AV Air Vent &#8211; Aluminum Dead Shaft Idler<\/p>\n\n\n<div class=\"wp-block-image\">\n<figure class=\"aligncenter size-full\"><img loading=\"lazy\" decoding=\"async\" width=\"500\" height=\"333\" src=\"https:\/\/ttemsa.com\/industria\/wp-content\/uploads\/2024\/03\/Wineria_ani_vx.gif\" alt=\"\" class=\"wp-image-1897\"\/><\/figure>\n<\/div>\n\n\n<p>Los rodillos locos de flecha muerta c\u00f3nicos The WINertiaTM AV mantienen constante tracci\u00f3n en los rodillos locos de aluminio de flecha muerta WINertiaTM AV de altas velocidades de banda, son construidos en \u201cAir Vents\u201d que remueve aire atrapado 7.5 veces m\u00e1s r\u00e1pido que cualquier otro rodillo loco en el mercado.<\/p>\n\n\n\n<p>Con 15 veces la capacidad de estacionamiento de aire, nuestro rodillo de eje muerto ventilado mantiene tracci\u00f3n constante.<\/p>\n\n\n\n<p>Elimina los problemas de rayado, deslizamiento, agrupamiento y movimiento de sitio a sitio de la banda.<\/p>\n\n\n\n<p>El WINertiaTM AV supera el ranurado en espiral, corchos, cintas de goma y rodillos locos est\u00e1ndar.<\/p>\n\n\n\n<p>El WINertiaTM puede ser usado en muchas aplicaciones de rodillos locos.<\/p>\n\n\n\n<p>Se utiliza el WINertiaTM AV en codificadores, rebobinadores, impresores de alta velocidad, y equipo de conversi\u00f3n corriendo a velocidades de 500 a 3400FPM.<\/p>\n\n\n\n<p>Los resultados del tercer grupo de pruebas independientes prueban que los rodillos locos de aluminio de flecha muerta WINertiaTM mantienen constante tracci\u00f3n de banda a trav\u00e9s de m\u00faltiples velocidades de banda.<\/p>\n\n\n\n<p>Los rodillos locos equipados con otra tecnolog\u00eda pierden tracci\u00f3n y deslizamiento debido al aire atrapado entre la banda y el rodillo loco.<\/p>\n\n\n\n<ul class=\"wp-block-list\">\n<li><\/li>\n<\/ul>\n\n\n\n<figure class=\"wp-block-image size-large is-resized\"><img loading=\"lazy\" decoding=\"async\" width=\"1024\" height=\"392\" src=\"https:\/\/ttemsa.com\/industria\/wp-content\/uploads\/2024\/03\/Captura-de-pantalla-2024-03-02-a-las-8.22.29-a.m-1024x392.png\" alt=\"\" class=\"wp-image-1898\" style=\"width:993px;height:auto\" srcset=\"https:\/\/ttemsa.com\/industria\/wp-content\/uploads\/2024\/03\/Captura-de-pantalla-2024-03-02-a-las-8.22.29-a.m-1024x392.png 1024w, https:\/\/ttemsa.com\/industria\/wp-content\/uploads\/2024\/03\/Captura-de-pantalla-2024-03-02-a-las-8.22.29-a.m-300x115.png 300w, https:\/\/ttemsa.com\/industria\/wp-content\/uploads\/2024\/03\/Captura-de-pantalla-2024-03-02-a-las-8.22.29-a.m-768x294.png 768w, https:\/\/ttemsa.com\/industria\/wp-content\/uploads\/2024\/03\/Captura-de-pantalla-2024-03-02-a-las-8.22.29-a.m.png 1289w\" sizes=\"auto, (max-width: 1024px) 100vw, 1024px\" \/><\/figure>\n","protected":false},"excerpt":{"rendered":"<p>Rodillo de aluminio de eje muerto con respiraderos de aire AV de WINertia\u2122 Funciona hasta 7,5 veces m\u00e1s r\u00e1pido con nuestra tecnolog\u00eda de rodillos patentada. Inigualable manejo de bandas. Balanceo incomparable. Entregas puntuales. WINertia\u2122 AV Air Vent &#8211; Aluminum Dead Shaft Idler Los rodillos locos de flecha muerta c\u00f3nicos The WINertiaTM AV mantienen constante tracci\u00f3n [&hellip;]<\/p>\n","protected":false},"author":1,"featured_media":0,"parent":17,"menu_order":0,"comment_status":"closed","ping_status":"closed","template":"","meta":{"content-type":"","footnotes":""},"categories":[25],"tags":[],"class_list":["post-1456","page","type-page","status-publish","hentry","category-winertia"],"yoast_head":"<!-- This site is optimized with the Yoast SEO plugin v26.6 - https:\/\/yoast.com\/wordpress\/plugins\/seo\/ -->\n<title>WINertia AV Air Vent - industria-de-la-conversion.ttemsa<\/title>\n<meta name=\"description\" content=\"Rodillo de aluminio de eje muerto con respiraderos de aire AV de WINertia\u2122Funciona hasta 7,5 veces m\u00e1s r\u00e1pido con nuestra tecnolog\u00eda de rodillos patentada.Inigualable manejo de bandas.Balanceo incomparable.Entregas puntuales.\" \/>\n<meta name=\"robots\" content=\"index, follow, max-snippet:-1, max-image-preview:large, max-video-preview:-1\" \/>\n<link rel=\"canonical\" href=\"https:\/\/ttemsa.com\/industria\/index.php\/winertia\/winertia-av-air-vent\/\" \/>\n<meta property=\"og:locale\" content=\"es_MX\" \/>\n<meta property=\"og:type\" content=\"article\" \/>\n<meta property=\"og:title\" content=\"Rodillo de aluminio de eje muerto con respiraderos de aire AV de WINertia\" \/>\n<meta property=\"og:description\" content=\"Funciona hasta 7,5 veces m\u00e1s r\u00e1pido con nuestra tecnolog\u00eda de rodillos patentada.Inigualable manejo de bandas.Balanceo incomparable.Entregas puntuales.\" \/>\n<meta property=\"og:url\" content=\"https:\/\/ttemsa.com\/industria\/index.php\/winertia\/winertia-av-air-vent\/\" \/>\n<meta property=\"og:site_name\" content=\"industria-de-la-conversion.ttemsa\" \/>\n<meta property=\"article:modified_time\" content=\"2024-09-05T23:41:36+00:00\" \/>\n<meta property=\"og:image\" content=\"https:\/\/ttemsa.com\/industria\/wp-content\/uploads\/2024\/03\/componex-WINertia-400aluminum-dead-shaft-idler.jpg\" \/>\n\t<meta property=\"og:image:width\" content=\"600\" \/>\n\t<meta property=\"og:image:height\" content=\"420\" \/>\n\t<meta property=\"og:image:type\" content=\"image\/jpeg\" \/>\n<meta name=\"twitter:card\" content=\"summary_large_image\" \/>\n<meta name=\"twitter:label1\" content=\"Tiempo de lectura\" \/>\n\t<meta name=\"twitter:data1\" content=\"2 minutos\" \/>\n<script type=\"application\/ld+json\" class=\"yoast-schema-graph\">{\"@context\":\"https:\/\/schema.org\",\"@graph\":[{\"@type\":\"WebPage\",\"@id\":\"https:\/\/ttemsa.com\/industria\/index.php\/winertia\/winertia-av-air-vent\/\",\"url\":\"https:\/\/ttemsa.com\/industria\/index.php\/winertia\/winertia-av-air-vent\/\",\"name\":\"WINertia AV Air Vent - industria-de-la-conversion.ttemsa\",\"isPartOf\":{\"@id\":\"https:\/\/ttemsa.com\/industria\/#website\"},\"primaryImageOfPage\":{\"@id\":\"https:\/\/ttemsa.com\/industria\/index.php\/winertia\/winertia-av-air-vent\/#primaryimage\"},\"image\":{\"@id\":\"https:\/\/ttemsa.com\/industria\/index.php\/winertia\/winertia-av-air-vent\/#primaryimage\"},\"thumbnailUrl\":\"https:\/\/ttemsa.com\/industria\/wp-content\/uploads\/2024\/03\/WINertiaAV-large-1024x284.png\",\"datePublished\":\"2024-03-01T18:57:44+00:00\",\"dateModified\":\"2024-09-05T23:41:36+00:00\",\"description\":\"Rodillo de aluminio de eje muerto con respiraderos de aire AV de WINertia\u2122Funciona hasta 7,5 veces m\u00e1s r\u00e1pido con nuestra tecnolog\u00eda de rodillos patentada.Inigualable manejo de bandas.Balanceo incomparable.Entregas puntuales.\",\"breadcrumb\":{\"@id\":\"https:\/\/ttemsa.com\/industria\/index.php\/winertia\/winertia-av-air-vent\/#breadcrumb\"},\"inLanguage\":\"es\",\"potentialAction\":[{\"@type\":\"ReadAction\",\"target\":[\"https:\/\/ttemsa.com\/industria\/index.php\/winertia\/winertia-av-air-vent\/\"]}]},{\"@type\":\"ImageObject\",\"inLanguage\":\"es\",\"@id\":\"https:\/\/ttemsa.com\/industria\/index.php\/winertia\/winertia-av-air-vent\/#primaryimage\",\"url\":\"https:\/\/ttemsa.com\/industria\/wp-content\/uploads\/2024\/03\/WINertiaAV-large.png\",\"contentUrl\":\"https:\/\/ttemsa.com\/industria\/wp-content\/uploads\/2024\/03\/WINertiaAV-large.png\",\"width\":1260,\"height\":350},{\"@type\":\"BreadcrumbList\",\"@id\":\"https:\/\/ttemsa.com\/industria\/index.php\/winertia\/winertia-av-air-vent\/#breadcrumb\",\"itemListElement\":[{\"@type\":\"ListItem\",\"position\":1,\"name\":\"Inicio\",\"item\":\"https:\/\/ttemsa.com\/industria\/\"},{\"@type\":\"ListItem\",\"position\":2,\"name\":\"WINERTIA\",\"item\":\"https:\/\/ttemsa.com\/industria\/index.php\/winertia\/\"},{\"@type\":\"ListItem\",\"position\":3,\"name\":\"WINertia AV Air Vent\"}]},{\"@type\":\"WebSite\",\"@id\":\"https:\/\/ttemsa.com\/industria\/#website\",\"url\":\"https:\/\/ttemsa.com\/industria\/\",\"name\":\"industria-de-la-conversion.ttemsa\",\"description\":\"Designed Dianalacazadora.com\",\"alternateName\":\"ttemsa l\u00edderes en la industria de la conversi\u00f3n\",\"potentialAction\":[{\"@type\":\"SearchAction\",\"target\":{\"@type\":\"EntryPoint\",\"urlTemplate\":\"https:\/\/ttemsa.com\/industria\/?s={search_term_string}\"},\"query-input\":{\"@type\":\"PropertyValueSpecification\",\"valueRequired\":true,\"valueName\":\"search_term_string\"}}],\"inLanguage\":\"es\"}]}<\/script>\n<!-- \/ Yoast SEO plugin. -->","yoast_head_json":{"title":"WINertia AV Air Vent - industria-de-la-conversion.ttemsa","description":"Rodillo de aluminio de eje muerto con respiraderos de aire AV de WINertia\u2122Funciona hasta 7,5 veces m\u00e1s r\u00e1pido con nuestra tecnolog\u00eda de rodillos patentada.Inigualable manejo de bandas.Balanceo incomparable.Entregas puntuales.","robots":{"index":"index","follow":"follow","max-snippet":"max-snippet:-1","max-image-preview":"max-image-preview:large","max-video-preview":"max-video-preview:-1"},"canonical":"https:\/\/ttemsa.com\/industria\/index.php\/winertia\/winertia-av-air-vent\/","og_locale":"es_MX","og_type":"article","og_title":"Rodillo de aluminio de eje muerto con respiraderos de aire AV de WINertia","og_description":"Funciona hasta 7,5 veces m\u00e1s r\u00e1pido con nuestra tecnolog\u00eda de rodillos patentada.Inigualable manejo de bandas.Balanceo incomparable.Entregas puntuales.","og_url":"https:\/\/ttemsa.com\/industria\/index.php\/winertia\/winertia-av-air-vent\/","og_site_name":"industria-de-la-conversion.ttemsa","article_modified_time":"2024-09-05T23:41:36+00:00","og_image":[{"width":600,"height":420,"url":"https:\/\/ttemsa.com\/industria\/wp-content\/uploads\/2024\/03\/componex-WINertia-400aluminum-dead-shaft-idler.jpg","type":"image\/jpeg"}],"twitter_card":"summary_large_image","twitter_misc":{"Tiempo de lectura":"2 minutos"},"schema":{"@context":"https:\/\/schema.org","@graph":[{"@type":"WebPage","@id":"https:\/\/ttemsa.com\/industria\/index.php\/winertia\/winertia-av-air-vent\/","url":"https:\/\/ttemsa.com\/industria\/index.php\/winertia\/winertia-av-air-vent\/","name":"WINertia AV Air Vent - industria-de-la-conversion.ttemsa","isPartOf":{"@id":"https:\/\/ttemsa.com\/industria\/#website"},"primaryImageOfPage":{"@id":"https:\/\/ttemsa.com\/industria\/index.php\/winertia\/winertia-av-air-vent\/#primaryimage"},"image":{"@id":"https:\/\/ttemsa.com\/industria\/index.php\/winertia\/winertia-av-air-vent\/#primaryimage"},"thumbnailUrl":"https:\/\/ttemsa.com\/industria\/wp-content\/uploads\/2024\/03\/WINertiaAV-large-1024x284.png","datePublished":"2024-03-01T18:57:44+00:00","dateModified":"2024-09-05T23:41:36+00:00","description":"Rodillo de aluminio de eje muerto con respiraderos de aire AV de WINertia\u2122Funciona hasta 7,5 veces m\u00e1s r\u00e1pido con nuestra tecnolog\u00eda de rodillos patentada.Inigualable manejo de bandas.Balanceo incomparable.Entregas puntuales.","breadcrumb":{"@id":"https:\/\/ttemsa.com\/industria\/index.php\/winertia\/winertia-av-air-vent\/#breadcrumb"},"inLanguage":"es","potentialAction":[{"@type":"ReadAction","target":["https:\/\/ttemsa.com\/industria\/index.php\/winertia\/winertia-av-air-vent\/"]}]},{"@type":"ImageObject","inLanguage":"es","@id":"https:\/\/ttemsa.com\/industria\/index.php\/winertia\/winertia-av-air-vent\/#primaryimage","url":"https:\/\/ttemsa.com\/industria\/wp-content\/uploads\/2024\/03\/WINertiaAV-large.png","contentUrl":"https:\/\/ttemsa.com\/industria\/wp-content\/uploads\/2024\/03\/WINertiaAV-large.png","width":1260,"height":350},{"@type":"BreadcrumbList","@id":"https:\/\/ttemsa.com\/industria\/index.php\/winertia\/winertia-av-air-vent\/#breadcrumb","itemListElement":[{"@type":"ListItem","position":1,"name":"Inicio","item":"https:\/\/ttemsa.com\/industria\/"},{"@type":"ListItem","position":2,"name":"WINERTIA","item":"https:\/\/ttemsa.com\/industria\/index.php\/winertia\/"},{"@type":"ListItem","position":3,"name":"WINertia AV Air Vent"}]},{"@type":"WebSite","@id":"https:\/\/ttemsa.com\/industria\/#website","url":"https:\/\/ttemsa.com\/industria\/","name":"industria-de-la-conversion.ttemsa","description":"Designed Dianalacazadora.com","alternateName":"ttemsa l\u00edderes en la industria de la conversi\u00f3n","potentialAction":[{"@type":"SearchAction","target":{"@type":"EntryPoint","urlTemplate":"https:\/\/ttemsa.com\/industria\/?s={search_term_string}"},"query-input":{"@type":"PropertyValueSpecification","valueRequired":true,"valueName":"search_term_string"}}],"inLanguage":"es"}]}},"_links":{"self":[{"href":"https:\/\/ttemsa.com\/industria\/index.php\/wp-json\/wp\/v2\/pages\/1456","targetHints":{"allow":["GET"]}}],"collection":[{"href":"https:\/\/ttemsa.com\/industria\/index.php\/wp-json\/wp\/v2\/pages"}],"about":[{"href":"https:\/\/ttemsa.com\/industria\/index.php\/wp-json\/wp\/v2\/types\/page"}],"author":[{"embeddable":true,"href":"https:\/\/ttemsa.com\/industria\/index.php\/wp-json\/wp\/v2\/users\/1"}],"replies":[{"embeddable":true,"href":"https:\/\/ttemsa.com\/industria\/index.php\/wp-json\/wp\/v2\/comments?post=1456"}],"version-history":[{"count":3,"href":"https:\/\/ttemsa.com\/industria\/index.php\/wp-json\/wp\/v2\/pages\/1456\/revisions"}],"predecessor-version":[{"id":1902,"href":"https:\/\/ttemsa.com\/industria\/index.php\/wp-json\/wp\/v2\/pages\/1456\/revisions\/1902"}],"up":[{"embeddable":true,"href":"https:\/\/ttemsa.com\/industria\/index.php\/wp-json\/wp\/v2\/pages\/17"}],"wp:attachment":[{"href":"https:\/\/ttemsa.com\/industria\/index.php\/wp-json\/wp\/v2\/media?parent=1456"}],"wp:term":[{"taxonomy":"category","embeddable":true,"href":"https:\/\/ttemsa.com\/industria\/index.php\/wp-json\/wp\/v2\/categories?post=1456"},{"taxonomy":"post_tag","embeddable":true,"href":"https:\/\/ttemsa.com\/industria\/index.php\/wp-json\/wp\/v2\/tags?post=1456"}],"curies":[{"name":"wp","href":"https:\/\/api.w.org\/{rel}","templated":true}]}}