{"id":1458,"date":"2024-03-01T18:58:17","date_gmt":"2024-03-01T18:58:17","guid":{"rendered":"https:\/\/ttemsa.com\/industria\/index.php\/webex\/winertia-av-air-vent-copy\/"},"modified":"2024-09-05T23:41:52","modified_gmt":"2024-09-05T23:41:52","slug":"winertia-av-spreader-roll","status":"publish","type":"page","link":"https:\/\/ttemsa.com\/industria\/index.php\/winertia\/winertia-av-spreader-roll\/","title":{"rendered":"WINertia AV Spreader Roll"},"content":{"rendered":"\n<figure class=\"wp-block-image size-large is-resized\"><img loading=\"lazy\" decoding=\"async\" width=\"1024\" height=\"284\" src=\"https:\/\/ttemsa.com\/industria\/wp-content\/uploads\/2024\/03\/WINertia-AV-Spreader-Roll-large-1024x284.png\" alt=\"\" class=\"wp-image-1909\" style=\"width:921px;height:auto\" srcset=\"https:\/\/ttemsa.com\/industria\/wp-content\/uploads\/2024\/03\/WINertia-AV-Spreader-Roll-large-1024x284.png 1024w, https:\/\/ttemsa.com\/industria\/wp-content\/uploads\/2024\/03\/WINertia-AV-Spreader-Roll-large-300x83.png 300w, https:\/\/ttemsa.com\/industria\/wp-content\/uploads\/2024\/03\/WINertia-AV-Spreader-Roll-large-768x213.png 768w, https:\/\/ttemsa.com\/industria\/wp-content\/uploads\/2024\/03\/WINertia-AV-Spreader-Roll-large.png 1260w\" sizes=\"auto, (max-width: 1024px) 100vw, 1024px\" \/><\/figure>\n\n\n\n<p><strong>The WINertia\u2122 AV Spreader Roll with Reverse Crown<\/strong><\/p>\n\n\n\n<p>The WINertia\u2122 AV Spreader Roll with Reverse Crown \u00a1El \u201cWINertia\u2122 AV Spreader Roll\u201d con perfil de \u201creverse crown\u201d quita las arrugas! \u201cWINertia\u2122 AV Spreader Roll\u201d se crea mecanizando un cono al centro del rodillo loco \u201cWINertia AV\u201d para un perfil \u201cReverse Crown\u201d.<\/p>\n\n\n\n<p>El rodillo de flecha muerta c\u00f3nico crea un largo di\u00e1metro al borde exterior y un peque\u00f1o di\u00e1metro al centro del rodillo.<\/p>\n\n\n\n<p>Este dise\u00f1o crea una gran velocidad de superficie al final del rodillo.<\/p>\n\n\n\n<p>El resultado es una distribuci\u00f3n de tensi\u00f3n de banda que se propaga de la banda del centro hac\u00eda afuera.<\/p>\n\n\n<div class=\"wp-block-image\">\n<figure class=\"aligncenter size-full\"><img loading=\"lazy\" decoding=\"async\" width=\"432\" height=\"360\" src=\"https:\/\/ttemsa.com\/industria\/wp-content\/uploads\/2024\/03\/Reverse-Crown-anmi-432px.gif\" alt=\"\" class=\"wp-image-1911\"\/><\/figure>\n<\/div>","protected":false},"excerpt":{"rendered":"<p>The WINertia\u2122 AV Spreader Roll with Reverse Crown The WINertia\u2122 AV Spreader Roll with Reverse Crown \u00a1El \u201cWINertia\u2122 AV Spreader Roll\u201d con perfil de \u201creverse crown\u201d quita las arrugas! \u201cWINertia\u2122 AV Spreader Roll\u201d se crea mecanizando un cono al centro del rodillo loco \u201cWINertia AV\u201d para un perfil \u201cReverse Crown\u201d. El rodillo de flecha muerta [&hellip;]<\/p>\n","protected":false},"author":1,"featured_media":0,"parent":17,"menu_order":0,"comment_status":"closed","ping_status":"closed","template":"","meta":{"content-type":"","footnotes":""},"categories":[25],"tags":[],"class_list":["post-1458","page","type-page","status-publish","hentry","category-winertia"],"yoast_head":"<!-- This site is optimized with the Yoast SEO plugin v26.6 - https:\/\/yoast.com\/wordpress\/plugins\/seo\/ -->\n<title>WINertia AV Spreader Roll - industria-de-la-conversion.ttemsa<\/title>\n<meta name=\"description\" content=\"The WINertia\u2122 AV Spreader Roll with Reverse Crown \u00a1El \u201cWINertia\u2122 AV Spreader Roll\u201d con perfil de \u201creverse crown\u201d quita las arrugas!\" \/>\n<meta name=\"robots\" content=\"index, follow, max-snippet:-1, max-image-preview:large, max-video-preview:-1\" \/>\n<link rel=\"canonical\" href=\"https:\/\/ttemsa.com\/industria\/index.php\/winertia\/winertia-av-spreader-roll\/\" \/>\n<meta property=\"og:locale\" content=\"es_MX\" \/>\n<meta property=\"og:type\" content=\"article\" \/>\n<meta property=\"og:title\" content=\"Soluciones en rodillos de precisi\u00f3n\" \/>\n<meta property=\"og:description\" content=\"The WINertia\u2122 AV Spreader Roll with Reverse Crown \u00a1El \u201cWINertia\u2122 AV Spreader Roll\u201d con perfil de \u201creverse crown\u201d quita las arrugas!\" \/>\n<meta property=\"og:url\" content=\"https:\/\/ttemsa.com\/industria\/index.php\/winertia\/winertia-av-spreader-roll\/\" \/>\n<meta property=\"og:site_name\" content=\"industria-de-la-conversion.ttemsa\" \/>\n<meta property=\"article:modified_time\" content=\"2024-09-05T23:41:52+00:00\" \/>\n<meta property=\"og:image\" content=\"https:\/\/ttemsa.com\/industria\/wp-content\/uploads\/2024\/03\/av.png\" \/>\n\t<meta property=\"og:image:width\" content=\"314\" \/>\n\t<meta property=\"og:image:height\" content=\"276\" \/>\n\t<meta property=\"og:image:type\" content=\"image\/png\" \/>\n<meta name=\"twitter:card\" content=\"summary_large_image\" \/>\n<meta name=\"twitter:label1\" content=\"Tiempo de lectura\" \/>\n\t<meta name=\"twitter:data1\" content=\"1 minuto\" \/>\n<script type=\"application\/ld+json\" class=\"yoast-schema-graph\">{\"@context\":\"https:\/\/schema.org\",\"@graph\":[{\"@type\":\"WebPage\",\"@id\":\"https:\/\/ttemsa.com\/industria\/index.php\/winertia\/winertia-av-spreader-roll\/\",\"url\":\"https:\/\/ttemsa.com\/industria\/index.php\/winertia\/winertia-av-spreader-roll\/\",\"name\":\"WINertia AV Spreader Roll - industria-de-la-conversion.ttemsa\",\"isPartOf\":{\"@id\":\"https:\/\/ttemsa.com\/industria\/#website\"},\"primaryImageOfPage\":{\"@id\":\"https:\/\/ttemsa.com\/industria\/index.php\/winertia\/winertia-av-spreader-roll\/#primaryimage\"},\"image\":{\"@id\":\"https:\/\/ttemsa.com\/industria\/index.php\/winertia\/winertia-av-spreader-roll\/#primaryimage\"},\"thumbnailUrl\":\"https:\/\/ttemsa.com\/industria\/wp-content\/uploads\/2024\/03\/WINertia-AV-Spreader-Roll-large-1024x284.png\",\"datePublished\":\"2024-03-01T18:58:17+00:00\",\"dateModified\":\"2024-09-05T23:41:52+00:00\",\"description\":\"The WINertia\u2122 AV Spreader Roll with Reverse Crown \u00a1El \u201cWINertia\u2122 AV Spreader Roll\u201d con perfil de \u201creverse crown\u201d quita las arrugas!\",\"breadcrumb\":{\"@id\":\"https:\/\/ttemsa.com\/industria\/index.php\/winertia\/winertia-av-spreader-roll\/#breadcrumb\"},\"inLanguage\":\"es\",\"potentialAction\":[{\"@type\":\"ReadAction\",\"target\":[\"https:\/\/ttemsa.com\/industria\/index.php\/winertia\/winertia-av-spreader-roll\/\"]}]},{\"@type\":\"ImageObject\",\"inLanguage\":\"es\",\"@id\":\"https:\/\/ttemsa.com\/industria\/index.php\/winertia\/winertia-av-spreader-roll\/#primaryimage\",\"url\":\"https:\/\/ttemsa.com\/industria\/wp-content\/uploads\/2024\/03\/WINertia-AV-Spreader-Roll-large.png\",\"contentUrl\":\"https:\/\/ttemsa.com\/industria\/wp-content\/uploads\/2024\/03\/WINertia-AV-Spreader-Roll-large.png\",\"width\":1260,\"height\":350},{\"@type\":\"BreadcrumbList\",\"@id\":\"https:\/\/ttemsa.com\/industria\/index.php\/winertia\/winertia-av-spreader-roll\/#breadcrumb\",\"itemListElement\":[{\"@type\":\"ListItem\",\"position\":1,\"name\":\"Inicio\",\"item\":\"https:\/\/ttemsa.com\/industria\/\"},{\"@type\":\"ListItem\",\"position\":2,\"name\":\"WINERTIA\",\"item\":\"https:\/\/ttemsa.com\/industria\/index.php\/winertia\/\"},{\"@type\":\"ListItem\",\"position\":3,\"name\":\"WINertia AV Spreader Roll\"}]},{\"@type\":\"WebSite\",\"@id\":\"https:\/\/ttemsa.com\/industria\/#website\",\"url\":\"https:\/\/ttemsa.com\/industria\/\",\"name\":\"industria-de-la-conversion.ttemsa\",\"description\":\"Designed Dianalacazadora.com\",\"alternateName\":\"ttemsa l\u00edderes en la industria de la conversi\u00f3n\",\"potentialAction\":[{\"@type\":\"SearchAction\",\"target\":{\"@type\":\"EntryPoint\",\"urlTemplate\":\"https:\/\/ttemsa.com\/industria\/?s={search_term_string}\"},\"query-input\":{\"@type\":\"PropertyValueSpecification\",\"valueRequired\":true,\"valueName\":\"search_term_string\"}}],\"inLanguage\":\"es\"}]}<\/script>\n<!-- \/ Yoast SEO plugin. -->","yoast_head_json":{"title":"WINertia AV Spreader Roll - industria-de-la-conversion.ttemsa","description":"The WINertia\u2122 AV Spreader Roll with Reverse Crown \u00a1El \u201cWINertia\u2122 AV Spreader Roll\u201d con perfil de \u201creverse crown\u201d quita las arrugas!","robots":{"index":"index","follow":"follow","max-snippet":"max-snippet:-1","max-image-preview":"max-image-preview:large","max-video-preview":"max-video-preview:-1"},"canonical":"https:\/\/ttemsa.com\/industria\/index.php\/winertia\/winertia-av-spreader-roll\/","og_locale":"es_MX","og_type":"article","og_title":"Soluciones en rodillos de precisi\u00f3n","og_description":"The WINertia\u2122 AV Spreader Roll with Reverse Crown \u00a1El \u201cWINertia\u2122 AV Spreader Roll\u201d con perfil de \u201creverse crown\u201d quita las arrugas!","og_url":"https:\/\/ttemsa.com\/industria\/index.php\/winertia\/winertia-av-spreader-roll\/","og_site_name":"industria-de-la-conversion.ttemsa","article_modified_time":"2024-09-05T23:41:52+00:00","og_image":[{"width":314,"height":276,"url":"https:\/\/ttemsa.com\/industria\/wp-content\/uploads\/2024\/03\/av.png","type":"image\/png"}],"twitter_card":"summary_large_image","twitter_misc":{"Tiempo de lectura":"1 minuto"},"schema":{"@context":"https:\/\/schema.org","@graph":[{"@type":"WebPage","@id":"https:\/\/ttemsa.com\/industria\/index.php\/winertia\/winertia-av-spreader-roll\/","url":"https:\/\/ttemsa.com\/industria\/index.php\/winertia\/winertia-av-spreader-roll\/","name":"WINertia AV Spreader Roll - industria-de-la-conversion.ttemsa","isPartOf":{"@id":"https:\/\/ttemsa.com\/industria\/#website"},"primaryImageOfPage":{"@id":"https:\/\/ttemsa.com\/industria\/index.php\/winertia\/winertia-av-spreader-roll\/#primaryimage"},"image":{"@id":"https:\/\/ttemsa.com\/industria\/index.php\/winertia\/winertia-av-spreader-roll\/#primaryimage"},"thumbnailUrl":"https:\/\/ttemsa.com\/industria\/wp-content\/uploads\/2024\/03\/WINertia-AV-Spreader-Roll-large-1024x284.png","datePublished":"2024-03-01T18:58:17+00:00","dateModified":"2024-09-05T23:41:52+00:00","description":"The WINertia\u2122 AV Spreader Roll with Reverse Crown \u00a1El \u201cWINertia\u2122 AV Spreader Roll\u201d con perfil de \u201creverse crown\u201d quita las arrugas!","breadcrumb":{"@id":"https:\/\/ttemsa.com\/industria\/index.php\/winertia\/winertia-av-spreader-roll\/#breadcrumb"},"inLanguage":"es","potentialAction":[{"@type":"ReadAction","target":["https:\/\/ttemsa.com\/industria\/index.php\/winertia\/winertia-av-spreader-roll\/"]}]},{"@type":"ImageObject","inLanguage":"es","@id":"https:\/\/ttemsa.com\/industria\/index.php\/winertia\/winertia-av-spreader-roll\/#primaryimage","url":"https:\/\/ttemsa.com\/industria\/wp-content\/uploads\/2024\/03\/WINertia-AV-Spreader-Roll-large.png","contentUrl":"https:\/\/ttemsa.com\/industria\/wp-content\/uploads\/2024\/03\/WINertia-AV-Spreader-Roll-large.png","width":1260,"height":350},{"@type":"BreadcrumbList","@id":"https:\/\/ttemsa.com\/industria\/index.php\/winertia\/winertia-av-spreader-roll\/#breadcrumb","itemListElement":[{"@type":"ListItem","position":1,"name":"Inicio","item":"https:\/\/ttemsa.com\/industria\/"},{"@type":"ListItem","position":2,"name":"WINERTIA","item":"https:\/\/ttemsa.com\/industria\/index.php\/winertia\/"},{"@type":"ListItem","position":3,"name":"WINertia AV Spreader Roll"}]},{"@type":"WebSite","@id":"https:\/\/ttemsa.com\/industria\/#website","url":"https:\/\/ttemsa.com\/industria\/","name":"industria-de-la-conversion.ttemsa","description":"Designed Dianalacazadora.com","alternateName":"ttemsa l\u00edderes en la industria de la conversi\u00f3n","potentialAction":[{"@type":"SearchAction","target":{"@type":"EntryPoint","urlTemplate":"https:\/\/ttemsa.com\/industria\/?s={search_term_string}"},"query-input":{"@type":"PropertyValueSpecification","valueRequired":true,"valueName":"search_term_string"}}],"inLanguage":"es"}]}},"_links":{"self":[{"href":"https:\/\/ttemsa.com\/industria\/index.php\/wp-json\/wp\/v2\/pages\/1458","targetHints":{"allow":["GET"]}}],"collection":[{"href":"https:\/\/ttemsa.com\/industria\/index.php\/wp-json\/wp\/v2\/pages"}],"about":[{"href":"https:\/\/ttemsa.com\/industria\/index.php\/wp-json\/wp\/v2\/types\/page"}],"author":[{"embeddable":true,"href":"https:\/\/ttemsa.com\/industria\/index.php\/wp-json\/wp\/v2\/users\/1"}],"replies":[{"embeddable":true,"href":"https:\/\/ttemsa.com\/industria\/index.php\/wp-json\/wp\/v2\/comments?post=1458"}],"version-history":[{"count":2,"href":"https:\/\/ttemsa.com\/industria\/index.php\/wp-json\/wp\/v2\/pages\/1458\/revisions"}],"predecessor-version":[{"id":1913,"href":"https:\/\/ttemsa.com\/industria\/index.php\/wp-json\/wp\/v2\/pages\/1458\/revisions\/1913"}],"up":[{"embeddable":true,"href":"https:\/\/ttemsa.com\/industria\/index.php\/wp-json\/wp\/v2\/pages\/17"}],"wp:attachment":[{"href":"https:\/\/ttemsa.com\/industria\/index.php\/wp-json\/wp\/v2\/media?parent=1458"}],"wp:term":[{"taxonomy":"category","embeddable":true,"href":"https:\/\/ttemsa.com\/industria\/index.php\/wp-json\/wp\/v2\/categories?post=1458"},{"taxonomy":"post_tag","embeddable":true,"href":"https:\/\/ttemsa.com\/industria\/index.php\/wp-json\/wp\/v2\/tags?post=1458"}],"curies":[{"name":"wp","href":"https:\/\/api.w.org\/{rel}","templated":true}]}}