{"id":1467,"date":"2024-03-01T19:13:43","date_gmt":"2024-03-01T19:13:43","guid":{"rendered":"https:\/\/ttemsa.com\/industria\/index.php\/magpowr-2-copy-copy\/"},"modified":"2024-09-05T22:43:43","modified_gmt":"2024-09-05T22:43:43","slug":"147-transductor-de-corriente-a-presion","status":"publish","type":"page","link":"https:\/\/ttemsa.com\/industria\/index.php\/magpowr-2\/147-transductor-de-corriente-a-presion\/","title":{"rendered":"TRANSDUCTOR DE CORRIENTE A PRESI\u00d3N"},"content":{"rendered":"\n<figure class=\"wp-block-image size-large\"><img loading=\"lazy\" decoding=\"async\" width=\"1024\" height=\"598\" src=\"https:\/\/ttemsa.com\/industria\/wp-content\/uploads\/2023\/12\/3b-1-1024x598.jpg\" alt=\"\" class=\"wp-image-931\" srcset=\"https:\/\/ttemsa.com\/industria\/wp-content\/uploads\/2023\/12\/3b-1-1024x598.jpg 1024w, https:\/\/ttemsa.com\/industria\/wp-content\/uploads\/2023\/12\/3b-1-300x175.jpg 300w, https:\/\/ttemsa.com\/industria\/wp-content\/uploads\/2023\/12\/3b-1-768x449.jpg 768w, https:\/\/ttemsa.com\/industria\/wp-content\/uploads\/2023\/12\/3b-1.jpg 1152w\" sizes=\"auto, (max-width: 1024px) 100vw, 1024px\" \/><\/figure>\n\n\n<div class=\"wp-block-image\">\n<figure class=\"aligncenter size-full is-resized\"><img loading=\"lazy\" decoding=\"async\" width=\"781\" height=\"220\" src=\"https:\/\/ttemsa.com\/industria\/wp-content\/uploads\/2023\/12\/magpowr.jpg\" alt=\"\" class=\"wp-image-806\" style=\"width:221px;height:auto\" srcset=\"https:\/\/ttemsa.com\/industria\/wp-content\/uploads\/2023\/12\/magpowr.jpg 781w, https:\/\/ttemsa.com\/industria\/wp-content\/uploads\/2023\/12\/magpowr-300x85.jpg 300w, https:\/\/ttemsa.com\/industria\/wp-content\/uploads\/2023\/12\/magpowr-768x216.jpg 768w\" sizes=\"auto, (max-width: 781px) 100vw, 781px\" \/><\/figure>\n<\/div>\n\n\n<hr class=\"wp-block-separator has-alpha-channel-opacity\"\/>\n\n\n\n<div class=\"wp-block-media-text is-stacked-on-mobile\"><figure class=\"wp-block-media-text__media\"><img loading=\"lazy\" decoding=\"async\" width=\"753\" height=\"591\" src=\"https:\/\/ttemsa.com\/industria\/wp-content\/uploads\/2023\/12\/4-1.jpg\" alt=\"\" class=\"wp-image-933 size-full\" srcset=\"https:\/\/ttemsa.com\/industria\/wp-content\/uploads\/2023\/12\/4-1.jpg 753w, https:\/\/ttemsa.com\/industria\/wp-content\/uploads\/2023\/12\/4-1-300x235.jpg 300w\" sizes=\"auto, (max-width: 753px) 100vw, 753px\" \/><\/figure><div class=\"wp-block-media-text__content\">\n<p><strong>IPT:&nbsp;<\/strong>se suministra con gabinete filtro y medidor de presi\u00f3n.<\/p>\n\n\n\n<p>Permite recibir se\u00f1al de corriente o de voltaje&nbsp;<\/p>\n<\/div><\/div>\n\n\n\n<p>Es importante tener una&nbsp;<strong>buena tierra f\u00edsica<\/strong>&nbsp;y cuando se tienen suministro de energ\u00eda el\u00e9ctrica con frecuentes&nbsp;<strong>variaciones de voltaje<\/strong>&nbsp;se recomienda utilizar un regulador de voltaje de tipo transformador<\/p>\n\n\n\n<p>A los equipos anteriores hay que proporcionarles una&nbsp;<strong>se\u00f1al de arranque<\/strong>&nbsp;(normalmente abierta a trav\u00e9s de un conector) y de paro (normalmente cerrado), para poder graduar el arranque (aceleraci\u00f3n)&nbsp;<strong>y paro<\/strong>&nbsp;(con sostenimiento de la carga); si la m\u00e1quina no lo puede proporcionar, podemos suministrarle nuestro dispositivo modelo \u201c<strong>SVZ<\/strong>\u201d para proporcionar esta se\u00f1al, el cual lleva un sensor de movimiento.<\/p>\n\n\n\n<p>Tambi\u00e9n se pueden proporcionar aplicaciones de&nbsp;<strong>desenredado o enredado con fuentes de corriente regulada<\/strong>, que son econ\u00f3micas, pero no mantienen la tensi\u00f3n constante.<\/p>\n\n\n\n<figure class=\"wp-block-image size-full\"><img loading=\"lazy\" decoding=\"async\" width=\"588\" height=\"332\" src=\"https:\/\/ttemsa.com\/industria\/wp-content\/uploads\/2023\/12\/Captura-de-pantalla-2023-12-25-a-las-1.27.42-p.m.png\" alt=\"\" class=\"wp-image-934\" srcset=\"https:\/\/ttemsa.com\/industria\/wp-content\/uploads\/2023\/12\/Captura-de-pantalla-2023-12-25-a-las-1.27.42-p.m.png 588w, https:\/\/ttemsa.com\/industria\/wp-content\/uploads\/2023\/12\/Captura-de-pantalla-2023-12-25-a-las-1.27.42-p.m-300x169.png 300w\" sizes=\"auto, (max-width: 588px) 100vw, 588px\" \/><\/figure>\n\n\n\n<figure class=\"wp-block-image size-full\"><img loading=\"lazy\" decoding=\"async\" width=\"616\" height=\"304\" src=\"https:\/\/ttemsa.com\/industria\/wp-content\/uploads\/2023\/12\/Captura-de-pantalla-2023-12-25-a-las-1.27.48-p.m.png\" alt=\"\" class=\"wp-image-935\" srcset=\"https:\/\/ttemsa.com\/industria\/wp-content\/uploads\/2023\/12\/Captura-de-pantalla-2023-12-25-a-las-1.27.48-p.m.png 616w, https:\/\/ttemsa.com\/industria\/wp-content\/uploads\/2023\/12\/Captura-de-pantalla-2023-12-25-a-las-1.27.48-p.m-300x148.png 300w\" sizes=\"auto, (max-width: 616px) 100vw, 616px\" \/><\/figure>\n","protected":false},"excerpt":{"rendered":"<p>IPT:&nbsp;se suministra con gabinete filtro y medidor de presi\u00f3n. Permite recibir se\u00f1al de corriente o de voltaje&nbsp; Es importante tener una&nbsp;buena tierra f\u00edsica&nbsp;y cuando se tienen suministro de energ\u00eda el\u00e9ctrica con frecuentes&nbsp;variaciones de voltaje&nbsp;se recomienda utilizar un regulador de voltaje de tipo transformador A los equipos anteriores hay que proporcionarles una&nbsp;se\u00f1al de arranque&nbsp;(normalmente abierta a [&hellip;]<\/p>\n","protected":false},"author":1,"featured_media":0,"parent":1464,"menu_order":0,"comment_status":"closed","ping_status":"closed","template":"","meta":{"content-type":"","footnotes":""},"categories":[31],"tags":[],"class_list":["post-1467","page","type-page","status-publish","hentry","category-magpowrcat"],"yoast_head":"<!-- This site is optimized with the Yoast SEO plugin v26.6 - https:\/\/yoast.com\/wordpress\/plugins\/seo\/ -->\n<title>TRANSDUCTOR DE CORRIENTE A PRESI\u00d3N - industria-de-la-conversion.ttemsa<\/title>\n<meta name=\"description\" content=\"Transductor de Corriente a Presi\u00f3n IPT: se suministra con gabinete filtro y medidor de presi\u00f3n. Permite recibir se\u00f1al de corriente o de voltaje\" \/>\n<meta name=\"robots\" content=\"index, follow, max-snippet:-1, max-image-preview:large, max-video-preview:-1\" \/>\n<link rel=\"canonical\" href=\"https:\/\/ttemsa.com\/industria\/index.php\/magpowr-2\/147-transductor-de-corriente-a-presion\/\" \/>\n<meta property=\"og:locale\" content=\"es_MX\" \/>\n<meta property=\"og:type\" content=\"article\" \/>\n<meta property=\"og:title\" content=\"Transductor de Corriente a Presi\u00f3n IPT: se suministra con gabinete filtro y medidor de presi\u00f3n. Permite recibir se\u00f1al de corriente o de voltaje\" \/>\n<meta property=\"og:description\" content=\"en ttemsa ofrecemos Soluciones solicite + info Tel\u00e9fonos: + 52 (55) 5352-0191 5352-1301 5352-6070 5352-0593\" \/>\n<meta property=\"og:url\" content=\"https:\/\/ttemsa.com\/industria\/index.php\/magpowr-2\/147-transductor-de-corriente-a-presion\/\" \/>\n<meta property=\"og:site_name\" content=\"industria-de-la-conversion.ttemsa\" \/>\n<meta property=\"article:modified_time\" content=\"2024-09-05T22:43:43+00:00\" \/>\n<meta property=\"og:image\" content=\"https:\/\/ttemsa.com\/industria\/wp-content\/uploads\/2023\/12\/4-1.jpg\" \/>\n\t<meta property=\"og:image:width\" content=\"753\" \/>\n\t<meta property=\"og:image:height\" content=\"591\" \/>\n\t<meta property=\"og:image:type\" content=\"image\/jpeg\" \/>\n<meta name=\"twitter:card\" content=\"summary_large_image\" \/>\n<meta name=\"twitter:label1\" content=\"Tiempo de lectura\" \/>\n\t<meta name=\"twitter:data1\" content=\"2 minutos\" \/>\n<script type=\"application\/ld+json\" class=\"yoast-schema-graph\">{\"@context\":\"https:\/\/schema.org\",\"@graph\":[{\"@type\":\"WebPage\",\"@id\":\"https:\/\/ttemsa.com\/industria\/index.php\/magpowr-2\/147-transductor-de-corriente-a-presion\/\",\"url\":\"https:\/\/ttemsa.com\/industria\/index.php\/magpowr-2\/147-transductor-de-corriente-a-presion\/\",\"name\":\"TRANSDUCTOR DE CORRIENTE A PRESI\u00d3N - industria-de-la-conversion.ttemsa\",\"isPartOf\":{\"@id\":\"https:\/\/ttemsa.com\/industria\/#website\"},\"primaryImageOfPage\":{\"@id\":\"https:\/\/ttemsa.com\/industria\/index.php\/magpowr-2\/147-transductor-de-corriente-a-presion\/#primaryimage\"},\"image\":{\"@id\":\"https:\/\/ttemsa.com\/industria\/index.php\/magpowr-2\/147-transductor-de-corriente-a-presion\/#primaryimage\"},\"thumbnailUrl\":\"https:\/\/ttemsa.com\/industria\/wp-content\/uploads\/2023\/12\/3b-1-1024x598.jpg\",\"datePublished\":\"2024-03-01T19:13:43+00:00\",\"dateModified\":\"2024-09-05T22:43:43+00:00\",\"description\":\"Transductor de Corriente a Presi\u00f3n IPT: se suministra con gabinete filtro y medidor de presi\u00f3n. Permite recibir se\u00f1al de corriente o de voltaje\",\"breadcrumb\":{\"@id\":\"https:\/\/ttemsa.com\/industria\/index.php\/magpowr-2\/147-transductor-de-corriente-a-presion\/#breadcrumb\"},\"inLanguage\":\"es\",\"potentialAction\":[{\"@type\":\"ReadAction\",\"target\":[\"https:\/\/ttemsa.com\/industria\/index.php\/magpowr-2\/147-transductor-de-corriente-a-presion\/\"]}]},{\"@type\":\"ImageObject\",\"inLanguage\":\"es\",\"@id\":\"https:\/\/ttemsa.com\/industria\/index.php\/magpowr-2\/147-transductor-de-corriente-a-presion\/#primaryimage\",\"url\":\"https:\/\/ttemsa.com\/industria\/wp-content\/uploads\/2023\/12\/3b-1.jpg\",\"contentUrl\":\"https:\/\/ttemsa.com\/industria\/wp-content\/uploads\/2023\/12\/3b-1.jpg\",\"width\":1152,\"height\":673},{\"@type\":\"BreadcrumbList\",\"@id\":\"https:\/\/ttemsa.com\/industria\/index.php\/magpowr-2\/147-transductor-de-corriente-a-presion\/#breadcrumb\",\"itemListElement\":[{\"@type\":\"ListItem\",\"position\":1,\"name\":\"Inicio\",\"item\":\"https:\/\/ttemsa.com\/industria\/\"},{\"@type\":\"ListItem\",\"position\":2,\"name\":\"MAGPOWR.\",\"item\":\"https:\/\/ttemsa.com\/industria\/index.php\/magpowr-2\/\"},{\"@type\":\"ListItem\",\"position\":3,\"name\":\"TRANSDUCTOR DE CORRIENTE A PRESI\u00d3N\"}]},{\"@type\":\"WebSite\",\"@id\":\"https:\/\/ttemsa.com\/industria\/#website\",\"url\":\"https:\/\/ttemsa.com\/industria\/\",\"name\":\"industria-de-la-conversion.ttemsa\",\"description\":\"Designed Dianalacazadora.com\",\"alternateName\":\"ttemsa l\u00edderes en la industria de la conversi\u00f3n\",\"potentialAction\":[{\"@type\":\"SearchAction\",\"target\":{\"@type\":\"EntryPoint\",\"urlTemplate\":\"https:\/\/ttemsa.com\/industria\/?s={search_term_string}\"},\"query-input\":{\"@type\":\"PropertyValueSpecification\",\"valueRequired\":true,\"valueName\":\"search_term_string\"}}],\"inLanguage\":\"es\"}]}<\/script>\n<!-- \/ Yoast SEO plugin. -->","yoast_head_json":{"title":"TRANSDUCTOR DE CORRIENTE A PRESI\u00d3N - industria-de-la-conversion.ttemsa","description":"Transductor de Corriente a Presi\u00f3n IPT: se suministra con gabinete filtro y medidor de presi\u00f3n. Permite recibir se\u00f1al de corriente o de voltaje","robots":{"index":"index","follow":"follow","max-snippet":"max-snippet:-1","max-image-preview":"max-image-preview:large","max-video-preview":"max-video-preview:-1"},"canonical":"https:\/\/ttemsa.com\/industria\/index.php\/magpowr-2\/147-transductor-de-corriente-a-presion\/","og_locale":"es_MX","og_type":"article","og_title":"Transductor de Corriente a Presi\u00f3n IPT: se suministra con gabinete filtro y medidor de presi\u00f3n. Permite recibir se\u00f1al de corriente o de voltaje","og_description":"en ttemsa ofrecemos Soluciones solicite + info Tel\u00e9fonos: + 52 (55) 5352-0191 5352-1301 5352-6070 5352-0593","og_url":"https:\/\/ttemsa.com\/industria\/index.php\/magpowr-2\/147-transductor-de-corriente-a-presion\/","og_site_name":"industria-de-la-conversion.ttemsa","article_modified_time":"2024-09-05T22:43:43+00:00","og_image":[{"width":753,"height":591,"url":"https:\/\/ttemsa.com\/industria\/wp-content\/uploads\/2023\/12\/4-1.jpg","type":"image\/jpeg"}],"twitter_card":"summary_large_image","twitter_misc":{"Tiempo de lectura":"2 minutos"},"schema":{"@context":"https:\/\/schema.org","@graph":[{"@type":"WebPage","@id":"https:\/\/ttemsa.com\/industria\/index.php\/magpowr-2\/147-transductor-de-corriente-a-presion\/","url":"https:\/\/ttemsa.com\/industria\/index.php\/magpowr-2\/147-transductor-de-corriente-a-presion\/","name":"TRANSDUCTOR DE CORRIENTE A PRESI\u00d3N - industria-de-la-conversion.ttemsa","isPartOf":{"@id":"https:\/\/ttemsa.com\/industria\/#website"},"primaryImageOfPage":{"@id":"https:\/\/ttemsa.com\/industria\/index.php\/magpowr-2\/147-transductor-de-corriente-a-presion\/#primaryimage"},"image":{"@id":"https:\/\/ttemsa.com\/industria\/index.php\/magpowr-2\/147-transductor-de-corriente-a-presion\/#primaryimage"},"thumbnailUrl":"https:\/\/ttemsa.com\/industria\/wp-content\/uploads\/2023\/12\/3b-1-1024x598.jpg","datePublished":"2024-03-01T19:13:43+00:00","dateModified":"2024-09-05T22:43:43+00:00","description":"Transductor de Corriente a Presi\u00f3n IPT: se suministra con gabinete filtro y medidor de presi\u00f3n. Permite recibir se\u00f1al de corriente o de voltaje","breadcrumb":{"@id":"https:\/\/ttemsa.com\/industria\/index.php\/magpowr-2\/147-transductor-de-corriente-a-presion\/#breadcrumb"},"inLanguage":"es","potentialAction":[{"@type":"ReadAction","target":["https:\/\/ttemsa.com\/industria\/index.php\/magpowr-2\/147-transductor-de-corriente-a-presion\/"]}]},{"@type":"ImageObject","inLanguage":"es","@id":"https:\/\/ttemsa.com\/industria\/index.php\/magpowr-2\/147-transductor-de-corriente-a-presion\/#primaryimage","url":"https:\/\/ttemsa.com\/industria\/wp-content\/uploads\/2023\/12\/3b-1.jpg","contentUrl":"https:\/\/ttemsa.com\/industria\/wp-content\/uploads\/2023\/12\/3b-1.jpg","width":1152,"height":673},{"@type":"BreadcrumbList","@id":"https:\/\/ttemsa.com\/industria\/index.php\/magpowr-2\/147-transductor-de-corriente-a-presion\/#breadcrumb","itemListElement":[{"@type":"ListItem","position":1,"name":"Inicio","item":"https:\/\/ttemsa.com\/industria\/"},{"@type":"ListItem","position":2,"name":"MAGPOWR.","item":"https:\/\/ttemsa.com\/industria\/index.php\/magpowr-2\/"},{"@type":"ListItem","position":3,"name":"TRANSDUCTOR DE CORRIENTE A PRESI\u00d3N"}]},{"@type":"WebSite","@id":"https:\/\/ttemsa.com\/industria\/#website","url":"https:\/\/ttemsa.com\/industria\/","name":"industria-de-la-conversion.ttemsa","description":"Designed Dianalacazadora.com","alternateName":"ttemsa l\u00edderes en la industria de la conversi\u00f3n","potentialAction":[{"@type":"SearchAction","target":{"@type":"EntryPoint","urlTemplate":"https:\/\/ttemsa.com\/industria\/?s={search_term_string}"},"query-input":{"@type":"PropertyValueSpecification","valueRequired":true,"valueName":"search_term_string"}}],"inLanguage":"es"}]}},"_links":{"self":[{"href":"https:\/\/ttemsa.com\/industria\/index.php\/wp-json\/wp\/v2\/pages\/1467","targetHints":{"allow":["GET"]}}],"collection":[{"href":"https:\/\/ttemsa.com\/industria\/index.php\/wp-json\/wp\/v2\/pages"}],"about":[{"href":"https:\/\/ttemsa.com\/industria\/index.php\/wp-json\/wp\/v2\/types\/page"}],"author":[{"embeddable":true,"href":"https:\/\/ttemsa.com\/industria\/index.php\/wp-json\/wp\/v2\/users\/1"}],"replies":[{"embeddable":true,"href":"https:\/\/ttemsa.com\/industria\/index.php\/wp-json\/wp\/v2\/comments?post=1467"}],"version-history":[{"count":2,"href":"https:\/\/ttemsa.com\/industria\/index.php\/wp-json\/wp\/v2\/pages\/1467\/revisions"}],"predecessor-version":[{"id":1955,"href":"https:\/\/ttemsa.com\/industria\/index.php\/wp-json\/wp\/v2\/pages\/1467\/revisions\/1955"}],"up":[{"embeddable":true,"href":"https:\/\/ttemsa.com\/industria\/index.php\/wp-json\/wp\/v2\/pages\/1464"}],"wp:attachment":[{"href":"https:\/\/ttemsa.com\/industria\/index.php\/wp-json\/wp\/v2\/media?parent=1467"}],"wp:term":[{"taxonomy":"category","embeddable":true,"href":"https:\/\/ttemsa.com\/industria\/index.php\/wp-json\/wp\/v2\/categories?post=1467"},{"taxonomy":"post_tag","embeddable":true,"href":"https:\/\/ttemsa.com\/industria\/index.php\/wp-json\/wp\/v2\/tags?post=1467"}],"curies":[{"name":"wp","href":"https:\/\/api.w.org\/{rel}","templated":true}]}}