{"id":1489,"date":"2024-03-01T19:25:25","date_gmt":"2024-03-01T19:25:25","guid":{"rendered":"https:\/\/ttemsa.com\/industria\/index.php\/magpowr-2\/transductor-de-corriente-a-presion-copy\/"},"modified":"2024-09-05T22:50:14","modified_gmt":"2024-09-05T22:50:14","slug":"celdas-de-carga-industriales","status":"publish","type":"page","link":"https:\/\/ttemsa.com\/industria\/index.php\/celdas-de-carga-industriales\/","title":{"rendered":"Sensores y Celdas de carga"},"content":{"rendered":"<div class=\"wp-block-image\">\n<figure class=\"aligncenter size-full\"><img loading=\"lazy\" decoding=\"async\" width=\"591\" height=\"358\" src=\"https:\/\/ttemsa.com\/industria\/wp-content\/uploads\/2023\/12\/TSLoadCellsMAGPOWR.jpg\" alt=\"\" class=\"wp-image-857\" srcset=\"https:\/\/ttemsa.com\/industria\/wp-content\/uploads\/2023\/12\/TSLoadCellsMAGPOWR.jpg 591w, https:\/\/ttemsa.com\/industria\/wp-content\/uploads\/2023\/12\/TSLoadCellsMAGPOWR-300x182.jpg 300w\" sizes=\"auto, (max-width: 591px) 100vw, 591px\" \/><figcaption class=\"wp-element-caption\">Sensores y Celdas de Carga Industriales<\/figcaption><\/figure>\n<\/div>\n\n<div class=\"wp-block-image\">\n<figure class=\"aligncenter size-full is-resized\"><img loading=\"lazy\" decoding=\"async\" width=\"781\" height=\"220\" src=\"https:\/\/ttemsa.com\/industria\/wp-content\/uploads\/2023\/12\/magpowr.jpg\" alt=\"\" class=\"wp-image-806\" style=\"width:221px;height:auto\" srcset=\"https:\/\/ttemsa.com\/industria\/wp-content\/uploads\/2023\/12\/magpowr.jpg 781w, https:\/\/ttemsa.com\/industria\/wp-content\/uploads\/2023\/12\/magpowr-300x85.jpg 300w, https:\/\/ttemsa.com\/industria\/wp-content\/uploads\/2023\/12\/magpowr-768x216.jpg 768w\" sizes=\"auto, (max-width: 781px) 100vw, 781px\" \/><\/figure>\n<\/div>\n\n\n<p>Fabricadas principalmente para medir tensi\u00f3n y para mantener tensi\u00f3n constante al mismo tiempo que mide la tensi\u00f3n, &nbsp;en banda continua cinta \/ cables o tambi\u00e9n para medir la tensi\u00f3n<\/p>\n\n\n\n<p>Proporcionamos una amplia variedad de celdas de carga que van desde 500 gr. hasta 15,000 kg (1.1 a 33,000 lbs); en montajes de pedestal (piso). brida 4 tornillos, montaje de pared con 1 solo tornillo, las llamadas tipo dona, para montaje en cantiliver.&nbsp;Todas fabricadas en puente de&nbsp; Wheatstone completo.<\/p>\n\n\n\n<p><strong>Tipo TS.-<\/strong>&nbsp;En capacidades nominales de 5 a 500 lbs (2.27 a 227 kg. ) para montaje de pedestal, brida 4 tornillos pared de un solo tornillo.&nbsp;Con cople bipartido para sujetar del rodillo. Se puede utilizar rodillo sin o con rodamientos.<\/p>\n\n\n<div class=\"wp-block-image\">\n<figure class=\"alignleft size-full is-resized\"><img loading=\"lazy\" decoding=\"async\" width=\"412\" height=\"199\" src=\"https:\/\/ttemsa.com\/industria\/wp-content\/uploads\/2023\/12\/c1-3.png\" alt=\"\" class=\"wp-image-865\" style=\"width:376px;height:auto\" srcset=\"https:\/\/ttemsa.com\/industria\/wp-content\/uploads\/2023\/12\/c1-3.png 412w, https:\/\/ttemsa.com\/industria\/wp-content\/uploads\/2023\/12\/c1-3-300x145.png 300w\" sizes=\"auto, (max-width: 412px) 100vw, 412px\" \/><figcaption class=\"wp-element-caption\"><strong>&nbsp;Para montarse en pared un solo tornillo<\/strong><br><\/figcaption><\/figure>\n<\/div>\n\n\n<figure class=\"wp-block-image size-full\"><img loading=\"lazy\" decoding=\"async\" width=\"436\" height=\"209\" src=\"https:\/\/ttemsa.com\/industria\/wp-content\/uploads\/2023\/12\/c2-4.png\" alt=\"\" class=\"wp-image-867\" srcset=\"https:\/\/ttemsa.com\/industria\/wp-content\/uploads\/2023\/12\/c2-4.png 436w, https:\/\/ttemsa.com\/industria\/wp-content\/uploads\/2023\/12\/c2-4-300x144.png 300w\" sizes=\"auto, (max-width: 436px) 100vw, 436px\" \/><figcaption class=\"wp-element-caption\"><strong>Brida 4 tornillos<\/strong><br><br><\/figcaption><\/figure>\n\n\n\n<figure class=\"wp-block-image size-full\"><img loading=\"lazy\" decoding=\"async\" width=\"414\" height=\"236\" src=\"https:\/\/ttemsa.com\/industria\/wp-content\/uploads\/2023\/12\/c3.png\" alt=\"\" class=\"wp-image-868\" srcset=\"https:\/\/ttemsa.com\/industria\/wp-content\/uploads\/2023\/12\/c3.png 414w, https:\/\/ttemsa.com\/industria\/wp-content\/uploads\/2023\/12\/c3-300x171.png 300w\" sizes=\"auto, (max-width: 414px) 100vw, 414px\" \/><\/figure>\n\n\n\n<p><\/p>\n\n\n<div class=\"wp-block-image\">\n<figure class=\"aligncenter size-full\"><img loading=\"lazy\" decoding=\"async\" width=\"537\" height=\"213\" src=\"https:\/\/ttemsa.com\/industria\/wp-content\/uploads\/2023\/12\/tipica1.jpg\" alt=\"\" class=\"wp-image-869\" srcset=\"https:\/\/ttemsa.com\/industria\/wp-content\/uploads\/2023\/12\/tipica1.jpg 537w, https:\/\/ttemsa.com\/industria\/wp-content\/uploads\/2023\/12\/tipica1-300x119.jpg 300w\" sizes=\"auto, (max-width: 537px) 100vw, 537px\" \/><figcaption class=\"wp-element-caption\"><strong>Aplicaci\u00f3n Tipica<\/strong><\/figcaption><\/figure>\n<\/div>\n\n\n<hr class=\"wp-block-separator has-alpha-channel-opacity\"\/>\n\n\n\n<h2 class=\"wp-block-heading\"><strong>Celdas de Carga tipo CL.<\/strong><\/h2>\n\n\n\n<p>&nbsp;En capacidades Nominales de 5 a 500 lbs. (2.27 a 227 kg).<\/p>\n\n\n\n<p>Normalmente para utilizarse con un&nbsp;<strong>rodillo en cantilever<\/strong>.<\/p>\n\n\n<div class=\"wp-block-image\">\n<figure class=\"aligncenter size-full is-resized\"><img loading=\"lazy\" decoding=\"async\" width=\"659\" height=\"270\" src=\"https:\/\/ttemsa.com\/industria\/wp-content\/uploads\/2023\/12\/mod2.png\" alt=\"\" class=\"wp-image-870\" style=\"width:669px;height:auto\" srcset=\"https:\/\/ttemsa.com\/industria\/wp-content\/uploads\/2023\/12\/mod2.png 659w, https:\/\/ttemsa.com\/industria\/wp-content\/uploads\/2023\/12\/mod2-300x123.png 300w\" sizes=\"auto, (max-width: 659px) 100vw, 659px\" \/><\/figure>\n<\/div>\n\n\n<hr class=\"wp-block-separator has-alpha-channel-opacity\"\/>\n\n\n\n<h2 class=\"wp-block-heading\"><strong>Celdas de Carga GTS (global)<\/strong><\/h2>\n\n\n\n<p>Para montaje de pedestal en capacidades nominales de 22 a 33,000 lbs (10 a 15,000 kgs.)<\/p>\n\n\n\n<p>Puede requerirse placa adaptadora para montaje del rodamiento con caja y en los tama\u00f1os grandes placa adaptadora para sujetarse a la base.<\/p>\n\n\n\n<figure class=\"wp-block-image size-full\"><img loading=\"lazy\" decoding=\"async\" width=\"646\" height=\"332\" src=\"https:\/\/ttemsa.com\/industria\/wp-content\/uploads\/2023\/12\/c.png\" alt=\"\" class=\"wp-image-871\" srcset=\"https:\/\/ttemsa.com\/industria\/wp-content\/uploads\/2023\/12\/c.png 646w, https:\/\/ttemsa.com\/industria\/wp-content\/uploads\/2023\/12\/c-300x154.png 300w\" sizes=\"auto, (max-width: 646px) 100vw, 646px\" \/><figcaption class=\"wp-element-caption\">&nbsp;<strong>Aplicaci\u00f3n t\u00edpica<\/strong><br><\/figcaption><\/figure>\n\n\n\n<hr class=\"wp-block-separator has-alpha-channel-opacity\"\/>\n\n\n\n<h2 class=\"wp-block-heading\"><strong>Celdas de Carga Tipo Dona.<\/strong><\/h2>\n\n\n\n<p>En capacidades nominales de 11 a 675 lbs ( 5 a 306 Kgs.); recomendable para espacios reducidos entre las paredes de la m\u00e1quina.<\/p>\n\n\n\n<figure class=\"wp-block-image size-full\"><img loading=\"lazy\" decoding=\"async\" width=\"434\" height=\"328\" src=\"https:\/\/ttemsa.com\/industria\/wp-content\/uploads\/2023\/12\/dona.png\" alt=\"\" class=\"wp-image-872\" srcset=\"https:\/\/ttemsa.com\/industria\/wp-content\/uploads\/2023\/12\/dona.png 434w, https:\/\/ttemsa.com\/industria\/wp-content\/uploads\/2023\/12\/dona-300x227.png 300w\" sizes=\"auto, (max-width: 434px) 100vw, 434px\" \/><\/figure>\n\n\n\n<hr class=\"wp-block-separator has-alpha-channel-opacity\"\/>\n\n\n\n<h2 class=\"wp-block-heading\"><strong>Celdas de Carga LC-500G.<\/strong><\/h2>\n\n\n\n<p>Para tensiones peque\u00f1as en capacidad de 0 a 500 grs; utilizadas para cintas o cordones.<\/p>\n\n\n\n<figure class=\"wp-block-image size-full\"><img loading=\"lazy\" decoding=\"async\" width=\"545\" height=\"265\" src=\"https:\/\/ttemsa.com\/industria\/wp-content\/uploads\/2023\/12\/cc-3.png\" alt=\"\" class=\"wp-image-873\" srcset=\"https:\/\/ttemsa.com\/industria\/wp-content\/uploads\/2023\/12\/cc-3.png 545w, https:\/\/ttemsa.com\/industria\/wp-content\/uploads\/2023\/12\/cc-3-300x146.png 300w\" sizes=\"auto, (max-width: 545px) 100vw, 545px\" \/><\/figure>\n\n\n\n<hr class=\"wp-block-separator has-alpha-channel-opacity\"\/>\n\n\n\n<h2 class=\"wp-block-heading\"><strong><strong>Celdas de Carga para Cable<\/strong><\/strong><\/h2>\n\n\n\n<p>En montaje de pared con un solo tornillo, brida 4 tornillos o de pedestal.<\/p>\n\n\n\n<p>En capacidades nominales de 5 a 500 lbs. (de 2.27 a 227 kgs.)<\/p>\n\n\n\n<figure class=\"wp-block-image size-full\"><img loading=\"lazy\" decoding=\"async\" width=\"708\" height=\"215\" src=\"https:\/\/ttemsa.com\/industria\/wp-content\/uploads\/2023\/12\/Captura-de-pantalla-2023-12-25-a-las-9.12.37-a.m.png\" alt=\"\" class=\"wp-image-874\" srcset=\"https:\/\/ttemsa.com\/industria\/wp-content\/uploads\/2023\/12\/Captura-de-pantalla-2023-12-25-a-las-9.12.37-a.m.png 708w, https:\/\/ttemsa.com\/industria\/wp-content\/uploads\/2023\/12\/Captura-de-pantalla-2023-12-25-a-las-9.12.37-a.m-300x91.png 300w\" sizes=\"auto, (max-width: 708px) 100vw, 708px\" \/><\/figure>\n\n\n<div class=\"wp-block-image\">\n<figure class=\"aligncenter size-full is-resized\"><img loading=\"lazy\" decoding=\"async\" width=\"674\" height=\"322\" src=\"https:\/\/ttemsa.com\/industria\/wp-content\/uploads\/2023\/12\/mod.png\" alt=\"\" class=\"wp-image-875\" style=\"width:376px;height:auto\" srcset=\"https:\/\/ttemsa.com\/industria\/wp-content\/uploads\/2023\/12\/mod.png 674w, https:\/\/ttemsa.com\/industria\/wp-content\/uploads\/2023\/12\/mod-300x143.png 300w\" sizes=\"auto, (max-width: 674px) 100vw, 674px\" \/><\/figure>\n<\/div>\n\n\n<p class=\"has-large-font-size\"><\/p>\n","protected":false},"excerpt":{"rendered":"<p>Fabricadas principalmente para medir tensi\u00f3n y para mantener tensi\u00f3n constante al mismo tiempo que mide la tensi\u00f3n, &nbsp;en banda continua cinta \/ cables o tambi\u00e9n para medir la tensi\u00f3n Proporcionamos una amplia variedad de celdas de carga que van desde 500 gr. hasta 15,000 kg (1.1 a 33,000 lbs); en montajes de pedestal (piso). brida [&hellip;]<\/p>\n","protected":false},"author":1,"featured_media":0,"parent":0,"menu_order":0,"comment_status":"closed","ping_status":"closed","template":"","meta":{"content-type":"","footnotes":""},"categories":[31],"tags":[],"class_list":["post-1489","page","type-page","status-publish","hentry","category-magpowrcat"],"yoast_head":"<!-- This site is optimized with the Yoast SEO plugin v26.6 - https:\/\/yoast.com\/wordpress\/plugins\/seo\/ -->\n<title>Sensores y Celdas de carga - industria-de-la-conversion.ttemsa<\/title>\n<meta name=\"description\" content=\"Fabricadas principalmente para medir tensi\u00f3n y para mantener tensi\u00f3n constante al mismo tiempo que mide la tensi\u00f3n, en banda continua cinta \/ cables o tambi\u00e9n para medir la tensi\u00f3n\" \/>\n<meta name=\"robots\" content=\"index, follow, max-snippet:-1, max-image-preview:large, max-video-preview:-1\" \/>\n<link rel=\"canonical\" href=\"https:\/\/ttemsa.com\/industria\/index.php\/celdas-de-carga-industriales\/\" \/>\n<meta property=\"og:locale\" content=\"es_MX\" \/>\n<meta property=\"og:type\" content=\"article\" \/>\n<meta property=\"og:title\" content=\"Celdas de carga industriales Fabricadas principalmente para medir tensi\u00f3n y para mantener tensi\u00f3n constante\" \/>\n<meta property=\"og:description\" content=\"en ttemsa ofrecemos Soluciones solicite + info Tel\u00e9fonos: + 52 (55) 5352-0191 5352-1301 5352-6070 5352-0593\" \/>\n<meta property=\"og:url\" content=\"https:\/\/ttemsa.com\/industria\/index.php\/celdas-de-carga-industriales\/\" \/>\n<meta property=\"og:site_name\" content=\"industria-de-la-conversion.ttemsa\" \/>\n<meta property=\"article:modified_time\" content=\"2024-09-05T22:50:14+00:00\" \/>\n<meta property=\"og:image\" content=\"https:\/\/ttemsa.com\/industria\/wp-content\/uploads\/2023\/12\/TSLoadCellsMAGPOWR.jpg\" \/>\n\t<meta property=\"og:image:width\" content=\"591\" \/>\n\t<meta property=\"og:image:height\" content=\"358\" \/>\n\t<meta property=\"og:image:type\" content=\"image\/jpeg\" \/>\n<meta name=\"twitter:card\" content=\"summary_large_image\" \/>\n<meta name=\"twitter:label1\" content=\"Tiempo de lectura\" \/>\n\t<meta name=\"twitter:data1\" content=\"4 minutos\" \/>\n<script type=\"application\/ld+json\" class=\"yoast-schema-graph\">{\"@context\":\"https:\/\/schema.org\",\"@graph\":[{\"@type\":\"WebPage\",\"@id\":\"https:\/\/ttemsa.com\/industria\/index.php\/celdas-de-carga-industriales\/\",\"url\":\"https:\/\/ttemsa.com\/industria\/index.php\/celdas-de-carga-industriales\/\",\"name\":\"Sensores y Celdas de carga - industria-de-la-conversion.ttemsa\",\"isPartOf\":{\"@id\":\"https:\/\/ttemsa.com\/industria\/#website\"},\"primaryImageOfPage\":{\"@id\":\"https:\/\/ttemsa.com\/industria\/index.php\/celdas-de-carga-industriales\/#primaryimage\"},\"image\":{\"@id\":\"https:\/\/ttemsa.com\/industria\/index.php\/celdas-de-carga-industriales\/#primaryimage\"},\"thumbnailUrl\":\"https:\/\/ttemsa.com\/industria\/wp-content\/uploads\/2023\/12\/TSLoadCellsMAGPOWR.jpg\",\"datePublished\":\"2024-03-01T19:25:25+00:00\",\"dateModified\":\"2024-09-05T22:50:14+00:00\",\"description\":\"Fabricadas principalmente para medir tensi\u00f3n y para mantener tensi\u00f3n constante al mismo tiempo que mide la tensi\u00f3n, en banda continua cinta \/ cables o tambi\u00e9n para medir la tensi\u00f3n\",\"breadcrumb\":{\"@id\":\"https:\/\/ttemsa.com\/industria\/index.php\/celdas-de-carga-industriales\/#breadcrumb\"},\"inLanguage\":\"es\",\"potentialAction\":[{\"@type\":\"ReadAction\",\"target\":[\"https:\/\/ttemsa.com\/industria\/index.php\/celdas-de-carga-industriales\/\"]}]},{\"@type\":\"ImageObject\",\"inLanguage\":\"es\",\"@id\":\"https:\/\/ttemsa.com\/industria\/index.php\/celdas-de-carga-industriales\/#primaryimage\",\"url\":\"https:\/\/ttemsa.com\/industria\/wp-content\/uploads\/2023\/12\/TSLoadCellsMAGPOWR.jpg\",\"contentUrl\":\"https:\/\/ttemsa.com\/industria\/wp-content\/uploads\/2023\/12\/TSLoadCellsMAGPOWR.jpg\",\"width\":591,\"height\":358},{\"@type\":\"BreadcrumbList\",\"@id\":\"https:\/\/ttemsa.com\/industria\/index.php\/celdas-de-carga-industriales\/#breadcrumb\",\"itemListElement\":[{\"@type\":\"ListItem\",\"position\":1,\"name\":\"Inicio\",\"item\":\"https:\/\/ttemsa.com\/industria\/\"},{\"@type\":\"ListItem\",\"position\":2,\"name\":\"Sensores y Celdas de carga\"}]},{\"@type\":\"WebSite\",\"@id\":\"https:\/\/ttemsa.com\/industria\/#website\",\"url\":\"https:\/\/ttemsa.com\/industria\/\",\"name\":\"industria-de-la-conversion.ttemsa\",\"description\":\"Designed Dianalacazadora.com\",\"alternateName\":\"ttemsa l\u00edderes en la industria de la conversi\u00f3n\",\"potentialAction\":[{\"@type\":\"SearchAction\",\"target\":{\"@type\":\"EntryPoint\",\"urlTemplate\":\"https:\/\/ttemsa.com\/industria\/?s={search_term_string}\"},\"query-input\":{\"@type\":\"PropertyValueSpecification\",\"valueRequired\":true,\"valueName\":\"search_term_string\"}}],\"inLanguage\":\"es\"}]}<\/script>\n<!-- \/ Yoast SEO plugin. -->","yoast_head_json":{"title":"Sensores y Celdas de carga - industria-de-la-conversion.ttemsa","description":"Fabricadas principalmente para medir tensi\u00f3n y para mantener tensi\u00f3n constante al mismo tiempo que mide la tensi\u00f3n, en banda continua cinta \/ cables o tambi\u00e9n para medir la tensi\u00f3n","robots":{"index":"index","follow":"follow","max-snippet":"max-snippet:-1","max-image-preview":"max-image-preview:large","max-video-preview":"max-video-preview:-1"},"canonical":"https:\/\/ttemsa.com\/industria\/index.php\/celdas-de-carga-industriales\/","og_locale":"es_MX","og_type":"article","og_title":"Celdas de carga industriales Fabricadas principalmente para medir tensi\u00f3n y para mantener tensi\u00f3n constante","og_description":"en ttemsa ofrecemos Soluciones solicite + info Tel\u00e9fonos: + 52 (55) 5352-0191 5352-1301 5352-6070 5352-0593","og_url":"https:\/\/ttemsa.com\/industria\/index.php\/celdas-de-carga-industriales\/","og_site_name":"industria-de-la-conversion.ttemsa","article_modified_time":"2024-09-05T22:50:14+00:00","og_image":[{"width":591,"height":358,"url":"https:\/\/ttemsa.com\/industria\/wp-content\/uploads\/2023\/12\/TSLoadCellsMAGPOWR.jpg","type":"image\/jpeg"}],"twitter_card":"summary_large_image","twitter_misc":{"Tiempo de lectura":"4 minutos"},"schema":{"@context":"https:\/\/schema.org","@graph":[{"@type":"WebPage","@id":"https:\/\/ttemsa.com\/industria\/index.php\/celdas-de-carga-industriales\/","url":"https:\/\/ttemsa.com\/industria\/index.php\/celdas-de-carga-industriales\/","name":"Sensores y Celdas de carga - industria-de-la-conversion.ttemsa","isPartOf":{"@id":"https:\/\/ttemsa.com\/industria\/#website"},"primaryImageOfPage":{"@id":"https:\/\/ttemsa.com\/industria\/index.php\/celdas-de-carga-industriales\/#primaryimage"},"image":{"@id":"https:\/\/ttemsa.com\/industria\/index.php\/celdas-de-carga-industriales\/#primaryimage"},"thumbnailUrl":"https:\/\/ttemsa.com\/industria\/wp-content\/uploads\/2023\/12\/TSLoadCellsMAGPOWR.jpg","datePublished":"2024-03-01T19:25:25+00:00","dateModified":"2024-09-05T22:50:14+00:00","description":"Fabricadas principalmente para medir tensi\u00f3n y para mantener tensi\u00f3n constante al mismo tiempo que mide la tensi\u00f3n, en banda continua cinta \/ cables o tambi\u00e9n para medir la tensi\u00f3n","breadcrumb":{"@id":"https:\/\/ttemsa.com\/industria\/index.php\/celdas-de-carga-industriales\/#breadcrumb"},"inLanguage":"es","potentialAction":[{"@type":"ReadAction","target":["https:\/\/ttemsa.com\/industria\/index.php\/celdas-de-carga-industriales\/"]}]},{"@type":"ImageObject","inLanguage":"es","@id":"https:\/\/ttemsa.com\/industria\/index.php\/celdas-de-carga-industriales\/#primaryimage","url":"https:\/\/ttemsa.com\/industria\/wp-content\/uploads\/2023\/12\/TSLoadCellsMAGPOWR.jpg","contentUrl":"https:\/\/ttemsa.com\/industria\/wp-content\/uploads\/2023\/12\/TSLoadCellsMAGPOWR.jpg","width":591,"height":358},{"@type":"BreadcrumbList","@id":"https:\/\/ttemsa.com\/industria\/index.php\/celdas-de-carga-industriales\/#breadcrumb","itemListElement":[{"@type":"ListItem","position":1,"name":"Inicio","item":"https:\/\/ttemsa.com\/industria\/"},{"@type":"ListItem","position":2,"name":"Sensores y Celdas de carga"}]},{"@type":"WebSite","@id":"https:\/\/ttemsa.com\/industria\/#website","url":"https:\/\/ttemsa.com\/industria\/","name":"industria-de-la-conversion.ttemsa","description":"Designed Dianalacazadora.com","alternateName":"ttemsa l\u00edderes en la industria de la conversi\u00f3n","potentialAction":[{"@type":"SearchAction","target":{"@type":"EntryPoint","urlTemplate":"https:\/\/ttemsa.com\/industria\/?s={search_term_string}"},"query-input":{"@type":"PropertyValueSpecification","valueRequired":true,"valueName":"search_term_string"}}],"inLanguage":"es"}]}},"_links":{"self":[{"href":"https:\/\/ttemsa.com\/industria\/index.php\/wp-json\/wp\/v2\/pages\/1489","targetHints":{"allow":["GET"]}}],"collection":[{"href":"https:\/\/ttemsa.com\/industria\/index.php\/wp-json\/wp\/v2\/pages"}],"about":[{"href":"https:\/\/ttemsa.com\/industria\/index.php\/wp-json\/wp\/v2\/types\/page"}],"author":[{"embeddable":true,"href":"https:\/\/ttemsa.com\/industria\/index.php\/wp-json\/wp\/v2\/users\/1"}],"replies":[{"embeddable":true,"href":"https:\/\/ttemsa.com\/industria\/index.php\/wp-json\/wp\/v2\/comments?post=1489"}],"version-history":[{"count":2,"href":"https:\/\/ttemsa.com\/industria\/index.php\/wp-json\/wp\/v2\/pages\/1489\/revisions"}],"predecessor-version":[{"id":1938,"href":"https:\/\/ttemsa.com\/industria\/index.php\/wp-json\/wp\/v2\/pages\/1489\/revisions\/1938"}],"wp:attachment":[{"href":"https:\/\/ttemsa.com\/industria\/index.php\/wp-json\/wp\/v2\/media?parent=1489"}],"wp:term":[{"taxonomy":"category","embeddable":true,"href":"https:\/\/ttemsa.com\/industria\/index.php\/wp-json\/wp\/v2\/categories?post=1489"},{"taxonomy":"post_tag","embeddable":true,"href":"https:\/\/ttemsa.com\/industria\/index.php\/wp-json\/wp\/v2\/tags?post=1489"}],"curies":[{"name":"wp","href":"https:\/\/api.w.org\/{rel}","templated":true}]}}