{"id":1495,"date":"2024-03-01T19:27:13","date_gmt":"2024-03-01T19:27:13","guid":{"rendered":"https:\/\/ttemsa.com\/industria\/index.php\/magpowr-2\/libreta-de-diseno-copy\/"},"modified":"2024-09-05T22:39:09","modified_gmt":"2024-09-05T22:39:09","slug":"51-base-de-alineacion-de-orilla-4p","status":"publish","type":"page","link":"https:\/\/ttemsa.com\/industria\/index.php\/magpowr-2\/51-base-de-alineacion-de-orilla-4p\/","title":{"rendered":"FUNDAMENTOS EN CONTROL DE TENSI\u00d3N CONSTANTE"},"content":{"rendered":"<div class=\"wp-block-image\">\n<figure class=\"aligncenter size-full\"><img loading=\"lazy\" decoding=\"async\" width=\"586\" height=\"613\" src=\"https:\/\/ttemsa.com\/industria\/wp-content\/uploads\/2023\/12\/generalidades.jpg\" alt=\"\" class=\"wp-image-809\" srcset=\"https:\/\/ttemsa.com\/industria\/wp-content\/uploads\/2023\/12\/generalidades.jpg 586w, https:\/\/ttemsa.com\/industria\/wp-content\/uploads\/2023\/12\/generalidades-287x300.jpg 287w\" sizes=\"auto, (max-width: 586px) 100vw, 586px\" \/><figcaption class=\"wp-element-caption\"><strong>Sin Control de Tensi\u00f3n es un c\u00edrculo vicioso<\/strong><\/figcaption><\/figure>\n<\/div>\n\n<div class=\"wp-block-image\">\n<figure class=\"aligncenter size-full is-resized\"><img loading=\"lazy\" decoding=\"async\" width=\"781\" height=\"220\" src=\"https:\/\/ttemsa.com\/industria\/wp-content\/uploads\/2023\/12\/magpowr.jpg\" alt=\"\" class=\"wp-image-806\" style=\"width:221px;height:auto\" srcset=\"https:\/\/ttemsa.com\/industria\/wp-content\/uploads\/2023\/12\/magpowr.jpg 781w, https:\/\/ttemsa.com\/industria\/wp-content\/uploads\/2023\/12\/magpowr-300x85.jpg 300w, https:\/\/ttemsa.com\/industria\/wp-content\/uploads\/2023\/12\/magpowr-768x216.jpg 768w\" sizes=\"auto, (max-width: 781px) 100vw, 781px\" \/><\/figure>\n<\/div>\n\n\n<p class=\"has-text-align-center has-large-font-size\"><strong>Control de tensi\u00f3n constante<\/strong><\/p>\n\n\n\n<p><strong>\u00bfQue es y para qu\u00e9 sirve?<\/strong><\/p>\n\n\n\n<p>En desenredado, enredado o de punto a punto (de una secci\u00f3n de una m\u00e1quina a otra) en muy importante mantener la tensi\u00f3n constante (en forma autom\u00e1tica), todo esto se refiere a aplicaciones de banda continua.<\/p>\n\n\n\n<p>En el caso de desenredado o enredado al disminuir o aumentar el radio (brazo de palanca), si se transmite el mismo &#8220;par de torsi\u00f3n&#8221; (torque o momento de torsi\u00f3n), la fuerza estar\u00e1 continuamente variando, ya que el par de torsi\u00f3n del producto de la fuerza por la distancia (siendo la fuerza perpendicular a la distancia).<\/p>\n\n\n\n<p>Un ejemplo cl\u00e1sico de transmisi\u00f3n de par de torsi\u00f3n es cuando se afloja o aprieta una tuerca por medio de una llave, es una fuerza por una distancia (perpendicular a la fuerza).<\/p>\n\n\n\n<p>Si la tuerca est\u00e1 muy apretada y no se puede aflojar de todas maneras se transmite un par de torsi\u00f3n. La tensi\u00f3n se puede medir en kg-mt, lb-pie, lb-pulg, etc. En una m\u00e1quina impresora al estar desenredando (o tambi\u00e9n llamado desembobinado) el material (de banda continua), si no se mantiene la tensi\u00f3n constante (autom\u00e1tico), se tendr\u00e1 problema de registro de las posici\u00f3n correcta de una tinta sobre otra.<\/p>\n\n\n\n<p>Es importante aclarar que al tener tensi\u00f3n constante, no se solucionan todos los problemas que pudiera tener una m\u00e1quina impresora, pero si no se tiene tensi\u00f3n constante, nunca se podr\u00e1 tener un buen control de registro.<\/p>\n\n\n\n<p>Al laminar un substrato con otro (ejemplo un papel aluminio o foil con una pel\u00edcula), si no se tiene control de tensi\u00f3n constante en cada substrato, se presentara el problema de curling, o sea en un tramo de laminado cortado levantaran las puntas. Si este material es para fabricar etiquetas para aguas gaseosas, se tendr\u00e1n problemas para aplicarlas sobre el envase.&nbsp;<\/p>\n\n\n\n<hr class=\"wp-block-separator has-alpha-channel-opacity\"\/>\n\n\n\n<p>Otro ejemplo cl\u00e1sico es en una m\u00e1quina hojeadora, cuando se desenreda si no se tiene tensi\u00f3n constante, se tendr\u00e1 el problema de que unas hojas ser\u00e1n m\u00e1s largas que otras.<\/p>\n\n\n\n<p>Para el caso de enredado (o embobinado), se puede realizar esta aplicaci\u00f3n, con&nbsp;<strong>tensi\u00f3n decreciente&nbsp;<\/strong>(conocida tambi\u00e9n como taper tensi\u00f3n), que permite ir disminuyendo la tensi\u00f3n en forma uniforme al ir aumentado el di\u00e1metro. Es decir se puede empezar a embobinar con una tensi\u00f3n de 50 kgs y terminar con 10 kgs o empezar con 70 lbs y terminar con 40 lbs.<\/p>\n\n\n\n<figure class=\"wp-block-image size-full is-resized\"><img loading=\"lazy\" decoding=\"async\" width=\"467\" height=\"138\" src=\"https:\/\/ttemsa.com\/industria\/wp-content\/uploads\/2023\/12\/Fundamentos-en-control-de-tension-constante.png\" alt=\"\" class=\"wp-image-811\" style=\"width:842px;height:auto\" srcset=\"https:\/\/ttemsa.com\/industria\/wp-content\/uploads\/2023\/12\/Fundamentos-en-control-de-tension-constante.png 467w, https:\/\/ttemsa.com\/industria\/wp-content\/uploads\/2023\/12\/Fundamentos-en-control-de-tension-constante-300x89.png 300w\" sizes=\"auto, (max-width: 467px) 100vw, 467px\" \/><\/figure>\n\n\n\n<p>El valor de la tensi\u00f3n decreciente se determina en funci\u00f3n al resultado del rollo que de mejor resultado para la aplicaci\u00f3n dada, despu\u00e9s de realizar varias pruebas. En aplicaciones de enredado para ciertos materiales se recomienda tener tensi\u00f3n decreciente, para que las primeras capas no se aprieten demasiado).<\/p>\n\n\n\n<p>Cuando se embobinan materiales con superficies muy deslizantes y angostas se pueden deshacer con facilidad por no tener tensi\u00f3n decreciente. En rollos de pel\u00edculas o cintas adhesivas si no se le proporciona tensi\u00f3n decreciente, tiende a telescopiarse, principalmente cuando se someten a temperaturas mayores a la ambiente.<\/p>\n\n\n\n<p>Todas estas aplicaciones se pueden lograr con equipos de nuestra representada MAGPOWR, quien tiene la l\u00ednea m\u00e1s completa para diferentes tipos de necesidades. Es l\u00edder en el mercado, pudiendo ofrecer diferentes soluciones para la misma necesidad.<\/p>\n\n\n\n<p>Son de excelente calidad, produciendo resultados sobresalientes y los suministramos con un buen factor de servicio para tener muchos a\u00f1os de operaci\u00f3n, con m\u00ednimo mantenimiento.&nbsp;<\/p>\n\n\n\n<hr class=\"wp-block-separator has-alpha-channel-opacity\"\/>\n\n\n\n<p>En determinada aplicaci\u00f3n de desenredado se puede ofrecer muchas veces con freno de part\u00edculas magn\u00e9ticas (o polvo magn\u00e9tico) o freno neum\u00e1tico, cual es la diferencia Si la aplicaci\u00f3n es por ejemplo para una impresi\u00f3n de calidad, es m\u00e1s recomendable usar los frenos de part\u00edculas magn\u00e9ticas, aunque es un poco m\u00e1s caro. Lo mismo se aplica a enredado con embragues (clutches) de part\u00edculas magn\u00e9ticas, comparados con motores de velocidad variable.<\/p>\n\n\n\n<p>La raz\u00f3n por la cual proporciona mejor desempe\u00f1o los frenos y embragues de part\u00edculas magn\u00e9ticas, comparados con los frenos y embragues neum\u00e1ticos es debido a que los de part\u00edculas magn\u00e9ticas proporcionan siempre el mismo par tanto en reposo como en movimiento y los de fricci\u00f3n proporcionan un par est\u00e1tico diferente al par din\u00e1mico.<\/p>\n\n\n\n<p><strong>Para el c\u00e1lculo del tama\u00f1o adecuado en su aplicaci\u00f3n<\/strong>&nbsp;se requiere saber:<\/p>\n\n\n\n<ul class=\"wp-block-list\">\n<li>Di\u00e1metro m\u00e1ximo y m\u00ednimo<\/li>\n\n\n\n<li>Ancho del material<\/li>\n\n\n\n<li>Velocidad del material Si es aplicaci\u00f3n de desenredado, enredado o de punto a punto<\/li>\n\n\n\n<li>Tipo del material y espesor: para el caso de laminados se requiere saber el tipo y espesor de cada material.<\/li>\n<\/ul>\n\n\n\n<p>Si el usuario sabe que tensi\u00f3n se le aplica al material ya no es necesario saber el tipo de material y espesor. Contamos con una tabla que nos proporcionan el valor recomendado de tensi\u00f3n (en lbs\/pulg de ancho o kgs\/cm de ancho, en funci\u00f3n al espesor), en base a la experiencia; sin embargo en algunas pocas ocasiones nos ha tocado que el proceso requiere una tensi\u00f3n mayor a la recomendada por la tabla. As\u00ed como laminados que requieren menor valor de tensi\u00f3n.<\/p>\n\n\n\n<p>Con los valores anteriores se calcula el par de tensi\u00f3n m\u00e1ximo requerido, as\u00ed como la disipaci\u00f3n de calor, para determinar el tama\u00f1o adecuado de freno, embrague o motor de velocidad variable.<\/p>\n\n\n\n<p class=\"has-text-align-center\"><strong>Ver PDF<\/strong><\/p>\n\n\n<div class=\"wp-block-image\">\n<figure class=\"aligncenter size-full is-resized\"><a href=\"https:\/\/ttemsa.com\/industria\/images\/pdf\/2019-Catalogo-Maxcessintl.pdf\" target=\"_blank\" rel=\"noreferrer noopener\"><img loading=\"lazy\" decoding=\"async\" width=\"70\" height=\"70\" src=\"https:\/\/ttemsa.com\/industria\/wp-content\/uploads\/2023\/12\/pdf.png\" alt=\"\" class=\"wp-image-494\" style=\"width:80px;height:auto\"\/><\/a><\/figure>\n<\/div>\n\n\n<h4 class=\"wp-block-heading has-text-align-center\"><a href=\"https:\/\/ttemsa.com\/industria\/images\/pdf\/2019-Catalogo-Maxcessintl.pdf\" target=\"_blank\" rel=\"noreferrer noopener\">Libreta<\/a><\/h4>\n","protected":false},"excerpt":{"rendered":"<p>Control de tensi\u00f3n constante \u00bfQue es y para qu\u00e9 sirve? En desenredado, enredado o de punto a punto (de una secci\u00f3n de una m\u00e1quina a otra) en muy importante mantener la tensi\u00f3n constante (en forma autom\u00e1tica), todo esto se refiere a aplicaciones de banda continua. En el caso de desenredado o enredado al disminuir o [&hellip;]<\/p>\n","protected":false},"author":1,"featured_media":0,"parent":1464,"menu_order":0,"comment_status":"closed","ping_status":"closed","template":"","meta":{"content-type":"","footnotes":""},"categories":[31],"tags":[],"class_list":["post-1495","page","type-page","status-publish","hentry","category-magpowrcat"],"yoast_head":"<!-- This site is optimized with the Yoast SEO plugin v26.6 - https:\/\/yoast.com\/wordpress\/plugins\/seo\/ -->\n<title>FUNDAMENTOS EN CONTROL DE TENSI\u00d3N CONSTANTE - industria-de-la-conversion.ttemsa<\/title>\n<meta name=\"description\" content=\"\u00bfQue es y para qu\u00e9 sirve?En desenredado, enredado o de punto a punto (de una secci\u00f3n de una m\u00e1quina a otra) en muy importante mantener la tensi\u00f3n constante (en forma autom\u00e1tica), todo esto se refiere a aplicaciones de banda continua.\" \/>\n<meta name=\"robots\" content=\"index, follow, max-snippet:-1, max-image-preview:large, max-video-preview:-1\" \/>\n<link rel=\"canonical\" href=\"https:\/\/ttemsa.com\/industria\/index.php\/magpowr-2\/51-base-de-alineacion-de-orilla-4p\/\" \/>\n<meta property=\"og:locale\" content=\"es_MX\" \/>\n<meta property=\"og:type\" content=\"article\" \/>\n<meta property=\"og:title\" content=\"Fundamentos en control de tensi\u00f3n constante\" \/>\n<meta property=\"og:description\" content=\"\u00bfQue es y para qu\u00e9 sirve? En desenredado, enredado o de punto a punto (de una secci\u00f3n de una m\u00e1quina a otra) en muy importante mantener la tensi\u00f3n constante (en forma autom\u00e1tica), todo esto se refiere a aplicaciones de banda continua.\" \/>\n<meta property=\"og:url\" content=\"https:\/\/ttemsa.com\/industria\/index.php\/magpowr-2\/51-base-de-alineacion-de-orilla-4p\/\" \/>\n<meta property=\"og:site_name\" content=\"industria-de-la-conversion.ttemsa\" \/>\n<meta property=\"article:modified_time\" content=\"2024-09-05T22:39:09+00:00\" \/>\n<meta property=\"og:image\" content=\"https:\/\/ttemsa.com\/industria\/wp-content\/uploads\/2023\/12\/generalidades.jpg\" \/>\n\t<meta property=\"og:image:width\" content=\"586\" \/>\n\t<meta property=\"og:image:height\" content=\"613\" \/>\n\t<meta property=\"og:image:type\" content=\"image\/jpeg\" \/>\n<meta name=\"twitter:card\" content=\"summary_large_image\" \/>\n<meta name=\"twitter:label1\" content=\"Tiempo de lectura\" \/>\n\t<meta name=\"twitter:data1\" content=\"5 minutos\" \/>\n<script type=\"application\/ld+json\" class=\"yoast-schema-graph\">{\"@context\":\"https:\/\/schema.org\",\"@graph\":[{\"@type\":\"WebPage\",\"@id\":\"https:\/\/ttemsa.com\/industria\/index.php\/magpowr-2\/51-base-de-alineacion-de-orilla-4p\/\",\"url\":\"https:\/\/ttemsa.com\/industria\/index.php\/magpowr-2\/51-base-de-alineacion-de-orilla-4p\/\",\"name\":\"FUNDAMENTOS EN CONTROL DE TENSI\u00d3N CONSTANTE - industria-de-la-conversion.ttemsa\",\"isPartOf\":{\"@id\":\"https:\/\/ttemsa.com\/industria\/#website\"},\"primaryImageOfPage\":{\"@id\":\"https:\/\/ttemsa.com\/industria\/index.php\/magpowr-2\/51-base-de-alineacion-de-orilla-4p\/#primaryimage\"},\"image\":{\"@id\":\"https:\/\/ttemsa.com\/industria\/index.php\/magpowr-2\/51-base-de-alineacion-de-orilla-4p\/#primaryimage\"},\"thumbnailUrl\":\"https:\/\/ttemsa.com\/industria\/wp-content\/uploads\/2023\/12\/generalidades.jpg\",\"datePublished\":\"2024-03-01T19:27:13+00:00\",\"dateModified\":\"2024-09-05T22:39:09+00:00\",\"description\":\"\u00bfQue es y para qu\u00e9 sirve?En desenredado, enredado o de punto a punto (de una secci\u00f3n de una m\u00e1quina a otra) en muy importante mantener la tensi\u00f3n constante (en forma autom\u00e1tica), todo esto se refiere a aplicaciones de banda continua.\",\"breadcrumb\":{\"@id\":\"https:\/\/ttemsa.com\/industria\/index.php\/magpowr-2\/51-base-de-alineacion-de-orilla-4p\/#breadcrumb\"},\"inLanguage\":\"es\",\"potentialAction\":[{\"@type\":\"ReadAction\",\"target\":[\"https:\/\/ttemsa.com\/industria\/index.php\/magpowr-2\/51-base-de-alineacion-de-orilla-4p\/\"]}]},{\"@type\":\"ImageObject\",\"inLanguage\":\"es\",\"@id\":\"https:\/\/ttemsa.com\/industria\/index.php\/magpowr-2\/51-base-de-alineacion-de-orilla-4p\/#primaryimage\",\"url\":\"https:\/\/ttemsa.com\/industria\/wp-content\/uploads\/2023\/12\/generalidades.jpg\",\"contentUrl\":\"https:\/\/ttemsa.com\/industria\/wp-content\/uploads\/2023\/12\/generalidades.jpg\",\"width\":586,\"height\":613},{\"@type\":\"BreadcrumbList\",\"@id\":\"https:\/\/ttemsa.com\/industria\/index.php\/magpowr-2\/51-base-de-alineacion-de-orilla-4p\/#breadcrumb\",\"itemListElement\":[{\"@type\":\"ListItem\",\"position\":1,\"name\":\"Inicio\",\"item\":\"https:\/\/ttemsa.com\/industria\/\"},{\"@type\":\"ListItem\",\"position\":2,\"name\":\"MAGPOWR.\",\"item\":\"https:\/\/ttemsa.com\/industria\/index.php\/magpowr-2\/\"},{\"@type\":\"ListItem\",\"position\":3,\"name\":\"FUNDAMENTOS EN CONTROL DE TENSI\u00d3N CONSTANTE\"}]},{\"@type\":\"WebSite\",\"@id\":\"https:\/\/ttemsa.com\/industria\/#website\",\"url\":\"https:\/\/ttemsa.com\/industria\/\",\"name\":\"industria-de-la-conversion.ttemsa\",\"description\":\"Designed Dianalacazadora.com\",\"alternateName\":\"ttemsa l\u00edderes en la industria de la conversi\u00f3n\",\"potentialAction\":[{\"@type\":\"SearchAction\",\"target\":{\"@type\":\"EntryPoint\",\"urlTemplate\":\"https:\/\/ttemsa.com\/industria\/?s={search_term_string}\"},\"query-input\":{\"@type\":\"PropertyValueSpecification\",\"valueRequired\":true,\"valueName\":\"search_term_string\"}}],\"inLanguage\":\"es\"}]}<\/script>\n<!-- \/ Yoast SEO plugin. -->","yoast_head_json":{"title":"FUNDAMENTOS EN CONTROL DE TENSI\u00d3N CONSTANTE - industria-de-la-conversion.ttemsa","description":"\u00bfQue es y para qu\u00e9 sirve?En desenredado, enredado o de punto a punto (de una secci\u00f3n de una m\u00e1quina a otra) en muy importante mantener la tensi\u00f3n constante (en forma autom\u00e1tica), todo esto se refiere a aplicaciones de banda continua.","robots":{"index":"index","follow":"follow","max-snippet":"max-snippet:-1","max-image-preview":"max-image-preview:large","max-video-preview":"max-video-preview:-1"},"canonical":"https:\/\/ttemsa.com\/industria\/index.php\/magpowr-2\/51-base-de-alineacion-de-orilla-4p\/","og_locale":"es_MX","og_type":"article","og_title":"Fundamentos en control de tensi\u00f3n constante","og_description":"\u00bfQue es y para qu\u00e9 sirve? En desenredado, enredado o de punto a punto (de una secci\u00f3n de una m\u00e1quina a otra) en muy importante mantener la tensi\u00f3n constante (en forma autom\u00e1tica), todo esto se refiere a aplicaciones de banda continua.","og_url":"https:\/\/ttemsa.com\/industria\/index.php\/magpowr-2\/51-base-de-alineacion-de-orilla-4p\/","og_site_name":"industria-de-la-conversion.ttemsa","article_modified_time":"2024-09-05T22:39:09+00:00","og_image":[{"width":586,"height":613,"url":"https:\/\/ttemsa.com\/industria\/wp-content\/uploads\/2023\/12\/generalidades.jpg","type":"image\/jpeg"}],"twitter_card":"summary_large_image","twitter_misc":{"Tiempo de lectura":"5 minutos"},"schema":{"@context":"https:\/\/schema.org","@graph":[{"@type":"WebPage","@id":"https:\/\/ttemsa.com\/industria\/index.php\/magpowr-2\/51-base-de-alineacion-de-orilla-4p\/","url":"https:\/\/ttemsa.com\/industria\/index.php\/magpowr-2\/51-base-de-alineacion-de-orilla-4p\/","name":"FUNDAMENTOS EN CONTROL DE TENSI\u00d3N CONSTANTE - industria-de-la-conversion.ttemsa","isPartOf":{"@id":"https:\/\/ttemsa.com\/industria\/#website"},"primaryImageOfPage":{"@id":"https:\/\/ttemsa.com\/industria\/index.php\/magpowr-2\/51-base-de-alineacion-de-orilla-4p\/#primaryimage"},"image":{"@id":"https:\/\/ttemsa.com\/industria\/index.php\/magpowr-2\/51-base-de-alineacion-de-orilla-4p\/#primaryimage"},"thumbnailUrl":"https:\/\/ttemsa.com\/industria\/wp-content\/uploads\/2023\/12\/generalidades.jpg","datePublished":"2024-03-01T19:27:13+00:00","dateModified":"2024-09-05T22:39:09+00:00","description":"\u00bfQue es y para qu\u00e9 sirve?En desenredado, enredado o de punto a punto (de una secci\u00f3n de una m\u00e1quina a otra) en muy importante mantener la tensi\u00f3n constante (en forma autom\u00e1tica), todo esto se refiere a aplicaciones de banda continua.","breadcrumb":{"@id":"https:\/\/ttemsa.com\/industria\/index.php\/magpowr-2\/51-base-de-alineacion-de-orilla-4p\/#breadcrumb"},"inLanguage":"es","potentialAction":[{"@type":"ReadAction","target":["https:\/\/ttemsa.com\/industria\/index.php\/magpowr-2\/51-base-de-alineacion-de-orilla-4p\/"]}]},{"@type":"ImageObject","inLanguage":"es","@id":"https:\/\/ttemsa.com\/industria\/index.php\/magpowr-2\/51-base-de-alineacion-de-orilla-4p\/#primaryimage","url":"https:\/\/ttemsa.com\/industria\/wp-content\/uploads\/2023\/12\/generalidades.jpg","contentUrl":"https:\/\/ttemsa.com\/industria\/wp-content\/uploads\/2023\/12\/generalidades.jpg","width":586,"height":613},{"@type":"BreadcrumbList","@id":"https:\/\/ttemsa.com\/industria\/index.php\/magpowr-2\/51-base-de-alineacion-de-orilla-4p\/#breadcrumb","itemListElement":[{"@type":"ListItem","position":1,"name":"Inicio","item":"https:\/\/ttemsa.com\/industria\/"},{"@type":"ListItem","position":2,"name":"MAGPOWR.","item":"https:\/\/ttemsa.com\/industria\/index.php\/magpowr-2\/"},{"@type":"ListItem","position":3,"name":"FUNDAMENTOS EN CONTROL DE TENSI\u00d3N CONSTANTE"}]},{"@type":"WebSite","@id":"https:\/\/ttemsa.com\/industria\/#website","url":"https:\/\/ttemsa.com\/industria\/","name":"industria-de-la-conversion.ttemsa","description":"Designed Dianalacazadora.com","alternateName":"ttemsa l\u00edderes en la industria de la conversi\u00f3n","potentialAction":[{"@type":"SearchAction","target":{"@type":"EntryPoint","urlTemplate":"https:\/\/ttemsa.com\/industria\/?s={search_term_string}"},"query-input":{"@type":"PropertyValueSpecification","valueRequired":true,"valueName":"search_term_string"}}],"inLanguage":"es"}]}},"_links":{"self":[{"href":"https:\/\/ttemsa.com\/industria\/index.php\/wp-json\/wp\/v2\/pages\/1495","targetHints":{"allow":["GET"]}}],"collection":[{"href":"https:\/\/ttemsa.com\/industria\/index.php\/wp-json\/wp\/v2\/pages"}],"about":[{"href":"https:\/\/ttemsa.com\/industria\/index.php\/wp-json\/wp\/v2\/types\/page"}],"author":[{"embeddable":true,"href":"https:\/\/ttemsa.com\/industria\/index.php\/wp-json\/wp\/v2\/users\/1"}],"replies":[{"embeddable":true,"href":"https:\/\/ttemsa.com\/industria\/index.php\/wp-json\/wp\/v2\/comments?post=1495"}],"version-history":[{"count":7,"href":"https:\/\/ttemsa.com\/industria\/index.php\/wp-json\/wp\/v2\/pages\/1495\/revisions"}],"predecessor-version":[{"id":3003,"href":"https:\/\/ttemsa.com\/industria\/index.php\/wp-json\/wp\/v2\/pages\/1495\/revisions\/3003"}],"up":[{"embeddable":true,"href":"https:\/\/ttemsa.com\/industria\/index.php\/wp-json\/wp\/v2\/pages\/1464"}],"wp:attachment":[{"href":"https:\/\/ttemsa.com\/industria\/index.php\/wp-json\/wp\/v2\/media?parent=1495"}],"wp:term":[{"taxonomy":"category","embeddable":true,"href":"https:\/\/ttemsa.com\/industria\/index.php\/wp-json\/wp\/v2\/categories?post=1495"},{"taxonomy":"post_tag","embeddable":true,"href":"https:\/\/ttemsa.com\/industria\/index.php\/wp-json\/wp\/v2\/tags?post=1495"}],"curies":[{"name":"wp","href":"https:\/\/api.w.org\/{rel}","templated":true}]}}