{"id":1497,"date":"2024-03-01T19:27:38","date_gmt":"2024-03-01T19:27:38","guid":{"rendered":"https:\/\/ttemsa.com\/industria\/index.php\/magpowr-2\/transductor-de-corriente-a-presion-copy\/"},"modified":"2024-09-05T22:49:35","modified_gmt":"2024-09-05T22:49:35","slug":"52-base-de-alineacion-de-orilla-5","status":"publish","type":"page","link":"https:\/\/ttemsa.com\/industria\/index.php\/magpowr-2\/52-base-de-alineacion-de-orilla-5\/","title":{"rendered":"EQUIPOS CON CELDAS DE CARGA MAGPOWR"},"content":{"rendered":"<div class=\"wp-block-image\">\n<figure class=\"aligncenter size-full\"><img loading=\"lazy\" decoding=\"async\" width=\"591\" height=\"358\" src=\"https:\/\/ttemsa.com\/industria\/wp-content\/uploads\/2023\/12\/Cygnus.jpg\" alt=\"\" class=\"wp-image-814\" srcset=\"https:\/\/ttemsa.com\/industria\/wp-content\/uploads\/2023\/12\/Cygnus.jpg 591w, https:\/\/ttemsa.com\/industria\/wp-content\/uploads\/2023\/12\/Cygnus-300x182.jpg 300w\" sizes=\"auto, (max-width: 591px) 100vw, 591px\" \/><figcaption class=\"wp-element-caption\">Equipos con celdas de carga:<\/figcaption><\/figure>\n<\/div>\n\n\n<figure class=\"wp-block-embed alignleft is-type-video is-provider-youtube wp-block-embed-youtube wp-embed-aspect-4-3 wp-has-aspect-ratio\"><div class=\"wp-block-embed__wrapper\">\n<iframe loading=\"lazy\" title=\"MAGPOWR Cygnus Tension Control\" width=\"500\" height=\"375\" src=\"https:\/\/www.youtube.com\/embed\/wleOyy556U0?feature=oembed\" frameborder=\"0\" allow=\"accelerometer; autoplay; clipboard-write; encrypted-media; gyroscope; picture-in-picture; web-share\" referrerpolicy=\"strict-origin-when-cross-origin\" allowfullscreen><\/iframe>\n<\/div><\/figure>\n\n\n\n<p><\/p>\n\n\n\n<p>Este es el \u00fanico sistema que mide y mantiene la tensi\u00f3n constante en aplicaciones de desenredado, enredado o de punto a punto. Los otros sistemas \u00fanicamente mantienen la tensi\u00f3n constante, pero el operador no puede constatar que valor de tensi\u00f3n tiene. Son relativamente f\u00e1ciles de adaptar en equipos ya existentes.<\/p>\n\n\n\n<p><\/p>\n\n\n\n<p>El sistema consta de un juego de celdas de carga (que son una b\u00e1scula), que al detectar mayor o menor valor de tensi\u00f3n ( a la que se determina) env\u00eda la se\u00f1al al control, para que suministre al freno, embrague o transmisi\u00f3n de velocidad variable mayor o menor par de torsi\u00f3n, para mantener la tensi\u00f3n constante.<\/p>\n\n\n\n<p>Si yo en forma manual le quito tensi\u00f3n a las celdas de carga, autom\u00e1ticamente le env\u00eda se\u00f1al para aumentar la tensi\u00f3n; de la misma forma si le pongo mayor tensi\u00f3n (a las celdas de carga) manda la se\u00f1al para disminuir la tensi\u00f3n. Esto en una forma pr\u00e1ctica de verificar si el sistema trabaja correctamente.<\/p>\n\n\n\n<p>El control proporciona la lectura de la tensi\u00f3n, en la cual puede haber una peque\u00f1a variaci\u00f3n, debido a excentricidades de los rodillos, as\u00ed como excentricidad de los rollos de desembobinado y embobinado.<\/p>\n\n\n\n<p><\/p>\n\n\n<div class=\"wp-block-image\">\n<figure class=\"aligncenter size-full is-resized\"><img loading=\"lazy\" decoding=\"async\" width=\"781\" height=\"220\" src=\"https:\/\/ttemsa.com\/industria\/wp-content\/uploads\/2023\/12\/magpowr.jpg\" alt=\"\" class=\"wp-image-806\" style=\"width:221px;height:auto\" srcset=\"https:\/\/ttemsa.com\/industria\/wp-content\/uploads\/2023\/12\/magpowr.jpg 781w, https:\/\/ttemsa.com\/industria\/wp-content\/uploads\/2023\/12\/magpowr-300x85.jpg 300w, https:\/\/ttemsa.com\/industria\/wp-content\/uploads\/2023\/12\/magpowr-768x216.jpg 768w\" sizes=\"auto, (max-width: 781px) 100vw, 781px\" \/><\/figure>\n<\/div>\n\n\n<p><\/p>\n\n\n\n<hr class=\"wp-block-separator has-alpha-channel-opacity\"\/>\n\n\n\n<p><\/p>\n\n\n\n<p class=\"has-medium-font-size\"><strong>Estos sistemas se pueden suministrar con dos tipos de controles:&nbsp; &nbsp;<\/strong><\/p>\n\n\n\n<p>*&nbsp;<strong>Control Cygnus:<\/strong>&nbsp;Que es muy completo, recomendado para aplicaciones dif\u00edciles\/sofisticadas, mucho m\u00e1s vers\u00e1til. Puede suministrar tensi\u00f3n decreciente (para enredado)<\/p>\n\n\n\n<div class=\"wp-block-media-text is-stacked-on-mobile\" style=\"grid-template-columns:37% auto\"><figure class=\"wp-block-media-text__media\"><img loading=\"lazy\" decoding=\"async\" width=\"192\" height=\"191\" src=\"https:\/\/ttemsa.com\/industria\/wp-content\/uploads\/2023\/12\/140493_large.png\" alt=\"\" class=\"wp-image-816 size-full\" srcset=\"https:\/\/ttemsa.com\/industria\/wp-content\/uploads\/2023\/12\/140493_large.png 192w, https:\/\/ttemsa.com\/industria\/wp-content\/uploads\/2023\/12\/140493_large-150x150.png 150w\" sizes=\"auto, (max-width: 192px) 100vw, 192px\" \/><\/figure><div class=\"wp-block-media-text__content\">\n<p><\/p>\n\n\n\n<ul class=\"wp-block-list\">\n<li>Detecci\u00f3n de rotura de banda.<\/li>\n\n\n\n<li>Compensaci\u00f3n de falta de redondez de la bobina.<\/li>\n\n\n\n<li>Capacidad de comunicaci\u00f3n con bus.<\/li>\n\n\n\n<li>Ajuste autom\u00e1tico.<\/li>\n\n\n\n<li>Calibraci\u00f3n de c\u00e9lulas de carga sin peso.<\/li>\n\n\n\n<li>Diagn\u00f3stico avanzado de c\u00e9lulas de carga.<\/li>\n\n\n\n<li>Programaci\u00f3n de ganancia.<\/li>\n\n\n\n<li>Aprobado por UL y CE.<\/li>\n<\/ul>\n<\/div><\/div>\n\n\n\n<hr class=\"wp-block-separator has-alpha-channel-opacity\"\/>\n\n\n<div class=\"wp-block-image\">\n<figure class=\"aligncenter size-full is-resized\"><img loading=\"lazy\" decoding=\"async\" width=\"591\" height=\"358\" src=\"https:\/\/ttemsa.com\/industria\/wp-content\/uploads\/2023\/12\/Cygnus_Matthias.png\" alt=\"\" class=\"wp-image-817\" style=\"width:403px;height:auto\" srcset=\"https:\/\/ttemsa.com\/industria\/wp-content\/uploads\/2023\/12\/Cygnus_Matthias.png 591w, https:\/\/ttemsa.com\/industria\/wp-content\/uploads\/2023\/12\/Cygnus_Matthias-300x182.png 300w\" sizes=\"auto, (max-width: 591px) 100vw, 591px\" \/><\/figure>\n<\/div>\n\n\n<p>Los potentes y compactos controles de tensi\u00f3n <strong>Cygnus\u00ae de MAGPOWR<\/strong> ponen a disposici\u00f3n de los operadores de forma inmediata una variedad de caracter\u00edsticas avanzadas y de f\u00e1cil uso.<\/p>\n\n\n\n<p>Los operadores pueden desplazarse f\u00e1cilmente por las funciones y c\u00f3digos avanzados de control de tensi\u00f3n a trav\u00e9s de mensajes que se muestran en pantalla con texto completo para agilizar el proceso de configuraci\u00f3n.<\/p>\n\n\n\n<p>La tensi\u00f3n de la banda se mantiene o se ajusta mediante el uso de &#8220;t<strong>eclas inteligentes<\/strong>&#8221; multifunci\u00f3n, similares a las que se utilizan en los cajeros autom\u00e1ticos, y una pantalla retroiluminada para facilitar la visualizaci\u00f3n.<\/p>\n\n\n\n<p>Los transformadores e impresores pueden reducir dr\u00e1sticamente el tiempo de preparaci\u00f3n y mejorar la consistencia con potentes funciones como el ajuste autom\u00e1tico y la compensaci\u00f3n de la falta de redondez de la bobina (lo cual anteriormente solo era posible con un control de bailarines).<\/p>\n\n\n\n<p>Los ajustes de tensi\u00f3n complejos pueden introducirse con <strong>rapidez <\/strong>mediante mensajes de texto completo, a diferencia de otros procesos de introducci\u00f3n anteriores m\u00e1s complicados.<\/p>\n\n\n\n<figure class=\"wp-block-table is-style-stripes\"><table><tbody><tr><td><\/td><\/tr><tr><td><\/td><\/tr><\/tbody><\/table><figcaption class=\"wp-element-caption\">Especificaciones<\/figcaption><\/figure>\n\n\n<div class=\"wp-block-image\">\n<figure class=\"aligncenter size-full\"><img loading=\"lazy\" decoding=\"async\" width=\"608\" height=\"384\" src=\"https:\/\/ttemsa.com\/industria\/wp-content\/uploads\/2023\/12\/Captura-de-pantalla-2023-12-25-a-las-7.37.26-a.m.png\" alt=\"\" class=\"wp-image-818\" srcset=\"https:\/\/ttemsa.com\/industria\/wp-content\/uploads\/2023\/12\/Captura-de-pantalla-2023-12-25-a-las-7.37.26-a.m.png 608w, https:\/\/ttemsa.com\/industria\/wp-content\/uploads\/2023\/12\/Captura-de-pantalla-2023-12-25-a-las-7.37.26-a.m-300x189.png 300w\" sizes=\"auto, (max-width: 608px) 100vw, 608px\" \/><\/figure>\n<\/div>\n\n<div class=\"wp-block-image\">\n<figure class=\"aligncenter size-full\"><img loading=\"lazy\" decoding=\"async\" width=\"606\" height=\"587\" src=\"https:\/\/ttemsa.com\/industria\/wp-content\/uploads\/2023\/12\/Captura-de-pantalla-2023-12-25-a-las-7.37.44-a.m.png\" alt=\"\" class=\"wp-image-819\" srcset=\"https:\/\/ttemsa.com\/industria\/wp-content\/uploads\/2023\/12\/Captura-de-pantalla-2023-12-25-a-las-7.37.44-a.m.png 606w, https:\/\/ttemsa.com\/industria\/wp-content\/uploads\/2023\/12\/Captura-de-pantalla-2023-12-25-a-las-7.37.44-a.m-300x291.png 300w\" sizes=\"auto, (max-width: 606px) 100vw, 606px\" \/><\/figure>\n<\/div>\n\n<div class=\"wp-block-image\">\n<figure class=\"aligncenter size-full\"><img loading=\"lazy\" decoding=\"async\" width=\"607\" height=\"198\" src=\"https:\/\/ttemsa.com\/industria\/wp-content\/uploads\/2023\/12\/Captura-de-pantalla-2023-12-25-a-las-7.38.00-a.m.png\" alt=\"\" class=\"wp-image-820\" srcset=\"https:\/\/ttemsa.com\/industria\/wp-content\/uploads\/2023\/12\/Captura-de-pantalla-2023-12-25-a-las-7.38.00-a.m.png 607w, https:\/\/ttemsa.com\/industria\/wp-content\/uploads\/2023\/12\/Captura-de-pantalla-2023-12-25-a-las-7.38.00-a.m-300x98.png 300w\" sizes=\"auto, (max-width: 607px) 100vw, 607px\" \/><\/figure>\n<\/div>\n\n\n<p><\/p>\n\n\n\n<hr class=\"wp-block-separator has-alpha-channel-opacity\"\/>\n\n\n<div class=\"wp-block-image\">\n<figure class=\"aligncenter size-full\"><img loading=\"lazy\" decoding=\"async\" width=\"479\" height=\"276\" src=\"https:\/\/ttemsa.com\/industria\/wp-content\/uploads\/2023\/12\/spyder-pluss2.jpg\" alt=\"\" class=\"wp-image-821\" srcset=\"https:\/\/ttemsa.com\/industria\/wp-content\/uploads\/2023\/12\/spyder-pluss2.jpg 479w, https:\/\/ttemsa.com\/industria\/wp-content\/uploads\/2023\/12\/spyder-pluss2-300x173.jpg 300w\" sizes=\"auto, (max-width: 479px) 100vw, 479px\" \/><figcaption class=\"wp-element-caption\"><strong>Control Spyder<\/strong><\/figcaption><\/figure>\n<\/div>\n\n\n<p>Que para aplicaciones b\u00e1sicas y es m\u00e1s econ\u00f3mico.<\/p>\n\n\n\n<p>Este equipo tiene un precio intermedio comparado con el Control de Ultrasonido y el de celdas de carga con Control Cygnus.<\/p>\n\n\n\n<p>Este control es el&nbsp;unico que puede trabajar en forma de rodillo Danzar\u00edn al mismo tiempo que mide la tensi\u00f3n.<\/p>\n\n\n\n<p>Existen una amplia variedad de celdas de carga con capacidades de o a 500 grs hasta de o a 15,000 kgs. (1.1 a 33 000 lbs).<\/p>\n\n\n\n<p>Ver especificaciones de celdas de carga. Para montaje de pedestal o de brida (pared) o en Cantiliver.&nbsp;<\/p>\n\n\n\n<figure class=\"wp-block-image size-large\"><img loading=\"lazy\" decoding=\"async\" width=\"857\" height=\"1024\" src=\"https:\/\/ttemsa.com\/industria\/wp-content\/uploads\/2023\/12\/Lazo-cerrado-857x1024.jpg\" alt=\"\" class=\"wp-image-822\" srcset=\"https:\/\/ttemsa.com\/industria\/wp-content\/uploads\/2023\/12\/Lazo-cerrado-857x1024.jpg 857w, https:\/\/ttemsa.com\/industria\/wp-content\/uploads\/2023\/12\/Lazo-cerrado-251x300.jpg 251w, https:\/\/ttemsa.com\/industria\/wp-content\/uploads\/2023\/12\/Lazo-cerrado-768x917.jpg 768w, https:\/\/ttemsa.com\/industria\/wp-content\/uploads\/2023\/12\/Lazo-cerrado-1286x1536.jpg 1286w, https:\/\/ttemsa.com\/industria\/wp-content\/uploads\/2023\/12\/Lazo-cerrado.jpg 1680w\" sizes=\"auto, (max-width: 857px) 100vw, 857px\" \/><\/figure>\n\n\n\n<figure class=\"wp-block-image size-large\"><img loading=\"lazy\" decoding=\"async\" width=\"791\" height=\"1024\" src=\"https:\/\/ttemsa.com\/industria\/wp-content\/uploads\/2023\/12\/celdas-de-carga-con-lazo-cerrado-791x1024.jpg\" alt=\"\" class=\"wp-image-823\" srcset=\"https:\/\/ttemsa.com\/industria\/wp-content\/uploads\/2023\/12\/celdas-de-carga-con-lazo-cerrado-791x1024.jpg 791w, https:\/\/ttemsa.com\/industria\/wp-content\/uploads\/2023\/12\/celdas-de-carga-con-lazo-cerrado-232x300.jpg 232w, https:\/\/ttemsa.com\/industria\/wp-content\/uploads\/2023\/12\/celdas-de-carga-con-lazo-cerrado-768x995.jpg 768w, https:\/\/ttemsa.com\/industria\/wp-content\/uploads\/2023\/12\/celdas-de-carga-con-lazo-cerrado-1186x1536.jpg 1186w, https:\/\/ttemsa.com\/industria\/wp-content\/uploads\/2023\/12\/celdas-de-carga-con-lazo-cerrado.jpg 1582w\" sizes=\"auto, (max-width: 791px) 100vw, 791px\" \/><\/figure>\n\n\n\n<figure class=\"wp-block-image size-large\"><img loading=\"lazy\" decoding=\"async\" width=\"827\" height=\"1024\" src=\"https:\/\/ttemsa.com\/industria\/wp-content\/uploads\/2023\/12\/sistema-de-lazo-cerrado-a-base-de-carga-827x1024.jpg\" alt=\"\" class=\"wp-image-824\" srcset=\"https:\/\/ttemsa.com\/industria\/wp-content\/uploads\/2023\/12\/sistema-de-lazo-cerrado-a-base-de-carga-827x1024.jpg 827w, https:\/\/ttemsa.com\/industria\/wp-content\/uploads\/2023\/12\/sistema-de-lazo-cerrado-a-base-de-carga-242x300.jpg 242w, https:\/\/ttemsa.com\/industria\/wp-content\/uploads\/2023\/12\/sistema-de-lazo-cerrado-a-base-de-carga-768x951.jpg 768w, https:\/\/ttemsa.com\/industria\/wp-content\/uploads\/2023\/12\/sistema-de-lazo-cerrado-a-base-de-carga-1240x1536.jpg 1240w, https:\/\/ttemsa.com\/industria\/wp-content\/uploads\/2023\/12\/sistema-de-lazo-cerrado-a-base-de-carga-1653x2048.jpg 1653w, https:\/\/ttemsa.com\/industria\/wp-content\/uploads\/2023\/12\/sistema-de-lazo-cerrado-a-base-de-carga.jpg 1659w\" sizes=\"auto, (max-width: 827px) 100vw, 827px\" \/><\/figure>\n","protected":false},"excerpt":{"rendered":"<p>Este es el \u00fanico sistema que mide y mantiene la tensi\u00f3n constante en aplicaciones de desenredado, enredado o de punto a punto. Los otros sistemas \u00fanicamente mantienen la tensi\u00f3n constante, pero el operador no puede constatar que valor de tensi\u00f3n tiene. Son relativamente f\u00e1ciles de adaptar en equipos ya existentes. El sistema consta de un [&hellip;]<\/p>\n","protected":false},"author":1,"featured_media":0,"parent":1464,"menu_order":0,"comment_status":"closed","ping_status":"closed","template":"","meta":{"content-type":"","footnotes":""},"categories":[31],"tags":[],"class_list":["post-1497","page","type-page","status-publish","hentry","category-magpowrcat"],"yoast_head":"<!-- This site is optimized with the Yoast SEO plugin v26.6 - https:\/\/yoast.com\/wordpress\/plugins\/seo\/ -->\n<title>EQUIPOS CON CELDAS DE CARGA MAGPOWR - industria-de-la-conversion.ttemsa<\/title>\n<meta name=\"description\" content=\"Este es el \u00fanico sistema que mide y mantiene la tensi\u00f3n constante en aplicaciones de desenredado, enredado o de punto a punto. Los otros sistemas \u00fanicamente mantienen la tensi\u00f3n constante, pero el operador no puede constatar que valor de tensi\u00f3n tiene. Son relativamente f\u00e1ciles de adaptar en equipos ya existentes.\" \/>\n<meta name=\"robots\" content=\"index, follow, max-snippet:-1, max-image-preview:large, max-video-preview:-1\" \/>\n<link rel=\"canonical\" href=\"https:\/\/ttemsa.com\/industria\/index.php\/magpowr-2\/52-base-de-alineacion-de-orilla-5\/\" \/>\n<meta property=\"og:locale\" content=\"es_MX\" \/>\n<meta property=\"og:type\" content=\"article\" \/>\n<meta property=\"og:title\" content=\"Equipos con celdas de carga: el \u00fanico sistema que mide y mantiene la tensi\u00f3n constante en aplicaciones de desenredado, enredado o de punto a punto.\" \/>\n<meta property=\"og:description\" content=\"en ttemsa ofrecemos Soluciones solicite + info Tel\u00e9fonos: + 52 (55) 5352-0191 5352-1301 5352-6070 5352-0593\" \/>\n<meta property=\"og:url\" content=\"https:\/\/ttemsa.com\/industria\/index.php\/magpowr-2\/52-base-de-alineacion-de-orilla-5\/\" \/>\n<meta property=\"og:site_name\" content=\"industria-de-la-conversion.ttemsa\" \/>\n<meta property=\"article:modified_time\" content=\"2024-09-05T22:49:35+00:00\" \/>\n<meta property=\"og:image\" content=\"https:\/\/ttemsa.com\/industria\/wp-content\/uploads\/2023\/12\/Cygnus-1.jpg\" \/>\n\t<meta property=\"og:image:width\" content=\"591\" \/>\n\t<meta property=\"og:image:height\" content=\"358\" \/>\n\t<meta property=\"og:image:type\" content=\"image\/jpeg\" \/>\n<meta name=\"twitter:card\" content=\"summary_large_image\" \/>\n<meta name=\"twitter:label1\" content=\"Tiempo de lectura\" \/>\n\t<meta name=\"twitter:data1\" content=\"5 minutos\" \/>\n<script type=\"application\/ld+json\" class=\"yoast-schema-graph\">{\"@context\":\"https:\/\/schema.org\",\"@graph\":[{\"@type\":\"WebPage\",\"@id\":\"https:\/\/ttemsa.com\/industria\/index.php\/magpowr-2\/52-base-de-alineacion-de-orilla-5\/\",\"url\":\"https:\/\/ttemsa.com\/industria\/index.php\/magpowr-2\/52-base-de-alineacion-de-orilla-5\/\",\"name\":\"EQUIPOS CON CELDAS DE CARGA MAGPOWR - industria-de-la-conversion.ttemsa\",\"isPartOf\":{\"@id\":\"https:\/\/ttemsa.com\/industria\/#website\"},\"primaryImageOfPage\":{\"@id\":\"https:\/\/ttemsa.com\/industria\/index.php\/magpowr-2\/52-base-de-alineacion-de-orilla-5\/#primaryimage\"},\"image\":{\"@id\":\"https:\/\/ttemsa.com\/industria\/index.php\/magpowr-2\/52-base-de-alineacion-de-orilla-5\/#primaryimage\"},\"thumbnailUrl\":\"https:\/\/ttemsa.com\/industria\/wp-content\/uploads\/2023\/12\/Cygnus.jpg\",\"datePublished\":\"2024-03-01T19:27:38+00:00\",\"dateModified\":\"2024-09-05T22:49:35+00:00\",\"description\":\"Este es el \u00fanico sistema que mide y mantiene la tensi\u00f3n constante en aplicaciones de desenredado, enredado o de punto a punto. Los otros sistemas \u00fanicamente mantienen la tensi\u00f3n constante, pero el operador no puede constatar que valor de tensi\u00f3n tiene. Son relativamente f\u00e1ciles de adaptar en equipos ya existentes.\",\"breadcrumb\":{\"@id\":\"https:\/\/ttemsa.com\/industria\/index.php\/magpowr-2\/52-base-de-alineacion-de-orilla-5\/#breadcrumb\"},\"inLanguage\":\"es\",\"potentialAction\":[{\"@type\":\"ReadAction\",\"target\":[\"https:\/\/ttemsa.com\/industria\/index.php\/magpowr-2\/52-base-de-alineacion-de-orilla-5\/\"]}]},{\"@type\":\"ImageObject\",\"inLanguage\":\"es\",\"@id\":\"https:\/\/ttemsa.com\/industria\/index.php\/magpowr-2\/52-base-de-alineacion-de-orilla-5\/#primaryimage\",\"url\":\"https:\/\/ttemsa.com\/industria\/wp-content\/uploads\/2023\/12\/Cygnus.jpg\",\"contentUrl\":\"https:\/\/ttemsa.com\/industria\/wp-content\/uploads\/2023\/12\/Cygnus.jpg\",\"width\":591,\"height\":358},{\"@type\":\"BreadcrumbList\",\"@id\":\"https:\/\/ttemsa.com\/industria\/index.php\/magpowr-2\/52-base-de-alineacion-de-orilla-5\/#breadcrumb\",\"itemListElement\":[{\"@type\":\"ListItem\",\"position\":1,\"name\":\"Inicio\",\"item\":\"https:\/\/ttemsa.com\/industria\/\"},{\"@type\":\"ListItem\",\"position\":2,\"name\":\"MAGPOWR.\",\"item\":\"https:\/\/ttemsa.com\/industria\/index.php\/magpowr-2\/\"},{\"@type\":\"ListItem\",\"position\":3,\"name\":\"EQUIPOS CON CELDAS DE CARGA MAGPOWR\"}]},{\"@type\":\"WebSite\",\"@id\":\"https:\/\/ttemsa.com\/industria\/#website\",\"url\":\"https:\/\/ttemsa.com\/industria\/\",\"name\":\"industria-de-la-conversion.ttemsa\",\"description\":\"Designed Dianalacazadora.com\",\"alternateName\":\"ttemsa l\u00edderes en la industria de la conversi\u00f3n\",\"potentialAction\":[{\"@type\":\"SearchAction\",\"target\":{\"@type\":\"EntryPoint\",\"urlTemplate\":\"https:\/\/ttemsa.com\/industria\/?s={search_term_string}\"},\"query-input\":{\"@type\":\"PropertyValueSpecification\",\"valueRequired\":true,\"valueName\":\"search_term_string\"}}],\"inLanguage\":\"es\"}]}<\/script>\n<!-- \/ Yoast SEO plugin. -->","yoast_head_json":{"title":"EQUIPOS CON CELDAS DE CARGA MAGPOWR - industria-de-la-conversion.ttemsa","description":"Este es el \u00fanico sistema que mide y mantiene la tensi\u00f3n constante en aplicaciones de desenredado, enredado o de punto a punto. Los otros sistemas \u00fanicamente mantienen la tensi\u00f3n constante, pero el operador no puede constatar que valor de tensi\u00f3n tiene. Son relativamente f\u00e1ciles de adaptar en equipos ya existentes.","robots":{"index":"index","follow":"follow","max-snippet":"max-snippet:-1","max-image-preview":"max-image-preview:large","max-video-preview":"max-video-preview:-1"},"canonical":"https:\/\/ttemsa.com\/industria\/index.php\/magpowr-2\/52-base-de-alineacion-de-orilla-5\/","og_locale":"es_MX","og_type":"article","og_title":"Equipos con celdas de carga: el \u00fanico sistema que mide y mantiene la tensi\u00f3n constante en aplicaciones de desenredado, enredado o de punto a punto.","og_description":"en ttemsa ofrecemos Soluciones solicite + info Tel\u00e9fonos: + 52 (55) 5352-0191 5352-1301 5352-6070 5352-0593","og_url":"https:\/\/ttemsa.com\/industria\/index.php\/magpowr-2\/52-base-de-alineacion-de-orilla-5\/","og_site_name":"industria-de-la-conversion.ttemsa","article_modified_time":"2024-09-05T22:49:35+00:00","og_image":[{"width":591,"height":358,"url":"https:\/\/ttemsa.com\/industria\/wp-content\/uploads\/2023\/12\/Cygnus-1.jpg","type":"image\/jpeg"}],"twitter_card":"summary_large_image","twitter_misc":{"Tiempo de lectura":"5 minutos"},"schema":{"@context":"https:\/\/schema.org","@graph":[{"@type":"WebPage","@id":"https:\/\/ttemsa.com\/industria\/index.php\/magpowr-2\/52-base-de-alineacion-de-orilla-5\/","url":"https:\/\/ttemsa.com\/industria\/index.php\/magpowr-2\/52-base-de-alineacion-de-orilla-5\/","name":"EQUIPOS CON CELDAS DE CARGA MAGPOWR - industria-de-la-conversion.ttemsa","isPartOf":{"@id":"https:\/\/ttemsa.com\/industria\/#website"},"primaryImageOfPage":{"@id":"https:\/\/ttemsa.com\/industria\/index.php\/magpowr-2\/52-base-de-alineacion-de-orilla-5\/#primaryimage"},"image":{"@id":"https:\/\/ttemsa.com\/industria\/index.php\/magpowr-2\/52-base-de-alineacion-de-orilla-5\/#primaryimage"},"thumbnailUrl":"https:\/\/ttemsa.com\/industria\/wp-content\/uploads\/2023\/12\/Cygnus.jpg","datePublished":"2024-03-01T19:27:38+00:00","dateModified":"2024-09-05T22:49:35+00:00","description":"Este es el \u00fanico sistema que mide y mantiene la tensi\u00f3n constante en aplicaciones de desenredado, enredado o de punto a punto. Los otros sistemas \u00fanicamente mantienen la tensi\u00f3n constante, pero el operador no puede constatar que valor de tensi\u00f3n tiene. Son relativamente f\u00e1ciles de adaptar en equipos ya existentes.","breadcrumb":{"@id":"https:\/\/ttemsa.com\/industria\/index.php\/magpowr-2\/52-base-de-alineacion-de-orilla-5\/#breadcrumb"},"inLanguage":"es","potentialAction":[{"@type":"ReadAction","target":["https:\/\/ttemsa.com\/industria\/index.php\/magpowr-2\/52-base-de-alineacion-de-orilla-5\/"]}]},{"@type":"ImageObject","inLanguage":"es","@id":"https:\/\/ttemsa.com\/industria\/index.php\/magpowr-2\/52-base-de-alineacion-de-orilla-5\/#primaryimage","url":"https:\/\/ttemsa.com\/industria\/wp-content\/uploads\/2023\/12\/Cygnus.jpg","contentUrl":"https:\/\/ttemsa.com\/industria\/wp-content\/uploads\/2023\/12\/Cygnus.jpg","width":591,"height":358},{"@type":"BreadcrumbList","@id":"https:\/\/ttemsa.com\/industria\/index.php\/magpowr-2\/52-base-de-alineacion-de-orilla-5\/#breadcrumb","itemListElement":[{"@type":"ListItem","position":1,"name":"Inicio","item":"https:\/\/ttemsa.com\/industria\/"},{"@type":"ListItem","position":2,"name":"MAGPOWR.","item":"https:\/\/ttemsa.com\/industria\/index.php\/magpowr-2\/"},{"@type":"ListItem","position":3,"name":"EQUIPOS CON CELDAS DE CARGA MAGPOWR"}]},{"@type":"WebSite","@id":"https:\/\/ttemsa.com\/industria\/#website","url":"https:\/\/ttemsa.com\/industria\/","name":"industria-de-la-conversion.ttemsa","description":"Designed Dianalacazadora.com","alternateName":"ttemsa l\u00edderes en la industria de la conversi\u00f3n","potentialAction":[{"@type":"SearchAction","target":{"@type":"EntryPoint","urlTemplate":"https:\/\/ttemsa.com\/industria\/?s={search_term_string}"},"query-input":{"@type":"PropertyValueSpecification","valueRequired":true,"valueName":"search_term_string"}}],"inLanguage":"es"}]}},"_links":{"self":[{"href":"https:\/\/ttemsa.com\/industria\/index.php\/wp-json\/wp\/v2\/pages\/1497","targetHints":{"allow":["GET"]}}],"collection":[{"href":"https:\/\/ttemsa.com\/industria\/index.php\/wp-json\/wp\/v2\/pages"}],"about":[{"href":"https:\/\/ttemsa.com\/industria\/index.php\/wp-json\/wp\/v2\/types\/page"}],"author":[{"embeddable":true,"href":"https:\/\/ttemsa.com\/industria\/index.php\/wp-json\/wp\/v2\/users\/1"}],"replies":[{"embeddable":true,"href":"https:\/\/ttemsa.com\/industria\/index.php\/wp-json\/wp\/v2\/comments?post=1497"}],"version-history":[{"count":12,"href":"https:\/\/ttemsa.com\/industria\/index.php\/wp-json\/wp\/v2\/pages\/1497\/revisions"}],"predecessor-version":[{"id":3015,"href":"https:\/\/ttemsa.com\/industria\/index.php\/wp-json\/wp\/v2\/pages\/1497\/revisions\/3015"}],"up":[{"embeddable":true,"href":"https:\/\/ttemsa.com\/industria\/index.php\/wp-json\/wp\/v2\/pages\/1464"}],"wp:attachment":[{"href":"https:\/\/ttemsa.com\/industria\/index.php\/wp-json\/wp\/v2\/media?parent=1497"}],"wp:term":[{"taxonomy":"category","embeddable":true,"href":"https:\/\/ttemsa.com\/industria\/index.php\/wp-json\/wp\/v2\/categories?post=1497"},{"taxonomy":"post_tag","embeddable":true,"href":"https:\/\/ttemsa.com\/industria\/index.php\/wp-json\/wp\/v2\/tags?post=1497"}],"curies":[{"name":"wp","href":"https:\/\/api.w.org\/{rel}","templated":true}]}}