{"id":1506,"date":"2024-03-01T19:37:48","date_gmt":"2024-03-01T19:37:48","guid":{"rendered":"https:\/\/ttemsa.com\/industria\/index.php\/fife\/sistemas-de-alineacion-de-banda-base-de-alineacion-opg-fife-200-copy\/"},"modified":"2024-09-07T14:34:22","modified_gmt":"2024-09-07T14:34:22","slug":"93-sistemas-de-alineacion-de-orilla-fife","status":"publish","type":"page","link":"https:\/\/ttemsa.com\/industria\/index.php\/fife\/93-sistemas-de-alineacion-de-orilla-fife\/","title":{"rendered":"Sistemas de Alineaci\u00f3n de Orilla Electromec\u00e1nicos"},"content":{"rendered":"\n<p>Conocidos tambi\u00e9n como electr\u00f3nicos<\/p>\n\n\n\n<figure class=\"wp-block-image size-full\"><img loading=\"lazy\" decoding=\"async\" width=\"756\" height=\"383\" src=\"https:\/\/ttemsa.com\/industria\/wp-content\/uploads\/2023\/12\/D-MAXEvc.png\" alt=\"\" class=\"wp-image-471\" srcset=\"https:\/\/ttemsa.com\/industria\/wp-content\/uploads\/2023\/12\/D-MAXEvc.png 756w, https:\/\/ttemsa.com\/industria\/wp-content\/uploads\/2023\/12\/D-MAXEvc-300x152.png 300w\" sizes=\"auto, (max-width: 756px) 100vw, 756px\" \/><\/figure>\n\n\n<div class=\"wp-block-image\">\n<figure class=\"aligncenter size-full is-resized\"><img loading=\"lazy\" decoding=\"async\" width=\"207\" height=\"207\" src=\"https:\/\/ttemsa.com\/industria\/wp-content\/uploads\/2023\/12\/fife-1.jpg\" alt=\"\" class=\"wp-image-463\" style=\"width:107px;height:auto\" srcset=\"https:\/\/ttemsa.com\/industria\/wp-content\/uploads\/2023\/12\/fife-1.jpg 207w, https:\/\/ttemsa.com\/industria\/wp-content\/uploads\/2023\/12\/fife-1-150x150.jpg 150w\" sizes=\"auto, (max-width: 207px) 100vw, 207px\" \/><\/figure>\n<\/div>\n\n\n<p>Que constan de un control (\u00f3 procesador), actuador (que es un Motor de corriente directa, conectado a un husillo que produce movimiento hacia adentro o hacia afuera para corregir la alineaci\u00f3n), sensor de orilla (que detecta s\u00ed el material est\u00e1 hacia adentro o hacia afuera de su posici\u00f3n y manda la se\u00f1al al control, para que la corrija el actuador) y juego de cables.<\/p>\n\n\n\n<p>Son los actualmente m\u00e1s usados por que a muchos clientes les gusta m\u00e1s por ser un sistema mas moderno y que no tiene problemas de fuga de aceite.&nbsp;<\/p>\n\n\n<div class=\"wp-block-image\">\n<figure class=\"alignleft size-full\"><img loading=\"lazy\" decoding=\"async\" width=\"265\" height=\"263\" src=\"https:\/\/ttemsa.com\/industria\/wp-content\/uploads\/2023\/12\/pola.gif\" alt=\"\" class=\"wp-image-473\"\/><\/figure>\n<\/div>\n\n\n<figure class=\"wp-block-image size-full\"><img loading=\"lazy\" decoding=\"async\" width=\"305\" height=\"203\" src=\"https:\/\/ttemsa.com\/industria\/wp-content\/uploads\/2023\/12\/pldp30.gif\" alt=\"\" class=\"wp-image-472\"\/><\/figure>\n\n\n\n<p><\/p>\n\n\n\n<p><\/p>\n\n\n\n<p><strong>En los controles<\/strong>&nbsp;los m\u00e1s populares son: el &#8220;CDP-01 (Actualmente descontinuado); el &#8220;D-max&#8221; (que se puede conectar en red) y el&nbsp;<strong>Polaris DP20&nbsp;<\/strong>y<strong>&nbsp;DP 30<\/strong>&nbsp;(Con las mismas dimensiones y conectores que el CDP-01)<\/p>\n\n\n\n<p>En los sensores de Orilla se tienen: los de ultrasonido (para Utilizarse con pelicula transparente o no transparente). Los &#8220;Infrarojos&#8221; que se utilizan en material no transparente , normalmente son m\u00e1s baratos.<\/p>\n\n\n\n<p>Tambi\u00e9n se fabrican sensores.<\/p>\n\n\n\n<p>Existen aplicaciones donde se utilizan 2 sensores, uno en cada orilla para tener centrado el material respecto a su centro geom\u00e9trico, en muchas ocasiones este juego de sensores van montados sobre un dispositivo motorizado para abrir o cerrar los sensorespara utilizarse en diferentes anchos del material.<\/p>\n\n\n\n<p>En m\u00e1quinas que imprimen papel y en extrusi\u00f3n de pel\u00edculas se utiliza esta configuraci\u00f3n.<\/p>\n\n\n\n<p>A \u00faltimas fechas se han desarrollado sensores de garganta profunda con &lt;zona de sensado hasta de 515 mm (20.28) por sensor en los que no hay necesidad de utilizar el dispositivo motorizado, (que lamamos Protrac )<\/p>\n\n\n\n<p>Existen otros tipos de sensores para aplicaciones especiales, los cuales recomendamos nos consulte para hacer la recomendaci\u00f3n.<\/p>\n\n\n\n<p>Hay sensores que operan por medio de chorro de aire, los cuales se utilizan con las unidades neumohidr\u00e1ulicas.<\/p>\n\n\n\n<h2 class=\"wp-block-heading\"><strong>Sistemas de Alineaci\u00f3n de Orilla Electrohidr\u00e1ulicos<\/strong>.<\/h2>\n\n\n\n<figure class=\"wp-block-image size-full\"><img loading=\"lazy\" decoding=\"async\" width=\"391\" height=\"364\" src=\"https:\/\/ttemsa.com\/industria\/wp-content\/uploads\/2023\/12\/elec.png\" alt=\"\" class=\"wp-image-475\" srcset=\"https:\/\/ttemsa.com\/industria\/wp-content\/uploads\/2023\/12\/elec.png 391w, https:\/\/ttemsa.com\/industria\/wp-content\/uploads\/2023\/12\/elec-300x279.png 300w\" sizes=\"auto, (max-width: 391px) 100vw, 391px\" \/><\/figure>\n\n\n\n<p>Constan de un control (procesador), Sensor de orilla, unidad electrohidr\u00e1ulica, cilindro hidr\u00e1ulico y juego de cables<\/p>\n\n\n\n<p>El sensor detecta donde est\u00e1 la posici\u00f3n del material, indic\u00e1ndole al control su posici\u00f3n, envi\u00e1ndola al control, que le indica a la unidad hidr\u00e1ulica hacia d\u00f3nde debe de mover al cilindro hidr\u00e1ulico.<\/p>\n\n\n\n<p>El sistema utiliza el control Polaris DP30 \u00f3 Dmax y los sensores utilizados en el sistema electromec\u00e1nico, son los mismos que se utilizan el los electrohidr\u00e1ulicos.&nbsp;<\/p>\n\n\n\n<p>Cuando hay que mover rollos pesados es ventajoso este sistema.<\/p>\n\n\n\n<figure class=\"wp-block-image size-full is-resized\"><img loading=\"lazy\" decoding=\"async\" width=\"919\" height=\"917\" src=\"https:\/\/ttemsa.com\/industria\/wp-content\/uploads\/2023\/12\/1INSTALLATION.png\" alt=\"\" class=\"wp-image-474\" style=\"width:440px;height:auto\" srcset=\"https:\/\/ttemsa.com\/industria\/wp-content\/uploads\/2023\/12\/1INSTALLATION.png 919w, https:\/\/ttemsa.com\/industria\/wp-content\/uploads\/2023\/12\/1INSTALLATION-300x300.png 300w, https:\/\/ttemsa.com\/industria\/wp-content\/uploads\/2023\/12\/1INSTALLATION-150x150.png 150w, https:\/\/ttemsa.com\/industria\/wp-content\/uploads\/2023\/12\/1INSTALLATION-768x766.png 768w\" sizes=\"auto, (max-width: 919px) 100vw, 919px\" \/><\/figure>\n\n\n\n<h3 class=\"wp-block-heading\"><\/h3>\n\n\n\n<h2 class=\"wp-block-heading\"><strong>Sistemas de Alineaci\u00f3n de Orilla&nbsp;Ne<\/strong>umo<strong>hidr\u00e1<\/strong>ulicos<\/h2>\n\n\n\n<figure class=\"wp-block-image size-large is-resized\"><img loading=\"lazy\" decoding=\"async\" width=\"1024\" height=\"856\" src=\"https:\/\/ttemsa.com\/industria\/wp-content\/uploads\/2023\/12\/powerunit-1024x856.jpg\" alt=\"\" class=\"wp-image-476\" style=\"width:472px;height:auto\" srcset=\"https:\/\/ttemsa.com\/industria\/wp-content\/uploads\/2023\/12\/powerunit-1024x856.jpg 1024w, https:\/\/ttemsa.com\/industria\/wp-content\/uploads\/2023\/12\/powerunit-300x251.jpg 300w, https:\/\/ttemsa.com\/industria\/wp-content\/uploads\/2023\/12\/powerunit-768x642.jpg 768w, https:\/\/ttemsa.com\/industria\/wp-content\/uploads\/2023\/12\/powerunit.jpg 1200w\" sizes=\"auto, (max-width: 1024px) 100vw, 1024px\" \/><\/figure>\n\n\n\n<p>Los cuales constan de una unidad con motor el\u00e9ctrico, que manda aire al sensor de orilla y aceite al cilindro (pist\u00f3n) hidr\u00e1ulico, seg\u00fan sea la posici\u00f3n del material en el sensor (de aire), le indica a la unidad su posici\u00f3n, para hacer la correcci\u00f3n correspondiente.<\/p>\n\n\n\n<p>Este fue el primer sistema de alineaci\u00f3n que existi\u00f3 y hay en la industria una cantidad grande de estas unidades; son f\u00e1ciles de reparar y se caracterizan por su alta duraci\u00f3n.<\/p>\n\n\n\n<p>Normalmente se pueden reparar a pesar de tener muchos a\u00f1os de uso.<\/p>\n\n\n\n<figure class=\"wp-block-image size-full is-resized\"><img loading=\"lazy\" decoding=\"async\" width=\"825\" height=\"909\" src=\"https:\/\/ttemsa.com\/industria\/wp-content\/uploads\/2023\/12\/1Pneumohydraulic.png\" alt=\"\" class=\"wp-image-477\" style=\"width:576px;height:auto\" srcset=\"https:\/\/ttemsa.com\/industria\/wp-content\/uploads\/2023\/12\/1Pneumohydraulic.png 825w, https:\/\/ttemsa.com\/industria\/wp-content\/uploads\/2023\/12\/1Pneumohydraulic-272x300.png 272w, https:\/\/ttemsa.com\/industria\/wp-content\/uploads\/2023\/12\/1Pneumohydraulic-768x846.png 768w\" sizes=\"auto, (max-width: 825px) 100vw, 825px\" \/><\/figure>\n","protected":false},"excerpt":{"rendered":"<p>Conocidos tambi\u00e9n como electr\u00f3nicos Que constan de un control (\u00f3 procesador), actuador (que es un Motor de corriente directa, conectado a un husillo que produce movimiento hacia adentro o hacia afuera para corregir la alineaci\u00f3n), sensor de orilla (que detecta s\u00ed el material est\u00e1 hacia adentro o hacia afuera de su posici\u00f3n y manda la [&hellip;]<\/p>\n","protected":false},"author":1,"featured_media":0,"parent":290,"menu_order":0,"comment_status":"closed","ping_status":"closed","template":"","meta":{"content-type":"","footnotes":""},"categories":[15],"tags":[],"class_list":["post-1506","page","type-page","status-publish","hentry","category-fifecat"],"yoast_head":"<!-- This site is optimized with the Yoast SEO plugin v26.6 - https:\/\/yoast.com\/wordpress\/plugins\/seo\/ -->\n<title>Sistemas de Alineaci\u00f3n de Orilla Electromec\u00e1nicos - industria-de-la-conversion.ttemsa<\/title>\n<meta name=\"description\" content=\"Que constan de un control (\u00f3 procesador), actuador (que es un Motor de corriente directa, conectado a un husillo que produce movimiento hacia adentro o hacia afuera para corregir la alineaci\u00f3n), sensor de orilla (que detecta s\u00ed el material est\u00e1 hacia adentro o hacia afuera de su posici\u00f3n y manda la se\u00f1al al control, para que la corrija el actuador) y juego de cables.\" \/>\n<meta name=\"robots\" content=\"index, follow, max-snippet:-1, max-image-preview:large, max-video-preview:-1\" \/>\n<link rel=\"canonical\" href=\"https:\/\/ttemsa.com\/industria\/index.php\/fife\/93-sistemas-de-alineacion-de-orilla-fife\/\" \/>\n<meta property=\"og:locale\" content=\"es_MX\" \/>\n<meta property=\"og:type\" content=\"article\" \/>\n<meta property=\"og:title\" content=\"Sistemas de Alineaci\u00f3n de Orilla Electromec\u00e1nicos\" \/>\n<meta property=\"og:description\" content=\"en ttemsa ofrecemos Soluciones. Solicite + info Tel\u00e9fonos: + 52 (55) 5352-0191 5352-1301 5352-6070 5352-0593\" \/>\n<meta property=\"og:url\" content=\"https:\/\/ttemsa.com\/industria\/index.php\/fife\/93-sistemas-de-alineacion-de-orilla-fife\/\" \/>\n<meta property=\"og:site_name\" content=\"industria-de-la-conversion.ttemsa\" \/>\n<meta property=\"article:modified_time\" content=\"2024-09-07T14:34:22+00:00\" \/>\n<meta property=\"og:image\" content=\"https:\/\/ttemsa.com\/industria\/wp-content\/uploads\/2023\/12\/opg.png\" \/>\n\t<meta property=\"og:image:width\" content=\"337\" \/>\n\t<meta property=\"og:image:height\" content=\"280\" \/>\n\t<meta property=\"og:image:type\" content=\"image\/png\" \/>\n<meta name=\"twitter:card\" content=\"summary_large_image\" \/>\n<meta name=\"twitter:label1\" content=\"Tiempo de lectura\" \/>\n\t<meta name=\"twitter:data1\" content=\"4 minutos\" \/>\n<script type=\"application\/ld+json\" class=\"yoast-schema-graph\">{\"@context\":\"https:\/\/schema.org\",\"@graph\":[{\"@type\":\"WebPage\",\"@id\":\"https:\/\/ttemsa.com\/industria\/index.php\/fife\/93-sistemas-de-alineacion-de-orilla-fife\/\",\"url\":\"https:\/\/ttemsa.com\/industria\/index.php\/fife\/93-sistemas-de-alineacion-de-orilla-fife\/\",\"name\":\"Sistemas de Alineaci\u00f3n de Orilla Electromec\u00e1nicos - industria-de-la-conversion.ttemsa\",\"isPartOf\":{\"@id\":\"https:\/\/ttemsa.com\/industria\/#website\"},\"primaryImageOfPage\":{\"@id\":\"https:\/\/ttemsa.com\/industria\/index.php\/fife\/93-sistemas-de-alineacion-de-orilla-fife\/#primaryimage\"},\"image\":{\"@id\":\"https:\/\/ttemsa.com\/industria\/index.php\/fife\/93-sistemas-de-alineacion-de-orilla-fife\/#primaryimage\"},\"thumbnailUrl\":\"https:\/\/ttemsa.com\/industria\/wp-content\/uploads\/2023\/12\/D-MAXEvc.png\",\"datePublished\":\"2024-03-01T19:37:48+00:00\",\"dateModified\":\"2024-09-07T14:34:22+00:00\",\"description\":\"Que constan de un control (\u00f3 procesador), actuador (que es un Motor de corriente directa, conectado a un husillo que produce movimiento hacia adentro o hacia afuera para corregir la alineaci\u00f3n), sensor de orilla (que detecta s\u00ed el material est\u00e1 hacia adentro o hacia afuera de su posici\u00f3n y manda la se\u00f1al al control, para que la corrija el actuador) y juego de cables.\",\"breadcrumb\":{\"@id\":\"https:\/\/ttemsa.com\/industria\/index.php\/fife\/93-sistemas-de-alineacion-de-orilla-fife\/#breadcrumb\"},\"inLanguage\":\"es\",\"potentialAction\":[{\"@type\":\"ReadAction\",\"target\":[\"https:\/\/ttemsa.com\/industria\/index.php\/fife\/93-sistemas-de-alineacion-de-orilla-fife\/\"]}]},{\"@type\":\"ImageObject\",\"inLanguage\":\"es\",\"@id\":\"https:\/\/ttemsa.com\/industria\/index.php\/fife\/93-sistemas-de-alineacion-de-orilla-fife\/#primaryimage\",\"url\":\"https:\/\/ttemsa.com\/industria\/wp-content\/uploads\/2023\/12\/D-MAXEvc.png\",\"contentUrl\":\"https:\/\/ttemsa.com\/industria\/wp-content\/uploads\/2023\/12\/D-MAXEvc.png\",\"width\":756,\"height\":383},{\"@type\":\"BreadcrumbList\",\"@id\":\"https:\/\/ttemsa.com\/industria\/index.php\/fife\/93-sistemas-de-alineacion-de-orilla-fife\/#breadcrumb\",\"itemListElement\":[{\"@type\":\"ListItem\",\"position\":1,\"name\":\"Inicio\",\"item\":\"https:\/\/ttemsa.com\/industria\/\"},{\"@type\":\"ListItem\",\"position\":2,\"name\":\"FIFE\",\"item\":\"https:\/\/ttemsa.com\/industria\/index.php\/fife\/\"},{\"@type\":\"ListItem\",\"position\":3,\"name\":\"Sistemas de Alineaci\u00f3n de Orilla Electromec\u00e1nicos\"}]},{\"@type\":\"WebSite\",\"@id\":\"https:\/\/ttemsa.com\/industria\/#website\",\"url\":\"https:\/\/ttemsa.com\/industria\/\",\"name\":\"industria-de-la-conversion.ttemsa\",\"description\":\"Designed Dianalacazadora.com\",\"alternateName\":\"ttemsa l\u00edderes en la industria de la conversi\u00f3n\",\"potentialAction\":[{\"@type\":\"SearchAction\",\"target\":{\"@type\":\"EntryPoint\",\"urlTemplate\":\"https:\/\/ttemsa.com\/industria\/?s={search_term_string}\"},\"query-input\":{\"@type\":\"PropertyValueSpecification\",\"valueRequired\":true,\"valueName\":\"search_term_string\"}}],\"inLanguage\":\"es\"}]}<\/script>\n<!-- \/ Yoast SEO plugin. -->","yoast_head_json":{"title":"Sistemas de Alineaci\u00f3n de Orilla Electromec\u00e1nicos - industria-de-la-conversion.ttemsa","description":"Que constan de un control (\u00f3 procesador), actuador (que es un Motor de corriente directa, conectado a un husillo que produce movimiento hacia adentro o hacia afuera para corregir la alineaci\u00f3n), sensor de orilla (que detecta s\u00ed el material est\u00e1 hacia adentro o hacia afuera de su posici\u00f3n y manda la se\u00f1al al control, para que la corrija el actuador) y juego de cables.","robots":{"index":"index","follow":"follow","max-snippet":"max-snippet:-1","max-image-preview":"max-image-preview:large","max-video-preview":"max-video-preview:-1"},"canonical":"https:\/\/ttemsa.com\/industria\/index.php\/fife\/93-sistemas-de-alineacion-de-orilla-fife\/","og_locale":"es_MX","og_type":"article","og_title":"Sistemas de Alineaci\u00f3n de Orilla Electromec\u00e1nicos","og_description":"en ttemsa ofrecemos Soluciones. Solicite + info Tel\u00e9fonos: + 52 (55) 5352-0191 5352-1301 5352-6070 5352-0593","og_url":"https:\/\/ttemsa.com\/industria\/index.php\/fife\/93-sistemas-de-alineacion-de-orilla-fife\/","og_site_name":"industria-de-la-conversion.ttemsa","article_modified_time":"2024-09-07T14:34:22+00:00","og_image":[{"width":337,"height":280,"url":"https:\/\/ttemsa.com\/industria\/wp-content\/uploads\/2023\/12\/opg.png","type":"image\/png"}],"twitter_card":"summary_large_image","twitter_misc":{"Tiempo de lectura":"4 minutos"},"schema":{"@context":"https:\/\/schema.org","@graph":[{"@type":"WebPage","@id":"https:\/\/ttemsa.com\/industria\/index.php\/fife\/93-sistemas-de-alineacion-de-orilla-fife\/","url":"https:\/\/ttemsa.com\/industria\/index.php\/fife\/93-sistemas-de-alineacion-de-orilla-fife\/","name":"Sistemas de Alineaci\u00f3n de Orilla Electromec\u00e1nicos - industria-de-la-conversion.ttemsa","isPartOf":{"@id":"https:\/\/ttemsa.com\/industria\/#website"},"primaryImageOfPage":{"@id":"https:\/\/ttemsa.com\/industria\/index.php\/fife\/93-sistemas-de-alineacion-de-orilla-fife\/#primaryimage"},"image":{"@id":"https:\/\/ttemsa.com\/industria\/index.php\/fife\/93-sistemas-de-alineacion-de-orilla-fife\/#primaryimage"},"thumbnailUrl":"https:\/\/ttemsa.com\/industria\/wp-content\/uploads\/2023\/12\/D-MAXEvc.png","datePublished":"2024-03-01T19:37:48+00:00","dateModified":"2024-09-07T14:34:22+00:00","description":"Que constan de un control (\u00f3 procesador), actuador (que es un Motor de corriente directa, conectado a un husillo que produce movimiento hacia adentro o hacia afuera para corregir la alineaci\u00f3n), sensor de orilla (que detecta s\u00ed el material est\u00e1 hacia adentro o hacia afuera de su posici\u00f3n y manda la se\u00f1al al control, para que la corrija el actuador) y juego de cables.","breadcrumb":{"@id":"https:\/\/ttemsa.com\/industria\/index.php\/fife\/93-sistemas-de-alineacion-de-orilla-fife\/#breadcrumb"},"inLanguage":"es","potentialAction":[{"@type":"ReadAction","target":["https:\/\/ttemsa.com\/industria\/index.php\/fife\/93-sistemas-de-alineacion-de-orilla-fife\/"]}]},{"@type":"ImageObject","inLanguage":"es","@id":"https:\/\/ttemsa.com\/industria\/index.php\/fife\/93-sistemas-de-alineacion-de-orilla-fife\/#primaryimage","url":"https:\/\/ttemsa.com\/industria\/wp-content\/uploads\/2023\/12\/D-MAXEvc.png","contentUrl":"https:\/\/ttemsa.com\/industria\/wp-content\/uploads\/2023\/12\/D-MAXEvc.png","width":756,"height":383},{"@type":"BreadcrumbList","@id":"https:\/\/ttemsa.com\/industria\/index.php\/fife\/93-sistemas-de-alineacion-de-orilla-fife\/#breadcrumb","itemListElement":[{"@type":"ListItem","position":1,"name":"Inicio","item":"https:\/\/ttemsa.com\/industria\/"},{"@type":"ListItem","position":2,"name":"FIFE","item":"https:\/\/ttemsa.com\/industria\/index.php\/fife\/"},{"@type":"ListItem","position":3,"name":"Sistemas de Alineaci\u00f3n de Orilla Electromec\u00e1nicos"}]},{"@type":"WebSite","@id":"https:\/\/ttemsa.com\/industria\/#website","url":"https:\/\/ttemsa.com\/industria\/","name":"industria-de-la-conversion.ttemsa","description":"Designed Dianalacazadora.com","alternateName":"ttemsa l\u00edderes en la industria de la conversi\u00f3n","potentialAction":[{"@type":"SearchAction","target":{"@type":"EntryPoint","urlTemplate":"https:\/\/ttemsa.com\/industria\/?s={search_term_string}"},"query-input":{"@type":"PropertyValueSpecification","valueRequired":true,"valueName":"search_term_string"}}],"inLanguage":"es"}]}},"_links":{"self":[{"href":"https:\/\/ttemsa.com\/industria\/index.php\/wp-json\/wp\/v2\/pages\/1506","targetHints":{"allow":["GET"]}}],"collection":[{"href":"https:\/\/ttemsa.com\/industria\/index.php\/wp-json\/wp\/v2\/pages"}],"about":[{"href":"https:\/\/ttemsa.com\/industria\/index.php\/wp-json\/wp\/v2\/types\/page"}],"author":[{"embeddable":true,"href":"https:\/\/ttemsa.com\/industria\/index.php\/wp-json\/wp\/v2\/users\/1"}],"replies":[{"embeddable":true,"href":"https:\/\/ttemsa.com\/industria\/index.php\/wp-json\/wp\/v2\/comments?post=1506"}],"version-history":[{"count":3,"href":"https:\/\/ttemsa.com\/industria\/index.php\/wp-json\/wp\/v2\/pages\/1506\/revisions"}],"predecessor-version":[{"id":3504,"href":"https:\/\/ttemsa.com\/industria\/index.php\/wp-json\/wp\/v2\/pages\/1506\/revisions\/3504"}],"up":[{"embeddable":true,"href":"https:\/\/ttemsa.com\/industria\/index.php\/wp-json\/wp\/v2\/pages\/290"}],"wp:attachment":[{"href":"https:\/\/ttemsa.com\/industria\/index.php\/wp-json\/wp\/v2\/media?parent=1506"}],"wp:term":[{"taxonomy":"category","embeddable":true,"href":"https:\/\/ttemsa.com\/industria\/index.php\/wp-json\/wp\/v2\/categories?post=1506"},{"taxonomy":"post_tag","embeddable":true,"href":"https:\/\/ttemsa.com\/industria\/index.php\/wp-json\/wp\/v2\/tags?post=1506"}],"curies":[{"name":"wp","href":"https:\/\/api.w.org\/{rel}","templated":true}]}}