{"id":1508,"date":"2024-03-01T19:39:09","date_gmt":"2024-03-01T19:39:09","guid":{"rendered":"https:\/\/ttemsa.com\/industria\/index.php\/fife\/sistema-para-guiado-de-banda-fife-500-copy\/"},"modified":"2024-09-09T16:58:50","modified_gmt":"2024-09-09T16:58:50","slug":"sistema-de-video-para-inspeccion-de-impresion","status":"publish","type":"page","link":"https:\/\/ttemsa.com\/industria\/index.php\/aplicaciones-para-la-industria\/sistema-de-video-para-inspeccion-de-impresion\/","title":{"rendered":"Sistema de video para inspeccion de impresion VEO 600"},"content":{"rendered":"<div class=\"wp-block-image\">\n<figure class=\"aligncenter size-full is-resized\"><img loading=\"lazy\" decoding=\"async\" width=\"591\" height=\"358\" src=\"https:\/\/ttemsa.com\/industria\/wp-content\/uploads\/2023\/12\/VEO.jpg\" alt=\"\" class=\"wp-image-546\" style=\"width:632px;height:auto\" srcset=\"https:\/\/ttemsa.com\/industria\/wp-content\/uploads\/2023\/12\/VEO.jpg 591w, https:\/\/ttemsa.com\/industria\/wp-content\/uploads\/2023\/12\/VEO-300x182.jpg 300w\" sizes=\"auto, (max-width: 591px) 100vw, 591px\" \/><\/figure>\n<\/div>\n\n<div class=\"wp-block-image\">\n<figure class=\"aligncenter size-full is-resized\"><img loading=\"lazy\" decoding=\"async\" width=\"280\" height=\"165\" src=\"https:\/\/ttemsa.com\/industria\/wp-content\/uploads\/2023\/12\/TidlandRoll-Saver2.png\" alt=\"\" class=\"wp-image-519\" style=\"width:221px;height:auto\"\/><\/figure>\n<\/div>\n\n\n<p>El modelo VEO 600 de FIFEEl modelo VEO 600 de FIFE es un sistema de inspecci\u00f3n de bajo costo, compacto y f\u00e1cil de instalarse, que trabaja realizando un monitoreo de web video asistido.<\/p>\n\n\n\n<p>El sistema VEO 600 usa un sistema de c\u00e1mara con una luz estrobo integrada, sincronizada con el cilindro de impresi\u00f3n de su m\u00e1quina, con el engranaje de giro o marca de impresi\u00f3n, para capturar (congelar) las im\u00e1genes en movimiento de la web.<\/p>\n\n\n\n<figure class=\"wp-block-embed is-type-video is-provider-youtube wp-block-embed-youtube wp-embed-aspect-16-9 wp-has-aspect-ratio\"><div class=\"wp-block-embed__wrapper\">\n<iframe loading=\"lazy\" title=\"veo\" width=\"500\" height=\"281\" src=\"https:\/\/www.youtube.com\/embed\/xdUMJghHtYs?start=16&#038;feature=oembed\" frameborder=\"0\" allow=\"accelerometer; autoplay; clipboard-write; encrypted-media; gyroscope; picture-in-picture; web-share\" referrerpolicy=\"strict-origin-when-cross-origin\" allowfullscreen><\/iframe>\n<\/div><\/figure>\n\n\n\n<p>Esto permite la inspecci\u00f3n visual de la calidad de impresi\u00f3n, la inspecci\u00f3n de registro y otros procesos de impresi\u00f3n que realiza el operador (a velocidad de producci\u00f3n a altas velocidades).<\/p>\n\n\n\n<p>El sistema est\u00e1 disponible en la versi\u00f3n manual, control remoto y monitorizado, para las necesidades de cualquier aplicaci\u00f3n y obtener una r\u00e1pida y f\u00e1cil inspecci\u00f3n.&nbsp;<\/p>\n\n\n\n<figure class=\"wp-block-image size-full\"><img loading=\"lazy\" decoding=\"async\" width=\"410\" height=\"406\" src=\"https:\/\/ttemsa.com\/industria\/wp-content\/uploads\/2023\/12\/veo600mts.png\" alt=\"\" class=\"wp-image-548\" srcset=\"https:\/\/ttemsa.com\/industria\/wp-content\/uploads\/2023\/12\/veo600mts.png 410w, https:\/\/ttemsa.com\/industria\/wp-content\/uploads\/2023\/12\/veo600mts-300x297.png 300w, https:\/\/ttemsa.com\/industria\/wp-content\/uploads\/2023\/12\/veo600mts-150x150.png 150w\" sizes=\"auto, (max-width: 410px) 100vw, 410px\" \/><\/figure>\n\n\n\n<figure class=\"wp-block-table is-style-stripes\"><table><tbody><tr><td><strong><strong>VEO 600-MTS&nbsp;<\/strong>(Motorizado) mostrado arriba.<\/strong><\/td><\/tr><tr><td>\u2022 La configuraci\u00f3n viene con fuente y panel de control.<\/td><\/tr><\/tbody><\/table><\/figure>\n\n\n\n<figure class=\"wp-block-image size-full\"><img loading=\"lazy\" decoding=\"async\" width=\"316\" height=\"407\" src=\"https:\/\/ttemsa.com\/industria\/wp-content\/uploads\/2023\/12\/veo600m.png\" alt=\"\" class=\"wp-image-549\" srcset=\"https:\/\/ttemsa.com\/industria\/wp-content\/uploads\/2023\/12\/veo600m.png 316w, https:\/\/ttemsa.com\/industria\/wp-content\/uploads\/2023\/12\/veo600m-233x300.png 233w\" sizes=\"auto, (max-width: 316px) 100vw, 316px\" \/><\/figure>\n\n\n\n<figure class=\"wp-block-image size-full\"><img loading=\"lazy\" decoding=\"async\" width=\"778\" height=\"327\" src=\"https:\/\/ttemsa.com\/industria\/wp-content\/uploads\/2023\/12\/111fife600powerykeypad.jpg\" alt=\"\" class=\"wp-image-550\" srcset=\"https:\/\/ttemsa.com\/industria\/wp-content\/uploads\/2023\/12\/111fife600powerykeypad.jpg 778w, https:\/\/ttemsa.com\/industria\/wp-content\/uploads\/2023\/12\/111fife600powerykeypad-300x126.jpg 300w, https:\/\/ttemsa.com\/industria\/wp-content\/uploads\/2023\/12\/111fife600powerykeypad-768x323.jpg 768w\" sizes=\"auto, (max-width: 778px) 100vw, 778px\" \/><\/figure>\n\n\n\n<figure class=\"wp-block-table is-style-stripes\"><table><tbody><tr><td><strong><strong>VEO 600-MTS&nbsp;<\/strong>(Manual): La configuraci\u00f3n viene con panel de control y fuente.<\/strong><\/td><\/tr><tr><td>\u2022 La configuraci\u00f3n viene con fuente y panel de control.<\/td><\/tr><\/tbody><\/table><\/figure>\n\n\n\n<figure class=\"wp-block-image size-full\"><img loading=\"lazy\" decoding=\"async\" width=\"797\" height=\"489\" src=\"https:\/\/ttemsa.com\/industria\/wp-content\/uploads\/2023\/12\/veo-600r.png\" alt=\"\" class=\"wp-image-551\" srcset=\"https:\/\/ttemsa.com\/industria\/wp-content\/uploads\/2023\/12\/veo-600r.png 797w, https:\/\/ttemsa.com\/industria\/wp-content\/uploads\/2023\/12\/veo-600r-300x184.png 300w, https:\/\/ttemsa.com\/industria\/wp-content\/uploads\/2023\/12\/veo-600r-768x471.png 768w\" sizes=\"auto, (max-width: 797px) 100vw, 797px\" \/><\/figure>\n\n\n\n<figure class=\"wp-block-table is-style-stripes\"><table><tbody><tr><td><strong><strong><strong>VEO 600-R<\/strong>&nbsp;(REMOTO)<\/strong><\/strong><\/td><\/tr><tr><td>Viene con la configuraci\u00f3n de la<strong>&nbsp;VEO 600-M<\/strong>&nbsp;con fuente mostrada abajo en lugar de venir en la c\u00e1mara de la<strong>&nbsp;600-M&nbsp;<\/strong><\/td><\/tr><\/tbody><\/table><\/figure>\n\n\n\n<figure class=\"wp-block-image size-full is-resized\"><img loading=\"lazy\" decoding=\"async\" width=\"776\" height=\"508\" src=\"https:\/\/ttemsa.com\/industria\/wp-content\/uploads\/2023\/12\/veo-600-mtz.png\" alt=\"\" class=\"wp-image-552\" style=\"width:840px;height:auto\" srcset=\"https:\/\/ttemsa.com\/industria\/wp-content\/uploads\/2023\/12\/veo-600-mtz.png 776w, https:\/\/ttemsa.com\/industria\/wp-content\/uploads\/2023\/12\/veo-600-mtz-300x196.png 300w, https:\/\/ttemsa.com\/industria\/wp-content\/uploads\/2023\/12\/veo-600-mtz-768x503.png 768w\" sizes=\"auto, (max-width: 776px) 100vw, 776px\" \/><\/figure>\n\n\n\n<h4 class=\"wp-block-heading\"><\/h4>\n\n\n\n<p class=\"has-text-align-center\"><strong>Cont\u00e1ctenos para asistirlo en su aplicaci\u00f3n.<\/strong><\/p>\n","protected":false},"excerpt":{"rendered":"<p>El modelo VEO 600 de FIFEEl modelo VEO 600 de FIFE es un sistema de inspecci\u00f3n de bajo costo, compacto y f\u00e1cil de instalarse, que trabaja realizando un monitoreo de web video asistido. El sistema VEO 600 usa un sistema de c\u00e1mara con una luz estrobo integrada, sincronizada con el cilindro de impresi\u00f3n de su [&hellip;]<\/p>\n","protected":false},"author":1,"featured_media":0,"parent":3381,"menu_order":0,"comment_status":"closed","ping_status":"closed","template":"","meta":{"content-type":"","footnotes":""},"categories":[30],"tags":[],"class_list":["post-1508","page","type-page","status-publish","hentry","category-aplicaciones-para-la-industria"],"yoast_head":"<!-- This site is optimized with the Yoast SEO plugin v26.6 - https:\/\/yoast.com\/wordpress\/plugins\/seo\/ -->\n<title>Sistema de video para inspeccion de impresion VEO 600 - industria-de-la-conversion.ttemsa<\/title>\n<meta name=\"description\" content=\"El modelo VEO 600 de FIFEEl modelo VEO 600 de FIFE es un sistema de inspecci\u00f3n de bajo costo, compacto y f\u00e1cil de instalarse, que trabaja realizando un monitoreo de web video asistido.\" \/>\n<meta name=\"robots\" content=\"index, follow, max-snippet:-1, max-image-preview:large, max-video-preview:-1\" \/>\n<link rel=\"canonical\" href=\"https:\/\/ttemsa.com\/industria\/index.php\/aplicaciones-para-la-industria\/sistema-de-video-para-inspeccion-de-impresion\/\" \/>\n<meta property=\"og:locale\" content=\"es_MX\" \/>\n<meta property=\"og:type\" content=\"article\" \/>\n<meta property=\"og:title\" content=\"Inspecci\u00f3n de Impresi\u00f3n por medio de Video VEO 600 que mejora la visi\u00f3n de impresi\u00f3n\" \/>\n<meta property=\"og:description\" content=\"en ttemsa ofrecemos Soluciones. Solicite + info Tel\u00e9fonos: + 52 (55) 5352-0191 5352-1301 5352-6070 5352-0593\" \/>\n<meta property=\"og:url\" content=\"https:\/\/ttemsa.com\/industria\/index.php\/aplicaciones-para-la-industria\/sistema-de-video-para-inspeccion-de-impresion\/\" \/>\n<meta property=\"og:site_name\" content=\"industria-de-la-conversion.ttemsa\" \/>\n<meta property=\"article:modified_time\" content=\"2024-09-09T16:58:50+00:00\" \/>\n<meta property=\"og:image\" content=\"https:\/\/ttemsa.com\/industria\/wp-content\/uploads\/2023\/12\/VEO.jpg\" \/>\n\t<meta property=\"og:image:width\" content=\"591\" \/>\n\t<meta property=\"og:image:height\" content=\"358\" \/>\n\t<meta property=\"og:image:type\" content=\"image\/jpeg\" \/>\n<meta name=\"twitter:card\" content=\"summary_large_image\" \/>\n<meta name=\"twitter:label1\" content=\"Tiempo de lectura\" \/>\n\t<meta name=\"twitter:data1\" content=\"3 minutos\" \/>\n<script type=\"application\/ld+json\" class=\"yoast-schema-graph\">{\"@context\":\"https:\/\/schema.org\",\"@graph\":[{\"@type\":\"WebPage\",\"@id\":\"https:\/\/ttemsa.com\/industria\/index.php\/aplicaciones-para-la-industria\/sistema-de-video-para-inspeccion-de-impresion\/\",\"url\":\"https:\/\/ttemsa.com\/industria\/index.php\/aplicaciones-para-la-industria\/sistema-de-video-para-inspeccion-de-impresion\/\",\"name\":\"Sistema de video para inspeccion de impresion VEO 600 - industria-de-la-conversion.ttemsa\",\"isPartOf\":{\"@id\":\"https:\/\/ttemsa.com\/industria\/#website\"},\"primaryImageOfPage\":{\"@id\":\"https:\/\/ttemsa.com\/industria\/index.php\/aplicaciones-para-la-industria\/sistema-de-video-para-inspeccion-de-impresion\/#primaryimage\"},\"image\":{\"@id\":\"https:\/\/ttemsa.com\/industria\/index.php\/aplicaciones-para-la-industria\/sistema-de-video-para-inspeccion-de-impresion\/#primaryimage\"},\"thumbnailUrl\":\"https:\/\/ttemsa.com\/industria\/wp-content\/uploads\/2023\/12\/VEO.jpg\",\"datePublished\":\"2024-03-01T19:39:09+00:00\",\"dateModified\":\"2024-09-09T16:58:50+00:00\",\"description\":\"El modelo VEO 600 de FIFEEl modelo VEO 600 de FIFE es un sistema de inspecci\u00f3n de bajo costo, compacto y f\u00e1cil de instalarse, que trabaja realizando un monitoreo de web video asistido.\",\"breadcrumb\":{\"@id\":\"https:\/\/ttemsa.com\/industria\/index.php\/aplicaciones-para-la-industria\/sistema-de-video-para-inspeccion-de-impresion\/#breadcrumb\"},\"inLanguage\":\"es\",\"potentialAction\":[{\"@type\":\"ReadAction\",\"target\":[\"https:\/\/ttemsa.com\/industria\/index.php\/aplicaciones-para-la-industria\/sistema-de-video-para-inspeccion-de-impresion\/\"]}]},{\"@type\":\"ImageObject\",\"inLanguage\":\"es\",\"@id\":\"https:\/\/ttemsa.com\/industria\/index.php\/aplicaciones-para-la-industria\/sistema-de-video-para-inspeccion-de-impresion\/#primaryimage\",\"url\":\"https:\/\/ttemsa.com\/industria\/wp-content\/uploads\/2023\/12\/VEO.jpg\",\"contentUrl\":\"https:\/\/ttemsa.com\/industria\/wp-content\/uploads\/2023\/12\/VEO.jpg\",\"width\":591,\"height\":358},{\"@type\":\"BreadcrumbList\",\"@id\":\"https:\/\/ttemsa.com\/industria\/index.php\/aplicaciones-para-la-industria\/sistema-de-video-para-inspeccion-de-impresion\/#breadcrumb\",\"itemListElement\":[{\"@type\":\"ListItem\",\"position\":1,\"name\":\"Inicio\",\"item\":\"https:\/\/ttemsa.com\/industria\/\"},{\"@type\":\"ListItem\",\"position\":2,\"name\":\"1 aplicaciones para la industria\",\"item\":\"https:\/\/ttemsa.com\/industria\/index.php\/aplicaciones-para-la-industria\/\"},{\"@type\":\"ListItem\",\"position\":3,\"name\":\"Sistema de video para inspeccion de impresion VEO 600\"}]},{\"@type\":\"WebSite\",\"@id\":\"https:\/\/ttemsa.com\/industria\/#website\",\"url\":\"https:\/\/ttemsa.com\/industria\/\",\"name\":\"industria-de-la-conversion.ttemsa\",\"description\":\"Designed Dianalacazadora.com\",\"alternateName\":\"ttemsa l\u00edderes en la industria de la conversi\u00f3n\",\"potentialAction\":[{\"@type\":\"SearchAction\",\"target\":{\"@type\":\"EntryPoint\",\"urlTemplate\":\"https:\/\/ttemsa.com\/industria\/?s={search_term_string}\"},\"query-input\":{\"@type\":\"PropertyValueSpecification\",\"valueRequired\":true,\"valueName\":\"search_term_string\"}}],\"inLanguage\":\"es\"}]}<\/script>\n<!-- \/ Yoast SEO plugin. -->","yoast_head_json":{"title":"Sistema de video para inspeccion de impresion VEO 600 - industria-de-la-conversion.ttemsa","description":"El modelo VEO 600 de FIFEEl modelo VEO 600 de FIFE es un sistema de inspecci\u00f3n de bajo costo, compacto y f\u00e1cil de instalarse, que trabaja realizando un monitoreo de web video asistido.","robots":{"index":"index","follow":"follow","max-snippet":"max-snippet:-1","max-image-preview":"max-image-preview:large","max-video-preview":"max-video-preview:-1"},"canonical":"https:\/\/ttemsa.com\/industria\/index.php\/aplicaciones-para-la-industria\/sistema-de-video-para-inspeccion-de-impresion\/","og_locale":"es_MX","og_type":"article","og_title":"Inspecci\u00f3n de Impresi\u00f3n por medio de Video VEO 600 que mejora la visi\u00f3n de impresi\u00f3n","og_description":"en ttemsa ofrecemos Soluciones. Solicite + info Tel\u00e9fonos: + 52 (55) 5352-0191 5352-1301 5352-6070 5352-0593","og_url":"https:\/\/ttemsa.com\/industria\/index.php\/aplicaciones-para-la-industria\/sistema-de-video-para-inspeccion-de-impresion\/","og_site_name":"industria-de-la-conversion.ttemsa","article_modified_time":"2024-09-09T16:58:50+00:00","og_image":[{"width":591,"height":358,"url":"https:\/\/ttemsa.com\/industria\/wp-content\/uploads\/2023\/12\/VEO.jpg","type":"image\/jpeg"}],"twitter_card":"summary_large_image","twitter_misc":{"Tiempo de lectura":"3 minutos"},"schema":{"@context":"https:\/\/schema.org","@graph":[{"@type":"WebPage","@id":"https:\/\/ttemsa.com\/industria\/index.php\/aplicaciones-para-la-industria\/sistema-de-video-para-inspeccion-de-impresion\/","url":"https:\/\/ttemsa.com\/industria\/index.php\/aplicaciones-para-la-industria\/sistema-de-video-para-inspeccion-de-impresion\/","name":"Sistema de video para inspeccion de impresion VEO 600 - industria-de-la-conversion.ttemsa","isPartOf":{"@id":"https:\/\/ttemsa.com\/industria\/#website"},"primaryImageOfPage":{"@id":"https:\/\/ttemsa.com\/industria\/index.php\/aplicaciones-para-la-industria\/sistema-de-video-para-inspeccion-de-impresion\/#primaryimage"},"image":{"@id":"https:\/\/ttemsa.com\/industria\/index.php\/aplicaciones-para-la-industria\/sistema-de-video-para-inspeccion-de-impresion\/#primaryimage"},"thumbnailUrl":"https:\/\/ttemsa.com\/industria\/wp-content\/uploads\/2023\/12\/VEO.jpg","datePublished":"2024-03-01T19:39:09+00:00","dateModified":"2024-09-09T16:58:50+00:00","description":"El modelo VEO 600 de FIFEEl modelo VEO 600 de FIFE es un sistema de inspecci\u00f3n de bajo costo, compacto y f\u00e1cil de instalarse, que trabaja realizando un monitoreo de web video asistido.","breadcrumb":{"@id":"https:\/\/ttemsa.com\/industria\/index.php\/aplicaciones-para-la-industria\/sistema-de-video-para-inspeccion-de-impresion\/#breadcrumb"},"inLanguage":"es","potentialAction":[{"@type":"ReadAction","target":["https:\/\/ttemsa.com\/industria\/index.php\/aplicaciones-para-la-industria\/sistema-de-video-para-inspeccion-de-impresion\/"]}]},{"@type":"ImageObject","inLanguage":"es","@id":"https:\/\/ttemsa.com\/industria\/index.php\/aplicaciones-para-la-industria\/sistema-de-video-para-inspeccion-de-impresion\/#primaryimage","url":"https:\/\/ttemsa.com\/industria\/wp-content\/uploads\/2023\/12\/VEO.jpg","contentUrl":"https:\/\/ttemsa.com\/industria\/wp-content\/uploads\/2023\/12\/VEO.jpg","width":591,"height":358},{"@type":"BreadcrumbList","@id":"https:\/\/ttemsa.com\/industria\/index.php\/aplicaciones-para-la-industria\/sistema-de-video-para-inspeccion-de-impresion\/#breadcrumb","itemListElement":[{"@type":"ListItem","position":1,"name":"Inicio","item":"https:\/\/ttemsa.com\/industria\/"},{"@type":"ListItem","position":2,"name":"1 aplicaciones para la industria","item":"https:\/\/ttemsa.com\/industria\/index.php\/aplicaciones-para-la-industria\/"},{"@type":"ListItem","position":3,"name":"Sistema de video para inspeccion de impresion VEO 600"}]},{"@type":"WebSite","@id":"https:\/\/ttemsa.com\/industria\/#website","url":"https:\/\/ttemsa.com\/industria\/","name":"industria-de-la-conversion.ttemsa","description":"Designed Dianalacazadora.com","alternateName":"ttemsa l\u00edderes en la industria de la conversi\u00f3n","potentialAction":[{"@type":"SearchAction","target":{"@type":"EntryPoint","urlTemplate":"https:\/\/ttemsa.com\/industria\/?s={search_term_string}"},"query-input":{"@type":"PropertyValueSpecification","valueRequired":true,"valueName":"search_term_string"}}],"inLanguage":"es"}]}},"_links":{"self":[{"href":"https:\/\/ttemsa.com\/industria\/index.php\/wp-json\/wp\/v2\/pages\/1508","targetHints":{"allow":["GET"]}}],"collection":[{"href":"https:\/\/ttemsa.com\/industria\/index.php\/wp-json\/wp\/v2\/pages"}],"about":[{"href":"https:\/\/ttemsa.com\/industria\/index.php\/wp-json\/wp\/v2\/types\/page"}],"author":[{"embeddable":true,"href":"https:\/\/ttemsa.com\/industria\/index.php\/wp-json\/wp\/v2\/users\/1"}],"replies":[{"embeddable":true,"href":"https:\/\/ttemsa.com\/industria\/index.php\/wp-json\/wp\/v2\/comments?post=1508"}],"version-history":[{"count":4,"href":"https:\/\/ttemsa.com\/industria\/index.php\/wp-json\/wp\/v2\/pages\/1508\/revisions"}],"predecessor-version":[{"id":3076,"href":"https:\/\/ttemsa.com\/industria\/index.php\/wp-json\/wp\/v2\/pages\/1508\/revisions\/3076"}],"up":[{"embeddable":true,"href":"https:\/\/ttemsa.com\/industria\/index.php\/wp-json\/wp\/v2\/pages\/3381"}],"wp:attachment":[{"href":"https:\/\/ttemsa.com\/industria\/index.php\/wp-json\/wp\/v2\/media?parent=1508"}],"wp:term":[{"taxonomy":"category","embeddable":true,"href":"https:\/\/ttemsa.com\/industria\/index.php\/wp-json\/wp\/v2\/categories?post=1508"},{"taxonomy":"post_tag","embeddable":true,"href":"https:\/\/ttemsa.com\/industria\/index.php\/wp-json\/wp\/v2\/tags?post=1508"}],"curies":[{"name":"wp","href":"https:\/\/api.w.org\/{rel}","templated":true}]}}