{"id":1518,"date":"2024-03-01T19:42:51","date_gmt":"2024-03-01T19:42:51","guid":{"rendered":"https:\/\/ttemsa.com\/industria\/index.php\/fife\/sistemas-de-alineacion-de-banda-base-de-alineacion-opg-fife-200-copy\/"},"modified":"2024-09-09T16:45:06","modified_gmt":"2024-09-09T16:45:06","slug":"328-fife-kamberoller-2","status":"publish","type":"page","link":"https:\/\/ttemsa.com\/industria\/index.php\/fife\/328-fife-kamberoller-2\/","title":{"rendered":"Base Alineaci\u00f3n KamberRoller 2 Rodillos"},"content":{"rendered":"<div class=\"wp-block-image\">\n<figure class=\"aligncenter size-full is-resized\"><img loading=\"lazy\" decoding=\"async\" width=\"1025\" height=\"564\" src=\"https:\/\/ttemsa.com\/industria\/wp-content\/uploads\/2023\/12\/Base-Alineacion-KamberRoller-2-Rodillos.png\" alt=\"\" class=\"wp-image-538\" style=\"width:500px;height:auto\" srcset=\"https:\/\/ttemsa.com\/industria\/wp-content\/uploads\/2023\/12\/Base-Alineacion-KamberRoller-2-Rodillos.png 1025w, https:\/\/ttemsa.com\/industria\/wp-content\/uploads\/2023\/12\/Base-Alineacion-KamberRoller-2-Rodillos-300x165.png 300w, https:\/\/ttemsa.com\/industria\/wp-content\/uploads\/2023\/12\/Base-Alineacion-KamberRoller-2-Rodillos-768x423.png 768w\" sizes=\"auto, (max-width: 1025px) 100vw, 1025px\" \/><\/figure>\n<\/div>\n\n<div class=\"wp-block-image\">\n<figure class=\"aligncenter size-full is-resized\"><img loading=\"lazy\" decoding=\"async\" width=\"280\" height=\"165\" src=\"https:\/\/ttemsa.com\/industria\/wp-content\/uploads\/2023\/12\/TidlandRoll-Saver2.png\" alt=\"\" class=\"wp-image-519\" style=\"width:221px;height:auto\"\/><\/figure>\n<\/div>\n\n\n<figure class=\"wp-block-image size-large\"><img loading=\"lazy\" decoding=\"async\" width=\"791\" height=\"1024\" src=\"https:\/\/ttemsa.com\/industria\/wp-content\/uploads\/2023\/12\/vdocumentssite_kamberoller_Page_1-791x1024.jpg\" alt=\"\" class=\"wp-image-540\" srcset=\"https:\/\/ttemsa.com\/industria\/wp-content\/uploads\/2023\/12\/vdocumentssite_kamberoller_Page_1-791x1024.jpg 791w, https:\/\/ttemsa.com\/industria\/wp-content\/uploads\/2023\/12\/vdocumentssite_kamberoller_Page_1-232x300.jpg 232w, https:\/\/ttemsa.com\/industria\/wp-content\/uploads\/2023\/12\/vdocumentssite_kamberoller_Page_1-768x994.jpg 768w, https:\/\/ttemsa.com\/industria\/wp-content\/uploads\/2023\/12\/vdocumentssite_kamberoller_Page_1-1187x1536.jpg 1187w, https:\/\/ttemsa.com\/industria\/wp-content\/uploads\/2023\/12\/vdocumentssite_kamberoller_Page_1-1583x2048.jpg 1583w, https:\/\/ttemsa.com\/industria\/wp-content\/uploads\/2023\/12\/vdocumentssite_kamberoller_Page_1.jpg 1700w\" sizes=\"auto, (max-width: 791px) 100vw, 791px\" \/><\/figure>\n\n\n\n<figure class=\"wp-block-image size-large is-resized\"><img loading=\"lazy\" decoding=\"async\" width=\"791\" height=\"1024\" src=\"https:\/\/ttemsa.com\/industria\/wp-content\/uploads\/2023\/12\/vdocumentssite_kamberoller_Page_2-791x1024.jpg\" alt=\"\" class=\"wp-image-541\" style=\"width:840px;height:auto\" srcset=\"https:\/\/ttemsa.com\/industria\/wp-content\/uploads\/2023\/12\/vdocumentssite_kamberoller_Page_2-791x1024.jpg 791w, https:\/\/ttemsa.com\/industria\/wp-content\/uploads\/2023\/12\/vdocumentssite_kamberoller_Page_2-232x300.jpg 232w, https:\/\/ttemsa.com\/industria\/wp-content\/uploads\/2023\/12\/vdocumentssite_kamberoller_Page_2-768x994.jpg 768w, https:\/\/ttemsa.com\/industria\/wp-content\/uploads\/2023\/12\/vdocumentssite_kamberoller_Page_2-1187x1536.jpg 1187w, https:\/\/ttemsa.com\/industria\/wp-content\/uploads\/2023\/12\/vdocumentssite_kamberoller_Page_2-1583x2048.jpg 1583w, https:\/\/ttemsa.com\/industria\/wp-content\/uploads\/2023\/12\/vdocumentssite_kamberoller_Page_2.jpg 1700w\" sizes=\"auto, (max-width: 791px) 100vw, 791px\" \/><\/figure>\n\n\n\n<figure class=\"wp-block-image size-large is-resized\"><img loading=\"lazy\" decoding=\"async\" width=\"791\" height=\"1024\" src=\"https:\/\/ttemsa.com\/industria\/wp-content\/uploads\/2023\/12\/vdocumentssite_kamberoller_Page_3-791x1024.jpg\" alt=\"\" class=\"wp-image-543\" style=\"width:840px;height:auto\" srcset=\"https:\/\/ttemsa.com\/industria\/wp-content\/uploads\/2023\/12\/vdocumentssite_kamberoller_Page_3-791x1024.jpg 791w, https:\/\/ttemsa.com\/industria\/wp-content\/uploads\/2023\/12\/vdocumentssite_kamberoller_Page_3-232x300.jpg 232w, https:\/\/ttemsa.com\/industria\/wp-content\/uploads\/2023\/12\/vdocumentssite_kamberoller_Page_3-768x994.jpg 768w, https:\/\/ttemsa.com\/industria\/wp-content\/uploads\/2023\/12\/vdocumentssite_kamberoller_Page_3-1187x1536.jpg 1187w, https:\/\/ttemsa.com\/industria\/wp-content\/uploads\/2023\/12\/vdocumentssite_kamberoller_Page_3-1583x2048.jpg 1583w, https:\/\/ttemsa.com\/industria\/wp-content\/uploads\/2023\/12\/vdocumentssite_kamberoller_Page_3.jpg 1700w\" sizes=\"auto, (max-width: 791px) 100vw, 791px\" \/><\/figure>\n\n\n\n<figure class=\"wp-block-image size-large is-resized\"><img loading=\"lazy\" decoding=\"async\" width=\"791\" height=\"1024\" src=\"https:\/\/ttemsa.com\/industria\/wp-content\/uploads\/2023\/12\/vdocumentssite_kamberoller_Page_4-791x1024.jpg\" alt=\"\" class=\"wp-image-542\" style=\"width:840px;height:auto\" srcset=\"https:\/\/ttemsa.com\/industria\/wp-content\/uploads\/2023\/12\/vdocumentssite_kamberoller_Page_4-791x1024.jpg 791w, https:\/\/ttemsa.com\/industria\/wp-content\/uploads\/2023\/12\/vdocumentssite_kamberoller_Page_4-232x300.jpg 232w, https:\/\/ttemsa.com\/industria\/wp-content\/uploads\/2023\/12\/vdocumentssite_kamberoller_Page_4-768x994.jpg 768w, https:\/\/ttemsa.com\/industria\/wp-content\/uploads\/2023\/12\/vdocumentssite_kamberoller_Page_4-1187x1536.jpg 1187w, https:\/\/ttemsa.com\/industria\/wp-content\/uploads\/2023\/12\/vdocumentssite_kamberoller_Page_4-1583x2048.jpg 1583w, https:\/\/ttemsa.com\/industria\/wp-content\/uploads\/2023\/12\/vdocumentssite_kamberoller_Page_4.jpg 1700w\" sizes=\"auto, (max-width: 791px) 100vw, 791px\" \/><\/figure>\n\n\n\n<h4 class=\"wp-block-heading\"><\/h4>\n\n\n\n<p><\/p>\n\n\n\n<p class=\"has-text-align-center\"><strong>Cont\u00e1ctenos para asistirlo en su aplicaci\u00f3n.<\/strong><\/p>\n","protected":false},"excerpt":{"rendered":"<p>Cont\u00e1ctenos para asistirlo en su aplicaci\u00f3n.<\/p>\n","protected":false},"author":1,"featured_media":0,"parent":290,"menu_order":0,"comment_status":"closed","ping_status":"closed","template":"","meta":{"content-type":"","footnotes":""},"categories":[15],"tags":[],"class_list":["post-1518","page","type-page","status-publish","hentry","category-fifecat"],"yoast_head":"<!-- This site is optimized with the Yoast SEO plugin v26.6 - https:\/\/yoast.com\/wordpress\/plugins\/seo\/ -->\n<title>Base Alineaci\u00f3n KamberRoller 2 Rodillos - industria-de-la-conversion.ttemsa<\/title>\n<meta name=\"description\" content=\"La innovadora gu\u00eda de direcci\u00f3n KAMBEROLLER\u00ae proporciona un posicionamiento de banda preciso al curvar la banda en un tramo de entrada largo.\" \/>\n<meta name=\"robots\" content=\"index, follow, max-snippet:-1, max-image-preview:large, max-video-preview:-1\" \/>\n<link rel=\"canonical\" href=\"https:\/\/ttemsa.com\/industria\/index.php\/fife\/328-fife-kamberoller-2\/\" \/>\n<meta property=\"og:locale\" content=\"es_MX\" \/>\n<meta property=\"og:type\" content=\"article\" \/>\n<meta property=\"og:title\" content=\"Base de Alineaci\u00f3n KamberRoller de un doble Rodillo: La innovadora gu\u00eda de direcci\u00f3n KAMBEROLLER\u00ae proporciona un posicionamiento de banda preciso al curvar la banda en un tramo de entrada largo.\" \/>\n<meta property=\"og:description\" content=\"en ttemsa ofrecemos Soluciones. Solicite + info Tel\u00e9fonos: + 52 (55) 5352-0191 5352-1301 5352-6070 5352-0593\" \/>\n<meta property=\"og:url\" content=\"https:\/\/ttemsa.com\/industria\/index.php\/fife\/328-fife-kamberoller-2\/\" \/>\n<meta property=\"og:site_name\" content=\"industria-de-la-conversion.ttemsa\" \/>\n<meta property=\"article:modified_time\" content=\"2024-09-09T16:45:06+00:00\" \/>\n<meta property=\"og:image\" content=\"https:\/\/ttemsa.com\/industria\/wp-content\/uploads\/2023\/12\/Base-Alineacion-KamberRoller-2-Rodillos.png\" \/>\n\t<meta property=\"og:image:width\" content=\"1025\" \/>\n\t<meta property=\"og:image:height\" content=\"564\" \/>\n\t<meta property=\"og:image:type\" content=\"image\/png\" \/>\n<meta name=\"twitter:card\" content=\"summary_large_image\" \/>\n<meta name=\"twitter:label1\" content=\"Tiempo de lectura\" \/>\n\t<meta name=\"twitter:data1\" content=\"2 minutos\" \/>\n<script type=\"application\/ld+json\" class=\"yoast-schema-graph\">{\"@context\":\"https:\/\/schema.org\",\"@graph\":[{\"@type\":\"WebPage\",\"@id\":\"https:\/\/ttemsa.com\/industria\/index.php\/fife\/328-fife-kamberoller-2\/\",\"url\":\"https:\/\/ttemsa.com\/industria\/index.php\/fife\/328-fife-kamberoller-2\/\",\"name\":\"Base Alineaci\u00f3n KamberRoller 2 Rodillos - industria-de-la-conversion.ttemsa\",\"isPartOf\":{\"@id\":\"https:\/\/ttemsa.com\/industria\/#website\"},\"primaryImageOfPage\":{\"@id\":\"https:\/\/ttemsa.com\/industria\/index.php\/fife\/328-fife-kamberoller-2\/#primaryimage\"},\"image\":{\"@id\":\"https:\/\/ttemsa.com\/industria\/index.php\/fife\/328-fife-kamberoller-2\/#primaryimage\"},\"thumbnailUrl\":\"https:\/\/ttemsa.com\/industria\/wp-content\/uploads\/2023\/12\/Base-Alineacion-KamberRoller-2-Rodillos.png\",\"datePublished\":\"2024-03-01T19:42:51+00:00\",\"dateModified\":\"2024-09-09T16:45:06+00:00\",\"description\":\"La innovadora gu\u00eda de direcci\u00f3n KAMBEROLLER\u00ae proporciona un posicionamiento de banda preciso al curvar la banda en un tramo de entrada largo.\",\"breadcrumb\":{\"@id\":\"https:\/\/ttemsa.com\/industria\/index.php\/fife\/328-fife-kamberoller-2\/#breadcrumb\"},\"inLanguage\":\"es\",\"potentialAction\":[{\"@type\":\"ReadAction\",\"target\":[\"https:\/\/ttemsa.com\/industria\/index.php\/fife\/328-fife-kamberoller-2\/\"]}]},{\"@type\":\"ImageObject\",\"inLanguage\":\"es\",\"@id\":\"https:\/\/ttemsa.com\/industria\/index.php\/fife\/328-fife-kamberoller-2\/#primaryimage\",\"url\":\"https:\/\/ttemsa.com\/industria\/wp-content\/uploads\/2023\/12\/Base-Alineacion-KamberRoller-2-Rodillos.png\",\"contentUrl\":\"https:\/\/ttemsa.com\/industria\/wp-content\/uploads\/2023\/12\/Base-Alineacion-KamberRoller-2-Rodillos.png\",\"width\":1025,\"height\":564},{\"@type\":\"BreadcrumbList\",\"@id\":\"https:\/\/ttemsa.com\/industria\/index.php\/fife\/328-fife-kamberoller-2\/#breadcrumb\",\"itemListElement\":[{\"@type\":\"ListItem\",\"position\":1,\"name\":\"Inicio\",\"item\":\"https:\/\/ttemsa.com\/industria\/\"},{\"@type\":\"ListItem\",\"position\":2,\"name\":\"FIFE\",\"item\":\"https:\/\/ttemsa.com\/industria\/index.php\/fife\/\"},{\"@type\":\"ListItem\",\"position\":3,\"name\":\"Base Alineaci\u00f3n KamberRoller 2 Rodillos\"}]},{\"@type\":\"WebSite\",\"@id\":\"https:\/\/ttemsa.com\/industria\/#website\",\"url\":\"https:\/\/ttemsa.com\/industria\/\",\"name\":\"industria-de-la-conversion.ttemsa\",\"description\":\"Designed Dianalacazadora.com\",\"alternateName\":\"ttemsa l\u00edderes en la industria de la conversi\u00f3n\",\"potentialAction\":[{\"@type\":\"SearchAction\",\"target\":{\"@type\":\"EntryPoint\",\"urlTemplate\":\"https:\/\/ttemsa.com\/industria\/?s={search_term_string}\"},\"query-input\":{\"@type\":\"PropertyValueSpecification\",\"valueRequired\":true,\"valueName\":\"search_term_string\"}}],\"inLanguage\":\"es\"}]}<\/script>\n<!-- \/ Yoast SEO plugin. -->","yoast_head_json":{"title":"Base Alineaci\u00f3n KamberRoller 2 Rodillos - industria-de-la-conversion.ttemsa","description":"La innovadora gu\u00eda de direcci\u00f3n KAMBEROLLER\u00ae proporciona un posicionamiento de banda preciso al curvar la banda en un tramo de entrada largo.","robots":{"index":"index","follow":"follow","max-snippet":"max-snippet:-1","max-image-preview":"max-image-preview:large","max-video-preview":"max-video-preview:-1"},"canonical":"https:\/\/ttemsa.com\/industria\/index.php\/fife\/328-fife-kamberoller-2\/","og_locale":"es_MX","og_type":"article","og_title":"Base de Alineaci\u00f3n KamberRoller de un doble Rodillo: La innovadora gu\u00eda de direcci\u00f3n KAMBEROLLER\u00ae proporciona un posicionamiento de banda preciso al curvar la banda en un tramo de entrada largo.","og_description":"en ttemsa ofrecemos Soluciones. Solicite + info Tel\u00e9fonos: + 52 (55) 5352-0191 5352-1301 5352-6070 5352-0593","og_url":"https:\/\/ttemsa.com\/industria\/index.php\/fife\/328-fife-kamberoller-2\/","og_site_name":"industria-de-la-conversion.ttemsa","article_modified_time":"2024-09-09T16:45:06+00:00","og_image":[{"width":1025,"height":564,"url":"https:\/\/ttemsa.com\/industria\/wp-content\/uploads\/2023\/12\/Base-Alineacion-KamberRoller-2-Rodillos.png","type":"image\/png"}],"twitter_card":"summary_large_image","twitter_misc":{"Tiempo de lectura":"2 minutos"},"schema":{"@context":"https:\/\/schema.org","@graph":[{"@type":"WebPage","@id":"https:\/\/ttemsa.com\/industria\/index.php\/fife\/328-fife-kamberoller-2\/","url":"https:\/\/ttemsa.com\/industria\/index.php\/fife\/328-fife-kamberoller-2\/","name":"Base Alineaci\u00f3n KamberRoller 2 Rodillos - industria-de-la-conversion.ttemsa","isPartOf":{"@id":"https:\/\/ttemsa.com\/industria\/#website"},"primaryImageOfPage":{"@id":"https:\/\/ttemsa.com\/industria\/index.php\/fife\/328-fife-kamberoller-2\/#primaryimage"},"image":{"@id":"https:\/\/ttemsa.com\/industria\/index.php\/fife\/328-fife-kamberoller-2\/#primaryimage"},"thumbnailUrl":"https:\/\/ttemsa.com\/industria\/wp-content\/uploads\/2023\/12\/Base-Alineacion-KamberRoller-2-Rodillos.png","datePublished":"2024-03-01T19:42:51+00:00","dateModified":"2024-09-09T16:45:06+00:00","description":"La innovadora gu\u00eda de direcci\u00f3n KAMBEROLLER\u00ae proporciona un posicionamiento de banda preciso al curvar la banda en un tramo de entrada largo.","breadcrumb":{"@id":"https:\/\/ttemsa.com\/industria\/index.php\/fife\/328-fife-kamberoller-2\/#breadcrumb"},"inLanguage":"es","potentialAction":[{"@type":"ReadAction","target":["https:\/\/ttemsa.com\/industria\/index.php\/fife\/328-fife-kamberoller-2\/"]}]},{"@type":"ImageObject","inLanguage":"es","@id":"https:\/\/ttemsa.com\/industria\/index.php\/fife\/328-fife-kamberoller-2\/#primaryimage","url":"https:\/\/ttemsa.com\/industria\/wp-content\/uploads\/2023\/12\/Base-Alineacion-KamberRoller-2-Rodillos.png","contentUrl":"https:\/\/ttemsa.com\/industria\/wp-content\/uploads\/2023\/12\/Base-Alineacion-KamberRoller-2-Rodillos.png","width":1025,"height":564},{"@type":"BreadcrumbList","@id":"https:\/\/ttemsa.com\/industria\/index.php\/fife\/328-fife-kamberoller-2\/#breadcrumb","itemListElement":[{"@type":"ListItem","position":1,"name":"Inicio","item":"https:\/\/ttemsa.com\/industria\/"},{"@type":"ListItem","position":2,"name":"FIFE","item":"https:\/\/ttemsa.com\/industria\/index.php\/fife\/"},{"@type":"ListItem","position":3,"name":"Base Alineaci\u00f3n KamberRoller 2 Rodillos"}]},{"@type":"WebSite","@id":"https:\/\/ttemsa.com\/industria\/#website","url":"https:\/\/ttemsa.com\/industria\/","name":"industria-de-la-conversion.ttemsa","description":"Designed Dianalacazadora.com","alternateName":"ttemsa l\u00edderes en la industria de la conversi\u00f3n","potentialAction":[{"@type":"SearchAction","target":{"@type":"EntryPoint","urlTemplate":"https:\/\/ttemsa.com\/industria\/?s={search_term_string}"},"query-input":{"@type":"PropertyValueSpecification","valueRequired":true,"valueName":"search_term_string"}}],"inLanguage":"es"}]}},"_links":{"self":[{"href":"https:\/\/ttemsa.com\/industria\/index.php\/wp-json\/wp\/v2\/pages\/1518","targetHints":{"allow":["GET"]}}],"collection":[{"href":"https:\/\/ttemsa.com\/industria\/index.php\/wp-json\/wp\/v2\/pages"}],"about":[{"href":"https:\/\/ttemsa.com\/industria\/index.php\/wp-json\/wp\/v2\/types\/page"}],"author":[{"embeddable":true,"href":"https:\/\/ttemsa.com\/industria\/index.php\/wp-json\/wp\/v2\/users\/1"}],"replies":[{"embeddable":true,"href":"https:\/\/ttemsa.com\/industria\/index.php\/wp-json\/wp\/v2\/comments?post=1518"}],"version-history":[{"count":3,"href":"https:\/\/ttemsa.com\/industria\/index.php\/wp-json\/wp\/v2\/pages\/1518\/revisions"}],"predecessor-version":[{"id":3084,"href":"https:\/\/ttemsa.com\/industria\/index.php\/wp-json\/wp\/v2\/pages\/1518\/revisions\/3084"}],"up":[{"embeddable":true,"href":"https:\/\/ttemsa.com\/industria\/index.php\/wp-json\/wp\/v2\/pages\/290"}],"wp:attachment":[{"href":"https:\/\/ttemsa.com\/industria\/index.php\/wp-json\/wp\/v2\/media?parent=1518"}],"wp:term":[{"taxonomy":"category","embeddable":true,"href":"https:\/\/ttemsa.com\/industria\/index.php\/wp-json\/wp\/v2\/categories?post=1518"},{"taxonomy":"post_tag","embeddable":true,"href":"https:\/\/ttemsa.com\/industria\/index.php\/wp-json\/wp\/v2\/tags?post=1518"}],"curies":[{"name":"wp","href":"https:\/\/api.w.org\/{rel}","templated":true}]}}