{"id":1531,"date":"2024-03-01T19:48:07","date_gmt":"2024-03-01T19:48:07","guid":{"rendered":"https:\/\/ttemsa.com\/industria\/index.php\/fife\/productos-para-la-industria-de-metales-copy\/"},"modified":"2024-09-09T13:45:35","modified_gmt":"2024-09-09T13:45:35","slug":"fife-sensores-de-alineacion","status":"publish","type":"page","link":"https:\/\/ttemsa.com\/industria\/index.php\/fife-alineacion\/fife-sensores-de-alineacion\/","title":{"rendered":"Sensores de Alineaci\u00f3n FIFE"},"content":{"rendered":"\n<p class=\"has-text-align-center\"><\/p>\n\n\n\n<h4 class=\"wp-block-heading\"><strong>Ejemplos de aplicaci\u00f3n de alineaci\u00f3n desenredado\/enredado o intermedios&nbsp;.<\/strong><\/h4>\n\n\n\n<figure class=\"wp-block-image size-large\"><img loading=\"lazy\" decoding=\"async\" width=\"1024\" height=\"333\" src=\"https:\/\/ttemsa.com\/industria\/wp-content\/uploads\/2023\/12\/FF12-1024x333.jpg\" alt=\"\" class=\"wp-image-464\" srcset=\"https:\/\/ttemsa.com\/industria\/wp-content\/uploads\/2023\/12\/FF12-1024x333.jpg 1024w, https:\/\/ttemsa.com\/industria\/wp-content\/uploads\/2023\/12\/FF12-300x98.jpg 300w, https:\/\/ttemsa.com\/industria\/wp-content\/uploads\/2023\/12\/FF12-768x250.jpg 768w, https:\/\/ttemsa.com\/industria\/wp-content\/uploads\/2023\/12\/FF12.jpg 1200w\" sizes=\"auto, (max-width: 1024px) 100vw, 1024px\" \/><figcaption class=\"wp-element-caption\"><strong>Sensores de Borde y\u00a0Detectores de Orilla<\/strong><\/figcaption><\/figure>\n\n\n<div class=\"wp-block-image\">\n<figure class=\"aligncenter size-full is-resized\"><img loading=\"lazy\" decoding=\"async\" width=\"207\" height=\"207\" src=\"https:\/\/ttemsa.com\/industria\/wp-content\/uploads\/2023\/12\/fife-1.jpg\" alt=\"\" class=\"wp-image-463\" style=\"width:107px;height:auto\" srcset=\"https:\/\/ttemsa.com\/industria\/wp-content\/uploads\/2023\/12\/fife-1.jpg 207w, https:\/\/ttemsa.com\/industria\/wp-content\/uploads\/2023\/12\/fife-1-150x150.jpg 150w\" sizes=\"auto, (max-width: 207px) 100vw, 207px\" \/><\/figure>\n<\/div>\n\n\n<p><strong>Un s\u00f3lo tipo de sensor no sirve para todas las aplicaciones.<\/strong><\/p>\n\n\n\n<p>Por esto FIFE ha desarrollado sensores adecuados para cualquier aplicaci\u00f3n de alineaci\u00f3n de orilla. Nuestra l\u00ednea vers\u00e1til de sensores pueden acomodar alineaci\u00f3n de orilla, alineaci\u00f3n de l\u00ednea de impresi\u00f3n, centrado geom\u00e9trico (fijo o movible), en cualquier tipo de ambiente y lo m\u00e1s importante, para cualquier tipo de material.<\/p>\n\n\n\n<figure class=\"wp-block-table is-style-stripes\"><table><tbody><tr><td><strong>Infrarojos:<\/strong><\/td><\/tr><tr><td><br>\u2022 Para aplicaciones de orilla sencilla o de centrado geom\u00e9trico.<br>\u2022 Muy vers\u00e1tiles, ampliamente usados en materiales opacos.<br>\u2022 Soluci\u00f3n m\u00e1s costeable para la mayor parte de las aplicaciones.<br>\u2022 Banda de rango proporcional de 0.2&#8243; a 6.3&#8243; (5.8mm a 160.02 mm) proporciona precisi\u00f3n para una amplia variaci\u00f3n de anchos de banda.<br>\u2022 Abertura del sensor de orilla de 1&#8243; (25.4mm) y mayores para responder a cambios de plano de la banda no operan muy bien con pel\u00edculas transparentes.<\/td><\/tr><\/tbody><\/table><\/figure>\n\n\n\n<p><strong>Infrarojos:<\/strong><\/p>\n\n\n<div class=\"wp-block-image\">\n<figure class=\"alignleft size-full is-resized\"><img loading=\"lazy\" decoding=\"async\" width=\"312\" height=\"193\" src=\"https:\/\/ttemsa.com\/industria\/wp-content\/uploads\/2023\/12\/1-Fife-sensor-38_0.jpg\" alt=\"\" class=\"wp-image-465\" style=\"width:243px;height:auto\" srcset=\"https:\/\/ttemsa.com\/industria\/wp-content\/uploads\/2023\/12\/1-Fife-sensor-38_0.jpg 312w, https:\/\/ttemsa.com\/industria\/wp-content\/uploads\/2023\/12\/1-Fife-sensor-38_0-300x186.jpg 300w\" sizes=\"auto, (max-width: 312px) 100vw, 312px\" \/><\/figure>\n<\/div>\n\n\n<p><\/p>\n\n\n\n<p>Primer sensor de orilla SE-38 de tecnolog\u00eda avanzada, para materiales con opacidad variable (para tela no tejida delgada dif\u00edcil de detectar).<\/p>\n\n\n\n<p><\/p>\n\n\n\n<p><strong>Neum\u00e1ticos<\/strong><\/p>\n\n\n<div class=\"wp-block-image\">\n<figure class=\"alignright size-large is-resized\"><img loading=\"lazy\" decoding=\"async\" width=\"1024\" height=\"682\" src=\"https:\/\/ttemsa.com\/industria\/wp-content\/uploads\/2024\/03\/SP-5-1024x682.jpg\" alt=\"\" class=\"wp-image-2068\" style=\"width:388px;height:auto\" srcset=\"https:\/\/ttemsa.com\/industria\/wp-content\/uploads\/2024\/03\/SP-5-1024x682.jpg 1024w, https:\/\/ttemsa.com\/industria\/wp-content\/uploads\/2024\/03\/SP-5-300x200.jpg 300w, https:\/\/ttemsa.com\/industria\/wp-content\/uploads\/2024\/03\/SP-5-768x511.jpg 768w, https:\/\/ttemsa.com\/industria\/wp-content\/uploads\/2024\/03\/SP-5-1536x1022.jpg 1536w, https:\/\/ttemsa.com\/industria\/wp-content\/uploads\/2024\/03\/SP-5.jpg 1800w\" sizes=\"auto, (max-width: 1024px) 100vw, 1024px\" \/><\/figure>\n<\/div>\n\n\n<ul class=\"wp-block-list\">\n<li>Para lineaci\u00f3n de orilla y centrado geom\u00e9trico en variedad de ancho de banda est\u00e1n disponibles los sensores que se utilizan en los sistemas neumohidr\u00e1ulicos.<\/li>\n\n\n\n<li>Componentes intr\u00ednsecamente seguros (para ambientes inflamables).<\/li>\n\n\n\n<li>Sensar\u00e1n cualquier opacidad de material -0 a 100%<\/li>\n\n\n\n<li>el dise\u00f1o neum\u00e1tico \u00fanico de FIFE es virtualmente libre de mantenimiento<\/li>\n<\/ul>\n\n\n\n<p><strong>Ultras\u00f3nico<\/strong><\/p>\n\n\n<div class=\"wp-block-image\">\n<figure class=\"alignleft size-full is-resized\"><img loading=\"lazy\" decoding=\"async\" width=\"442\" height=\"419\" src=\"https:\/\/ttemsa.com\/industria\/wp-content\/uploads\/2024\/03\/se-31.png\" alt=\"\" class=\"wp-image-2070\" style=\"width:244px;height:auto\" srcset=\"https:\/\/ttemsa.com\/industria\/wp-content\/uploads\/2024\/03\/se-31.png 442w, https:\/\/ttemsa.com\/industria\/wp-content\/uploads\/2024\/03\/se-31-300x284.png 300w\" sizes=\"auto, (max-width: 442px) 100vw, 442px\" \/><figcaption class=\"wp-element-caption\"><strong>Sensor intr\u00ednsecamente seguro SE-31_ISAAC<\/strong>&nbsp;<\/figcaption><\/figure>\n<\/div>\n\n\n<p><\/p>\n\n\n\n<p><\/p>\n\n\n\n<ul class=\"wp-block-list\">\n<li>Detecci\u00f3n de m\u00faltiples bandas y anchos.<\/li>\n\n\n\n<li>Para aplicaciones de orilla sencilla o centrado geom\u00e9trico (Doble sensor); con certificado UL, cUL y CE.<\/li>\n\n\n\n<li>Dise\u00f1o de cara cerrada ayuda con la inmunidad al polvo y contaminantes.<\/li>\n\n\n\n<li>Ruido ambiental en planta no afecta a la tecnolog\u00eda ultras\u00f3nica de FIFE.<\/li>\n\n\n\n<li>Disponible con protecci\u00f3n a la descarga el\u00e9ctrica.<\/li>\n\n\n\n<li>Adecuado para materiales transparentes.<\/li>\n<\/ul>\n\n\n\n<p class=\"has-text-align-left\"><strong>INTR\u00cdNSECAMENTE SEGURO<\/strong><\/p>\n\n\n\n<figure class=\"wp-block-image size-large\"><img loading=\"lazy\" decoding=\"async\" width=\"1024\" height=\"449\" src=\"https:\/\/ttemsa.com\/industria\/wp-content\/uploads\/2024\/03\/WideBandSensors-1024x449.jpg\" alt=\"\" class=\"wp-image-2072\" srcset=\"https:\/\/ttemsa.com\/industria\/wp-content\/uploads\/2024\/03\/WideBandSensors-1024x449.jpg 1024w, https:\/\/ttemsa.com\/industria\/wp-content\/uploads\/2024\/03\/WideBandSensors-300x132.jpg 300w, https:\/\/ttemsa.com\/industria\/wp-content\/uploads\/2024\/03\/WideBandSensors-768x337.jpg 768w, https:\/\/ttemsa.com\/industria\/wp-content\/uploads\/2024\/03\/WideBandSensors-1536x674.jpg 1536w, https:\/\/ttemsa.com\/industria\/wp-content\/uploads\/2024\/03\/WideBandSensors.jpg 1800w\" sizes=\"auto, (max-width: 1024px) 100vw, 1024px\" \/><figcaption class=\"wp-element-caption\"><strong>Una familia completa de sensores de banda ancha para cambio de anchos y materiales;<\/strong><br><strong>(n\u00f3tese el sensor de garganta profunda que puede sustituir al sistema de sensores motorizados)<\/strong>&nbsp;&nbsp;<br><\/figcaption><\/figure>\n\n\n\n<ul class=\"wp-block-list\">\n<li>Sensor de Orilla para materiales transparente u opacos.<\/li>\n\n\n\n<li><strong>Tambi\u00e9n con fabricaci\u00f3n especial<\/strong>&nbsp;para ambierntes inflamables.<\/li>\n\n\n\n<li>Totalmente certificado para ambientes inflamables clase I, divisi\u00f3n I grupo C y D.<\/li>\n\n\n\n<li>Certificado UL, cUL y CENELEC para usarse en Norte Am\u00e9rica y Europa.<\/li>\n<\/ul>\n\n\n\n<p><strong>Luz visible y Laser<\/strong><\/p>\n\n\n\n<ul class=\"wp-block-list\">\n<li>Orilla sencilla o centrado geom\u00e9trico&nbsp;y medici\u00f3n de anchos de banda.<\/li>\n\n\n\n<li>La m\u00e1s intensa, bulbo de luz incandescente son usados para asegurar alto contraste para alineaci\u00f3n m\u00e1xima precisa.<\/li>\n\n\n\n<li>Tecnolog\u00eda basada en laser proporciona flexibilidad para medici\u00f3n de anchos de banda y cambios.<\/li>\n\n\n\n<li>Ideal para materiales opacos.<\/li>\n<\/ul>\n\n\n\n<p>&nbsp;<strong>Sensores de aplicaci\u00f3n Especial<\/strong><\/p>\n\n\n<div class=\"wp-block-image\">\n<figure class=\"alignright size-full\"><img loading=\"lazy\" decoding=\"async\" width=\"312\" height=\"193\" src=\"https:\/\/ttemsa.com\/industria\/wp-content\/uploads\/2024\/03\/DACSensors.jpg\" alt=\"\" class=\"wp-image-2073\" srcset=\"https:\/\/ttemsa.com\/industria\/wp-content\/uploads\/2024\/03\/DACSensors.jpg 312w, https:\/\/ttemsa.com\/industria\/wp-content\/uploads\/2024\/03\/DACSensors-300x186.jpg 300w\" sizes=\"auto, (max-width: 312px) 100vw, 312px\" \/><\/figure>\n<\/div>\n\n\n<ul class=\"wp-block-list\">\n<li>Sensores de banda ancha sensores de fibra \u00f3ptica (para alta temperatura).<\/li>\n\n\n\n<li>Sensores de alineaci\u00f3n de banda de centrado geom\u00e9trico de capacitancia.<\/li>\n\n\n\n<li>Sensores inductivos.<\/li>\n\n\n\n<li>Sensores de c\u00e1mara.<\/li>\n<\/ul>\n\n\n\n<figure class=\"wp-block-image size-large\"><img loading=\"lazy\" decoding=\"async\" width=\"1024\" height=\"683\" src=\"https:\/\/ttemsa.com\/industria\/wp-content\/uploads\/2024\/03\/DAC005Dimensions-1024x683.jpg\" alt=\"\" class=\"wp-image-2074\" srcset=\"https:\/\/ttemsa.com\/industria\/wp-content\/uploads\/2024\/03\/DAC005Dimensions-1024x683.jpg 1024w, https:\/\/ttemsa.com\/industria\/wp-content\/uploads\/2024\/03\/DAC005Dimensions-300x200.jpg 300w, https:\/\/ttemsa.com\/industria\/wp-content\/uploads\/2024\/03\/DAC005Dimensions-768x512.jpg 768w, https:\/\/ttemsa.com\/industria\/wp-content\/uploads\/2024\/03\/DAC005Dimensions-1536x1024.jpg 1536w, https:\/\/ttemsa.com\/industria\/wp-content\/uploads\/2024\/03\/DAC005Dimensions.jpg 1800w\" sizes=\"auto, (max-width: 1024px) 100vw, 1024px\" \/><figcaption class=\"wp-element-caption\"><strong>Arreglo de diodo de C\u00e1mara DAC-005<\/strong>&nbsp;sensor extremadamente flexible para detectar cualquier material.<\/figcaption><\/figure>\n\n\n\n<figure class=\"wp-block-image size-full\"><img loading=\"lazy\" decoding=\"async\" width=\"430\" height=\"246\" src=\"https:\/\/ttemsa.com\/industria\/wp-content\/uploads\/2024\/03\/DSESE17.png\" alt=\"\" class=\"wp-image-2075\" srcset=\"https:\/\/ttemsa.com\/industria\/wp-content\/uploads\/2024\/03\/DSESE17.png 430w, https:\/\/ttemsa.com\/industria\/wp-content\/uploads\/2024\/03\/DSESE17-300x172.png 300w\" sizes=\"auto, (max-width: 430px) 100vw, 430px\" \/><figcaption class=\"wp-element-caption\"><strong>Sensor infrarojo digital DSE-17<\/strong>, ideal para no tejidos, puede sensar hasta 4 orillas.<br><\/figcaption><\/figure>\n\n\n\n<figure class=\"wp-block-image size-large\"><img loading=\"lazy\" decoding=\"async\" width=\"791\" height=\"1024\" src=\"https:\/\/ttemsa.com\/industria\/wp-content\/uploads\/2024\/03\/SE-26B-Product-Sheet_Page_1-791x1024.jpg\" alt=\"\" class=\"wp-image-2076\" srcset=\"https:\/\/ttemsa.com\/industria\/wp-content\/uploads\/2024\/03\/SE-26B-Product-Sheet_Page_1-791x1024.jpg 791w, https:\/\/ttemsa.com\/industria\/wp-content\/uploads\/2024\/03\/SE-26B-Product-Sheet_Page_1-232x300.jpg 232w, https:\/\/ttemsa.com\/industria\/wp-content\/uploads\/2024\/03\/SE-26B-Product-Sheet_Page_1-768x994.jpg 768w, https:\/\/ttemsa.com\/industria\/wp-content\/uploads\/2024\/03\/SE-26B-Product-Sheet_Page_1-1187x1536.jpg 1187w, https:\/\/ttemsa.com\/industria\/wp-content\/uploads\/2024\/03\/SE-26B-Product-Sheet_Page_1-1583x2048.jpg 1583w, https:\/\/ttemsa.com\/industria\/wp-content\/uploads\/2024\/03\/SE-26B-Product-Sheet_Page_1-scaled.jpg 1978w\" sizes=\"auto, (max-width: 791px) 100vw, 791px\" \/><\/figure>\n\n\n\n<figure class=\"wp-block-image size-large\"><img loading=\"lazy\" decoding=\"async\" width=\"791\" height=\"1024\" src=\"https:\/\/ttemsa.com\/industria\/wp-content\/uploads\/2024\/03\/SE-26B-Product-Sheet_Page_2-791x1024.jpg\" alt=\"\" class=\"wp-image-2077\" srcset=\"https:\/\/ttemsa.com\/industria\/wp-content\/uploads\/2024\/03\/SE-26B-Product-Sheet_Page_2-791x1024.jpg 791w, https:\/\/ttemsa.com\/industria\/wp-content\/uploads\/2024\/03\/SE-26B-Product-Sheet_Page_2-232x300.jpg 232w, https:\/\/ttemsa.com\/industria\/wp-content\/uploads\/2024\/03\/SE-26B-Product-Sheet_Page_2-768x994.jpg 768w, https:\/\/ttemsa.com\/industria\/wp-content\/uploads\/2024\/03\/SE-26B-Product-Sheet_Page_2-1187x1536.jpg 1187w, https:\/\/ttemsa.com\/industria\/wp-content\/uploads\/2024\/03\/SE-26B-Product-Sheet_Page_2-1583x2048.jpg 1583w, https:\/\/ttemsa.com\/industria\/wp-content\/uploads\/2024\/03\/SE-26B-Product-Sheet_Page_2.jpg 1870w\" sizes=\"auto, (max-width: 791px) 100vw, 791px\" \/><\/figure>\n\n\n<div class=\"wp-block-image\">\n<figure class=\"alignleft\"><img decoding=\"async\" src=\"https:\/\/www.ttemsa.com\/images\/fife\/SE46.png\" alt=\"\"\/><\/figure>\n<\/div>\n\n\n<p><strong>Sensor de l\u00ednea digital de alta revoluci\u00f3n SE 46<\/strong>&nbsp;permite mayor velocidad, Distingue una linea amarilla clara sobre un fondo blanco tambi\u00e9n funciona como sensor de orilla.<\/p>\n","protected":false},"excerpt":{"rendered":"<p>Ejemplos de aplicaci\u00f3n de alineaci\u00f3n desenredado\/enredado o intermedios&nbsp;. Un s\u00f3lo tipo de sensor no sirve para todas las aplicaciones. Por esto FIFE ha desarrollado sensores adecuados para cualquier aplicaci\u00f3n de alineaci\u00f3n de orilla. Nuestra l\u00ednea vers\u00e1til de sensores pueden acomodar alineaci\u00f3n de orilla, alineaci\u00f3n de l\u00ednea de impresi\u00f3n, centrado geom\u00e9trico (fijo o movible), en cualquier [&hellip;]<\/p>\n","protected":false},"author":1,"featured_media":0,"parent":1552,"menu_order":0,"comment_status":"closed","ping_status":"closed","template":"","meta":{"content-type":"","footnotes":""},"categories":[15],"tags":[],"class_list":["post-1531","page","type-page","status-publish","hentry","category-fifecat"],"yoast_head":"<!-- This site is optimized with the Yoast SEO plugin v26.6 - https:\/\/yoast.com\/wordpress\/plugins\/seo\/ -->\n<title>Sensores de Alineaci\u00f3n FIFE - industria-de-la-conversion.ttemsa<\/title>\n<meta name=\"description\" content=\"Sensores de Alineaci\u00f3n FIFE Sensores de Borde y Detectores de Orilla en ttemsa ofrecemos Soluciones. Solicite + info Tel\u00e9fonos: + 52 (55) 5352-0191 5352-1301 5352-6070 5352-0593\" \/>\n<meta name=\"robots\" content=\"index, follow, max-snippet:-1, max-image-preview:large, max-video-preview:-1\" \/>\n<link rel=\"canonical\" href=\"https:\/\/ttemsa.com\/industria\/index.php\/fife-alineacion\/fife-sensores-de-alineacion\/\" \/>\n<meta property=\"og:locale\" content=\"es_MX\" \/>\n<meta property=\"og:type\" content=\"article\" \/>\n<meta property=\"og:title\" content=\"Sensores de Borde y\u00a0Detectores de Orilla, Sensores de Borde y Detectores de Orilla Un s\u00f3lo tipo de sensor no sirve para todas las aplicaciones.\" \/>\n<meta property=\"og:description\" content=\"en ttemsa ofrecemos Soluciones. Solicite + info Tel\u00e9fonos: + 52 (55) 5352-0191 5352-1301 5352-6070 5352-0593\" \/>\n<meta property=\"og:url\" content=\"https:\/\/ttemsa.com\/industria\/index.php\/fife-alineacion\/fife-sensores-de-alineacion\/\" \/>\n<meta property=\"og:site_name\" content=\"industria-de-la-conversion.ttemsa\" \/>\n<meta property=\"article:modified_time\" content=\"2024-09-09T13:45:35+00:00\" \/>\n<meta property=\"og:image\" content=\"https:\/\/ttemsa.com\/industria\/wp-content\/uploads\/2023\/12\/fife-SE-38-first-edge-infrared-sensor.jpg\" \/>\n\t<meta property=\"og:image:width\" content=\"435\" \/>\n\t<meta property=\"og:image:height\" content=\"320\" \/>\n\t<meta property=\"og:image:type\" content=\"image\/jpeg\" \/>\n<meta name=\"twitter:card\" content=\"summary_large_image\" \/>\n<meta name=\"twitter:label1\" content=\"Tiempo de lectura\" \/>\n\t<meta name=\"twitter:data1\" content=\"5 minutos\" \/>\n<script type=\"application\/ld+json\" class=\"yoast-schema-graph\">{\"@context\":\"https:\/\/schema.org\",\"@graph\":[{\"@type\":\"WebPage\",\"@id\":\"https:\/\/ttemsa.com\/industria\/index.php\/fife-alineacion\/fife-sensores-de-alineacion\/\",\"url\":\"https:\/\/ttemsa.com\/industria\/index.php\/fife-alineacion\/fife-sensores-de-alineacion\/\",\"name\":\"Sensores de Alineaci\u00f3n FIFE - industria-de-la-conversion.ttemsa\",\"isPartOf\":{\"@id\":\"https:\/\/ttemsa.com\/industria\/#website\"},\"primaryImageOfPage\":{\"@id\":\"https:\/\/ttemsa.com\/industria\/index.php\/fife-alineacion\/fife-sensores-de-alineacion\/#primaryimage\"},\"image\":{\"@id\":\"https:\/\/ttemsa.com\/industria\/index.php\/fife-alineacion\/fife-sensores-de-alineacion\/#primaryimage\"},\"thumbnailUrl\":\"https:\/\/ttemsa.com\/industria\/wp-content\/uploads\/2023\/12\/FF12-1024x333.jpg\",\"datePublished\":\"2024-03-01T19:48:07+00:00\",\"dateModified\":\"2024-09-09T13:45:35+00:00\",\"description\":\"Sensores de Alineaci\u00f3n FIFE Sensores de Borde y Detectores de Orilla en ttemsa ofrecemos Soluciones. Solicite + info Tel\u00e9fonos: + 52 (55) 5352-0191 5352-1301 5352-6070 5352-0593\",\"breadcrumb\":{\"@id\":\"https:\/\/ttemsa.com\/industria\/index.php\/fife-alineacion\/fife-sensores-de-alineacion\/#breadcrumb\"},\"inLanguage\":\"es\",\"potentialAction\":[{\"@type\":\"ReadAction\",\"target\":[\"https:\/\/ttemsa.com\/industria\/index.php\/fife-alineacion\/fife-sensores-de-alineacion\/\"]}]},{\"@type\":\"ImageObject\",\"inLanguage\":\"es\",\"@id\":\"https:\/\/ttemsa.com\/industria\/index.php\/fife-alineacion\/fife-sensores-de-alineacion\/#primaryimage\",\"url\":\"https:\/\/ttemsa.com\/industria\/wp-content\/uploads\/2023\/12\/FF12.jpg\",\"contentUrl\":\"https:\/\/ttemsa.com\/industria\/wp-content\/uploads\/2023\/12\/FF12.jpg\",\"width\":1200,\"height\":390},{\"@type\":\"BreadcrumbList\",\"@id\":\"https:\/\/ttemsa.com\/industria\/index.php\/fife-alineacion\/fife-sensores-de-alineacion\/#breadcrumb\",\"itemListElement\":[{\"@type\":\"ListItem\",\"position\":1,\"name\":\"Inicio\",\"item\":\"https:\/\/ttemsa.com\/industria\/\"},{\"@type\":\"ListItem\",\"position\":2,\"name\":\"fife-alineacion FIFE Funciones\",\"item\":\"https:\/\/ttemsa.com\/industria\/index.php\/fife-alineacion\/\"},{\"@type\":\"ListItem\",\"position\":3,\"name\":\"Sensores de Alineaci\u00f3n FIFE\"}]},{\"@type\":\"WebSite\",\"@id\":\"https:\/\/ttemsa.com\/industria\/#website\",\"url\":\"https:\/\/ttemsa.com\/industria\/\",\"name\":\"industria-de-la-conversion.ttemsa\",\"description\":\"Designed Dianalacazadora.com\",\"alternateName\":\"ttemsa l\u00edderes en la industria de la conversi\u00f3n\",\"potentialAction\":[{\"@type\":\"SearchAction\",\"target\":{\"@type\":\"EntryPoint\",\"urlTemplate\":\"https:\/\/ttemsa.com\/industria\/?s={search_term_string}\"},\"query-input\":{\"@type\":\"PropertyValueSpecification\",\"valueRequired\":true,\"valueName\":\"search_term_string\"}}],\"inLanguage\":\"es\"}]}<\/script>\n<!-- \/ Yoast SEO plugin. -->","yoast_head_json":{"title":"Sensores de Alineaci\u00f3n FIFE - industria-de-la-conversion.ttemsa","description":"Sensores de Alineaci\u00f3n FIFE Sensores de Borde y Detectores de Orilla en ttemsa ofrecemos Soluciones. Solicite + info Tel\u00e9fonos: + 52 (55) 5352-0191 5352-1301 5352-6070 5352-0593","robots":{"index":"index","follow":"follow","max-snippet":"max-snippet:-1","max-image-preview":"max-image-preview:large","max-video-preview":"max-video-preview:-1"},"canonical":"https:\/\/ttemsa.com\/industria\/index.php\/fife-alineacion\/fife-sensores-de-alineacion\/","og_locale":"es_MX","og_type":"article","og_title":"Sensores de Borde y\u00a0Detectores de Orilla, Sensores de Borde y Detectores de Orilla Un s\u00f3lo tipo de sensor no sirve para todas las aplicaciones.","og_description":"en ttemsa ofrecemos Soluciones. Solicite + info Tel\u00e9fonos: + 52 (55) 5352-0191 5352-1301 5352-6070 5352-0593","og_url":"https:\/\/ttemsa.com\/industria\/index.php\/fife-alineacion\/fife-sensores-de-alineacion\/","og_site_name":"industria-de-la-conversion.ttemsa","article_modified_time":"2024-09-09T13:45:35+00:00","og_image":[{"width":435,"height":320,"url":"https:\/\/ttemsa.com\/industria\/wp-content\/uploads\/2023\/12\/fife-SE-38-first-edge-infrared-sensor.jpg","type":"image\/jpeg"}],"twitter_card":"summary_large_image","twitter_misc":{"Tiempo de lectura":"5 minutos"},"schema":{"@context":"https:\/\/schema.org","@graph":[{"@type":"WebPage","@id":"https:\/\/ttemsa.com\/industria\/index.php\/fife-alineacion\/fife-sensores-de-alineacion\/","url":"https:\/\/ttemsa.com\/industria\/index.php\/fife-alineacion\/fife-sensores-de-alineacion\/","name":"Sensores de Alineaci\u00f3n FIFE - industria-de-la-conversion.ttemsa","isPartOf":{"@id":"https:\/\/ttemsa.com\/industria\/#website"},"primaryImageOfPage":{"@id":"https:\/\/ttemsa.com\/industria\/index.php\/fife-alineacion\/fife-sensores-de-alineacion\/#primaryimage"},"image":{"@id":"https:\/\/ttemsa.com\/industria\/index.php\/fife-alineacion\/fife-sensores-de-alineacion\/#primaryimage"},"thumbnailUrl":"https:\/\/ttemsa.com\/industria\/wp-content\/uploads\/2023\/12\/FF12-1024x333.jpg","datePublished":"2024-03-01T19:48:07+00:00","dateModified":"2024-09-09T13:45:35+00:00","description":"Sensores de Alineaci\u00f3n FIFE Sensores de Borde y Detectores de Orilla en ttemsa ofrecemos Soluciones. Solicite + info Tel\u00e9fonos: + 52 (55) 5352-0191 5352-1301 5352-6070 5352-0593","breadcrumb":{"@id":"https:\/\/ttemsa.com\/industria\/index.php\/fife-alineacion\/fife-sensores-de-alineacion\/#breadcrumb"},"inLanguage":"es","potentialAction":[{"@type":"ReadAction","target":["https:\/\/ttemsa.com\/industria\/index.php\/fife-alineacion\/fife-sensores-de-alineacion\/"]}]},{"@type":"ImageObject","inLanguage":"es","@id":"https:\/\/ttemsa.com\/industria\/index.php\/fife-alineacion\/fife-sensores-de-alineacion\/#primaryimage","url":"https:\/\/ttemsa.com\/industria\/wp-content\/uploads\/2023\/12\/FF12.jpg","contentUrl":"https:\/\/ttemsa.com\/industria\/wp-content\/uploads\/2023\/12\/FF12.jpg","width":1200,"height":390},{"@type":"BreadcrumbList","@id":"https:\/\/ttemsa.com\/industria\/index.php\/fife-alineacion\/fife-sensores-de-alineacion\/#breadcrumb","itemListElement":[{"@type":"ListItem","position":1,"name":"Inicio","item":"https:\/\/ttemsa.com\/industria\/"},{"@type":"ListItem","position":2,"name":"fife-alineacion FIFE Funciones","item":"https:\/\/ttemsa.com\/industria\/index.php\/fife-alineacion\/"},{"@type":"ListItem","position":3,"name":"Sensores de Alineaci\u00f3n FIFE"}]},{"@type":"WebSite","@id":"https:\/\/ttemsa.com\/industria\/#website","url":"https:\/\/ttemsa.com\/industria\/","name":"industria-de-la-conversion.ttemsa","description":"Designed Dianalacazadora.com","alternateName":"ttemsa l\u00edderes en la industria de la conversi\u00f3n","potentialAction":[{"@type":"SearchAction","target":{"@type":"EntryPoint","urlTemplate":"https:\/\/ttemsa.com\/industria\/?s={search_term_string}"},"query-input":{"@type":"PropertyValueSpecification","valueRequired":true,"valueName":"search_term_string"}}],"inLanguage":"es"}]}},"_links":{"self":[{"href":"https:\/\/ttemsa.com\/industria\/index.php\/wp-json\/wp\/v2\/pages\/1531","targetHints":{"allow":["GET"]}}],"collection":[{"href":"https:\/\/ttemsa.com\/industria\/index.php\/wp-json\/wp\/v2\/pages"}],"about":[{"href":"https:\/\/ttemsa.com\/industria\/index.php\/wp-json\/wp\/v2\/types\/page"}],"author":[{"embeddable":true,"href":"https:\/\/ttemsa.com\/industria\/index.php\/wp-json\/wp\/v2\/users\/1"}],"replies":[{"embeddable":true,"href":"https:\/\/ttemsa.com\/industria\/index.php\/wp-json\/wp\/v2\/comments?post=1531"}],"version-history":[{"count":5,"href":"https:\/\/ttemsa.com\/industria\/index.php\/wp-json\/wp\/v2\/pages\/1531\/revisions"}],"predecessor-version":[{"id":3104,"href":"https:\/\/ttemsa.com\/industria\/index.php\/wp-json\/wp\/v2\/pages\/1531\/revisions\/3104"}],"up":[{"embeddable":true,"href":"https:\/\/ttemsa.com\/industria\/index.php\/wp-json\/wp\/v2\/pages\/1552"}],"wp:attachment":[{"href":"https:\/\/ttemsa.com\/industria\/index.php\/wp-json\/wp\/v2\/media?parent=1531"}],"wp:term":[{"taxonomy":"category","embeddable":true,"href":"https:\/\/ttemsa.com\/industria\/index.php\/wp-json\/wp\/v2\/categories?post=1531"},{"taxonomy":"post_tag","embeddable":true,"href":"https:\/\/ttemsa.com\/industria\/index.php\/wp-json\/wp\/v2\/tags?post=1531"}],"curies":[{"name":"wp","href":"https:\/\/api.w.org\/{rel}","templated":true}]}}