{"id":1533,"date":"2024-03-01T19:48:35","date_gmt":"2024-03-01T19:48:35","guid":{"rendered":"https:\/\/ttemsa.com\/industria\/index.php\/fife\/sistemas-de-alineacion-de-banda-base-de-alineacion-opg-fife-200-copy\/"},"modified":"2024-09-09T18:45:39","modified_gmt":"2024-09-09T18:45:39","slug":"posicionadores-de-sensores","status":"publish","type":"page","link":"https:\/\/ttemsa.com\/industria\/index.php\/fife-alineacion\/posicionadores-de-sensores\/","title":{"rendered":"Posicionadores de Sensores"},"content":{"rendered":"<div class=\"wp-block-image\">\n<figure class=\"aligncenter size-full\"><img loading=\"lazy\" decoding=\"async\" width=\"576\" height=\"331\" src=\"https:\/\/ttemsa.com\/industria\/wp-content\/uploads\/2023\/12\/protac.png\" alt=\"\" class=\"wp-image-509\" srcset=\"https:\/\/ttemsa.com\/industria\/wp-content\/uploads\/2023\/12\/protac.png 576w, https:\/\/ttemsa.com\/industria\/wp-content\/uploads\/2023\/12\/protac-300x172.png 300w\" sizes=\"auto, (max-width: 576px) 100vw, 576px\" \/><\/figure>\n<\/div>\n\n<div class=\"wp-block-image\">\n<figure class=\"aligncenter size-full is-resized\"><img loading=\"lazy\" decoding=\"async\" width=\"306\" height=\"223\" src=\"https:\/\/ttemsa.com\/industria\/wp-content\/uploads\/2023\/12\/D-MAXEvq.png\" alt=\"\" class=\"wp-image-488\" style=\"width:221px;height:auto\" srcset=\"https:\/\/ttemsa.com\/industria\/wp-content\/uploads\/2023\/12\/D-MAXEvq.png 306w, https:\/\/ttemsa.com\/industria\/wp-content\/uploads\/2023\/12\/D-MAXEvq-300x219.png 300w\" sizes=\"auto, (max-width: 306px) 100vw, 306px\" \/><\/figure>\n<\/div>\n\n\n<p>Sensores de posicionamiento remoto para ahorro de tiempo, reduce desperdicio, mejora la precisi\u00f3n y elimina da\u00f1os potenciales. <\/p>\n\n\n\n<p>Las caracter\u00edsticas de los posicionadores FIFE con dise\u00f1o resistente al polvo son virtualmente libres de mantenimiento Posicionadores Electromec\u00e1nicos (de sensores).<\/p>\n\n\n\n<figure class=\"wp-block-image size-full\"><img loading=\"lazy\" decoding=\"async\" width=\"591\" height=\"358\" src=\"https:\/\/ttemsa.com\/industria\/wp-content\/uploads\/2023\/12\/Positioner-ProTrac-200.jpg\" alt=\"\" class=\"wp-image-510\" srcset=\"https:\/\/ttemsa.com\/industria\/wp-content\/uploads\/2023\/12\/Positioner-ProTrac-200.jpg 591w, https:\/\/ttemsa.com\/industria\/wp-content\/uploads\/2023\/12\/Positioner-ProTrac-200-300x182.jpg 300w\" sizes=\"auto, (max-width: 591px) 100vw, 591px\" \/><\/figure>\n\n\n\n<figure class=\"wp-block-table is-style-stripes\"><table><tbody><tr><td><strong>ProTrac 100 y 200<\/strong><\/td><\/tr><tr><td>\u2022 Para aplicaci\u00f3n de orilla y centrado geom\u00e9trico<br>\u2022 Para bajo costo auto contenido (Protrac 100) y para dise\u00f1o de trabajo severo continuo (Protrac 200), ideal para usos con sistemas esclavizados con sensores movibles para centrado geom\u00e9trico.<\/td><\/tr><\/tbody><\/table><\/figure>\n\n\n\n<figure class=\"wp-block-image size-full\"><img loading=\"lazy\" decoding=\"async\" width=\"591\" height=\"358\" src=\"https:\/\/ttemsa.com\/industria\/wp-content\/uploads\/2023\/12\/1M23.jpg\" alt=\"\" class=\"wp-image-511\" srcset=\"https:\/\/ttemsa.com\/industria\/wp-content\/uploads\/2023\/12\/1M23.jpg 591w, https:\/\/ttemsa.com\/industria\/wp-content\/uploads\/2023\/12\/1M23-300x182.jpg 300w\" sizes=\"auto, (max-width: 591px) 100vw, 591px\" \/><\/figure>\n\n\n\n<figure class=\"wp-block-table is-style-stripes\"><table><tbody><tr><td><strong>Oscilador M-23<\/strong><\/td><\/tr><tr><td>\u2022 Para aplicaci\u00f3nes de embobinado o de alineaci\u00f3n<br>\u2022 Usado para desembobinado de rollos uniformes escalonados, eliminan materiales de oscilaci\u00f3n y velocidad proporcionada.<br>\u2022 La posici\u00f3n del sensor es variable para acomodar los cambios en los anchos de banda.<br>\u2022 Posicionadores a solicitud del cliente est\u00e1n disponibles, para amplia variedad de aplicaciones de esclavizado.<\/td><\/tr><\/tbody><\/table><\/figure>\n\n\n\n<figure class=\"wp-block-image size-full\"><img loading=\"lazy\" decoding=\"async\" width=\"591\" height=\"358\" src=\"https:\/\/ttemsa.com\/industria\/wp-content\/uploads\/2023\/12\/M12.jpg\" alt=\"\" class=\"wp-image-514\" srcset=\"https:\/\/ttemsa.com\/industria\/wp-content\/uploads\/2023\/12\/M12.jpg 591w, https:\/\/ttemsa.com\/industria\/wp-content\/uploads\/2023\/12\/M12-300x182.jpg 300w\" sizes=\"auto, (max-width: 591px) 100vw, 591px\" \/><\/figure>\n\n\n\n<figure class=\"wp-block-table is-style-stripes\"><table><tbody><tr><td><strong>M 12<\/strong><\/td><\/tr><tr><td>\u2022 Para aplicaci\u00f3nes de centrado geom\u00e9trico.<br>\u2022 Posicionador de sensor doble para la mayor parte de las aplicaciones de sensor fijo al centro en alineaci\u00f3n de orilla.<br>\u2022 Capaz de manejar hasta 64&#8243; (1,626mm) de ancho de variaci\u00f3n.<br>\u2022 Indicaci\u00f3n de la posici\u00f3n sobre la perilla de mando permite operaci\u00f3n precisa y sencilla.&nbsp;<\/td><\/tr><\/tbody><\/table><\/figure>\n\n\n\n<h4 class=\"wp-block-heading\"><\/h4>\n\n\n\n<p class=\"has-text-align-center\"><strong>Cont\u00e1ctenos para asistirlo en su aplicaci\u00f3n.<\/strong><\/p>\n","protected":false},"excerpt":{"rendered":"<p>Sensores de posicionamiento remoto para ahorro de tiempo, reduce desperdicio, mejora la precisi\u00f3n y elimina da\u00f1os potenciales. Las caracter\u00edsticas de los posicionadores FIFE con dise\u00f1o resistente al polvo son virtualmente libres de mantenimiento Posicionadores Electromec\u00e1nicos (de sensores). ProTrac 100 y 200 \u2022 Para aplicaci\u00f3n de orilla y centrado geom\u00e9trico\u2022 Para bajo costo auto contenido (Protrac [&hellip;]<\/p>\n","protected":false},"author":1,"featured_media":0,"parent":1552,"menu_order":0,"comment_status":"closed","ping_status":"closed","template":"","meta":{"content-type":"","footnotes":""},"categories":[15],"tags":[],"class_list":["post-1533","page","type-page","status-publish","hentry","category-fifecat"],"yoast_head":"<!-- This site is optimized with the Yoast SEO plugin v26.6 - https:\/\/yoast.com\/wordpress\/plugins\/seo\/ -->\n<title>Posicionadores de Sensores - industria-de-la-conversion.ttemsa<\/title>\n<meta name=\"description\" content=\"Sensores de posicionamiento remoto para ahorro de tiempo, reduce desperdicio, mejora la precisi\u00f3n y elimina da\u00f1os potenciales.\" \/>\n<meta name=\"robots\" content=\"index, follow, max-snippet:-1, max-image-preview:large, max-video-preview:-1\" \/>\n<link rel=\"canonical\" href=\"https:\/\/ttemsa.com\/industria\/index.php\/fife-alineacion\/posicionadores-de-sensores\/\" \/>\n<meta property=\"og:locale\" content=\"es_MX\" \/>\n<meta property=\"og:type\" content=\"article\" \/>\n<meta property=\"og:title\" content=\"Posicionadores de sensores FIFE: Sensores de posicionamiento remoto para ahorro de tiempo, reduce desperdicio, mejora la precisi\u00f3n y elimina da\u00f1os potenciales.\" \/>\n<meta property=\"og:description\" content=\"en ttemsa ofrecemos Soluciones. Solicite + info Tel\u00e9fonos: + 52 (55) 5352-0191 5352-1301 5352-6070 5352-0593\" \/>\n<meta property=\"og:url\" content=\"https:\/\/ttemsa.com\/industria\/index.php\/fife-alineacion\/posicionadores-de-sensores\/\" \/>\n<meta property=\"og:site_name\" content=\"industria-de-la-conversion.ttemsa\" \/>\n<meta property=\"article:modified_time\" content=\"2024-09-09T18:45:39+00:00\" \/>\n<meta property=\"og:image\" content=\"https:\/\/ttemsa.com\/industria\/wp-content\/uploads\/2023\/12\/protac.png\" \/>\n\t<meta property=\"og:image:width\" content=\"576\" \/>\n\t<meta property=\"og:image:height\" content=\"331\" \/>\n\t<meta property=\"og:image:type\" content=\"image\/png\" \/>\n<meta name=\"twitter:card\" content=\"summary_large_image\" \/>\n<meta name=\"twitter:label1\" content=\"Tiempo de lectura\" \/>\n\t<meta name=\"twitter:data1\" content=\"2 minutos\" \/>\n<script type=\"application\/ld+json\" class=\"yoast-schema-graph\">{\"@context\":\"https:\/\/schema.org\",\"@graph\":[{\"@type\":\"WebPage\",\"@id\":\"https:\/\/ttemsa.com\/industria\/index.php\/fife-alineacion\/posicionadores-de-sensores\/\",\"url\":\"https:\/\/ttemsa.com\/industria\/index.php\/fife-alineacion\/posicionadores-de-sensores\/\",\"name\":\"Posicionadores de Sensores - industria-de-la-conversion.ttemsa\",\"isPartOf\":{\"@id\":\"https:\/\/ttemsa.com\/industria\/#website\"},\"primaryImageOfPage\":{\"@id\":\"https:\/\/ttemsa.com\/industria\/index.php\/fife-alineacion\/posicionadores-de-sensores\/#primaryimage\"},\"image\":{\"@id\":\"https:\/\/ttemsa.com\/industria\/index.php\/fife-alineacion\/posicionadores-de-sensores\/#primaryimage\"},\"thumbnailUrl\":\"https:\/\/ttemsa.com\/industria\/wp-content\/uploads\/2023\/12\/protac.png\",\"datePublished\":\"2024-03-01T19:48:35+00:00\",\"dateModified\":\"2024-09-09T18:45:39+00:00\",\"description\":\"Sensores de posicionamiento remoto para ahorro de tiempo, reduce desperdicio, mejora la precisi\u00f3n y elimina da\u00f1os potenciales.\",\"breadcrumb\":{\"@id\":\"https:\/\/ttemsa.com\/industria\/index.php\/fife-alineacion\/posicionadores-de-sensores\/#breadcrumb\"},\"inLanguage\":\"es\",\"potentialAction\":[{\"@type\":\"ReadAction\",\"target\":[\"https:\/\/ttemsa.com\/industria\/index.php\/fife-alineacion\/posicionadores-de-sensores\/\"]}]},{\"@type\":\"ImageObject\",\"inLanguage\":\"es\",\"@id\":\"https:\/\/ttemsa.com\/industria\/index.php\/fife-alineacion\/posicionadores-de-sensores\/#primaryimage\",\"url\":\"https:\/\/ttemsa.com\/industria\/wp-content\/uploads\/2023\/12\/protac.png\",\"contentUrl\":\"https:\/\/ttemsa.com\/industria\/wp-content\/uploads\/2023\/12\/protac.png\",\"width\":576,\"height\":331},{\"@type\":\"BreadcrumbList\",\"@id\":\"https:\/\/ttemsa.com\/industria\/index.php\/fife-alineacion\/posicionadores-de-sensores\/#breadcrumb\",\"itemListElement\":[{\"@type\":\"ListItem\",\"position\":1,\"name\":\"Inicio\",\"item\":\"https:\/\/ttemsa.com\/industria\/\"},{\"@type\":\"ListItem\",\"position\":2,\"name\":\"fife-alineacion FIFE Funciones\",\"item\":\"https:\/\/ttemsa.com\/industria\/index.php\/fife-alineacion\/\"},{\"@type\":\"ListItem\",\"position\":3,\"name\":\"Posicionadores de Sensores\"}]},{\"@type\":\"WebSite\",\"@id\":\"https:\/\/ttemsa.com\/industria\/#website\",\"url\":\"https:\/\/ttemsa.com\/industria\/\",\"name\":\"industria-de-la-conversion.ttemsa\",\"description\":\"Designed Dianalacazadora.com\",\"alternateName\":\"ttemsa l\u00edderes en la industria de la conversi\u00f3n\",\"potentialAction\":[{\"@type\":\"SearchAction\",\"target\":{\"@type\":\"EntryPoint\",\"urlTemplate\":\"https:\/\/ttemsa.com\/industria\/?s={search_term_string}\"},\"query-input\":{\"@type\":\"PropertyValueSpecification\",\"valueRequired\":true,\"valueName\":\"search_term_string\"}}],\"inLanguage\":\"es\"}]}<\/script>\n<!-- \/ Yoast SEO plugin. -->","yoast_head_json":{"title":"Posicionadores de Sensores - industria-de-la-conversion.ttemsa","description":"Sensores de posicionamiento remoto para ahorro de tiempo, reduce desperdicio, mejora la precisi\u00f3n y elimina da\u00f1os potenciales.","robots":{"index":"index","follow":"follow","max-snippet":"max-snippet:-1","max-image-preview":"max-image-preview:large","max-video-preview":"max-video-preview:-1"},"canonical":"https:\/\/ttemsa.com\/industria\/index.php\/fife-alineacion\/posicionadores-de-sensores\/","og_locale":"es_MX","og_type":"article","og_title":"Posicionadores de sensores FIFE: Sensores de posicionamiento remoto para ahorro de tiempo, reduce desperdicio, mejora la precisi\u00f3n y elimina da\u00f1os potenciales.","og_description":"en ttemsa ofrecemos Soluciones. Solicite + info Tel\u00e9fonos: + 52 (55) 5352-0191 5352-1301 5352-6070 5352-0593","og_url":"https:\/\/ttemsa.com\/industria\/index.php\/fife-alineacion\/posicionadores-de-sensores\/","og_site_name":"industria-de-la-conversion.ttemsa","article_modified_time":"2024-09-09T18:45:39+00:00","og_image":[{"width":576,"height":331,"url":"https:\/\/ttemsa.com\/industria\/wp-content\/uploads\/2023\/12\/protac.png","type":"image\/png"}],"twitter_card":"summary_large_image","twitter_misc":{"Tiempo de lectura":"2 minutos"},"schema":{"@context":"https:\/\/schema.org","@graph":[{"@type":"WebPage","@id":"https:\/\/ttemsa.com\/industria\/index.php\/fife-alineacion\/posicionadores-de-sensores\/","url":"https:\/\/ttemsa.com\/industria\/index.php\/fife-alineacion\/posicionadores-de-sensores\/","name":"Posicionadores de Sensores - industria-de-la-conversion.ttemsa","isPartOf":{"@id":"https:\/\/ttemsa.com\/industria\/#website"},"primaryImageOfPage":{"@id":"https:\/\/ttemsa.com\/industria\/index.php\/fife-alineacion\/posicionadores-de-sensores\/#primaryimage"},"image":{"@id":"https:\/\/ttemsa.com\/industria\/index.php\/fife-alineacion\/posicionadores-de-sensores\/#primaryimage"},"thumbnailUrl":"https:\/\/ttemsa.com\/industria\/wp-content\/uploads\/2023\/12\/protac.png","datePublished":"2024-03-01T19:48:35+00:00","dateModified":"2024-09-09T18:45:39+00:00","description":"Sensores de posicionamiento remoto para ahorro de tiempo, reduce desperdicio, mejora la precisi\u00f3n y elimina da\u00f1os potenciales.","breadcrumb":{"@id":"https:\/\/ttemsa.com\/industria\/index.php\/fife-alineacion\/posicionadores-de-sensores\/#breadcrumb"},"inLanguage":"es","potentialAction":[{"@type":"ReadAction","target":["https:\/\/ttemsa.com\/industria\/index.php\/fife-alineacion\/posicionadores-de-sensores\/"]}]},{"@type":"ImageObject","inLanguage":"es","@id":"https:\/\/ttemsa.com\/industria\/index.php\/fife-alineacion\/posicionadores-de-sensores\/#primaryimage","url":"https:\/\/ttemsa.com\/industria\/wp-content\/uploads\/2023\/12\/protac.png","contentUrl":"https:\/\/ttemsa.com\/industria\/wp-content\/uploads\/2023\/12\/protac.png","width":576,"height":331},{"@type":"BreadcrumbList","@id":"https:\/\/ttemsa.com\/industria\/index.php\/fife-alineacion\/posicionadores-de-sensores\/#breadcrumb","itemListElement":[{"@type":"ListItem","position":1,"name":"Inicio","item":"https:\/\/ttemsa.com\/industria\/"},{"@type":"ListItem","position":2,"name":"fife-alineacion FIFE Funciones","item":"https:\/\/ttemsa.com\/industria\/index.php\/fife-alineacion\/"},{"@type":"ListItem","position":3,"name":"Posicionadores de Sensores"}]},{"@type":"WebSite","@id":"https:\/\/ttemsa.com\/industria\/#website","url":"https:\/\/ttemsa.com\/industria\/","name":"industria-de-la-conversion.ttemsa","description":"Designed Dianalacazadora.com","alternateName":"ttemsa l\u00edderes en la industria de la conversi\u00f3n","potentialAction":[{"@type":"SearchAction","target":{"@type":"EntryPoint","urlTemplate":"https:\/\/ttemsa.com\/industria\/?s={search_term_string}"},"query-input":{"@type":"PropertyValueSpecification","valueRequired":true,"valueName":"search_term_string"}}],"inLanguage":"es"}]}},"_links":{"self":[{"href":"https:\/\/ttemsa.com\/industria\/index.php\/wp-json\/wp\/v2\/pages\/1533","targetHints":{"allow":["GET"]}}],"collection":[{"href":"https:\/\/ttemsa.com\/industria\/index.php\/wp-json\/wp\/v2\/pages"}],"about":[{"href":"https:\/\/ttemsa.com\/industria\/index.php\/wp-json\/wp\/v2\/types\/page"}],"author":[{"embeddable":true,"href":"https:\/\/ttemsa.com\/industria\/index.php\/wp-json\/wp\/v2\/users\/1"}],"replies":[{"embeddable":true,"href":"https:\/\/ttemsa.com\/industria\/index.php\/wp-json\/wp\/v2\/comments?post=1533"}],"version-history":[{"count":3,"href":"https:\/\/ttemsa.com\/industria\/index.php\/wp-json\/wp\/v2\/pages\/1533\/revisions"}],"predecessor-version":[{"id":3036,"href":"https:\/\/ttemsa.com\/industria\/index.php\/wp-json\/wp\/v2\/pages\/1533\/revisions\/3036"}],"up":[{"embeddable":true,"href":"https:\/\/ttemsa.com\/industria\/index.php\/wp-json\/wp\/v2\/pages\/1552"}],"wp:attachment":[{"href":"https:\/\/ttemsa.com\/industria\/index.php\/wp-json\/wp\/v2\/media?parent=1533"}],"wp:term":[{"taxonomy":"category","embeddable":true,"href":"https:\/\/ttemsa.com\/industria\/index.php\/wp-json\/wp\/v2\/categories?post=1533"},{"taxonomy":"post_tag","embeddable":true,"href":"https:\/\/ttemsa.com\/industria\/index.php\/wp-json\/wp\/v2\/tags?post=1533"}],"curies":[{"name":"wp","href":"https:\/\/api.w.org\/{rel}","templated":true}]}}