{"id":1548,"date":"2024-03-01T19:53:55","date_gmt":"2024-03-01T19:53:55","guid":{"rendered":"https:\/\/ttemsa.com\/industria\/index.php\/fife\/sistemas-de-alineacion-de-banda-base-de-alineacion-opg-fife-200-copy-copy\/"},"modified":"2024-09-09T15:11:36","modified_gmt":"2024-09-09T15:11:36","slug":"111-se22","status":"publish","type":"page","link":"https:\/\/ttemsa.com\/industria\/index.php\/fife\/32-fife-sensores\/111-se22\/","title":{"rendered":"Sensor Infrarojo Fife SE-22"},"content":{"rendered":"<div class=\"wp-block-image\">\n<figure class=\"aligncenter size-full is-resized\"><img loading=\"lazy\" decoding=\"async\" width=\"281\" height=\"312\" src=\"https:\/\/ttemsa.com\/industria\/wp-content\/uploads\/2024\/03\/se22b.png\" alt=\"\" class=\"wp-image-2085\" style=\"width:408px;height:auto\" srcset=\"https:\/\/ttemsa.com\/industria\/wp-content\/uploads\/2024\/03\/se22b.png 281w, https:\/\/ttemsa.com\/industria\/wp-content\/uploads\/2024\/03\/se22b-270x300.png 270w\" sizes=\"auto, (max-width: 281px) 100vw, 281px\" \/><\/figure>\n<\/div>\n\n<div class=\"wp-block-image\">\n<figure class=\"alignright size-full\"><img loading=\"lazy\" decoding=\"async\" width=\"547\" height=\"54\" src=\"https:\/\/ttemsa.com\/industria\/wp-content\/uploads\/2024\/03\/se22.png\" alt=\"\" class=\"wp-image-2086\" srcset=\"https:\/\/ttemsa.com\/industria\/wp-content\/uploads\/2024\/03\/se22.png 547w, https:\/\/ttemsa.com\/industria\/wp-content\/uploads\/2024\/03\/se22-300x30.png 300w\" sizes=\"auto, (max-width: 547px) 100vw, 547px\" \/><\/figure>\n<\/div>\n\n\n<p>Fiable y vers\u00e1til, el SE-22 es nuestro sensor infrarrojo m\u00e1s popular.<\/p>\n\n\n\n<p>Utilizado principalmente como un sensor de guiado por el borde, el SE-22 act\u00faa con eficiencia similar en aplicaciones de guiado por el centro.<\/p>\n\n\n\n<p>Tambi\u00e9n se puede utilizar en parejas para obtener un guiado por el centro preciso cuando las variaciones de anchura de banda son limitadas.<\/p>\n\n\n\n<p>El SE-22 tiene una distancia de detecci\u00f3n est\u00e1ndar de 50.8 mm (2.0 pulgadas) y un rango de control de 15.24 mm (0.6 pulgadas), para permitir un ajuste importante del punto de guiado el SE-22 tambi\u00e9n es capaz de guiar pel\u00edculas claras.<\/p>\n","protected":false},"excerpt":{"rendered":"<p>Fiable y vers\u00e1til, el SE-22 es nuestro sensor infrarrojo m\u00e1s popular. Utilizado principalmente como un sensor de guiado por el borde, el SE-22 act\u00faa con eficiencia similar en aplicaciones de guiado por el centro. Tambi\u00e9n se puede utilizar en parejas para obtener un guiado por el centro preciso cuando las variaciones de anchura de banda [&hellip;]<\/p>\n","protected":false},"author":1,"featured_media":0,"parent":3520,"menu_order":0,"comment_status":"closed","ping_status":"closed","template":"","meta":{"content-type":"","footnotes":""},"categories":[15],"tags":[],"class_list":["post-1548","page","type-page","status-publish","hentry","category-fifecat"],"yoast_head":"<!-- This site is optimized with the Yoast SEO plugin v26.6 - https:\/\/yoast.com\/wordpress\/plugins\/seo\/ -->\n<title>Sensor Infrarojo Fife SE-22 - industria-de-la-conversion.ttemsa<\/title>\n<meta name=\"description\" content=\"Fiable y vers\u00e1til, el SE-22 es nuestro sensor infrarrojo m\u00e1s popular. Utilizado principalmente como un sensor de guiado\" \/>\n<meta name=\"robots\" content=\"index, follow, max-snippet:-1, max-image-preview:large, max-video-preview:-1\" \/>\n<link rel=\"canonical\" href=\"https:\/\/ttemsa.com\/industria\/index.php\/fife\/32-fife-sensores\/111-se22\/\" \/>\n<meta property=\"og:locale\" content=\"es_MX\" \/>\n<meta property=\"og:type\" content=\"article\" \/>\n<meta property=\"og:title\" content=\"Fiable y vers\u00e1til, el SE-22 es nuestro sensor infrarrojo m\u00e1s popular. Utilizado principalmente como un sensor de guiado\" \/>\n<meta property=\"og:description\" content=\"en ttemsa ofrecemos Soluciones. Solicite + info Tel\u00e9fonos: + 52 (55) 5352-0191 5352-1301 5352-6070 5352-0593\" \/>\n<meta property=\"og:url\" content=\"https:\/\/ttemsa.com\/industria\/index.php\/fife\/32-fife-sensores\/111-se22\/\" \/>\n<meta property=\"og:site_name\" content=\"industria-de-la-conversion.ttemsa\" \/>\n<meta property=\"article:modified_time\" content=\"2024-09-09T15:11:36+00:00\" \/>\n<meta property=\"og:image\" content=\"https:\/\/ttemsa.com\/industria\/wp-content\/uploads\/2024\/03\/se22b.png\" \/>\n\t<meta property=\"og:image:width\" content=\"281\" \/>\n\t<meta property=\"og:image:height\" content=\"312\" \/>\n\t<meta property=\"og:image:type\" content=\"image\/png\" \/>\n<meta name=\"twitter:card\" content=\"summary_large_image\" \/>\n<meta name=\"twitter:label1\" content=\"Tiempo de lectura\" \/>\n\t<meta name=\"twitter:data1\" content=\"1 minuto\" \/>\n<script type=\"application\/ld+json\" class=\"yoast-schema-graph\">{\"@context\":\"https:\/\/schema.org\",\"@graph\":[{\"@type\":\"WebPage\",\"@id\":\"https:\/\/ttemsa.com\/industria\/index.php\/fife\/32-fife-sensores\/111-se22\/\",\"url\":\"https:\/\/ttemsa.com\/industria\/index.php\/fife\/32-fife-sensores\/111-se22\/\",\"name\":\"Sensor Infrarojo Fife SE-22 - industria-de-la-conversion.ttemsa\",\"isPartOf\":{\"@id\":\"https:\/\/ttemsa.com\/industria\/#website\"},\"primaryImageOfPage\":{\"@id\":\"https:\/\/ttemsa.com\/industria\/index.php\/fife\/32-fife-sensores\/111-se22\/#primaryimage\"},\"image\":{\"@id\":\"https:\/\/ttemsa.com\/industria\/index.php\/fife\/32-fife-sensores\/111-se22\/#primaryimage\"},\"thumbnailUrl\":\"https:\/\/ttemsa.com\/industria\/wp-content\/uploads\/2024\/03\/se22b.png\",\"datePublished\":\"2024-03-01T19:53:55+00:00\",\"dateModified\":\"2024-09-09T15:11:36+00:00\",\"description\":\"Fiable y vers\u00e1til, el SE-22 es nuestro sensor infrarrojo m\u00e1s popular. Utilizado principalmente como un sensor de guiado\",\"breadcrumb\":{\"@id\":\"https:\/\/ttemsa.com\/industria\/index.php\/fife\/32-fife-sensores\/111-se22\/#breadcrumb\"},\"inLanguage\":\"es\",\"potentialAction\":[{\"@type\":\"ReadAction\",\"target\":[\"https:\/\/ttemsa.com\/industria\/index.php\/fife\/32-fife-sensores\/111-se22\/\"]}]},{\"@type\":\"ImageObject\",\"inLanguage\":\"es\",\"@id\":\"https:\/\/ttemsa.com\/industria\/index.php\/fife\/32-fife-sensores\/111-se22\/#primaryimage\",\"url\":\"https:\/\/ttemsa.com\/industria\/wp-content\/uploads\/2024\/03\/se22b.png\",\"contentUrl\":\"https:\/\/ttemsa.com\/industria\/wp-content\/uploads\/2024\/03\/se22b.png\",\"width\":281,\"height\":312},{\"@type\":\"BreadcrumbList\",\"@id\":\"https:\/\/ttemsa.com\/industria\/index.php\/fife\/32-fife-sensores\/111-se22\/#breadcrumb\",\"itemListElement\":[{\"@type\":\"ListItem\",\"position\":1,\"name\":\"Inicio\",\"item\":\"https:\/\/ttemsa.com\/industria\/\"},{\"@type\":\"ListItem\",\"position\":2,\"name\":\"FIFE\",\"item\":\"https:\/\/ttemsa.com\/industria\/index.php\/fife\/\"},{\"@type\":\"ListItem\",\"position\":3,\"name\":\"32- Sensores de Alineaci\u00f3n FIFE\",\"item\":\"https:\/\/ttemsa.com\/industria\/index.php\/fife\/32-fife-sensores\/\"},{\"@type\":\"ListItem\",\"position\":4,\"name\":\"Sensor Infrarojo Fife SE-22\"}]},{\"@type\":\"WebSite\",\"@id\":\"https:\/\/ttemsa.com\/industria\/#website\",\"url\":\"https:\/\/ttemsa.com\/industria\/\",\"name\":\"industria-de-la-conversion.ttemsa\",\"description\":\"Designed Dianalacazadora.com\",\"alternateName\":\"ttemsa l\u00edderes en la industria de la conversi\u00f3n\",\"potentialAction\":[{\"@type\":\"SearchAction\",\"target\":{\"@type\":\"EntryPoint\",\"urlTemplate\":\"https:\/\/ttemsa.com\/industria\/?s={search_term_string}\"},\"query-input\":{\"@type\":\"PropertyValueSpecification\",\"valueRequired\":true,\"valueName\":\"search_term_string\"}}],\"inLanguage\":\"es\"}]}<\/script>\n<!-- \/ Yoast SEO plugin. -->","yoast_head_json":{"title":"Sensor Infrarojo Fife SE-22 - industria-de-la-conversion.ttemsa","description":"Fiable y vers\u00e1til, el SE-22 es nuestro sensor infrarrojo m\u00e1s popular. Utilizado principalmente como un sensor de guiado","robots":{"index":"index","follow":"follow","max-snippet":"max-snippet:-1","max-image-preview":"max-image-preview:large","max-video-preview":"max-video-preview:-1"},"canonical":"https:\/\/ttemsa.com\/industria\/index.php\/fife\/32-fife-sensores\/111-se22\/","og_locale":"es_MX","og_type":"article","og_title":"Fiable y vers\u00e1til, el SE-22 es nuestro sensor infrarrojo m\u00e1s popular. Utilizado principalmente como un sensor de guiado","og_description":"en ttemsa ofrecemos Soluciones. Solicite + info Tel\u00e9fonos: + 52 (55) 5352-0191 5352-1301 5352-6070 5352-0593","og_url":"https:\/\/ttemsa.com\/industria\/index.php\/fife\/32-fife-sensores\/111-se22\/","og_site_name":"industria-de-la-conversion.ttemsa","article_modified_time":"2024-09-09T15:11:36+00:00","og_image":[{"width":281,"height":312,"url":"https:\/\/ttemsa.com\/industria\/wp-content\/uploads\/2024\/03\/se22b.png","type":"image\/png"}],"twitter_card":"summary_large_image","twitter_misc":{"Tiempo de lectura":"1 minuto"},"schema":{"@context":"https:\/\/schema.org","@graph":[{"@type":"WebPage","@id":"https:\/\/ttemsa.com\/industria\/index.php\/fife\/32-fife-sensores\/111-se22\/","url":"https:\/\/ttemsa.com\/industria\/index.php\/fife\/32-fife-sensores\/111-se22\/","name":"Sensor Infrarojo Fife SE-22 - industria-de-la-conversion.ttemsa","isPartOf":{"@id":"https:\/\/ttemsa.com\/industria\/#website"},"primaryImageOfPage":{"@id":"https:\/\/ttemsa.com\/industria\/index.php\/fife\/32-fife-sensores\/111-se22\/#primaryimage"},"image":{"@id":"https:\/\/ttemsa.com\/industria\/index.php\/fife\/32-fife-sensores\/111-se22\/#primaryimage"},"thumbnailUrl":"https:\/\/ttemsa.com\/industria\/wp-content\/uploads\/2024\/03\/se22b.png","datePublished":"2024-03-01T19:53:55+00:00","dateModified":"2024-09-09T15:11:36+00:00","description":"Fiable y vers\u00e1til, el SE-22 es nuestro sensor infrarrojo m\u00e1s popular. Utilizado principalmente como un sensor de guiado","breadcrumb":{"@id":"https:\/\/ttemsa.com\/industria\/index.php\/fife\/32-fife-sensores\/111-se22\/#breadcrumb"},"inLanguage":"es","potentialAction":[{"@type":"ReadAction","target":["https:\/\/ttemsa.com\/industria\/index.php\/fife\/32-fife-sensores\/111-se22\/"]}]},{"@type":"ImageObject","inLanguage":"es","@id":"https:\/\/ttemsa.com\/industria\/index.php\/fife\/32-fife-sensores\/111-se22\/#primaryimage","url":"https:\/\/ttemsa.com\/industria\/wp-content\/uploads\/2024\/03\/se22b.png","contentUrl":"https:\/\/ttemsa.com\/industria\/wp-content\/uploads\/2024\/03\/se22b.png","width":281,"height":312},{"@type":"BreadcrumbList","@id":"https:\/\/ttemsa.com\/industria\/index.php\/fife\/32-fife-sensores\/111-se22\/#breadcrumb","itemListElement":[{"@type":"ListItem","position":1,"name":"Inicio","item":"https:\/\/ttemsa.com\/industria\/"},{"@type":"ListItem","position":2,"name":"FIFE","item":"https:\/\/ttemsa.com\/industria\/index.php\/fife\/"},{"@type":"ListItem","position":3,"name":"32- Sensores de Alineaci\u00f3n FIFE","item":"https:\/\/ttemsa.com\/industria\/index.php\/fife\/32-fife-sensores\/"},{"@type":"ListItem","position":4,"name":"Sensor Infrarojo Fife SE-22"}]},{"@type":"WebSite","@id":"https:\/\/ttemsa.com\/industria\/#website","url":"https:\/\/ttemsa.com\/industria\/","name":"industria-de-la-conversion.ttemsa","description":"Designed Dianalacazadora.com","alternateName":"ttemsa l\u00edderes en la industria de la conversi\u00f3n","potentialAction":[{"@type":"SearchAction","target":{"@type":"EntryPoint","urlTemplate":"https:\/\/ttemsa.com\/industria\/?s={search_term_string}"},"query-input":{"@type":"PropertyValueSpecification","valueRequired":true,"valueName":"search_term_string"}}],"inLanguage":"es"}]}},"_links":{"self":[{"href":"https:\/\/ttemsa.com\/industria\/index.php\/wp-json\/wp\/v2\/pages\/1548","targetHints":{"allow":["GET"]}}],"collection":[{"href":"https:\/\/ttemsa.com\/industria\/index.php\/wp-json\/wp\/v2\/pages"}],"about":[{"href":"https:\/\/ttemsa.com\/industria\/index.php\/wp-json\/wp\/v2\/types\/page"}],"author":[{"embeddable":true,"href":"https:\/\/ttemsa.com\/industria\/index.php\/wp-json\/wp\/v2\/users\/1"}],"replies":[{"embeddable":true,"href":"https:\/\/ttemsa.com\/industria\/index.php\/wp-json\/wp\/v2\/comments?post=1548"}],"version-history":[{"count":4,"href":"https:\/\/ttemsa.com\/industria\/index.php\/wp-json\/wp\/v2\/pages\/1548\/revisions"}],"predecessor-version":[{"id":2087,"href":"https:\/\/ttemsa.com\/industria\/index.php\/wp-json\/wp\/v2\/pages\/1548\/revisions\/2087"}],"up":[{"embeddable":true,"href":"https:\/\/ttemsa.com\/industria\/index.php\/wp-json\/wp\/v2\/pages\/3520"}],"wp:attachment":[{"href":"https:\/\/ttemsa.com\/industria\/index.php\/wp-json\/wp\/v2\/media?parent=1548"}],"wp:term":[{"taxonomy":"category","embeddable":true,"href":"https:\/\/ttemsa.com\/industria\/index.php\/wp-json\/wp\/v2\/categories?post=1548"},{"taxonomy":"post_tag","embeddable":true,"href":"https:\/\/ttemsa.com\/industria\/index.php\/wp-json\/wp\/v2\/tags?post=1548"}],"curies":[{"name":"wp","href":"https:\/\/api.w.org\/{rel}","templated":true}]}}