{"id":1552,"date":"2024-03-01T19:54:56","date_gmt":"2024-03-01T19:54:56","guid":{"rendered":"https:\/\/ttemsa.com\/industria\/index.php\/fife\/sistemas-de-alineacion-de-banda-base-de-alineacion-opg-fife-200-copy-copy\/"},"modified":"2024-09-09T13:41:52","modified_gmt":"2024-09-09T13:41:52","slug":"fife-alineacion","status":"publish","type":"page","link":"https:\/\/ttemsa.com\/industria\/index.php\/fife-alineacion\/","title":{"rendered":"fife-alineacion FIFE Funciones"},"content":{"rendered":"<div class=\"wp-block-image\">\n<figure class=\"aligncenter size-large is-resized\"><img decoding=\"async\" src=\"https:\/\/ttemsa.com\/images\/fife.jpg\" alt=\"\" style=\"width:71px;height:auto\"\/><\/figure>\n<\/div>\n\n<div class=\"wp-block-image\">\n<figure class=\"aligncenter size-large\"><img decoding=\"async\" src=\"https:\/\/ttemsa.com\/images\/fife500-1.jpg\" alt=\"\"\/><\/figure>\n<\/div>\n\n\n<p><strong>APLICACIONES DE METALES.<\/strong><\/p>\n\n\n\n<p><strong>SISTEMAS DE ALINEACI\u00d3N DE ORILLA FIFE<\/strong><\/p>\n\n\n\n<p>La funci\u00f3n del <strong>sistema de alineaci\u00f3n<\/strong> es corregir el desalineamiento que se puede generar en un proceso determinado de banda continua pudi\u00e9ndose utilizar en el desenredado, enredado o intermedio.<\/p>\n\n\n\n<p>En la pr\u00e1ctica la alineaci\u00f3n exacta no existe, por eso se utilizan los alineadores de orilla (en algunos casos se alinea el material sobre una l\u00ednea de impresi\u00f3n, por que cuando se imprime, muchas veces el material a imprimir no guarda la misma distancia a la orilla y por eso hay que seguir la l\u00ednea de impresi\u00f3n).<\/p>\n\n\n\n<p>Lo m\u00e1s recomendable es que el sistema de alineaci\u00f3n se instale lo m\u00e1s cercano posible al proceso que se desea tener alineado.<\/p>\n\n\n\n<p>Para determinar que tipo de construcci\u00f3n de sistema de alineaci\u00f3n se debe seleccionar, eso en funci\u00f3n a lo que permita la geometr\u00eda de la m\u00e1quina.<\/p>\n\n\n\n<p>El tipo de alineaci\u00f3n seleccionada debe de reunir ciertas caracter\u00edsticas dimensionales en el desenredado y enredado hay que tener cuidado en la posici\u00f3n del sensor y del rodillo que est\u00e1 cerca del rollo.&nbsp;&nbsp;<\/p>\n\n\n\n<p>La base intermedia m\u00e1s usada es la base de pivote desfasado o<strong> OPG (Offset Pivot Guide)<\/strong>, por su flexibilidad para el montaje.<\/p>\n\n\n<div class=\"wp-block-image\">\n<figure class=\"aligncenter size-full is-resized\"><img loading=\"lazy\" decoding=\"async\" width=\"264\" height=\"191\" src=\"https:\/\/ttemsa.com\/industria\/wp-content\/uploads\/2023\/12\/fifel.jpg\" alt=\"\" class=\"wp-image-448\" style=\"width:354px;height:auto\"\/><\/figure>\n<\/div>\n\n\n<p><strong>FIFE fabrica para aplicaciones especiales como son:<\/strong>&nbsp;<\/p>\n\n\n\n<p>Sistemas de alineaci\u00f3n para: Ambientes inflamables, con monitoreo a trav\u00e9s de computadora, para operar a altas temperaturas, con sensores para cambios continuos de anchos, para sensar tela no tejida y muchas aplicaciones m\u00e1s.<\/p>\n\n\n\n<p>Los sistemas de alineaci\u00f3n constan b\u00e1sicamente del sistema de alineaci\u00f3n y la base (o armaz\u00f3n de alineaci\u00f3n).&nbsp;<\/p>\n\n\n\n<p><\/p>\n","protected":false},"excerpt":{"rendered":"<p>APLICACIONES DE METALES. SISTEMAS DE ALINEACI\u00d3N DE ORILLA FIFE La funci\u00f3n del sistema de alineaci\u00f3n es corregir el desalineamiento que se puede generar en un proceso determinado de banda continua pudi\u00e9ndose utilizar en el desenredado, enredado o intermedio. En la pr\u00e1ctica la alineaci\u00f3n exacta no existe, por eso se utilizan los alineadores de orilla (en [&hellip;]<\/p>\n","protected":false},"author":1,"featured_media":0,"parent":0,"menu_order":0,"comment_status":"closed","ping_status":"closed","template":"","meta":{"content-type":"","footnotes":""},"categories":[15],"tags":[],"class_list":["post-1552","page","type-page","status-publish","hentry","category-fifecat"],"yoast_head":"<!-- This site is optimized with the Yoast SEO plugin v26.6 - https:\/\/yoast.com\/wordpress\/plugins\/seo\/ -->\n<title>fife-alineacion FIFE Funciones - industria-de-la-conversion.ttemsa<\/title>\n<meta name=\"description\" content=\"SISTEMAS DE ALINEACI\u00d3N DE ORILLA FIFE La funci\u00f3n del sistema de alineaci\u00f3n es corregir el desalineamiento que se puede generar en un proceso determinado de banda continua pudi\u00e9ndose utilizar en el desenredado, enredado o intermedio.\" \/>\n<meta name=\"robots\" content=\"index, follow, max-snippet:-1, max-image-preview:large, max-video-preview:-1\" \/>\n<link rel=\"canonical\" href=\"https:\/\/ttemsa.com\/industria\/index.php\/fife-alineacion\/\" \/>\n<meta property=\"og:locale\" content=\"es_MX\" \/>\n<meta property=\"og:type\" content=\"article\" \/>\n<meta property=\"og:title\" content=\"SISTEMAS DE ALINEACI\u00d3N DE ORILLA FIFE La funci\u00f3n del sistema de alineaci\u00f3n es corregir el desalineamiento que se puede generar en un proceso determinado de banda continua pudi\u00e9ndose utilizar en el desenredado, enredado o intermedio.\" \/>\n<meta property=\"og:description\" content=\"en ttemsa ofrecemos Soluciones. Solicite + info Tel\u00e9fonos: + 52 (55) 5352-0191 5352-1301 5352-6070 5352-0593\" \/>\n<meta property=\"og:url\" content=\"https:\/\/ttemsa.com\/industria\/index.php\/fife-alineacion\/\" \/>\n<meta property=\"og:site_name\" content=\"industria-de-la-conversion.ttemsa\" \/>\n<meta property=\"article:modified_time\" content=\"2024-09-09T13:41:52+00:00\" \/>\n<meta property=\"og:image\" content=\"https:\/\/ttemsa.com\/industria\/wp-content\/uploads\/2023\/12\/fife500-1-1.jpg\" \/>\n\t<meta property=\"og:image:width\" content=\"435\" \/>\n\t<meta property=\"og:image:height\" content=\"315\" \/>\n\t<meta property=\"og:image:type\" content=\"image\/jpeg\" \/>\n<meta name=\"twitter:card\" content=\"summary_large_image\" \/>\n<meta name=\"twitter:label1\" content=\"Tiempo de lectura\" \/>\n\t<meta name=\"twitter:data1\" content=\"2 minutos\" \/>\n<script type=\"application\/ld+json\" class=\"yoast-schema-graph\">{\"@context\":\"https:\/\/schema.org\",\"@graph\":[{\"@type\":\"WebPage\",\"@id\":\"https:\/\/ttemsa.com\/industria\/index.php\/fife-alineacion\/\",\"url\":\"https:\/\/ttemsa.com\/industria\/index.php\/fife-alineacion\/\",\"name\":\"fife-alineacion FIFE Funciones - industria-de-la-conversion.ttemsa\",\"isPartOf\":{\"@id\":\"https:\/\/ttemsa.com\/industria\/#website\"},\"primaryImageOfPage\":{\"@id\":\"https:\/\/ttemsa.com\/industria\/index.php\/fife-alineacion\/#primaryimage\"},\"image\":{\"@id\":\"https:\/\/ttemsa.com\/industria\/index.php\/fife-alineacion\/#primaryimage\"},\"thumbnailUrl\":\"https:\/\/ttemsa.com\/images\/fife.jpg\",\"datePublished\":\"2024-03-01T19:54:56+00:00\",\"dateModified\":\"2024-09-09T13:41:52+00:00\",\"description\":\"SISTEMAS DE ALINEACI\u00d3N DE ORILLA FIFE La funci\u00f3n del sistema de alineaci\u00f3n es corregir el desalineamiento que se puede generar en un proceso determinado de banda continua pudi\u00e9ndose utilizar en el desenredado, enredado o intermedio.\",\"breadcrumb\":{\"@id\":\"https:\/\/ttemsa.com\/industria\/index.php\/fife-alineacion\/#breadcrumb\"},\"inLanguage\":\"es\",\"potentialAction\":[{\"@type\":\"ReadAction\",\"target\":[\"https:\/\/ttemsa.com\/industria\/index.php\/fife-alineacion\/\"]}]},{\"@type\":\"ImageObject\",\"inLanguage\":\"es\",\"@id\":\"https:\/\/ttemsa.com\/industria\/index.php\/fife-alineacion\/#primaryimage\",\"url\":\"https:\/\/ttemsa.com\/images\/fife.jpg\",\"contentUrl\":\"https:\/\/ttemsa.com\/images\/fife.jpg\"},{\"@type\":\"BreadcrumbList\",\"@id\":\"https:\/\/ttemsa.com\/industria\/index.php\/fife-alineacion\/#breadcrumb\",\"itemListElement\":[{\"@type\":\"ListItem\",\"position\":1,\"name\":\"Inicio\",\"item\":\"https:\/\/ttemsa.com\/industria\/\"},{\"@type\":\"ListItem\",\"position\":2,\"name\":\"fife-alineacion FIFE Funciones\"}]},{\"@type\":\"WebSite\",\"@id\":\"https:\/\/ttemsa.com\/industria\/#website\",\"url\":\"https:\/\/ttemsa.com\/industria\/\",\"name\":\"industria-de-la-conversion.ttemsa\",\"description\":\"Designed Dianalacazadora.com\",\"alternateName\":\"ttemsa l\u00edderes en la industria de la conversi\u00f3n\",\"potentialAction\":[{\"@type\":\"SearchAction\",\"target\":{\"@type\":\"EntryPoint\",\"urlTemplate\":\"https:\/\/ttemsa.com\/industria\/?s={search_term_string}\"},\"query-input\":{\"@type\":\"PropertyValueSpecification\",\"valueRequired\":true,\"valueName\":\"search_term_string\"}}],\"inLanguage\":\"es\"}]}<\/script>\n<!-- \/ Yoast SEO plugin. -->","yoast_head_json":{"title":"fife-alineacion FIFE Funciones - industria-de-la-conversion.ttemsa","description":"SISTEMAS DE ALINEACI\u00d3N DE ORILLA FIFE La funci\u00f3n del sistema de alineaci\u00f3n es corregir el desalineamiento que se puede generar en un proceso determinado de banda continua pudi\u00e9ndose utilizar en el desenredado, enredado o intermedio.","robots":{"index":"index","follow":"follow","max-snippet":"max-snippet:-1","max-image-preview":"max-image-preview:large","max-video-preview":"max-video-preview:-1"},"canonical":"https:\/\/ttemsa.com\/industria\/index.php\/fife-alineacion\/","og_locale":"es_MX","og_type":"article","og_title":"SISTEMAS DE ALINEACI\u00d3N DE ORILLA FIFE La funci\u00f3n del sistema de alineaci\u00f3n es corregir el desalineamiento que se puede generar en un proceso determinado de banda continua pudi\u00e9ndose utilizar en el desenredado, enredado o intermedio.","og_description":"en ttemsa ofrecemos Soluciones. Solicite + info Tel\u00e9fonos: + 52 (55) 5352-0191 5352-1301 5352-6070 5352-0593","og_url":"https:\/\/ttemsa.com\/industria\/index.php\/fife-alineacion\/","og_site_name":"industria-de-la-conversion.ttemsa","article_modified_time":"2024-09-09T13:41:52+00:00","og_image":[{"width":435,"height":315,"url":"https:\/\/ttemsa.com\/industria\/wp-content\/uploads\/2023\/12\/fife500-1-1.jpg","type":"image\/jpeg"}],"twitter_card":"summary_large_image","twitter_misc":{"Tiempo de lectura":"2 minutos"},"schema":{"@context":"https:\/\/schema.org","@graph":[{"@type":"WebPage","@id":"https:\/\/ttemsa.com\/industria\/index.php\/fife-alineacion\/","url":"https:\/\/ttemsa.com\/industria\/index.php\/fife-alineacion\/","name":"fife-alineacion FIFE Funciones - industria-de-la-conversion.ttemsa","isPartOf":{"@id":"https:\/\/ttemsa.com\/industria\/#website"},"primaryImageOfPage":{"@id":"https:\/\/ttemsa.com\/industria\/index.php\/fife-alineacion\/#primaryimage"},"image":{"@id":"https:\/\/ttemsa.com\/industria\/index.php\/fife-alineacion\/#primaryimage"},"thumbnailUrl":"https:\/\/ttemsa.com\/images\/fife.jpg","datePublished":"2024-03-01T19:54:56+00:00","dateModified":"2024-09-09T13:41:52+00:00","description":"SISTEMAS DE ALINEACI\u00d3N DE ORILLA FIFE La funci\u00f3n del sistema de alineaci\u00f3n es corregir el desalineamiento que se puede generar en un proceso determinado de banda continua pudi\u00e9ndose utilizar en el desenredado, enredado o intermedio.","breadcrumb":{"@id":"https:\/\/ttemsa.com\/industria\/index.php\/fife-alineacion\/#breadcrumb"},"inLanguage":"es","potentialAction":[{"@type":"ReadAction","target":["https:\/\/ttemsa.com\/industria\/index.php\/fife-alineacion\/"]}]},{"@type":"ImageObject","inLanguage":"es","@id":"https:\/\/ttemsa.com\/industria\/index.php\/fife-alineacion\/#primaryimage","url":"https:\/\/ttemsa.com\/images\/fife.jpg","contentUrl":"https:\/\/ttemsa.com\/images\/fife.jpg"},{"@type":"BreadcrumbList","@id":"https:\/\/ttemsa.com\/industria\/index.php\/fife-alineacion\/#breadcrumb","itemListElement":[{"@type":"ListItem","position":1,"name":"Inicio","item":"https:\/\/ttemsa.com\/industria\/"},{"@type":"ListItem","position":2,"name":"fife-alineacion FIFE Funciones"}]},{"@type":"WebSite","@id":"https:\/\/ttemsa.com\/industria\/#website","url":"https:\/\/ttemsa.com\/industria\/","name":"industria-de-la-conversion.ttemsa","description":"Designed Dianalacazadora.com","alternateName":"ttemsa l\u00edderes en la industria de la conversi\u00f3n","potentialAction":[{"@type":"SearchAction","target":{"@type":"EntryPoint","urlTemplate":"https:\/\/ttemsa.com\/industria\/?s={search_term_string}"},"query-input":{"@type":"PropertyValueSpecification","valueRequired":true,"valueName":"search_term_string"}}],"inLanguage":"es"}]}},"_links":{"self":[{"href":"https:\/\/ttemsa.com\/industria\/index.php\/wp-json\/wp\/v2\/pages\/1552","targetHints":{"allow":["GET"]}}],"collection":[{"href":"https:\/\/ttemsa.com\/industria\/index.php\/wp-json\/wp\/v2\/pages"}],"about":[{"href":"https:\/\/ttemsa.com\/industria\/index.php\/wp-json\/wp\/v2\/types\/page"}],"author":[{"embeddable":true,"href":"https:\/\/ttemsa.com\/industria\/index.php\/wp-json\/wp\/v2\/users\/1"}],"replies":[{"embeddable":true,"href":"https:\/\/ttemsa.com\/industria\/index.php\/wp-json\/wp\/v2\/comments?post=1552"}],"version-history":[{"count":6,"href":"https:\/\/ttemsa.com\/industria\/index.php\/wp-json\/wp\/v2\/pages\/1552\/revisions"}],"predecessor-version":[{"id":3512,"href":"https:\/\/ttemsa.com\/industria\/index.php\/wp-json\/wp\/v2\/pages\/1552\/revisions\/3512"}],"wp:attachment":[{"href":"https:\/\/ttemsa.com\/industria\/index.php\/wp-json\/wp\/v2\/media?parent=1552"}],"wp:term":[{"taxonomy":"category","embeddable":true,"href":"https:\/\/ttemsa.com\/industria\/index.php\/wp-json\/wp\/v2\/categories?post=1552"},{"taxonomy":"post_tag","embeddable":true,"href":"https:\/\/ttemsa.com\/industria\/index.php\/wp-json\/wp\/v2\/tags?post=1552"}],"curies":[{"name":"wp","href":"https:\/\/api.w.org\/{rel}","templated":true}]}}