{"id":1606,"date":"2024-03-01T20:39:20","date_gmt":"2024-03-01T20:39:20","guid":{"rendered":"https:\/\/ttemsa.com\/industria\/index.php\/tidland\/tidland-copy-copy-copy-copy\/"},"modified":"2024-09-11T01:20:01","modified_gmt":"2024-09-11T01:20:01","slug":"chucks-neumaticos","status":"publish","type":"page","link":"https:\/\/ttemsa.com\/industria\/index.php\/chucks-neumaticos\/","title":{"rendered":"Chucks Neum\u00e1ticos Force 5"},"content":{"rendered":"<div class=\"wp-block-image\">\n<figure class=\"aligncenter size-full is-resized\"><img loading=\"lazy\" decoding=\"async\" width=\"1800\" height=\"1619\" src=\"https:\/\/ttemsa.com\/industria\/wp-content\/uploads\/2023\/12\/Force5.jpg\" alt=\"\" class=\"wp-image-756\" style=\"width:716px;height:auto\" srcset=\"https:\/\/ttemsa.com\/industria\/wp-content\/uploads\/2023\/12\/Force5.jpg 1800w, https:\/\/ttemsa.com\/industria\/wp-content\/uploads\/2023\/12\/Force5-300x270.jpg 300w, https:\/\/ttemsa.com\/industria\/wp-content\/uploads\/2023\/12\/Force5-1024x921.jpg 1024w, https:\/\/ttemsa.com\/industria\/wp-content\/uploads\/2023\/12\/Force5-768x691.jpg 768w, https:\/\/ttemsa.com\/industria\/wp-content\/uploads\/2023\/12\/Force5-1536x1382.jpg 1536w\" sizes=\"auto, (max-width: 1800px) 100vw, 1800px\" \/><figcaption class=\"wp-element-caption\">Chucks Neum\u00e1ticos<\/figcaption><\/figure>\n<\/div>\n\n<div class=\"wp-block-image\">\n<figure class=\"aligncenter size-full is-resized\"><img loading=\"lazy\" decoding=\"async\" width=\"280\" height=\"165\" src=\"https:\/\/ttemsa.com\/industria\/wp-content\/uploads\/2023\/12\/TidlandRoll-Saver2.png\" alt=\"\" class=\"wp-image-519\" style=\"width:254px;height:auto\"\/><\/figure>\n<\/div>\n\n<div class=\"wp-block-image\">\n<figure class=\"alignright size-full is-resized\"><img loading=\"lazy\" decoding=\"async\" width=\"320\" height=\"27\" src=\"https:\/\/ttemsa.com\/industria\/wp-content\/uploads\/2023\/12\/forces.png\" alt=\"\" class=\"wp-image-755\" style=\"width:438px;height:auto\" srcset=\"https:\/\/ttemsa.com\/industria\/wp-content\/uploads\/2023\/12\/forces.png 320w, https:\/\/ttemsa.com\/industria\/wp-content\/uploads\/2023\/12\/forces-300x25.png 300w\" sizes=\"auto, (max-width: 320px) 100vw, 320px\" \/><\/figure>\n<\/div>\n\n\n<hr class=\"wp-block-separator has-alpha-channel-opacity\"\/>\n\n\n\n<p><\/p>\n\n\n\n<ul class=\"wp-block-list\">\n<li>Los Chucks Neum\u00e1ticos Force5 de Tidland son una alternativa asequible y ligera a los chucks de aluminio, proporcionando agarre antideslizante fiable para un m\u00e1ximo control de los rodillos en una amplia gama de aplicaciones.<\/li>\n\n\n\n<li>Estos chucks innovadores cuentan con elementos de expansi\u00f3n de pol\u00edmero especialmente dise\u00f1ados, que no solo ofrecen una alta durabilidad en condiciones extremas, sino que tambi\u00e9n permiten que el chuck mantenga su forma a lo largo del tiempo para facilitar su inserci\u00f3n y extracci\u00f3n.<\/li>\n\n\n\n<li>Cuando se usan con las flechas de aire compuesto Ultrashaft de Tidland o con chucks compuestos, usted puede cambiar con seguridad rollos con core de di\u00e1metro interior de 76 mm (3 pulgadas) a 152 mm (6 pulgadas).<\/li>\n<\/ul>\n\n\n\n<hr class=\"wp-block-separator has-alpha-channel-opacity\"\/>\n\n\n\n<h2 class=\"wp-block-heading\">Chucks Neum\u00e1ticos Force5<\/h2>\n\n\n\n<p>Los chucks neum\u00e1ticos sujetan gran parte del \u00e1rea de la pared interna del core, con una presi\u00f3n firme y uniforme que impide el deslizamiento y aumenta la vida \u00fatil del core.\u00a0\u00a0<\/p>\n\n\n\n<figure class=\"wp-block-image size-full is-resized\"><img loading=\"lazy\" decoding=\"async\" width=\"445\" height=\"52\" src=\"https:\/\/ttemsa.com\/industria\/wp-content\/uploads\/2023\/12\/Captura-de-pantalla-2023-12-24-a-las-9.29.42-a.m.png\" alt=\"\" class=\"wp-image-762\" style=\"width:573px;height:auto\" srcset=\"https:\/\/ttemsa.com\/industria\/wp-content\/uploads\/2023\/12\/Captura-de-pantalla-2023-12-24-a-las-9.29.42-a.m.png 445w, https:\/\/ttemsa.com\/industria\/wp-content\/uploads\/2023\/12\/Captura-de-pantalla-2023-12-24-a-las-9.29.42-a.m-300x35.png 300w\" sizes=\"auto, (max-width: 445px) 100vw, 445px\" \/><\/figure>\n\n\n\n<figure class=\"wp-block-image size-full\"><img loading=\"lazy\" decoding=\"async\" width=\"682\" height=\"610\" src=\"https:\/\/ttemsa.com\/industria\/wp-content\/uploads\/2023\/12\/force5.png\" alt=\"\" class=\"wp-image-763\" srcset=\"https:\/\/ttemsa.com\/industria\/wp-content\/uploads\/2023\/12\/force5.png 682w, https:\/\/ttemsa.com\/industria\/wp-content\/uploads\/2023\/12\/force5-300x268.png 300w\" sizes=\"auto, (max-width: 682px) 100vw, 682px\" \/><\/figure>\n\n\n\n<p><\/p>\n","protected":false},"excerpt":{"rendered":"<p>Chucks Neum\u00e1ticos Force5 Los chucks neum\u00e1ticos sujetan gran parte del \u00e1rea de la pared interna del core, con una presi\u00f3n firme y uniforme que impide el deslizamiento y aumenta la vida \u00fatil del core.\u00a0\u00a0<\/p>\n","protected":false},"author":1,"featured_media":0,"parent":0,"menu_order":0,"comment_status":"closed","ping_status":"closed","template":"","meta":{"content-type":"","footnotes":""},"categories":[16],"tags":[],"class_list":["post-1606","page","type-page","status-publish","hentry","category-tidland"],"yoast_head":"<!-- This site is optimized with the Yoast SEO plugin v26.6 - https:\/\/yoast.com\/wordpress\/plugins\/seo\/ -->\n<title>Chucks Neum\u00e1ticos Force 5 - industria-de-la-conversion.ttemsa<\/title>\n<meta name=\"description\" content=\"Los Chucks Neum\u00e1ticos Force5 de Tidland son una alternativa asequible y ligera a los chucks de aluminio, proporcionando agarre antideslizante fiable para un m\u00e1ximo control de los rodillos en una amplia gama de aplicaciones.\" \/>\n<meta name=\"robots\" content=\"index, follow, max-snippet:-1, max-image-preview:large, max-video-preview:-1\" \/>\n<link rel=\"canonical\" href=\"https:\/\/ttemsa.com\/industria\/index.php\/chucks-neumaticos\/\" \/>\n<meta property=\"og:locale\" content=\"es_MX\" \/>\n<meta property=\"og:type\" content=\"article\" \/>\n<meta property=\"og:title\" content=\"Los Chucks Neum\u00e1ticos Force5 de Tidland son una alternativa asequible y ligera a los chucks de aluminio, proporcionando agarre antideslizante fiable para un m\u00e1ximo control de los rodillos en una amplia gama de aplicaciones\" \/>\n<meta property=\"og:description\" content=\"En ttemsa ofrecemos Soluciones. Solicite + info Tel\u00e9fonos: + 52 (55) 5352-0191 5352-1301 5352-6070 5352-0593\" \/>\n<meta property=\"og:url\" content=\"https:\/\/ttemsa.com\/industria\/index.php\/chucks-neumaticos\/\" \/>\n<meta property=\"og:site_name\" content=\"industria-de-la-conversion.ttemsa\" \/>\n<meta property=\"article:modified_time\" content=\"2024-09-11T01:20:01+00:00\" \/>\n<meta property=\"og:image\" content=\"https:\/\/ttemsa.com\/industria\/wp-content\/uploads\/2023\/12\/Force5.jpg\" \/>\n\t<meta property=\"og:image:width\" content=\"1800\" \/>\n\t<meta property=\"og:image:height\" content=\"1619\" \/>\n\t<meta property=\"og:image:type\" content=\"image\/jpeg\" \/>\n<meta name=\"twitter:card\" content=\"summary_large_image\" \/>\n<meta name=\"twitter:label1\" content=\"Tiempo de lectura\" \/>\n\t<meta name=\"twitter:data1\" content=\"2 minutos\" \/>\n<script type=\"application\/ld+json\" class=\"yoast-schema-graph\">{\"@context\":\"https:\/\/schema.org\",\"@graph\":[{\"@type\":\"WebPage\",\"@id\":\"https:\/\/ttemsa.com\/industria\/index.php\/chucks-neumaticos\/\",\"url\":\"https:\/\/ttemsa.com\/industria\/index.php\/chucks-neumaticos\/\",\"name\":\"Chucks Neum\u00e1ticos Force 5 - industria-de-la-conversion.ttemsa\",\"isPartOf\":{\"@id\":\"https:\/\/ttemsa.com\/industria\/#website\"},\"primaryImageOfPage\":{\"@id\":\"https:\/\/ttemsa.com\/industria\/index.php\/chucks-neumaticos\/#primaryimage\"},\"image\":{\"@id\":\"https:\/\/ttemsa.com\/industria\/index.php\/chucks-neumaticos\/#primaryimage\"},\"thumbnailUrl\":\"https:\/\/ttemsa.com\/industria\/wp-content\/uploads\/2023\/12\/Force5.jpg\",\"datePublished\":\"2024-03-01T20:39:20+00:00\",\"dateModified\":\"2024-09-11T01:20:01+00:00\",\"description\":\"Los Chucks Neum\u00e1ticos Force5 de Tidland son una alternativa asequible y ligera a los chucks de aluminio, proporcionando agarre antideslizante fiable para un m\u00e1ximo control de los rodillos en una amplia gama de aplicaciones.\",\"breadcrumb\":{\"@id\":\"https:\/\/ttemsa.com\/industria\/index.php\/chucks-neumaticos\/#breadcrumb\"},\"inLanguage\":\"es\",\"potentialAction\":[{\"@type\":\"ReadAction\",\"target\":[\"https:\/\/ttemsa.com\/industria\/index.php\/chucks-neumaticos\/\"]}]},{\"@type\":\"ImageObject\",\"inLanguage\":\"es\",\"@id\":\"https:\/\/ttemsa.com\/industria\/index.php\/chucks-neumaticos\/#primaryimage\",\"url\":\"https:\/\/ttemsa.com\/industria\/wp-content\/uploads\/2023\/12\/Force5.jpg\",\"contentUrl\":\"https:\/\/ttemsa.com\/industria\/wp-content\/uploads\/2023\/12\/Force5.jpg\",\"width\":1800,\"height\":1619},{\"@type\":\"BreadcrumbList\",\"@id\":\"https:\/\/ttemsa.com\/industria\/index.php\/chucks-neumaticos\/#breadcrumb\",\"itemListElement\":[{\"@type\":\"ListItem\",\"position\":1,\"name\":\"Inicio\",\"item\":\"https:\/\/ttemsa.com\/industria\/\"},{\"@type\":\"ListItem\",\"position\":2,\"name\":\"Chucks Neum\u00e1ticos Force 5\"}]},{\"@type\":\"WebSite\",\"@id\":\"https:\/\/ttemsa.com\/industria\/#website\",\"url\":\"https:\/\/ttemsa.com\/industria\/\",\"name\":\"industria-de-la-conversion.ttemsa\",\"description\":\"Designed Dianalacazadora.com\",\"alternateName\":\"ttemsa l\u00edderes en la industria de la conversi\u00f3n\",\"potentialAction\":[{\"@type\":\"SearchAction\",\"target\":{\"@type\":\"EntryPoint\",\"urlTemplate\":\"https:\/\/ttemsa.com\/industria\/?s={search_term_string}\"},\"query-input\":{\"@type\":\"PropertyValueSpecification\",\"valueRequired\":true,\"valueName\":\"search_term_string\"}}],\"inLanguage\":\"es\"}]}<\/script>\n<!-- \/ Yoast SEO plugin. -->","yoast_head_json":{"title":"Chucks Neum\u00e1ticos Force 5 - industria-de-la-conversion.ttemsa","description":"Los Chucks Neum\u00e1ticos Force5 de Tidland son una alternativa asequible y ligera a los chucks de aluminio, proporcionando agarre antideslizante fiable para un m\u00e1ximo control de los rodillos en una amplia gama de aplicaciones.","robots":{"index":"index","follow":"follow","max-snippet":"max-snippet:-1","max-image-preview":"max-image-preview:large","max-video-preview":"max-video-preview:-1"},"canonical":"https:\/\/ttemsa.com\/industria\/index.php\/chucks-neumaticos\/","og_locale":"es_MX","og_type":"article","og_title":"Los Chucks Neum\u00e1ticos Force5 de Tidland son una alternativa asequible y ligera a los chucks de aluminio, proporcionando agarre antideslizante fiable para un m\u00e1ximo control de los rodillos en una amplia gama de aplicaciones","og_description":"En ttemsa ofrecemos Soluciones. Solicite + info Tel\u00e9fonos: + 52 (55) 5352-0191 5352-1301 5352-6070 5352-0593","og_url":"https:\/\/ttemsa.com\/industria\/index.php\/chucks-neumaticos\/","og_site_name":"industria-de-la-conversion.ttemsa","article_modified_time":"2024-09-11T01:20:01+00:00","og_image":[{"width":1800,"height":1619,"url":"https:\/\/ttemsa.com\/industria\/wp-content\/uploads\/2023\/12\/Force5.jpg","type":"image\/jpeg"}],"twitter_card":"summary_large_image","twitter_misc":{"Tiempo de lectura":"2 minutos"},"schema":{"@context":"https:\/\/schema.org","@graph":[{"@type":"WebPage","@id":"https:\/\/ttemsa.com\/industria\/index.php\/chucks-neumaticos\/","url":"https:\/\/ttemsa.com\/industria\/index.php\/chucks-neumaticos\/","name":"Chucks Neum\u00e1ticos Force 5 - industria-de-la-conversion.ttemsa","isPartOf":{"@id":"https:\/\/ttemsa.com\/industria\/#website"},"primaryImageOfPage":{"@id":"https:\/\/ttemsa.com\/industria\/index.php\/chucks-neumaticos\/#primaryimage"},"image":{"@id":"https:\/\/ttemsa.com\/industria\/index.php\/chucks-neumaticos\/#primaryimage"},"thumbnailUrl":"https:\/\/ttemsa.com\/industria\/wp-content\/uploads\/2023\/12\/Force5.jpg","datePublished":"2024-03-01T20:39:20+00:00","dateModified":"2024-09-11T01:20:01+00:00","description":"Los Chucks Neum\u00e1ticos Force5 de Tidland son una alternativa asequible y ligera a los chucks de aluminio, proporcionando agarre antideslizante fiable para un m\u00e1ximo control de los rodillos en una amplia gama de aplicaciones.","breadcrumb":{"@id":"https:\/\/ttemsa.com\/industria\/index.php\/chucks-neumaticos\/#breadcrumb"},"inLanguage":"es","potentialAction":[{"@type":"ReadAction","target":["https:\/\/ttemsa.com\/industria\/index.php\/chucks-neumaticos\/"]}]},{"@type":"ImageObject","inLanguage":"es","@id":"https:\/\/ttemsa.com\/industria\/index.php\/chucks-neumaticos\/#primaryimage","url":"https:\/\/ttemsa.com\/industria\/wp-content\/uploads\/2023\/12\/Force5.jpg","contentUrl":"https:\/\/ttemsa.com\/industria\/wp-content\/uploads\/2023\/12\/Force5.jpg","width":1800,"height":1619},{"@type":"BreadcrumbList","@id":"https:\/\/ttemsa.com\/industria\/index.php\/chucks-neumaticos\/#breadcrumb","itemListElement":[{"@type":"ListItem","position":1,"name":"Inicio","item":"https:\/\/ttemsa.com\/industria\/"},{"@type":"ListItem","position":2,"name":"Chucks Neum\u00e1ticos Force 5"}]},{"@type":"WebSite","@id":"https:\/\/ttemsa.com\/industria\/#website","url":"https:\/\/ttemsa.com\/industria\/","name":"industria-de-la-conversion.ttemsa","description":"Designed Dianalacazadora.com","alternateName":"ttemsa l\u00edderes en la industria de la conversi\u00f3n","potentialAction":[{"@type":"SearchAction","target":{"@type":"EntryPoint","urlTemplate":"https:\/\/ttemsa.com\/industria\/?s={search_term_string}"},"query-input":{"@type":"PropertyValueSpecification","valueRequired":true,"valueName":"search_term_string"}}],"inLanguage":"es"}]}},"_links":{"self":[{"href":"https:\/\/ttemsa.com\/industria\/index.php\/wp-json\/wp\/v2\/pages\/1606","targetHints":{"allow":["GET"]}}],"collection":[{"href":"https:\/\/ttemsa.com\/industria\/index.php\/wp-json\/wp\/v2\/pages"}],"about":[{"href":"https:\/\/ttemsa.com\/industria\/index.php\/wp-json\/wp\/v2\/types\/page"}],"author":[{"embeddable":true,"href":"https:\/\/ttemsa.com\/industria\/index.php\/wp-json\/wp\/v2\/users\/1"}],"replies":[{"embeddable":true,"href":"https:\/\/ttemsa.com\/industria\/index.php\/wp-json\/wp\/v2\/comments?post=1606"}],"version-history":[{"count":4,"href":"https:\/\/ttemsa.com\/industria\/index.php\/wp-json\/wp\/v2\/pages\/1606\/revisions"}],"predecessor-version":[{"id":3187,"href":"https:\/\/ttemsa.com\/industria\/index.php\/wp-json\/wp\/v2\/pages\/1606\/revisions\/3187"}],"wp:attachment":[{"href":"https:\/\/ttemsa.com\/industria\/index.php\/wp-json\/wp\/v2\/media?parent=1606"}],"wp:term":[{"taxonomy":"category","embeddable":true,"href":"https:\/\/ttemsa.com\/industria\/index.php\/wp-json\/wp\/v2\/categories?post=1606"},{"taxonomy":"post_tag","embeddable":true,"href":"https:\/\/ttemsa.com\/industria\/index.php\/wp-json\/wp\/v2\/tags?post=1606"}],"curies":[{"name":"wp","href":"https:\/\/api.w.org\/{rel}","templated":true}]}}