{"id":1610,"date":"2024-03-01T20:39:44","date_gmt":"2024-03-01T20:39:44","guid":{"rendered":"https:\/\/ttemsa.com\/industria\/index.php\/tidland\/tidland-copy-copy-3\/"},"modified":"2024-09-10T16:15:31","modified_gmt":"2024-09-10T16:15:31","slug":"230-tidland-differentiai-air-shaft","status":"publish","type":"page","link":"https:\/\/ttemsa.com\/industria\/index.php\/tidland\/230-tidland-differentiai-air-shaft\/","title":{"rendered":"DifferentiaI Air Shaft"},"content":{"rendered":"<div class=\"wp-block-image\">\n<figure class=\"aligncenter size-full is-resized\"><img loading=\"lazy\" decoding=\"async\" width=\"732\" height=\"156\" src=\"https:\/\/ttemsa.com\/industria\/wp-content\/uploads\/2023\/12\/eje-de-aire-diferencial-Core-Lock-modelo-D4-de-Tidland-.png\" alt=\"\" class=\"wp-image-587\" style=\"width:736px;height:auto\" srcset=\"https:\/\/ttemsa.com\/industria\/wp-content\/uploads\/2023\/12\/eje-de-aire-diferencial-Core-Lock-modelo-D4-de-Tidland-.png 732w, https:\/\/ttemsa.com\/industria\/wp-content\/uploads\/2023\/12\/eje-de-aire-diferencial-Core-Lock-modelo-D4-de-Tidland--300x64.png 300w\" sizes=\"auto, (max-width: 732px) 100vw, 732px\" \/><\/figure>\n<\/div>\n\n<div class=\"wp-block-image\">\n<figure class=\"aligncenter size-full is-resized\"><img loading=\"lazy\" decoding=\"async\" width=\"351\" height=\"156\" src=\"https:\/\/ttemsa.com\/industria\/wp-content\/uploads\/2023\/12\/tidland-1.jpg\" alt=\"\" class=\"wp-image-574\" style=\"width:319px;height:auto\" srcset=\"https:\/\/ttemsa.com\/industria\/wp-content\/uploads\/2023\/12\/tidland-1.jpg 351w, https:\/\/ttemsa.com\/industria\/wp-content\/uploads\/2023\/12\/tidland-1-300x133.jpg 300w\" sizes=\"auto, (max-width: 351px) 100vw, 351px\" \/><\/figure>\n<\/div>\n\n\n<p>Estructura enrollable de alta calidad sin polvo. Todo operador de m\u00e1quina anhela (y requiere) controlar la calidad de un rollo terminado. <\/p>\n\n\n\n<p>El eje de aire diferencial Core-Lock modelo D4 de Tidland proporciona ese control con la ayuda de la \u00faltima tecnolog\u00eda para un bobinado diferencial de calidad superior y sin polvo en la estaci\u00f3n de corte\/bobinado de cualquier l\u00ednea de proceso de pel\u00edcula, laminado, impresi\u00f3n y productos recubiertos. <\/p>\n\n\n\n<p>El D4 tiene un dise\u00f1o exclusivo de cartucho activado por torque, de dos filas, 12 bolas, que bloquea positivamente el n\u00facleo, asegurando que no se genere polvo, al mismo tiempo que proporciona un control de tensi\u00f3n predecible y consistente y una estructura de rollo de alta calidad en todo el rollo. <\/p>\n\n\n\n<p>El control de torsi\u00f3n neum\u00e1tico radial garantiza una tensi\u00f3n igualada en cualquier combinaci\u00f3n de anchos de rollo y el control de tensi\u00f3n de hasta 0,15 pli garantiza una fabricaci\u00f3n de rollos de calidad incluso para los materiales m\u00e1s sensibles. <\/p>\n\n\n\n<figure class=\"wp-block-table is-style-stripes\"><table><tbody><tr><td><strong>Especificaciones<\/strong>:<\/td><\/tr><tr><td><\/td><\/tr><\/tbody><\/table><\/figure>\n\n\n\n<figure class=\"wp-block-image size-full is-resized\"><img loading=\"lazy\" decoding=\"async\" width=\"538\" height=\"218\" src=\"https:\/\/ttemsa.com\/industria\/wp-content\/uploads\/2023\/12\/D4image008.gif\" alt=\"\" class=\"wp-image-586\" style=\"width:800px;height:auto\"\/><\/figure>\n\n\n\n<figure class=\"wp-block-image size-full is-resized\"><img loading=\"lazy\" decoding=\"async\" width=\"538\" height=\"320\" src=\"https:\/\/ttemsa.com\/industria\/wp-content\/uploads\/2023\/12\/D4image010.gif\" alt=\"\" class=\"wp-image-585\" style=\"width:770px;height:auto\"\/><\/figure>\n","protected":false},"excerpt":{"rendered":"<p>Estructura enrollable de alta calidad sin polvo. Todo operador de m\u00e1quina anhela (y requiere) controlar la calidad de un rollo terminado. El eje de aire diferencial Core-Lock modelo D4 de Tidland proporciona ese control con la ayuda de la \u00faltima tecnolog\u00eda para un bobinado diferencial de calidad superior y sin polvo en la estaci\u00f3n de [&hellip;]<\/p>\n","protected":false},"author":1,"featured_media":0,"parent":302,"menu_order":0,"comment_status":"closed","ping_status":"closed","template":"","meta":{"content-type":"","footnotes":""},"categories":[16],"tags":[],"class_list":["post-1610","page","type-page","status-publish","hentry","category-tidland"],"yoast_head":"<!-- This site is optimized with the Yoast SEO plugin v26.6 - https:\/\/yoast.com\/wordpress\/plugins\/seo\/ -->\n<title>DifferentiaI Air Shaft - industria-de-la-conversion.ttemsa<\/title>\n<meta name=\"description\" content=\"Estructura enrollable de alta calidad sin polvo. Todo operador de m\u00e1quina anhela (y requiere) controlar la calidad de un rollo terminado. El eje de aire diferencial Core-Lock modelo D4 de Tidland proporciona ese control con la ayuda de la \u00faltima tecnolog\u00eda para un bobinado diferencial de calidad superior\" \/>\n<meta name=\"robots\" content=\"index, follow, max-snippet:-1, max-image-preview:large, max-video-preview:-1\" \/>\n<link rel=\"canonical\" href=\"https:\/\/ttemsa.com\/industria\/index.php\/tidland\/230-tidland-differentiai-air-shaft\/\" \/>\n<meta property=\"og:locale\" content=\"es_MX\" \/>\n<meta property=\"og:type\" content=\"article\" \/>\n<meta property=\"og:title\" content=\"Tidland DifferentiaI Air Shaft\" \/>\n<meta property=\"og:description\" content=\"En ttemsa ofrecemos Soluciones. Solicite + info Tel\u00e9fonos: + 52 (55) 5352-0191 5352-1301 5352-6070 5352-0593\" \/>\n<meta property=\"og:url\" content=\"https:\/\/ttemsa.com\/industria\/index.php\/tidland\/230-tidland-differentiai-air-shaft\/\" \/>\n<meta property=\"og:site_name\" content=\"industria-de-la-conversion.ttemsa\" \/>\n<meta property=\"article:modified_time\" content=\"2024-09-10T16:15:31+00:00\" \/>\n<meta property=\"og:image\" content=\"https:\/\/ttemsa.com\/industria\/wp-content\/uploads\/2023\/12\/D4image005.gif\" \/>\n\t<meta property=\"og:image:width\" content=\"538\" \/>\n\t<meta property=\"og:image:height\" content=\"313\" \/>\n\t<meta property=\"og:image:type\" content=\"image\/gif\" \/>\n<meta name=\"twitter:card\" content=\"summary_large_image\" \/>\n<meta name=\"twitter:label1\" content=\"Tiempo de lectura\" \/>\n\t<meta name=\"twitter:data1\" content=\"2 minutos\" \/>\n<script type=\"application\/ld+json\" class=\"yoast-schema-graph\">{\"@context\":\"https:\/\/schema.org\",\"@graph\":[{\"@type\":\"WebPage\",\"@id\":\"https:\/\/ttemsa.com\/industria\/index.php\/tidland\/230-tidland-differentiai-air-shaft\/\",\"url\":\"https:\/\/ttemsa.com\/industria\/index.php\/tidland\/230-tidland-differentiai-air-shaft\/\",\"name\":\"DifferentiaI Air Shaft - industria-de-la-conversion.ttemsa\",\"isPartOf\":{\"@id\":\"https:\/\/ttemsa.com\/industria\/#website\"},\"primaryImageOfPage\":{\"@id\":\"https:\/\/ttemsa.com\/industria\/index.php\/tidland\/230-tidland-differentiai-air-shaft\/#primaryimage\"},\"image\":{\"@id\":\"https:\/\/ttemsa.com\/industria\/index.php\/tidland\/230-tidland-differentiai-air-shaft\/#primaryimage\"},\"thumbnailUrl\":\"https:\/\/ttemsa.com\/industria\/wp-content\/uploads\/2023\/12\/eje-de-aire-diferencial-Core-Lock-modelo-D4-de-Tidland-.png\",\"datePublished\":\"2024-03-01T20:39:44+00:00\",\"dateModified\":\"2024-09-10T16:15:31+00:00\",\"description\":\"Estructura enrollable de alta calidad sin polvo. Todo operador de m\u00e1quina anhela (y requiere) controlar la calidad de un rollo terminado. El eje de aire diferencial Core-Lock modelo D4 de Tidland proporciona ese control con la ayuda de la \u00faltima tecnolog\u00eda para un bobinado diferencial de calidad superior\",\"breadcrumb\":{\"@id\":\"https:\/\/ttemsa.com\/industria\/index.php\/tidland\/230-tidland-differentiai-air-shaft\/#breadcrumb\"},\"inLanguage\":\"es\",\"potentialAction\":[{\"@type\":\"ReadAction\",\"target\":[\"https:\/\/ttemsa.com\/industria\/index.php\/tidland\/230-tidland-differentiai-air-shaft\/\"]}]},{\"@type\":\"ImageObject\",\"inLanguage\":\"es\",\"@id\":\"https:\/\/ttemsa.com\/industria\/index.php\/tidland\/230-tidland-differentiai-air-shaft\/#primaryimage\",\"url\":\"https:\/\/ttemsa.com\/industria\/wp-content\/uploads\/2023\/12\/eje-de-aire-diferencial-Core-Lock-modelo-D4-de-Tidland-.png\",\"contentUrl\":\"https:\/\/ttemsa.com\/industria\/wp-content\/uploads\/2023\/12\/eje-de-aire-diferencial-Core-Lock-modelo-D4-de-Tidland-.png\",\"width\":732,\"height\":156},{\"@type\":\"BreadcrumbList\",\"@id\":\"https:\/\/ttemsa.com\/industria\/index.php\/tidland\/230-tidland-differentiai-air-shaft\/#breadcrumb\",\"itemListElement\":[{\"@type\":\"ListItem\",\"position\":1,\"name\":\"Inicio\",\"item\":\"https:\/\/ttemsa.com\/industria\/\"},{\"@type\":\"ListItem\",\"position\":2,\"name\":\"TIDLAND\",\"item\":\"https:\/\/ttemsa.com\/industria\/index.php\/tidland\/\"},{\"@type\":\"ListItem\",\"position\":3,\"name\":\"DifferentiaI Air Shaft\"}]},{\"@type\":\"WebSite\",\"@id\":\"https:\/\/ttemsa.com\/industria\/#website\",\"url\":\"https:\/\/ttemsa.com\/industria\/\",\"name\":\"industria-de-la-conversion.ttemsa\",\"description\":\"Designed Dianalacazadora.com\",\"alternateName\":\"ttemsa l\u00edderes en la industria de la conversi\u00f3n\",\"potentialAction\":[{\"@type\":\"SearchAction\",\"target\":{\"@type\":\"EntryPoint\",\"urlTemplate\":\"https:\/\/ttemsa.com\/industria\/?s={search_term_string}\"},\"query-input\":{\"@type\":\"PropertyValueSpecification\",\"valueRequired\":true,\"valueName\":\"search_term_string\"}}],\"inLanguage\":\"es\"}]}<\/script>\n<!-- \/ Yoast SEO plugin. -->","yoast_head_json":{"title":"DifferentiaI Air Shaft - industria-de-la-conversion.ttemsa","description":"Estructura enrollable de alta calidad sin polvo. Todo operador de m\u00e1quina anhela (y requiere) controlar la calidad de un rollo terminado. El eje de aire diferencial Core-Lock modelo D4 de Tidland proporciona ese control con la ayuda de la \u00faltima tecnolog\u00eda para un bobinado diferencial de calidad superior","robots":{"index":"index","follow":"follow","max-snippet":"max-snippet:-1","max-image-preview":"max-image-preview:large","max-video-preview":"max-video-preview:-1"},"canonical":"https:\/\/ttemsa.com\/industria\/index.php\/tidland\/230-tidland-differentiai-air-shaft\/","og_locale":"es_MX","og_type":"article","og_title":"Tidland DifferentiaI Air Shaft","og_description":"En ttemsa ofrecemos Soluciones. Solicite + info Tel\u00e9fonos: + 52 (55) 5352-0191 5352-1301 5352-6070 5352-0593","og_url":"https:\/\/ttemsa.com\/industria\/index.php\/tidland\/230-tidland-differentiai-air-shaft\/","og_site_name":"industria-de-la-conversion.ttemsa","article_modified_time":"2024-09-10T16:15:31+00:00","og_image":[{"width":538,"height":313,"url":"https:\/\/ttemsa.com\/industria\/wp-content\/uploads\/2023\/12\/D4image005.gif","type":"image\/gif"}],"twitter_card":"summary_large_image","twitter_misc":{"Tiempo de lectura":"2 minutos"},"schema":{"@context":"https:\/\/schema.org","@graph":[{"@type":"WebPage","@id":"https:\/\/ttemsa.com\/industria\/index.php\/tidland\/230-tidland-differentiai-air-shaft\/","url":"https:\/\/ttemsa.com\/industria\/index.php\/tidland\/230-tidland-differentiai-air-shaft\/","name":"DifferentiaI Air Shaft - industria-de-la-conversion.ttemsa","isPartOf":{"@id":"https:\/\/ttemsa.com\/industria\/#website"},"primaryImageOfPage":{"@id":"https:\/\/ttemsa.com\/industria\/index.php\/tidland\/230-tidland-differentiai-air-shaft\/#primaryimage"},"image":{"@id":"https:\/\/ttemsa.com\/industria\/index.php\/tidland\/230-tidland-differentiai-air-shaft\/#primaryimage"},"thumbnailUrl":"https:\/\/ttemsa.com\/industria\/wp-content\/uploads\/2023\/12\/eje-de-aire-diferencial-Core-Lock-modelo-D4-de-Tidland-.png","datePublished":"2024-03-01T20:39:44+00:00","dateModified":"2024-09-10T16:15:31+00:00","description":"Estructura enrollable de alta calidad sin polvo. Todo operador de m\u00e1quina anhela (y requiere) controlar la calidad de un rollo terminado. El eje de aire diferencial Core-Lock modelo D4 de Tidland proporciona ese control con la ayuda de la \u00faltima tecnolog\u00eda para un bobinado diferencial de calidad superior","breadcrumb":{"@id":"https:\/\/ttemsa.com\/industria\/index.php\/tidland\/230-tidland-differentiai-air-shaft\/#breadcrumb"},"inLanguage":"es","potentialAction":[{"@type":"ReadAction","target":["https:\/\/ttemsa.com\/industria\/index.php\/tidland\/230-tidland-differentiai-air-shaft\/"]}]},{"@type":"ImageObject","inLanguage":"es","@id":"https:\/\/ttemsa.com\/industria\/index.php\/tidland\/230-tidland-differentiai-air-shaft\/#primaryimage","url":"https:\/\/ttemsa.com\/industria\/wp-content\/uploads\/2023\/12\/eje-de-aire-diferencial-Core-Lock-modelo-D4-de-Tidland-.png","contentUrl":"https:\/\/ttemsa.com\/industria\/wp-content\/uploads\/2023\/12\/eje-de-aire-diferencial-Core-Lock-modelo-D4-de-Tidland-.png","width":732,"height":156},{"@type":"BreadcrumbList","@id":"https:\/\/ttemsa.com\/industria\/index.php\/tidland\/230-tidland-differentiai-air-shaft\/#breadcrumb","itemListElement":[{"@type":"ListItem","position":1,"name":"Inicio","item":"https:\/\/ttemsa.com\/industria\/"},{"@type":"ListItem","position":2,"name":"TIDLAND","item":"https:\/\/ttemsa.com\/industria\/index.php\/tidland\/"},{"@type":"ListItem","position":3,"name":"DifferentiaI Air Shaft"}]},{"@type":"WebSite","@id":"https:\/\/ttemsa.com\/industria\/#website","url":"https:\/\/ttemsa.com\/industria\/","name":"industria-de-la-conversion.ttemsa","description":"Designed Dianalacazadora.com","alternateName":"ttemsa l\u00edderes en la industria de la conversi\u00f3n","potentialAction":[{"@type":"SearchAction","target":{"@type":"EntryPoint","urlTemplate":"https:\/\/ttemsa.com\/industria\/?s={search_term_string}"},"query-input":{"@type":"PropertyValueSpecification","valueRequired":true,"valueName":"search_term_string"}}],"inLanguage":"es"}]}},"_links":{"self":[{"href":"https:\/\/ttemsa.com\/industria\/index.php\/wp-json\/wp\/v2\/pages\/1610","targetHints":{"allow":["GET"]}}],"collection":[{"href":"https:\/\/ttemsa.com\/industria\/index.php\/wp-json\/wp\/v2\/pages"}],"about":[{"href":"https:\/\/ttemsa.com\/industria\/index.php\/wp-json\/wp\/v2\/types\/page"}],"author":[{"embeddable":true,"href":"https:\/\/ttemsa.com\/industria\/index.php\/wp-json\/wp\/v2\/users\/1"}],"replies":[{"embeddable":true,"href":"https:\/\/ttemsa.com\/industria\/index.php\/wp-json\/wp\/v2\/comments?post=1610"}],"version-history":[{"count":3,"href":"https:\/\/ttemsa.com\/industria\/index.php\/wp-json\/wp\/v2\/pages\/1610\/revisions"}],"predecessor-version":[{"id":3109,"href":"https:\/\/ttemsa.com\/industria\/index.php\/wp-json\/wp\/v2\/pages\/1610\/revisions\/3109"}],"up":[{"embeddable":true,"href":"https:\/\/ttemsa.com\/industria\/index.php\/wp-json\/wp\/v2\/pages\/302"}],"wp:attachment":[{"href":"https:\/\/ttemsa.com\/industria\/index.php\/wp-json\/wp\/v2\/media?parent=1610"}],"wp:term":[{"taxonomy":"category","embeddable":true,"href":"https:\/\/ttemsa.com\/industria\/index.php\/wp-json\/wp\/v2\/categories?post=1610"},{"taxonomy":"post_tag","embeddable":true,"href":"https:\/\/ttemsa.com\/industria\/index.php\/wp-json\/wp\/v2\/tags?post=1610"}],"curies":[{"name":"wp","href":"https:\/\/api.w.org\/{rel}","templated":true}]}}