{"id":1611,"date":"2024-03-01T20:39:52","date_gmt":"2024-03-01T20:39:52","guid":{"rendered":"https:\/\/ttemsa.com\/industria\/index.php\/tidland\/tidland-copy-copy-4\/"},"modified":"2024-09-10T12:58:19","modified_gmt":"2024-09-10T12:58:19","slug":"tidland-flechas-de-banda-estrecha","status":"publish","type":"page","link":"https:\/\/ttemsa.com\/industria\/index.php\/tidland\/tidland-flechas-de-banda-estrecha\/","title":{"rendered":"Tidland Flechas de Banda Estrecha"},"content":{"rendered":"<div class=\"wp-block-image\">\n<figure class=\"alignleft size-full is-resized\"><img loading=\"lazy\" decoding=\"async\" width=\"200\" height=\"169\" src=\"https:\/\/ttemsa.com\/industria\/wp-content\/uploads\/2023\/12\/nimage010.png\" alt=\"\" class=\"wp-image-593\" style=\"width:320px;height:auto\"\/><\/figure>\n<\/div>\n\n<div class=\"wp-block-image\">\n<figure class=\"alignleft size-full is-resized\"><img loading=\"lazy\" decoding=\"async\" width=\"280\" height=\"165\" src=\"https:\/\/ttemsa.com\/industria\/wp-content\/uploads\/2023\/12\/TidlandRoll-Saver2.png\" alt=\"\" class=\"wp-image-519\" style=\"width:229px;height:auto\"\/><\/figure>\n<\/div>\n\n<div class=\"wp-block-image\">\n<figure class=\"aligncenter size-full is-resized\"><img loading=\"lazy\" decoding=\"async\" width=\"367\" height=\"30\" src=\"https:\/\/ttemsa.com\/industria\/wp-content\/uploads\/2023\/12\/nimage002.png\" alt=\"\" class=\"wp-image-592\" style=\"width:416px;height:auto\" srcset=\"https:\/\/ttemsa.com\/industria\/wp-content\/uploads\/2023\/12\/nimage002.png 367w, https:\/\/ttemsa.com\/industria\/wp-content\/uploads\/2023\/12\/nimage002-300x25.png 300w\" sizes=\"auto, (max-width: 367px) 100vw, 367px\" \/><\/figure>\n<\/div>\n\n\n<p><\/p>\n\n\n\n<p><\/p>\n\n\n\n<p><strong>Las Flechas de Banda Estrecha<\/strong>&nbsp;y los Soportes para Cores se crearon espec\u00edficamente para satisfacer las necesidades de los convertidores de banda estrecha. Estas flechas econ\u00f3micas est\u00e1n dise\u00f1adas para adaptarse a cualquier tipo de prensa, con estilos de montaje disponibles en voladizo, de ca\u00edda, brida y barras; ofreciendo calidad y fiabilidad a las aplicaciones relacionadas con las prensas de etiquetas. &nbsp; &nbsp;<\/p>\n\n\n<div class=\"wp-block-image\">\n<figure class=\"aligncenter size-full is-resized\"><img loading=\"lazy\" decoding=\"async\" width=\"195\" height=\"320\" src=\"https:\/\/ttemsa.com\/industria\/wp-content\/uploads\/2023\/12\/nimage004.png\" alt=\"\" class=\"wp-image-590\" style=\"width:270px;height:auto\" srcset=\"https:\/\/ttemsa.com\/industria\/wp-content\/uploads\/2023\/12\/nimage004.png 195w, https:\/\/ttemsa.com\/industria\/wp-content\/uploads\/2023\/12\/nimage004-183x300.png 183w\" sizes=\"auto, (max-width: 195px) 100vw, 195px\" \/><\/figure>\n<\/div>\n\n\n<p><strong>FLECHA TIPO HOJA CON CENTRADO DE ROLLO \u2013 SERIE 650 CR<\/strong>&nbsp;Un dise\u00f1o \u00fanico de tres hojas minimiza la deformaci\u00f3n del core de pared delgada y mejora la calidad del rollo. Para embobinados, las molduras de centrado especiales entre las hojas de expansi\u00f3n posicionan los cores al centro de rotaci\u00f3n, dando como resultado una mejor calidad en los rodillos terminados.<\/p>\n\n\n\n<p><strong>FLECHA DE ELEMENTO EXTERNO \u2013 SERIES 800 GN<\/strong>&nbsp;Esta flecha presenta nuestro innovador dise\u00f1o de elementos externos de dos piezas. Ideal para cores de baja tolerancia en el desembobinado y para cores de paredes m\u00e1s gruesas en el embobinado.<\/p>\n\n\n\n<p><strong>SOPORTE PARA CORE DE ELEMENTO EXTERNO \u2013 SERIE 800 GH<\/strong>&nbsp;Este soporte tambi\u00e9n utiliza nuestros innovadores elementos externos de dos piezas. Dise\u00f1ado para montaje en barra, es intercambiable para soportar otros tama\u00f1os de core.<\/p>\n\n\n\n<p><strong>CHUCK AUTOM\u00c1TICO TIPO CU\u00d1A \u2013 MODELO AL<\/strong>\u00a0El Chuck Modelo AL cuenta con eslabones de expansi\u00f3n activados por torque, accionados por resorte, para un recorte econ\u00f3mico de troquelado y desbaste en aplicaciones de banda estrecha.<\/p>\n\n\n\n<p><strong>Cacter\u00edsticas Flechas de Banda Estrecha<\/strong><\/p>\n\n\n<div class=\"wp-block-image\">\n<figure class=\"aligncenter size-full is-resized\"><img loading=\"lazy\" decoding=\"async\" width=\"200\" height=\"169\" src=\"https:\/\/ttemsa.com\/industria\/wp-content\/uploads\/2023\/12\/nimage010.png\" alt=\"\" class=\"wp-image-593\" style=\"width:553px;height:auto\"\/><\/figure>\n<\/div>\n\n\n<p class=\"has-text-align-left\"><\/p>\n\n\n\n<p><\/p>\n","protected":false},"excerpt":{"rendered":"<p>Las Flechas de Banda Estrecha&nbsp;y los Soportes para Cores se crearon espec\u00edficamente para satisfacer las necesidades de los convertidores de banda estrecha. Estas flechas econ\u00f3micas est\u00e1n dise\u00f1adas para adaptarse a cualquier tipo de prensa, con estilos de montaje disponibles en voladizo, de ca\u00edda, brida y barras; ofreciendo calidad y fiabilidad a las aplicaciones relacionadas con [&hellip;]<\/p>\n","protected":false},"author":1,"featured_media":0,"parent":302,"menu_order":0,"comment_status":"closed","ping_status":"closed","template":"","meta":{"content-type":"","footnotes":""},"categories":[16],"tags":[],"class_list":["post-1611","page","type-page","status-publish","hentry","category-tidland"],"yoast_head":"<!-- This site is optimized with the Yoast SEO plugin v26.6 - https:\/\/yoast.com\/wordpress\/plugins\/seo\/ -->\n<title>Tidland Flechas de Banda Estrecha - industria-de-la-conversion.ttemsa<\/title>\n<meta name=\"description\" content=\"Las Flechas de Banda Estrecha y los Soportes para Cores se crearon espec\u00edficamente para satisfacer las necesidades de los convertidores de banda estrecha.\" \/>\n<meta name=\"robots\" content=\"index, follow, max-snippet:-1, max-image-preview:large, max-video-preview:-1\" \/>\n<link rel=\"canonical\" href=\"https:\/\/ttemsa.com\/industria\/index.php\/tidland\/tidland-flechas-de-banda-estrecha\/\" \/>\n<meta property=\"og:locale\" content=\"es_MX\" \/>\n<meta property=\"og:type\" content=\"article\" \/>\n<meta property=\"og:title\" content=\"Tidland Flechas de Banda Estrecha, Las Flechas de Banda Estrecha y los Soportes para Cores se crearon espec\u00edficamente para satisfacer las necesidades de los convertidores de banda estrecha.\" \/>\n<meta property=\"og:description\" content=\"En ttemsa ofrecemos Soluciones. Solicite + info Tel\u00e9fonos: + 52 (55) 5352-0191 5352-1301 5352-6070 5352-0593\" \/>\n<meta property=\"og:url\" content=\"https:\/\/ttemsa.com\/industria\/index.php\/tidland\/tidland-flechas-de-banda-estrecha\/\" \/>\n<meta property=\"og:site_name\" content=\"industria-de-la-conversion.ttemsa\" \/>\n<meta property=\"article:modified_time\" content=\"2024-09-10T12:58:19+00:00\" \/>\n<meta property=\"og:image\" content=\"https:\/\/ttemsa.com\/industria\/wp-content\/uploads\/2023\/12\/Captura-de-pantalla-2023-12-23-a-las-2.17.31-p.m.png\" \/>\n\t<meta property=\"og:image:width\" content=\"404\" \/>\n\t<meta property=\"og:image:height\" content=\"298\" \/>\n\t<meta property=\"og:image:type\" content=\"image\/png\" \/>\n<meta name=\"twitter:card\" content=\"summary_large_image\" \/>\n<meta name=\"twitter:label1\" content=\"Tiempo de lectura\" \/>\n\t<meta name=\"twitter:data1\" content=\"3 minutos\" \/>\n<script type=\"application\/ld+json\" class=\"yoast-schema-graph\">{\"@context\":\"https:\/\/schema.org\",\"@graph\":[{\"@type\":\"WebPage\",\"@id\":\"https:\/\/ttemsa.com\/industria\/index.php\/tidland\/tidland-flechas-de-banda-estrecha\/\",\"url\":\"https:\/\/ttemsa.com\/industria\/index.php\/tidland\/tidland-flechas-de-banda-estrecha\/\",\"name\":\"Tidland Flechas de Banda Estrecha - industria-de-la-conversion.ttemsa\",\"isPartOf\":{\"@id\":\"https:\/\/ttemsa.com\/industria\/#website\"},\"primaryImageOfPage\":{\"@id\":\"https:\/\/ttemsa.com\/industria\/index.php\/tidland\/tidland-flechas-de-banda-estrecha\/#primaryimage\"},\"image\":{\"@id\":\"https:\/\/ttemsa.com\/industria\/index.php\/tidland\/tidland-flechas-de-banda-estrecha\/#primaryimage\"},\"thumbnailUrl\":\"https:\/\/ttemsa.com\/industria\/wp-content\/uploads\/2023\/12\/nimage010.png\",\"datePublished\":\"2024-03-01T20:39:52+00:00\",\"dateModified\":\"2024-09-10T12:58:19+00:00\",\"description\":\"Las Flechas de Banda Estrecha y los Soportes para Cores se crearon espec\u00edficamente para satisfacer las necesidades de los convertidores de banda estrecha.\",\"breadcrumb\":{\"@id\":\"https:\/\/ttemsa.com\/industria\/index.php\/tidland\/tidland-flechas-de-banda-estrecha\/#breadcrumb\"},\"inLanguage\":\"es\",\"potentialAction\":[{\"@type\":\"ReadAction\",\"target\":[\"https:\/\/ttemsa.com\/industria\/index.php\/tidland\/tidland-flechas-de-banda-estrecha\/\"]}]},{\"@type\":\"ImageObject\",\"inLanguage\":\"es\",\"@id\":\"https:\/\/ttemsa.com\/industria\/index.php\/tidland\/tidland-flechas-de-banda-estrecha\/#primaryimage\",\"url\":\"https:\/\/ttemsa.com\/industria\/wp-content\/uploads\/2023\/12\/nimage010.png\",\"contentUrl\":\"https:\/\/ttemsa.com\/industria\/wp-content\/uploads\/2023\/12\/nimage010.png\",\"width\":200,\"height\":169},{\"@type\":\"BreadcrumbList\",\"@id\":\"https:\/\/ttemsa.com\/industria\/index.php\/tidland\/tidland-flechas-de-banda-estrecha\/#breadcrumb\",\"itemListElement\":[{\"@type\":\"ListItem\",\"position\":1,\"name\":\"Inicio\",\"item\":\"https:\/\/ttemsa.com\/industria\/\"},{\"@type\":\"ListItem\",\"position\":2,\"name\":\"TIDLAND\",\"item\":\"https:\/\/ttemsa.com\/industria\/index.php\/tidland\/\"},{\"@type\":\"ListItem\",\"position\":3,\"name\":\"Tidland Flechas de Banda Estrecha\"}]},{\"@type\":\"WebSite\",\"@id\":\"https:\/\/ttemsa.com\/industria\/#website\",\"url\":\"https:\/\/ttemsa.com\/industria\/\",\"name\":\"industria-de-la-conversion.ttemsa\",\"description\":\"Designed Dianalacazadora.com\",\"alternateName\":\"ttemsa l\u00edderes en la industria de la conversi\u00f3n\",\"potentialAction\":[{\"@type\":\"SearchAction\",\"target\":{\"@type\":\"EntryPoint\",\"urlTemplate\":\"https:\/\/ttemsa.com\/industria\/?s={search_term_string}\"},\"query-input\":{\"@type\":\"PropertyValueSpecification\",\"valueRequired\":true,\"valueName\":\"search_term_string\"}}],\"inLanguage\":\"es\"}]}<\/script>\n<!-- \/ Yoast SEO plugin. -->","yoast_head_json":{"title":"Tidland Flechas de Banda Estrecha - industria-de-la-conversion.ttemsa","description":"Las Flechas de Banda Estrecha y los Soportes para Cores se crearon espec\u00edficamente para satisfacer las necesidades de los convertidores de banda estrecha.","robots":{"index":"index","follow":"follow","max-snippet":"max-snippet:-1","max-image-preview":"max-image-preview:large","max-video-preview":"max-video-preview:-1"},"canonical":"https:\/\/ttemsa.com\/industria\/index.php\/tidland\/tidland-flechas-de-banda-estrecha\/","og_locale":"es_MX","og_type":"article","og_title":"Tidland Flechas de Banda Estrecha, Las Flechas de Banda Estrecha y los Soportes para Cores se crearon espec\u00edficamente para satisfacer las necesidades de los convertidores de banda estrecha.","og_description":"En ttemsa ofrecemos Soluciones. Solicite + info Tel\u00e9fonos: + 52 (55) 5352-0191 5352-1301 5352-6070 5352-0593","og_url":"https:\/\/ttemsa.com\/industria\/index.php\/tidland\/tidland-flechas-de-banda-estrecha\/","og_site_name":"industria-de-la-conversion.ttemsa","article_modified_time":"2024-09-10T12:58:19+00:00","og_image":[{"width":404,"height":298,"url":"https:\/\/ttemsa.com\/industria\/wp-content\/uploads\/2023\/12\/Captura-de-pantalla-2023-12-23-a-las-2.17.31-p.m.png","type":"image\/png"}],"twitter_card":"summary_large_image","twitter_misc":{"Tiempo de lectura":"3 minutos"},"schema":{"@context":"https:\/\/schema.org","@graph":[{"@type":"WebPage","@id":"https:\/\/ttemsa.com\/industria\/index.php\/tidland\/tidland-flechas-de-banda-estrecha\/","url":"https:\/\/ttemsa.com\/industria\/index.php\/tidland\/tidland-flechas-de-banda-estrecha\/","name":"Tidland Flechas de Banda Estrecha - industria-de-la-conversion.ttemsa","isPartOf":{"@id":"https:\/\/ttemsa.com\/industria\/#website"},"primaryImageOfPage":{"@id":"https:\/\/ttemsa.com\/industria\/index.php\/tidland\/tidland-flechas-de-banda-estrecha\/#primaryimage"},"image":{"@id":"https:\/\/ttemsa.com\/industria\/index.php\/tidland\/tidland-flechas-de-banda-estrecha\/#primaryimage"},"thumbnailUrl":"https:\/\/ttemsa.com\/industria\/wp-content\/uploads\/2023\/12\/nimage010.png","datePublished":"2024-03-01T20:39:52+00:00","dateModified":"2024-09-10T12:58:19+00:00","description":"Las Flechas de Banda Estrecha y los Soportes para Cores se crearon espec\u00edficamente para satisfacer las necesidades de los convertidores de banda estrecha.","breadcrumb":{"@id":"https:\/\/ttemsa.com\/industria\/index.php\/tidland\/tidland-flechas-de-banda-estrecha\/#breadcrumb"},"inLanguage":"es","potentialAction":[{"@type":"ReadAction","target":["https:\/\/ttemsa.com\/industria\/index.php\/tidland\/tidland-flechas-de-banda-estrecha\/"]}]},{"@type":"ImageObject","inLanguage":"es","@id":"https:\/\/ttemsa.com\/industria\/index.php\/tidland\/tidland-flechas-de-banda-estrecha\/#primaryimage","url":"https:\/\/ttemsa.com\/industria\/wp-content\/uploads\/2023\/12\/nimage010.png","contentUrl":"https:\/\/ttemsa.com\/industria\/wp-content\/uploads\/2023\/12\/nimage010.png","width":200,"height":169},{"@type":"BreadcrumbList","@id":"https:\/\/ttemsa.com\/industria\/index.php\/tidland\/tidland-flechas-de-banda-estrecha\/#breadcrumb","itemListElement":[{"@type":"ListItem","position":1,"name":"Inicio","item":"https:\/\/ttemsa.com\/industria\/"},{"@type":"ListItem","position":2,"name":"TIDLAND","item":"https:\/\/ttemsa.com\/industria\/index.php\/tidland\/"},{"@type":"ListItem","position":3,"name":"Tidland Flechas de Banda Estrecha"}]},{"@type":"WebSite","@id":"https:\/\/ttemsa.com\/industria\/#website","url":"https:\/\/ttemsa.com\/industria\/","name":"industria-de-la-conversion.ttemsa","description":"Designed Dianalacazadora.com","alternateName":"ttemsa l\u00edderes en la industria de la conversi\u00f3n","potentialAction":[{"@type":"SearchAction","target":{"@type":"EntryPoint","urlTemplate":"https:\/\/ttemsa.com\/industria\/?s={search_term_string}"},"query-input":{"@type":"PropertyValueSpecification","valueRequired":true,"valueName":"search_term_string"}}],"inLanguage":"es"}]}},"_links":{"self":[{"href":"https:\/\/ttemsa.com\/industria\/index.php\/wp-json\/wp\/v2\/pages\/1611","targetHints":{"allow":["GET"]}}],"collection":[{"href":"https:\/\/ttemsa.com\/industria\/index.php\/wp-json\/wp\/v2\/pages"}],"about":[{"href":"https:\/\/ttemsa.com\/industria\/index.php\/wp-json\/wp\/v2\/types\/page"}],"author":[{"embeddable":true,"href":"https:\/\/ttemsa.com\/industria\/index.php\/wp-json\/wp\/v2\/users\/1"}],"replies":[{"embeddable":true,"href":"https:\/\/ttemsa.com\/industria\/index.php\/wp-json\/wp\/v2\/comments?post=1611"}],"version-history":[{"count":3,"href":"https:\/\/ttemsa.com\/industria\/index.php\/wp-json\/wp\/v2\/pages\/1611\/revisions"}],"predecessor-version":[{"id":3111,"href":"https:\/\/ttemsa.com\/industria\/index.php\/wp-json\/wp\/v2\/pages\/1611\/revisions\/3111"}],"up":[{"embeddable":true,"href":"https:\/\/ttemsa.com\/industria\/index.php\/wp-json\/wp\/v2\/pages\/302"}],"wp:attachment":[{"href":"https:\/\/ttemsa.com\/industria\/index.php\/wp-json\/wp\/v2\/media?parent=1611"}],"wp:term":[{"taxonomy":"category","embeddable":true,"href":"https:\/\/ttemsa.com\/industria\/index.php\/wp-json\/wp\/v2\/categories?post=1611"},{"taxonomy":"post_tag","embeddable":true,"href":"https:\/\/ttemsa.com\/industria\/index.php\/wp-json\/wp\/v2\/tags?post=1611"}],"curies":[{"name":"wp","href":"https:\/\/api.w.org\/{rel}","templated":true}]}}