{"id":1612,"date":"2024-03-01T20:39:57","date_gmt":"2024-03-01T20:39:57","guid":{"rendered":"https:\/\/ttemsa.com\/industria\/index.php\/tidland\/tidland-copy-copy-copy-4\/"},"modified":"2024-11-21T17:22:34","modified_gmt":"2024-11-21T17:22:34","slug":"48-manexo-de-rollos","status":"publish","type":"page","link":"https:\/\/ttemsa.com\/industria\/index.php\/tidland\/48-manexo-de-rollos\/","title":{"rendered":"Manejo de Rollos Chucks de Torsi\u00f3n Raptor TR"},"content":{"rendered":"<div class=\"wp-block-image\">\n<figure class=\"aligncenter size-full is-resized\"><img loading=\"lazy\" decoding=\"async\" width=\"1800\" height=\"1199\" src=\"https:\/\/ttemsa.com\/industria\/wp-content\/uploads\/2023\/12\/Raptor_TR_print.jpg\" alt=\"\" class=\"wp-image-777\" style=\"width:716px;height:auto\" srcset=\"https:\/\/ttemsa.com\/industria\/wp-content\/uploads\/2023\/12\/Raptor_TR_print.jpg 1800w, https:\/\/ttemsa.com\/industria\/wp-content\/uploads\/2023\/12\/Raptor_TR_print-300x200.jpg 300w, https:\/\/ttemsa.com\/industria\/wp-content\/uploads\/2023\/12\/Raptor_TR_print-1024x682.jpg 1024w, https:\/\/ttemsa.com\/industria\/wp-content\/uploads\/2023\/12\/Raptor_TR_print-768x512.jpg 768w, https:\/\/ttemsa.com\/industria\/wp-content\/uploads\/2023\/12\/Raptor_TR_print-1536x1023.jpg 1536w\" sizes=\"auto, (max-width: 1800px) 100vw, 1800px\" \/><figcaption class=\"wp-element-caption\">Chucks Raptor Air<\/figcaption><\/figure>\n<\/div>\n\n<div class=\"wp-block-image\">\n<figure class=\"alignleft size-full is-resized\"><img loading=\"lazy\" decoding=\"async\" width=\"280\" height=\"165\" src=\"https:\/\/ttemsa.com\/industria\/wp-content\/uploads\/2023\/12\/TidlandRoll-Saver2.png\" alt=\"\" class=\"wp-image-519\" style=\"width:254px;height:auto\"\/><\/figure>\n<\/div>\n\n<div class=\"wp-block-image\">\n<figure class=\"alignright size-full is-resized\"><img loading=\"lazy\" decoding=\"async\" width=\"365\" height=\"35\" src=\"https:\/\/ttemsa.com\/industria\/wp-content\/uploads\/2023\/12\/trimage002.png\" alt=\"\" class=\"wp-image-776\" style=\"width:438px;height:auto\" srcset=\"https:\/\/ttemsa.com\/industria\/wp-content\/uploads\/2023\/12\/trimage002.png 365w, https:\/\/ttemsa.com\/industria\/wp-content\/uploads\/2023\/12\/trimage002-300x29.png 300w\" sizes=\"auto, (max-width: 365px) 100vw, 365px\" \/><\/figure>\n<\/div>\n\n\n<p><\/p>\n\n\n\n<p>Los&nbsp;<a href=\"https:\/\/ttemsa.com\/industria\/index.php\/tidland?id=26\">Chucks<\/a>&nbsp;de Torsi\u00f3n sin eje de la serie Raptor son sencillos de usar y de f\u00e1cil mantenimiento, adem\u00e1s ayudan a eliminar el da\u00f1o del core normalmente asociado con el bobinado sin eje.<\/p>\n\n\n\n<p>A diferencia de muchos chucks en el mercado, el chuck de torque est\u00e1 dise\u00f1ado para el mantenimiento en m\u00e1quinas y cambios de adaptadores sin herramientas en menos de 5 segundos.<\/p>\n\n\n\n<p>Los operarios ya no tienen que quitar el chuck completo de la m\u00e1quina para el mantenimiento de rutina y cambios de core.<\/p>\n\n\n\n<p>Los operadores de corrugado, laminado, acabado de papel encontraran que esto se traduce en menos tiempo de inactividad, menor riesgo de lesiones y m\u00e1s productividad.<\/p>\n\n\n\n<p>Este chuck sin eje ofrece un par de torsi\u00f3n importante, una construcci\u00f3n duradera, centrado positivo del core, un dise\u00f1o amigable con el core y beneficios ergon\u00f3micos significativos. Nada se agarra m\u00e1s fuerte que un chuck de torque de la serie Raptor.<\/p>\n\n\n\n<figure class=\"wp-block-embed is-type-video is-provider-youtube wp-block-embed-youtube wp-embed-aspect-4-3 wp-has-aspect-ratio\"><div class=\"wp-block-embed__wrapper\">\n<iframe loading=\"lazy\" title=\"Servicing Tidland Raptor Series Air Powered Chucks\" width=\"500\" height=\"375\" src=\"https:\/\/www.youtube.com\/embed\/JfRUJHOSE-U?start=1&#038;feature=oembed\" frameborder=\"0\" allow=\"accelerometer; autoplay; clipboard-write; encrypted-media; gyroscope; picture-in-picture; web-share\" referrerpolicy=\"strict-origin-when-cross-origin\" allowfullscreen><\/iframe>\n<\/div><\/figure>\n\n\n\n<hr class=\"wp-block-separator has-alpha-channel-opacity\"\/>\n\n\n\n<p class=\"has-medium-font-size\"><strong>Raptor series torque Chuck<\/strong><\/p>\n\n\n\n<p><strong><em>Raptor Adaptador Chuck de Torque de la Serie<\/em><\/strong><\/p>\n\n\n\n<figure class=\"wp-block-image size-full is-resized\"><img loading=\"lazy\" decoding=\"async\" width=\"297\" height=\"203\" src=\"https:\/\/ttemsa.com\/industria\/wp-content\/uploads\/2023\/12\/tr.png\" alt=\"\" class=\"wp-image-780\" style=\"width:430px;height:auto\"\/><\/figure>\n","protected":false},"excerpt":{"rendered":"<p>Los&nbsp;Chucks&nbsp;de Torsi\u00f3n sin eje de la serie Raptor son sencillos de usar y de f\u00e1cil mantenimiento, adem\u00e1s ayudan a eliminar el da\u00f1o del core normalmente asociado con el bobinado sin eje. A diferencia de muchos chucks en el mercado, el chuck de torque est\u00e1 dise\u00f1ado para el mantenimiento en m\u00e1quinas y cambios de adaptadores sin [&hellip;]<\/p>\n","protected":false},"author":1,"featured_media":0,"parent":302,"menu_order":0,"comment_status":"closed","ping_status":"closed","template":"","meta":{"content-type":"","footnotes":""},"categories":[16],"tags":[],"class_list":["post-1612","page","type-page","status-publish","hentry","category-tidland"],"yoast_head":"<!-- This site is optimized with the Yoast SEO plugin v26.6 - https:\/\/yoast.com\/wordpress\/plugins\/seo\/ -->\n<title>Manejo de Rollos Chucks de Torsi\u00f3n Raptor TR - industria-de-la-conversion.ttemsa<\/title>\n<meta name=\"description\" content=\"Chucks de Torsi\u00f3n Raptor TR, Los Chucks de Torsi\u00f3n sin eje de la serie Raptor son sencillos de usar y de f\u00e1cil mantenimiento, adem\u00e1s ayudan a eliminar el da\u00f1o del core normalmente asociado con el bobinado sin eje.\" \/>\n<meta name=\"robots\" content=\"index, follow, max-snippet:-1, max-image-preview:large, max-video-preview:-1\" \/>\n<link rel=\"canonical\" href=\"https:\/\/ttemsa.com\/industria\/index.php\/tidland\/48-manexo-de-rollos\/\" \/>\n<meta property=\"og:locale\" content=\"es_MX\" \/>\n<meta property=\"og:type\" content=\"article\" \/>\n<meta property=\"og:title\" content=\"Chucks de Torsi\u00f3n Raptor TR sin eje de la serie Raptor son sencillos de usar y de f\u00e1cil mantenimiento, adem\u00e1s ayudan a eliminar el da\u00f1o del core normalmente asociado con el bobinado sin eje.\" \/>\n<meta property=\"og:description\" content=\"En ttemsa ofrecemos Soluciones. Solicite + info Tel\u00e9fonos: + 52 (55) 5352-0191 5352-1301 5352-6070 5352-0593\" \/>\n<meta property=\"og:url\" content=\"https:\/\/ttemsa.com\/industria\/index.php\/tidland\/48-manexo-de-rollos\/\" \/>\n<meta property=\"og:site_name\" content=\"industria-de-la-conversion.ttemsa\" \/>\n<meta property=\"article:modified_time\" content=\"2024-11-21T17:22:34+00:00\" \/>\n<meta property=\"og:image\" content=\"https:\/\/ttemsa.com\/industria\/wp-content\/uploads\/2023\/12\/Raptor_TR_print.jpg\" \/>\n\t<meta property=\"og:image:width\" content=\"1800\" \/>\n\t<meta property=\"og:image:height\" content=\"1199\" \/>\n\t<meta property=\"og:image:type\" content=\"image\/jpeg\" \/>\n<meta name=\"twitter:card\" content=\"summary_large_image\" \/>\n<meta name=\"twitter:label1\" content=\"Tiempo de lectura\" \/>\n\t<meta name=\"twitter:data1\" content=\"2 minutos\" \/>\n<script type=\"application\/ld+json\" class=\"yoast-schema-graph\">{\"@context\":\"https:\/\/schema.org\",\"@graph\":[{\"@type\":\"WebPage\",\"@id\":\"https:\/\/ttemsa.com\/industria\/index.php\/tidland\/48-manexo-de-rollos\/\",\"url\":\"https:\/\/ttemsa.com\/industria\/index.php\/tidland\/48-manexo-de-rollos\/\",\"name\":\"Manejo de Rollos Chucks de Torsi\u00f3n Raptor TR - industria-de-la-conversion.ttemsa\",\"isPartOf\":{\"@id\":\"https:\/\/ttemsa.com\/industria\/#website\"},\"primaryImageOfPage\":{\"@id\":\"https:\/\/ttemsa.com\/industria\/index.php\/tidland\/48-manexo-de-rollos\/#primaryimage\"},\"image\":{\"@id\":\"https:\/\/ttemsa.com\/industria\/index.php\/tidland\/48-manexo-de-rollos\/#primaryimage\"},\"thumbnailUrl\":\"https:\/\/ttemsa.com\/industria\/wp-content\/uploads\/2023\/12\/Raptor_TR_print.jpg\",\"datePublished\":\"2024-03-01T20:39:57+00:00\",\"dateModified\":\"2024-11-21T17:22:34+00:00\",\"description\":\"Chucks de Torsi\u00f3n Raptor TR, Los Chucks de Torsi\u00f3n sin eje de la serie Raptor son sencillos de usar y de f\u00e1cil mantenimiento, adem\u00e1s ayudan a eliminar el da\u00f1o del core normalmente asociado con el bobinado sin eje.\",\"breadcrumb\":{\"@id\":\"https:\/\/ttemsa.com\/industria\/index.php\/tidland\/48-manexo-de-rollos\/#breadcrumb\"},\"inLanguage\":\"es\",\"potentialAction\":[{\"@type\":\"ReadAction\",\"target\":[\"https:\/\/ttemsa.com\/industria\/index.php\/tidland\/48-manexo-de-rollos\/\"]}]},{\"@type\":\"ImageObject\",\"inLanguage\":\"es\",\"@id\":\"https:\/\/ttemsa.com\/industria\/index.php\/tidland\/48-manexo-de-rollos\/#primaryimage\",\"url\":\"https:\/\/ttemsa.com\/industria\/wp-content\/uploads\/2023\/12\/Raptor_TR_print.jpg\",\"contentUrl\":\"https:\/\/ttemsa.com\/industria\/wp-content\/uploads\/2023\/12\/Raptor_TR_print.jpg\",\"width\":1800,\"height\":1199},{\"@type\":\"BreadcrumbList\",\"@id\":\"https:\/\/ttemsa.com\/industria\/index.php\/tidland\/48-manexo-de-rollos\/#breadcrumb\",\"itemListElement\":[{\"@type\":\"ListItem\",\"position\":1,\"name\":\"Inicio\",\"item\":\"https:\/\/ttemsa.com\/industria\/\"},{\"@type\":\"ListItem\",\"position\":2,\"name\":\"TIDLAND\",\"item\":\"https:\/\/ttemsa.com\/industria\/index.php\/tidland\/\"},{\"@type\":\"ListItem\",\"position\":3,\"name\":\"Manejo de Rollos Chucks de Torsi\u00f3n Raptor TR\"}]},{\"@type\":\"WebSite\",\"@id\":\"https:\/\/ttemsa.com\/industria\/#website\",\"url\":\"https:\/\/ttemsa.com\/industria\/\",\"name\":\"industria-de-la-conversion.ttemsa\",\"description\":\"Designed Dianalacazadora.com\",\"alternateName\":\"ttemsa l\u00edderes en la industria de la conversi\u00f3n\",\"potentialAction\":[{\"@type\":\"SearchAction\",\"target\":{\"@type\":\"EntryPoint\",\"urlTemplate\":\"https:\/\/ttemsa.com\/industria\/?s={search_term_string}\"},\"query-input\":{\"@type\":\"PropertyValueSpecification\",\"valueRequired\":true,\"valueName\":\"search_term_string\"}}],\"inLanguage\":\"es\"}]}<\/script>\n<!-- \/ Yoast SEO plugin. -->","yoast_head_json":{"title":"Manejo de Rollos Chucks de Torsi\u00f3n Raptor TR - industria-de-la-conversion.ttemsa","description":"Chucks de Torsi\u00f3n Raptor TR, Los Chucks de Torsi\u00f3n sin eje de la serie Raptor son sencillos de usar y de f\u00e1cil mantenimiento, adem\u00e1s ayudan a eliminar el da\u00f1o del core normalmente asociado con el bobinado sin eje.","robots":{"index":"index","follow":"follow","max-snippet":"max-snippet:-1","max-image-preview":"max-image-preview:large","max-video-preview":"max-video-preview:-1"},"canonical":"https:\/\/ttemsa.com\/industria\/index.php\/tidland\/48-manexo-de-rollos\/","og_locale":"es_MX","og_type":"article","og_title":"Chucks de Torsi\u00f3n Raptor TR sin eje de la serie Raptor son sencillos de usar y de f\u00e1cil mantenimiento, adem\u00e1s ayudan a eliminar el da\u00f1o del core normalmente asociado con el bobinado sin eje.","og_description":"En ttemsa ofrecemos Soluciones. Solicite + info Tel\u00e9fonos: + 52 (55) 5352-0191 5352-1301 5352-6070 5352-0593","og_url":"https:\/\/ttemsa.com\/industria\/index.php\/tidland\/48-manexo-de-rollos\/","og_site_name":"industria-de-la-conversion.ttemsa","article_modified_time":"2024-11-21T17:22:34+00:00","og_image":[{"width":1800,"height":1199,"url":"https:\/\/ttemsa.com\/industria\/wp-content\/uploads\/2023\/12\/Raptor_TR_print.jpg","type":"image\/jpeg"}],"twitter_card":"summary_large_image","twitter_misc":{"Tiempo de lectura":"2 minutos"},"schema":{"@context":"https:\/\/schema.org","@graph":[{"@type":"WebPage","@id":"https:\/\/ttemsa.com\/industria\/index.php\/tidland\/48-manexo-de-rollos\/","url":"https:\/\/ttemsa.com\/industria\/index.php\/tidland\/48-manexo-de-rollos\/","name":"Manejo de Rollos Chucks de Torsi\u00f3n Raptor TR - industria-de-la-conversion.ttemsa","isPartOf":{"@id":"https:\/\/ttemsa.com\/industria\/#website"},"primaryImageOfPage":{"@id":"https:\/\/ttemsa.com\/industria\/index.php\/tidland\/48-manexo-de-rollos\/#primaryimage"},"image":{"@id":"https:\/\/ttemsa.com\/industria\/index.php\/tidland\/48-manexo-de-rollos\/#primaryimage"},"thumbnailUrl":"https:\/\/ttemsa.com\/industria\/wp-content\/uploads\/2023\/12\/Raptor_TR_print.jpg","datePublished":"2024-03-01T20:39:57+00:00","dateModified":"2024-11-21T17:22:34+00:00","description":"Chucks de Torsi\u00f3n Raptor TR, Los Chucks de Torsi\u00f3n sin eje de la serie Raptor son sencillos de usar y de f\u00e1cil mantenimiento, adem\u00e1s ayudan a eliminar el da\u00f1o del core normalmente asociado con el bobinado sin eje.","breadcrumb":{"@id":"https:\/\/ttemsa.com\/industria\/index.php\/tidland\/48-manexo-de-rollos\/#breadcrumb"},"inLanguage":"es","potentialAction":[{"@type":"ReadAction","target":["https:\/\/ttemsa.com\/industria\/index.php\/tidland\/48-manexo-de-rollos\/"]}]},{"@type":"ImageObject","inLanguage":"es","@id":"https:\/\/ttemsa.com\/industria\/index.php\/tidland\/48-manexo-de-rollos\/#primaryimage","url":"https:\/\/ttemsa.com\/industria\/wp-content\/uploads\/2023\/12\/Raptor_TR_print.jpg","contentUrl":"https:\/\/ttemsa.com\/industria\/wp-content\/uploads\/2023\/12\/Raptor_TR_print.jpg","width":1800,"height":1199},{"@type":"BreadcrumbList","@id":"https:\/\/ttemsa.com\/industria\/index.php\/tidland\/48-manexo-de-rollos\/#breadcrumb","itemListElement":[{"@type":"ListItem","position":1,"name":"Inicio","item":"https:\/\/ttemsa.com\/industria\/"},{"@type":"ListItem","position":2,"name":"TIDLAND","item":"https:\/\/ttemsa.com\/industria\/index.php\/tidland\/"},{"@type":"ListItem","position":3,"name":"Manejo de Rollos Chucks de Torsi\u00f3n Raptor TR"}]},{"@type":"WebSite","@id":"https:\/\/ttemsa.com\/industria\/#website","url":"https:\/\/ttemsa.com\/industria\/","name":"industria-de-la-conversion.ttemsa","description":"Designed Dianalacazadora.com","alternateName":"ttemsa l\u00edderes en la industria de la conversi\u00f3n","potentialAction":[{"@type":"SearchAction","target":{"@type":"EntryPoint","urlTemplate":"https:\/\/ttemsa.com\/industria\/?s={search_term_string}"},"query-input":{"@type":"PropertyValueSpecification","valueRequired":true,"valueName":"search_term_string"}}],"inLanguage":"es"}]}},"_links":{"self":[{"href":"https:\/\/ttemsa.com\/industria\/index.php\/wp-json\/wp\/v2\/pages\/1612","targetHints":{"allow":["GET"]}}],"collection":[{"href":"https:\/\/ttemsa.com\/industria\/index.php\/wp-json\/wp\/v2\/pages"}],"about":[{"href":"https:\/\/ttemsa.com\/industria\/index.php\/wp-json\/wp\/v2\/types\/page"}],"author":[{"embeddable":true,"href":"https:\/\/ttemsa.com\/industria\/index.php\/wp-json\/wp\/v2\/users\/1"}],"replies":[{"embeddable":true,"href":"https:\/\/ttemsa.com\/industria\/index.php\/wp-json\/wp\/v2\/comments?post=1612"}],"version-history":[{"count":7,"href":"https:\/\/ttemsa.com\/industria\/index.php\/wp-json\/wp\/v2\/pages\/1612\/revisions"}],"predecessor-version":[{"id":3845,"href":"https:\/\/ttemsa.com\/industria\/index.php\/wp-json\/wp\/v2\/pages\/1612\/revisions\/3845"}],"up":[{"embeddable":true,"href":"https:\/\/ttemsa.com\/industria\/index.php\/wp-json\/wp\/v2\/pages\/302"}],"wp:attachment":[{"href":"https:\/\/ttemsa.com\/industria\/index.php\/wp-json\/wp\/v2\/media?parent=1612"}],"wp:term":[{"taxonomy":"category","embeddable":true,"href":"https:\/\/ttemsa.com\/industria\/index.php\/wp-json\/wp\/v2\/categories?post=1612"},{"taxonomy":"post_tag","embeddable":true,"href":"https:\/\/ttemsa.com\/industria\/index.php\/wp-json\/wp\/v2\/tags?post=1612"}],"curies":[{"name":"wp","href":"https:\/\/api.w.org\/{rel}","templated":true}]}}