{"id":1613,"date":"2024-03-01T20:40:03","date_gmt":"2024-03-01T20:40:03","guid":{"rendered":"https:\/\/ttemsa.com\/industria\/index.php\/tidland\/tidland-copy-copy-copy-5\/"},"modified":"2024-09-10T12:48:25","modified_gmt":"2024-09-10T12:48:25","slug":"restaurador-de-cores","status":"publish","type":"page","link":"https:\/\/ttemsa.com\/industria\/index.php\/tidland\/restaurador-de-cores\/","title":{"rendered":"Restaurador de Rollos"},"content":{"rendered":"<div class=\"wp-block-image\">\n<figure class=\"aligncenter size-large is-resized\"><img decoding=\"async\" src=\"https:\/\/ttemsa.com\/industria\/wp-content\/uploads\/2023\/12\/525362-1.jpg\" alt=\"\" style=\"width:469px;height:auto\"\/><\/figure>\n<\/div>\n\n<div class=\"wp-block-image\">\n<figure class=\"aligncenter size-full is-resized\"><img loading=\"lazy\" decoding=\"async\" width=\"351\" height=\"156\" src=\"https:\/\/ttemsa.com\/industria\/wp-content\/uploads\/2023\/12\/tidland-1.jpg\" alt=\"\" class=\"wp-image-574\" style=\"width:244px;height:auto\" srcset=\"https:\/\/ttemsa.com\/industria\/wp-content\/uploads\/2023\/12\/tidland-1.jpg 351w, https:\/\/ttemsa.com\/industria\/wp-content\/uploads\/2023\/12\/tidland-1-300x133.jpg 300w\" sizes=\"auto, (max-width: 351px) 100vw, 351px\" \/><\/figure>\n<\/div>\n\n\n<p class=\"has-text-align-center\"><strong><strong>Restaurador de Rollos \/&nbsp;<\/strong>Restaurador de centros de tubo de cart\u00f3n<\/strong><\/p>\n\n\n\n<figure class=\"wp-block-embed aligncenter is-type-video is-provider-youtube wp-block-embed-youtube wp-embed-aspect-16-9 wp-has-aspect-ratio\"><div class=\"wp-block-embed__wrapper\">\n<iframe loading=\"lazy\" title=\"Restauradorde Rollos - Cores Industriales\" width=\"500\" height=\"281\" src=\"https:\/\/www.youtube.com\/embed\/sDqxSR3owjY?feature=oembed\" frameborder=\"0\" allow=\"accelerometer; autoplay; clipboard-write; encrypted-media; gyroscope; picture-in-picture; web-share\" referrerpolicy=\"strict-origin-when-cross-origin\" allowfullscreen><\/iframe>\n<\/div><\/figure>\n\n\n\n<hr class=\"wp-block-separator has-alpha-channel-opacity\"\/>\n\n\n\n<p class=\"has-medium-font-size\"><strong>Raptor series torque Chuck<\/strong><\/p>\n\n\n\n<div class=\"wp-block-media-text is-stacked-on-mobile\" style=\"grid-template-columns:21% auto\"><figure class=\"wp-block-media-text__media\"><img loading=\"lazy\" decoding=\"async\" width=\"506\" height=\"655\" src=\"https:\/\/ttemsa.com\/industria\/wp-content\/uploads\/2023\/12\/Nimco_Roll_Restore.png\" alt=\"\" class=\"wp-image-789 size-full\" srcset=\"https:\/\/ttemsa.com\/industria\/wp-content\/uploads\/2023\/12\/Nimco_Roll_Restore.png 506w, https:\/\/ttemsa.com\/industria\/wp-content\/uploads\/2023\/12\/Nimco_Roll_Restore-232x300.png 232w\" sizes=\"auto, (max-width: 506px) 100vw, 506px\" \/><\/figure><div class=\"wp-block-media-text__content\">\n<ul class=\"wp-block-list\">\n<li>Rehabilite Rollos Colapsados<\/li>\n\n\n\n<li>Ahorro de Espacio de Almacenamiento y Producci\u00f3n.<\/li>\n\n\n\n<li>Elimine en Tiempo Extra y Gasto.<\/li>\n\n\n\n<li>Vers\u00e1til para usarse con m\u00fatiples di\u00e1metros de Tubo de Cart\u00f3n.<\/li>\n\n\n\n<li>Totalmente Port\u00e1til.<\/li>\n\n\n\n<li>Certificado de ISO 9001.<\/li>\n<\/ul>\n<\/div><\/div>\n\n\n<div class=\"wp-block-image\">\n<figure class=\"aligncenter size-full is-resized\"><img loading=\"lazy\" decoding=\"async\" width=\"800\" height=\"517\" src=\"https:\/\/ttemsa.com\/industria\/wp-content\/uploads\/2023\/12\/800.jpg\" alt=\"\" class=\"wp-image-790\" style=\"width:476px;height:auto\" srcset=\"https:\/\/ttemsa.com\/industria\/wp-content\/uploads\/2023\/12\/800.jpg 800w, https:\/\/ttemsa.com\/industria\/wp-content\/uploads\/2023\/12\/800-300x194.jpg 300w, https:\/\/ttemsa.com\/industria\/wp-content\/uploads\/2023\/12\/800-768x496.jpg 768w\" sizes=\"auto, (max-width: 800px) 100vw, 800px\" \/><\/figure>\n<\/div>\n\n<div class=\"wp-block-image\">\n<figure class=\"alignleft size-large is-resized\"><img loading=\"lazy\" decoding=\"async\" width=\"1024\" height=\"673\" src=\"https:\/\/ttemsa.com\/industria\/wp-content\/uploads\/2023\/12\/2563-1024x673.jpg\" alt=\"\" class=\"wp-image-791\" style=\"width:309px;height:auto\" srcset=\"https:\/\/ttemsa.com\/industria\/wp-content\/uploads\/2023\/12\/2563-1024x673.jpg 1024w, https:\/\/ttemsa.com\/industria\/wp-content\/uploads\/2023\/12\/2563-300x197.jpg 300w, https:\/\/ttemsa.com\/industria\/wp-content\/uploads\/2023\/12\/2563-768x505.jpg 768w, https:\/\/ttemsa.com\/industria\/wp-content\/uploads\/2023\/12\/2563.jpg 1202w\" sizes=\"auto, (max-width: 1024px) 100vw, 1024px\" \/><\/figure>\n<\/div>\n\n\n<ul class=\"wp-block-list\">\n<li>Rehabilitador de Rollos y Simult\u00e1neamente coloca la flecha.<\/li>\n\n\n\n<li>Instala la Flecha mientras Rehabilita el rollo.<\/li>\n\n\n\n<li>Permite hacer dos trabajos a la vez.<\/li>\n\n\n\n<li>Ahorra tiempo.<\/li>\n\n\n\n<li>Adaptable a todo tipo de flechas.<\/li>\n\n\n\n<li>F\u00e1cil de operar.<\/li>\n<\/ul>\n\n\n\n<h1 class=\"wp-block-heading has-text-align-center\"><strong>\u00a0\u00a0<\/strong><\/h1>\n\n\n\n<hr class=\"wp-block-separator aligncenter has-alpha-channel-opacity\"\/>\n\n\n\n<h1 class=\"wp-block-heading has-text-align-center\"><strong>\u00bfRollos grandes da\u00f1ados?<\/strong> <\/h1>\n\n\n\n<h1 class=\"wp-block-heading has-text-align-center\">\u00a1<strong>No es Problema<\/strong>!<\/h1>\n\n\n\n<p>Grandes rollos da\u00f1ados del di\u00e1metro interior es capas de manejar un amplio rango de tama\u00f1os de tubos de cart\u00f3n, pudiendo ayudar a sus necesidades en particular, ll\u00e1menos<\/p>\n\n\n\n<p>Transforme Rollos No-Usables en Inventario Productivo<\/p>\n\n\n\n<p>*Restaurador de Rollos en Planta<\/p>\n\n\n\n<p>*Rahabilite Rollos Inservibles<\/p>\n\n\n\n<hr class=\"wp-block-separator has-alpha-channel-opacity\"\/>\n\n\n\n<p class=\"has-large-font-size\"><strong>Calidad y Confiabilidad<\/strong><\/p>\n\n\n<div class=\"wp-block-image\">\n<figure class=\"alignright size-full is-resized\"><img loading=\"lazy\" decoding=\"async\" width=\"301\" height=\"200\" src=\"https:\/\/ttemsa.com\/industria\/wp-content\/uploads\/2023\/12\/525362-1.jpg\" alt=\"\" class=\"wp-image-792\" style=\"width:469px;height:auto\"\/><\/figure>\n<\/div>\n\n\n<p>El restaurador de Rollos ha sido dise\u00f1ado para salvar rollos aplastados de papel pel\u00edcula, foil, y otros materiales este dispositivo \u00fanico transportable para reparar sus rollos aplastados. La unidad consiste de una bomba operada por aire que mueve una bomba hidr\u00e1ulica hasta 20 toneladas con una cabeza expansible ensamblada a una barra de 1\u201d de di\u00e1metro de acero de aviaci\u00f3n y a un carro que soporta este equipo. La cabeza expandible y una brida adaptadora puede agregarse a cada tubo de cart\u00f3n si es requerido dos tama\u00f1os de unidades est\u00e1n disponibles, el modelo est\u00e1ndar<strong>&nbsp;para tubos de cart\u00f3n de 2 a 8 pulg. de di\u00e1metro interior del tubo de cart\u00f3n y el de trabajo severo para tubos de cart\u00f3n de 2 pulg. A 12 pulg. de di\u00e1metro interior.<\/strong><\/p>\n\n\n<div class=\"wp-block-image\">\n<figure class=\"alignleft size-full is-resized\"><img loading=\"lazy\" decoding=\"async\" width=\"250\" height=\"223\" src=\"https:\/\/ttemsa.com\/industria\/wp-content\/uploads\/2023\/12\/t2w3.png\" alt=\"\" class=\"wp-image-793\" style=\"width:358px;height:auto\"\/><\/figure>\n<\/div>\n\n\n<p><\/p>\n\n\n\n<p><\/p>\n\n\n\n<p><strong>TOTALMENTE MOVIBLE<\/strong><\/p>\n\n\n\n<p><strong>*Puede transportarse de un lugar a otro.<\/strong><\/p>\n\n\n\n<p><strong>*Todos los componentes necesarios est\u00e1n en el carro movible.<\/strong><\/p>\n\n\n\n<p><strong>* Se almacena en un peque\u00f1o espacio<\/strong><\/p>\n\n\n\n<p><strong>* No esta limitado a rehabilitar los extremos<\/strong><\/p>\n\n\n\n<figure class=\"wp-block-image size-full\"><img loading=\"lazy\" decoding=\"async\" width=\"894\" height=\"518\" src=\"https:\/\/ttemsa.com\/industria\/wp-content\/uploads\/2023\/12\/tidlane.jpg\" alt=\"\" class=\"wp-image-794\" srcset=\"https:\/\/ttemsa.com\/industria\/wp-content\/uploads\/2023\/12\/tidlane.jpg 894w, https:\/\/ttemsa.com\/industria\/wp-content\/uploads\/2023\/12\/tidlane-300x174.jpg 300w, https:\/\/ttemsa.com\/industria\/wp-content\/uploads\/2023\/12\/tidlane-768x445.jpg 768w\" sizes=\"auto, (max-width: 894px) 100vw, 894px\" \/><figcaption class=\"wp-element-caption\"><strong>Restaurador de Tubos de Cart\u00f3n Colapsados<\/strong><\/figcaption><\/figure>\n\n\n\n<figure class=\"wp-block-embed aligncenter is-type-video is-provider-youtube wp-block-embed-youtube wp-embed-aspect-4-3 wp-has-aspect-ratio\"><div class=\"wp-block-embed__wrapper\">\n<iframe loading=\"lazy\" title=\"Servicing Tidland Raptor Series Air Powered Chucks\" width=\"500\" height=\"375\" src=\"https:\/\/www.youtube.com\/embed\/JfRUJHOSE-U?start=1&#038;feature=oembed\" frameborder=\"0\" allow=\"accelerometer; autoplay; clipboard-write; encrypted-media; gyroscope; picture-in-picture; web-share\" referrerpolicy=\"strict-origin-when-cross-origin\" allowfullscreen><\/iframe>\n<\/div><\/figure>\n\n\n\n<hr class=\"wp-block-separator has-alpha-channel-opacity\"\/>\n","protected":false},"excerpt":{"rendered":"<p>Restaurador de Rollos \/&nbsp;Restaurador de centros de tubo de cart\u00f3n Raptor series torque Chuck \u00a0\u00a0 \u00bfRollos grandes da\u00f1ados? \u00a1No es Problema! Grandes rollos da\u00f1ados del di\u00e1metro interior es capas de manejar un amplio rango de tama\u00f1os de tubos de cart\u00f3n, pudiendo ayudar a sus necesidades en particular, ll\u00e1menos Transforme Rollos No-Usables en Inventario Productivo *Restaurador [&hellip;]<\/p>\n","protected":false},"author":1,"featured_media":0,"parent":302,"menu_order":0,"comment_status":"closed","ping_status":"closed","template":"","meta":{"content-type":"","footnotes":""},"categories":[16],"tags":[],"class_list":["post-1613","page","type-page","status-publish","hentry","category-tidland"],"yoast_head":"<!-- This site is optimized with the Yoast SEO plugin v26.6 - https:\/\/yoast.com\/wordpress\/plugins\/seo\/ -->\n<title>Restaurador de Rollos - industria-de-la-conversion.ttemsa<\/title>\n<meta name=\"description\" content=\"Restaurador de Rollos \/ Restaurador de centros de tubo de cart\u00f3n\" \/>\n<meta name=\"robots\" content=\"index, follow, max-snippet:-1, max-image-preview:large, max-video-preview:-1\" \/>\n<link rel=\"canonical\" href=\"https:\/\/ttemsa.com\/industria\/index.php\/tidland\/restaurador-de-cores\/\" \/>\n<meta property=\"og:locale\" content=\"es_MX\" \/>\n<meta property=\"og:type\" content=\"article\" \/>\n<meta property=\"og:title\" content=\"Restaurador de Rollos \/ Restaurador de centros de tubo de cart\u00f3n Ahorra Tiempo y Dinero Restaurando Rollos Colapsados.\" \/>\n<meta property=\"og:description\" content=\"En ttemsa ofrecemos Soluciones. Solicite + info Tel\u00e9fonos: + 52 (55) 5352-0191 5352-1301 5352-6070 5352-0593\" \/>\n<meta property=\"og:url\" content=\"https:\/\/ttemsa.com\/industria\/index.php\/tidland\/restaurador-de-cores\/\" \/>\n<meta property=\"og:site_name\" content=\"industria-de-la-conversion.ttemsa\" \/>\n<meta property=\"article:modified_time\" content=\"2024-09-10T12:48:25+00:00\" \/>\n<meta property=\"og:image\" content=\"https:\/\/ttemsa.com\/industria\/wp-content\/uploads\/2023\/12\/t2w3.png\" \/>\n\t<meta property=\"og:image:width\" content=\"250\" \/>\n\t<meta property=\"og:image:height\" content=\"223\" \/>\n\t<meta property=\"og:image:type\" content=\"image\/png\" \/>\n<meta name=\"twitter:card\" content=\"summary_large_image\" \/>\n<meta name=\"twitter:label1\" content=\"Tiempo de lectura\" \/>\n\t<meta name=\"twitter:data1\" content=\"3 minutos\" \/>\n<script type=\"application\/ld+json\" class=\"yoast-schema-graph\">{\"@context\":\"https:\/\/schema.org\",\"@graph\":[{\"@type\":\"WebPage\",\"@id\":\"https:\/\/ttemsa.com\/industria\/index.php\/tidland\/restaurador-de-cores\/\",\"url\":\"https:\/\/ttemsa.com\/industria\/index.php\/tidland\/restaurador-de-cores\/\",\"name\":\"Restaurador de Rollos - industria-de-la-conversion.ttemsa\",\"isPartOf\":{\"@id\":\"https:\/\/ttemsa.com\/industria\/#website\"},\"primaryImageOfPage\":{\"@id\":\"https:\/\/ttemsa.com\/industria\/index.php\/tidland\/restaurador-de-cores\/#primaryimage\"},\"image\":{\"@id\":\"https:\/\/ttemsa.com\/industria\/index.php\/tidland\/restaurador-de-cores\/#primaryimage\"},\"thumbnailUrl\":\"https:\/\/ttemsa.com\/industria\/wp-content\/uploads\/2023\/12\/525362-1.jpg\",\"datePublished\":\"2024-03-01T20:40:03+00:00\",\"dateModified\":\"2024-09-10T12:48:25+00:00\",\"description\":\"Restaurador de Rollos \/ Restaurador de centros de tubo de cart\u00f3n\",\"breadcrumb\":{\"@id\":\"https:\/\/ttemsa.com\/industria\/index.php\/tidland\/restaurador-de-cores\/#breadcrumb\"},\"inLanguage\":\"es\",\"potentialAction\":[{\"@type\":\"ReadAction\",\"target\":[\"https:\/\/ttemsa.com\/industria\/index.php\/tidland\/restaurador-de-cores\/\"]}]},{\"@type\":\"ImageObject\",\"inLanguage\":\"es\",\"@id\":\"https:\/\/ttemsa.com\/industria\/index.php\/tidland\/restaurador-de-cores\/#primaryimage\",\"url\":\"https:\/\/ttemsa.com\/industria\/wp-content\/uploads\/2023\/12\/525362-1.jpg\",\"contentUrl\":\"https:\/\/ttemsa.com\/industria\/wp-content\/uploads\/2023\/12\/525362-1.jpg\",\"width\":301,\"height\":200},{\"@type\":\"BreadcrumbList\",\"@id\":\"https:\/\/ttemsa.com\/industria\/index.php\/tidland\/restaurador-de-cores\/#breadcrumb\",\"itemListElement\":[{\"@type\":\"ListItem\",\"position\":1,\"name\":\"Inicio\",\"item\":\"https:\/\/ttemsa.com\/industria\/\"},{\"@type\":\"ListItem\",\"position\":2,\"name\":\"TIDLAND\",\"item\":\"https:\/\/ttemsa.com\/industria\/index.php\/tidland\/\"},{\"@type\":\"ListItem\",\"position\":3,\"name\":\"Restaurador de Rollos\"}]},{\"@type\":\"WebSite\",\"@id\":\"https:\/\/ttemsa.com\/industria\/#website\",\"url\":\"https:\/\/ttemsa.com\/industria\/\",\"name\":\"industria-de-la-conversion.ttemsa\",\"description\":\"Designed Dianalacazadora.com\",\"alternateName\":\"ttemsa l\u00edderes en la industria de la conversi\u00f3n\",\"potentialAction\":[{\"@type\":\"SearchAction\",\"target\":{\"@type\":\"EntryPoint\",\"urlTemplate\":\"https:\/\/ttemsa.com\/industria\/?s={search_term_string}\"},\"query-input\":{\"@type\":\"PropertyValueSpecification\",\"valueRequired\":true,\"valueName\":\"search_term_string\"}}],\"inLanguage\":\"es\"}]}<\/script>\n<!-- \/ Yoast SEO plugin. -->","yoast_head_json":{"title":"Restaurador de Rollos - industria-de-la-conversion.ttemsa","description":"Restaurador de Rollos \/ Restaurador de centros de tubo de cart\u00f3n","robots":{"index":"index","follow":"follow","max-snippet":"max-snippet:-1","max-image-preview":"max-image-preview:large","max-video-preview":"max-video-preview:-1"},"canonical":"https:\/\/ttemsa.com\/industria\/index.php\/tidland\/restaurador-de-cores\/","og_locale":"es_MX","og_type":"article","og_title":"Restaurador de Rollos \/ Restaurador de centros de tubo de cart\u00f3n Ahorra Tiempo y Dinero Restaurando Rollos Colapsados.","og_description":"En ttemsa ofrecemos Soluciones. Solicite + info Tel\u00e9fonos: + 52 (55) 5352-0191 5352-1301 5352-6070 5352-0593","og_url":"https:\/\/ttemsa.com\/industria\/index.php\/tidland\/restaurador-de-cores\/","og_site_name":"industria-de-la-conversion.ttemsa","article_modified_time":"2024-09-10T12:48:25+00:00","og_image":[{"width":250,"height":223,"url":"https:\/\/ttemsa.com\/industria\/wp-content\/uploads\/2023\/12\/t2w3.png","type":"image\/png"}],"twitter_card":"summary_large_image","twitter_misc":{"Tiempo de lectura":"3 minutos"},"schema":{"@context":"https:\/\/schema.org","@graph":[{"@type":"WebPage","@id":"https:\/\/ttemsa.com\/industria\/index.php\/tidland\/restaurador-de-cores\/","url":"https:\/\/ttemsa.com\/industria\/index.php\/tidland\/restaurador-de-cores\/","name":"Restaurador de Rollos - industria-de-la-conversion.ttemsa","isPartOf":{"@id":"https:\/\/ttemsa.com\/industria\/#website"},"primaryImageOfPage":{"@id":"https:\/\/ttemsa.com\/industria\/index.php\/tidland\/restaurador-de-cores\/#primaryimage"},"image":{"@id":"https:\/\/ttemsa.com\/industria\/index.php\/tidland\/restaurador-de-cores\/#primaryimage"},"thumbnailUrl":"https:\/\/ttemsa.com\/industria\/wp-content\/uploads\/2023\/12\/525362-1.jpg","datePublished":"2024-03-01T20:40:03+00:00","dateModified":"2024-09-10T12:48:25+00:00","description":"Restaurador de Rollos \/ Restaurador de centros de tubo de cart\u00f3n","breadcrumb":{"@id":"https:\/\/ttemsa.com\/industria\/index.php\/tidland\/restaurador-de-cores\/#breadcrumb"},"inLanguage":"es","potentialAction":[{"@type":"ReadAction","target":["https:\/\/ttemsa.com\/industria\/index.php\/tidland\/restaurador-de-cores\/"]}]},{"@type":"ImageObject","inLanguage":"es","@id":"https:\/\/ttemsa.com\/industria\/index.php\/tidland\/restaurador-de-cores\/#primaryimage","url":"https:\/\/ttemsa.com\/industria\/wp-content\/uploads\/2023\/12\/525362-1.jpg","contentUrl":"https:\/\/ttemsa.com\/industria\/wp-content\/uploads\/2023\/12\/525362-1.jpg","width":301,"height":200},{"@type":"BreadcrumbList","@id":"https:\/\/ttemsa.com\/industria\/index.php\/tidland\/restaurador-de-cores\/#breadcrumb","itemListElement":[{"@type":"ListItem","position":1,"name":"Inicio","item":"https:\/\/ttemsa.com\/industria\/"},{"@type":"ListItem","position":2,"name":"TIDLAND","item":"https:\/\/ttemsa.com\/industria\/index.php\/tidland\/"},{"@type":"ListItem","position":3,"name":"Restaurador de Rollos"}]},{"@type":"WebSite","@id":"https:\/\/ttemsa.com\/industria\/#website","url":"https:\/\/ttemsa.com\/industria\/","name":"industria-de-la-conversion.ttemsa","description":"Designed Dianalacazadora.com","alternateName":"ttemsa l\u00edderes en la industria de la conversi\u00f3n","potentialAction":[{"@type":"SearchAction","target":{"@type":"EntryPoint","urlTemplate":"https:\/\/ttemsa.com\/industria\/?s={search_term_string}"},"query-input":{"@type":"PropertyValueSpecification","valueRequired":true,"valueName":"search_term_string"}}],"inLanguage":"es"}]}},"_links":{"self":[{"href":"https:\/\/ttemsa.com\/industria\/index.php\/wp-json\/wp\/v2\/pages\/1613","targetHints":{"allow":["GET"]}}],"collection":[{"href":"https:\/\/ttemsa.com\/industria\/index.php\/wp-json\/wp\/v2\/pages"}],"about":[{"href":"https:\/\/ttemsa.com\/industria\/index.php\/wp-json\/wp\/v2\/types\/page"}],"author":[{"embeddable":true,"href":"https:\/\/ttemsa.com\/industria\/index.php\/wp-json\/wp\/v2\/users\/1"}],"replies":[{"embeddable":true,"href":"https:\/\/ttemsa.com\/industria\/index.php\/wp-json\/wp\/v2\/comments?post=1613"}],"version-history":[{"count":15,"href":"https:\/\/ttemsa.com\/industria\/index.php\/wp-json\/wp\/v2\/pages\/1613\/revisions"}],"predecessor-version":[{"id":3210,"href":"https:\/\/ttemsa.com\/industria\/index.php\/wp-json\/wp\/v2\/pages\/1613\/revisions\/3210"}],"up":[{"embeddable":true,"href":"https:\/\/ttemsa.com\/industria\/index.php\/wp-json\/wp\/v2\/pages\/302"}],"wp:attachment":[{"href":"https:\/\/ttemsa.com\/industria\/index.php\/wp-json\/wp\/v2\/media?parent=1613"}],"wp:term":[{"taxonomy":"category","embeddable":true,"href":"https:\/\/ttemsa.com\/industria\/index.php\/wp-json\/wp\/v2\/categories?post=1613"},{"taxonomy":"post_tag","embeddable":true,"href":"https:\/\/ttemsa.com\/industria\/index.php\/wp-json\/wp\/v2\/tags?post=1613"}],"curies":[{"name":"wp","href":"https:\/\/api.w.org\/{rel}","templated":true}]}}