{"id":1615,"date":"2024-03-01T20:40:32","date_gmt":"2024-03-01T20:40:32","guid":{"rendered":"https:\/\/ttemsa.com\/industria\/index.php\/tidland\/tidland-copy-copy-copy-6\/"},"modified":"2024-09-11T01:00:04","modified_gmt":"2024-09-11T01:00:04","slug":"245-chucks-de-aire","status":"publish","type":"page","link":"https:\/\/ttemsa.com\/industria\/index.php\/tidland\/49-rest-tvbos\/245-chucks-de-aire\/","title":{"rendered":"Chucks de aire &#8211; Mandriles expansibles, Neum\u00e1ticos, inflables"},"content":{"rendered":"<div class=\"wp-block-image\">\n<figure class=\"aligncenter size-full is-resized\"><img loading=\"lazy\" decoding=\"async\" width=\"1800\" height=\"1519\" src=\"https:\/\/ttemsa.com\/industria\/wp-content\/uploads\/2023\/12\/AirChucks_large_web.jpg\" alt=\"\" class=\"wp-image-745\" style=\"width:716px;height:auto\" srcset=\"https:\/\/ttemsa.com\/industria\/wp-content\/uploads\/2023\/12\/AirChucks_large_web.jpg 1800w, https:\/\/ttemsa.com\/industria\/wp-content\/uploads\/2023\/12\/AirChucks_large_web-300x253.jpg 300w, https:\/\/ttemsa.com\/industria\/wp-content\/uploads\/2023\/12\/AirChucks_large_web-1024x864.jpg 1024w, https:\/\/ttemsa.com\/industria\/wp-content\/uploads\/2023\/12\/AirChucks_large_web-768x648.jpg 768w, https:\/\/ttemsa.com\/industria\/wp-content\/uploads\/2023\/12\/AirChucks_large_web-1536x1296.jpg 1536w\" sizes=\"auto, (max-width: 1800px) 100vw, 1800px\" \/><figcaption class=\"wp-element-caption\"><strong>Mandriles expansibles, Neum\u00e1ticos, inflables<\/strong><\/figcaption><\/figure>\n<\/div>\n\n<div class=\"wp-block-image\">\n<figure class=\"aligncenter size-full is-resized\"><img loading=\"lazy\" decoding=\"async\" width=\"280\" height=\"165\" src=\"https:\/\/ttemsa.com\/industria\/wp-content\/uploads\/2023\/12\/TidlandRoll-Saver2.png\" alt=\"\" class=\"wp-image-519\" style=\"width:254px;height:auto\"\/><\/figure>\n<\/div>\n\n<div class=\"wp-block-image\">\n<figure class=\"alignright size-full is-resized\"><img loading=\"lazy\" decoding=\"async\" width=\"379\" height=\"33\" src=\"https:\/\/ttemsa.com\/industria\/wp-content\/uploads\/2023\/12\/Chucksimage002.png\" alt=\"\" class=\"wp-image-744\" style=\"width:438px;height:auto\" srcset=\"https:\/\/ttemsa.com\/industria\/wp-content\/uploads\/2023\/12\/Chucksimage002.png 379w, https:\/\/ttemsa.com\/industria\/wp-content\/uploads\/2023\/12\/Chucksimage002-300x26.png 300w\" sizes=\"auto, (max-width: 379px) 100vw, 379px\" \/><\/figure>\n<\/div>\n\n\n<p><\/p>\n\n\n<div class=\"wp-block-image\">\n<figure class=\"alignleft size-full is-resized\"><img loading=\"lazy\" decoding=\"async\" width=\"154\" height=\"89\" src=\"https:\/\/ttemsa.com\/industria\/wp-content\/uploads\/2023\/12\/Chucksimage008.png\" alt=\"\" class=\"wp-image-746\" style=\"width:316px;height:auto\"\/><\/figure>\n<\/div>\n\n\n<p>Estos<strong>&nbsp;Chucks (Mandriles)<\/strong>&nbsp;Neum\u00e1ticos robustos de alto par han establecido una reputaci\u00f3n de agarre fiable y antideslizante que proporciona el m\u00e1ximo control de balanceo y permite el funcionamiento de las m\u00e1quinas a m\u00e1xima velocidad.<\/p>\n\n\n\n<p>Los chucks neum\u00e1ticos sujetan gran parte del \u00e1rea de la pared interna del core, con una presi\u00f3n firme y uniforme que impide el deslizamiento y aumenta la vida \u00fatil del core.&nbsp;<\/p>\n\n\n\n<p><\/p>\n\n\n\n<hr class=\"wp-block-separator has-alpha-channel-opacity\"\/>\n\n\n\n<p><\/p>\n\n\n\n<figure class=\"wp-block-image size-full\"><img loading=\"lazy\" decoding=\"async\" width=\"220\" height=\"51\" src=\"https:\/\/ttemsa.com\/industria\/wp-content\/uploads\/2024\/09\/image.png\" alt=\"Esta imagen tiene un atributo ALT vac\u00edo; su nombre de archivo es Captura-de-pantalla-2023-12-24-a-las-9.11.02-a.m.png\" class=\"wp-image-3648\"\/><\/figure>\n\n\n\n<figure class=\"wp-block-image size-full\"><img loading=\"lazy\" decoding=\"async\" width=\"353\" height=\"78\" src=\"https:\/\/ttemsa.com\/industria\/wp-content\/uploads\/2023\/12\/Chucksimage013.png\" alt=\"\" class=\"wp-image-749\" srcset=\"https:\/\/ttemsa.com\/industria\/wp-content\/uploads\/2023\/12\/Chucksimage013.png 353w, https:\/\/ttemsa.com\/industria\/wp-content\/uploads\/2023\/12\/Chucksimage013-300x66.png 300w\" sizes=\"auto, (max-width: 353px) 100vw, 353px\" \/><\/figure>\n\n\n\n<p>Los chucks neum\u00e1ticos Tidland tambi\u00e9n se pueden montar sobre un eje para crear una flecha de chuck ligero.<\/p>\n\n\n\n<p>Con una manguera de interconexi\u00f3n, usted tiene una sola entrada de aire para facilitar el inflado y desinflado.<\/p>\n\n\n\n<p>Nuestro popular chuck neum\u00e1tico de peso ligero Force5 se muestra en la figura superior montado en un eje de fibra de carbono, creando una soluci\u00f3n de flecha ligera, pero al mismo tiempo muy fuerte para una variedad de aplicaciones.<\/p>\n\n\n\n<figure class=\"wp-block-table is-style-stripes\"><table class=\"has-fixed-layout\"><tbody><tr><td><strong>Especificaciones<\/strong><\/td><\/tr><tr><td><strong>TAMA\u00d1O<\/strong><br>DI del Core: De 76 a 305 mm (3 a 12 pulgadas)<br>Longitud Total: De 251 a 238 mm (9.88 a 9.38 pulgadas)<br>Di\u00e1metro M\u00e1ximo: De 38 a 184 mm (1.50 a 7.25 pulgadas)<br>Cuadrado M\u00e1ximo: De 32 a 130 mm (1.25 a 5.13 pulgadas)<br><strong>CAPACIDAD DE TORQUE (A 5.5 BAR \/ 80 PSI)<\/strong><br>De 271 a 2337 Nm (2,400 a 20,684 lb-pulg)<br><strong>PESO<\/strong><\/td><\/tr><\/tbody><\/table><\/figure>\n\n\n\n<p><\/p>\n","protected":false},"excerpt":{"rendered":"<p>Estos&nbsp;Chucks (Mandriles)&nbsp;Neum\u00e1ticos robustos de alto par han establecido una reputaci\u00f3n de agarre fiable y antideslizante que proporciona el m\u00e1ximo control de balanceo y permite el funcionamiento de las m\u00e1quinas a m\u00e1xima velocidad. Los chucks neum\u00e1ticos sujetan gran parte del \u00e1rea de la pared interna del core, con una presi\u00f3n firme y uniforme que impide el [&hellip;]<\/p>\n","protected":false},"author":1,"featured_media":0,"parent":3652,"menu_order":0,"comment_status":"closed","ping_status":"closed","template":"","meta":{"content-type":"","footnotes":""},"categories":[16],"tags":[],"class_list":["post-1615","page","type-page","status-publish","hentry","category-tidland"],"yoast_head":"<!-- This site is optimized with the Yoast SEO plugin v26.6 - https:\/\/yoast.com\/wordpress\/plugins\/seo\/ -->\n<title>Chucks de aire - Mandriles expansibles, Neum\u00e1ticos, inflables - industria-de-la-conversion.ttemsa<\/title>\n<meta name=\"description\" content=\"Chucks de aire, Mandriles expansibles, Neum\u00e1ticos, inflables, robustos de alto par han establecido una reputaci\u00f3n de agarre fiable y antideslizante que proporciona el m\u00e1ximo control de balanceo y permite el funcionamiento de las m\u00e1quinas a m\u00e1xima velocidad.\" \/>\n<meta name=\"robots\" content=\"index, follow, max-snippet:-1, max-image-preview:large, max-video-preview:-1\" \/>\n<link rel=\"canonical\" href=\"https:\/\/ttemsa.com\/industria\/index.php\/tidland\/49-rest-tvbos\/245-chucks-de-aire\/\" \/>\n<meta property=\"og:locale\" content=\"es_MX\" \/>\n<meta property=\"og:type\" content=\"article\" \/>\n<meta property=\"og:title\" content=\"Chucks de aire, Mandriles expansibles, Neum\u00e1ticos, inflables,\" \/>\n<meta property=\"og:description\" content=\"En ttemsa ofrecemos Soluciones. Solicite + info Tel\u00e9fonos: + 52 (55) 5352-0191 5352-1301 5352-6070 5352-0593\" \/>\n<meta property=\"og:url\" content=\"https:\/\/ttemsa.com\/industria\/index.php\/tidland\/49-rest-tvbos\/245-chucks-de-aire\/\" \/>\n<meta property=\"og:site_name\" content=\"industria-de-la-conversion.ttemsa\" \/>\n<meta property=\"article:modified_time\" content=\"2024-09-11T01:00:04+00:00\" \/>\n<meta property=\"og:image\" content=\"https:\/\/ttemsa.com\/industria\/wp-content\/uploads\/2023\/12\/AirChucks_large_web.jpg\" \/>\n\t<meta property=\"og:image:width\" content=\"1800\" \/>\n\t<meta property=\"og:image:height\" content=\"1519\" \/>\n\t<meta property=\"og:image:type\" content=\"image\/jpeg\" \/>\n<meta name=\"twitter:card\" content=\"summary_large_image\" \/>\n<meta name=\"twitter:label1\" content=\"Tiempo de lectura\" \/>\n\t<meta name=\"twitter:data1\" content=\"3 minutos\" \/>\n<script type=\"application\/ld+json\" class=\"yoast-schema-graph\">{\"@context\":\"https:\/\/schema.org\",\"@graph\":[{\"@type\":\"WebPage\",\"@id\":\"https:\/\/ttemsa.com\/industria\/index.php\/tidland\/49-rest-tvbos\/245-chucks-de-aire\/\",\"url\":\"https:\/\/ttemsa.com\/industria\/index.php\/tidland\/49-rest-tvbos\/245-chucks-de-aire\/\",\"name\":\"Chucks de aire - Mandriles expansibles, Neum\u00e1ticos, inflables - industria-de-la-conversion.ttemsa\",\"isPartOf\":{\"@id\":\"https:\/\/ttemsa.com\/industria\/#website\"},\"primaryImageOfPage\":{\"@id\":\"https:\/\/ttemsa.com\/industria\/index.php\/tidland\/49-rest-tvbos\/245-chucks-de-aire\/#primaryimage\"},\"image\":{\"@id\":\"https:\/\/ttemsa.com\/industria\/index.php\/tidland\/49-rest-tvbos\/245-chucks-de-aire\/#primaryimage\"},\"thumbnailUrl\":\"https:\/\/ttemsa.com\/industria\/wp-content\/uploads\/2023\/12\/AirChucks_large_web.jpg\",\"datePublished\":\"2024-03-01T20:40:32+00:00\",\"dateModified\":\"2024-09-11T01:00:04+00:00\",\"description\":\"Chucks de aire, Mandriles expansibles, Neum\u00e1ticos, inflables, robustos de alto par han establecido una reputaci\u00f3n de agarre fiable y antideslizante que proporciona el m\u00e1ximo control de balanceo y permite el funcionamiento de las m\u00e1quinas a m\u00e1xima velocidad.\",\"breadcrumb\":{\"@id\":\"https:\/\/ttemsa.com\/industria\/index.php\/tidland\/49-rest-tvbos\/245-chucks-de-aire\/#breadcrumb\"},\"inLanguage\":\"es\",\"potentialAction\":[{\"@type\":\"ReadAction\",\"target\":[\"https:\/\/ttemsa.com\/industria\/index.php\/tidland\/49-rest-tvbos\/245-chucks-de-aire\/\"]}]},{\"@type\":\"ImageObject\",\"inLanguage\":\"es\",\"@id\":\"https:\/\/ttemsa.com\/industria\/index.php\/tidland\/49-rest-tvbos\/245-chucks-de-aire\/#primaryimage\",\"url\":\"https:\/\/ttemsa.com\/industria\/wp-content\/uploads\/2023\/12\/AirChucks_large_web.jpg\",\"contentUrl\":\"https:\/\/ttemsa.com\/industria\/wp-content\/uploads\/2023\/12\/AirChucks_large_web.jpg\",\"width\":1800,\"height\":1519},{\"@type\":\"BreadcrumbList\",\"@id\":\"https:\/\/ttemsa.com\/industria\/index.php\/tidland\/49-rest-tvbos\/245-chucks-de-aire\/#breadcrumb\",\"itemListElement\":[{\"@type\":\"ListItem\",\"position\":1,\"name\":\"Inicio\",\"item\":\"https:\/\/ttemsa.com\/industria\/\"},{\"@type\":\"ListItem\",\"position\":2,\"name\":\"TIDLAND\",\"item\":\"https:\/\/ttemsa.com\/industria\/index.php\/tidland\/\"},{\"@type\":\"ListItem\",\"position\":3,\"name\":\"49-restaurador de tubos\",\"item\":\"https:\/\/ttemsa.com\/industria\/index.php\/tidland\/49-rest-tvbos\/\"},{\"@type\":\"ListItem\",\"position\":4,\"name\":\"Chucks de aire &#8211; Mandriles expansibles, Neum\u00e1ticos, inflables\"}]},{\"@type\":\"WebSite\",\"@id\":\"https:\/\/ttemsa.com\/industria\/#website\",\"url\":\"https:\/\/ttemsa.com\/industria\/\",\"name\":\"industria-de-la-conversion.ttemsa\",\"description\":\"Designed Dianalacazadora.com\",\"alternateName\":\"ttemsa l\u00edderes en la industria de la conversi\u00f3n\",\"potentialAction\":[{\"@type\":\"SearchAction\",\"target\":{\"@type\":\"EntryPoint\",\"urlTemplate\":\"https:\/\/ttemsa.com\/industria\/?s={search_term_string}\"},\"query-input\":{\"@type\":\"PropertyValueSpecification\",\"valueRequired\":true,\"valueName\":\"search_term_string\"}}],\"inLanguage\":\"es\"}]}<\/script>\n<!-- \/ Yoast SEO plugin. -->","yoast_head_json":{"title":"Chucks de aire - Mandriles expansibles, Neum\u00e1ticos, inflables - industria-de-la-conversion.ttemsa","description":"Chucks de aire, Mandriles expansibles, Neum\u00e1ticos, inflables, robustos de alto par han establecido una reputaci\u00f3n de agarre fiable y antideslizante que proporciona el m\u00e1ximo control de balanceo y permite el funcionamiento de las m\u00e1quinas a m\u00e1xima velocidad.","robots":{"index":"index","follow":"follow","max-snippet":"max-snippet:-1","max-image-preview":"max-image-preview:large","max-video-preview":"max-video-preview:-1"},"canonical":"https:\/\/ttemsa.com\/industria\/index.php\/tidland\/49-rest-tvbos\/245-chucks-de-aire\/","og_locale":"es_MX","og_type":"article","og_title":"Chucks de aire, Mandriles expansibles, Neum\u00e1ticos, inflables,","og_description":"En ttemsa ofrecemos Soluciones. Solicite + info Tel\u00e9fonos: + 52 (55) 5352-0191 5352-1301 5352-6070 5352-0593","og_url":"https:\/\/ttemsa.com\/industria\/index.php\/tidland\/49-rest-tvbos\/245-chucks-de-aire\/","og_site_name":"industria-de-la-conversion.ttemsa","article_modified_time":"2024-09-11T01:00:04+00:00","og_image":[{"width":1800,"height":1519,"url":"https:\/\/ttemsa.com\/industria\/wp-content\/uploads\/2023\/12\/AirChucks_large_web.jpg","type":"image\/jpeg"}],"twitter_card":"summary_large_image","twitter_misc":{"Tiempo de lectura":"3 minutos"},"schema":{"@context":"https:\/\/schema.org","@graph":[{"@type":"WebPage","@id":"https:\/\/ttemsa.com\/industria\/index.php\/tidland\/49-rest-tvbos\/245-chucks-de-aire\/","url":"https:\/\/ttemsa.com\/industria\/index.php\/tidland\/49-rest-tvbos\/245-chucks-de-aire\/","name":"Chucks de aire - Mandriles expansibles, Neum\u00e1ticos, inflables - industria-de-la-conversion.ttemsa","isPartOf":{"@id":"https:\/\/ttemsa.com\/industria\/#website"},"primaryImageOfPage":{"@id":"https:\/\/ttemsa.com\/industria\/index.php\/tidland\/49-rest-tvbos\/245-chucks-de-aire\/#primaryimage"},"image":{"@id":"https:\/\/ttemsa.com\/industria\/index.php\/tidland\/49-rest-tvbos\/245-chucks-de-aire\/#primaryimage"},"thumbnailUrl":"https:\/\/ttemsa.com\/industria\/wp-content\/uploads\/2023\/12\/AirChucks_large_web.jpg","datePublished":"2024-03-01T20:40:32+00:00","dateModified":"2024-09-11T01:00:04+00:00","description":"Chucks de aire, Mandriles expansibles, Neum\u00e1ticos, inflables, robustos de alto par han establecido una reputaci\u00f3n de agarre fiable y antideslizante que proporciona el m\u00e1ximo control de balanceo y permite el funcionamiento de las m\u00e1quinas a m\u00e1xima velocidad.","breadcrumb":{"@id":"https:\/\/ttemsa.com\/industria\/index.php\/tidland\/49-rest-tvbos\/245-chucks-de-aire\/#breadcrumb"},"inLanguage":"es","potentialAction":[{"@type":"ReadAction","target":["https:\/\/ttemsa.com\/industria\/index.php\/tidland\/49-rest-tvbos\/245-chucks-de-aire\/"]}]},{"@type":"ImageObject","inLanguage":"es","@id":"https:\/\/ttemsa.com\/industria\/index.php\/tidland\/49-rest-tvbos\/245-chucks-de-aire\/#primaryimage","url":"https:\/\/ttemsa.com\/industria\/wp-content\/uploads\/2023\/12\/AirChucks_large_web.jpg","contentUrl":"https:\/\/ttemsa.com\/industria\/wp-content\/uploads\/2023\/12\/AirChucks_large_web.jpg","width":1800,"height":1519},{"@type":"BreadcrumbList","@id":"https:\/\/ttemsa.com\/industria\/index.php\/tidland\/49-rest-tvbos\/245-chucks-de-aire\/#breadcrumb","itemListElement":[{"@type":"ListItem","position":1,"name":"Inicio","item":"https:\/\/ttemsa.com\/industria\/"},{"@type":"ListItem","position":2,"name":"TIDLAND","item":"https:\/\/ttemsa.com\/industria\/index.php\/tidland\/"},{"@type":"ListItem","position":3,"name":"49-restaurador de tubos","item":"https:\/\/ttemsa.com\/industria\/index.php\/tidland\/49-rest-tvbos\/"},{"@type":"ListItem","position":4,"name":"Chucks de aire &#8211; Mandriles expansibles, Neum\u00e1ticos, inflables"}]},{"@type":"WebSite","@id":"https:\/\/ttemsa.com\/industria\/#website","url":"https:\/\/ttemsa.com\/industria\/","name":"industria-de-la-conversion.ttemsa","description":"Designed Dianalacazadora.com","alternateName":"ttemsa l\u00edderes en la industria de la conversi\u00f3n","potentialAction":[{"@type":"SearchAction","target":{"@type":"EntryPoint","urlTemplate":"https:\/\/ttemsa.com\/industria\/?s={search_term_string}"},"query-input":{"@type":"PropertyValueSpecification","valueRequired":true,"valueName":"search_term_string"}}],"inLanguage":"es"}]}},"_links":{"self":[{"href":"https:\/\/ttemsa.com\/industria\/index.php\/wp-json\/wp\/v2\/pages\/1615","targetHints":{"allow":["GET"]}}],"collection":[{"href":"https:\/\/ttemsa.com\/industria\/index.php\/wp-json\/wp\/v2\/pages"}],"about":[{"href":"https:\/\/ttemsa.com\/industria\/index.php\/wp-json\/wp\/v2\/types\/page"}],"author":[{"embeddable":true,"href":"https:\/\/ttemsa.com\/industria\/index.php\/wp-json\/wp\/v2\/users\/1"}],"replies":[{"embeddable":true,"href":"https:\/\/ttemsa.com\/industria\/index.php\/wp-json\/wp\/v2\/comments?post=1615"}],"version-history":[{"count":10,"href":"https:\/\/ttemsa.com\/industria\/index.php\/wp-json\/wp\/v2\/pages\/1615\/revisions"}],"predecessor-version":[{"id":3649,"href":"https:\/\/ttemsa.com\/industria\/index.php\/wp-json\/wp\/v2\/pages\/1615\/revisions\/3649"}],"up":[{"embeddable":true,"href":"https:\/\/ttemsa.com\/industria\/index.php\/wp-json\/wp\/v2\/pages\/3652"}],"wp:attachment":[{"href":"https:\/\/ttemsa.com\/industria\/index.php\/wp-json\/wp\/v2\/media?parent=1615"}],"wp:term":[{"taxonomy":"category","embeddable":true,"href":"https:\/\/ttemsa.com\/industria\/index.php\/wp-json\/wp\/v2\/categories?post=1615"},{"taxonomy":"post_tag","embeddable":true,"href":"https:\/\/ttemsa.com\/industria\/index.php\/wp-json\/wp\/v2\/tags?post=1615"}],"curies":[{"name":"wp","href":"https:\/\/api.w.org\/{rel}","templated":true}]}}