{"id":1617,"date":"2024-03-01T20:40:43","date_gmt":"2024-03-01T20:40:43","guid":{"rendered":"https:\/\/ttemsa.com\/industria\/index.php\/tidland\/tidland-copy-copy-6\/"},"modified":"2024-09-10T12:43:32","modified_gmt":"2024-09-10T12:43:32","slug":"flechas-trapper","status":"publish","type":"page","link":"https:\/\/ttemsa.com\/industria\/index.php\/tidland\/flechas-neumaticas\/flechas-trapper\/","title":{"rendered":"Flechas Trapper"},"content":{"rendered":"<div class=\"wp-block-image\">\n<figure class=\"aligncenter size-full is-resized\"><img loading=\"lazy\" decoding=\"async\" width=\"312\" height=\"193\" src=\"https:\/\/ttemsa.com\/industria\/wp-content\/uploads\/2023\/12\/trapper.jpg\" alt=\"\" class=\"wp-image-610\" style=\"width:440px;height:auto\" srcset=\"https:\/\/ttemsa.com\/industria\/wp-content\/uploads\/2023\/12\/trapper.jpg 312w, https:\/\/ttemsa.com\/industria\/wp-content\/uploads\/2023\/12\/trapper-300x186.jpg 300w\" sizes=\"auto, (max-width: 312px) 100vw, 312px\" \/><\/figure>\n<\/div>\n\n<div class=\"wp-block-image\">\n<figure class=\"aligncenter size-full is-resized\"><img loading=\"lazy\" decoding=\"async\" width=\"280\" height=\"165\" src=\"https:\/\/ttemsa.com\/industria\/wp-content\/uploads\/2023\/12\/TidlandRoll-Saver2.png\" alt=\"\" class=\"wp-image-519\" style=\"width:229px;height:auto\"\/><\/figure>\n<\/div>\n\n<div class=\"wp-block-image\">\n<figure class=\"aligncenter size-full is-resized\"><img loading=\"lazy\" decoding=\"async\" width=\"2348\" height=\"974\" src=\"https:\/\/ttemsa.com\/industria\/wp-content\/uploads\/2023\/12\/scan.jpg\" alt=\"\" class=\"wp-image-612\" style=\"width:742px;height:auto\" srcset=\"https:\/\/ttemsa.com\/industria\/wp-content\/uploads\/2023\/12\/scan.jpg 2348w, https:\/\/ttemsa.com\/industria\/wp-content\/uploads\/2023\/12\/scan-300x124.jpg 300w, https:\/\/ttemsa.com\/industria\/wp-content\/uploads\/2023\/12\/scan-1024x425.jpg 1024w, https:\/\/ttemsa.com\/industria\/wp-content\/uploads\/2023\/12\/scan-768x319.jpg 768w, https:\/\/ttemsa.com\/industria\/wp-content\/uploads\/2023\/12\/scan-1536x637.jpg 1536w, https:\/\/ttemsa.com\/industria\/wp-content\/uploads\/2023\/12\/scan-2048x850.jpg 2048w\" sizes=\"auto, (max-width: 2348px) 100vw, 2348px\" \/><\/figure>\n<\/div>\n\n\n<p><\/p>\n","protected":false},"excerpt":{"rendered":"","protected":false},"author":1,"featured_media":0,"parent":1604,"menu_order":0,"comment_status":"closed","ping_status":"closed","template":"","meta":{"content-type":"","footnotes":""},"categories":[16],"tags":[],"class_list":["post-1617","page","type-page","status-publish","hentry","category-tidland"],"yoast_head":"<!-- This site is optimized with the Yoast SEO plugin v26.6 - https:\/\/yoast.com\/wordpress\/plugins\/seo\/ -->\n<title>Flechas Trapper - industria-de-la-conversion.ttemsa<\/title>\n<meta name=\"description\" content=\"Flechas Neum\u00e1ticas para Embobinado sin Tubo de Cart\u00f3n. Flechas TrapperUsado principalmente para embobinar rollos sin tubo de cart\u00f3n.\" \/>\n<meta name=\"robots\" content=\"index, follow, max-snippet:-1, max-image-preview:large, max-video-preview:-1\" \/>\n<link rel=\"canonical\" href=\"https:\/\/ttemsa.com\/industria\/index.php\/tidland\/flechas-neumaticas\/flechas-trapper\/\" \/>\n<meta property=\"og:locale\" content=\"es_MX\" \/>\n<meta property=\"og:type\" content=\"article\" \/>\n<meta property=\"og:title\" content=\"Flechas Neum\u00e1ticas para Embobinado sin Tubo de Cart\u00f3n. Flechas TrapperUsado principalmente para embobinar rollos sin tubo de cart\u00f3n.\" \/>\n<meta property=\"og:description\" content=\"En ttemsa ofrecemos Soluciones. Solicite + info Tel\u00e9fonos: + 52 (55) 5352-0191 5352-1301 5352-6070 5352-0593\" \/>\n<meta property=\"og:url\" content=\"https:\/\/ttemsa.com\/industria\/index.php\/tidland\/flechas-neumaticas\/flechas-trapper\/\" \/>\n<meta property=\"og:site_name\" content=\"industria-de-la-conversion.ttemsa\" \/>\n<meta property=\"article:modified_time\" content=\"2024-09-10T12:43:32+00:00\" \/>\n<meta property=\"og:image\" content=\"https:\/\/ttemsa.com\/industria\/wp-content\/uploads\/2023\/12\/scan.jpg\" \/>\n\t<meta property=\"og:image:width\" content=\"2348\" \/>\n\t<meta property=\"og:image:height\" content=\"974\" \/>\n\t<meta property=\"og:image:type\" content=\"image\/jpeg\" \/>\n<meta name=\"twitter:card\" content=\"summary_large_image\" \/>\n<meta name=\"twitter:label1\" content=\"Tiempo de lectura\" \/>\n\t<meta name=\"twitter:data1\" content=\"1 minuto\" \/>\n<script type=\"application\/ld+json\" class=\"yoast-schema-graph\">{\"@context\":\"https:\/\/schema.org\",\"@graph\":[{\"@type\":\"WebPage\",\"@id\":\"https:\/\/ttemsa.com\/industria\/index.php\/tidland\/flechas-neumaticas\/flechas-trapper\/\",\"url\":\"https:\/\/ttemsa.com\/industria\/index.php\/tidland\/flechas-neumaticas\/flechas-trapper\/\",\"name\":\"Flechas Trapper - industria-de-la-conversion.ttemsa\",\"isPartOf\":{\"@id\":\"https:\/\/ttemsa.com\/industria\/#website\"},\"primaryImageOfPage\":{\"@id\":\"https:\/\/ttemsa.com\/industria\/index.php\/tidland\/flechas-neumaticas\/flechas-trapper\/#primaryimage\"},\"image\":{\"@id\":\"https:\/\/ttemsa.com\/industria\/index.php\/tidland\/flechas-neumaticas\/flechas-trapper\/#primaryimage\"},\"thumbnailUrl\":\"https:\/\/ttemsa.com\/industria\/wp-content\/uploads\/2023\/12\/trapper.jpg\",\"datePublished\":\"2024-03-01T20:40:43+00:00\",\"dateModified\":\"2024-09-10T12:43:32+00:00\",\"description\":\"Flechas Neum\u00e1ticas para Embobinado sin Tubo de Cart\u00f3n. Flechas TrapperUsado principalmente para embobinar rollos sin tubo de cart\u00f3n.\",\"breadcrumb\":{\"@id\":\"https:\/\/ttemsa.com\/industria\/index.php\/tidland\/flechas-neumaticas\/flechas-trapper\/#breadcrumb\"},\"inLanguage\":\"es\",\"potentialAction\":[{\"@type\":\"ReadAction\",\"target\":[\"https:\/\/ttemsa.com\/industria\/index.php\/tidland\/flechas-neumaticas\/flechas-trapper\/\"]}]},{\"@type\":\"ImageObject\",\"inLanguage\":\"es\",\"@id\":\"https:\/\/ttemsa.com\/industria\/index.php\/tidland\/flechas-neumaticas\/flechas-trapper\/#primaryimage\",\"url\":\"https:\/\/ttemsa.com\/industria\/wp-content\/uploads\/2023\/12\/trapper.jpg\",\"contentUrl\":\"https:\/\/ttemsa.com\/industria\/wp-content\/uploads\/2023\/12\/trapper.jpg\",\"width\":312,\"height\":193},{\"@type\":\"BreadcrumbList\",\"@id\":\"https:\/\/ttemsa.com\/industria\/index.php\/tidland\/flechas-neumaticas\/flechas-trapper\/#breadcrumb\",\"itemListElement\":[{\"@type\":\"ListItem\",\"position\":1,\"name\":\"Inicio\",\"item\":\"https:\/\/ttemsa.com\/industria\/\"},{\"@type\":\"ListItem\",\"position\":2,\"name\":\"TIDLAND\",\"item\":\"https:\/\/ttemsa.com\/industria\/index.php\/tidland\/\"},{\"@type\":\"ListItem\",\"position\":3,\"name\":\"Flechas Neum\u00e1ticas\",\"item\":\"https:\/\/ttemsa.com\/industria\/index.php\/tidland\/flechas-neumaticas\/\"},{\"@type\":\"ListItem\",\"position\":4,\"name\":\"Flechas Trapper\"}]},{\"@type\":\"WebSite\",\"@id\":\"https:\/\/ttemsa.com\/industria\/#website\",\"url\":\"https:\/\/ttemsa.com\/industria\/\",\"name\":\"industria-de-la-conversion.ttemsa\",\"description\":\"Designed Dianalacazadora.com\",\"alternateName\":\"ttemsa l\u00edderes en la industria de la conversi\u00f3n\",\"potentialAction\":[{\"@type\":\"SearchAction\",\"target\":{\"@type\":\"EntryPoint\",\"urlTemplate\":\"https:\/\/ttemsa.com\/industria\/?s={search_term_string}\"},\"query-input\":{\"@type\":\"PropertyValueSpecification\",\"valueRequired\":true,\"valueName\":\"search_term_string\"}}],\"inLanguage\":\"es\"}]}<\/script>\n<!-- \/ Yoast SEO plugin. -->","yoast_head_json":{"title":"Flechas Trapper - industria-de-la-conversion.ttemsa","description":"Flechas Neum\u00e1ticas para Embobinado sin Tubo de Cart\u00f3n. Flechas TrapperUsado principalmente para embobinar rollos sin tubo de cart\u00f3n.","robots":{"index":"index","follow":"follow","max-snippet":"max-snippet:-1","max-image-preview":"max-image-preview:large","max-video-preview":"max-video-preview:-1"},"canonical":"https:\/\/ttemsa.com\/industria\/index.php\/tidland\/flechas-neumaticas\/flechas-trapper\/","og_locale":"es_MX","og_type":"article","og_title":"Flechas Neum\u00e1ticas para Embobinado sin Tubo de Cart\u00f3n. Flechas TrapperUsado principalmente para embobinar rollos sin tubo de cart\u00f3n.","og_description":"En ttemsa ofrecemos Soluciones. Solicite + info Tel\u00e9fonos: + 52 (55) 5352-0191 5352-1301 5352-6070 5352-0593","og_url":"https:\/\/ttemsa.com\/industria\/index.php\/tidland\/flechas-neumaticas\/flechas-trapper\/","og_site_name":"industria-de-la-conversion.ttemsa","article_modified_time":"2024-09-10T12:43:32+00:00","og_image":[{"width":2348,"height":974,"url":"https:\/\/ttemsa.com\/industria\/wp-content\/uploads\/2023\/12\/scan.jpg","type":"image\/jpeg"}],"twitter_card":"summary_large_image","twitter_misc":{"Tiempo de lectura":"1 minuto"},"schema":{"@context":"https:\/\/schema.org","@graph":[{"@type":"WebPage","@id":"https:\/\/ttemsa.com\/industria\/index.php\/tidland\/flechas-neumaticas\/flechas-trapper\/","url":"https:\/\/ttemsa.com\/industria\/index.php\/tidland\/flechas-neumaticas\/flechas-trapper\/","name":"Flechas Trapper - industria-de-la-conversion.ttemsa","isPartOf":{"@id":"https:\/\/ttemsa.com\/industria\/#website"},"primaryImageOfPage":{"@id":"https:\/\/ttemsa.com\/industria\/index.php\/tidland\/flechas-neumaticas\/flechas-trapper\/#primaryimage"},"image":{"@id":"https:\/\/ttemsa.com\/industria\/index.php\/tidland\/flechas-neumaticas\/flechas-trapper\/#primaryimage"},"thumbnailUrl":"https:\/\/ttemsa.com\/industria\/wp-content\/uploads\/2023\/12\/trapper.jpg","datePublished":"2024-03-01T20:40:43+00:00","dateModified":"2024-09-10T12:43:32+00:00","description":"Flechas Neum\u00e1ticas para Embobinado sin Tubo de Cart\u00f3n. Flechas TrapperUsado principalmente para embobinar rollos sin tubo de cart\u00f3n.","breadcrumb":{"@id":"https:\/\/ttemsa.com\/industria\/index.php\/tidland\/flechas-neumaticas\/flechas-trapper\/#breadcrumb"},"inLanguage":"es","potentialAction":[{"@type":"ReadAction","target":["https:\/\/ttemsa.com\/industria\/index.php\/tidland\/flechas-neumaticas\/flechas-trapper\/"]}]},{"@type":"ImageObject","inLanguage":"es","@id":"https:\/\/ttemsa.com\/industria\/index.php\/tidland\/flechas-neumaticas\/flechas-trapper\/#primaryimage","url":"https:\/\/ttemsa.com\/industria\/wp-content\/uploads\/2023\/12\/trapper.jpg","contentUrl":"https:\/\/ttemsa.com\/industria\/wp-content\/uploads\/2023\/12\/trapper.jpg","width":312,"height":193},{"@type":"BreadcrumbList","@id":"https:\/\/ttemsa.com\/industria\/index.php\/tidland\/flechas-neumaticas\/flechas-trapper\/#breadcrumb","itemListElement":[{"@type":"ListItem","position":1,"name":"Inicio","item":"https:\/\/ttemsa.com\/industria\/"},{"@type":"ListItem","position":2,"name":"TIDLAND","item":"https:\/\/ttemsa.com\/industria\/index.php\/tidland\/"},{"@type":"ListItem","position":3,"name":"Flechas Neum\u00e1ticas","item":"https:\/\/ttemsa.com\/industria\/index.php\/tidland\/flechas-neumaticas\/"},{"@type":"ListItem","position":4,"name":"Flechas Trapper"}]},{"@type":"WebSite","@id":"https:\/\/ttemsa.com\/industria\/#website","url":"https:\/\/ttemsa.com\/industria\/","name":"industria-de-la-conversion.ttemsa","description":"Designed Dianalacazadora.com","alternateName":"ttemsa l\u00edderes en la industria de la conversi\u00f3n","potentialAction":[{"@type":"SearchAction","target":{"@type":"EntryPoint","urlTemplate":"https:\/\/ttemsa.com\/industria\/?s={search_term_string}"},"query-input":{"@type":"PropertyValueSpecification","valueRequired":true,"valueName":"search_term_string"}}],"inLanguage":"es"}]}},"_links":{"self":[{"href":"https:\/\/ttemsa.com\/industria\/index.php\/wp-json\/wp\/v2\/pages\/1617","targetHints":{"allow":["GET"]}}],"collection":[{"href":"https:\/\/ttemsa.com\/industria\/index.php\/wp-json\/wp\/v2\/pages"}],"about":[{"href":"https:\/\/ttemsa.com\/industria\/index.php\/wp-json\/wp\/v2\/types\/page"}],"author":[{"embeddable":true,"href":"https:\/\/ttemsa.com\/industria\/index.php\/wp-json\/wp\/v2\/users\/1"}],"replies":[{"embeddable":true,"href":"https:\/\/ttemsa.com\/industria\/index.php\/wp-json\/wp\/v2\/comments?post=1617"}],"version-history":[{"count":3,"href":"https:\/\/ttemsa.com\/industria\/index.php\/wp-json\/wp\/v2\/pages\/1617\/revisions"}],"predecessor-version":[{"id":3117,"href":"https:\/\/ttemsa.com\/industria\/index.php\/wp-json\/wp\/v2\/pages\/1617\/revisions\/3117"}],"up":[{"embeddable":true,"href":"https:\/\/ttemsa.com\/industria\/index.php\/wp-json\/wp\/v2\/pages\/1604"}],"wp:attachment":[{"href":"https:\/\/ttemsa.com\/industria\/index.php\/wp-json\/wp\/v2\/media?parent=1617"}],"wp:term":[{"taxonomy":"category","embeddable":true,"href":"https:\/\/ttemsa.com\/industria\/index.php\/wp-json\/wp\/v2\/categories?post=1617"},{"taxonomy":"post_tag","embeddable":true,"href":"https:\/\/ttemsa.com\/industria\/index.php\/wp-json\/wp\/v2\/tags?post=1617"}],"curies":[{"name":"wp","href":"https:\/\/api.w.org\/{rel}","templated":true}]}}