{"id":1620,"date":"2024-03-01T20:41:06","date_gmt":"2024-03-01T20:41:06","guid":{"rendered":"https:\/\/ttemsa.com\/industria\/index.php\/tidland\/tidland-copy-copy-9\/"},"modified":"2024-09-12T12:12:57","modified_gmt":"2024-09-12T12:12:57","slug":"flechas-tidland-tipo-cuna","status":"publish","type":"page","link":"https:\/\/ttemsa.com\/industria\/index.php\/tidland\/flechas-tidland-tipo-cuna\/","title":{"rendered":"Flechas Tidland tipo Cu\u00f1a"},"content":{"rendered":"<div class=\"wp-block-image\">\n<figure class=\"aligncenter size-full is-resized\"><img loading=\"lazy\" decoding=\"async\" width=\"312\" height=\"193\" src=\"https:\/\/ttemsa.com\/industria\/wp-content\/uploads\/2023\/12\/1fec-1.jpg\" alt=\"\" class=\"wp-image-640\" style=\"width:598px;height:auto\" srcset=\"https:\/\/ttemsa.com\/industria\/wp-content\/uploads\/2023\/12\/1fec-1.jpg 312w, https:\/\/ttemsa.com\/industria\/wp-content\/uploads\/2023\/12\/1fec-1-300x186.jpg 300w\" sizes=\"auto, (max-width: 312px) 100vw, 312px\" \/><figcaption class=\"wp-element-caption\"><strong>&nbsp;<strong>APLICACIONES DE EMBOBINADO Y DESEMBOBINADO<\/strong><\/strong><\/figcaption><\/figure>\n<\/div>\n\n<div class=\"wp-block-image\">\n<figure class=\"alignleft size-full is-resized\"><img loading=\"lazy\" decoding=\"async\" width=\"280\" height=\"165\" src=\"https:\/\/ttemsa.com\/industria\/wp-content\/uploads\/2023\/12\/TidlandRoll-Saver2.png\" alt=\"\" class=\"wp-image-519\" style=\"width:194px;height:auto\"\/><\/figure>\n<\/div>\n\n<div class=\"wp-block-image\">\n<figure class=\"alignleft size-full is-resized\"><img loading=\"lazy\" decoding=\"async\" width=\"413\" height=\"33\" src=\"https:\/\/ttemsa.com\/industria\/wp-content\/uploads\/2023\/12\/limage002.png\" alt=\"\" class=\"wp-image-637\" style=\"width:494px;height:auto\" srcset=\"https:\/\/ttemsa.com\/industria\/wp-content\/uploads\/2023\/12\/limage002.png 413w, https:\/\/ttemsa.com\/industria\/wp-content\/uploads\/2023\/12\/limage002-300x24.png 300w\" sizes=\"auto, (max-width: 413px) 100vw, 413px\" \/><\/figure>\n<\/div>\n\n\n<p><\/p>\n\n\n\n<p><\/p>\n\n\n\n<p>Las Flechas de Expansi\u00f3n Neum\u00e1tica Tipo Cu\u00f1a de la Serie 500 y las Flechas de Expansi\u00f3n Mec\u00e1nica Tipo Cu\u00f1a de la Serie 550 son fuertes y vers\u00e1tiles, ofrecen un rendimiento superior en la m\u00e1s amplia gama de aplicaciones de conversi\u00f3n.<\/p>\n\n\n\n<p>Con un inigualable poder de sujeci\u00f3n, el dise\u00f1o tipo cu\u00f1a elimina el da\u00f1o del core, evita el deslizamiento del rodillo en arranques y paradas r\u00e1pidas, adem\u00e1s minimiza la vibraci\u00f3n a altas velocidades de banda. La construcci\u00f3n simple y componentes estandarizados se traduce en piezas de repuesto r\u00e1pidas y disponibles, as\u00ed como un f\u00e1cil mantenimiento dentro de la planta cuando sea necesario.<\/p>\n\n\n\n<p>La Flecha Tipo Cu\u00f1a de la Serie 500 est\u00e1 dise\u00f1ada para aplicaciones ligeras a pesadas en cores con di\u00e1metros de 50.8 mm (2 pulg) a 152.4 mm (6 pulg), a menudo se utiliza en aplicaciones de bobinado y desembobinado central con cores de fibra o de acero.<\/p>\n\n\n\n<p>Estas confiables flechas est\u00e1n construidas de aleaci\u00f3n de acero, aluminio o materiales compuestos ligeros, dependiendo del uso y de los requisitos.<\/p>\n\n\n\n<p>La Flecha Tipo Cu\u00f1a de la Serie 550 est\u00e1 dise\u00f1ada para trabajos medios a pesados en cores con di\u00e1metros de 76.2 mm (3 pulg), con frecuencia se utiliza en aplicaciones de bobinado y desembobinado central con cores de fibra o de acero.<\/p>\n\n\n\n<p>El cuerpo de la flecha est\u00e1 construido de acero 4150 tratado t\u00e9rmicamente o de materiales compuestos ligeros. Cada flecha se construye a pedido con 85% menos piezas m\u00f3viles que otras flechas mec\u00e1nicas.<\/p>\n\n\n\n<hr class=\"wp-block-separator has-alpha-channel-opacity\"\/>\n\n\n\n<p class=\"has-large-font-size\"><strong>Lug-Type Air Shafts<\/strong><\/p>\n\n\n\n<figure class=\"wp-block-image size-full is-resized\"><img loading=\"lazy\" decoding=\"async\" width=\"461\" height=\"349\" src=\"https:\/\/ttemsa.com\/industria\/wp-content\/uploads\/2023\/12\/111.png\" alt=\"\" class=\"wp-image-641\" style=\"width:491px;height:auto\" srcset=\"https:\/\/ttemsa.com\/industria\/wp-content\/uploads\/2023\/12\/111.png 461w, https:\/\/ttemsa.com\/industria\/wp-content\/uploads\/2023\/12\/111-300x227.png 300w\" sizes=\"auto, (max-width: 461px) 100vw, 461px\" \/><\/figure>\n\n\n\n<hr class=\"wp-block-separator has-alpha-channel-opacity\"\/>\n\n\n\n<p><strong>&nbsp;Comparaci\u00f3n del peso de la flecha<\/strong><\/p>\n\n\n\n<figure class=\"wp-block-image size-full is-resized\"><img loading=\"lazy\" decoding=\"async\" width=\"805\" height=\"498\" src=\"https:\/\/ttemsa.com\/industria\/wp-content\/uploads\/2023\/12\/la.png\" alt=\"\" class=\"wp-image-642\" style=\"width:674px;height:auto\" srcset=\"https:\/\/ttemsa.com\/industria\/wp-content\/uploads\/2023\/12\/la.png 805w, https:\/\/ttemsa.com\/industria\/wp-content\/uploads\/2023\/12\/la-300x186.png 300w, https:\/\/ttemsa.com\/industria\/wp-content\/uploads\/2023\/12\/la-768x475.png 768w\" sizes=\"auto, (max-width: 805px) 100vw, 805px\" \/><\/figure>\n\n\n\n<p>Caracter\u00edsticas de dise\u00f1o<\/p>\n\n\n\n<figure class=\"wp-block-image size-full is-resized\"><img loading=\"lazy\" decoding=\"async\" width=\"620\" height=\"281\" src=\"https:\/\/ttemsa.com\/industria\/wp-content\/uploads\/2023\/12\/exp.png\" alt=\"\" class=\"wp-image-643\" style=\"width:744px;height:auto\" srcset=\"https:\/\/ttemsa.com\/industria\/wp-content\/uploads\/2023\/12\/exp.png 620w, https:\/\/ttemsa.com\/industria\/wp-content\/uploads\/2023\/12\/exp-300x136.png 300w\" sizes=\"auto, (max-width: 620px) 100vw, 620px\" \/><\/figure>\n\n\n\n<p><\/p>\n","protected":false},"excerpt":{"rendered":"<p>Las Flechas de Expansi\u00f3n Neum\u00e1tica Tipo Cu\u00f1a de la Serie 500 y las Flechas de Expansi\u00f3n Mec\u00e1nica Tipo Cu\u00f1a de la Serie 550 son fuertes y vers\u00e1tiles, ofrecen un rendimiento superior en la m\u00e1s amplia gama de aplicaciones de conversi\u00f3n. Con un inigualable poder de sujeci\u00f3n, el dise\u00f1o tipo cu\u00f1a elimina el da\u00f1o del core, [&hellip;]<\/p>\n","protected":false},"author":1,"featured_media":0,"parent":302,"menu_order":0,"comment_status":"closed","ping_status":"closed","template":"","meta":{"content-type":"","footnotes":""},"categories":[16],"tags":[],"class_list":["post-1620","page","type-page","status-publish","hentry","category-tidland"],"yoast_head":"<!-- This site is optimized with the Yoast SEO plugin v26.6 - https:\/\/yoast.com\/wordpress\/plugins\/seo\/ -->\n<title>Flechas Tidland tipo Cu\u00f1a - industria-de-la-conversion.ttemsa<\/title>\n<meta name=\"description\" content=\"Flechas Tidland tipo Cu\u00f1a APLICACIONES DE EMBOBINADO Y DESEMBOBINADO Las Flechas de Expansi\u00f3n Neum\u00e1tica Tipo Cu\u00f1a de la Serie 500\" \/>\n<meta name=\"robots\" content=\"index, follow, max-snippet:-1, max-image-preview:large, max-video-preview:-1\" \/>\n<link rel=\"canonical\" href=\"https:\/\/ttemsa.com\/industria\/index.php\/tidland\/flechas-tidland-tipo-cuna\/\" \/>\n<meta property=\"og:locale\" content=\"es_MX\" \/>\n<meta property=\"og:type\" content=\"article\" \/>\n<meta property=\"og:title\" content=\"Flechas Tidland tipo Cu\u00f1a: APLICACIONES DE EMBOBINADO Y DESEMBOBINADO Las Flechas de Expansi\u00f3n Neum\u00e1tica Tipo Cu\u00f1a de la Serie 500\" \/>\n<meta property=\"og:description\" content=\"En ttemsa ofrecemos Soluciones. Solicite + info Tel\u00e9fonos: + 52 (55) 5352-0191 5352-1301 5352-6070 5352-0593\" \/>\n<meta property=\"og:url\" content=\"https:\/\/ttemsa.com\/industria\/index.php\/tidland\/flechas-tidland-tipo-cuna\/\" \/>\n<meta property=\"og:site_name\" content=\"industria-de-la-conversion.ttemsa\" \/>\n<meta property=\"article:modified_time\" content=\"2024-09-12T12:12:57+00:00\" \/>\n<meta property=\"og:image\" content=\"https:\/\/ttemsa.com\/industria\/wp-content\/uploads\/2023\/12\/Captura-de-pantalla-2023-12-23-a-las-3.44.53-p.m.png\" \/>\n\t<meta property=\"og:image:width\" content=\"359\" \/>\n\t<meta property=\"og:image:height\" content=\"227\" \/>\n\t<meta property=\"og:image:type\" content=\"image\/png\" \/>\n<meta name=\"twitter:card\" content=\"summary_large_image\" \/>\n<meta name=\"twitter:label1\" content=\"Tiempo de lectura\" \/>\n\t<meta name=\"twitter:data1\" content=\"3 minutos\" \/>\n<script type=\"application\/ld+json\" class=\"yoast-schema-graph\">{\"@context\":\"https:\/\/schema.org\",\"@graph\":[{\"@type\":\"WebPage\",\"@id\":\"https:\/\/ttemsa.com\/industria\/index.php\/tidland\/flechas-tidland-tipo-cuna\/\",\"url\":\"https:\/\/ttemsa.com\/industria\/index.php\/tidland\/flechas-tidland-tipo-cuna\/\",\"name\":\"Flechas Tidland tipo Cu\u00f1a - industria-de-la-conversion.ttemsa\",\"isPartOf\":{\"@id\":\"https:\/\/ttemsa.com\/industria\/#website\"},\"primaryImageOfPage\":{\"@id\":\"https:\/\/ttemsa.com\/industria\/index.php\/tidland\/flechas-tidland-tipo-cuna\/#primaryimage\"},\"image\":{\"@id\":\"https:\/\/ttemsa.com\/industria\/index.php\/tidland\/flechas-tidland-tipo-cuna\/#primaryimage\"},\"thumbnailUrl\":\"https:\/\/ttemsa.com\/industria\/wp-content\/uploads\/2023\/12\/1fec-1.jpg\",\"datePublished\":\"2024-03-01T20:41:06+00:00\",\"dateModified\":\"2024-09-12T12:12:57+00:00\",\"description\":\"Flechas Tidland tipo Cu\u00f1a APLICACIONES DE EMBOBINADO Y DESEMBOBINADO Las Flechas de Expansi\u00f3n Neum\u00e1tica Tipo Cu\u00f1a de la Serie 500\",\"breadcrumb\":{\"@id\":\"https:\/\/ttemsa.com\/industria\/index.php\/tidland\/flechas-tidland-tipo-cuna\/#breadcrumb\"},\"inLanguage\":\"es\",\"potentialAction\":[{\"@type\":\"ReadAction\",\"target\":[\"https:\/\/ttemsa.com\/industria\/index.php\/tidland\/flechas-tidland-tipo-cuna\/\"]}]},{\"@type\":\"ImageObject\",\"inLanguage\":\"es\",\"@id\":\"https:\/\/ttemsa.com\/industria\/index.php\/tidland\/flechas-tidland-tipo-cuna\/#primaryimage\",\"url\":\"https:\/\/ttemsa.com\/industria\/wp-content\/uploads\/2023\/12\/1fec-1.jpg\",\"contentUrl\":\"https:\/\/ttemsa.com\/industria\/wp-content\/uploads\/2023\/12\/1fec-1.jpg\",\"width\":312,\"height\":193},{\"@type\":\"BreadcrumbList\",\"@id\":\"https:\/\/ttemsa.com\/industria\/index.php\/tidland\/flechas-tidland-tipo-cuna\/#breadcrumb\",\"itemListElement\":[{\"@type\":\"ListItem\",\"position\":1,\"name\":\"Inicio\",\"item\":\"https:\/\/ttemsa.com\/industria\/\"},{\"@type\":\"ListItem\",\"position\":2,\"name\":\"TIDLAND\",\"item\":\"https:\/\/ttemsa.com\/industria\/index.php\/tidland\/\"},{\"@type\":\"ListItem\",\"position\":3,\"name\":\"Flechas Tidland tipo Cu\u00f1a\"}]},{\"@type\":\"WebSite\",\"@id\":\"https:\/\/ttemsa.com\/industria\/#website\",\"url\":\"https:\/\/ttemsa.com\/industria\/\",\"name\":\"industria-de-la-conversion.ttemsa\",\"description\":\"Designed Dianalacazadora.com\",\"alternateName\":\"ttemsa l\u00edderes en la industria de la conversi\u00f3n\",\"potentialAction\":[{\"@type\":\"SearchAction\",\"target\":{\"@type\":\"EntryPoint\",\"urlTemplate\":\"https:\/\/ttemsa.com\/industria\/?s={search_term_string}\"},\"query-input\":{\"@type\":\"PropertyValueSpecification\",\"valueRequired\":true,\"valueName\":\"search_term_string\"}}],\"inLanguage\":\"es\"}]}<\/script>\n<!-- \/ Yoast SEO plugin. -->","yoast_head_json":{"title":"Flechas Tidland tipo Cu\u00f1a - industria-de-la-conversion.ttemsa","description":"Flechas Tidland tipo Cu\u00f1a APLICACIONES DE EMBOBINADO Y DESEMBOBINADO Las Flechas de Expansi\u00f3n Neum\u00e1tica Tipo Cu\u00f1a de la Serie 500","robots":{"index":"index","follow":"follow","max-snippet":"max-snippet:-1","max-image-preview":"max-image-preview:large","max-video-preview":"max-video-preview:-1"},"canonical":"https:\/\/ttemsa.com\/industria\/index.php\/tidland\/flechas-tidland-tipo-cuna\/","og_locale":"es_MX","og_type":"article","og_title":"Flechas Tidland tipo Cu\u00f1a: APLICACIONES DE EMBOBINADO Y DESEMBOBINADO Las Flechas de Expansi\u00f3n Neum\u00e1tica Tipo Cu\u00f1a de la Serie 500","og_description":"En ttemsa ofrecemos Soluciones. Solicite + info Tel\u00e9fonos: + 52 (55) 5352-0191 5352-1301 5352-6070 5352-0593","og_url":"https:\/\/ttemsa.com\/industria\/index.php\/tidland\/flechas-tidland-tipo-cuna\/","og_site_name":"industria-de-la-conversion.ttemsa","article_modified_time":"2024-09-12T12:12:57+00:00","og_image":[{"width":359,"height":227,"url":"https:\/\/ttemsa.com\/industria\/wp-content\/uploads\/2023\/12\/Captura-de-pantalla-2023-12-23-a-las-3.44.53-p.m.png","type":"image\/png"}],"twitter_card":"summary_large_image","twitter_misc":{"Tiempo de lectura":"3 minutos"},"schema":{"@context":"https:\/\/schema.org","@graph":[{"@type":"WebPage","@id":"https:\/\/ttemsa.com\/industria\/index.php\/tidland\/flechas-tidland-tipo-cuna\/","url":"https:\/\/ttemsa.com\/industria\/index.php\/tidland\/flechas-tidland-tipo-cuna\/","name":"Flechas Tidland tipo Cu\u00f1a - industria-de-la-conversion.ttemsa","isPartOf":{"@id":"https:\/\/ttemsa.com\/industria\/#website"},"primaryImageOfPage":{"@id":"https:\/\/ttemsa.com\/industria\/index.php\/tidland\/flechas-tidland-tipo-cuna\/#primaryimage"},"image":{"@id":"https:\/\/ttemsa.com\/industria\/index.php\/tidland\/flechas-tidland-tipo-cuna\/#primaryimage"},"thumbnailUrl":"https:\/\/ttemsa.com\/industria\/wp-content\/uploads\/2023\/12\/1fec-1.jpg","datePublished":"2024-03-01T20:41:06+00:00","dateModified":"2024-09-12T12:12:57+00:00","description":"Flechas Tidland tipo Cu\u00f1a APLICACIONES DE EMBOBINADO Y DESEMBOBINADO Las Flechas de Expansi\u00f3n Neum\u00e1tica Tipo Cu\u00f1a de la Serie 500","breadcrumb":{"@id":"https:\/\/ttemsa.com\/industria\/index.php\/tidland\/flechas-tidland-tipo-cuna\/#breadcrumb"},"inLanguage":"es","potentialAction":[{"@type":"ReadAction","target":["https:\/\/ttemsa.com\/industria\/index.php\/tidland\/flechas-tidland-tipo-cuna\/"]}]},{"@type":"ImageObject","inLanguage":"es","@id":"https:\/\/ttemsa.com\/industria\/index.php\/tidland\/flechas-tidland-tipo-cuna\/#primaryimage","url":"https:\/\/ttemsa.com\/industria\/wp-content\/uploads\/2023\/12\/1fec-1.jpg","contentUrl":"https:\/\/ttemsa.com\/industria\/wp-content\/uploads\/2023\/12\/1fec-1.jpg","width":312,"height":193},{"@type":"BreadcrumbList","@id":"https:\/\/ttemsa.com\/industria\/index.php\/tidland\/flechas-tidland-tipo-cuna\/#breadcrumb","itemListElement":[{"@type":"ListItem","position":1,"name":"Inicio","item":"https:\/\/ttemsa.com\/industria\/"},{"@type":"ListItem","position":2,"name":"TIDLAND","item":"https:\/\/ttemsa.com\/industria\/index.php\/tidland\/"},{"@type":"ListItem","position":3,"name":"Flechas Tidland tipo Cu\u00f1a"}]},{"@type":"WebSite","@id":"https:\/\/ttemsa.com\/industria\/#website","url":"https:\/\/ttemsa.com\/industria\/","name":"industria-de-la-conversion.ttemsa","description":"Designed Dianalacazadora.com","alternateName":"ttemsa l\u00edderes en la industria de la conversi\u00f3n","potentialAction":[{"@type":"SearchAction","target":{"@type":"EntryPoint","urlTemplate":"https:\/\/ttemsa.com\/industria\/?s={search_term_string}"},"query-input":{"@type":"PropertyValueSpecification","valueRequired":true,"valueName":"search_term_string"}}],"inLanguage":"es"}]}},"_links":{"self":[{"href":"https:\/\/ttemsa.com\/industria\/index.php\/wp-json\/wp\/v2\/pages\/1620","targetHints":{"allow":["GET"]}}],"collection":[{"href":"https:\/\/ttemsa.com\/industria\/index.php\/wp-json\/wp\/v2\/pages"}],"about":[{"href":"https:\/\/ttemsa.com\/industria\/index.php\/wp-json\/wp\/v2\/types\/page"}],"author":[{"embeddable":true,"href":"https:\/\/ttemsa.com\/industria\/index.php\/wp-json\/wp\/v2\/users\/1"}],"replies":[{"embeddable":true,"href":"https:\/\/ttemsa.com\/industria\/index.php\/wp-json\/wp\/v2\/comments?post=1620"}],"version-history":[{"count":4,"href":"https:\/\/ttemsa.com\/industria\/index.php\/wp-json\/wp\/v2\/pages\/1620\/revisions"}],"predecessor-version":[{"id":3709,"href":"https:\/\/ttemsa.com\/industria\/index.php\/wp-json\/wp\/v2\/pages\/1620\/revisions\/3709"}],"up":[{"embeddable":true,"href":"https:\/\/ttemsa.com\/industria\/index.php\/wp-json\/wp\/v2\/pages\/302"}],"wp:attachment":[{"href":"https:\/\/ttemsa.com\/industria\/index.php\/wp-json\/wp\/v2\/media?parent=1620"}],"wp:term":[{"taxonomy":"category","embeddable":true,"href":"https:\/\/ttemsa.com\/industria\/index.php\/wp-json\/wp\/v2\/categories?post=1620"},{"taxonomy":"post_tag","embeddable":true,"href":"https:\/\/ttemsa.com\/industria\/index.php\/wp-json\/wp\/v2\/tags?post=1620"}],"curies":[{"name":"wp","href":"https:\/\/api.w.org\/{rel}","templated":true}]}}