{"id":1624,"date":"2024-03-01T20:41:48","date_gmt":"2024-03-01T20:41:48","guid":{"rendered":"https:\/\/ttemsa.com\/industria\/index.php\/tidland\/tidland-copy-copy-13\/"},"modified":"2024-09-10T23:05:30","modified_gmt":"2024-09-10T23:05:30","slug":"321-msp-cortadora-de-posicionamiento-manual-6","status":"publish","type":"page","link":"https:\/\/ttemsa.com\/industria\/index.php\/tidland\/321-msp-cortadora-de-posicionamiento-manual-6\/","title":{"rendered":"321 Sistema Posicionamiento Digital"},"content":{"rendered":"<div class=\"wp-block-image\">\n<figure class=\"aligncenter size-full is-resized\"><img loading=\"lazy\" decoding=\"async\" width=\"829\" height=\"527\" src=\"https:\/\/ttemsa.com\/industria\/wp-content\/uploads\/2023\/12\/f1.png\" alt=\"\" class=\"wp-image-722\" style=\"width:670px;height:auto\" srcset=\"https:\/\/ttemsa.com\/industria\/wp-content\/uploads\/2023\/12\/f1.png 829w, https:\/\/ttemsa.com\/industria\/wp-content\/uploads\/2023\/12\/f1-300x191.png 300w, https:\/\/ttemsa.com\/industria\/wp-content\/uploads\/2023\/12\/f1-768x488.png 768w\" sizes=\"auto, (max-width: 829px) 100vw, 829px\" \/><figcaption class=\"wp-element-caption\"><strong>DMS Sistema de Posicionamiento Digital para aumentar la productividad<\/strong><\/figcaption><\/figure>\n<\/div>\n\n<p style=\"text-align: center;\">\u00a0<\/p>\n<div style=\"margin: 0px; padding: 0px; border: 0px; outline: 0px; font-size: 14px; color: #565451; font-family: Helvetica, Arial, sans-serif; line-height: 23.8px; background-image: initial; background-attachment: initial; background-size: initial; background-origin: initial; background-clip: initial; background-position: initial; background-repeat: initial;\">\n<h1 class=\"p1\"><span class=\"s1\" style=\"font-size: 24pt;\"><b>DMS\u00a0 Sistema de Posicionamiento Digital<\/b><\/span><\/h1>\n<p class=\"p1\"><span class=\"s1\"><b>\u00a0<\/b><\/span><\/p>\n<blockquote>\n<p class=\"p2\"><span class=\"s1\"><b>Es un calibrador montado en un riel, a todo lo ancho de la banda continua, que le permite posicionar las portanavajas y navajas inferiores con una gran precisi\u00f3n +\/- 0.05 mm ( 0.002 pulg).<\/b><\/span><\/p>\n<p class=\"p2\"><span class=\"s1\"><b>Reduce los errores de los operadores y acelera los tiempos de posicionamiento.<\/b><\/span><\/p>\n<p class=\"p2\"><span class=\"s1\"><b>Indicador LED para lectura m\u00e9tricas y en pulgadas.<\/b><\/span><\/p>\n<\/blockquote>\n<\/div>\n\n\n<p>El sistema MSP provee el rendimiento que necesitas, con la facilidad de actualizaciones a futuro.<\/p>\n\n\n\n<p>Las actualizaciones del sistema MSP le proporcionaran la salida de alta calidad que usted necesite y m\u00e1s.<\/p>\n\n\n\n<p>Mejoras como la medici\u00f3n digital y de posicionamiento lineal que le ayudaran a re\u00adducir el tiempo de posicionamiento y de esa manera as\u00ed incrementar la productividad.<\/p>\n\n\n\n<p>El Posicionador de navajas tiene una precisi\u00f3n de \u00b10.05 mm (0.002&#8243;).<\/p>\n\n\n\n<p>Reduce los errores de los operadores y acelera los tiempos de reposicionamiento.<\/p>\n\n\n\n<p>Indicadores LED para lectura en unidades m\u00e9tricas o en pulgada &nbsp;<\/p>\n\n\n\n<p>Permite reposicionar portanavaja y navaja infer\u00edor en forma simult\u00e1nea para calibraci\u00f3n r\u00e1pida. &nbsp; &nbsp;<\/p>\n\n\n<div class=\"wp-block-image\">\n<figure class=\"aligncenter size-full\"><img loading=\"lazy\" decoding=\"async\" width=\"765\" height=\"389\" src=\"https:\/\/ttemsa.com\/industria\/wp-content\/uploads\/2023\/12\/f2.png\" alt=\"\" class=\"wp-image-723\" srcset=\"https:\/\/ttemsa.com\/industria\/wp-content\/uploads\/2023\/12\/f2.png 765w, https:\/\/ttemsa.com\/industria\/wp-content\/uploads\/2023\/12\/f2-300x153.png 300w\" sizes=\"auto, (max-width: 765px) 100vw, 765px\" \/><\/figure>\n<\/div>\n\n\n<p>Cuchillas \/ Contra cuchillas &nbsp; Conectadas para moverse simult\u00e1neamente sin perder su calibraci\u00f3n.<\/p>\n\n\n\n<p><\/p>\n\n\n\n<hr class=\"wp-block-separator has-alpha-channel-opacity\"\/>\n\n\n\n<p><\/p>\n\n\n\n<p><\/p>\n\n\n\n<figure class=\"wp-block-image size-large\"><img loading=\"lazy\" decoding=\"async\" width=\"1024\" height=\"577\" src=\"https:\/\/ttemsa.com\/industria\/wp-content\/uploads\/2024\/05\/cat-1024x577.png\" alt=\"\" class=\"wp-image-3165\" srcset=\"https:\/\/ttemsa.com\/industria\/wp-content\/uploads\/2024\/05\/cat-1024x577.png 1024w, https:\/\/ttemsa.com\/industria\/wp-content\/uploads\/2024\/05\/cat-300x169.png 300w, https:\/\/ttemsa.com\/industria\/wp-content\/uploads\/2024\/05\/cat-768x432.png 768w, https:\/\/ttemsa.com\/industria\/wp-content\/uploads\/2024\/05\/cat.png 1069w\" sizes=\"auto, (max-width: 1024px) 100vw, 1024px\" \/><\/figure>\n","protected":false},"excerpt":{"rendered":"<p>\u00a0 DMS\u00a0 Sistema de Posicionamiento Digital \u00a0 Es un calibrador montado en un riel, a todo lo ancho de la banda continua, que le permite posicionar las portanavajas y navajas inferiores con una gran precisi\u00f3n +\/- 0.05 mm ( 0.002 pulg). Reduce los errores de los operadores y acelera los tiempos de posicionamiento. Indicador LED [&hellip;]<\/p>\n","protected":false},"author":1,"featured_media":0,"parent":302,"menu_order":0,"comment_status":"closed","ping_status":"closed","template":"","meta":{"content-type":"","footnotes":""},"categories":[16],"tags":[],"class_list":["post-1624","page","type-page","status-publish","hentry","category-tidland"],"yoast_head":"<!-- This site is optimized with the Yoast SEO plugin v26.6 - https:\/\/yoast.com\/wordpress\/plugins\/seo\/ -->\n<title>321 Sistema Posicionamiento Digital - industria-de-la-conversion.ttemsa<\/title>\n<meta name=\"description\" content=\"Sistema Posicionamiento Digital para aumentar la productividad El sistema MSP provee el rendimiento que necesitas, con la facilidad de actualizaciones a futuro.\" \/>\n<meta name=\"robots\" content=\"index, follow, max-snippet:-1, max-image-preview:large, max-video-preview:-1\" \/>\n<link rel=\"canonical\" href=\"https:\/\/ttemsa.com\/industria\/index.php\/tidland\/321-msp-cortadora-de-posicionamiento-manual-6\/\" \/>\n<meta property=\"og:locale\" content=\"es_MX\" \/>\n<meta property=\"og:type\" content=\"article\" \/>\n<meta property=\"og:title\" content=\"Sistema Posicionamiento Digital, para aumentar la productividad El sistema MSP provee el rendimiento que necesitas, con la facilidad de actualizaciones a futuro.\" \/>\n<meta property=\"og:description\" content=\"En ttemsa ofrecemos Soluciones. Solicite + info Tel\u00e9fonos: + 52 (55) 5352-0191 5352-1301 5352-6070 5352-0593\" \/>\n<meta property=\"og:url\" content=\"https:\/\/ttemsa.com\/industria\/index.php\/tidland\/321-msp-cortadora-de-posicionamiento-manual-6\/\" \/>\n<meta property=\"og:site_name\" content=\"industria-de-la-conversion.ttemsa\" \/>\n<meta property=\"article:modified_time\" content=\"2024-09-10T23:05:30+00:00\" \/>\n<meta property=\"og:image\" content=\"https:\/\/ttemsa.com\/industria\/wp-content\/uploads\/2023\/12\/f1.png\" \/>\n\t<meta property=\"og:image:width\" content=\"829\" \/>\n\t<meta property=\"og:image:height\" content=\"527\" \/>\n\t<meta property=\"og:image:type\" content=\"image\/png\" \/>\n<meta name=\"twitter:card\" content=\"summary_large_image\" \/>\n<meta name=\"twitter:label1\" content=\"Tiempo de lectura\" \/>\n\t<meta name=\"twitter:data1\" content=\"2 minutos\" \/>\n<script type=\"application\/ld+json\" class=\"yoast-schema-graph\">{\"@context\":\"https:\/\/schema.org\",\"@graph\":[{\"@type\":\"WebPage\",\"@id\":\"https:\/\/ttemsa.com\/industria\/index.php\/tidland\/321-msp-cortadora-de-posicionamiento-manual-6\/\",\"url\":\"https:\/\/ttemsa.com\/industria\/index.php\/tidland\/321-msp-cortadora-de-posicionamiento-manual-6\/\",\"name\":\"321 Sistema Posicionamiento Digital - industria-de-la-conversion.ttemsa\",\"isPartOf\":{\"@id\":\"https:\/\/ttemsa.com\/industria\/#website\"},\"primaryImageOfPage\":{\"@id\":\"https:\/\/ttemsa.com\/industria\/index.php\/tidland\/321-msp-cortadora-de-posicionamiento-manual-6\/#primaryimage\"},\"image\":{\"@id\":\"https:\/\/ttemsa.com\/industria\/index.php\/tidland\/321-msp-cortadora-de-posicionamiento-manual-6\/#primaryimage\"},\"thumbnailUrl\":\"https:\/\/ttemsa.com\/industria\/wp-content\/uploads\/2023\/12\/f1.png\",\"datePublished\":\"2024-03-01T20:41:48+00:00\",\"dateModified\":\"2024-09-10T23:05:30+00:00\",\"description\":\"Sistema Posicionamiento Digital para aumentar la productividad El sistema MSP provee el rendimiento que necesitas, con la facilidad de actualizaciones a futuro.\",\"breadcrumb\":{\"@id\":\"https:\/\/ttemsa.com\/industria\/index.php\/tidland\/321-msp-cortadora-de-posicionamiento-manual-6\/#breadcrumb\"},\"inLanguage\":\"es\",\"potentialAction\":[{\"@type\":\"ReadAction\",\"target\":[\"https:\/\/ttemsa.com\/industria\/index.php\/tidland\/321-msp-cortadora-de-posicionamiento-manual-6\/\"]}]},{\"@type\":\"ImageObject\",\"inLanguage\":\"es\",\"@id\":\"https:\/\/ttemsa.com\/industria\/index.php\/tidland\/321-msp-cortadora-de-posicionamiento-manual-6\/#primaryimage\",\"url\":\"https:\/\/ttemsa.com\/industria\/wp-content\/uploads\/2023\/12\/f1.png\",\"contentUrl\":\"https:\/\/ttemsa.com\/industria\/wp-content\/uploads\/2023\/12\/f1.png\",\"width\":829,\"height\":527},{\"@type\":\"BreadcrumbList\",\"@id\":\"https:\/\/ttemsa.com\/industria\/index.php\/tidland\/321-msp-cortadora-de-posicionamiento-manual-6\/#breadcrumb\",\"itemListElement\":[{\"@type\":\"ListItem\",\"position\":1,\"name\":\"Inicio\",\"item\":\"https:\/\/ttemsa.com\/industria\/\"},{\"@type\":\"ListItem\",\"position\":2,\"name\":\"TIDLAND\",\"item\":\"https:\/\/ttemsa.com\/industria\/index.php\/tidland\/\"},{\"@type\":\"ListItem\",\"position\":3,\"name\":\"321 Sistema Posicionamiento Digital\"}]},{\"@type\":\"WebSite\",\"@id\":\"https:\/\/ttemsa.com\/industria\/#website\",\"url\":\"https:\/\/ttemsa.com\/industria\/\",\"name\":\"industria-de-la-conversion.ttemsa\",\"description\":\"Designed Dianalacazadora.com\",\"alternateName\":\"ttemsa l\u00edderes en la industria de la conversi\u00f3n\",\"potentialAction\":[{\"@type\":\"SearchAction\",\"target\":{\"@type\":\"EntryPoint\",\"urlTemplate\":\"https:\/\/ttemsa.com\/industria\/?s={search_term_string}\"},\"query-input\":{\"@type\":\"PropertyValueSpecification\",\"valueRequired\":true,\"valueName\":\"search_term_string\"}}],\"inLanguage\":\"es\"}]}<\/script>\n<!-- \/ Yoast SEO plugin. -->","yoast_head_json":{"title":"321 Sistema Posicionamiento Digital - industria-de-la-conversion.ttemsa","description":"Sistema Posicionamiento Digital para aumentar la productividad El sistema MSP provee el rendimiento que necesitas, con la facilidad de actualizaciones a futuro.","robots":{"index":"index","follow":"follow","max-snippet":"max-snippet:-1","max-image-preview":"max-image-preview:large","max-video-preview":"max-video-preview:-1"},"canonical":"https:\/\/ttemsa.com\/industria\/index.php\/tidland\/321-msp-cortadora-de-posicionamiento-manual-6\/","og_locale":"es_MX","og_type":"article","og_title":"Sistema Posicionamiento Digital, para aumentar la productividad El sistema MSP provee el rendimiento que necesitas, con la facilidad de actualizaciones a futuro.","og_description":"En ttemsa ofrecemos Soluciones. Solicite + info Tel\u00e9fonos: + 52 (55) 5352-0191 5352-1301 5352-6070 5352-0593","og_url":"https:\/\/ttemsa.com\/industria\/index.php\/tidland\/321-msp-cortadora-de-posicionamiento-manual-6\/","og_site_name":"industria-de-la-conversion.ttemsa","article_modified_time":"2024-09-10T23:05:30+00:00","og_image":[{"width":829,"height":527,"url":"https:\/\/ttemsa.com\/industria\/wp-content\/uploads\/2023\/12\/f1.png","type":"image\/png"}],"twitter_card":"summary_large_image","twitter_misc":{"Tiempo de lectura":"2 minutos"},"schema":{"@context":"https:\/\/schema.org","@graph":[{"@type":"WebPage","@id":"https:\/\/ttemsa.com\/industria\/index.php\/tidland\/321-msp-cortadora-de-posicionamiento-manual-6\/","url":"https:\/\/ttemsa.com\/industria\/index.php\/tidland\/321-msp-cortadora-de-posicionamiento-manual-6\/","name":"321 Sistema Posicionamiento Digital - industria-de-la-conversion.ttemsa","isPartOf":{"@id":"https:\/\/ttemsa.com\/industria\/#website"},"primaryImageOfPage":{"@id":"https:\/\/ttemsa.com\/industria\/index.php\/tidland\/321-msp-cortadora-de-posicionamiento-manual-6\/#primaryimage"},"image":{"@id":"https:\/\/ttemsa.com\/industria\/index.php\/tidland\/321-msp-cortadora-de-posicionamiento-manual-6\/#primaryimage"},"thumbnailUrl":"https:\/\/ttemsa.com\/industria\/wp-content\/uploads\/2023\/12\/f1.png","datePublished":"2024-03-01T20:41:48+00:00","dateModified":"2024-09-10T23:05:30+00:00","description":"Sistema Posicionamiento Digital para aumentar la productividad El sistema MSP provee el rendimiento que necesitas, con la facilidad de actualizaciones a futuro.","breadcrumb":{"@id":"https:\/\/ttemsa.com\/industria\/index.php\/tidland\/321-msp-cortadora-de-posicionamiento-manual-6\/#breadcrumb"},"inLanguage":"es","potentialAction":[{"@type":"ReadAction","target":["https:\/\/ttemsa.com\/industria\/index.php\/tidland\/321-msp-cortadora-de-posicionamiento-manual-6\/"]}]},{"@type":"ImageObject","inLanguage":"es","@id":"https:\/\/ttemsa.com\/industria\/index.php\/tidland\/321-msp-cortadora-de-posicionamiento-manual-6\/#primaryimage","url":"https:\/\/ttemsa.com\/industria\/wp-content\/uploads\/2023\/12\/f1.png","contentUrl":"https:\/\/ttemsa.com\/industria\/wp-content\/uploads\/2023\/12\/f1.png","width":829,"height":527},{"@type":"BreadcrumbList","@id":"https:\/\/ttemsa.com\/industria\/index.php\/tidland\/321-msp-cortadora-de-posicionamiento-manual-6\/#breadcrumb","itemListElement":[{"@type":"ListItem","position":1,"name":"Inicio","item":"https:\/\/ttemsa.com\/industria\/"},{"@type":"ListItem","position":2,"name":"TIDLAND","item":"https:\/\/ttemsa.com\/industria\/index.php\/tidland\/"},{"@type":"ListItem","position":3,"name":"321 Sistema Posicionamiento Digital"}]},{"@type":"WebSite","@id":"https:\/\/ttemsa.com\/industria\/#website","url":"https:\/\/ttemsa.com\/industria\/","name":"industria-de-la-conversion.ttemsa","description":"Designed Dianalacazadora.com","alternateName":"ttemsa l\u00edderes en la industria de la conversi\u00f3n","potentialAction":[{"@type":"SearchAction","target":{"@type":"EntryPoint","urlTemplate":"https:\/\/ttemsa.com\/industria\/?s={search_term_string}"},"query-input":{"@type":"PropertyValueSpecification","valueRequired":true,"valueName":"search_term_string"}}],"inLanguage":"es"}]}},"_links":{"self":[{"href":"https:\/\/ttemsa.com\/industria\/index.php\/wp-json\/wp\/v2\/pages\/1624","targetHints":{"allow":["GET"]}}],"collection":[{"href":"https:\/\/ttemsa.com\/industria\/index.php\/wp-json\/wp\/v2\/pages"}],"about":[{"href":"https:\/\/ttemsa.com\/industria\/index.php\/wp-json\/wp\/v2\/types\/page"}],"author":[{"embeddable":true,"href":"https:\/\/ttemsa.com\/industria\/index.php\/wp-json\/wp\/v2\/users\/1"}],"replies":[{"embeddable":true,"href":"https:\/\/ttemsa.com\/industria\/index.php\/wp-json\/wp\/v2\/comments?post=1624"}],"version-history":[{"count":12,"href":"https:\/\/ttemsa.com\/industria\/index.php\/wp-json\/wp\/v2\/pages\/1624\/revisions"}],"predecessor-version":[{"id":3640,"href":"https:\/\/ttemsa.com\/industria\/index.php\/wp-json\/wp\/v2\/pages\/1624\/revisions\/3640"}],"up":[{"embeddable":true,"href":"https:\/\/ttemsa.com\/industria\/index.php\/wp-json\/wp\/v2\/pages\/302"}],"wp:attachment":[{"href":"https:\/\/ttemsa.com\/industria\/index.php\/wp-json\/wp\/v2\/media?parent=1624"}],"wp:term":[{"taxonomy":"category","embeddable":true,"href":"https:\/\/ttemsa.com\/industria\/index.php\/wp-json\/wp\/v2\/categories?post=1624"},{"taxonomy":"post_tag","embeddable":true,"href":"https:\/\/ttemsa.com\/industria\/index.php\/wp-json\/wp\/v2\/tags?post=1624"}],"curies":[{"name":"wp","href":"https:\/\/api.w.org\/{rel}","templated":true}]}}