{"id":1629,"date":"2024-03-01T20:42:29","date_gmt":"2024-03-01T20:42:29","guid":{"rendered":"https:\/\/ttemsa.com\/industria\/index.php\/tidland\/tidland-copy-copy-18\/"},"modified":"2024-09-10T15:53:32","modified_gmt":"2024-09-10T15:53:32","slug":"234-cortadora-de-posicionamiento-electronico-esp","status":"publish","type":"page","link":"https:\/\/ttemsa.com\/industria\/index.php\/tidland\/47-corte\/234-cortadora-de-posicionamiento-electronico-esp\/","title":{"rendered":"Sistema de corte de posicionamiento Electr\u00f3nico ESP"},"content":{"rendered":"<div class=\"wp-block-image\">\n<figure class=\"aligncenter size-full is-resized\"><img loading=\"lazy\" decoding=\"async\" width=\"678\" height=\"395\" src=\"https:\/\/ttemsa.com\/industria\/wp-content\/uploads\/2023\/12\/1scp.png\" alt=\"\" class=\"wp-image-691\" style=\"width:670px;height:auto\" srcset=\"https:\/\/ttemsa.com\/industria\/wp-content\/uploads\/2023\/12\/1scp.png 678w, https:\/\/ttemsa.com\/industria\/wp-content\/uploads\/2023\/12\/1scp-300x175.png 300w\" sizes=\"auto, (max-width: 678px) 100vw, 678px\" \/><\/figure>\n<\/div>\n\n<div class=\"wp-block-image\">\n<figure class=\"aligncenter size-full is-resized\"><img loading=\"lazy\" decoding=\"async\" width=\"460\" height=\"30\" src=\"https:\/\/ttemsa.com\/industria\/wp-content\/uploads\/2023\/12\/tidimage002.png\" alt=\"\" class=\"wp-image-693\" style=\"width:549px;height:auto\" srcset=\"https:\/\/ttemsa.com\/industria\/wp-content\/uploads\/2023\/12\/tidimage002.png 460w, https:\/\/ttemsa.com\/industria\/wp-content\/uploads\/2023\/12\/tidimage002-300x20.png 300w\" sizes=\"auto, (max-width: 460px) 100vw, 460px\" \/><\/figure>\n<\/div>\n\n<div class=\"wp-block-image\">\n<figure class=\"alignleft size-full is-resized\"><img loading=\"lazy\" decoding=\"async\" width=\"280\" height=\"165\" src=\"https:\/\/ttemsa.com\/industria\/wp-content\/uploads\/2023\/12\/TidlandRoll-Saver2.png\" alt=\"\" class=\"wp-image-519\" style=\"width:254px;height:auto\"\/><\/figure>\n<\/div>\n\n\n<p class=\"has-text-align-center\">Tidland ESP cortadora de posicionamiento manual.<\/p>\n\n\n\n<p>TIDLAND\u00ae ha construido el sistema electr\u00f3nico de posicionamiento, con canales de acero resistente, al cual ha llamado Cortadora de Posicionamiento Electr\u00f3nico (ESP por sus siglas en ingl\u00e9s) el cual ofrece un corte confiable, sin problema de corte en operaciones de acabado de 24\/365 mil\u00e9simas y otras operaciones de conversi\u00f3n de gran escala.<\/p>\n\n\n\n<p>La ESP es capaz de reposicionar sus 10 cortes en menos de un minuto, con una precisi\u00f3n de +\/- 0.05 mm (0.002\u201d). Canales sellados mantienen los componentes de posicionamiento cr\u00edtico libres de polvo y suciedad asegurando que siempre trabajen; reduce el margen de errores humanos (operador) y aumenta la seguridad.<\/p>\n\n\n\n<p>La ESP fue especialmente dise\u00f1ada con el prop\u00f3sito de aumentar la capacidad productiva y reducir dr\u00e1sticamente el tiempo de m\u00e1quina parada. Su dise\u00f1o modular permite facilitar la adaptaci\u00f3n a la mayor\u00eda de las cortadoras tipo molino, y se pueden montar en cualquier \u00e1ngulo para una trayectoria en posici\u00f3n vertical u horizontal.&nbsp;<\/p>\n\n\n\n<figure class=\"wp-block-image size-full\"><img loading=\"lazy\" decoding=\"async\" width=\"753\" height=\"350\" src=\"https:\/\/ttemsa.com\/industria\/wp-content\/uploads\/2023\/12\/2scp.png\" alt=\"\" class=\"wp-image-694\" srcset=\"https:\/\/ttemsa.com\/industria\/wp-content\/uploads\/2023\/12\/2scp.png 753w, https:\/\/ttemsa.com\/industria\/wp-content\/uploads\/2023\/12\/2scp-300x139.png 300w\" sizes=\"auto, (max-width: 753px) 100vw, 753px\" \/><\/figure>\n\n\n\n<p><strong>Caracter\u00edsticas Tidland ESP cortadora de posicionamiento manual<\/strong><\/p>\n\n\n\n<ul class=\"wp-block-list\">\n<li>Comparaci\u00f3n de Portacuchillas<\/li>\n<\/ul>\n\n\n\n<figure class=\"wp-block-image size-full\"><img loading=\"lazy\" decoding=\"async\" width=\"745\" height=\"898\" src=\"https:\/\/ttemsa.com\/industria\/wp-content\/uploads\/2023\/12\/123.png\" alt=\"\" class=\"wp-image-697\" srcset=\"https:\/\/ttemsa.com\/industria\/wp-content\/uploads\/2023\/12\/123.png 745w, https:\/\/ttemsa.com\/industria\/wp-content\/uploads\/2023\/12\/123-249x300.png 249w\" sizes=\"auto, (max-width: 745px) 100vw, 745px\" \/><\/figure>\n\n\n\n<figure class=\"wp-block-image size-full\"><img loading=\"lazy\" decoding=\"async\" width=\"231\" height=\"58\" src=\"https:\/\/ttemsa.com\/industria\/wp-content\/uploads\/2023\/12\/Captura-de-pantalla-2023-12-24-a-las-6.20.25-a.m.png\" alt=\"\" class=\"wp-image-698\"\/><\/figure>\n\n\n<div class=\"wp-block-image\">\n<figure class=\"aligncenter size-full\"><img loading=\"lazy\" decoding=\"async\" width=\"732\" height=\"644\" src=\"https:\/\/ttemsa.com\/industria\/wp-content\/uploads\/2023\/12\/23.png\" alt=\"\" class=\"wp-image-699\" srcset=\"https:\/\/ttemsa.com\/industria\/wp-content\/uploads\/2023\/12\/23.png 732w, https:\/\/ttemsa.com\/industria\/wp-content\/uploads\/2023\/12\/23-300x264.png 300w\" sizes=\"auto, (max-width: 732px) 100vw, 732px\" \/><\/figure>\n<\/div>\n\n\n<figure class=\"wp-block-image size-full\"><img loading=\"lazy\" decoding=\"async\" width=\"713\" height=\"205\" src=\"https:\/\/ttemsa.com\/industria\/wp-content\/uploads\/2023\/12\/Captura-de-pantalla-2023-12-24-a-las-6.21.08-a.m.png\" alt=\"\" class=\"wp-image-700\" srcset=\"https:\/\/ttemsa.com\/industria\/wp-content\/uploads\/2023\/12\/Captura-de-pantalla-2023-12-24-a-las-6.21.08-a.m.png 713w, https:\/\/ttemsa.com\/industria\/wp-content\/uploads\/2023\/12\/Captura-de-pantalla-2023-12-24-a-las-6.21.08-a.m-300x86.png 300w\" sizes=\"auto, (max-width: 713px) 100vw, 713px\" \/><\/figure>\n\n\n\n<figure class=\"wp-block-image size-full\"><img loading=\"lazy\" decoding=\"async\" width=\"357\" height=\"610\" src=\"https:\/\/ttemsa.com\/industria\/wp-content\/uploads\/2023\/12\/Captura-de-pantalla-2023-12-24-a-las-6.22.36-a.m.png\" alt=\"\" class=\"wp-image-701\" srcset=\"https:\/\/ttemsa.com\/industria\/wp-content\/uploads\/2023\/12\/Captura-de-pantalla-2023-12-24-a-las-6.22.36-a.m.png 357w, https:\/\/ttemsa.com\/industria\/wp-content\/uploads\/2023\/12\/Captura-de-pantalla-2023-12-24-a-las-6.22.36-a.m-176x300.png 176w\" sizes=\"auto, (max-width: 357px) 100vw, 357px\" \/><\/figure>\n\n\n<div class=\"wp-block-image\">\n<figure class=\"aligncenter size-full is-resized\"><img loading=\"lazy\" decoding=\"async\" width=\"484\" height=\"522\" src=\"https:\/\/ttemsa.com\/industria\/wp-content\/uploads\/2024\/05\/a2.png\" alt=\"\" class=\"wp-image-3172\" style=\"width:708px;height:auto\" srcset=\"https:\/\/ttemsa.com\/industria\/wp-content\/uploads\/2024\/05\/a2.png 484w, https:\/\/ttemsa.com\/industria\/wp-content\/uploads\/2024\/05\/a2-278x300.png 278w\" sizes=\"auto, (max-width: 484px) 100vw, 484px\" \/><\/figure>\n<\/div>","protected":false},"excerpt":{"rendered":"<p>Tidland ESP cortadora de posicionamiento manual. TIDLAND\u00ae ha construido el sistema electr\u00f3nico de posicionamiento, con canales de acero resistente, al cual ha llamado Cortadora de Posicionamiento Electr\u00f3nico (ESP por sus siglas en ingl\u00e9s) el cual ofrece un corte confiable, sin problema de corte en operaciones de acabado de 24\/365 mil\u00e9simas y otras operaciones de conversi\u00f3n [&hellip;]<\/p>\n","protected":false},"author":1,"featured_media":0,"parent":3600,"menu_order":0,"comment_status":"closed","ping_status":"closed","template":"","meta":{"content-type":"","footnotes":""},"categories":[16],"tags":[],"class_list":["post-1629","page","type-page","status-publish","hentry","category-tidland"],"yoast_head":"<!-- This site is optimized with the Yoast SEO plugin v26.6 - https:\/\/yoast.com\/wordpress\/plugins\/seo\/ -->\n<title>Sistema de corte de posicionamiento Electr\u00f3nico ESP - industria-de-la-conversion.ttemsa<\/title>\n<meta name=\"description\" content=\"Tidland ESP cortadora de posicionamiento manual TIDLAND\u00ae ha construido el sistema electr\u00f3nico de posicionamiento\" \/>\n<meta name=\"robots\" content=\"index, follow, max-snippet:-1, max-image-preview:large, max-video-preview:-1\" \/>\n<link rel=\"canonical\" href=\"https:\/\/ttemsa.com\/industria\/index.php\/tidland\/47-corte\/234-cortadora-de-posicionamiento-electronico-esp\/\" \/>\n<meta property=\"og:locale\" content=\"es_MX\" \/>\n<meta property=\"og:type\" content=\"article\" \/>\n<meta property=\"og:title\" content=\"Sistema de corte de posicionamiento Electr\u00f3nico, Tidland ESP cortadora de posicionamiento manual TIDLAND\u00ae ha construido el sistema electr\u00f3nico de posicionamiento\" \/>\n<meta property=\"og:description\" content=\"En ttemsa ofrecemos Soluciones. Solicite + info Tel\u00e9fonos: + 52 (55) 5352-0191 5352-1301 5352-6070 5352-0593\" \/>\n<meta property=\"og:url\" content=\"https:\/\/ttemsa.com\/industria\/index.php\/tidland\/47-corte\/234-cortadora-de-posicionamiento-electronico-esp\/\" \/>\n<meta property=\"og:site_name\" content=\"industria-de-la-conversion.ttemsa\" \/>\n<meta property=\"article:modified_time\" content=\"2024-09-10T15:53:32+00:00\" \/>\n<meta property=\"og:image\" content=\"https:\/\/ttemsa.com\/industria\/wp-content\/uploads\/2023\/12\/knifeholders_web-1.jpg\" \/>\n\t<meta property=\"og:image:width\" content=\"591\" \/>\n\t<meta property=\"og:image:height\" content=\"358\" \/>\n\t<meta property=\"og:image:type\" content=\"image\/jpeg\" \/>\n<meta name=\"twitter:card\" content=\"summary_large_image\" \/>\n<meta name=\"twitter:label1\" content=\"Tiempo de lectura\" \/>\n\t<meta name=\"twitter:data1\" content=\"3 minutos\" \/>\n<script type=\"application\/ld+json\" class=\"yoast-schema-graph\">{\"@context\":\"https:\/\/schema.org\",\"@graph\":[{\"@type\":\"WebPage\",\"@id\":\"https:\/\/ttemsa.com\/industria\/index.php\/tidland\/47-corte\/234-cortadora-de-posicionamiento-electronico-esp\/\",\"url\":\"https:\/\/ttemsa.com\/industria\/index.php\/tidland\/47-corte\/234-cortadora-de-posicionamiento-electronico-esp\/\",\"name\":\"Sistema de corte de posicionamiento Electr\u00f3nico ESP - industria-de-la-conversion.ttemsa\",\"isPartOf\":{\"@id\":\"https:\/\/ttemsa.com\/industria\/#website\"},\"primaryImageOfPage\":{\"@id\":\"https:\/\/ttemsa.com\/industria\/index.php\/tidland\/47-corte\/234-cortadora-de-posicionamiento-electronico-esp\/#primaryimage\"},\"image\":{\"@id\":\"https:\/\/ttemsa.com\/industria\/index.php\/tidland\/47-corte\/234-cortadora-de-posicionamiento-electronico-esp\/#primaryimage\"},\"thumbnailUrl\":\"https:\/\/ttemsa.com\/industria\/wp-content\/uploads\/2023\/12\/1scp.png\",\"datePublished\":\"2024-03-01T20:42:29+00:00\",\"dateModified\":\"2024-09-10T15:53:32+00:00\",\"description\":\"Tidland ESP cortadora de posicionamiento manual TIDLAND\u00ae ha construido el sistema electr\u00f3nico de posicionamiento\",\"breadcrumb\":{\"@id\":\"https:\/\/ttemsa.com\/industria\/index.php\/tidland\/47-corte\/234-cortadora-de-posicionamiento-electronico-esp\/#breadcrumb\"},\"inLanguage\":\"es\",\"potentialAction\":[{\"@type\":\"ReadAction\",\"target\":[\"https:\/\/ttemsa.com\/industria\/index.php\/tidland\/47-corte\/234-cortadora-de-posicionamiento-electronico-esp\/\"]}]},{\"@type\":\"ImageObject\",\"inLanguage\":\"es\",\"@id\":\"https:\/\/ttemsa.com\/industria\/index.php\/tidland\/47-corte\/234-cortadora-de-posicionamiento-electronico-esp\/#primaryimage\",\"url\":\"https:\/\/ttemsa.com\/industria\/wp-content\/uploads\/2023\/12\/1scp.png\",\"contentUrl\":\"https:\/\/ttemsa.com\/industria\/wp-content\/uploads\/2023\/12\/1scp.png\",\"width\":678,\"height\":395},{\"@type\":\"BreadcrumbList\",\"@id\":\"https:\/\/ttemsa.com\/industria\/index.php\/tidland\/47-corte\/234-cortadora-de-posicionamiento-electronico-esp\/#breadcrumb\",\"itemListElement\":[{\"@type\":\"ListItem\",\"position\":1,\"name\":\"Inicio\",\"item\":\"https:\/\/ttemsa.com\/industria\/\"},{\"@type\":\"ListItem\",\"position\":2,\"name\":\"TIDLAND\",\"item\":\"https:\/\/ttemsa.com\/industria\/index.php\/tidland\/\"},{\"@type\":\"ListItem\",\"position\":3,\"name\":\"47 corte\",\"item\":\"https:\/\/ttemsa.com\/industria\/index.php\/tidland\/47-corte\/\"},{\"@type\":\"ListItem\",\"position\":4,\"name\":\"Sistema de corte de posicionamiento Electr\u00f3nico ESP\"}]},{\"@type\":\"WebSite\",\"@id\":\"https:\/\/ttemsa.com\/industria\/#website\",\"url\":\"https:\/\/ttemsa.com\/industria\/\",\"name\":\"industria-de-la-conversion.ttemsa\",\"description\":\"Designed Dianalacazadora.com\",\"alternateName\":\"ttemsa l\u00edderes en la industria de la conversi\u00f3n\",\"potentialAction\":[{\"@type\":\"SearchAction\",\"target\":{\"@type\":\"EntryPoint\",\"urlTemplate\":\"https:\/\/ttemsa.com\/industria\/?s={search_term_string}\"},\"query-input\":{\"@type\":\"PropertyValueSpecification\",\"valueRequired\":true,\"valueName\":\"search_term_string\"}}],\"inLanguage\":\"es\"}]}<\/script>\n<!-- \/ Yoast SEO plugin. -->","yoast_head_json":{"title":"Sistema de corte de posicionamiento Electr\u00f3nico ESP - industria-de-la-conversion.ttemsa","description":"Tidland ESP cortadora de posicionamiento manual TIDLAND\u00ae ha construido el sistema electr\u00f3nico de posicionamiento","robots":{"index":"index","follow":"follow","max-snippet":"max-snippet:-1","max-image-preview":"max-image-preview:large","max-video-preview":"max-video-preview:-1"},"canonical":"https:\/\/ttemsa.com\/industria\/index.php\/tidland\/47-corte\/234-cortadora-de-posicionamiento-electronico-esp\/","og_locale":"es_MX","og_type":"article","og_title":"Sistema de corte de posicionamiento Electr\u00f3nico, Tidland ESP cortadora de posicionamiento manual TIDLAND\u00ae ha construido el sistema electr\u00f3nico de posicionamiento","og_description":"En ttemsa ofrecemos Soluciones. Solicite + info Tel\u00e9fonos: + 52 (55) 5352-0191 5352-1301 5352-6070 5352-0593","og_url":"https:\/\/ttemsa.com\/industria\/index.php\/tidland\/47-corte\/234-cortadora-de-posicionamiento-electronico-esp\/","og_site_name":"industria-de-la-conversion.ttemsa","article_modified_time":"2024-09-10T15:53:32+00:00","og_image":[{"width":591,"height":358,"url":"https:\/\/ttemsa.com\/industria\/wp-content\/uploads\/2023\/12\/knifeholders_web-1.jpg","type":"image\/jpeg"}],"twitter_card":"summary_large_image","twitter_misc":{"Tiempo de lectura":"3 minutos"},"schema":{"@context":"https:\/\/schema.org","@graph":[{"@type":"WebPage","@id":"https:\/\/ttemsa.com\/industria\/index.php\/tidland\/47-corte\/234-cortadora-de-posicionamiento-electronico-esp\/","url":"https:\/\/ttemsa.com\/industria\/index.php\/tidland\/47-corte\/234-cortadora-de-posicionamiento-electronico-esp\/","name":"Sistema de corte de posicionamiento Electr\u00f3nico ESP - industria-de-la-conversion.ttemsa","isPartOf":{"@id":"https:\/\/ttemsa.com\/industria\/#website"},"primaryImageOfPage":{"@id":"https:\/\/ttemsa.com\/industria\/index.php\/tidland\/47-corte\/234-cortadora-de-posicionamiento-electronico-esp\/#primaryimage"},"image":{"@id":"https:\/\/ttemsa.com\/industria\/index.php\/tidland\/47-corte\/234-cortadora-de-posicionamiento-electronico-esp\/#primaryimage"},"thumbnailUrl":"https:\/\/ttemsa.com\/industria\/wp-content\/uploads\/2023\/12\/1scp.png","datePublished":"2024-03-01T20:42:29+00:00","dateModified":"2024-09-10T15:53:32+00:00","description":"Tidland ESP cortadora de posicionamiento manual TIDLAND\u00ae ha construido el sistema electr\u00f3nico de posicionamiento","breadcrumb":{"@id":"https:\/\/ttemsa.com\/industria\/index.php\/tidland\/47-corte\/234-cortadora-de-posicionamiento-electronico-esp\/#breadcrumb"},"inLanguage":"es","potentialAction":[{"@type":"ReadAction","target":["https:\/\/ttemsa.com\/industria\/index.php\/tidland\/47-corte\/234-cortadora-de-posicionamiento-electronico-esp\/"]}]},{"@type":"ImageObject","inLanguage":"es","@id":"https:\/\/ttemsa.com\/industria\/index.php\/tidland\/47-corte\/234-cortadora-de-posicionamiento-electronico-esp\/#primaryimage","url":"https:\/\/ttemsa.com\/industria\/wp-content\/uploads\/2023\/12\/1scp.png","contentUrl":"https:\/\/ttemsa.com\/industria\/wp-content\/uploads\/2023\/12\/1scp.png","width":678,"height":395},{"@type":"BreadcrumbList","@id":"https:\/\/ttemsa.com\/industria\/index.php\/tidland\/47-corte\/234-cortadora-de-posicionamiento-electronico-esp\/#breadcrumb","itemListElement":[{"@type":"ListItem","position":1,"name":"Inicio","item":"https:\/\/ttemsa.com\/industria\/"},{"@type":"ListItem","position":2,"name":"TIDLAND","item":"https:\/\/ttemsa.com\/industria\/index.php\/tidland\/"},{"@type":"ListItem","position":3,"name":"47 corte","item":"https:\/\/ttemsa.com\/industria\/index.php\/tidland\/47-corte\/"},{"@type":"ListItem","position":4,"name":"Sistema de corte de posicionamiento Electr\u00f3nico ESP"}]},{"@type":"WebSite","@id":"https:\/\/ttemsa.com\/industria\/#website","url":"https:\/\/ttemsa.com\/industria\/","name":"industria-de-la-conversion.ttemsa","description":"Designed Dianalacazadora.com","alternateName":"ttemsa l\u00edderes en la industria de la conversi\u00f3n","potentialAction":[{"@type":"SearchAction","target":{"@type":"EntryPoint","urlTemplate":"https:\/\/ttemsa.com\/industria\/?s={search_term_string}"},"query-input":{"@type":"PropertyValueSpecification","valueRequired":true,"valueName":"search_term_string"}}],"inLanguage":"es"}]}},"_links":{"self":[{"href":"https:\/\/ttemsa.com\/industria\/index.php\/wp-json\/wp\/v2\/pages\/1629","targetHints":{"allow":["GET"]}}],"collection":[{"href":"https:\/\/ttemsa.com\/industria\/index.php\/wp-json\/wp\/v2\/pages"}],"about":[{"href":"https:\/\/ttemsa.com\/industria\/index.php\/wp-json\/wp\/v2\/types\/page"}],"author":[{"embeddable":true,"href":"https:\/\/ttemsa.com\/industria\/index.php\/wp-json\/wp\/v2\/users\/1"}],"replies":[{"embeddable":true,"href":"https:\/\/ttemsa.com\/industria\/index.php\/wp-json\/wp\/v2\/comments?post=1629"}],"version-history":[{"count":9,"href":"https:\/\/ttemsa.com\/industria\/index.php\/wp-json\/wp\/v2\/pages\/1629\/revisions"}],"predecessor-version":[{"id":3602,"href":"https:\/\/ttemsa.com\/industria\/index.php\/wp-json\/wp\/v2\/pages\/1629\/revisions\/3602"}],"up":[{"embeddable":true,"href":"https:\/\/ttemsa.com\/industria\/index.php\/wp-json\/wp\/v2\/pages\/3600"}],"wp:attachment":[{"href":"https:\/\/ttemsa.com\/industria\/index.php\/wp-json\/wp\/v2\/media?parent=1629"}],"wp:term":[{"taxonomy":"category","embeddable":true,"href":"https:\/\/ttemsa.com\/industria\/index.php\/wp-json\/wp\/v2\/categories?post=1629"},{"taxonomy":"post_tag","embeddable":true,"href":"https:\/\/ttemsa.com\/industria\/index.php\/wp-json\/wp\/v2\/tags?post=1629"}],"curies":[{"name":"wp","href":"https:\/\/api.w.org\/{rel}","templated":true}]}}