{"id":1630,"date":"2024-03-01T20:42:35","date_gmt":"2024-03-01T20:42:35","guid":{"rendered":"https:\/\/ttemsa.com\/industria\/index.php\/tidland\/tidland-copy-copy-19\/"},"modified":"2024-09-10T22:32:51","modified_gmt":"2024-09-10T22:32:51","slug":"327-msp-cortadora-de-posicionamiento-manual","status":"publish","type":"page","link":"https:\/\/ttemsa.com\/industria\/index.php\/tidland\/47-corte\/327-msp-cortadora-de-posicionamiento-manual\/","title":{"rendered":"MSP cortadora de posicionamiento manual"},"content":{"rendered":"<div class=\"wp-block-image\">\n<figure class=\"aligncenter size-full is-resized\"><img loading=\"lazy\" decoding=\"async\" width=\"2560\" height=\"1532\" src=\"https:\/\/ttemsa.com\/industria\/wp-content\/uploads\/2023\/12\/TDLN11-scaled.jpg\" alt=\"\" class=\"wp-image-707\" style=\"width:806px;height:auto\" srcset=\"https:\/\/ttemsa.com\/industria\/wp-content\/uploads\/2023\/12\/TDLN11-scaled.jpg 2560w, https:\/\/ttemsa.com\/industria\/wp-content\/uploads\/2023\/12\/TDLN11-300x180.jpg 300w, https:\/\/ttemsa.com\/industria\/wp-content\/uploads\/2023\/12\/TDLN11-1024x613.jpg 1024w, https:\/\/ttemsa.com\/industria\/wp-content\/uploads\/2023\/12\/TDLN11-768x460.jpg 768w, https:\/\/ttemsa.com\/industria\/wp-content\/uploads\/2023\/12\/TDLN11-1536x919.jpg 1536w, https:\/\/ttemsa.com\/industria\/wp-content\/uploads\/2023\/12\/TDLN11-2048x1225.jpg 2048w\" sizes=\"auto, (max-width: 2560px) 100vw, 2560px\" \/><\/figure>\n<\/div>\n\n<div class=\"wp-block-image\">\n<figure class=\"alignleft size-full is-resized\"><img loading=\"lazy\" decoding=\"async\" width=\"280\" height=\"165\" src=\"https:\/\/ttemsa.com\/industria\/wp-content\/uploads\/2023\/12\/TidlandRoll-Saver2.png\" alt=\"\" class=\"wp-image-519\" style=\"width:254px;height:auto\"\/><\/figure>\n<\/div>\n\n<div class=\"wp-block-image\">\n<figure class=\"aligncenter size-full is-resized\"><img loading=\"lazy\" decoding=\"async\" width=\"460\" height=\"30\" src=\"https:\/\/ttemsa.com\/industria\/wp-content\/uploads\/2023\/12\/tidimage002.png\" alt=\"\" class=\"wp-image-693\" style=\"width:549px;height:auto\" srcset=\"https:\/\/ttemsa.com\/industria\/wp-content\/uploads\/2023\/12\/tidimage002.png 460w, https:\/\/ttemsa.com\/industria\/wp-content\/uploads\/2023\/12\/tidimage002-300x20.png 300w\" sizes=\"auto, (max-width: 460px) 100vw, 460px\" \/><\/figure>\n<\/div>\n\n\n<p class=\"has-text-align-center\">Tidland ESP cortadora de posicionamiento manual.<\/p>\n\n\n\n<p>La cortadora de posicionamiento manual (MSP) de la marca TIDLAND\u00ae, es m\u00e1s que una cortadora. Utiliza un m\u00e9todo que le da un manejo manual avanzado, a la medida de sus necesidades o bien, un sistema de corte semiautom\u00e1tico con componentes dise\u00f1ados de manera modular.<\/p>\n\n\n\n<p><strong>Tidland MSP cortadora de posicionamiento manual<\/strong><\/p>\n\n\n<div class=\"wp-block-image\">\n<figure class=\"aligncenter size-full\"><img loading=\"lazy\" decoding=\"async\" width=\"591\" height=\"358\" src=\"https:\/\/ttemsa.com\/industria\/wp-content\/uploads\/2023\/12\/knifeholders_web-1.jpg\" alt=\"\" class=\"wp-image-709\" srcset=\"https:\/\/ttemsa.com\/industria\/wp-content\/uploads\/2023\/12\/knifeholders_web-1.jpg 591w, https:\/\/ttemsa.com\/industria\/wp-content\/uploads\/2023\/12\/knifeholders_web-1-300x182.jpg 300w\" sizes=\"auto, (max-width: 591px) 100vw, 591px\" \/><\/figure>\n<\/div>\n\n\n<p><strong>La cortadora de posicionamiento manual (MSP) de la marca TIDLAND\u00ae,<\/strong>&nbsp;es m\u00e1s que una cortadora. Utiliza un m\u00e9todo que le da un manejo manual avanzado, a la medida de sus necesidades o bien, un sistema de corte semiautom\u00e1tico con componentes dise\u00f1ados de manera modular. Por su propia naturaleza, el sistema de corte de la MSP es pr\u00e1ctico para casi cualquier aplicaci\u00f3n de conversi\u00f3n. <\/p>\n\n\n\n<p>Comience a utilizar una cortadora manual que combina cuchillas superiores y contra-cuchillas, adem\u00e1s de diferentes opciones de montaje para optimizar su funcionamiento, de igual forma nos brinda la opci\u00f3n abierta de una futura expansi\u00f3n con adaptaciones f\u00e1ciles de adquirir y as\u00ed crear un sistema autom\u00e1tico.<\/p>\n\n\n\n<figure class=\"wp-block-image size-full\"><img loading=\"lazy\" decoding=\"async\" width=\"112\" height=\"48\" src=\"https:\/\/ttemsa.com\/industria\/wp-content\/uploads\/2023\/12\/Captura-de-pantalla-2023-12-24-a-las-6.42.22-a.m.png\" alt=\"\" class=\"wp-image-710\"\/><\/figure>\n\n\n\n<figure class=\"wp-block-embed is-type-video is-provider-youtube wp-block-embed-youtube wp-embed-aspect-4-3 wp-has-aspect-ratio\"><div class=\"wp-block-embed__wrapper\">\n<iframe loading=\"lazy\" title=\"Tidland MSP - Modular Slitter Postioning Systems\" width=\"500\" height=\"375\" src=\"https:\/\/www.youtube.com\/embed\/818LXtxQSHk?feature=oembed\" frameborder=\"0\" allow=\"accelerometer; autoplay; clipboard-write; encrypted-media; gyroscope; picture-in-picture; web-share\" referrerpolicy=\"strict-origin-when-cross-origin\" allowfullscreen><\/iframe>\n<\/div><\/figure>\n\n\n\n<hr class=\"wp-block-separator has-alpha-channel-opacity\"\/>\n\n\n\n<p><\/p>\n\n\n<div class=\"wp-block-image\">\n<figure class=\"aligncenter size-full\"><img loading=\"lazy\" decoding=\"async\" width=\"591\" height=\"358\" src=\"https:\/\/ttemsa.com\/industria\/wp-content\/uploads\/2023\/12\/MSP_wide.jpg\" alt=\"\" class=\"wp-image-711\" srcset=\"https:\/\/ttemsa.com\/industria\/wp-content\/uploads\/2023\/12\/MSP_wide.jpg 591w, https:\/\/ttemsa.com\/industria\/wp-content\/uploads\/2023\/12\/MSP_wide-300x182.jpg 300w\" sizes=\"auto, (max-width: 591px) 100vw, 591px\" \/><\/figure>\n<\/div>","protected":false},"excerpt":{"rendered":"<p>Tidland ESP cortadora de posicionamiento manual. La cortadora de posicionamiento manual (MSP) de la marca TIDLAND\u00ae, es m\u00e1s que una cortadora. Utiliza un m\u00e9todo que le da un manejo manual avanzado, a la medida de sus necesidades o bien, un sistema de corte semiautom\u00e1tico con componentes dise\u00f1ados de manera modular. Tidland MSP cortadora de posicionamiento [&hellip;]<\/p>\n","protected":false},"author":1,"featured_media":0,"parent":3600,"menu_order":0,"comment_status":"closed","ping_status":"closed","template":"","meta":{"content-type":"","footnotes":""},"categories":[16],"tags":[],"class_list":["post-1630","page","type-page","status-publish","hentry","category-tidland"],"yoast_head":"<!-- This site is optimized with the Yoast SEO plugin v26.6 - https:\/\/yoast.com\/wordpress\/plugins\/seo\/ -->\n<title>MSP cortadora de posicionamiento manual - industria-de-la-conversion.ttemsa<\/title>\n<meta name=\"description\" content=\"MSP cortadora de posicionamiento manual La cortadora de posicionamiento manual (MSP) de la marca TIDLAND\u00ae, es m\u00e1s que una cortadora.\" \/>\n<meta name=\"robots\" content=\"index, follow, max-snippet:-1, max-image-preview:large, max-video-preview:-1\" \/>\n<link rel=\"canonical\" href=\"https:\/\/ttemsa.com\/industria\/index.php\/tidland\/47-corte\/327-msp-cortadora-de-posicionamiento-manual\/\" \/>\n<meta property=\"og:locale\" content=\"es_MX\" \/>\n<meta property=\"og:type\" content=\"article\" \/>\n<meta property=\"og:title\" content=\"MSP cortadora de posicionamiento manual. La cortadora de posicionamiento manual (MSP) de la marca TIDLAND\u00ae, es m\u00e1s que una cortadora.\" \/>\n<meta property=\"og:description\" content=\"En ttemsa ofrecemos Soluciones. Solicite + info Tel\u00e9fonos: + 52 (55) 5352-0191 5352-1301 5352-6070 5352-0593\" \/>\n<meta property=\"og:url\" content=\"https:\/\/ttemsa.com\/industria\/index.php\/tidland\/47-corte\/327-msp-cortadora-de-posicionamiento-manual\/\" \/>\n<meta property=\"og:site_name\" content=\"industria-de-la-conversion.ttemsa\" \/>\n<meta property=\"article:modified_time\" content=\"2024-09-10T22:32:51+00:00\" \/>\n<meta property=\"og:image\" content=\"https:\/\/ttemsa.com\/industria\/wp-content\/uploads\/2023\/12\/TDLN11-scaled.jpg\" \/>\n\t<meta property=\"og:image:width\" content=\"2560\" \/>\n\t<meta property=\"og:image:height\" content=\"1532\" \/>\n\t<meta property=\"og:image:type\" content=\"image\/jpeg\" \/>\n<meta name=\"twitter:card\" content=\"summary_large_image\" \/>\n<meta name=\"twitter:label1\" content=\"Tiempo de lectura\" \/>\n\t<meta name=\"twitter:data1\" content=\"2 minutos\" \/>\n<script type=\"application\/ld+json\" class=\"yoast-schema-graph\">{\"@context\":\"https:\/\/schema.org\",\"@graph\":[{\"@type\":\"WebPage\",\"@id\":\"https:\/\/ttemsa.com\/industria\/index.php\/tidland\/47-corte\/327-msp-cortadora-de-posicionamiento-manual\/\",\"url\":\"https:\/\/ttemsa.com\/industria\/index.php\/tidland\/47-corte\/327-msp-cortadora-de-posicionamiento-manual\/\",\"name\":\"MSP cortadora de posicionamiento manual - industria-de-la-conversion.ttemsa\",\"isPartOf\":{\"@id\":\"https:\/\/ttemsa.com\/industria\/#website\"},\"primaryImageOfPage\":{\"@id\":\"https:\/\/ttemsa.com\/industria\/index.php\/tidland\/47-corte\/327-msp-cortadora-de-posicionamiento-manual\/#primaryimage\"},\"image\":{\"@id\":\"https:\/\/ttemsa.com\/industria\/index.php\/tidland\/47-corte\/327-msp-cortadora-de-posicionamiento-manual\/#primaryimage\"},\"thumbnailUrl\":\"https:\/\/ttemsa.com\/industria\/wp-content\/uploads\/2023\/12\/TDLN11-scaled.jpg\",\"datePublished\":\"2024-03-01T20:42:35+00:00\",\"dateModified\":\"2024-09-10T22:32:51+00:00\",\"description\":\"MSP cortadora de posicionamiento manual La cortadora de posicionamiento manual (MSP) de la marca TIDLAND\u00ae, es m\u00e1s que una cortadora.\",\"breadcrumb\":{\"@id\":\"https:\/\/ttemsa.com\/industria\/index.php\/tidland\/47-corte\/327-msp-cortadora-de-posicionamiento-manual\/#breadcrumb\"},\"inLanguage\":\"es\",\"potentialAction\":[{\"@type\":\"ReadAction\",\"target\":[\"https:\/\/ttemsa.com\/industria\/index.php\/tidland\/47-corte\/327-msp-cortadora-de-posicionamiento-manual\/\"]}]},{\"@type\":\"ImageObject\",\"inLanguage\":\"es\",\"@id\":\"https:\/\/ttemsa.com\/industria\/index.php\/tidland\/47-corte\/327-msp-cortadora-de-posicionamiento-manual\/#primaryimage\",\"url\":\"https:\/\/ttemsa.com\/industria\/wp-content\/uploads\/2023\/12\/TDLN11-scaled.jpg\",\"contentUrl\":\"https:\/\/ttemsa.com\/industria\/wp-content\/uploads\/2023\/12\/TDLN11-scaled.jpg\",\"width\":2560,\"height\":1532},{\"@type\":\"BreadcrumbList\",\"@id\":\"https:\/\/ttemsa.com\/industria\/index.php\/tidland\/47-corte\/327-msp-cortadora-de-posicionamiento-manual\/#breadcrumb\",\"itemListElement\":[{\"@type\":\"ListItem\",\"position\":1,\"name\":\"Inicio\",\"item\":\"https:\/\/ttemsa.com\/industria\/\"},{\"@type\":\"ListItem\",\"position\":2,\"name\":\"TIDLAND\",\"item\":\"https:\/\/ttemsa.com\/industria\/index.php\/tidland\/\"},{\"@type\":\"ListItem\",\"position\":3,\"name\":\"47 corte\",\"item\":\"https:\/\/ttemsa.com\/industria\/index.php\/tidland\/47-corte\/\"},{\"@type\":\"ListItem\",\"position\":4,\"name\":\"MSP cortadora de posicionamiento manual\"}]},{\"@type\":\"WebSite\",\"@id\":\"https:\/\/ttemsa.com\/industria\/#website\",\"url\":\"https:\/\/ttemsa.com\/industria\/\",\"name\":\"industria-de-la-conversion.ttemsa\",\"description\":\"Designed Dianalacazadora.com\",\"alternateName\":\"ttemsa l\u00edderes en la industria de la conversi\u00f3n\",\"potentialAction\":[{\"@type\":\"SearchAction\",\"target\":{\"@type\":\"EntryPoint\",\"urlTemplate\":\"https:\/\/ttemsa.com\/industria\/?s={search_term_string}\"},\"query-input\":{\"@type\":\"PropertyValueSpecification\",\"valueRequired\":true,\"valueName\":\"search_term_string\"}}],\"inLanguage\":\"es\"}]}<\/script>\n<!-- \/ Yoast SEO plugin. -->","yoast_head_json":{"title":"MSP cortadora de posicionamiento manual - industria-de-la-conversion.ttemsa","description":"MSP cortadora de posicionamiento manual La cortadora de posicionamiento manual (MSP) de la marca TIDLAND\u00ae, es m\u00e1s que una cortadora.","robots":{"index":"index","follow":"follow","max-snippet":"max-snippet:-1","max-image-preview":"max-image-preview:large","max-video-preview":"max-video-preview:-1"},"canonical":"https:\/\/ttemsa.com\/industria\/index.php\/tidland\/47-corte\/327-msp-cortadora-de-posicionamiento-manual\/","og_locale":"es_MX","og_type":"article","og_title":"MSP cortadora de posicionamiento manual. La cortadora de posicionamiento manual (MSP) de la marca TIDLAND\u00ae, es m\u00e1s que una cortadora.","og_description":"En ttemsa ofrecemos Soluciones. Solicite + info Tel\u00e9fonos: + 52 (55) 5352-0191 5352-1301 5352-6070 5352-0593","og_url":"https:\/\/ttemsa.com\/industria\/index.php\/tidland\/47-corte\/327-msp-cortadora-de-posicionamiento-manual\/","og_site_name":"industria-de-la-conversion.ttemsa","article_modified_time":"2024-09-10T22:32:51+00:00","og_image":[{"width":2560,"height":1532,"url":"https:\/\/ttemsa.com\/industria\/wp-content\/uploads\/2023\/12\/TDLN11-scaled.jpg","type":"image\/jpeg"}],"twitter_card":"summary_large_image","twitter_misc":{"Tiempo de lectura":"2 minutos"},"schema":{"@context":"https:\/\/schema.org","@graph":[{"@type":"WebPage","@id":"https:\/\/ttemsa.com\/industria\/index.php\/tidland\/47-corte\/327-msp-cortadora-de-posicionamiento-manual\/","url":"https:\/\/ttemsa.com\/industria\/index.php\/tidland\/47-corte\/327-msp-cortadora-de-posicionamiento-manual\/","name":"MSP cortadora de posicionamiento manual - industria-de-la-conversion.ttemsa","isPartOf":{"@id":"https:\/\/ttemsa.com\/industria\/#website"},"primaryImageOfPage":{"@id":"https:\/\/ttemsa.com\/industria\/index.php\/tidland\/47-corte\/327-msp-cortadora-de-posicionamiento-manual\/#primaryimage"},"image":{"@id":"https:\/\/ttemsa.com\/industria\/index.php\/tidland\/47-corte\/327-msp-cortadora-de-posicionamiento-manual\/#primaryimage"},"thumbnailUrl":"https:\/\/ttemsa.com\/industria\/wp-content\/uploads\/2023\/12\/TDLN11-scaled.jpg","datePublished":"2024-03-01T20:42:35+00:00","dateModified":"2024-09-10T22:32:51+00:00","description":"MSP cortadora de posicionamiento manual La cortadora de posicionamiento manual (MSP) de la marca TIDLAND\u00ae, es m\u00e1s que una cortadora.","breadcrumb":{"@id":"https:\/\/ttemsa.com\/industria\/index.php\/tidland\/47-corte\/327-msp-cortadora-de-posicionamiento-manual\/#breadcrumb"},"inLanguage":"es","potentialAction":[{"@type":"ReadAction","target":["https:\/\/ttemsa.com\/industria\/index.php\/tidland\/47-corte\/327-msp-cortadora-de-posicionamiento-manual\/"]}]},{"@type":"ImageObject","inLanguage":"es","@id":"https:\/\/ttemsa.com\/industria\/index.php\/tidland\/47-corte\/327-msp-cortadora-de-posicionamiento-manual\/#primaryimage","url":"https:\/\/ttemsa.com\/industria\/wp-content\/uploads\/2023\/12\/TDLN11-scaled.jpg","contentUrl":"https:\/\/ttemsa.com\/industria\/wp-content\/uploads\/2023\/12\/TDLN11-scaled.jpg","width":2560,"height":1532},{"@type":"BreadcrumbList","@id":"https:\/\/ttemsa.com\/industria\/index.php\/tidland\/47-corte\/327-msp-cortadora-de-posicionamiento-manual\/#breadcrumb","itemListElement":[{"@type":"ListItem","position":1,"name":"Inicio","item":"https:\/\/ttemsa.com\/industria\/"},{"@type":"ListItem","position":2,"name":"TIDLAND","item":"https:\/\/ttemsa.com\/industria\/index.php\/tidland\/"},{"@type":"ListItem","position":3,"name":"47 corte","item":"https:\/\/ttemsa.com\/industria\/index.php\/tidland\/47-corte\/"},{"@type":"ListItem","position":4,"name":"MSP cortadora de posicionamiento manual"}]},{"@type":"WebSite","@id":"https:\/\/ttemsa.com\/industria\/#website","url":"https:\/\/ttemsa.com\/industria\/","name":"industria-de-la-conversion.ttemsa","description":"Designed Dianalacazadora.com","alternateName":"ttemsa l\u00edderes en la industria de la conversi\u00f3n","potentialAction":[{"@type":"SearchAction","target":{"@type":"EntryPoint","urlTemplate":"https:\/\/ttemsa.com\/industria\/?s={search_term_string}"},"query-input":{"@type":"PropertyValueSpecification","valueRequired":true,"valueName":"search_term_string"}}],"inLanguage":"es"}]}},"_links":{"self":[{"href":"https:\/\/ttemsa.com\/industria\/index.php\/wp-json\/wp\/v2\/pages\/1630","targetHints":{"allow":["GET"]}}],"collection":[{"href":"https:\/\/ttemsa.com\/industria\/index.php\/wp-json\/wp\/v2\/pages"}],"about":[{"href":"https:\/\/ttemsa.com\/industria\/index.php\/wp-json\/wp\/v2\/types\/page"}],"author":[{"embeddable":true,"href":"https:\/\/ttemsa.com\/industria\/index.php\/wp-json\/wp\/v2\/users\/1"}],"replies":[{"embeddable":true,"href":"https:\/\/ttemsa.com\/industria\/index.php\/wp-json\/wp\/v2\/comments?post=1630"}],"version-history":[{"count":3,"href":"https:\/\/ttemsa.com\/industria\/index.php\/wp-json\/wp\/v2\/pages\/1630\/revisions"}],"predecessor-version":[{"id":3157,"href":"https:\/\/ttemsa.com\/industria\/index.php\/wp-json\/wp\/v2\/pages\/1630\/revisions\/3157"}],"up":[{"embeddable":true,"href":"https:\/\/ttemsa.com\/industria\/index.php\/wp-json\/wp\/v2\/pages\/3600"}],"wp:attachment":[{"href":"https:\/\/ttemsa.com\/industria\/index.php\/wp-json\/wp\/v2\/media?parent=1630"}],"wp:term":[{"taxonomy":"category","embeddable":true,"href":"https:\/\/ttemsa.com\/industria\/index.php\/wp-json\/wp\/v2\/categories?post=1630"},{"taxonomy":"post_tag","embeddable":true,"href":"https:\/\/ttemsa.com\/industria\/index.php\/wp-json\/wp\/v2\/tags?post=1630"}],"curies":[{"name":"wp","href":"https:\/\/api.w.org\/{rel}","templated":true}]}}