{"id":1631,"date":"2024-03-01T20:42:42","date_gmt":"2024-03-01T20:42:42","guid":{"rendered":"https:\/\/ttemsa.com\/industria\/index.php\/tidland\/tidland-copy-copy-20\/"},"modified":"2024-09-10T23:18:50","modified_gmt":"2024-09-10T23:18:50","slug":"tidland-frenos-neumaticos","status":"publish","type":"page","link":"https:\/\/ttemsa.com\/industria\/index.php\/tidland\/tidland-frenos-neumaticos\/","title":{"rendered":"Frenos Neum\u00e1ticos"},"content":{"rendered":"<div class=\"wp-block-image\">\n<figure class=\"aligncenter size-full is-resized\"><img loading=\"lazy\" decoding=\"async\" width=\"644\" height=\"643\" src=\"https:\/\/ttemsa.com\/industria\/wp-content\/uploads\/2023\/12\/22.jpg\" alt=\"\" class=\"wp-image-729\" style=\"width:350px;height:auto\" srcset=\"https:\/\/ttemsa.com\/industria\/wp-content\/uploads\/2023\/12\/22.jpg 644w, https:\/\/ttemsa.com\/industria\/wp-content\/uploads\/2023\/12\/22-300x300.jpg 300w, https:\/\/ttemsa.com\/industria\/wp-content\/uploads\/2023\/12\/22-150x150.jpg 150w\" sizes=\"auto, (max-width: 644px) 100vw, 644px\" \/><figcaption class=\"wp-element-caption\"><strong>Frenos Neum\u00e1ticos<\/strong><\/figcaption><\/figure>\n<\/div>\n\n<div class=\"wp-block-image\">\n<figure class=\"aligncenter size-full is-resized\"><img loading=\"lazy\" decoding=\"async\" width=\"351\" height=\"156\" src=\"https:\/\/ttemsa.com\/industria\/wp-content\/uploads\/2023\/12\/tidland-1.jpg\" alt=\"\" class=\"wp-image-574\" style=\"width:194px;height:auto\" srcset=\"https:\/\/ttemsa.com\/industria\/wp-content\/uploads\/2023\/12\/tidland-1.jpg 351w, https:\/\/ttemsa.com\/industria\/wp-content\/uploads\/2023\/12\/tidland-1-300x133.jpg 300w\" sizes=\"auto, (max-width: 351px) 100vw, 351px\" \/><\/figure>\n<\/div>\n\n\n<p><strong>Tomar ventaja de las tecnolog\u00edas emergentes,&nbsp;<\/strong>o adaptarse a las nuevas oportunidades del mercado, TIDLAND ha evolucionado en las oportunidades del mercado, agregando innovaci\u00f3n en las caracter\u00edsticas tecnol\u00f3gicas en nuestro freno neum\u00e1tico Smart, Tidland ha mejorado la disipaci\u00f3n de calor y proporciona mayor productividad al crear el freno Smart.<\/p>\n\n\n\n<h2 class=\"wp-block-heading\">TIDLAND Frenos Neum\u00e1ticos<\/h2>\n\n\n<div class=\"wp-block-image\">\n<figure class=\"aligncenter size-full\"><img loading=\"lazy\" decoding=\"async\" width=\"591\" height=\"358\" src=\"https:\/\/ttemsa.com\/industria\/wp-content\/uploads\/2023\/12\/brake.jpg\" alt=\"\" class=\"wp-image-730\" srcset=\"https:\/\/ttemsa.com\/industria\/wp-content\/uploads\/2023\/12\/brake.jpg 591w, https:\/\/ttemsa.com\/industria\/wp-content\/uploads\/2023\/12\/brake-300x182.jpg 300w\" sizes=\"auto, (max-width: 591px) 100vw, 591px\" \/><\/figure>\n<\/div>\n\n\n<p>Frenos de aire Tidland Frenos de disco operados por aire y enfriados por aire para frenado intermitente y requisitos de tensi\u00f3n continua El dise\u00f1o de freno modular se adapta a una amplia variedad de aplicaciones Control de tensi\u00f3n preciso y confiable, desde el tejido m\u00e1s fr\u00e1gil hasta los papeles m\u00e1s pesados \u200b\u200bLas piezas m\u00f3viles m\u00ednimas y los materiales duraderos brindan larga duraci\u00f3n -Operaci\u00f3n duradera F\u00e1cil actualizaci\u00f3n e instalaci\u00f3n, dise\u00f1ado para configuraci\u00f3n disponible en el mercado. Las pinzas opuestas son autoajustables y no requieren herramientas especiales para su mantenimiento.<\/p>\n\n\n\n<p class=\"has-medium-font-size\"><strong>Caracter\u00edsticas TIDLAND Frenos Neum\u00e1ticos<\/strong><\/p>\n\n\n<div class=\"wp-block-image\">\n<figure class=\"aligncenter size-full\"><img loading=\"lazy\" decoding=\"async\" width=\"591\" height=\"358\" src=\"https:\/\/ttemsa.com\/industria\/wp-content\/uploads\/2023\/12\/AirBrakeRoll_0.jpg\" alt=\"\" class=\"wp-image-731\" srcset=\"https:\/\/ttemsa.com\/industria\/wp-content\/uploads\/2023\/12\/AirBrakeRoll_0.jpg 591w, https:\/\/ttemsa.com\/industria\/wp-content\/uploads\/2023\/12\/AirBrakeRoll_0-300x182.jpg 300w\" sizes=\"auto, (max-width: 591px) 100vw, 591px\" \/><\/figure>\n<\/div>\n\n\n<p><\/p>\n\n\n\n<figure class=\"wp-block-embed is-type-video is-provider-youtube wp-block-embed-youtube wp-embed-aspect-4-3 wp-has-aspect-ratio\"><div class=\"wp-block-embed__wrapper\">\n<iframe loading=\"lazy\" title=\"Tidland Air Brakes Retrofitting Installation Manual\" width=\"500\" height=\"375\" src=\"https:\/\/www.youtube.com\/embed\/fv-JtvIVcQc?start=2&#038;feature=oembed\" frameborder=\"0\" allow=\"accelerometer; autoplay; clipboard-write; encrypted-media; gyroscope; picture-in-picture; web-share\" referrerpolicy=\"strict-origin-when-cross-origin\" allowfullscreen><\/iframe>\n<\/div><\/figure>\n\n\n\n<figure class=\"wp-block-image size-full\"><img loading=\"lazy\" decoding=\"async\" width=\"182\" height=\"44\" src=\"https:\/\/ttemsa.com\/industria\/wp-content\/uploads\/2023\/12\/Captura-de-pantalla-2023-12-24-a-las-6.17.15-a.m.png\" alt=\"\" class=\"wp-image-696\"\/><\/figure>\n","protected":false},"excerpt":{"rendered":"<p>Tomar ventaja de las tecnolog\u00edas emergentes,&nbsp;o adaptarse a las nuevas oportunidades del mercado, TIDLAND ha evolucionado en las oportunidades del mercado, agregando innovaci\u00f3n en las caracter\u00edsticas tecnol\u00f3gicas en nuestro freno neum\u00e1tico Smart, Tidland ha mejorado la disipaci\u00f3n de calor y proporciona mayor productividad al crear el freno Smart. TIDLAND Frenos Neum\u00e1ticos Frenos de aire Tidland [&hellip;]<\/p>\n","protected":false},"author":1,"featured_media":0,"parent":302,"menu_order":0,"comment_status":"closed","ping_status":"closed","template":"","meta":{"content-type":"","footnotes":""},"categories":[16],"tags":[],"class_list":["post-1631","page","type-page","status-publish","hentry","category-tidland"],"yoast_head":"<!-- This site is optimized with the Yoast SEO plugin v26.6 - https:\/\/yoast.com\/wordpress\/plugins\/seo\/ -->\n<title>Frenos Neum\u00e1ticos - industria-de-la-conversion.ttemsa<\/title>\n<meta name=\"description\" content=\"TIDLAND Frenos Neum\u00e1ticos Tomar ventaja de las tecnolog\u00edas emergentes, o adaptarse a las nuevas oportunidades del mercado, TIDLAND ha evolucionado\" \/>\n<meta name=\"robots\" content=\"index, follow, max-snippet:-1, max-image-preview:large, max-video-preview:-1\" \/>\n<link rel=\"canonical\" href=\"https:\/\/ttemsa.com\/industria\/index.php\/tidland\/tidland-frenos-neumaticos\/\" \/>\n<meta property=\"og:locale\" content=\"es_MX\" \/>\n<meta property=\"og:type\" content=\"article\" \/>\n<meta property=\"og:title\" content=\"TIDLAND Frenos Neum\u00e1ticos, Tomar ventaja de las tecnolog\u00edas emergentes, o adaptarse a las nuevas oportunidades del mercado, TIDLAND ha evolucionado\" \/>\n<meta property=\"og:description\" content=\"En ttemsa ofrecemos Soluciones. Solicite + info Tel\u00e9fonos: + 52 (55) 5352-0191 5352-1301 5352-6070 5352-0593\" \/>\n<meta property=\"og:url\" content=\"https:\/\/ttemsa.com\/industria\/index.php\/tidland\/tidland-frenos-neumaticos\/\" \/>\n<meta property=\"og:site_name\" content=\"industria-de-la-conversion.ttemsa\" \/>\n<meta property=\"article:modified_time\" content=\"2024-09-10T23:18:50+00:00\" \/>\n<meta property=\"og:image\" content=\"https:\/\/ttemsa.com\/industria\/wp-content\/uploads\/2023\/12\/22.jpg\" \/>\n\t<meta property=\"og:image:width\" content=\"644\" \/>\n\t<meta property=\"og:image:height\" content=\"643\" \/>\n\t<meta property=\"og:image:type\" content=\"image\/jpeg\" \/>\n<meta name=\"twitter:card\" content=\"summary_large_image\" \/>\n<meta name=\"twitter:label1\" content=\"Tiempo de lectura\" \/>\n\t<meta name=\"twitter:data1\" content=\"2 minutos\" \/>\n<script type=\"application\/ld+json\" class=\"yoast-schema-graph\">{\"@context\":\"https:\/\/schema.org\",\"@graph\":[{\"@type\":\"WebPage\",\"@id\":\"https:\/\/ttemsa.com\/industria\/index.php\/tidland\/tidland-frenos-neumaticos\/\",\"url\":\"https:\/\/ttemsa.com\/industria\/index.php\/tidland\/tidland-frenos-neumaticos\/\",\"name\":\"Frenos Neum\u00e1ticos - industria-de-la-conversion.ttemsa\",\"isPartOf\":{\"@id\":\"https:\/\/ttemsa.com\/industria\/#website\"},\"primaryImageOfPage\":{\"@id\":\"https:\/\/ttemsa.com\/industria\/index.php\/tidland\/tidland-frenos-neumaticos\/#primaryimage\"},\"image\":{\"@id\":\"https:\/\/ttemsa.com\/industria\/index.php\/tidland\/tidland-frenos-neumaticos\/#primaryimage\"},\"thumbnailUrl\":\"https:\/\/ttemsa.com\/industria\/wp-content\/uploads\/2023\/12\/22.jpg\",\"datePublished\":\"2024-03-01T20:42:42+00:00\",\"dateModified\":\"2024-09-10T23:18:50+00:00\",\"description\":\"TIDLAND Frenos Neum\u00e1ticos Tomar ventaja de las tecnolog\u00edas emergentes, o adaptarse a las nuevas oportunidades del mercado, TIDLAND ha evolucionado\",\"breadcrumb\":{\"@id\":\"https:\/\/ttemsa.com\/industria\/index.php\/tidland\/tidland-frenos-neumaticos\/#breadcrumb\"},\"inLanguage\":\"es\",\"potentialAction\":[{\"@type\":\"ReadAction\",\"target\":[\"https:\/\/ttemsa.com\/industria\/index.php\/tidland\/tidland-frenos-neumaticos\/\"]}]},{\"@type\":\"ImageObject\",\"inLanguage\":\"es\",\"@id\":\"https:\/\/ttemsa.com\/industria\/index.php\/tidland\/tidland-frenos-neumaticos\/#primaryimage\",\"url\":\"https:\/\/ttemsa.com\/industria\/wp-content\/uploads\/2023\/12\/22.jpg\",\"contentUrl\":\"https:\/\/ttemsa.com\/industria\/wp-content\/uploads\/2023\/12\/22.jpg\",\"width\":644,\"height\":643},{\"@type\":\"BreadcrumbList\",\"@id\":\"https:\/\/ttemsa.com\/industria\/index.php\/tidland\/tidland-frenos-neumaticos\/#breadcrumb\",\"itemListElement\":[{\"@type\":\"ListItem\",\"position\":1,\"name\":\"Inicio\",\"item\":\"https:\/\/ttemsa.com\/industria\/\"},{\"@type\":\"ListItem\",\"position\":2,\"name\":\"TIDLAND\",\"item\":\"https:\/\/ttemsa.com\/industria\/index.php\/tidland\/\"},{\"@type\":\"ListItem\",\"position\":3,\"name\":\"Frenos Neum\u00e1ticos\"}]},{\"@type\":\"WebSite\",\"@id\":\"https:\/\/ttemsa.com\/industria\/#website\",\"url\":\"https:\/\/ttemsa.com\/industria\/\",\"name\":\"industria-de-la-conversion.ttemsa\",\"description\":\"Designed Dianalacazadora.com\",\"alternateName\":\"ttemsa l\u00edderes en la industria de la conversi\u00f3n\",\"potentialAction\":[{\"@type\":\"SearchAction\",\"target\":{\"@type\":\"EntryPoint\",\"urlTemplate\":\"https:\/\/ttemsa.com\/industria\/?s={search_term_string}\"},\"query-input\":{\"@type\":\"PropertyValueSpecification\",\"valueRequired\":true,\"valueName\":\"search_term_string\"}}],\"inLanguage\":\"es\"}]}<\/script>\n<!-- \/ Yoast SEO plugin. -->","yoast_head_json":{"title":"Frenos Neum\u00e1ticos - industria-de-la-conversion.ttemsa","description":"TIDLAND Frenos Neum\u00e1ticos Tomar ventaja de las tecnolog\u00edas emergentes, o adaptarse a las nuevas oportunidades del mercado, TIDLAND ha evolucionado","robots":{"index":"index","follow":"follow","max-snippet":"max-snippet:-1","max-image-preview":"max-image-preview:large","max-video-preview":"max-video-preview:-1"},"canonical":"https:\/\/ttemsa.com\/industria\/index.php\/tidland\/tidland-frenos-neumaticos\/","og_locale":"es_MX","og_type":"article","og_title":"TIDLAND Frenos Neum\u00e1ticos, Tomar ventaja de las tecnolog\u00edas emergentes, o adaptarse a las nuevas oportunidades del mercado, TIDLAND ha evolucionado","og_description":"En ttemsa ofrecemos Soluciones. Solicite + info Tel\u00e9fonos: + 52 (55) 5352-0191 5352-1301 5352-6070 5352-0593","og_url":"https:\/\/ttemsa.com\/industria\/index.php\/tidland\/tidland-frenos-neumaticos\/","og_site_name":"industria-de-la-conversion.ttemsa","article_modified_time":"2024-09-10T23:18:50+00:00","og_image":[{"width":644,"height":643,"url":"https:\/\/ttemsa.com\/industria\/wp-content\/uploads\/2023\/12\/22.jpg","type":"image\/jpeg"}],"twitter_card":"summary_large_image","twitter_misc":{"Tiempo de lectura":"2 minutos"},"schema":{"@context":"https:\/\/schema.org","@graph":[{"@type":"WebPage","@id":"https:\/\/ttemsa.com\/industria\/index.php\/tidland\/tidland-frenos-neumaticos\/","url":"https:\/\/ttemsa.com\/industria\/index.php\/tidland\/tidland-frenos-neumaticos\/","name":"Frenos Neum\u00e1ticos - industria-de-la-conversion.ttemsa","isPartOf":{"@id":"https:\/\/ttemsa.com\/industria\/#website"},"primaryImageOfPage":{"@id":"https:\/\/ttemsa.com\/industria\/index.php\/tidland\/tidland-frenos-neumaticos\/#primaryimage"},"image":{"@id":"https:\/\/ttemsa.com\/industria\/index.php\/tidland\/tidland-frenos-neumaticos\/#primaryimage"},"thumbnailUrl":"https:\/\/ttemsa.com\/industria\/wp-content\/uploads\/2023\/12\/22.jpg","datePublished":"2024-03-01T20:42:42+00:00","dateModified":"2024-09-10T23:18:50+00:00","description":"TIDLAND Frenos Neum\u00e1ticos Tomar ventaja de las tecnolog\u00edas emergentes, o adaptarse a las nuevas oportunidades del mercado, TIDLAND ha evolucionado","breadcrumb":{"@id":"https:\/\/ttemsa.com\/industria\/index.php\/tidland\/tidland-frenos-neumaticos\/#breadcrumb"},"inLanguage":"es","potentialAction":[{"@type":"ReadAction","target":["https:\/\/ttemsa.com\/industria\/index.php\/tidland\/tidland-frenos-neumaticos\/"]}]},{"@type":"ImageObject","inLanguage":"es","@id":"https:\/\/ttemsa.com\/industria\/index.php\/tidland\/tidland-frenos-neumaticos\/#primaryimage","url":"https:\/\/ttemsa.com\/industria\/wp-content\/uploads\/2023\/12\/22.jpg","contentUrl":"https:\/\/ttemsa.com\/industria\/wp-content\/uploads\/2023\/12\/22.jpg","width":644,"height":643},{"@type":"BreadcrumbList","@id":"https:\/\/ttemsa.com\/industria\/index.php\/tidland\/tidland-frenos-neumaticos\/#breadcrumb","itemListElement":[{"@type":"ListItem","position":1,"name":"Inicio","item":"https:\/\/ttemsa.com\/industria\/"},{"@type":"ListItem","position":2,"name":"TIDLAND","item":"https:\/\/ttemsa.com\/industria\/index.php\/tidland\/"},{"@type":"ListItem","position":3,"name":"Frenos Neum\u00e1ticos"}]},{"@type":"WebSite","@id":"https:\/\/ttemsa.com\/industria\/#website","url":"https:\/\/ttemsa.com\/industria\/","name":"industria-de-la-conversion.ttemsa","description":"Designed Dianalacazadora.com","alternateName":"ttemsa l\u00edderes en la industria de la conversi\u00f3n","potentialAction":[{"@type":"SearchAction","target":{"@type":"EntryPoint","urlTemplate":"https:\/\/ttemsa.com\/industria\/?s={search_term_string}"},"query-input":{"@type":"PropertyValueSpecification","valueRequired":true,"valueName":"search_term_string"}}],"inLanguage":"es"}]}},"_links":{"self":[{"href":"https:\/\/ttemsa.com\/industria\/index.php\/wp-json\/wp\/v2\/pages\/1631","targetHints":{"allow":["GET"]}}],"collection":[{"href":"https:\/\/ttemsa.com\/industria\/index.php\/wp-json\/wp\/v2\/pages"}],"about":[{"href":"https:\/\/ttemsa.com\/industria\/index.php\/wp-json\/wp\/v2\/types\/page"}],"author":[{"embeddable":true,"href":"https:\/\/ttemsa.com\/industria\/index.php\/wp-json\/wp\/v2\/users\/1"}],"replies":[{"embeddable":true,"href":"https:\/\/ttemsa.com\/industria\/index.php\/wp-json\/wp\/v2\/comments?post=1631"}],"version-history":[{"count":3,"href":"https:\/\/ttemsa.com\/industria\/index.php\/wp-json\/wp\/v2\/pages\/1631\/revisions"}],"predecessor-version":[{"id":3190,"href":"https:\/\/ttemsa.com\/industria\/index.php\/wp-json\/wp\/v2\/pages\/1631\/revisions\/3190"}],"up":[{"embeddable":true,"href":"https:\/\/ttemsa.com\/industria\/index.php\/wp-json\/wp\/v2\/pages\/302"}],"wp:attachment":[{"href":"https:\/\/ttemsa.com\/industria\/index.php\/wp-json\/wp\/v2\/media?parent=1631"}],"wp:term":[{"taxonomy":"category","embeddable":true,"href":"https:\/\/ttemsa.com\/industria\/index.php\/wp-json\/wp\/v2\/categories?post=1631"},{"taxonomy":"post_tag","embeddable":true,"href":"https:\/\/ttemsa.com\/industria\/index.php\/wp-json\/wp\/v2\/tags?post=1631"}],"curies":[{"name":"wp","href":"https:\/\/api.w.org\/{rel}","templated":true}]}}