{"id":1662,"date":"2024-03-01T21:04:13","date_gmt":"2024-03-01T21:04:13","guid":{"rendered":"https:\/\/ttemsa.com\/industria\/index.php\/simco-ion\/catalogo-general-copy-copy\/"},"modified":"2024-09-06T19:48:51","modified_gmt":"2024-09-06T19:48:51","slug":"barra-pinner-lp","status":"publish","type":"page","link":"https:\/\/ttemsa.com\/industria\/index.php\/simco-ion\/cargadores-de-estatica-chargemaster\/barra-pinner-lp\/","title":{"rendered":"BARRA PINNER LP"},"content":{"rendered":"<div class=\"wp-block-image\">\n<figure class=\"aligncenter size-full is-resized\"><img loading=\"lazy\" decoding=\"async\" width=\"507\" height=\"325\" src=\"https:\/\/ttemsa.com\/industria\/wp-content\/uploads\/2024\/03\/1lp.png\" alt=\"\" class=\"wp-image-2299\" style=\"width:712px;height:auto\" srcset=\"https:\/\/ttemsa.com\/industria\/wp-content\/uploads\/2024\/03\/1lp.png 507w, https:\/\/ttemsa.com\/industria\/wp-content\/uploads\/2024\/03\/1lp-300x192.png 300w\" sizes=\"auto, (max-width: 507px) 100vw, 507px\" \/><\/figure>\n<\/div>\n\n<div class=\"wp-block-image\">\n<figure class=\"aligncenter size-full is-resized\"><img loading=\"lazy\" decoding=\"async\" width=\"640\" height=\"169\" src=\"https:\/\/ttemsa.com\/industria\/wp-content\/uploads\/2023\/12\/logo-simco.png\" alt=\"\" class=\"wp-image-940\" style=\"width:225px;height:auto\" srcset=\"https:\/\/ttemsa.com\/industria\/wp-content\/uploads\/2023\/12\/logo-simco.png 640w, https:\/\/ttemsa.com\/industria\/wp-content\/uploads\/2023\/12\/logo-simco-300x79.png 300w\" sizes=\"auto, (max-width: 640px) 100vw, 640px\" \/><\/figure>\n<\/div>","protected":false},"excerpt":{"rendered":"","protected":false},"author":1,"featured_media":0,"parent":1687,"menu_order":0,"comment_status":"closed","ping_status":"closed","template":"","meta":{"content-type":"","footnotes":""},"categories":[18],"tags":[],"class_list":["post-1662","page","type-page","status-publish","hentry","category-simco-ion"],"yoast_head":"<!-- This site is optimized with the Yoast SEO plugin v26.6 - https:\/\/yoast.com\/wordpress\/plugins\/seo\/ -->\n<title>BARRA PINNER LP - industria-de-la-conversion.ttemsa<\/title>\n<meta name=\"description\" content=\"Con dise\u00f1o esbelto, la Barra Pinner LP es la mas peque\u00f1a de las barras cargadoras Simco-lon haci\u00e9ndolas f\u00e1ciles de colocar en espacios limitados.\" \/>\n<meta name=\"robots\" content=\"index, follow, max-snippet:-1, max-image-preview:large, max-video-preview:-1\" \/>\n<link rel=\"canonical\" href=\"https:\/\/ttemsa.com\/industria\/index.php\/simco-ion\/cargadores-de-estatica-chargemaster\/barra-pinner-lp\/\" \/>\n<meta property=\"og:locale\" content=\"es_MX\" \/>\n<meta property=\"og:type\" content=\"article\" \/>\n<meta property=\"og:title\" content=\"Barra Pinner LP Con dise\u00f1o esbelto, la Barra Pinner LP es la mas peque\u00f1a de las barras cargadoras Simco-lon haci\u00e9ndolas f\u00e1ciles de colocar en espacios limitados.\" \/>\n<meta property=\"og:description\" content=\"En ttemsa ofrecemos Soluciones. Solicite + info Tel\u00e9fonos: + 52 (55) 5352-0191 5352-1301 5352-6070 5352-0593\" \/>\n<meta property=\"og:url\" content=\"https:\/\/ttemsa.com\/industria\/index.php\/simco-ion\/cargadores-de-estatica-chargemaster\/barra-pinner-lp\/\" \/>\n<meta property=\"og:site_name\" content=\"industria-de-la-conversion.ttemsa\" \/>\n<meta property=\"article:modified_time\" content=\"2024-09-06T19:48:51+00:00\" \/>\n<meta property=\"og:image\" content=\"https:\/\/ttemsa.com\/industria\/wp-content\/uploads\/2024\/03\/1lp.png\" \/>\n\t<meta property=\"og:image:width\" content=\"507\" \/>\n\t<meta property=\"og:image:height\" content=\"325\" \/>\n\t<meta property=\"og:image:type\" content=\"image\/png\" \/>\n<meta name=\"twitter:card\" content=\"summary_large_image\" \/>\n<meta name=\"twitter:label1\" content=\"Tiempo de lectura\" \/>\n\t<meta name=\"twitter:data1\" content=\"1 minuto\" \/>\n<script type=\"application\/ld+json\" class=\"yoast-schema-graph\">{\"@context\":\"https:\/\/schema.org\",\"@graph\":[{\"@type\":\"WebPage\",\"@id\":\"https:\/\/ttemsa.com\/industria\/index.php\/simco-ion\/cargadores-de-estatica-chargemaster\/barra-pinner-lp\/\",\"url\":\"https:\/\/ttemsa.com\/industria\/index.php\/simco-ion\/cargadores-de-estatica-chargemaster\/barra-pinner-lp\/\",\"name\":\"BARRA PINNER LP - industria-de-la-conversion.ttemsa\",\"isPartOf\":{\"@id\":\"https:\/\/ttemsa.com\/industria\/#website\"},\"primaryImageOfPage\":{\"@id\":\"https:\/\/ttemsa.com\/industria\/index.php\/simco-ion\/cargadores-de-estatica-chargemaster\/barra-pinner-lp\/#primaryimage\"},\"image\":{\"@id\":\"https:\/\/ttemsa.com\/industria\/index.php\/simco-ion\/cargadores-de-estatica-chargemaster\/barra-pinner-lp\/#primaryimage\"},\"thumbnailUrl\":\"https:\/\/ttemsa.com\/industria\/wp-content\/uploads\/2024\/03\/1lp.png\",\"datePublished\":\"2024-03-01T21:04:13+00:00\",\"dateModified\":\"2024-09-06T19:48:51+00:00\",\"description\":\"Con dise\u00f1o esbelto, la Barra Pinner LP es la mas peque\u00f1a de las barras cargadoras Simco-lon haci\u00e9ndolas f\u00e1ciles de colocar en espacios limitados.\",\"breadcrumb\":{\"@id\":\"https:\/\/ttemsa.com\/industria\/index.php\/simco-ion\/cargadores-de-estatica-chargemaster\/barra-pinner-lp\/#breadcrumb\"},\"inLanguage\":\"es\",\"potentialAction\":[{\"@type\":\"ReadAction\",\"target\":[\"https:\/\/ttemsa.com\/industria\/index.php\/simco-ion\/cargadores-de-estatica-chargemaster\/barra-pinner-lp\/\"]}]},{\"@type\":\"ImageObject\",\"inLanguage\":\"es\",\"@id\":\"https:\/\/ttemsa.com\/industria\/index.php\/simco-ion\/cargadores-de-estatica-chargemaster\/barra-pinner-lp\/#primaryimage\",\"url\":\"https:\/\/ttemsa.com\/industria\/wp-content\/uploads\/2024\/03\/1lp.png\",\"contentUrl\":\"https:\/\/ttemsa.com\/industria\/wp-content\/uploads\/2024\/03\/1lp.png\",\"width\":507,\"height\":325},{\"@type\":\"BreadcrumbList\",\"@id\":\"https:\/\/ttemsa.com\/industria\/index.php\/simco-ion\/cargadores-de-estatica-chargemaster\/barra-pinner-lp\/#breadcrumb\",\"itemListElement\":[{\"@type\":\"ListItem\",\"position\":1,\"name\":\"Inicio\",\"item\":\"https:\/\/ttemsa.com\/industria\/\"},{\"@type\":\"ListItem\",\"position\":2,\"name\":\"SIMCO-ION\",\"item\":\"https:\/\/ttemsa.com\/industria\/index.php\/simco-ion\/\"},{\"@type\":\"ListItem\",\"position\":3,\"name\":\"Cargadores de Est\u00e1tica Chargemaster CARGADORES DE CARGA EST\u00c1TICA\",\"item\":\"https:\/\/ttemsa.com\/industria\/index.php\/simco-ion\/cargadores-de-estatica-chargemaster\/\"},{\"@type\":\"ListItem\",\"position\":4,\"name\":\"BARRA PINNER LP\"}]},{\"@type\":\"WebSite\",\"@id\":\"https:\/\/ttemsa.com\/industria\/#website\",\"url\":\"https:\/\/ttemsa.com\/industria\/\",\"name\":\"industria-de-la-conversion.ttemsa\",\"description\":\"Designed Dianalacazadora.com\",\"alternateName\":\"ttemsa l\u00edderes en la industria de la conversi\u00f3n\",\"potentialAction\":[{\"@type\":\"SearchAction\",\"target\":{\"@type\":\"EntryPoint\",\"urlTemplate\":\"https:\/\/ttemsa.com\/industria\/?s={search_term_string}\"},\"query-input\":{\"@type\":\"PropertyValueSpecification\",\"valueRequired\":true,\"valueName\":\"search_term_string\"}}],\"inLanguage\":\"es\"}]}<\/script>\n<!-- \/ Yoast SEO plugin. -->","yoast_head_json":{"title":"BARRA PINNER LP - industria-de-la-conversion.ttemsa","description":"Con dise\u00f1o esbelto, la Barra Pinner LP es la mas peque\u00f1a de las barras cargadoras Simco-lon haci\u00e9ndolas f\u00e1ciles de colocar en espacios limitados.","robots":{"index":"index","follow":"follow","max-snippet":"max-snippet:-1","max-image-preview":"max-image-preview:large","max-video-preview":"max-video-preview:-1"},"canonical":"https:\/\/ttemsa.com\/industria\/index.php\/simco-ion\/cargadores-de-estatica-chargemaster\/barra-pinner-lp\/","og_locale":"es_MX","og_type":"article","og_title":"Barra Pinner LP Con dise\u00f1o esbelto, la Barra Pinner LP es la mas peque\u00f1a de las barras cargadoras Simco-lon haci\u00e9ndolas f\u00e1ciles de colocar en espacios limitados.","og_description":"En ttemsa ofrecemos Soluciones. Solicite + info Tel\u00e9fonos: + 52 (55) 5352-0191 5352-1301 5352-6070 5352-0593","og_url":"https:\/\/ttemsa.com\/industria\/index.php\/simco-ion\/cargadores-de-estatica-chargemaster\/barra-pinner-lp\/","og_site_name":"industria-de-la-conversion.ttemsa","article_modified_time":"2024-09-06T19:48:51+00:00","og_image":[{"width":507,"height":325,"url":"https:\/\/ttemsa.com\/industria\/wp-content\/uploads\/2024\/03\/1lp.png","type":"image\/png"}],"twitter_card":"summary_large_image","twitter_misc":{"Tiempo de lectura":"1 minuto"},"schema":{"@context":"https:\/\/schema.org","@graph":[{"@type":"WebPage","@id":"https:\/\/ttemsa.com\/industria\/index.php\/simco-ion\/cargadores-de-estatica-chargemaster\/barra-pinner-lp\/","url":"https:\/\/ttemsa.com\/industria\/index.php\/simco-ion\/cargadores-de-estatica-chargemaster\/barra-pinner-lp\/","name":"BARRA PINNER LP - industria-de-la-conversion.ttemsa","isPartOf":{"@id":"https:\/\/ttemsa.com\/industria\/#website"},"primaryImageOfPage":{"@id":"https:\/\/ttemsa.com\/industria\/index.php\/simco-ion\/cargadores-de-estatica-chargemaster\/barra-pinner-lp\/#primaryimage"},"image":{"@id":"https:\/\/ttemsa.com\/industria\/index.php\/simco-ion\/cargadores-de-estatica-chargemaster\/barra-pinner-lp\/#primaryimage"},"thumbnailUrl":"https:\/\/ttemsa.com\/industria\/wp-content\/uploads\/2024\/03\/1lp.png","datePublished":"2024-03-01T21:04:13+00:00","dateModified":"2024-09-06T19:48:51+00:00","description":"Con dise\u00f1o esbelto, la Barra Pinner LP es la mas peque\u00f1a de las barras cargadoras Simco-lon haci\u00e9ndolas f\u00e1ciles de colocar en espacios limitados.","breadcrumb":{"@id":"https:\/\/ttemsa.com\/industria\/index.php\/simco-ion\/cargadores-de-estatica-chargemaster\/barra-pinner-lp\/#breadcrumb"},"inLanguage":"es","potentialAction":[{"@type":"ReadAction","target":["https:\/\/ttemsa.com\/industria\/index.php\/simco-ion\/cargadores-de-estatica-chargemaster\/barra-pinner-lp\/"]}]},{"@type":"ImageObject","inLanguage":"es","@id":"https:\/\/ttemsa.com\/industria\/index.php\/simco-ion\/cargadores-de-estatica-chargemaster\/barra-pinner-lp\/#primaryimage","url":"https:\/\/ttemsa.com\/industria\/wp-content\/uploads\/2024\/03\/1lp.png","contentUrl":"https:\/\/ttemsa.com\/industria\/wp-content\/uploads\/2024\/03\/1lp.png","width":507,"height":325},{"@type":"BreadcrumbList","@id":"https:\/\/ttemsa.com\/industria\/index.php\/simco-ion\/cargadores-de-estatica-chargemaster\/barra-pinner-lp\/#breadcrumb","itemListElement":[{"@type":"ListItem","position":1,"name":"Inicio","item":"https:\/\/ttemsa.com\/industria\/"},{"@type":"ListItem","position":2,"name":"SIMCO-ION","item":"https:\/\/ttemsa.com\/industria\/index.php\/simco-ion\/"},{"@type":"ListItem","position":3,"name":"Cargadores de Est\u00e1tica Chargemaster CARGADORES DE CARGA EST\u00c1TICA","item":"https:\/\/ttemsa.com\/industria\/index.php\/simco-ion\/cargadores-de-estatica-chargemaster\/"},{"@type":"ListItem","position":4,"name":"BARRA PINNER LP"}]},{"@type":"WebSite","@id":"https:\/\/ttemsa.com\/industria\/#website","url":"https:\/\/ttemsa.com\/industria\/","name":"industria-de-la-conversion.ttemsa","description":"Designed Dianalacazadora.com","alternateName":"ttemsa l\u00edderes en la industria de la conversi\u00f3n","potentialAction":[{"@type":"SearchAction","target":{"@type":"EntryPoint","urlTemplate":"https:\/\/ttemsa.com\/industria\/?s={search_term_string}"},"query-input":{"@type":"PropertyValueSpecification","valueRequired":true,"valueName":"search_term_string"}}],"inLanguage":"es"}]}},"_links":{"self":[{"href":"https:\/\/ttemsa.com\/industria\/index.php\/wp-json\/wp\/v2\/pages\/1662","targetHints":{"allow":["GET"]}}],"collection":[{"href":"https:\/\/ttemsa.com\/industria\/index.php\/wp-json\/wp\/v2\/pages"}],"about":[{"href":"https:\/\/ttemsa.com\/industria\/index.php\/wp-json\/wp\/v2\/types\/page"}],"author":[{"embeddable":true,"href":"https:\/\/ttemsa.com\/industria\/index.php\/wp-json\/wp\/v2\/users\/1"}],"replies":[{"embeddable":true,"href":"https:\/\/ttemsa.com\/industria\/index.php\/wp-json\/wp\/v2\/comments?post=1662"}],"version-history":[{"count":3,"href":"https:\/\/ttemsa.com\/industria\/index.php\/wp-json\/wp\/v2\/pages\/1662\/revisions"}],"predecessor-version":[{"id":3229,"href":"https:\/\/ttemsa.com\/industria\/index.php\/wp-json\/wp\/v2\/pages\/1662\/revisions\/3229"}],"up":[{"embeddable":true,"href":"https:\/\/ttemsa.com\/industria\/index.php\/wp-json\/wp\/v2\/pages\/1687"}],"wp:attachment":[{"href":"https:\/\/ttemsa.com\/industria\/index.php\/wp-json\/wp\/v2\/media?parent=1662"}],"wp:term":[{"taxonomy":"category","embeddable":true,"href":"https:\/\/ttemsa.com\/industria\/index.php\/wp-json\/wp\/v2\/categories?post=1662"},{"taxonomy":"post_tag","embeddable":true,"href":"https:\/\/ttemsa.com\/industria\/index.php\/wp-json\/wp\/v2\/tags?post=1662"}],"curies":[{"name":"wp","href":"https:\/\/api.w.org\/{rel}","templated":true}]}}