{"id":1664,"date":"2024-03-01T21:04:26","date_gmt":"2024-03-01T21:04:26","guid":{"rendered":"https:\/\/ttemsa.com\/industria\/index.php\/simco-ion\/catalogo-general-copy-copy-copy-copy\/"},"modified":"2025-02-16T20:49:47","modified_gmt":"2025-02-16T20:49:47","slug":"barras-neutralizadoras-de-estatica","status":"publish","type":"page","link":"https:\/\/ttemsa.com\/industria\/index.php\/simco-ion\/barras-neutralizadoras-de-estatica\/","title":{"rendered":"Barras Neutralizadoras de Est\u00e1tica"},"content":{"rendered":"<div class=\"wp-block-image\">\n<figure class=\"aligncenter size-full is-resized\"><img loading=\"lazy\" decoding=\"async\" width=\"645\" height=\"524\" src=\"https:\/\/ttemsa.com\/industria\/wp-content\/uploads\/2023\/12\/potente.png\" alt=\"\" class=\"wp-image-980\" style=\"width:534px;height:auto\" srcset=\"https:\/\/ttemsa.com\/industria\/wp-content\/uploads\/2023\/12\/potente.png 645w, https:\/\/ttemsa.com\/industria\/wp-content\/uploads\/2023\/12\/potente-300x244.png 300w\" sizes=\"auto, (max-width: 645px) 100vw, 645px\" \/><\/figure>\n<\/div>\n\n<div class=\"wp-block-image\">\n<figure class=\"aligncenter size-full is-resized\"><img loading=\"lazy\" decoding=\"async\" width=\"640\" height=\"169\" src=\"https:\/\/ttemsa.com\/industria\/wp-content\/uploads\/2023\/12\/logo-simco.png\" alt=\"\" class=\"wp-image-940\" style=\"width:242px;height:auto\" srcset=\"https:\/\/ttemsa.com\/industria\/wp-content\/uploads\/2023\/12\/logo-simco.png 640w, https:\/\/ttemsa.com\/industria\/wp-content\/uploads\/2023\/12\/logo-simco-300x79.png 300w\" sizes=\"auto, (max-width: 640px) 100vw, 640px\" \/><\/figure>\n<\/div>\n\n\n<h2 class=\"wp-block-heading has-text-align-center\"><strong><strong>Blue Bar R50<\/strong><\/strong><\/h2>\n\n\n\n<p><\/p>\n\n\n\n<hr class=\"wp-block-separator has-alpha-channel-opacity\"\/>\n\n\n<div class=\"wp-block-image\">\n<figure class=\"alignleft size-full is-resized\"><img loading=\"lazy\" decoding=\"async\" width=\"400\" height=\"300\" src=\"https:\/\/ttemsa.com\/industria\/wp-content\/uploads\/2023\/12\/iq-power-control-station.jpg\" alt=\"\" class=\"wp-image-981\" style=\"width:441px;height:auto\" srcset=\"https:\/\/ttemsa.com\/industria\/wp-content\/uploads\/2023\/12\/iq-power-control-station.jpg 400w, https:\/\/ttemsa.com\/industria\/wp-content\/uploads\/2023\/12\/iq-power-control-station-300x225.jpg 300w\" sizes=\"auto, (max-width: 400px) 100vw, 400px\" \/><\/figure>\n<\/div>\n\n\n<p><strong>Caracter\u00edsticas<\/strong><\/p>\n\n\n\n<p>La potente<strong>\u00a0estaci\u00f3n de control IQ<\/strong>\u00a0esta equipada con interfase sensible al tacto a pleno color.<\/p>\n\n\n\n<p>La estaci\u00f3n de control combina capacidad de registro con tiempos de intervalos del usuario<strong>&nbsp;seleccionable<\/strong>.<\/p>\n\n\n\n<p>Tambi\u00e9n proporciona&nbsp;<strong>4 modos de operaci\u00f3n<\/strong>:<\/p>\n\n\n\n<ul class=\"wp-block-list\">\n<li><strong>Modo Fijo<\/strong>&nbsp;basados en sistemas optimizados en condiciones promedio de la banda.<\/li>\n\n\n\n<li><strong>Modo Manual<\/strong>&nbsp;para usarse en salidas ajustables.<\/li>\n\n\n\n<li><strong>Modo de Autoajuste<\/strong>&nbsp;para lectura de la banda viva en forma consistente y optimizada basada en las condiciones actuales.<\/li>\n\n\n\n<li><strong>Modo de retro alimentaci\u00f3n de circuito cerrado<\/strong><\/li>\n\n\n\n<li> (CLFB)\u00a0permite al sensor de la barra IQ Easy para control directo de la salida.<\/li>\n<\/ul>\n\n\n\n<hr class=\"wp-block-separator has-alpha-channel-opacity\"\/>\n\n\n\n<p class=\"has-text-align-right has-large-font-size\"><strong>Sensor de barra Simco-Ion IQ Easy<\/strong><\/p>\n\n\n<div class=\"wp-block-image\">\n<figure class=\"alignright size-full is-resized\"><img loading=\"lazy\" decoding=\"async\" width=\"526\" height=\"270\" src=\"https:\/\/ttemsa.com\/industria\/wp-content\/uploads\/2023\/12\/iq-easy.png\" alt=\"\" class=\"wp-image-983\" style=\"width:440px;height:auto\" srcset=\"https:\/\/ttemsa.com\/industria\/wp-content\/uploads\/2023\/12\/iq-easy.png 526w, https:\/\/ttemsa.com\/industria\/wp-content\/uploads\/2023\/12\/iq-easy-300x154.png 300w\" sizes=\"auto, (max-width: 526px) 100vw, 526px\" \/><figcaption class=\"wp-element-caption\">M\u00f3dulo de sensor. <strong>Sensor de barra IQ Easy<\/strong><\/figcaption><\/figure>\n<\/div>\n\n\n<p>Mide el campo la intensidad del punto a registrar.<\/p>\n\n\n\n<p>Nuestro dise\u00f1o \u00fanico permite configurar varios sensores a lo largo de la banda para contemplar la lectura del campo a registrar.<\/p>\n\n\n\n<p>Cuando se integra con el control de la estaci\u00f3n, los Sensores de las Barras IQ Easy pueden usarse con barras&nbsp;Neutralizadora de est\u00e1tica usando nuestro sistema de retroalimentaci\u00f3n de circuito cerrado minimizando el nivel de carga est\u00e1tica en tiempo real.<\/p>\n\n\n\n<ul class=\"wp-block-list\">\n<li>Monitoreo Completo al ancho de la banda.<\/li>\n\n\n\n<li>M\u00e1s de 49 longitudes disponibles.<\/li>\n\n\n\n<li>Ofrece una variedad de localizaciones del sensor de la barra.<\/li>\n\n\n\n<li>Opciones de montaje flexible.<\/li>\n<\/ul>\n\n\n\n<p><\/p>\n\n\n\n<hr class=\"wp-block-separator has-alpha-channel-opacity\"\/>\n\n\n\n<p class=\"has-text-align-left has-large-font-size\"><strong>Barras Neutralizadoras de est\u00e1tica Potente IQ e IQ Easy<\/strong><\/p>\n\n\n\n<p>Las Barras no deseadas de tecnolog\u00eda antigua, no se comparan con la&nbsp;<strong>Potente IQ&nbsp;e IQ Easy<\/strong>, son altamente eficientes con 100% de efectividad en su longitud.<\/p>\n\n\n\n<p>Nuestras barras Neutralizados no dan descargas al tocarlas con las manos.<\/p>\n\n\n\n<p>Con potente CD y construidas para larga durabilidad y bajo mantenimiento las barras neutralizados se ofrecen en 85 diferentes longitudes y 3 variedades para cubrir su aplicaci\u00f3n basadas en la velocidad de la banda o distancia de operaci\u00f3n.<\/p>\n\n\n\n<figure class=\"wp-block-image size-full\"><img loading=\"lazy\" decoding=\"async\" width=\"617\" height=\"359\" src=\"https:\/\/ttemsa.com\/industria\/wp-content\/uploads\/2023\/12\/Captura-de-pantalla-2023-12-25-a-las-4.12.53-p.m.png\" alt=\"\" class=\"wp-image-984\" srcset=\"https:\/\/ttemsa.com\/industria\/wp-content\/uploads\/2023\/12\/Captura-de-pantalla-2023-12-25-a-las-4.12.53-p.m.png 617w, https:\/\/ttemsa.com\/industria\/wp-content\/uploads\/2023\/12\/Captura-de-pantalla-2023-12-25-a-las-4.12.53-p.m-300x175.png 300w\" sizes=\"auto, (max-width: 617px) 100vw, 617px\" \/><\/figure>\n\n\n\n<figure class=\"wp-block-image size-full\"><img loading=\"lazy\" decoding=\"async\" width=\"617\" height=\"405\" src=\"https:\/\/ttemsa.com\/industria\/wp-content\/uploads\/2023\/12\/Captura-de-pantalla-2023-12-25-a-las-4.13.14-p.m.png\" alt=\"\" class=\"wp-image-985\" srcset=\"https:\/\/ttemsa.com\/industria\/wp-content\/uploads\/2023\/12\/Captura-de-pantalla-2023-12-25-a-las-4.13.14-p.m.png 617w, https:\/\/ttemsa.com\/industria\/wp-content\/uploads\/2023\/12\/Captura-de-pantalla-2023-12-25-a-las-4.13.14-p.m-300x197.png 300w\" sizes=\"auto, (max-width: 617px) 100vw, 617px\" \/><\/figure>\n\n\n\n<figure class=\"wp-block-image size-full\"><img loading=\"lazy\" decoding=\"async\" width=\"620\" height=\"452\" src=\"https:\/\/ttemsa.com\/industria\/wp-content\/uploads\/2023\/12\/Captura-de-pantalla-2023-12-25-a-las-4.13.49-p.m.png\" alt=\"\" class=\"wp-image-986\" srcset=\"https:\/\/ttemsa.com\/industria\/wp-content\/uploads\/2023\/12\/Captura-de-pantalla-2023-12-25-a-las-4.13.49-p.m.png 620w, https:\/\/ttemsa.com\/industria\/wp-content\/uploads\/2023\/12\/Captura-de-pantalla-2023-12-25-a-las-4.13.49-p.m-300x219.png 300w\" sizes=\"auto, (max-width: 620px) 100vw, 620px\" \/><\/figure>\n\n\n\n<p><em>Todas las barras incluyen robustos accesorios de montaje.<\/em><\/p>\n","protected":false},"excerpt":{"rendered":"<p>Blue Bar R50 Caracter\u00edsticas La potente\u00a0estaci\u00f3n de control IQ\u00a0esta equipada con interfase sensible al tacto a pleno color. La estaci\u00f3n de control combina capacidad de registro con tiempos de intervalos del usuario&nbsp;seleccionable. Tambi\u00e9n proporciona&nbsp;4 modos de operaci\u00f3n: Sensor de barra Simco-Ion IQ Easy Mide el campo la intensidad del punto a registrar. Nuestro dise\u00f1o \u00fanico [&hellip;]<\/p>\n","protected":false},"author":1,"featured_media":0,"parent":35,"menu_order":0,"comment_status":"closed","ping_status":"closed","template":"","meta":{"content-type":"","footnotes":""},"categories":[18],"tags":[],"class_list":["post-1664","page","type-page","status-publish","hentry","category-simco-ion"],"yoast_head":"<!-- This site is optimized with the Yoast SEO plugin v26.6 - https:\/\/yoast.com\/wordpress\/plugins\/seo\/ -->\n<title>Barras Neutralizadoras de Est\u00e1tica - industria-de-la-conversion.ttemsa<\/title>\n<meta name=\"description\" content=\"Potente Barra Neutralizados de Est\u00e1tica Eliminaci\u00f3n de electroest\u00e1tica IQ y IQ Easy El Potente Sistema de Neutralizaci\u00f3n de Est\u00e1tica IQ es inigualable con tecnolog\u00eda\" \/>\n<meta name=\"robots\" content=\"index, follow, max-snippet:-1, max-image-preview:large, max-video-preview:-1\" \/>\n<link rel=\"canonical\" href=\"https:\/\/ttemsa.com\/industria\/index.php\/simco-ion\/barras-neutralizadoras-de-estatica\/\" \/>\n<meta property=\"og:locale\" content=\"es_MX\" \/>\n<meta property=\"og:type\" content=\"article\" \/>\n<meta property=\"og:title\" content=\"Potente Barra Neutralizados de Est\u00e1tica Eliminaci\u00f3n de electroest\u00e1tica IQ y IQ Easy El Potente Sistema de Neutralizaci\u00f3n de Est\u00e1tica IQ es inigualable con tecnolog\u00eda\" \/>\n<meta property=\"og:description\" content=\"En ttemsa ofrecemos Soluciones. Solicite + info Tel\u00e9fonos: + 52 (55) 5352-0191 5352-1301 5352-6070 5352-0593\" \/>\n<meta property=\"og:url\" content=\"https:\/\/ttemsa.com\/industria\/index.php\/simco-ion\/barras-neutralizadoras-de-estatica\/\" \/>\n<meta property=\"og:site_name\" content=\"industria-de-la-conversion.ttemsa\" \/>\n<meta property=\"article:modified_time\" content=\"2025-02-16T20:49:47+00:00\" \/>\n<meta property=\"og:image\" content=\"https:\/\/ttemsa.com\/industria\/wp-content\/uploads\/2023\/12\/potente.png\" \/>\n\t<meta property=\"og:image:width\" content=\"645\" \/>\n\t<meta property=\"og:image:height\" content=\"524\" \/>\n\t<meta property=\"og:image:type\" content=\"image\/png\" \/>\n<meta name=\"twitter:card\" content=\"summary_large_image\" \/>\n<meta name=\"twitter:label1\" content=\"Tiempo de lectura\" \/>\n\t<meta name=\"twitter:data1\" content=\"3 minutos\" \/>\n<script type=\"application\/ld+json\" class=\"yoast-schema-graph\">{\"@context\":\"https:\/\/schema.org\",\"@graph\":[{\"@type\":\"WebPage\",\"@id\":\"https:\/\/ttemsa.com\/industria\/index.php\/simco-ion\/barras-neutralizadoras-de-estatica\/\",\"url\":\"https:\/\/ttemsa.com\/industria\/index.php\/simco-ion\/barras-neutralizadoras-de-estatica\/\",\"name\":\"Barras Neutralizadoras de Est\u00e1tica - industria-de-la-conversion.ttemsa\",\"isPartOf\":{\"@id\":\"https:\/\/ttemsa.com\/industria\/#website\"},\"primaryImageOfPage\":{\"@id\":\"https:\/\/ttemsa.com\/industria\/index.php\/simco-ion\/barras-neutralizadoras-de-estatica\/#primaryimage\"},\"image\":{\"@id\":\"https:\/\/ttemsa.com\/industria\/index.php\/simco-ion\/barras-neutralizadoras-de-estatica\/#primaryimage\"},\"thumbnailUrl\":\"https:\/\/ttemsa.com\/industria\/wp-content\/uploads\/2023\/12\/potente.png\",\"datePublished\":\"2024-03-01T21:04:26+00:00\",\"dateModified\":\"2025-02-16T20:49:47+00:00\",\"description\":\"Potente Barra Neutralizados de Est\u00e1tica Eliminaci\u00f3n de electroest\u00e1tica IQ y IQ Easy El Potente Sistema de Neutralizaci\u00f3n de Est\u00e1tica IQ es inigualable con tecnolog\u00eda\",\"breadcrumb\":{\"@id\":\"https:\/\/ttemsa.com\/industria\/index.php\/simco-ion\/barras-neutralizadoras-de-estatica\/#breadcrumb\"},\"inLanguage\":\"es\",\"potentialAction\":[{\"@type\":\"ReadAction\",\"target\":[\"https:\/\/ttemsa.com\/industria\/index.php\/simco-ion\/barras-neutralizadoras-de-estatica\/\"]}]},{\"@type\":\"ImageObject\",\"inLanguage\":\"es\",\"@id\":\"https:\/\/ttemsa.com\/industria\/index.php\/simco-ion\/barras-neutralizadoras-de-estatica\/#primaryimage\",\"url\":\"https:\/\/ttemsa.com\/industria\/wp-content\/uploads\/2023\/12\/potente.png\",\"contentUrl\":\"https:\/\/ttemsa.com\/industria\/wp-content\/uploads\/2023\/12\/potente.png\",\"width\":645,\"height\":524},{\"@type\":\"BreadcrumbList\",\"@id\":\"https:\/\/ttemsa.com\/industria\/index.php\/simco-ion\/barras-neutralizadoras-de-estatica\/#breadcrumb\",\"itemListElement\":[{\"@type\":\"ListItem\",\"position\":1,\"name\":\"Inicio\",\"item\":\"https:\/\/ttemsa.com\/industria\/\"},{\"@type\":\"ListItem\",\"position\":2,\"name\":\"SIMCO-ION\",\"item\":\"https:\/\/ttemsa.com\/industria\/index.php\/simco-ion\/\"},{\"@type\":\"ListItem\",\"position\":3,\"name\":\"Barras Neutralizadoras de Est\u00e1tica\"}]},{\"@type\":\"WebSite\",\"@id\":\"https:\/\/ttemsa.com\/industria\/#website\",\"url\":\"https:\/\/ttemsa.com\/industria\/\",\"name\":\"industria-de-la-conversion.ttemsa\",\"description\":\"Designed Dianalacazadora.com\",\"alternateName\":\"ttemsa l\u00edderes en la industria de la conversi\u00f3n\",\"potentialAction\":[{\"@type\":\"SearchAction\",\"target\":{\"@type\":\"EntryPoint\",\"urlTemplate\":\"https:\/\/ttemsa.com\/industria\/?s={search_term_string}\"},\"query-input\":{\"@type\":\"PropertyValueSpecification\",\"valueRequired\":true,\"valueName\":\"search_term_string\"}}],\"inLanguage\":\"es\"}]}<\/script>\n<!-- \/ Yoast SEO plugin. -->","yoast_head_json":{"title":"Barras Neutralizadoras de Est\u00e1tica - industria-de-la-conversion.ttemsa","description":"Potente Barra Neutralizados de Est\u00e1tica Eliminaci\u00f3n de electroest\u00e1tica IQ y IQ Easy El Potente Sistema de Neutralizaci\u00f3n de Est\u00e1tica IQ es inigualable con tecnolog\u00eda","robots":{"index":"index","follow":"follow","max-snippet":"max-snippet:-1","max-image-preview":"max-image-preview:large","max-video-preview":"max-video-preview:-1"},"canonical":"https:\/\/ttemsa.com\/industria\/index.php\/simco-ion\/barras-neutralizadoras-de-estatica\/","og_locale":"es_MX","og_type":"article","og_title":"Potente Barra Neutralizados de Est\u00e1tica Eliminaci\u00f3n de electroest\u00e1tica IQ y IQ Easy El Potente Sistema de Neutralizaci\u00f3n de Est\u00e1tica IQ es inigualable con tecnolog\u00eda","og_description":"En ttemsa ofrecemos Soluciones. Solicite + info Tel\u00e9fonos: + 52 (55) 5352-0191 5352-1301 5352-6070 5352-0593","og_url":"https:\/\/ttemsa.com\/industria\/index.php\/simco-ion\/barras-neutralizadoras-de-estatica\/","og_site_name":"industria-de-la-conversion.ttemsa","article_modified_time":"2025-02-16T20:49:47+00:00","og_image":[{"width":645,"height":524,"url":"https:\/\/ttemsa.com\/industria\/wp-content\/uploads\/2023\/12\/potente.png","type":"image\/png"}],"twitter_card":"summary_large_image","twitter_misc":{"Tiempo de lectura":"3 minutos"},"schema":{"@context":"https:\/\/schema.org","@graph":[{"@type":"WebPage","@id":"https:\/\/ttemsa.com\/industria\/index.php\/simco-ion\/barras-neutralizadoras-de-estatica\/","url":"https:\/\/ttemsa.com\/industria\/index.php\/simco-ion\/barras-neutralizadoras-de-estatica\/","name":"Barras Neutralizadoras de Est\u00e1tica - industria-de-la-conversion.ttemsa","isPartOf":{"@id":"https:\/\/ttemsa.com\/industria\/#website"},"primaryImageOfPage":{"@id":"https:\/\/ttemsa.com\/industria\/index.php\/simco-ion\/barras-neutralizadoras-de-estatica\/#primaryimage"},"image":{"@id":"https:\/\/ttemsa.com\/industria\/index.php\/simco-ion\/barras-neutralizadoras-de-estatica\/#primaryimage"},"thumbnailUrl":"https:\/\/ttemsa.com\/industria\/wp-content\/uploads\/2023\/12\/potente.png","datePublished":"2024-03-01T21:04:26+00:00","dateModified":"2025-02-16T20:49:47+00:00","description":"Potente Barra Neutralizados de Est\u00e1tica Eliminaci\u00f3n de electroest\u00e1tica IQ y IQ Easy El Potente Sistema de Neutralizaci\u00f3n de Est\u00e1tica IQ es inigualable con tecnolog\u00eda","breadcrumb":{"@id":"https:\/\/ttemsa.com\/industria\/index.php\/simco-ion\/barras-neutralizadoras-de-estatica\/#breadcrumb"},"inLanguage":"es","potentialAction":[{"@type":"ReadAction","target":["https:\/\/ttemsa.com\/industria\/index.php\/simco-ion\/barras-neutralizadoras-de-estatica\/"]}]},{"@type":"ImageObject","inLanguage":"es","@id":"https:\/\/ttemsa.com\/industria\/index.php\/simco-ion\/barras-neutralizadoras-de-estatica\/#primaryimage","url":"https:\/\/ttemsa.com\/industria\/wp-content\/uploads\/2023\/12\/potente.png","contentUrl":"https:\/\/ttemsa.com\/industria\/wp-content\/uploads\/2023\/12\/potente.png","width":645,"height":524},{"@type":"BreadcrumbList","@id":"https:\/\/ttemsa.com\/industria\/index.php\/simco-ion\/barras-neutralizadoras-de-estatica\/#breadcrumb","itemListElement":[{"@type":"ListItem","position":1,"name":"Inicio","item":"https:\/\/ttemsa.com\/industria\/"},{"@type":"ListItem","position":2,"name":"SIMCO-ION","item":"https:\/\/ttemsa.com\/industria\/index.php\/simco-ion\/"},{"@type":"ListItem","position":3,"name":"Barras Neutralizadoras de Est\u00e1tica"}]},{"@type":"WebSite","@id":"https:\/\/ttemsa.com\/industria\/#website","url":"https:\/\/ttemsa.com\/industria\/","name":"industria-de-la-conversion.ttemsa","description":"Designed Dianalacazadora.com","alternateName":"ttemsa l\u00edderes en la industria de la conversi\u00f3n","potentialAction":[{"@type":"SearchAction","target":{"@type":"EntryPoint","urlTemplate":"https:\/\/ttemsa.com\/industria\/?s={search_term_string}"},"query-input":{"@type":"PropertyValueSpecification","valueRequired":true,"valueName":"search_term_string"}}],"inLanguage":"es"}]}},"_links":{"self":[{"href":"https:\/\/ttemsa.com\/industria\/index.php\/wp-json\/wp\/v2\/pages\/1664","targetHints":{"allow":["GET"]}}],"collection":[{"href":"https:\/\/ttemsa.com\/industria\/index.php\/wp-json\/wp\/v2\/pages"}],"about":[{"href":"https:\/\/ttemsa.com\/industria\/index.php\/wp-json\/wp\/v2\/types\/page"}],"author":[{"embeddable":true,"href":"https:\/\/ttemsa.com\/industria\/index.php\/wp-json\/wp\/v2\/users\/1"}],"replies":[{"embeddable":true,"href":"https:\/\/ttemsa.com\/industria\/index.php\/wp-json\/wp\/v2\/comments?post=1664"}],"version-history":[{"count":14,"href":"https:\/\/ttemsa.com\/industria\/index.php\/wp-json\/wp\/v2\/pages\/1664\/revisions"}],"predecessor-version":[{"id":4020,"href":"https:\/\/ttemsa.com\/industria\/index.php\/wp-json\/wp\/v2\/pages\/1664\/revisions\/4020"}],"up":[{"embeddable":true,"href":"https:\/\/ttemsa.com\/industria\/index.php\/wp-json\/wp\/v2\/pages\/35"}],"wp:attachment":[{"href":"https:\/\/ttemsa.com\/industria\/index.php\/wp-json\/wp\/v2\/media?parent=1664"}],"wp:term":[{"taxonomy":"category","embeddable":true,"href":"https:\/\/ttemsa.com\/industria\/index.php\/wp-json\/wp\/v2\/categories?post=1664"},{"taxonomy":"post_tag","embeddable":true,"href":"https:\/\/ttemsa.com\/industria\/index.php\/wp-json\/wp\/v2\/tags?post=1664"}],"curies":[{"name":"wp","href":"https:\/\/api.w.org\/{rel}","templated":true}]}}