{"id":1670,"date":"2024-03-01T21:05:21","date_gmt":"2024-03-01T21:05:21","guid":{"rendered":"https:\/\/ttemsa.com\/industria\/index.php\/simco-ion\/catalogo-general-copy-copy-copy-copy-copy-copy-3-copy\/"},"modified":"2024-09-06T00:34:34","modified_gmt":"2024-09-06T00:34:34","slug":"cargadores-de-estatica-charge-master","status":"publish","type":"page","link":"https:\/\/ttemsa.com\/industria\/index.php\/simco-ion\/cargadores-de-estatica-chargemaster\/cargadores-de-estatica-charge-master\/","title":{"rendered":"CHARGEMASTER VCM"},"content":{"rendered":"<div class=\"wp-block-image\">\n<figure class=\"aligncenter size-full\"><img loading=\"lazy\" decoding=\"async\" width=\"445\" height=\"351\" src=\"https:\/\/ttemsa.com\/industria\/wp-content\/uploads\/2023\/12\/ch1.png\" alt=\"\" class=\"wp-image-1158\" srcset=\"https:\/\/ttemsa.com\/industria\/wp-content\/uploads\/2023\/12\/ch1.png 445w, https:\/\/ttemsa.com\/industria\/wp-content\/uploads\/2023\/12\/ch1-300x237.png 300w\" sizes=\"auto, (max-width: 445px) 100vw, 445px\" \/><\/figure>\n<\/div>\n\n<div class=\"wp-block-image\">\n<figure class=\"aligncenter size-full is-resized\"><img loading=\"lazy\" decoding=\"async\" width=\"640\" height=\"169\" src=\"https:\/\/ttemsa.com\/industria\/wp-content\/uploads\/2023\/12\/logo-simco.png\" alt=\"\" class=\"wp-image-940\" style=\"width:228px;height:auto\" srcset=\"https:\/\/ttemsa.com\/industria\/wp-content\/uploads\/2023\/12\/logo-simco.png 640w, https:\/\/ttemsa.com\/industria\/wp-content\/uploads\/2023\/12\/logo-simco-300x79.png 300w\" sizes=\"auto, (max-width: 640px) 100vw, 640px\" \/><\/figure>\n<\/div>\n\n\n<p class=\"has-text-align-center has-medium-font-size\">Chargemaster VCM<\/p>\n\n\n\n<p>El cargador de est\u00e1tica&nbsp;<strong>Chargemaster VCM&nbsp;<\/strong>de Simco-lon es programable para modo de voltaje o corriente, suministrando alto voltaje a las barras cargadoras o aplicadores cargadores usados en la adhesi\u00f3n electrost\u00e1tica de materiales.<\/p>\n\n\n\n<p>El Chargemaster VCM proporciona una soluci\u00f3n sencilla y econ\u00f3mica para un amplio rango de procesos de producci\u00f3n maximizando la eficiencia de la aplicaci\u00f3n.<\/p>\n\n\n\n<p>El VCM esta disponible en tres versiones: Salida de voltaje negativo, salida de voltaje positivo y ambas polaridades de salidas (positiva y negativa = Bi-Polar).<\/p>\n\n\n\n<p><\/p>\n\n\n\n<figure class=\"wp-block-image size-full\"><img loading=\"lazy\" decoding=\"async\" width=\"643\" height=\"364\" src=\"https:\/\/ttemsa.com\/industria\/wp-content\/uploads\/2023\/12\/ch2.png\" alt=\"\" class=\"wp-image-1160\" srcset=\"https:\/\/ttemsa.com\/industria\/wp-content\/uploads\/2023\/12\/ch2.png 643w, https:\/\/ttemsa.com\/industria\/wp-content\/uploads\/2023\/12\/ch2-300x170.png 300w\" sizes=\"auto, (max-width: 643px) 100vw, 643px\" \/><\/figure>\n\n\n\n<hr class=\"wp-block-separator has-text-color has-vivid-cyan-blue-color has-alpha-channel-opacity has-vivid-cyan-blue-background-color has-background\"\/>\n\n\n\n<figure class=\"wp-block-image size-full\"><img loading=\"lazy\" decoding=\"async\" width=\"537\" height=\"403\" src=\"https:\/\/ttemsa.com\/industria\/wp-content\/uploads\/2023\/12\/Captura-de-pantalla-2023-12-28-a-las-6.25.37-a.m.png\" alt=\"\" class=\"wp-image-1161\" srcset=\"https:\/\/ttemsa.com\/industria\/wp-content\/uploads\/2023\/12\/Captura-de-pantalla-2023-12-28-a-las-6.25.37-a.m.png 537w, https:\/\/ttemsa.com\/industria\/wp-content\/uploads\/2023\/12\/Captura-de-pantalla-2023-12-28-a-las-6.25.37-a.m-300x225.png 300w\" sizes=\"auto, (max-width: 537px) 100vw, 537px\" \/><\/figure>\n\n\n\n<hr class=\"wp-block-separator has-text-color has-vivid-cyan-blue-color has-alpha-channel-opacity has-vivid-cyan-blue-background-color has-background\"\/>\n\n\n\n<p class=\"has-large-font-size\"><strong>Charge Master CM20<\/strong><\/p>\n\n\n\n<figure class=\"wp-block-image size-full\"><img loading=\"lazy\" decoding=\"async\" width=\"339\" height=\"297\" src=\"https:\/\/ttemsa.com\/industria\/wp-content\/uploads\/2023\/12\/cm20.png\" alt=\"\" class=\"wp-image-1162\" srcset=\"https:\/\/ttemsa.com\/industria\/wp-content\/uploads\/2023\/12\/cm20.png 339w, https:\/\/ttemsa.com\/industria\/wp-content\/uploads\/2023\/12\/cm20-300x263.png 300w\" sizes=\"auto, (max-width: 339px) 100vw, 339px\" \/><\/figure>\n\n\n\n<p>El cargador de est\u00e1tica&nbsp;Chargemaster CM20&nbsp;de Simco-lon es fuente de voltaje programable para cambiar la aplicaci\u00f3n la unidad esta electr\u00f3nicamente restringida la salida de corriente y protegida contra arqueo.<\/p>\n\n\n\n<p>El voltaje puede ajustarse entre 0 y la capacidad m\u00e1xima (20 kV).<\/p>\n\n\n\n<p>La fuente incorpora funciones remotas de prendido y apagado y ajuste de voltaje remoto.<\/p>\n\n\n\n<p><strong>Especificaciones<\/strong><\/p>\n\n\n\n<p>Voltaje de salida &nbsp; &nbsp; &nbsp; &nbsp;0-20 kV; 0-0.7 mA (max)&nbsp;<\/p>\n\n\n\n<p>Puerto de salida &nbsp; &nbsp; &nbsp; &nbsp;4&nbsp;&nbsp;<\/p>\n\n\n\n<p>Control de voltaje &nbsp; &nbsp; &nbsp;Digital en panel de control&nbsp; &nbsp;&nbsp;<\/p>\n\n\n\n<p>Dimensiones &nbsp; &nbsp; &nbsp; &nbsp; &nbsp; &nbsp;&nbsp;6&#215;4.25x&nbsp;11.25 pulg<\/p>\n\n\n\n<p>Peso &nbsp; &nbsp; &nbsp; &nbsp; &nbsp; &nbsp; &nbsp; &nbsp; &nbsp; &nbsp; &nbsp;&nbsp;&nbsp;3.4 kg (7.5 Ib)<\/p>\n\n\n\n<figure class=\"wp-block-image size-full is-resized\"><img loading=\"lazy\" decoding=\"async\" width=\"90\" height=\"67\" src=\"https:\/\/ttemsa.com\/industria\/wp-content\/uploads\/2023\/12\/1ce-1.png\" alt=\"\" class=\"wp-image-1163\" style=\"width:43px;height:auto\"\/><\/figure>\n\n\n\n<figure class=\"wp-block-image size-full\"><img loading=\"lazy\" decoding=\"async\" width=\"495\" height=\"336\" src=\"https:\/\/ttemsa.com\/industria\/wp-content\/uploads\/2023\/12\/Captura-de-pantalla-2023-12-28-a-las-6.41.05-a.m.png\" alt=\"\" class=\"wp-image-1164\" srcset=\"https:\/\/ttemsa.com\/industria\/wp-content\/uploads\/2023\/12\/Captura-de-pantalla-2023-12-28-a-las-6.41.05-a.m.png 495w, https:\/\/ttemsa.com\/industria\/wp-content\/uploads\/2023\/12\/Captura-de-pantalla-2023-12-28-a-las-6.41.05-a.m-300x204.png 300w\" sizes=\"auto, (max-width: 495px) 100vw, 495px\" \/><\/figure>\n","protected":false},"excerpt":{"rendered":"<p>Chargemaster VCM El cargador de est\u00e1tica&nbsp;Chargemaster VCM&nbsp;de Simco-lon es programable para modo de voltaje o corriente, suministrando alto voltaje a las barras cargadoras o aplicadores cargadores usados en la adhesi\u00f3n electrost\u00e1tica de materiales. El Chargemaster VCM proporciona una soluci\u00f3n sencilla y econ\u00f3mica para un amplio rango de procesos de producci\u00f3n maximizando la eficiencia de la [&hellip;]<\/p>\n","protected":false},"author":1,"featured_media":0,"parent":1687,"menu_order":0,"comment_status":"closed","ping_status":"closed","template":"","meta":{"content-type":"","footnotes":""},"categories":[18],"tags":[],"class_list":["post-1670","page","type-page","status-publish","hentry","category-simco-ion"],"yoast_head":"<!-- This site is optimized with the Yoast SEO plugin v26.6 - https:\/\/yoast.com\/wordpress\/plugins\/seo\/ -->\n<title>CHARGEMASTER VCM - industria-de-la-conversion.ttemsa<\/title>\n<meta name=\"description\" content=\"El cargador de est\u00e1tica Chargemaster VCM de Simco-lon es programable para modo de voltaje o corriente, suministrando alto voltaje a las barras cargadoras o aplicadores cargadores usados en la adhesi\u00f3n electrost\u00e1tica de materiales.\" \/>\n<meta name=\"robots\" content=\"index, follow, max-snippet:-1, max-image-preview:large, max-video-preview:-1\" \/>\n<link rel=\"canonical\" href=\"https:\/\/ttemsa.com\/industria\/index.php\/simco-ion\/cargadores-de-estatica-chargemaster\/cargadores-de-estatica-charge-master\/\" \/>\n<meta property=\"og:locale\" content=\"es_MX\" \/>\n<meta property=\"og:type\" content=\"article\" \/>\n<meta property=\"og:title\" content=\"El cargador de est\u00e1tica Chargemaster VCM de Simco-lon: es programable para modo de voltaje o corriente, suministrando alto voltaje a las barras cargadoras o aplicadores cargadores usados en la adhesi\u00f3n electrost\u00e1tica de materiales.\" \/>\n<meta property=\"og:description\" content=\"En ttemsa ofrecemos Soluciones. Solicite + info Tel\u00e9fonos: + 52 (55) 5352-0191 5352-1301 5352-6070 5352-0593\" \/>\n<meta property=\"og:url\" content=\"https:\/\/ttemsa.com\/industria\/index.php\/simco-ion\/cargadores-de-estatica-chargemaster\/cargadores-de-estatica-charge-master\/\" \/>\n<meta property=\"og:site_name\" content=\"industria-de-la-conversion.ttemsa\" \/>\n<meta property=\"article:modified_time\" content=\"2024-09-06T00:34:34+00:00\" \/>\n<meta property=\"og:image\" content=\"https:\/\/ttemsa.com\/industria\/wp-content\/uploads\/2023\/12\/cm20.png\" \/>\n\t<meta property=\"og:image:width\" content=\"339\" \/>\n\t<meta property=\"og:image:height\" content=\"297\" \/>\n\t<meta property=\"og:image:type\" content=\"image\/png\" \/>\n<meta name=\"twitter:card\" content=\"summary_large_image\" \/>\n<meta name=\"twitter:label1\" content=\"Tiempo de lectura\" \/>\n\t<meta name=\"twitter:data1\" content=\"3 minutos\" \/>\n<script type=\"application\/ld+json\" class=\"yoast-schema-graph\">{\"@context\":\"https:\/\/schema.org\",\"@graph\":[{\"@type\":\"WebPage\",\"@id\":\"https:\/\/ttemsa.com\/industria\/index.php\/simco-ion\/cargadores-de-estatica-chargemaster\/cargadores-de-estatica-charge-master\/\",\"url\":\"https:\/\/ttemsa.com\/industria\/index.php\/simco-ion\/cargadores-de-estatica-chargemaster\/cargadores-de-estatica-charge-master\/\",\"name\":\"CHARGEMASTER VCM - industria-de-la-conversion.ttemsa\",\"isPartOf\":{\"@id\":\"https:\/\/ttemsa.com\/industria\/#website\"},\"primaryImageOfPage\":{\"@id\":\"https:\/\/ttemsa.com\/industria\/index.php\/simco-ion\/cargadores-de-estatica-chargemaster\/cargadores-de-estatica-charge-master\/#primaryimage\"},\"image\":{\"@id\":\"https:\/\/ttemsa.com\/industria\/index.php\/simco-ion\/cargadores-de-estatica-chargemaster\/cargadores-de-estatica-charge-master\/#primaryimage\"},\"thumbnailUrl\":\"https:\/\/ttemsa.com\/industria\/wp-content\/uploads\/2023\/12\/ch1.png\",\"datePublished\":\"2024-03-01T21:05:21+00:00\",\"dateModified\":\"2024-09-06T00:34:34+00:00\",\"description\":\"El cargador de est\u00e1tica Chargemaster VCM de Simco-lon es programable para modo de voltaje o corriente, suministrando alto voltaje a las barras cargadoras o aplicadores cargadores usados en la adhesi\u00f3n electrost\u00e1tica de materiales.\",\"breadcrumb\":{\"@id\":\"https:\/\/ttemsa.com\/industria\/index.php\/simco-ion\/cargadores-de-estatica-chargemaster\/cargadores-de-estatica-charge-master\/#breadcrumb\"},\"inLanguage\":\"es\",\"potentialAction\":[{\"@type\":\"ReadAction\",\"target\":[\"https:\/\/ttemsa.com\/industria\/index.php\/simco-ion\/cargadores-de-estatica-chargemaster\/cargadores-de-estatica-charge-master\/\"]}]},{\"@type\":\"ImageObject\",\"inLanguage\":\"es\",\"@id\":\"https:\/\/ttemsa.com\/industria\/index.php\/simco-ion\/cargadores-de-estatica-chargemaster\/cargadores-de-estatica-charge-master\/#primaryimage\",\"url\":\"https:\/\/ttemsa.com\/industria\/wp-content\/uploads\/2023\/12\/ch1.png\",\"contentUrl\":\"https:\/\/ttemsa.com\/industria\/wp-content\/uploads\/2023\/12\/ch1.png\",\"width\":445,\"height\":351},{\"@type\":\"BreadcrumbList\",\"@id\":\"https:\/\/ttemsa.com\/industria\/index.php\/simco-ion\/cargadores-de-estatica-chargemaster\/cargadores-de-estatica-charge-master\/#breadcrumb\",\"itemListElement\":[{\"@type\":\"ListItem\",\"position\":1,\"name\":\"Inicio\",\"item\":\"https:\/\/ttemsa.com\/industria\/\"},{\"@type\":\"ListItem\",\"position\":2,\"name\":\"SIMCO-ION\",\"item\":\"https:\/\/ttemsa.com\/industria\/index.php\/simco-ion\/\"},{\"@type\":\"ListItem\",\"position\":3,\"name\":\"Cargadores de Est\u00e1tica Chargemaster CARGADORES DE CARGA EST\u00c1TICA\",\"item\":\"https:\/\/ttemsa.com\/industria\/index.php\/simco-ion\/cargadores-de-estatica-chargemaster\/\"},{\"@type\":\"ListItem\",\"position\":4,\"name\":\"CHARGEMASTER VCM\"}]},{\"@type\":\"WebSite\",\"@id\":\"https:\/\/ttemsa.com\/industria\/#website\",\"url\":\"https:\/\/ttemsa.com\/industria\/\",\"name\":\"industria-de-la-conversion.ttemsa\",\"description\":\"Designed Dianalacazadora.com\",\"alternateName\":\"ttemsa l\u00edderes en la industria de la conversi\u00f3n\",\"potentialAction\":[{\"@type\":\"SearchAction\",\"target\":{\"@type\":\"EntryPoint\",\"urlTemplate\":\"https:\/\/ttemsa.com\/industria\/?s={search_term_string}\"},\"query-input\":{\"@type\":\"PropertyValueSpecification\",\"valueRequired\":true,\"valueName\":\"search_term_string\"}}],\"inLanguage\":\"es\"}]}<\/script>\n<!-- \/ Yoast SEO plugin. -->","yoast_head_json":{"title":"CHARGEMASTER VCM - industria-de-la-conversion.ttemsa","description":"El cargador de est\u00e1tica Chargemaster VCM de Simco-lon es programable para modo de voltaje o corriente, suministrando alto voltaje a las barras cargadoras o aplicadores cargadores usados en la adhesi\u00f3n electrost\u00e1tica de materiales.","robots":{"index":"index","follow":"follow","max-snippet":"max-snippet:-1","max-image-preview":"max-image-preview:large","max-video-preview":"max-video-preview:-1"},"canonical":"https:\/\/ttemsa.com\/industria\/index.php\/simco-ion\/cargadores-de-estatica-chargemaster\/cargadores-de-estatica-charge-master\/","og_locale":"es_MX","og_type":"article","og_title":"El cargador de est\u00e1tica Chargemaster VCM de Simco-lon: es programable para modo de voltaje o corriente, suministrando alto voltaje a las barras cargadoras o aplicadores cargadores usados en la adhesi\u00f3n electrost\u00e1tica de materiales.","og_description":"En ttemsa ofrecemos Soluciones. Solicite + info Tel\u00e9fonos: + 52 (55) 5352-0191 5352-1301 5352-6070 5352-0593","og_url":"https:\/\/ttemsa.com\/industria\/index.php\/simco-ion\/cargadores-de-estatica-chargemaster\/cargadores-de-estatica-charge-master\/","og_site_name":"industria-de-la-conversion.ttemsa","article_modified_time":"2024-09-06T00:34:34+00:00","og_image":[{"width":339,"height":297,"url":"https:\/\/ttemsa.com\/industria\/wp-content\/uploads\/2023\/12\/cm20.png","type":"image\/png"}],"twitter_card":"summary_large_image","twitter_misc":{"Tiempo de lectura":"3 minutos"},"schema":{"@context":"https:\/\/schema.org","@graph":[{"@type":"WebPage","@id":"https:\/\/ttemsa.com\/industria\/index.php\/simco-ion\/cargadores-de-estatica-chargemaster\/cargadores-de-estatica-charge-master\/","url":"https:\/\/ttemsa.com\/industria\/index.php\/simco-ion\/cargadores-de-estatica-chargemaster\/cargadores-de-estatica-charge-master\/","name":"CHARGEMASTER VCM - industria-de-la-conversion.ttemsa","isPartOf":{"@id":"https:\/\/ttemsa.com\/industria\/#website"},"primaryImageOfPage":{"@id":"https:\/\/ttemsa.com\/industria\/index.php\/simco-ion\/cargadores-de-estatica-chargemaster\/cargadores-de-estatica-charge-master\/#primaryimage"},"image":{"@id":"https:\/\/ttemsa.com\/industria\/index.php\/simco-ion\/cargadores-de-estatica-chargemaster\/cargadores-de-estatica-charge-master\/#primaryimage"},"thumbnailUrl":"https:\/\/ttemsa.com\/industria\/wp-content\/uploads\/2023\/12\/ch1.png","datePublished":"2024-03-01T21:05:21+00:00","dateModified":"2024-09-06T00:34:34+00:00","description":"El cargador de est\u00e1tica Chargemaster VCM de Simco-lon es programable para modo de voltaje o corriente, suministrando alto voltaje a las barras cargadoras o aplicadores cargadores usados en la adhesi\u00f3n electrost\u00e1tica de materiales.","breadcrumb":{"@id":"https:\/\/ttemsa.com\/industria\/index.php\/simco-ion\/cargadores-de-estatica-chargemaster\/cargadores-de-estatica-charge-master\/#breadcrumb"},"inLanguage":"es","potentialAction":[{"@type":"ReadAction","target":["https:\/\/ttemsa.com\/industria\/index.php\/simco-ion\/cargadores-de-estatica-chargemaster\/cargadores-de-estatica-charge-master\/"]}]},{"@type":"ImageObject","inLanguage":"es","@id":"https:\/\/ttemsa.com\/industria\/index.php\/simco-ion\/cargadores-de-estatica-chargemaster\/cargadores-de-estatica-charge-master\/#primaryimage","url":"https:\/\/ttemsa.com\/industria\/wp-content\/uploads\/2023\/12\/ch1.png","contentUrl":"https:\/\/ttemsa.com\/industria\/wp-content\/uploads\/2023\/12\/ch1.png","width":445,"height":351},{"@type":"BreadcrumbList","@id":"https:\/\/ttemsa.com\/industria\/index.php\/simco-ion\/cargadores-de-estatica-chargemaster\/cargadores-de-estatica-charge-master\/#breadcrumb","itemListElement":[{"@type":"ListItem","position":1,"name":"Inicio","item":"https:\/\/ttemsa.com\/industria\/"},{"@type":"ListItem","position":2,"name":"SIMCO-ION","item":"https:\/\/ttemsa.com\/industria\/index.php\/simco-ion\/"},{"@type":"ListItem","position":3,"name":"Cargadores de Est\u00e1tica Chargemaster CARGADORES DE CARGA EST\u00c1TICA","item":"https:\/\/ttemsa.com\/industria\/index.php\/simco-ion\/cargadores-de-estatica-chargemaster\/"},{"@type":"ListItem","position":4,"name":"CHARGEMASTER VCM"}]},{"@type":"WebSite","@id":"https:\/\/ttemsa.com\/industria\/#website","url":"https:\/\/ttemsa.com\/industria\/","name":"industria-de-la-conversion.ttemsa","description":"Designed Dianalacazadora.com","alternateName":"ttemsa l\u00edderes en la industria de la conversi\u00f3n","potentialAction":[{"@type":"SearchAction","target":{"@type":"EntryPoint","urlTemplate":"https:\/\/ttemsa.com\/industria\/?s={search_term_string}"},"query-input":{"@type":"PropertyValueSpecification","valueRequired":true,"valueName":"search_term_string"}}],"inLanguage":"es"}]}},"_links":{"self":[{"href":"https:\/\/ttemsa.com\/industria\/index.php\/wp-json\/wp\/v2\/pages\/1670","targetHints":{"allow":["GET"]}}],"collection":[{"href":"https:\/\/ttemsa.com\/industria\/index.php\/wp-json\/wp\/v2\/pages"}],"about":[{"href":"https:\/\/ttemsa.com\/industria\/index.php\/wp-json\/wp\/v2\/types\/page"}],"author":[{"embeddable":true,"href":"https:\/\/ttemsa.com\/industria\/index.php\/wp-json\/wp\/v2\/users\/1"}],"replies":[{"embeddable":true,"href":"https:\/\/ttemsa.com\/industria\/index.php\/wp-json\/wp\/v2\/comments?post=1670"}],"version-history":[{"count":3,"href":"https:\/\/ttemsa.com\/industria\/index.php\/wp-json\/wp\/v2\/pages\/1670\/revisions"}],"predecessor-version":[{"id":3293,"href":"https:\/\/ttemsa.com\/industria\/index.php\/wp-json\/wp\/v2\/pages\/1670\/revisions\/3293"}],"up":[{"embeddable":true,"href":"https:\/\/ttemsa.com\/industria\/index.php\/wp-json\/wp\/v2\/pages\/1687"}],"wp:attachment":[{"href":"https:\/\/ttemsa.com\/industria\/index.php\/wp-json\/wp\/v2\/media?parent=1670"}],"wp:term":[{"taxonomy":"category","embeddable":true,"href":"https:\/\/ttemsa.com\/industria\/index.php\/wp-json\/wp\/v2\/categories?post=1670"},{"taxonomy":"post_tag","embeddable":true,"href":"https:\/\/ttemsa.com\/industria\/index.php\/wp-json\/wp\/v2\/tags?post=1670"}],"curies":[{"name":"wp","href":"https:\/\/api.w.org\/{rel}","templated":true}]}}