{"id":1671,"date":"2024-03-01T21:05:28","date_gmt":"2024-03-01T21:05:28","guid":{"rendered":"https:\/\/ttemsa.com\/industria\/index.php\/simco-ion\/catalogo-general-copy-copy-copy-copy-copy-copy-4\/"},"modified":"2024-09-06T14:58:55","modified_gmt":"2024-09-06T14:58:55","slug":"magnum-force","status":"publish","type":"page","link":"https:\/\/ttemsa.com\/industria\/index.php\/simco-ion\/boquilla-de-aire\/magnum-force\/","title":{"rendered":"SISTEMA DE CUCHILLO MAGNUM FORCE"},"content":{"rendered":"<div class=\"wp-block-image\">\n<figure class=\"aligncenter size-full is-resized\"><img loading=\"lazy\" decoding=\"async\" width=\"326\" height=\"205\" src=\"https:\/\/ttemsa.com\/industria\/wp-content\/uploads\/2023\/12\/magnumforce.jpg\" alt=\"\" class=\"wp-image-1105\" style=\"width:489px;height:auto\" srcset=\"https:\/\/ttemsa.com\/industria\/wp-content\/uploads\/2023\/12\/magnumforce.jpg 326w, https:\/\/ttemsa.com\/industria\/wp-content\/uploads\/2023\/12\/magnumforce-300x189.jpg 300w\" sizes=\"auto, (max-width: 326px) 100vw, 326px\" \/><\/figure>\n<\/div>\n\n<div class=\"wp-block-image\">\n<figure class=\"aligncenter size-full is-resized\"><img loading=\"lazy\" decoding=\"async\" width=\"640\" height=\"169\" src=\"https:\/\/ttemsa.com\/industria\/wp-content\/uploads\/2023\/12\/logo-simco.png\" alt=\"\" class=\"wp-image-940\" style=\"width:184px;height:auto\" srcset=\"https:\/\/ttemsa.com\/industria\/wp-content\/uploads\/2023\/12\/logo-simco.png 640w, https:\/\/ttemsa.com\/industria\/wp-content\/uploads\/2023\/12\/logo-simco-300x79.png 300w\" sizes=\"auto, (max-width: 640px) 100vw, 640px\" \/><\/figure>\n<\/div>\n\n\n<p class=\"has-text-align-center\">para automotriz.<\/p>\n\n\n\n<p>El sistema de cuchillo Magnum Force de<strong>&nbsp;Simco-Ion<\/strong>&nbsp;son dise\u00f1ados a las necesidades del cliente para proporcionar limpieza y&nbsp;&nbsp;secado de superficies dif\u00edciles.<\/p>\n\n\n\n<p>Cuando se combinan la neutralizaci\u00f3n de est\u00e1tica con barras Simco-Ion, el&nbsp;<strong>Magnum Force&nbsp;<\/strong>se con verte en una herramienta poderosa para remover polvo y suciedad de superficies planas o curvas.<\/p>\n\n\n\n<p>Cuando se requiere remover liquido el sistema Magnum Forc\u00e9 es ideal porque la potente fuerza de aire confinado con bajos costos de operaci\u00f3n y eficiencia.<\/p>\n\n\n\n<ul class=\"wp-block-list\">\n<li>Proporciona aire uniforme limpio y seco queda una capacidad de limpieza superior.<\/li>\n\n\n\n<li>El cuchillo de aire ajustable proporciona flexibilidad en el desempe\u00f1o<\/li>\n\n\n\n<li>F\u00e1cil instalaci\u00f3n y posicionamiento<\/li>\n\n\n\n<li>Cuerpo y soportes resistentes a la corrosi\u00f3n.<\/li>\n<\/ul>\n\n\n\n<hr class=\"wp-block-separator has-text-color has-vivid-cyan-blue-color has-alpha-channel-opacity has-vivid-cyan-blue-background-color has-background\"\/>\n\n\n\n<p class=\"has-large-font-size\"><strong>Uso T\u00edpico Magnum Force:<\/strong><\/p>\n\n\n\n<ul class=\"wp-block-list\">\n<li>Remover polvo, suciedad y cargas est\u00e1ticas de superficies automotrices y art\u00edculos grandes antes de la pintura.<\/li>\n\n\n\n<li>Secado de partes antes de pintarse.<\/li>\n\n\n\n<li>Secar partes antes de pintura&nbsp;<\/li>\n<\/ul>\n\n\n\n<figure class=\"wp-block-image size-full is-resized\"><img loading=\"lazy\" decoding=\"async\" width=\"627\" height=\"425\" src=\"https:\/\/ttemsa.com\/industria\/wp-content\/uploads\/2023\/12\/Captura-de-pantalla-2023-12-27-a-las-6.13.25-a.m.png\" alt=\"\" class=\"wp-image-1109\" style=\"width:524px;height:auto\" srcset=\"https:\/\/ttemsa.com\/industria\/wp-content\/uploads\/2023\/12\/Captura-de-pantalla-2023-12-27-a-las-6.13.25-a.m.png 627w, https:\/\/ttemsa.com\/industria\/wp-content\/uploads\/2023\/12\/Captura-de-pantalla-2023-12-27-a-las-6.13.25-a.m-300x203.png 300w\" sizes=\"auto, (max-width: 627px) 100vw, 627px\" \/><figcaption class=\"wp-element-caption\">Varios Tama\u00f1os y variedad de transmisiones para el soplador.\u00a0<br><\/figcaption><\/figure>\n\n\n\n<hr class=\"wp-block-separator has-text-color has-vivid-cyan-blue-color has-alpha-channel-opacity has-vivid-cyan-blue-background-color has-background\"\/>\n\n\n\n<p class=\"has-large-font-size\"><strong><strong>Opciones de Barras<\/strong><\/strong><\/p>\n\n\n\n<ul class=\"wp-block-list\">\n<li>Barra MEB.<\/li>\n\n\n\n<li>Potente IQ-HL para ambientes inflamables.<\/li>\n\n\n\n<li>Potente IQ para gran ionizaci\u00f3n.&nbsp;<\/li>\n\n\n\n<li><\/li>\n<\/ul>\n\n\n\n<p class=\"has-large-font-size\"><strong><strong><strong>Soplador<\/strong><\/strong><\/strong><\/p>\n\n\n\n<figure class=\"wp-block-image size-full\"><img loading=\"lazy\" decoding=\"async\" width=\"157\" height=\"147\" src=\"https:\/\/ttemsa.com\/industria\/wp-content\/uploads\/2023\/12\/Mag-Force-Air-Nozzle-web-image.jpg\" alt=\"\" class=\"wp-image-1110\"\/><\/figure>\n\n\n\n<ul class=\"wp-block-list\">\n<li>208-230V, 460V o 575V, 50\/60 Hz, tres faces.<\/li>\n\n\n\n<li>Certificado AMCA.<\/li>\n\n\n\n<li>Filtro\/silenciador: 10 micrones.<\/li>\n\n\n\n<li>&nbsp;Cartucho reemplazable con cubierta de acero.<\/li>\n<\/ul>\n\n\n\n<figure class=\"wp-block-table is-style-stripes\"><table><tbody><tr><td><strong>Especificaciones:<\/strong>&nbsp;<br>*&nbsp;&nbsp;&nbsp;Gabinete: &nbsp; &nbsp; &nbsp; Anodizado con recubrimiento de polvo en esquinas<br>*&nbsp;&nbsp;&nbsp;Dimensiones:&nbsp;Hasta 400 pulg de longitud en incremento de 6 pulg&nbsp;en longitudes de 4 y 6 pulg.<br><\/td><\/tr><tr><td><\/td><\/tr><\/tbody><\/table><\/figure>\n\n\n\n<p class=\"has-large-font-size\"><strong>Especificaciones Magnum Force<\/strong><\/p>\n\n\n\n<figure class=\"wp-block-image size-full\"><img loading=\"lazy\" decoding=\"async\" width=\"410\" height=\"260\" src=\"https:\/\/ttemsa.com\/industria\/wp-content\/uploads\/2023\/12\/Captura-de-pantalla-2023-12-27-a-las-6.21.31-a.m.png\" alt=\"\" class=\"wp-image-1112\" srcset=\"https:\/\/ttemsa.com\/industria\/wp-content\/uploads\/2023\/12\/Captura-de-pantalla-2023-12-27-a-las-6.21.31-a.m.png 410w, https:\/\/ttemsa.com\/industria\/wp-content\/uploads\/2023\/12\/Captura-de-pantalla-2023-12-27-a-las-6.21.31-a.m-300x190.png 300w\" sizes=\"auto, (max-width: 410px) 100vw, 410px\" \/><\/figure>\n","protected":false},"excerpt":{"rendered":"<p>para automotriz. El sistema de cuchillo Magnum Force de&nbsp;Simco-Ion&nbsp;son dise\u00f1ados a las necesidades del cliente para proporcionar limpieza y&nbsp;&nbsp;secado de superficies dif\u00edciles. Cuando se combinan la neutralizaci\u00f3n de est\u00e1tica con barras Simco-Ion, el&nbsp;Magnum Force&nbsp;se con verte en una herramienta poderosa para remover polvo y suciedad de superficies planas o curvas. Cuando se requiere remover liquido [&hellip;]<\/p>\n","protected":false},"author":1,"featured_media":0,"parent":3430,"menu_order":0,"comment_status":"closed","ping_status":"closed","template":"","meta":{"content-type":"","footnotes":""},"categories":[18],"tags":[],"class_list":["post-1671","page","type-page","status-publish","hentry","category-simco-ion"],"yoast_head":"<!-- This site is optimized with the Yoast SEO plugin v26.6 - https:\/\/yoast.com\/wordpress\/plugins\/seo\/ -->\n<title>SISTEMA DE CUCHILLO MAGNUM FORCE - industria-de-la-conversion.ttemsa<\/title>\n<meta name=\"description\" content=\"El sistema de cuchillo Magnum Force de Simco-Ion son dise\u00f1ados a las necesidades del cliente para proporcionar limpieza y secado.\" \/>\n<meta name=\"robots\" content=\"index, follow, max-snippet:-1, max-image-preview:large, max-video-preview:-1\" \/>\n<link rel=\"canonical\" href=\"https:\/\/ttemsa.com\/industria\/index.php\/simco-ion\/boquilla-de-aire\/magnum-force\/\" \/>\n<meta property=\"og:locale\" content=\"es_MX\" \/>\n<meta property=\"og:type\" content=\"article\" \/>\n<meta property=\"og:title\" content=\"El sistema de cuchillo Magnum Force de Simco-Ion, son dise\u00f1ados a las necesidades del cliente para proporcionar limpieza y seca.\" \/>\n<meta property=\"og:description\" content=\"En ttemsa ofrecemos Soluciones. Solicite + info Tel\u00e9fonos: + 52 (55) 5352-0191 5352-1301 5352-6070 5352-0593\" \/>\n<meta property=\"og:url\" content=\"https:\/\/ttemsa.com\/industria\/index.php\/simco-ion\/boquilla-de-aire\/magnum-force\/\" \/>\n<meta property=\"og:site_name\" content=\"industria-de-la-conversion.ttemsa\" \/>\n<meta property=\"article:modified_time\" content=\"2024-09-06T14:58:55+00:00\" \/>\n<meta property=\"og:image\" content=\"https:\/\/ttemsa.com\/industria\/wp-content\/uploads\/2023\/12\/magnumforce.jpg\" \/>\n\t<meta property=\"og:image:width\" content=\"326\" \/>\n\t<meta property=\"og:image:height\" content=\"205\" \/>\n\t<meta property=\"og:image:type\" content=\"image\/jpeg\" \/>\n<meta name=\"twitter:card\" content=\"summary_large_image\" \/>\n<meta name=\"twitter:label1\" content=\"Tiempo de lectura\" \/>\n\t<meta name=\"twitter:data1\" content=\"3 minutos\" \/>\n<script type=\"application\/ld+json\" class=\"yoast-schema-graph\">{\"@context\":\"https:\/\/schema.org\",\"@graph\":[{\"@type\":\"WebPage\",\"@id\":\"https:\/\/ttemsa.com\/industria\/index.php\/simco-ion\/boquilla-de-aire\/magnum-force\/\",\"url\":\"https:\/\/ttemsa.com\/industria\/index.php\/simco-ion\/boquilla-de-aire\/magnum-force\/\",\"name\":\"SISTEMA DE CUCHILLO MAGNUM FORCE - industria-de-la-conversion.ttemsa\",\"isPartOf\":{\"@id\":\"https:\/\/ttemsa.com\/industria\/#website\"},\"primaryImageOfPage\":{\"@id\":\"https:\/\/ttemsa.com\/industria\/index.php\/simco-ion\/boquilla-de-aire\/magnum-force\/#primaryimage\"},\"image\":{\"@id\":\"https:\/\/ttemsa.com\/industria\/index.php\/simco-ion\/boquilla-de-aire\/magnum-force\/#primaryimage\"},\"thumbnailUrl\":\"https:\/\/ttemsa.com\/industria\/wp-content\/uploads\/2023\/12\/magnumforce.jpg\",\"datePublished\":\"2024-03-01T21:05:28+00:00\",\"dateModified\":\"2024-09-06T14:58:55+00:00\",\"description\":\"El sistema de cuchillo Magnum Force de Simco-Ion son dise\u00f1ados a las necesidades del cliente para proporcionar limpieza y secado.\",\"breadcrumb\":{\"@id\":\"https:\/\/ttemsa.com\/industria\/index.php\/simco-ion\/boquilla-de-aire\/magnum-force\/#breadcrumb\"},\"inLanguage\":\"es\",\"potentialAction\":[{\"@type\":\"ReadAction\",\"target\":[\"https:\/\/ttemsa.com\/industria\/index.php\/simco-ion\/boquilla-de-aire\/magnum-force\/\"]}]},{\"@type\":\"ImageObject\",\"inLanguage\":\"es\",\"@id\":\"https:\/\/ttemsa.com\/industria\/index.php\/simco-ion\/boquilla-de-aire\/magnum-force\/#primaryimage\",\"url\":\"https:\/\/ttemsa.com\/industria\/wp-content\/uploads\/2023\/12\/magnumforce.jpg\",\"contentUrl\":\"https:\/\/ttemsa.com\/industria\/wp-content\/uploads\/2023\/12\/magnumforce.jpg\",\"width\":326,\"height\":205},{\"@type\":\"BreadcrumbList\",\"@id\":\"https:\/\/ttemsa.com\/industria\/index.php\/simco-ion\/boquilla-de-aire\/magnum-force\/#breadcrumb\",\"itemListElement\":[{\"@type\":\"ListItem\",\"position\":1,\"name\":\"Inicio\",\"item\":\"https:\/\/ttemsa.com\/industria\/\"},{\"@type\":\"ListItem\",\"position\":2,\"name\":\"SIMCO-ION\",\"item\":\"https:\/\/ttemsa.com\/industria\/index.php\/simco-ion\/\"},{\"@type\":\"ListItem\",\"position\":3,\"name\":\"Boquilla de Aire\",\"item\":\"https:\/\/ttemsa.com\/industria\/index.php\/simco-ion\/boquilla-de-aire\/\"},{\"@type\":\"ListItem\",\"position\":4,\"name\":\"SISTEMA DE CUCHILLO MAGNUM FORCE\"}]},{\"@type\":\"WebSite\",\"@id\":\"https:\/\/ttemsa.com\/industria\/#website\",\"url\":\"https:\/\/ttemsa.com\/industria\/\",\"name\":\"industria-de-la-conversion.ttemsa\",\"description\":\"Designed Dianalacazadora.com\",\"alternateName\":\"ttemsa l\u00edderes en la industria de la conversi\u00f3n\",\"potentialAction\":[{\"@type\":\"SearchAction\",\"target\":{\"@type\":\"EntryPoint\",\"urlTemplate\":\"https:\/\/ttemsa.com\/industria\/?s={search_term_string}\"},\"query-input\":{\"@type\":\"PropertyValueSpecification\",\"valueRequired\":true,\"valueName\":\"search_term_string\"}}],\"inLanguage\":\"es\"}]}<\/script>\n<!-- \/ Yoast SEO plugin. -->","yoast_head_json":{"title":"SISTEMA DE CUCHILLO MAGNUM FORCE - industria-de-la-conversion.ttemsa","description":"El sistema de cuchillo Magnum Force de Simco-Ion son dise\u00f1ados a las necesidades del cliente para proporcionar limpieza y secado.","robots":{"index":"index","follow":"follow","max-snippet":"max-snippet:-1","max-image-preview":"max-image-preview:large","max-video-preview":"max-video-preview:-1"},"canonical":"https:\/\/ttemsa.com\/industria\/index.php\/simco-ion\/boquilla-de-aire\/magnum-force\/","og_locale":"es_MX","og_type":"article","og_title":"El sistema de cuchillo Magnum Force de Simco-Ion, son dise\u00f1ados a las necesidades del cliente para proporcionar limpieza y seca.","og_description":"En ttemsa ofrecemos Soluciones. Solicite + info Tel\u00e9fonos: + 52 (55) 5352-0191 5352-1301 5352-6070 5352-0593","og_url":"https:\/\/ttemsa.com\/industria\/index.php\/simco-ion\/boquilla-de-aire\/magnum-force\/","og_site_name":"industria-de-la-conversion.ttemsa","article_modified_time":"2024-09-06T14:58:55+00:00","og_image":[{"width":326,"height":205,"url":"https:\/\/ttemsa.com\/industria\/wp-content\/uploads\/2023\/12\/magnumforce.jpg","type":"image\/jpeg"}],"twitter_card":"summary_large_image","twitter_misc":{"Tiempo de lectura":"3 minutos"},"schema":{"@context":"https:\/\/schema.org","@graph":[{"@type":"WebPage","@id":"https:\/\/ttemsa.com\/industria\/index.php\/simco-ion\/boquilla-de-aire\/magnum-force\/","url":"https:\/\/ttemsa.com\/industria\/index.php\/simco-ion\/boquilla-de-aire\/magnum-force\/","name":"SISTEMA DE CUCHILLO MAGNUM FORCE - industria-de-la-conversion.ttemsa","isPartOf":{"@id":"https:\/\/ttemsa.com\/industria\/#website"},"primaryImageOfPage":{"@id":"https:\/\/ttemsa.com\/industria\/index.php\/simco-ion\/boquilla-de-aire\/magnum-force\/#primaryimage"},"image":{"@id":"https:\/\/ttemsa.com\/industria\/index.php\/simco-ion\/boquilla-de-aire\/magnum-force\/#primaryimage"},"thumbnailUrl":"https:\/\/ttemsa.com\/industria\/wp-content\/uploads\/2023\/12\/magnumforce.jpg","datePublished":"2024-03-01T21:05:28+00:00","dateModified":"2024-09-06T14:58:55+00:00","description":"El sistema de cuchillo Magnum Force de Simco-Ion son dise\u00f1ados a las necesidades del cliente para proporcionar limpieza y secado.","breadcrumb":{"@id":"https:\/\/ttemsa.com\/industria\/index.php\/simco-ion\/boquilla-de-aire\/magnum-force\/#breadcrumb"},"inLanguage":"es","potentialAction":[{"@type":"ReadAction","target":["https:\/\/ttemsa.com\/industria\/index.php\/simco-ion\/boquilla-de-aire\/magnum-force\/"]}]},{"@type":"ImageObject","inLanguage":"es","@id":"https:\/\/ttemsa.com\/industria\/index.php\/simco-ion\/boquilla-de-aire\/magnum-force\/#primaryimage","url":"https:\/\/ttemsa.com\/industria\/wp-content\/uploads\/2023\/12\/magnumforce.jpg","contentUrl":"https:\/\/ttemsa.com\/industria\/wp-content\/uploads\/2023\/12\/magnumforce.jpg","width":326,"height":205},{"@type":"BreadcrumbList","@id":"https:\/\/ttemsa.com\/industria\/index.php\/simco-ion\/boquilla-de-aire\/magnum-force\/#breadcrumb","itemListElement":[{"@type":"ListItem","position":1,"name":"Inicio","item":"https:\/\/ttemsa.com\/industria\/"},{"@type":"ListItem","position":2,"name":"SIMCO-ION","item":"https:\/\/ttemsa.com\/industria\/index.php\/simco-ion\/"},{"@type":"ListItem","position":3,"name":"Boquilla de Aire","item":"https:\/\/ttemsa.com\/industria\/index.php\/simco-ion\/boquilla-de-aire\/"},{"@type":"ListItem","position":4,"name":"SISTEMA DE CUCHILLO MAGNUM FORCE"}]},{"@type":"WebSite","@id":"https:\/\/ttemsa.com\/industria\/#website","url":"https:\/\/ttemsa.com\/industria\/","name":"industria-de-la-conversion.ttemsa","description":"Designed Dianalacazadora.com","alternateName":"ttemsa l\u00edderes en la industria de la conversi\u00f3n","potentialAction":[{"@type":"SearchAction","target":{"@type":"EntryPoint","urlTemplate":"https:\/\/ttemsa.com\/industria\/?s={search_term_string}"},"query-input":{"@type":"PropertyValueSpecification","valueRequired":true,"valueName":"search_term_string"}}],"inLanguage":"es"}]}},"_links":{"self":[{"href":"https:\/\/ttemsa.com\/industria\/index.php\/wp-json\/wp\/v2\/pages\/1671","targetHints":{"allow":["GET"]}}],"collection":[{"href":"https:\/\/ttemsa.com\/industria\/index.php\/wp-json\/wp\/v2\/pages"}],"about":[{"href":"https:\/\/ttemsa.com\/industria\/index.php\/wp-json\/wp\/v2\/types\/page"}],"author":[{"embeddable":true,"href":"https:\/\/ttemsa.com\/industria\/index.php\/wp-json\/wp\/v2\/users\/1"}],"replies":[{"embeddable":true,"href":"https:\/\/ttemsa.com\/industria\/index.php\/wp-json\/wp\/v2\/comments?post=1671"}],"version-history":[{"count":3,"href":"https:\/\/ttemsa.com\/industria\/index.php\/wp-json\/wp\/v2\/pages\/1671\/revisions"}],"predecessor-version":[{"id":3253,"href":"https:\/\/ttemsa.com\/industria\/index.php\/wp-json\/wp\/v2\/pages\/1671\/revisions\/3253"}],"up":[{"embeddable":true,"href":"https:\/\/ttemsa.com\/industria\/index.php\/wp-json\/wp\/v2\/pages\/3430"}],"wp:attachment":[{"href":"https:\/\/ttemsa.com\/industria\/index.php\/wp-json\/wp\/v2\/media?parent=1671"}],"wp:term":[{"taxonomy":"category","embeddable":true,"href":"https:\/\/ttemsa.com\/industria\/index.php\/wp-json\/wp\/v2\/categories?post=1671"},{"taxonomy":"post_tag","embeddable":true,"href":"https:\/\/ttemsa.com\/industria\/index.php\/wp-json\/wp\/v2\/tags?post=1671"}],"curies":[{"name":"wp","href":"https:\/\/api.w.org\/{rel}","templated":true}]}}