{"id":1682,"date":"2024-03-01T21:06:59","date_gmt":"2024-03-01T21:06:59","guid":{"rendered":"https:\/\/ttemsa.com\/industria\/index.php\/simco-ion\/catalogo-general-copy-copy-copy-copy-copy-copy-11\/"},"modified":"2024-09-06T13:11:44","modified_gmt":"2024-09-06T13:11:44","slug":"limpiadores-de-banda-continua-y-hojas","status":"publish","type":"page","link":"https:\/\/ttemsa.com\/industria\/index.php\/simco-ion\/boquilla-de-aire\/limpiadores-de-banda-continua-y-hojas\/","title":{"rendered":"LIMPIADORES DE BANDA CONTINUA Y HOJAS"},"content":{"rendered":"<div class=\"wp-block-image\">\n<figure class=\"aligncenter size-full is-resized\"><img loading=\"lazy\" decoding=\"async\" width=\"1016\" height=\"508\" src=\"https:\/\/ttemsa.com\/industria\/wp-content\/uploads\/2023\/12\/mark.jpg\" alt=\"\" class=\"wp-image-1115\" style=\"width:727px;height:auto\" srcset=\"https:\/\/ttemsa.com\/industria\/wp-content\/uploads\/2023\/12\/mark.jpg 1016w, https:\/\/ttemsa.com\/industria\/wp-content\/uploads\/2023\/12\/mark-300x150.jpg 300w, https:\/\/ttemsa.com\/industria\/wp-content\/uploads\/2023\/12\/mark-768x384.jpg 768w\" sizes=\"auto, (max-width: 1016px) 100vw, 1016px\" \/><\/figure>\n<\/div>\n\n<div class=\"wp-block-image\">\n<figure class=\"aligncenter size-full is-resized\"><img loading=\"lazy\" decoding=\"async\" width=\"640\" height=\"169\" src=\"https:\/\/ttemsa.com\/industria\/wp-content\/uploads\/2023\/12\/logo-simco.png\" alt=\"\" class=\"wp-image-940\" style=\"width:244px;height:auto\" srcset=\"https:\/\/ttemsa.com\/industria\/wp-content\/uploads\/2023\/12\/logo-simco.png 640w, https:\/\/ttemsa.com\/industria\/wp-content\/uploads\/2023\/12\/logo-simco-300x79.png 300w\" sizes=\"auto, (max-width: 640px) 100vw, 640px\" \/><\/figure>\n<\/div>\n\n\n<p class=\"has-large-font-size\">lon-O- VAC Mark I<\/p>\n\n\n\n<p>El&nbsp;Mark I&nbsp;de Simco-lon utiliza colector alta tensi\u00f3n y bajo volumen de vac\u00edo para remover part\u00edculas de 20 micrones de tama\u00f1o en banda continua y hojas.<\/p>\n\n\n\n<p>Los modelos incluyen cepillo, barras neutralizadoras antes y despu\u00e9s de las ranuras del vac\u00edo.<\/p>\n\n\n\n<p>El lon-O-VAC es normalmente montado donde el material tiene mas de 30 grados de superficie de contacto sobre rodillo o cilindro. El efecto de limpieza se maximiza con la alta presi\u00f3n de vac\u00edo.&nbsp;<\/p>\n\n\n\n<p>Cuando se combinan la neutralizaci\u00f3n de est\u00e1tica con barras Simco-Ion, el&nbsp;<strong>Magnum Force&nbsp;<\/strong>se con verte en una herramienta poderosa para remover polvo y suciedad de superficies planas o curvas.<\/p>\n\n\n\n<p>Cuando se requiere remover liquido el sistema Magnum Forc\u00e9 es ideal porque la potente fuerza de aire confinado con bajos costos de operaci\u00f3n y eficiencia.<\/p>\n\n\n\n<ul class=\"wp-block-list\">\n<li>Proporciona aire uniforme limpio y seco queda una capacidad de limpieza superior.<\/li>\n\n\n\n<li>El cuchillo de aire ajustable proporciona flexibilidad en el desempe\u00f1o<\/li>\n\n\n\n<li>F\u00e1cil instalaci\u00f3n y posicionamiento<\/li>\n\n\n\n<li>Cuerpo y soportes resistentes a la corrosi\u00f3n.<\/li>\n<\/ul>\n\n\n\n<hr class=\"wp-block-separator has-text-color has-vivid-cyan-blue-color has-alpha-channel-opacity has-vivid-cyan-blue-background-color has-background\"\/>\n\n\n\n<p class=\"has-medium-font-size\"><strong><strong>Dise\u00f1o\/Instalaci\u00f3n T\u00edpica de Boquilla de Alta Presi\u00f3n.<\/strong><\/strong><\/p>\n\n\n\n<figure class=\"wp-block-image size-large\"><img loading=\"lazy\" decoding=\"async\" width=\"1024\" height=\"390\" src=\"https:\/\/ttemsa.com\/industria\/wp-content\/uploads\/2023\/12\/ionovac-1024x390.jpg\" alt=\"\" class=\"wp-image-1117\" srcset=\"https:\/\/ttemsa.com\/industria\/wp-content\/uploads\/2023\/12\/ionovac-1024x390.jpg 1024w, https:\/\/ttemsa.com\/industria\/wp-content\/uploads\/2023\/12\/ionovac-300x114.jpg 300w, https:\/\/ttemsa.com\/industria\/wp-content\/uploads\/2023\/12\/ionovac-768x292.jpg 768w, https:\/\/ttemsa.com\/industria\/wp-content\/uploads\/2023\/12\/ionovac.jpg 1418w\" sizes=\"auto, (max-width: 1024px) 100vw, 1024px\" \/><\/figure>\n\n\n\n<p><strong>lon-O-VAC Mark I<\/strong><\/p>\n\n\n\n<p>Aplicaciones Sensitivas-extensi\u00f3n lineal para realizar vac\u00edo en la superficie de la banda<\/p>\n\n\n\n<p>*&nbsp;&nbsp;Papel delgado<\/p>\n\n\n\n<p>*&nbsp;&nbsp;Pel\u00edcula pl\u00e1stica<\/p>\n\n\n\n<p>*&nbsp;&nbsp;Materiales Ligeros<\/p>\n\n\n\n<p>*&nbsp;&nbsp;Superficie irregulares&nbsp;<\/p>\n\n\n\n<p><strong>lon-O-VAC Mark IV<\/strong><\/p>\n\n\n\n<p>Aplicaciones agresivas-Cepillo rotatorio aumenta la eficiencia de limpieza<\/p>\n\n\n\n<p>*&nbsp;&nbsp;Remoci\u00f3n de part\u00edculas dif\u00edciles de remover<\/p>\n\n\n\n<p>*&nbsp;&nbsp;Superficies texturizadas<\/p>\n\n\n\n<p>*&nbsp;&nbsp;Materiales gruesos<\/p>\n\n\n\n<p>*&nbsp;&nbsp;Alta limpieza de la banda&nbsp;<\/p>\n\n\n\n<p>El sistema Simco-lon&nbsp;Mark IV&nbsp;Utiliza la potencia de un cepillo rotatorio que cepilla la superficie del material a limpiar hasta 15 micrones. La acci\u00f3n de cepillado del Mark IV esta dise\u00f1ada para materiales dif\u00edciles donde se demanda superficies muy limpias.<\/p>\n\n\n\n<p>*&nbsp;&nbsp;&nbsp;Limpieza de doble superficie disponible para prensas<\/p>\n\n\n\n<p>*&nbsp;&nbsp;&nbsp;Arreglos de limpieza para uno o dos lados<\/p>\n\n\n\n<p>*&nbsp;&nbsp;&nbsp;Conector con cartucho y filtro<\/p>\n\n\n\n<p>*&nbsp;&nbsp;&nbsp;Pre-filtro y arrancador de motor<\/p>\n\n\n\n<p>*&nbsp;&nbsp;&nbsp;La cabeza del lon-O-VAC con cepillo rotatorio, transmisi\u00f3n motor y controles para eliminaci\u00f3n de est\u00e1tica, as\u00ed&nbsp;como soportes<\/p>\n\n\n\n<p>*&nbsp;&nbsp;&nbsp;Levantadores neum\u00e1ticos pueden agregarse para separar boquilla durante la colocaci\u00f3n de la banda<\/p>\n\n\n\n<figure class=\"wp-block-image size-full is-resized\"><img loading=\"lazy\" decoding=\"async\" width=\"524\" height=\"560\" src=\"https:\/\/ttemsa.com\/industria\/wp-content\/uploads\/2023\/12\/ionovac2.jpg\" alt=\"\" class=\"wp-image-1118\" style=\"width:290px;height:auto\" srcset=\"https:\/\/ttemsa.com\/industria\/wp-content\/uploads\/2023\/12\/ionovac2.jpg 524w, https:\/\/ttemsa.com\/industria\/wp-content\/uploads\/2023\/12\/ionovac2-281x300.jpg 281w\" sizes=\"auto, (max-width: 524px) 100vw, 524px\" \/><\/figure>\n\n\n\n<hr class=\"wp-block-separator has-text-color has-vivid-cyan-blue-color has-alpha-channel-opacity has-vivid-cyan-blue-background-color has-background\"\/>\n\n\n\n<p class=\"has-large-font-size\"><strong><strong><strong>V-Force 30<\/strong><\/strong><\/strong><\/p>\n\n\n<div class=\"wp-block-image\">\n<figure class=\"aligncenter size-full\"><img loading=\"lazy\" decoding=\"async\" width=\"708\" height=\"686\" src=\"https:\/\/ttemsa.com\/industria\/wp-content\/uploads\/2023\/12\/vforce30.jpg\" alt=\"\" class=\"wp-image-1119\" srcset=\"https:\/\/ttemsa.com\/industria\/wp-content\/uploads\/2023\/12\/vforce30.jpg 708w, https:\/\/ttemsa.com\/industria\/wp-content\/uploads\/2023\/12\/vforce30-300x291.jpg 300w\" sizes=\"auto, (max-width: 708px) 100vw, 708px\" \/><figcaption class=\"wp-element-caption\"><strong>Boquilla<\/strong><br>No requiere aire comprimido<\/figcaption><\/figure>\n<\/div>\n\n\n<p>Sistema de vac\u00edo de banda angosta del&nbsp;V-Force 30&nbsp;es&nbsp;\u00fanico en su alto desempe\u00f1o de limpieza por vac\u00edo para maquinas de banda angosta.<\/p>\n\n\n\n<p>El V-Force 30 combina potencia de neutralizaci\u00f3n de est\u00e1tica con alto volumen de vac\u00edo y alta velocidad teniendo lo mejor en limpieza.&nbsp;<\/p>\n\n\n\n<p>El sistema de limpieza sin contacto de las boquillas con barras activas de neutralizaci\u00f3n est\u00e1tica y un Sistema auto-contenido de Control de Aire recolectando part\u00edculas aisladas en un solo gabinete.&nbsp;<\/p>\n\n\n\n<p>Puede ser instalado f\u00e1cilmente en cualquier&nbsp;\u00e1rea y usado principalmente en prensas de banda angosta y otras maquinas de banda angosta que lo hacen una aplicaci\u00f3n ideal.<\/p>\n\n\n\n<p><strong>Beneficios Clave<\/strong><\/p>\n\n\n\n<p>*&nbsp;&nbsp;&nbsp;Adecuado para aplicaci\u00f3n de pel\u00edculas delgadas<\/p>\n\n\n\n<p>*&nbsp;&nbsp;&nbsp;Operaci\u00f3n silenciosa (&lt;70 dB)<\/p>\n\n\n\n<p>*&nbsp;&nbsp;&nbsp;Instalaci\u00f3n sencilla con dise\u00f1o de mangueras axiales<\/p>\n\n\n\n<p>*&nbsp;&nbsp;&nbsp;Construcci\u00f3n robusta de acero inoxidable<\/p>\n\n\n\n<p>*&nbsp;&nbsp;&nbsp;Bajo mantenimiento f\u00e1cil reemplazo de filtro&nbsp;<\/p>\n\n\n\n<p>*&nbsp;&nbsp;&nbsp;Dise\u00f1o de soplador no-regenerativo&nbsp;&nbsp;<\/p>\n\n\n\n<hr class=\"wp-block-separator has-alpha-channel-opacity\"\/>\n\n\n\n<p class=\"has-large-font-size\"><strong><strong><strong>Neutro-VAC<\/strong><\/strong><\/strong><\/p>\n\n\n\n<figure class=\"wp-block-image size-full is-resized\"><img loading=\"lazy\" decoding=\"async\" width=\"1028\" height=\"496\" src=\"https:\/\/ttemsa.com\/industria\/wp-content\/uploads\/2023\/12\/neutrovac.jpg\" alt=\"\" class=\"wp-image-1120\" style=\"width:562px;height:auto\" srcset=\"https:\/\/ttemsa.com\/industria\/wp-content\/uploads\/2023\/12\/neutrovac.jpg 1028w, https:\/\/ttemsa.com\/industria\/wp-content\/uploads\/2023\/12\/neutrovac-300x145.jpg 300w, https:\/\/ttemsa.com\/industria\/wp-content\/uploads\/2023\/12\/neutrovac-1024x494.jpg 1024w, https:\/\/ttemsa.com\/industria\/wp-content\/uploads\/2023\/12\/neutrovac-768x371.jpg 768w\" sizes=\"auto, (max-width: 1028px) 100vw, 1028px\" \/><\/figure>\n\n\n\n<p>El limpiador Simco-lon&nbsp;Neutro-VAC&nbsp;combina la potencia del aire con la eliminaci\u00f3n de est\u00e1tica, cepillos y cabezas de alta succi\u00f3n removiendo a la est\u00e9tica pegada y extrayendo las part\u00edculas hasta de 20 micrones.<\/p>\n\n\n\n<p>El sistema Neutro-VAC es ideal aplicaciones de bandas de 3 a 300 pulg de ancho.<\/p>\n\n\n\n<p>*&nbsp;&nbsp;No requiere realizar cambios en anchos de banda.<\/p>\n\n\n\n<p>*&nbsp;&nbsp;Limpieza en uno o dos caras.<\/p>\n\n\n\n<p>*&nbsp;&nbsp;Configuraciones de contacto, no contacto y ambientes inflamables.<\/p>\n\n\n\n<p>*&nbsp;&nbsp;Filtro HEPA disponible.<\/p>\n\n\n\n<figure class=\"wp-block-image size-full is-resized\"><img loading=\"lazy\" decoding=\"async\" width=\"944\" height=\"522\" src=\"https:\/\/ttemsa.com\/industria\/wp-content\/uploads\/2023\/12\/neutro2.jpg\" alt=\"\" class=\"wp-image-1121\" style=\"width:613px;height:auto\" srcset=\"https:\/\/ttemsa.com\/industria\/wp-content\/uploads\/2023\/12\/neutro2.jpg 944w, https:\/\/ttemsa.com\/industria\/wp-content\/uploads\/2023\/12\/neutro2-300x166.jpg 300w, https:\/\/ttemsa.com\/industria\/wp-content\/uploads\/2023\/12\/neutro2-768x425.jpg 768w\" sizes=\"auto, (max-width: 944px) 100vw, 944px\" \/><\/figure>\n\n\n\n<p>El sistema&nbsp;Neutro-VAC&nbsp;se utiliza en muchas aplicaciones donde la neutralizaci\u00f3n no es la soluci\u00f3n total<\/p>\n\n\n\n<p>*&nbsp;&nbsp;Empaque alimenticio y m\u00e9dico.<\/p>\n\n\n\n<p>* Impresi\u00f3n.<\/p>\n\n\n\n<p>*&nbsp;&nbsp;Extrusi\u00f3n.&nbsp;<\/p>\n\n\n\n<p>*&nbsp;&nbsp;Laminaci\u00f3n.<\/p>\n\n\n\n<p>Las cabezas&nbsp;<strong>Neutro-VAC<\/strong>&nbsp;con cepillo, barras neutral!zadoras y tubo de aire&nbsp;&nbsp;(disponibles sin cepillo en la versi\u00f3n de no contacto.<\/p>\n","protected":false},"excerpt":{"rendered":"<p>lon-O- VAC Mark I El&nbsp;Mark I&nbsp;de Simco-lon utiliza colector alta tensi\u00f3n y bajo volumen de vac\u00edo para remover part\u00edculas de 20 micrones de tama\u00f1o en banda continua y hojas. Los modelos incluyen cepillo, barras neutralizadoras antes y despu\u00e9s de las ranuras del vac\u00edo. El lon-O-VAC es normalmente montado donde el material tiene mas de 30 [&hellip;]<\/p>\n","protected":false},"author":1,"featured_media":0,"parent":3430,"menu_order":0,"comment_status":"closed","ping_status":"closed","template":"","meta":{"content-type":"","footnotes":""},"categories":[18],"tags":[],"class_list":["post-1682","page","type-page","status-publish","hentry","category-simco-ion"],"yoast_head":"<!-- This site is optimized with the Yoast SEO plugin v26.6 - https:\/\/yoast.com\/wordpress\/plugins\/seo\/ -->\n<title>LIMPIADORES DE BANDA CONTINUA Y HOJAS - industria-de-la-conversion.ttemsa<\/title>\n<meta name=\"description\" content=\"El Mark I de Simco-lon utiliza colector alta tensi\u00f3n y bajo volumen de vac\u00edo para remover part\u00edculas de 20 micrones de tama\u00f1o en banda continua y hojas.\" \/>\n<meta name=\"robots\" content=\"index, follow, max-snippet:-1, max-image-preview:large, max-video-preview:-1\" \/>\n<link rel=\"canonical\" href=\"https:\/\/ttemsa.com\/industria\/index.php\/simco-ion\/boquilla-de-aire\/limpiadores-de-banda-continua-y-hojas\/\" \/>\n<meta property=\"og:locale\" content=\"es_MX\" \/>\n<meta property=\"og:type\" content=\"article\" \/>\n<meta property=\"og:title\" content=\"Limpiadores de Banda Continua y Hojas El Mark I de Simco-lon: utiliza colector alta tensi\u00f3n y bajo volumen de vac\u00edo para remover part\u00edculas de 20 micrones de tama\u00f1o en banda continua y hojas.\" \/>\n<meta property=\"og:description\" content=\"En ttemsa ofrecemos Soluciones. Solicite + info Tel\u00e9fonos: + 52 (55) 5352-0191 5352-1301 5352-6070 5352-0593\" \/>\n<meta property=\"og:url\" content=\"https:\/\/ttemsa.com\/industria\/index.php\/simco-ion\/boquilla-de-aire\/limpiadores-de-banda-continua-y-hojas\/\" \/>\n<meta property=\"og:site_name\" content=\"industria-de-la-conversion.ttemsa\" \/>\n<meta property=\"article:modified_time\" content=\"2024-09-06T13:11:44+00:00\" \/>\n<meta property=\"og:image\" content=\"https:\/\/ttemsa.com\/industria\/wp-content\/uploads\/2023\/12\/vforce30.jpg\" \/>\n\t<meta property=\"og:image:width\" content=\"708\" \/>\n\t<meta property=\"og:image:height\" content=\"686\" \/>\n\t<meta property=\"og:image:type\" content=\"image\/jpeg\" \/>\n<meta name=\"twitter:card\" content=\"summary_large_image\" \/>\n<meta name=\"twitter:label1\" content=\"Tiempo de lectura\" \/>\n\t<meta name=\"twitter:data1\" content=\"5 minutos\" \/>\n<script type=\"application\/ld+json\" class=\"yoast-schema-graph\">{\"@context\":\"https:\/\/schema.org\",\"@graph\":[{\"@type\":\"WebPage\",\"@id\":\"https:\/\/ttemsa.com\/industria\/index.php\/simco-ion\/boquilla-de-aire\/limpiadores-de-banda-continua-y-hojas\/\",\"url\":\"https:\/\/ttemsa.com\/industria\/index.php\/simco-ion\/boquilla-de-aire\/limpiadores-de-banda-continua-y-hojas\/\",\"name\":\"LIMPIADORES DE BANDA CONTINUA Y HOJAS - industria-de-la-conversion.ttemsa\",\"isPartOf\":{\"@id\":\"https:\/\/ttemsa.com\/industria\/#website\"},\"primaryImageOfPage\":{\"@id\":\"https:\/\/ttemsa.com\/industria\/index.php\/simco-ion\/boquilla-de-aire\/limpiadores-de-banda-continua-y-hojas\/#primaryimage\"},\"image\":{\"@id\":\"https:\/\/ttemsa.com\/industria\/index.php\/simco-ion\/boquilla-de-aire\/limpiadores-de-banda-continua-y-hojas\/#primaryimage\"},\"thumbnailUrl\":\"https:\/\/ttemsa.com\/industria\/wp-content\/uploads\/2023\/12\/mark.jpg\",\"datePublished\":\"2024-03-01T21:06:59+00:00\",\"dateModified\":\"2024-09-06T13:11:44+00:00\",\"description\":\"El Mark I de Simco-lon utiliza colector alta tensi\u00f3n y bajo volumen de vac\u00edo para remover part\u00edculas de 20 micrones de tama\u00f1o en banda continua y hojas.\",\"breadcrumb\":{\"@id\":\"https:\/\/ttemsa.com\/industria\/index.php\/simco-ion\/boquilla-de-aire\/limpiadores-de-banda-continua-y-hojas\/#breadcrumb\"},\"inLanguage\":\"es\",\"potentialAction\":[{\"@type\":\"ReadAction\",\"target\":[\"https:\/\/ttemsa.com\/industria\/index.php\/simco-ion\/boquilla-de-aire\/limpiadores-de-banda-continua-y-hojas\/\"]}]},{\"@type\":\"ImageObject\",\"inLanguage\":\"es\",\"@id\":\"https:\/\/ttemsa.com\/industria\/index.php\/simco-ion\/boquilla-de-aire\/limpiadores-de-banda-continua-y-hojas\/#primaryimage\",\"url\":\"https:\/\/ttemsa.com\/industria\/wp-content\/uploads\/2023\/12\/mark.jpg\",\"contentUrl\":\"https:\/\/ttemsa.com\/industria\/wp-content\/uploads\/2023\/12\/mark.jpg\",\"width\":1016,\"height\":508},{\"@type\":\"BreadcrumbList\",\"@id\":\"https:\/\/ttemsa.com\/industria\/index.php\/simco-ion\/boquilla-de-aire\/limpiadores-de-banda-continua-y-hojas\/#breadcrumb\",\"itemListElement\":[{\"@type\":\"ListItem\",\"position\":1,\"name\":\"Inicio\",\"item\":\"https:\/\/ttemsa.com\/industria\/\"},{\"@type\":\"ListItem\",\"position\":2,\"name\":\"SIMCO-ION\",\"item\":\"https:\/\/ttemsa.com\/industria\/index.php\/simco-ion\/\"},{\"@type\":\"ListItem\",\"position\":3,\"name\":\"Boquilla de Aire\",\"item\":\"https:\/\/ttemsa.com\/industria\/index.php\/simco-ion\/boquilla-de-aire\/\"},{\"@type\":\"ListItem\",\"position\":4,\"name\":\"LIMPIADORES DE BANDA CONTINUA Y HOJAS\"}]},{\"@type\":\"WebSite\",\"@id\":\"https:\/\/ttemsa.com\/industria\/#website\",\"url\":\"https:\/\/ttemsa.com\/industria\/\",\"name\":\"industria-de-la-conversion.ttemsa\",\"description\":\"Designed Dianalacazadora.com\",\"alternateName\":\"ttemsa l\u00edderes en la industria de la conversi\u00f3n\",\"potentialAction\":[{\"@type\":\"SearchAction\",\"target\":{\"@type\":\"EntryPoint\",\"urlTemplate\":\"https:\/\/ttemsa.com\/industria\/?s={search_term_string}\"},\"query-input\":{\"@type\":\"PropertyValueSpecification\",\"valueRequired\":true,\"valueName\":\"search_term_string\"}}],\"inLanguage\":\"es\"}]}<\/script>\n<!-- \/ Yoast SEO plugin. -->","yoast_head_json":{"title":"LIMPIADORES DE BANDA CONTINUA Y HOJAS - industria-de-la-conversion.ttemsa","description":"El Mark I de Simco-lon utiliza colector alta tensi\u00f3n y bajo volumen de vac\u00edo para remover part\u00edculas de 20 micrones de tama\u00f1o en banda continua y hojas.","robots":{"index":"index","follow":"follow","max-snippet":"max-snippet:-1","max-image-preview":"max-image-preview:large","max-video-preview":"max-video-preview:-1"},"canonical":"https:\/\/ttemsa.com\/industria\/index.php\/simco-ion\/boquilla-de-aire\/limpiadores-de-banda-continua-y-hojas\/","og_locale":"es_MX","og_type":"article","og_title":"Limpiadores de Banda Continua y Hojas El Mark I de Simco-lon: utiliza colector alta tensi\u00f3n y bajo volumen de vac\u00edo para remover part\u00edculas de 20 micrones de tama\u00f1o en banda continua y hojas.","og_description":"En ttemsa ofrecemos Soluciones. Solicite + info Tel\u00e9fonos: + 52 (55) 5352-0191 5352-1301 5352-6070 5352-0593","og_url":"https:\/\/ttemsa.com\/industria\/index.php\/simco-ion\/boquilla-de-aire\/limpiadores-de-banda-continua-y-hojas\/","og_site_name":"industria-de-la-conversion.ttemsa","article_modified_time":"2024-09-06T13:11:44+00:00","og_image":[{"width":708,"height":686,"url":"https:\/\/ttemsa.com\/industria\/wp-content\/uploads\/2023\/12\/vforce30.jpg","type":"image\/jpeg"}],"twitter_card":"summary_large_image","twitter_misc":{"Tiempo de lectura":"5 minutos"},"schema":{"@context":"https:\/\/schema.org","@graph":[{"@type":"WebPage","@id":"https:\/\/ttemsa.com\/industria\/index.php\/simco-ion\/boquilla-de-aire\/limpiadores-de-banda-continua-y-hojas\/","url":"https:\/\/ttemsa.com\/industria\/index.php\/simco-ion\/boquilla-de-aire\/limpiadores-de-banda-continua-y-hojas\/","name":"LIMPIADORES DE BANDA CONTINUA Y HOJAS - industria-de-la-conversion.ttemsa","isPartOf":{"@id":"https:\/\/ttemsa.com\/industria\/#website"},"primaryImageOfPage":{"@id":"https:\/\/ttemsa.com\/industria\/index.php\/simco-ion\/boquilla-de-aire\/limpiadores-de-banda-continua-y-hojas\/#primaryimage"},"image":{"@id":"https:\/\/ttemsa.com\/industria\/index.php\/simco-ion\/boquilla-de-aire\/limpiadores-de-banda-continua-y-hojas\/#primaryimage"},"thumbnailUrl":"https:\/\/ttemsa.com\/industria\/wp-content\/uploads\/2023\/12\/mark.jpg","datePublished":"2024-03-01T21:06:59+00:00","dateModified":"2024-09-06T13:11:44+00:00","description":"El Mark I de Simco-lon utiliza colector alta tensi\u00f3n y bajo volumen de vac\u00edo para remover part\u00edculas de 20 micrones de tama\u00f1o en banda continua y hojas.","breadcrumb":{"@id":"https:\/\/ttemsa.com\/industria\/index.php\/simco-ion\/boquilla-de-aire\/limpiadores-de-banda-continua-y-hojas\/#breadcrumb"},"inLanguage":"es","potentialAction":[{"@type":"ReadAction","target":["https:\/\/ttemsa.com\/industria\/index.php\/simco-ion\/boquilla-de-aire\/limpiadores-de-banda-continua-y-hojas\/"]}]},{"@type":"ImageObject","inLanguage":"es","@id":"https:\/\/ttemsa.com\/industria\/index.php\/simco-ion\/boquilla-de-aire\/limpiadores-de-banda-continua-y-hojas\/#primaryimage","url":"https:\/\/ttemsa.com\/industria\/wp-content\/uploads\/2023\/12\/mark.jpg","contentUrl":"https:\/\/ttemsa.com\/industria\/wp-content\/uploads\/2023\/12\/mark.jpg","width":1016,"height":508},{"@type":"BreadcrumbList","@id":"https:\/\/ttemsa.com\/industria\/index.php\/simco-ion\/boquilla-de-aire\/limpiadores-de-banda-continua-y-hojas\/#breadcrumb","itemListElement":[{"@type":"ListItem","position":1,"name":"Inicio","item":"https:\/\/ttemsa.com\/industria\/"},{"@type":"ListItem","position":2,"name":"SIMCO-ION","item":"https:\/\/ttemsa.com\/industria\/index.php\/simco-ion\/"},{"@type":"ListItem","position":3,"name":"Boquilla de Aire","item":"https:\/\/ttemsa.com\/industria\/index.php\/simco-ion\/boquilla-de-aire\/"},{"@type":"ListItem","position":4,"name":"LIMPIADORES DE BANDA CONTINUA Y HOJAS"}]},{"@type":"WebSite","@id":"https:\/\/ttemsa.com\/industria\/#website","url":"https:\/\/ttemsa.com\/industria\/","name":"industria-de-la-conversion.ttemsa","description":"Designed Dianalacazadora.com","alternateName":"ttemsa l\u00edderes en la industria de la conversi\u00f3n","potentialAction":[{"@type":"SearchAction","target":{"@type":"EntryPoint","urlTemplate":"https:\/\/ttemsa.com\/industria\/?s={search_term_string}"},"query-input":{"@type":"PropertyValueSpecification","valueRequired":true,"valueName":"search_term_string"}}],"inLanguage":"es"}]}},"_links":{"self":[{"href":"https:\/\/ttemsa.com\/industria\/index.php\/wp-json\/wp\/v2\/pages\/1682","targetHints":{"allow":["GET"]}}],"collection":[{"href":"https:\/\/ttemsa.com\/industria\/index.php\/wp-json\/wp\/v2\/pages"}],"about":[{"href":"https:\/\/ttemsa.com\/industria\/index.php\/wp-json\/wp\/v2\/types\/page"}],"author":[{"embeddable":true,"href":"https:\/\/ttemsa.com\/industria\/index.php\/wp-json\/wp\/v2\/users\/1"}],"replies":[{"embeddable":true,"href":"https:\/\/ttemsa.com\/industria\/index.php\/wp-json\/wp\/v2\/comments?post=1682"}],"version-history":[{"count":2,"href":"https:\/\/ttemsa.com\/industria\/index.php\/wp-json\/wp\/v2\/pages\/1682\/revisions"}],"predecessor-version":[{"id":2292,"href":"https:\/\/ttemsa.com\/industria\/index.php\/wp-json\/wp\/v2\/pages\/1682\/revisions\/2292"}],"up":[{"embeddable":true,"href":"https:\/\/ttemsa.com\/industria\/index.php\/wp-json\/wp\/v2\/pages\/3430"}],"wp:attachment":[{"href":"https:\/\/ttemsa.com\/industria\/index.php\/wp-json\/wp\/v2\/media?parent=1682"}],"wp:term":[{"taxonomy":"category","embeddable":true,"href":"https:\/\/ttemsa.com\/industria\/index.php\/wp-json\/wp\/v2\/categories?post=1682"},{"taxonomy":"post_tag","embeddable":true,"href":"https:\/\/ttemsa.com\/industria\/index.php\/wp-json\/wp\/v2\/tags?post=1682"}],"curies":[{"name":"wp","href":"https:\/\/api.w.org\/{rel}","templated":true}]}}