{"id":1687,"date":"2024-03-01T21:08:22","date_gmt":"2024-03-01T21:08:22","guid":{"rendered":"https:\/\/ttemsa.com\/industria\/index.php\/simco-ion\/catalogo-general-copy-copy-copy-5\/"},"modified":"2025-02-16T20:45:44","modified_gmt":"2025-02-16T20:45:44","slug":"cargadores-de-estatica-chargemaster","status":"publish","type":"page","link":"https:\/\/ttemsa.com\/industria\/index.php\/simco-ion\/cargadores-de-estatica-chargemaster\/","title":{"rendered":"Cargadores de Est\u00e1tica Chargemaster CARGADORES DE CARGA EST\u00c1TICA"},"content":{"rendered":"<div class=\"wp-block-image\">\n<figure class=\"aligncenter size-full is-resized\"><img loading=\"lazy\" decoding=\"async\" width=\"264\" height=\"180\" src=\"https:\/\/ttemsa.com\/industria\/wp-content\/uploads\/2024\/03\/SIMCONeutralizacion.jpg\" alt=\"\" class=\"wp-image-2971\" style=\"width:488px;height:auto\"\/><\/figure>\n<\/div>\n\n<div class=\"wp-block-image\">\n<figure class=\"aligncenter size-full is-resized\"><img loading=\"lazy\" decoding=\"async\" width=\"640\" height=\"169\" src=\"https:\/\/ttemsa.com\/industria\/wp-content\/uploads\/2023\/12\/logo-simco.png\" alt=\"\" class=\"wp-image-940\" style=\"width:191px;height:auto\" srcset=\"https:\/\/ttemsa.com\/industria\/wp-content\/uploads\/2023\/12\/logo-simco.png 640w, https:\/\/ttemsa.com\/industria\/wp-content\/uploads\/2023\/12\/logo-simco-300x79.png 300w\" sizes=\"auto, (max-width: 640px) 100vw, 640px\" \/><\/figure>\n<\/div>\n\n\n<p>Los sistemas&nbsp;<strong>Simco-Ion Chargemaster<\/strong>&nbsp;resultan excelentes para la uni\u00f3n temporal de materiales.<\/p>\n\n\n\n<p>La adhesi\u00f3n de las superficies se lleva a cabo mediante carga electrost\u00e1tica. Con frecuencia, esto permite simplificar y agilizar los procesos de producci\u00f3n.<\/p>\n\n\n\n<p>Un sistema est\u00e1 compuesto por un generador de alta tensi\u00f3n CC y uno o varios electrodos generadores de carga electrost\u00e1tica.<\/p>\n\n\n\n<p>El generador crea una alta tensi\u00f3n para los puntos de alta tensi\u00f3n de los electrodos.<\/p>\n\n\n\n<p>Estos puntos de alta tensi\u00f3n producen iones para cargar los materiales que, como consecuencia, se adhieren electrost\u00e1ticamente entre ellos o a otras superficies.<\/p>\n\n\n\n<p>Los generadores utilizan tecnolog\u00eda de conmutaci\u00f3n de alta frecuencia que garantiza una salida de tensi\u00f3n constante a un valor predefinido, hasta que se produce una sobrecarga.<\/p>\n\n\n\n<h4 class=\"wp-block-heading\">Los generadores cuentan con una limitaci\u00f3n electr\u00f3nica de corriente y con una protecci\u00f3n contra arcos el\u00e9ctricos. Su dise\u00f1o moderno incluye un panel de control con interruptores de membrana, orientable en 180\u00b0.<\/h4>\n\n\n<div class=\"wp-block-image\">\n<figure class=\"aligncenter size-full\"><img loading=\"lazy\" decoding=\"async\" width=\"500\" height=\"243\" src=\"https:\/\/ttemsa.com\/industria\/wp-content\/uploads\/2024\/03\/sm.jpg\" alt=\"\" class=\"wp-image-2973\" srcset=\"https:\/\/ttemsa.com\/industria\/wp-content\/uploads\/2024\/03\/sm.jpg 500w, https:\/\/ttemsa.com\/industria\/wp-content\/uploads\/2024\/03\/sm-300x146.jpg 300w\" sizes=\"auto, (max-width: 500px) 100vw, 500px\" \/><\/figure>\n<\/div>\n\n\n<p>Unir una pila de hojas de papel o revistas para evitar que se muevan durante el transporte o embalaje.<\/p>\n\n\n\n<p>Fijar una etiqueta de direcci\u00f3n a un folleto antes de envolverlo con pl\u00e1stico.<\/p>\n\n\n\n<p>Mantener la \u00faltima bolsa de un rollo (por ejemplo, bolsas de basura) fijada al rodillo para facilitar el embalaje en cajas.<\/p>\n\n\n\n<p>Unir una peque\u00f1a parte de una pel\u00edcula de pl\u00e1stico durante el enrollamiento para evitar que el rollo se enrolle torcido. Muchos de los productos que utilizamos cada d\u00eda se fabrican con ayuda de la electricidad est\u00e1tica sin que lo sepamos Un ejemplo perfecto es el envasado de productos alimenticios y de muchos productos de pl\u00e1stico para el uso dom\u00e9stico.<\/p>\n\n\n\n<p>La electricidad est\u00e1tica se utiliza para fabricar muchos productos. En lugar de imprimir directamente o colocar una etiqueta adhesiva en el producto, la impresi\u00f3n se realiza mediante una etiqueta de pl\u00e1stico preimpresa.<\/p>\n\n\n\n<p>La etiqueta preimpresa se coloca en un molde de inyecci\u00f3n y se mantiene en posici\u00f3n por medio de una carga electrost\u00e1tica.<\/p>\n\n\n\n<p>De esta manera, la etiqueta se moldea junto con la forma del producto y se obtiene un producto acabado.<\/p>\n\n\n<div class=\"wp-block-image\">\n<figure class=\"aligncenter size-full\"><img loading=\"lazy\" decoding=\"async\" width=\"500\" height=\"167\" src=\"https:\/\/ttemsa.com\/industria\/wp-content\/uploads\/2024\/03\/sm3.jpg\" alt=\"\" class=\"wp-image-2974\" srcset=\"https:\/\/ttemsa.com\/industria\/wp-content\/uploads\/2024\/03\/sm3.jpg 500w, https:\/\/ttemsa.com\/industria\/wp-content\/uploads\/2024\/03\/sm3-300x100.jpg 300w\" sizes=\"auto, (max-width: 500px) 100vw, 500px\" \/><\/figure>\n<\/div>\n\n\n<p>Uno de los usos m\u00e1s espectaculares de la adherencia electrost\u00e1tica es la uni\u00f3n de objetos voluminosos.<\/p>\n\n\n\n<p>Pilas de folletos o tarima pueden mantenerse unidas por medio de una carga electrost\u00e1tica para evitar que se muevan durante el transporte.<\/p>\n\n\n\n<p>Esto demuestra la gran fuerza que puede obtenerse con la electricidad est\u00e1tica.<\/p>\n\n\n\n<p>A menudo, las cargas electrost\u00e1ticas se utilizan en aplicaciones extraordinarias, aunque no del todo evidentes.<\/p>\n\n\n\n<p>Aplicar una carga electrost\u00e1tica homog\u00e9nea a una superficie tiene un efecto muy positivo en los procesos que requieren la dispersi\u00f3n de fluidos por dicha superficie.<\/p>\n\n\n\n<p>Un ejemplo com\u00fan ser\u00eda la fabricaci\u00f3n de discos DVD. Un disco DVD est\u00e1 formado por dos capas de pl\u00e1stico delgadas que se pegan para dar lugar al disco acabado.<\/p>\n\n\n\n<p>En una de las superficies se induce una carga electrost\u00e1tica para que el adhesivo se distribuya de manera mucho m\u00e1s uniforme&nbsp;<\/p>\n\n\n\n<h4 class=\"wp-block-heading\">\u00a0\u00bfTiene alguna idea sobre c\u00f3mo podr\u00eda aprovechar la electricidad est\u00e1tica para sus procesos de producci\u00f3n?<\/h4>\n\n\n<div class=\"wp-block-image\">\n<figure class=\"alignleft size-full\"><img loading=\"lazy\" decoding=\"async\" width=\"264\" height=\"180\" src=\"https:\/\/ttemsa.com\/industria\/wp-content\/uploads\/2024\/03\/s01.jpg\" alt=\"\" class=\"wp-image-2975\"\/><\/figure>\n<\/div>\n\n\n<p><strong>&nbsp;Simco-Ion Europe<\/strong>&nbsp;tiene una habilidad nata para desarrollar nuevas ideas y poner en pr\u00e1ctica soluciones que aprovechan la&nbsp;<strong>electricidad est\u00e1tica<\/strong>&nbsp;para simplificar y optimizar sus procesos.<\/p>\n\n\n\n<p>Su amplia gama de productos permite realizar tareas que van m\u00e1s all\u00e1 de su imaginaci\u00f3n..<\/p>\n\n\n<div class=\"wp-block-image\">\n<figure class=\"alignleft size-full\"><img loading=\"lazy\" decoding=\"async\" width=\"263\" height=\"180\" src=\"https:\/\/ttemsa.com\/industria\/wp-content\/uploads\/2024\/03\/s02.jpg\" alt=\"\" class=\"wp-image-2976\"\/><\/figure>\n<\/div>\n\n\n<h4 class=\"wp-block-heading\">\u00bfC\u00f3mo?<\/h4>\n\n\n\n<p>Los sistemas de carga electrost\u00e1tica est\u00e1n formados por un generador de alta tensi\u00f3n y un electrodo.<\/p>\n\n\n\n<p>El generador de alta tensi\u00f3n suministra la alta tensi\u00f3n necesaria para generar la carga electrost\u00e1tica, que puede variar entre 3 y 60 kvoltios.<\/p>\n\n\n\n<p>Los electrodos generadores est\u00e1n disponibles en distintas formas para lograr resultados \u00f3ptimos en cada aplicaci\u00f3n espec\u00edfica.<\/p>\n\n\n\n<h4 class=\"wp-block-heading\">\u00a0Tensi\u00f3n directa frente a la toma de tierra<\/h4>\n\n\n<div class=\"wp-block-image\">\n<figure class=\"alignleft size-full\"><img loading=\"lazy\" decoding=\"async\" width=\"169\" height=\"180\" src=\"https:\/\/ttemsa.com\/industria\/wp-content\/uploads\/2024\/03\/s03.gif\" alt=\"\" class=\"wp-image-2977\"\/><\/figure>\n<\/div>\n\n\n<p>El electrodo generador se sit\u00faa frente a una placa o un rodillo puestos a tierra. El campo electrost\u00e1tico hace que la bobina de material se adhiera temporalmente a la toma de tierra de referencia.<\/p>\n\n\n\n<p><\/p>\n\n\n\n<p><\/p>\n\n\n\n<p><\/p>\n\n\n<div class=\"wp-block-image\">\n<figure class=\"alignleft size-full\"><img loading=\"lazy\" decoding=\"async\" width=\"180\" height=\"54\" src=\"https:\/\/ttemsa.com\/industria\/wp-content\/uploads\/2024\/03\/s04.jpg\" alt=\"\" class=\"wp-image-2978\"\/><\/figure>\n<\/div>\n\n\n<p>Las cargas electrost\u00e1ticas pueden utilizarse para adherir etiquetas a la superficie interior de un molde durante el moldeo por inyecci\u00f3n. Este m\u00e9todo mejora considerablemente la calidad del producto acabado. De esta manera, la etiqueta permanece adherida al molde con firmeza y no se mueve ni se desliza. El m\u00e9todo de carga para etiquetaje en molde patentado de Simco-Ion constituye una manera sencilla de fabricar un electrodo generador. Utiliza un material de espuma antielectrost\u00e1tica que est\u00e1 totalmente en contacto con la etiqueta y distribuye la carga electrost\u00e1tica homog\u00e9neamente.<\/p>\n\n\n\n<h4 class=\"wp-block-heading\">&nbsp;Tensi\u00f3n directa frente a una barra antielectrost\u00e1tica de CA (toma de tierra &#8220;virtual&#8221;)<\/h4>\n\n\n\n<h4 class=\"wp-block-heading\">Tensi\u00f3n directa bipolar<\/h4>\n\n\n<div class=\"wp-block-image\">\n<figure class=\"alignleft size-full\"><img loading=\"lazy\" decoding=\"async\" width=\"135\" height=\"180\" src=\"https:\/\/ttemsa.com\/industria\/wp-content\/uploads\/2024\/03\/s05.gif\" alt=\"\" class=\"wp-image-2979\"\/><\/figure>\n<\/div>\n\n\n<p>Este es el m\u00e9todo m\u00e1s eficaz.<\/p>\n\n\n\n<p>Los iones negativos del electrodo superior atraen a los iones positivos del electrodo inferior, creando una adhesi\u00f3n m\u00e1xima entre las capas superior \/ inferior y el portador intermedio.\u00a0<\/p>\n\n\n\n<p><\/p>\n\n\n\n<h4 class=\"wp-block-heading\">Efectos de la electricidad est\u00e1tica<\/h4>\n\n\n\n<ul class=\"wp-block-list\">\n<li>Los efectos contraproducentes de la electricidad est\u00e1tica son ampliamente conocidos.<\/li>\n\n\n\n<li>Provoca descargas el\u00e9ctricas, que los materiales se adhieran y chispas que podr\u00edan da\u00f1ar los materiales o incluso provocar un incendio.<\/li>\n\n\n\n<li>Sin embargo, la carga electrost\u00e1tica tambi\u00e9n puede ser muy \u00fatil.<\/li>\n\n\n\n<li>Los materiales pueden cargarse electrost\u00e1ticamente de manera intencionada para crear una uni\u00f3n temporal.<\/li>\n\n\n\n<li>La carga electrost\u00e1tica puede ser una mano amiga invisible durante el proceso de producci\u00f3n.<\/li>\n\n\n\n<li>Este m\u00e9todo ya se utiliza en muchos procesos industriales.<\/li>\n<\/ul>\n\n\n<div class=\"wp-block-image\">\n<figure class=\"alignleft size-full\"><img loading=\"lazy\" decoding=\"async\" width=\"187\" height=\"180\" src=\"https:\/\/ttemsa.com\/industria\/wp-content\/uploads\/2024\/03\/s06.gif\" alt=\"\" class=\"wp-image-2980\"\/><\/figure>\n<\/div>\n\n\n<p>En algunos casos no se dispone de una toma de tierra de referencia. Los iones de distinta polaridad se atraen, haciendo que un aislante (por ejemplo, la pel\u00edcula) se adhiera temporalmente a un material con otra polaridad, en este caso otro aislante.\u00a0<\/p>\n\n\n\n<p><\/p>\n\n\n<div class=\"wp-block-image\">\n<figure class=\"alignleft size-full\"><img loading=\"lazy\" decoding=\"async\" width=\"176\" height=\"180\" src=\"https:\/\/ttemsa.com\/industria\/wp-content\/uploads\/2024\/03\/s07.gif\" alt=\"\" class=\"wp-image-2981\"\/><\/figure>\n<\/div>\n\n\n<p>Este m\u00e9todo simplificado utiliza la espuma antielectrost\u00e1tica como base pero, en lugar de aplicar la tensi\u00f3n directamente al electrodo de espuma, la etiqueta se carga electrost\u00e1ticamente contra el electrodo. En el siguiente paso, la etiqueta puede transferirse al interior del molde<\/p>\n\n\n\n<p><\/p>\n","protected":false},"excerpt":{"rendered":"<p>Los sistemas&nbsp;Simco-Ion Chargemaster&nbsp;resultan excelentes para la uni\u00f3n temporal de materiales. La adhesi\u00f3n de las superficies se lleva a cabo mediante carga electrost\u00e1tica. Con frecuencia, esto permite simplificar y agilizar los procesos de producci\u00f3n. Un sistema est\u00e1 compuesto por un generador de alta tensi\u00f3n CC y uno o varios electrodos generadores de carga electrost\u00e1tica. El generador [&hellip;]<\/p>\n","protected":false},"author":1,"featured_media":0,"parent":35,"menu_order":0,"comment_status":"closed","ping_status":"closed","template":"","meta":{"content-type":"","footnotes":""},"categories":[18],"tags":[],"class_list":["post-1687","page","type-page","status-publish","hentry","category-simco-ion"],"yoast_head":"<!-- This site is optimized with the Yoast SEO plugin v26.6 - https:\/\/yoast.com\/wordpress\/plugins\/seo\/ -->\n<title>Cargadores de Est\u00e1tica Chargemaster CARGADORES DE CARGA EST\u00c1TICA - industria-de-la-conversion.ttemsa<\/title>\n<meta name=\"robots\" content=\"index, follow, max-snippet:-1, max-image-preview:large, max-video-preview:-1\" \/>\n<link rel=\"canonical\" href=\"https:\/\/ttemsa.com\/industria\/index.php\/simco-ion\/cargadores-de-estatica-chargemaster\/\" \/>\n<meta property=\"og:locale\" content=\"es_MX\" \/>\n<meta property=\"og:type\" content=\"article\" \/>\n<meta property=\"og:title\" content=\"Cargadores de Est\u00e1tica Chargemaster CARGADORES DE CARGA EST\u00c1TICA - industria-de-la-conversion.ttemsa\" \/>\n<meta property=\"og:description\" content=\"Los sistemas&nbsp;Simco-Ion Chargemaster&nbsp;resultan excelentes para la uni\u00f3n temporal de materiales. La adhesi\u00f3n de las superficies se lleva a cabo mediante carga electrost\u00e1tica. Con frecuencia, esto permite simplificar y agilizar los procesos de producci\u00f3n. Un sistema est\u00e1 compuesto por un generador de alta tensi\u00f3n CC y uno o varios electrodos generadores de carga electrost\u00e1tica. El generador [&hellip;]\" \/>\n<meta property=\"og:url\" content=\"https:\/\/ttemsa.com\/industria\/index.php\/simco-ion\/cargadores-de-estatica-chargemaster\/\" \/>\n<meta property=\"og:site_name\" content=\"industria-de-la-conversion.ttemsa\" \/>\n<meta property=\"article:modified_time\" content=\"2025-02-16T20:45:44+00:00\" \/>\n<meta property=\"og:image\" content=\"https:\/\/ttemsa.com\/industria\/wp-content\/uploads\/2024\/03\/SIMCONeutralizacion.jpg\" \/>\n\t<meta property=\"og:image:width\" content=\"264\" \/>\n\t<meta property=\"og:image:height\" content=\"180\" \/>\n\t<meta property=\"og:image:type\" content=\"image\/jpeg\" \/>\n<meta name=\"twitter:card\" content=\"summary_large_image\" \/>\n<meta name=\"twitter:label1\" content=\"Tiempo de lectura\" \/>\n\t<meta name=\"twitter:data1\" content=\"7 minutos\" \/>\n<script type=\"application\/ld+json\" class=\"yoast-schema-graph\">{\"@context\":\"https:\/\/schema.org\",\"@graph\":[{\"@type\":\"WebPage\",\"@id\":\"https:\/\/ttemsa.com\/industria\/index.php\/simco-ion\/cargadores-de-estatica-chargemaster\/\",\"url\":\"https:\/\/ttemsa.com\/industria\/index.php\/simco-ion\/cargadores-de-estatica-chargemaster\/\",\"name\":\"Cargadores de Est\u00e1tica Chargemaster CARGADORES DE CARGA EST\u00c1TICA - industria-de-la-conversion.ttemsa\",\"isPartOf\":{\"@id\":\"https:\/\/ttemsa.com\/industria\/#website\"},\"primaryImageOfPage\":{\"@id\":\"https:\/\/ttemsa.com\/industria\/index.php\/simco-ion\/cargadores-de-estatica-chargemaster\/#primaryimage\"},\"image\":{\"@id\":\"https:\/\/ttemsa.com\/industria\/index.php\/simco-ion\/cargadores-de-estatica-chargemaster\/#primaryimage\"},\"thumbnailUrl\":\"https:\/\/ttemsa.com\/industria\/wp-content\/uploads\/2024\/03\/SIMCONeutralizacion.jpg\",\"datePublished\":\"2024-03-01T21:08:22+00:00\",\"dateModified\":\"2025-02-16T20:45:44+00:00\",\"breadcrumb\":{\"@id\":\"https:\/\/ttemsa.com\/industria\/index.php\/simco-ion\/cargadores-de-estatica-chargemaster\/#breadcrumb\"},\"inLanguage\":\"es\",\"potentialAction\":[{\"@type\":\"ReadAction\",\"target\":[\"https:\/\/ttemsa.com\/industria\/index.php\/simco-ion\/cargadores-de-estatica-chargemaster\/\"]}]},{\"@type\":\"ImageObject\",\"inLanguage\":\"es\",\"@id\":\"https:\/\/ttemsa.com\/industria\/index.php\/simco-ion\/cargadores-de-estatica-chargemaster\/#primaryimage\",\"url\":\"https:\/\/ttemsa.com\/industria\/wp-content\/uploads\/2024\/03\/SIMCONeutralizacion.jpg\",\"contentUrl\":\"https:\/\/ttemsa.com\/industria\/wp-content\/uploads\/2024\/03\/SIMCONeutralizacion.jpg\",\"width\":264,\"height\":180},{\"@type\":\"BreadcrumbList\",\"@id\":\"https:\/\/ttemsa.com\/industria\/index.php\/simco-ion\/cargadores-de-estatica-chargemaster\/#breadcrumb\",\"itemListElement\":[{\"@type\":\"ListItem\",\"position\":1,\"name\":\"Inicio\",\"item\":\"https:\/\/ttemsa.com\/industria\/\"},{\"@type\":\"ListItem\",\"position\":2,\"name\":\"SIMCO-ION\",\"item\":\"https:\/\/ttemsa.com\/industria\/index.php\/simco-ion\/\"},{\"@type\":\"ListItem\",\"position\":3,\"name\":\"Cargadores de Est\u00e1tica Chargemaster CARGADORES DE CARGA EST\u00c1TICA\"}]},{\"@type\":\"WebSite\",\"@id\":\"https:\/\/ttemsa.com\/industria\/#website\",\"url\":\"https:\/\/ttemsa.com\/industria\/\",\"name\":\"industria-de-la-conversion.ttemsa\",\"description\":\"Designed Dianalacazadora.com\",\"alternateName\":\"ttemsa l\u00edderes en la industria de la conversi\u00f3n\",\"potentialAction\":[{\"@type\":\"SearchAction\",\"target\":{\"@type\":\"EntryPoint\",\"urlTemplate\":\"https:\/\/ttemsa.com\/industria\/?s={search_term_string}\"},\"query-input\":{\"@type\":\"PropertyValueSpecification\",\"valueRequired\":true,\"valueName\":\"search_term_string\"}}],\"inLanguage\":\"es\"}]}<\/script>\n<!-- \/ Yoast SEO plugin. -->","yoast_head_json":{"title":"Cargadores de Est\u00e1tica Chargemaster CARGADORES DE CARGA EST\u00c1TICA - industria-de-la-conversion.ttemsa","robots":{"index":"index","follow":"follow","max-snippet":"max-snippet:-1","max-image-preview":"max-image-preview:large","max-video-preview":"max-video-preview:-1"},"canonical":"https:\/\/ttemsa.com\/industria\/index.php\/simco-ion\/cargadores-de-estatica-chargemaster\/","og_locale":"es_MX","og_type":"article","og_title":"Cargadores de Est\u00e1tica Chargemaster CARGADORES DE CARGA EST\u00c1TICA - industria-de-la-conversion.ttemsa","og_description":"Los sistemas&nbsp;Simco-Ion Chargemaster&nbsp;resultan excelentes para la uni\u00f3n temporal de materiales. La adhesi\u00f3n de las superficies se lleva a cabo mediante carga electrost\u00e1tica. Con frecuencia, esto permite simplificar y agilizar los procesos de producci\u00f3n. Un sistema est\u00e1 compuesto por un generador de alta tensi\u00f3n CC y uno o varios electrodos generadores de carga electrost\u00e1tica. El generador [&hellip;]","og_url":"https:\/\/ttemsa.com\/industria\/index.php\/simco-ion\/cargadores-de-estatica-chargemaster\/","og_site_name":"industria-de-la-conversion.ttemsa","article_modified_time":"2025-02-16T20:45:44+00:00","og_image":[{"width":264,"height":180,"url":"https:\/\/ttemsa.com\/industria\/wp-content\/uploads\/2024\/03\/SIMCONeutralizacion.jpg","type":"image\/jpeg"}],"twitter_card":"summary_large_image","twitter_misc":{"Tiempo de lectura":"7 minutos"},"schema":{"@context":"https:\/\/schema.org","@graph":[{"@type":"WebPage","@id":"https:\/\/ttemsa.com\/industria\/index.php\/simco-ion\/cargadores-de-estatica-chargemaster\/","url":"https:\/\/ttemsa.com\/industria\/index.php\/simco-ion\/cargadores-de-estatica-chargemaster\/","name":"Cargadores de Est\u00e1tica Chargemaster CARGADORES DE CARGA EST\u00c1TICA - industria-de-la-conversion.ttemsa","isPartOf":{"@id":"https:\/\/ttemsa.com\/industria\/#website"},"primaryImageOfPage":{"@id":"https:\/\/ttemsa.com\/industria\/index.php\/simco-ion\/cargadores-de-estatica-chargemaster\/#primaryimage"},"image":{"@id":"https:\/\/ttemsa.com\/industria\/index.php\/simco-ion\/cargadores-de-estatica-chargemaster\/#primaryimage"},"thumbnailUrl":"https:\/\/ttemsa.com\/industria\/wp-content\/uploads\/2024\/03\/SIMCONeutralizacion.jpg","datePublished":"2024-03-01T21:08:22+00:00","dateModified":"2025-02-16T20:45:44+00:00","breadcrumb":{"@id":"https:\/\/ttemsa.com\/industria\/index.php\/simco-ion\/cargadores-de-estatica-chargemaster\/#breadcrumb"},"inLanguage":"es","potentialAction":[{"@type":"ReadAction","target":["https:\/\/ttemsa.com\/industria\/index.php\/simco-ion\/cargadores-de-estatica-chargemaster\/"]}]},{"@type":"ImageObject","inLanguage":"es","@id":"https:\/\/ttemsa.com\/industria\/index.php\/simco-ion\/cargadores-de-estatica-chargemaster\/#primaryimage","url":"https:\/\/ttemsa.com\/industria\/wp-content\/uploads\/2024\/03\/SIMCONeutralizacion.jpg","contentUrl":"https:\/\/ttemsa.com\/industria\/wp-content\/uploads\/2024\/03\/SIMCONeutralizacion.jpg","width":264,"height":180},{"@type":"BreadcrumbList","@id":"https:\/\/ttemsa.com\/industria\/index.php\/simco-ion\/cargadores-de-estatica-chargemaster\/#breadcrumb","itemListElement":[{"@type":"ListItem","position":1,"name":"Inicio","item":"https:\/\/ttemsa.com\/industria\/"},{"@type":"ListItem","position":2,"name":"SIMCO-ION","item":"https:\/\/ttemsa.com\/industria\/index.php\/simco-ion\/"},{"@type":"ListItem","position":3,"name":"Cargadores de Est\u00e1tica Chargemaster CARGADORES DE CARGA EST\u00c1TICA"}]},{"@type":"WebSite","@id":"https:\/\/ttemsa.com\/industria\/#website","url":"https:\/\/ttemsa.com\/industria\/","name":"industria-de-la-conversion.ttemsa","description":"Designed Dianalacazadora.com","alternateName":"ttemsa l\u00edderes en la industria de la conversi\u00f3n","potentialAction":[{"@type":"SearchAction","target":{"@type":"EntryPoint","urlTemplate":"https:\/\/ttemsa.com\/industria\/?s={search_term_string}"},"query-input":{"@type":"PropertyValueSpecification","valueRequired":true,"valueName":"search_term_string"}}],"inLanguage":"es"}]}},"_links":{"self":[{"href":"https:\/\/ttemsa.com\/industria\/index.php\/wp-json\/wp\/v2\/pages\/1687","targetHints":{"allow":["GET"]}}],"collection":[{"href":"https:\/\/ttemsa.com\/industria\/index.php\/wp-json\/wp\/v2\/pages"}],"about":[{"href":"https:\/\/ttemsa.com\/industria\/index.php\/wp-json\/wp\/v2\/types\/page"}],"author":[{"embeddable":true,"href":"https:\/\/ttemsa.com\/industria\/index.php\/wp-json\/wp\/v2\/users\/1"}],"replies":[{"embeddable":true,"href":"https:\/\/ttemsa.com\/industria\/index.php\/wp-json\/wp\/v2\/comments?post=1687"}],"version-history":[{"count":4,"href":"https:\/\/ttemsa.com\/industria\/index.php\/wp-json\/wp\/v2\/pages\/1687\/revisions"}],"predecessor-version":[{"id":4019,"href":"https:\/\/ttemsa.com\/industria\/index.php\/wp-json\/wp\/v2\/pages\/1687\/revisions\/4019"}],"up":[{"embeddable":true,"href":"https:\/\/ttemsa.com\/industria\/index.php\/wp-json\/wp\/v2\/pages\/35"}],"wp:attachment":[{"href":"https:\/\/ttemsa.com\/industria\/index.php\/wp-json\/wp\/v2\/media?parent=1687"}],"wp:term":[{"taxonomy":"category","embeddable":true,"href":"https:\/\/ttemsa.com\/industria\/index.php\/wp-json\/wp\/v2\/categories?post=1687"},{"taxonomy":"post_tag","embeddable":true,"href":"https:\/\/ttemsa.com\/industria\/index.php\/wp-json\/wp\/v2\/tags?post=1687"}],"curies":[{"name":"wp","href":"https:\/\/api.w.org\/{rel}","templated":true}]}}