{"id":1688,"date":"2024-03-01T21:08:30","date_gmt":"2024-03-01T21:08:30","guid":{"rendered":"https:\/\/ttemsa.com\/industria\/index.php\/simco-ion\/catalogo-general-copy-copy-copy-3-copy\/"},"modified":"2024-09-06T15:40:03","modified_gmt":"2024-09-06T15:40:03","slug":"barra-de-alto-desempeno-blue-bar-r50","status":"publish","type":"page","link":"https:\/\/ttemsa.com\/industria\/index.php\/simco-ion\/barras-neutralizadoras-de-estatica\/barra-de-alto-desempeno-blue-bar-r50\/","title":{"rendered":"5.1 BARRA DE ALTO DESEMPE\u00d1O BLUE BAR R50"},"content":{"rendered":"<div class=\"wp-block-image\">\n<figure class=\"aligncenter size-full is-resized\"><img loading=\"lazy\" decoding=\"async\" width=\"1931\" height=\"1280\" src=\"https:\/\/ttemsa.com\/industria\/wp-content\/uploads\/2023\/12\/1SIMCO1.jpg\" alt=\"\" class=\"wp-image-973\" style=\"width:492px;height:auto\" srcset=\"https:\/\/ttemsa.com\/industria\/wp-content\/uploads\/2023\/12\/1SIMCO1.jpg 1931w, https:\/\/ttemsa.com\/industria\/wp-content\/uploads\/2023\/12\/1SIMCO1-300x199.jpg 300w, https:\/\/ttemsa.com\/industria\/wp-content\/uploads\/2023\/12\/1SIMCO1-1024x679.jpg 1024w, https:\/\/ttemsa.com\/industria\/wp-content\/uploads\/2023\/12\/1SIMCO1-768x509.jpg 768w, https:\/\/ttemsa.com\/industria\/wp-content\/uploads\/2023\/12\/1SIMCO1-1536x1018.jpg 1536w\" sizes=\"auto, (max-width: 1931px) 100vw, 1931px\" \/><\/figure>\n<\/div>\n\n<div class=\"wp-block-image\">\n<figure class=\"aligncenter size-full is-resized\"><img loading=\"lazy\" decoding=\"async\" width=\"640\" height=\"169\" src=\"https:\/\/ttemsa.com\/industria\/wp-content\/uploads\/2023\/12\/logo-simco.png\" alt=\"\" class=\"wp-image-940\" style=\"width:414px;height:auto\" srcset=\"https:\/\/ttemsa.com\/industria\/wp-content\/uploads\/2023\/12\/logo-simco.png 640w, https:\/\/ttemsa.com\/industria\/wp-content\/uploads\/2023\/12\/logo-simco-300x79.png 300w\" sizes=\"auto, (max-width: 640px) 100vw, 640px\" \/><\/figure>\n<\/div>\n\n\n<h2 class=\"wp-block-heading has-text-align-center\"><strong><strong>Blue Bar R50<\/strong><\/strong><\/h2>\n\n\n\n<p><strong>Descripci\u00f3n:<\/strong><\/p>\n\n\n\n<p>La Potente y robusta&nbsp;&nbsp;Barra neutralizadora Blue Bar&nbsp;&nbsp;que no da descargas al tocarla con las manos, puede ser usada en la mayor parte las aplicaciones donde se requiera neutralizar est\u00e1tica.<\/p>\n\n\n\n<p>Es especialmente \u00fatil para aplicaciones de alta velocidad en bandas continuas hasta de 2500 pies\/min. o m\u00e1s<\/p>\n\n\n\n<p>La barra elimina hasta una distancia de 6 pulg. o m\u00e1s<\/p>\n\n\n\n<p><strong>*Tubo de aire L50<\/strong><\/p>\n\n\n\n<p>El L50 se pega a la barra, disponible con salida de aire a 90\u00ba o 28\u00ba<\/p>\n\n\n\n<ul class=\"wp-block-list\">\n<li>Indicador de Prendido<\/li>\n\n\n\n<li>Econ\u00f3mico, R\u00e1pido y F\u00e1cil de verificar en la operaci\u00f3n de la propia Blue Bar<\/li>\n\n\n\n<li>Indicador de prendido<\/li>\n\n\n\n<li>El indicador de Prendido es econ\u00f3mico, de verificaci\u00f3n f\u00e1cil y r\u00e1pida de hacerlo sobre la misma barra.<\/li>\n<\/ul>\n\n\n\n<p><strong>*Blue Bar MR50<\/strong><\/p>\n\n\n\n<p>La Blue Bar&nbsp;<strong>&nbsp;resistente a la humedad<\/strong>&nbsp;es usada en ambientes de alta humedad o \u00e1reas donde la barra esta en contacto con agua. No esta dise\u00f1ada para sumergirla o lavarla con agua. La MR50 tiene las mismas caracter\u00edsticas que la R50.<\/p>\n\n\n\n<p><strong>*Opci\u00f3n de Display Remoto:<\/strong><\/p>\n\n\n\n<p>La opci\u00f3n del Display Remoto esta disponible para instalaciones dif\u00edciles donde la fuente TrueAC no es visible. La unidad Remoto permite controlar el Prendido\/Apagado, as\u00ed como alarmas en el Display&nbsp; de Limpieza de Barra, Falla y Servicio en la localizaci\u00f3n donde debe observarse por el operador o supervisor. El Remoto incluye un Interruptor para fijar al control Prendido\/Apagado.<\/p>\n\n\n\n<hr class=\"wp-block-separator has-alpha-channel-opacity\"\/>\n\n\n\n<figure class=\"wp-block-image\"><img loading=\"lazy\" decoding=\"async\" width=\"204\" height=\"245\" src=\"https:\/\/ttemsa.com\/industria\/wp-content\/uploads\/2023\/12\/true-ac-fuente-de-poder.png\" alt=\"\" class=\"wp-image-976\"\/><\/figure>\n\n\n\n<p>Control de Est\u00e1tica Simco-Ion True AC es la que monitorea el suministro de energ\u00eda disponible para controlar la est\u00e1tica.<\/p>\n\n\n\n<p>La unidad esta dise\u00f1ada para operar con la<strong>&nbsp;Blue Bar<\/strong>&nbsp;proporcionando neutralizaci\u00f3n de est\u00e1tica consistente&nbsp; en bandas continuas hasta de 2,500 pies\/min, mientras tambi\u00e9n monitorea y controla al equipo.<\/p>\n\n\n\n<figure class=\"wp-block-table is-style-stripes\"><table><tbody><tr><td><strong>Especificaciones<\/strong>:<br>Fuentes disponibles con 2 o 4 conectores.<br>Alimentaci\u00f3n 120 V CA, 20 VA;<br>o 230 V CA , 20 VA<br>Para 50\/60 Hz<br>Voltaje Salida 7 kV CA<br>Corriente Salida 3.0 mA m\u00e1ximo.<br>5.0 mA en corto circuito.<br>Dimensiones 6.4 x 3.8 x 4.5 pulg. para 120 V CA<br>8.6&nbsp; x 4.9 x 4.5 pulg. para 230 V CA<\/td><\/tr><tr><td><\/td><\/tr><\/tbody><\/table><figcaption class=\"wp-element-caption\"><strong>Capacidades de Monitoreo de la True AC<\/strong><\/figcaption><\/figure>\n\n\n\n<ul class=\"wp-block-list\">\n<li>Indicador de PRENDIDO\/APAGADO en la barra.<\/li>\n\n\n\n<li>Indicador remoto de LIMPIAR LA BARRA, FALLA y SERVICIO.<\/li>\n\n\n\n<li>Indicador de LIMPIEZA BARRA\u2026 Ajustado a la fabrica a 40% de la m\u00e1xima eficiencia o puede ser ajustada por el usuario.<\/li>\n\n\n\n<li>Indicador de FALLA.<\/li>\n\n\n\n<li>Indicador de FUNCIONAMIENTO de la BARRA.<\/li>\n\n\n\n<li>Circuito de Detecci\u00f3n de Arco.<\/li>\n\n\n\n<li>Contactos secos disponibles v\u00eda remoto&nbsp; incluido en la unidad.<\/li>\n\n\n\n<li>Otras Fuentes: La Blue Bar puede usarse con las fuentes: \u201cD\u201d , \u201cF\u201d, \u201cS\u201d y \u201cN<\/li>\n<\/ul>\n\n\n\n<hr class=\"wp-block-separator has-alpha-channel-opacity\"\/>\n\n\n<div class=\"wp-block-image\">\n<figure class=\"aligncenter size-full is-resized\"><img loading=\"lazy\" decoding=\"async\" width=\"219\" height=\"118\" src=\"https:\/\/ttemsa.com\/industria\/wp-content\/uploads\/2023\/12\/mej.jpg\" alt=\"\" class=\"wp-image-977\" style=\"width:567px;height:auto\"\/><\/figure>\n<\/div>\n\n\n<ul class=\"wp-block-list\">\n<li>La barra antiest\u00e1tica MEJ tiene un peque\u00f1o tama\u00f1o circular de 11\/16\u201d de di\u00e1metro que le permite instalarse en espacios reducidos.<\/li>\n\n\n\n<li>La Barra MEJ es un eliminador de est\u00e1tica muy eficiente que es utilizado en una amplia variedad de aplicaciones y de f\u00e1cil limpieza.<\/li>\n\n\n\n<li>Esta barra utiliza las fuentes F167 (115 VAC 50\/60 Hz).<\/li>\n\n\n\n<li>La F267 (230 VAC 50\/60 Hz).<\/li>\n\n\n\n<li>La D167Q (115 VAC 50\/60 Hz) todas estas con dos puertos de salida.<\/li>\n<\/ul>\n","protected":false},"excerpt":{"rendered":"<p>Blue Bar R50 Descripci\u00f3n: La Potente y robusta&nbsp;&nbsp;Barra neutralizadora Blue Bar&nbsp;&nbsp;que no da descargas al tocarla con las manos, puede ser usada en la mayor parte las aplicaciones donde se requiera neutralizar est\u00e1tica. Es especialmente \u00fatil para aplicaciones de alta velocidad en bandas continuas hasta de 2500 pies\/min. o m\u00e1s La barra elimina hasta una [&hellip;]<\/p>\n","protected":false},"author":1,"featured_media":0,"parent":1664,"menu_order":0,"comment_status":"closed","ping_status":"closed","template":"","meta":{"content-type":"","footnotes":""},"categories":[18],"tags":[],"class_list":["post-1688","page","type-page","status-publish","hentry","category-simco-ion"],"yoast_head":"<!-- This site is optimized with the Yoast SEO plugin v26.6 - https:\/\/yoast.com\/wordpress\/plugins\/seo\/ -->\n<title>5.1 BARRA DE ALTO DESEMPE\u00d1O BLUE BAR R50 - industria-de-la-conversion.ttemsa<\/title>\n<meta name=\"description\" content=\"Barra de alto desempe\u00f1o Blue Bar R50 La Potente y robusta Barra neutralizadora Blue Bar que no da descargas al tocarla con las manos\" \/>\n<meta name=\"robots\" content=\"index, follow, max-snippet:-1, max-image-preview:large, max-video-preview:-1\" \/>\n<link rel=\"canonical\" href=\"https:\/\/ttemsa.com\/industria\/index.php\/simco-ion\/barras-neutralizadoras-de-estatica\/barra-de-alto-desempeno-blue-bar-r50\/\" \/>\n<meta property=\"og:locale\" content=\"es_MX\" \/>\n<meta property=\"og:type\" content=\"article\" \/>\n<meta property=\"og:title\" content=\"Barras Neutralizadoras de Est\u00e1tica - Neutralizador de electricidad est\u00e1tica. Barra antiest\u00e1tica. Simco-Ion ofrece una amplia gama de barras antielectrost\u00e1tic\" \/>\n<meta property=\"og:description\" content=\"En ttemsa ofrecemos Soluciones. Solicite + info Tel\u00e9fonos: + 52 (55) 5352-0191 5352-1301 5352-6070 5352-0593\" \/>\n<meta property=\"og:url\" content=\"https:\/\/ttemsa.com\/industria\/index.php\/simco-ion\/barras-neutralizadoras-de-estatica\/barra-de-alto-desempeno-blue-bar-r50\/\" \/>\n<meta property=\"og:site_name\" content=\"industria-de-la-conversion.ttemsa\" \/>\n<meta property=\"article:modified_time\" content=\"2024-09-06T15:40:03+00:00\" \/>\n<meta property=\"og:image\" content=\"https:\/\/ttemsa.com\/industria\/wp-content\/uploads\/2023\/12\/1SIMCO1.jpg\" \/>\n\t<meta property=\"og:image:width\" content=\"1931\" \/>\n\t<meta property=\"og:image:height\" content=\"1280\" \/>\n\t<meta property=\"og:image:type\" content=\"image\/jpeg\" \/>\n<meta name=\"twitter:card\" content=\"summary_large_image\" \/>\n<meta name=\"twitter:label1\" content=\"Tiempo de lectura\" \/>\n\t<meta name=\"twitter:data1\" content=\"4 minutos\" \/>\n<script type=\"application\/ld+json\" class=\"yoast-schema-graph\">{\"@context\":\"https:\/\/schema.org\",\"@graph\":[{\"@type\":\"WebPage\",\"@id\":\"https:\/\/ttemsa.com\/industria\/index.php\/simco-ion\/barras-neutralizadoras-de-estatica\/barra-de-alto-desempeno-blue-bar-r50\/\",\"url\":\"https:\/\/ttemsa.com\/industria\/index.php\/simco-ion\/barras-neutralizadoras-de-estatica\/barra-de-alto-desempeno-blue-bar-r50\/\",\"name\":\"5.1 BARRA DE ALTO DESEMPE\u00d1O BLUE BAR R50 - industria-de-la-conversion.ttemsa\",\"isPartOf\":{\"@id\":\"https:\/\/ttemsa.com\/industria\/#website\"},\"primaryImageOfPage\":{\"@id\":\"https:\/\/ttemsa.com\/industria\/index.php\/simco-ion\/barras-neutralizadoras-de-estatica\/barra-de-alto-desempeno-blue-bar-r50\/#primaryimage\"},\"image\":{\"@id\":\"https:\/\/ttemsa.com\/industria\/index.php\/simco-ion\/barras-neutralizadoras-de-estatica\/barra-de-alto-desempeno-blue-bar-r50\/#primaryimage\"},\"thumbnailUrl\":\"https:\/\/ttemsa.com\/industria\/wp-content\/uploads\/2023\/12\/1SIMCO1.jpg\",\"datePublished\":\"2024-03-01T21:08:30+00:00\",\"dateModified\":\"2024-09-06T15:40:03+00:00\",\"description\":\"Barra de alto desempe\u00f1o Blue Bar R50 La Potente y robusta Barra neutralizadora Blue Bar que no da descargas al tocarla con las manos\",\"breadcrumb\":{\"@id\":\"https:\/\/ttemsa.com\/industria\/index.php\/simco-ion\/barras-neutralizadoras-de-estatica\/barra-de-alto-desempeno-blue-bar-r50\/#breadcrumb\"},\"inLanguage\":\"es\",\"potentialAction\":[{\"@type\":\"ReadAction\",\"target\":[\"https:\/\/ttemsa.com\/industria\/index.php\/simco-ion\/barras-neutralizadoras-de-estatica\/barra-de-alto-desempeno-blue-bar-r50\/\"]}]},{\"@type\":\"ImageObject\",\"inLanguage\":\"es\",\"@id\":\"https:\/\/ttemsa.com\/industria\/index.php\/simco-ion\/barras-neutralizadoras-de-estatica\/barra-de-alto-desempeno-blue-bar-r50\/#primaryimage\",\"url\":\"https:\/\/ttemsa.com\/industria\/wp-content\/uploads\/2023\/12\/1SIMCO1.jpg\",\"contentUrl\":\"https:\/\/ttemsa.com\/industria\/wp-content\/uploads\/2023\/12\/1SIMCO1.jpg\",\"width\":1931,\"height\":1280},{\"@type\":\"BreadcrumbList\",\"@id\":\"https:\/\/ttemsa.com\/industria\/index.php\/simco-ion\/barras-neutralizadoras-de-estatica\/barra-de-alto-desempeno-blue-bar-r50\/#breadcrumb\",\"itemListElement\":[{\"@type\":\"ListItem\",\"position\":1,\"name\":\"Inicio\",\"item\":\"https:\/\/ttemsa.com\/industria\/\"},{\"@type\":\"ListItem\",\"position\":2,\"name\":\"SIMCO-ION\",\"item\":\"https:\/\/ttemsa.com\/industria\/index.php\/simco-ion\/\"},{\"@type\":\"ListItem\",\"position\":3,\"name\":\"Barras Neutralizadoras de Est\u00e1tica\",\"item\":\"https:\/\/ttemsa.com\/industria\/index.php\/simco-ion\/barras-neutralizadoras-de-estatica\/\"},{\"@type\":\"ListItem\",\"position\":4,\"name\":\"5.1 BARRA DE ALTO DESEMPE\u00d1O BLUE BAR R50\"}]},{\"@type\":\"WebSite\",\"@id\":\"https:\/\/ttemsa.com\/industria\/#website\",\"url\":\"https:\/\/ttemsa.com\/industria\/\",\"name\":\"industria-de-la-conversion.ttemsa\",\"description\":\"Designed Dianalacazadora.com\",\"alternateName\":\"ttemsa l\u00edderes en la industria de la conversi\u00f3n\",\"potentialAction\":[{\"@type\":\"SearchAction\",\"target\":{\"@type\":\"EntryPoint\",\"urlTemplate\":\"https:\/\/ttemsa.com\/industria\/?s={search_term_string}\"},\"query-input\":{\"@type\":\"PropertyValueSpecification\",\"valueRequired\":true,\"valueName\":\"search_term_string\"}}],\"inLanguage\":\"es\"}]}<\/script>\n<!-- \/ Yoast SEO plugin. -->","yoast_head_json":{"title":"5.1 BARRA DE ALTO DESEMPE\u00d1O BLUE BAR R50 - industria-de-la-conversion.ttemsa","description":"Barra de alto desempe\u00f1o Blue Bar R50 La Potente y robusta Barra neutralizadora Blue Bar que no da descargas al tocarla con las manos","robots":{"index":"index","follow":"follow","max-snippet":"max-snippet:-1","max-image-preview":"max-image-preview:large","max-video-preview":"max-video-preview:-1"},"canonical":"https:\/\/ttemsa.com\/industria\/index.php\/simco-ion\/barras-neutralizadoras-de-estatica\/barra-de-alto-desempeno-blue-bar-r50\/","og_locale":"es_MX","og_type":"article","og_title":"Barras Neutralizadoras de Est\u00e1tica - Neutralizador de electricidad est\u00e1tica. Barra antiest\u00e1tica. Simco-Ion ofrece una amplia gama de barras antielectrost\u00e1tic","og_description":"En ttemsa ofrecemos Soluciones. Solicite + info Tel\u00e9fonos: + 52 (55) 5352-0191 5352-1301 5352-6070 5352-0593","og_url":"https:\/\/ttemsa.com\/industria\/index.php\/simco-ion\/barras-neutralizadoras-de-estatica\/barra-de-alto-desempeno-blue-bar-r50\/","og_site_name":"industria-de-la-conversion.ttemsa","article_modified_time":"2024-09-06T15:40:03+00:00","og_image":[{"width":1931,"height":1280,"url":"https:\/\/ttemsa.com\/industria\/wp-content\/uploads\/2023\/12\/1SIMCO1.jpg","type":"image\/jpeg"}],"twitter_card":"summary_large_image","twitter_misc":{"Tiempo de lectura":"4 minutos"},"schema":{"@context":"https:\/\/schema.org","@graph":[{"@type":"WebPage","@id":"https:\/\/ttemsa.com\/industria\/index.php\/simco-ion\/barras-neutralizadoras-de-estatica\/barra-de-alto-desempeno-blue-bar-r50\/","url":"https:\/\/ttemsa.com\/industria\/index.php\/simco-ion\/barras-neutralizadoras-de-estatica\/barra-de-alto-desempeno-blue-bar-r50\/","name":"5.1 BARRA DE ALTO DESEMPE\u00d1O BLUE BAR R50 - industria-de-la-conversion.ttemsa","isPartOf":{"@id":"https:\/\/ttemsa.com\/industria\/#website"},"primaryImageOfPage":{"@id":"https:\/\/ttemsa.com\/industria\/index.php\/simco-ion\/barras-neutralizadoras-de-estatica\/barra-de-alto-desempeno-blue-bar-r50\/#primaryimage"},"image":{"@id":"https:\/\/ttemsa.com\/industria\/index.php\/simco-ion\/barras-neutralizadoras-de-estatica\/barra-de-alto-desempeno-blue-bar-r50\/#primaryimage"},"thumbnailUrl":"https:\/\/ttemsa.com\/industria\/wp-content\/uploads\/2023\/12\/1SIMCO1.jpg","datePublished":"2024-03-01T21:08:30+00:00","dateModified":"2024-09-06T15:40:03+00:00","description":"Barra de alto desempe\u00f1o Blue Bar R50 La Potente y robusta Barra neutralizadora Blue Bar que no da descargas al tocarla con las manos","breadcrumb":{"@id":"https:\/\/ttemsa.com\/industria\/index.php\/simco-ion\/barras-neutralizadoras-de-estatica\/barra-de-alto-desempeno-blue-bar-r50\/#breadcrumb"},"inLanguage":"es","potentialAction":[{"@type":"ReadAction","target":["https:\/\/ttemsa.com\/industria\/index.php\/simco-ion\/barras-neutralizadoras-de-estatica\/barra-de-alto-desempeno-blue-bar-r50\/"]}]},{"@type":"ImageObject","inLanguage":"es","@id":"https:\/\/ttemsa.com\/industria\/index.php\/simco-ion\/barras-neutralizadoras-de-estatica\/barra-de-alto-desempeno-blue-bar-r50\/#primaryimage","url":"https:\/\/ttemsa.com\/industria\/wp-content\/uploads\/2023\/12\/1SIMCO1.jpg","contentUrl":"https:\/\/ttemsa.com\/industria\/wp-content\/uploads\/2023\/12\/1SIMCO1.jpg","width":1931,"height":1280},{"@type":"BreadcrumbList","@id":"https:\/\/ttemsa.com\/industria\/index.php\/simco-ion\/barras-neutralizadoras-de-estatica\/barra-de-alto-desempeno-blue-bar-r50\/#breadcrumb","itemListElement":[{"@type":"ListItem","position":1,"name":"Inicio","item":"https:\/\/ttemsa.com\/industria\/"},{"@type":"ListItem","position":2,"name":"SIMCO-ION","item":"https:\/\/ttemsa.com\/industria\/index.php\/simco-ion\/"},{"@type":"ListItem","position":3,"name":"Barras Neutralizadoras de Est\u00e1tica","item":"https:\/\/ttemsa.com\/industria\/index.php\/simco-ion\/barras-neutralizadoras-de-estatica\/"},{"@type":"ListItem","position":4,"name":"5.1 BARRA DE ALTO DESEMPE\u00d1O BLUE BAR R50"}]},{"@type":"WebSite","@id":"https:\/\/ttemsa.com\/industria\/#website","url":"https:\/\/ttemsa.com\/industria\/","name":"industria-de-la-conversion.ttemsa","description":"Designed Dianalacazadora.com","alternateName":"ttemsa l\u00edderes en la industria de la conversi\u00f3n","potentialAction":[{"@type":"SearchAction","target":{"@type":"EntryPoint","urlTemplate":"https:\/\/ttemsa.com\/industria\/?s={search_term_string}"},"query-input":{"@type":"PropertyValueSpecification","valueRequired":true,"valueName":"search_term_string"}}],"inLanguage":"es"}]}},"_links":{"self":[{"href":"https:\/\/ttemsa.com\/industria\/index.php\/wp-json\/wp\/v2\/pages\/1688","targetHints":{"allow":["GET"]}}],"collection":[{"href":"https:\/\/ttemsa.com\/industria\/index.php\/wp-json\/wp\/v2\/pages"}],"about":[{"href":"https:\/\/ttemsa.com\/industria\/index.php\/wp-json\/wp\/v2\/types\/page"}],"author":[{"embeddable":true,"href":"https:\/\/ttemsa.com\/industria\/index.php\/wp-json\/wp\/v2\/users\/1"}],"replies":[{"embeddable":true,"href":"https:\/\/ttemsa.com\/industria\/index.php\/wp-json\/wp\/v2\/comments?post=1688"}],"version-history":[{"count":4,"href":"https:\/\/ttemsa.com\/industria\/index.php\/wp-json\/wp\/v2\/pages\/1688\/revisions"}],"predecessor-version":[{"id":3235,"href":"https:\/\/ttemsa.com\/industria\/index.php\/wp-json\/wp\/v2\/pages\/1688\/revisions\/3235"}],"up":[{"embeddable":true,"href":"https:\/\/ttemsa.com\/industria\/index.php\/wp-json\/wp\/v2\/pages\/1664"}],"wp:attachment":[{"href":"https:\/\/ttemsa.com\/industria\/index.php\/wp-json\/wp\/v2\/media?parent=1688"}],"wp:term":[{"taxonomy":"category","embeddable":true,"href":"https:\/\/ttemsa.com\/industria\/index.php\/wp-json\/wp\/v2\/categories?post=1688"},{"taxonomy":"post_tag","embeddable":true,"href":"https:\/\/ttemsa.com\/industria\/index.php\/wp-json\/wp\/v2\/tags?post=1688"}],"curies":[{"name":"wp","href":"https:\/\/api.w.org\/{rel}","templated":true}]}}