{"id":1724,"date":"2024-03-01T21:25:54","date_gmt":"2024-03-01T21:25:54","guid":{"rendered":"https:\/\/ttemsa.com\/industria\/index.php\/simco-ion\/ventilador-de-anti-estatica-copy-copy-copy\/"},"modified":"2024-09-06T15:18:40","modified_gmt":"2024-09-06T15:18:40","slug":"barras-neutralizadoras","status":"publish","type":"page","link":"https:\/\/ttemsa.com\/industria\/index.php\/simco-ion\/barras-neutralizadoras\/","title":{"rendered":"Barras neutralizadoras de est\u00e1tica"},"content":{"rendered":"<div class=\"wp-block-image\">\n<figure class=\"aligncenter size-full is-resized\"><img loading=\"lazy\" decoding=\"async\" width=\"312\" height=\"193\" src=\"https:\/\/ttemsa.com\/industria\/wp-content\/uploads\/2023\/12\/57.jpg\" alt=\"\" class=\"wp-image-965\" style=\"width:374px;height:auto\" srcset=\"https:\/\/ttemsa.com\/industria\/wp-content\/uploads\/2023\/12\/57.jpg 312w, https:\/\/ttemsa.com\/industria\/wp-content\/uploads\/2023\/12\/57-300x186.jpg 300w\" sizes=\"auto, (max-width: 312px) 100vw, 312px\" \/><\/figure>\n<\/div>\n\n<div class=\"wp-block-image\">\n<figure class=\"aligncenter size-full is-resized\"><img loading=\"lazy\" decoding=\"async\" width=\"640\" height=\"169\" src=\"https:\/\/ttemsa.com\/industria\/wp-content\/uploads\/2023\/12\/logo-simco.png\" alt=\"\" class=\"wp-image-940\" style=\"width:210px;height:auto\" srcset=\"https:\/\/ttemsa.com\/industria\/wp-content\/uploads\/2023\/12\/logo-simco.png 640w, https:\/\/ttemsa.com\/industria\/wp-content\/uploads\/2023\/12\/logo-simco-300x79.png 300w\" sizes=\"auto, (max-width: 640px) 100vw, 640px\" \/><\/figure>\n<\/div>\n\n\n<h2 class=\"wp-block-heading has-text-align-center\"><strong><strong>Neutralizador de electricidad est\u00e1tica.<\/strong><\/strong><\/h2>\n\n\n\n<p class=\"has-medium-font-size\"><strong>SIMCO-ION OFRECE UNA AMPLIA GAMA DE BARRAS ANTIELECTROST\u00c1TICAS<\/strong><\/p>\n\n\n\n<p>Tanto a prueba de descargas como no.&nbsp;<\/p>\n\n\n\n<p>Las barras antielectrost\u00e1ticas est\u00e1n formadas por una serie de puntos emisores&nbsp;<strong>ionizantes<\/strong>&nbsp;que reciben la energ\u00eda desde una unidad de alimentaci\u00f3n de tensi\u00f3n.<\/p>\n\n\n\n<p>Simco-Ion tambi\u00e9n dispone de barras antielectrost\u00e1ticas para aplicaciones de neutralizaci\u00f3n de largo alcance.<\/p>\n\n\n\n<p>Para ayudarle a seleccionar la barra antielectrost\u00e1tica adecuada, le rogamos que consulte la siguiente tabla, donde podr\u00e1 comparar las caracter\u00edsticas de los distintos productos.<\/p>\n\n\n\n<figure class=\"wp-block-image size-full\"><img loading=\"lazy\" decoding=\"async\" width=\"911\" height=\"490\" src=\"https:\/\/ttemsa.com\/industria\/wp-content\/uploads\/2023\/12\/tablasmco.png\" alt=\"\" class=\"wp-image-967\" srcset=\"https:\/\/ttemsa.com\/industria\/wp-content\/uploads\/2023\/12\/tablasmco.png 911w, https:\/\/ttemsa.com\/industria\/wp-content\/uploads\/2023\/12\/tablasmco-300x161.png 300w, https:\/\/ttemsa.com\/industria\/wp-content\/uploads\/2023\/12\/tablasmco-768x413.png 768w\" sizes=\"auto, (max-width: 911px) 100vw, 911px\" \/><\/figure>\n","protected":false},"excerpt":{"rendered":"<p>Neutralizador de electricidad est\u00e1tica. SIMCO-ION OFRECE UNA AMPLIA GAMA DE BARRAS ANTIELECTROST\u00c1TICAS Tanto a prueba de descargas como no.&nbsp; Las barras antielectrost\u00e1ticas est\u00e1n formadas por una serie de puntos emisores&nbsp;ionizantes&nbsp;que reciben la energ\u00eda desde una unidad de alimentaci\u00f3n de tensi\u00f3n. Simco-Ion tambi\u00e9n dispone de barras antielectrost\u00e1ticas para aplicaciones de neutralizaci\u00f3n de largo alcance. Para ayudarle [&hellip;]<\/p>\n","protected":false},"author":1,"featured_media":0,"parent":35,"menu_order":0,"comment_status":"closed","ping_status":"closed","template":"","meta":{"content-type":"","footnotes":""},"categories":[18],"tags":[],"class_list":["post-1724","page","type-page","status-publish","hentry","category-simco-ion"],"yoast_head":"<!-- This site is optimized with the Yoast SEO plugin v26.6 - https:\/\/yoast.com\/wordpress\/plugins\/seo\/ -->\n<title>Barras neutralizadoras de est\u00e1tica - industria-de-la-conversion.ttemsa<\/title>\n<meta name=\"description\" content=\"Barras Neutralizadoras de Est\u00e1tica Neutralizador de electricidad est\u00e1tica. Barra antiest\u00e1tica. Simco-Ion ofrece una amplia gama de barras antielectrost\u00e1ticas\" \/>\n<meta name=\"robots\" content=\"index, follow, max-snippet:-1, max-image-preview:large, max-video-preview:-1\" \/>\n<link rel=\"canonical\" href=\"https:\/\/ttemsa.com\/industria\/index.php\/simco-ion\/barras-neutralizadoras\/\" \/>\n<meta property=\"og:locale\" content=\"es_MX\" \/>\n<meta property=\"og:type\" content=\"article\" \/>\n<meta property=\"og:title\" content=\"Barras Neutralizadoras de Est\u00e1tica Neutralizador de electricidad est\u00e1tica. Barra antiest\u00e1tica. Simco-Ion ofrece una amplia gama de barras antielectrost\u00e1tic\" \/>\n<meta property=\"og:description\" content=\"En ttemsa ofrecemos Soluciones. Solicite + info Tel\u00e9fonos: + 52 (55) 5352-0191 5352-1301 5352-6070 5352-0593\" \/>\n<meta property=\"og:url\" content=\"https:\/\/ttemsa.com\/industria\/index.php\/simco-ion\/barras-neutralizadoras\/\" \/>\n<meta property=\"og:site_name\" content=\"industria-de-la-conversion.ttemsa\" \/>\n<meta property=\"article:modified_time\" content=\"2024-09-06T15:18:40+00:00\" \/>\n<meta property=\"og:image\" content=\"https:\/\/ttemsa.com\/industria\/wp-content\/uploads\/2023\/12\/tablasmco.png\" \/>\n\t<meta property=\"og:image:width\" content=\"911\" \/>\n\t<meta property=\"og:image:height\" content=\"490\" \/>\n\t<meta property=\"og:image:type\" content=\"image\/png\" \/>\n<meta name=\"twitter:card\" content=\"summary_large_image\" \/>\n<meta name=\"twitter:label1\" content=\"Tiempo de lectura\" \/>\n\t<meta name=\"twitter:data1\" content=\"1 minuto\" \/>\n<script type=\"application\/ld+json\" class=\"yoast-schema-graph\">{\"@context\":\"https:\/\/schema.org\",\"@graph\":[{\"@type\":\"WebPage\",\"@id\":\"https:\/\/ttemsa.com\/industria\/index.php\/simco-ion\/barras-neutralizadoras\/\",\"url\":\"https:\/\/ttemsa.com\/industria\/index.php\/simco-ion\/barras-neutralizadoras\/\",\"name\":\"Barras neutralizadoras de est\u00e1tica - industria-de-la-conversion.ttemsa\",\"isPartOf\":{\"@id\":\"https:\/\/ttemsa.com\/industria\/#website\"},\"primaryImageOfPage\":{\"@id\":\"https:\/\/ttemsa.com\/industria\/index.php\/simco-ion\/barras-neutralizadoras\/#primaryimage\"},\"image\":{\"@id\":\"https:\/\/ttemsa.com\/industria\/index.php\/simco-ion\/barras-neutralizadoras\/#primaryimage\"},\"thumbnailUrl\":\"https:\/\/ttemsa.com\/industria\/wp-content\/uploads\/2023\/12\/57.jpg\",\"datePublished\":\"2024-03-01T21:25:54+00:00\",\"dateModified\":\"2024-09-06T15:18:40+00:00\",\"description\":\"Barras Neutralizadoras de Est\u00e1tica Neutralizador de electricidad est\u00e1tica. Barra antiest\u00e1tica. Simco-Ion ofrece una amplia gama de barras antielectrost\u00e1ticas\",\"breadcrumb\":{\"@id\":\"https:\/\/ttemsa.com\/industria\/index.php\/simco-ion\/barras-neutralizadoras\/#breadcrumb\"},\"inLanguage\":\"es\",\"potentialAction\":[{\"@type\":\"ReadAction\",\"target\":[\"https:\/\/ttemsa.com\/industria\/index.php\/simco-ion\/barras-neutralizadoras\/\"]}]},{\"@type\":\"ImageObject\",\"inLanguage\":\"es\",\"@id\":\"https:\/\/ttemsa.com\/industria\/index.php\/simco-ion\/barras-neutralizadoras\/#primaryimage\",\"url\":\"https:\/\/ttemsa.com\/industria\/wp-content\/uploads\/2023\/12\/57.jpg\",\"contentUrl\":\"https:\/\/ttemsa.com\/industria\/wp-content\/uploads\/2023\/12\/57.jpg\",\"width\":312,\"height\":193},{\"@type\":\"BreadcrumbList\",\"@id\":\"https:\/\/ttemsa.com\/industria\/index.php\/simco-ion\/barras-neutralizadoras\/#breadcrumb\",\"itemListElement\":[{\"@type\":\"ListItem\",\"position\":1,\"name\":\"Inicio\",\"item\":\"https:\/\/ttemsa.com\/industria\/\"},{\"@type\":\"ListItem\",\"position\":2,\"name\":\"SIMCO-ION\",\"item\":\"https:\/\/ttemsa.com\/industria\/index.php\/simco-ion\/\"},{\"@type\":\"ListItem\",\"position\":3,\"name\":\"Barras neutralizadoras de est\u00e1tica\"}]},{\"@type\":\"WebSite\",\"@id\":\"https:\/\/ttemsa.com\/industria\/#website\",\"url\":\"https:\/\/ttemsa.com\/industria\/\",\"name\":\"industria-de-la-conversion.ttemsa\",\"description\":\"Designed Dianalacazadora.com\",\"alternateName\":\"ttemsa l\u00edderes en la industria de la conversi\u00f3n\",\"potentialAction\":[{\"@type\":\"SearchAction\",\"target\":{\"@type\":\"EntryPoint\",\"urlTemplate\":\"https:\/\/ttemsa.com\/industria\/?s={search_term_string}\"},\"query-input\":{\"@type\":\"PropertyValueSpecification\",\"valueRequired\":true,\"valueName\":\"search_term_string\"}}],\"inLanguage\":\"es\"}]}<\/script>\n<!-- \/ Yoast SEO plugin. -->","yoast_head_json":{"title":"Barras neutralizadoras de est\u00e1tica - industria-de-la-conversion.ttemsa","description":"Barras Neutralizadoras de Est\u00e1tica Neutralizador de electricidad est\u00e1tica. Barra antiest\u00e1tica. Simco-Ion ofrece una amplia gama de barras antielectrost\u00e1ticas","robots":{"index":"index","follow":"follow","max-snippet":"max-snippet:-1","max-image-preview":"max-image-preview:large","max-video-preview":"max-video-preview:-1"},"canonical":"https:\/\/ttemsa.com\/industria\/index.php\/simco-ion\/barras-neutralizadoras\/","og_locale":"es_MX","og_type":"article","og_title":"Barras Neutralizadoras de Est\u00e1tica Neutralizador de electricidad est\u00e1tica. Barra antiest\u00e1tica. Simco-Ion ofrece una amplia gama de barras antielectrost\u00e1tic","og_description":"En ttemsa ofrecemos Soluciones. Solicite + info Tel\u00e9fonos: + 52 (55) 5352-0191 5352-1301 5352-6070 5352-0593","og_url":"https:\/\/ttemsa.com\/industria\/index.php\/simco-ion\/barras-neutralizadoras\/","og_site_name":"industria-de-la-conversion.ttemsa","article_modified_time":"2024-09-06T15:18:40+00:00","og_image":[{"width":911,"height":490,"url":"https:\/\/ttemsa.com\/industria\/wp-content\/uploads\/2023\/12\/tablasmco.png","type":"image\/png"}],"twitter_card":"summary_large_image","twitter_misc":{"Tiempo de lectura":"1 minuto"},"schema":{"@context":"https:\/\/schema.org","@graph":[{"@type":"WebPage","@id":"https:\/\/ttemsa.com\/industria\/index.php\/simco-ion\/barras-neutralizadoras\/","url":"https:\/\/ttemsa.com\/industria\/index.php\/simco-ion\/barras-neutralizadoras\/","name":"Barras neutralizadoras de est\u00e1tica - industria-de-la-conversion.ttemsa","isPartOf":{"@id":"https:\/\/ttemsa.com\/industria\/#website"},"primaryImageOfPage":{"@id":"https:\/\/ttemsa.com\/industria\/index.php\/simco-ion\/barras-neutralizadoras\/#primaryimage"},"image":{"@id":"https:\/\/ttemsa.com\/industria\/index.php\/simco-ion\/barras-neutralizadoras\/#primaryimage"},"thumbnailUrl":"https:\/\/ttemsa.com\/industria\/wp-content\/uploads\/2023\/12\/57.jpg","datePublished":"2024-03-01T21:25:54+00:00","dateModified":"2024-09-06T15:18:40+00:00","description":"Barras Neutralizadoras de Est\u00e1tica Neutralizador de electricidad est\u00e1tica. Barra antiest\u00e1tica. Simco-Ion ofrece una amplia gama de barras antielectrost\u00e1ticas","breadcrumb":{"@id":"https:\/\/ttemsa.com\/industria\/index.php\/simco-ion\/barras-neutralizadoras\/#breadcrumb"},"inLanguage":"es","potentialAction":[{"@type":"ReadAction","target":["https:\/\/ttemsa.com\/industria\/index.php\/simco-ion\/barras-neutralizadoras\/"]}]},{"@type":"ImageObject","inLanguage":"es","@id":"https:\/\/ttemsa.com\/industria\/index.php\/simco-ion\/barras-neutralizadoras\/#primaryimage","url":"https:\/\/ttemsa.com\/industria\/wp-content\/uploads\/2023\/12\/57.jpg","contentUrl":"https:\/\/ttemsa.com\/industria\/wp-content\/uploads\/2023\/12\/57.jpg","width":312,"height":193},{"@type":"BreadcrumbList","@id":"https:\/\/ttemsa.com\/industria\/index.php\/simco-ion\/barras-neutralizadoras\/#breadcrumb","itemListElement":[{"@type":"ListItem","position":1,"name":"Inicio","item":"https:\/\/ttemsa.com\/industria\/"},{"@type":"ListItem","position":2,"name":"SIMCO-ION","item":"https:\/\/ttemsa.com\/industria\/index.php\/simco-ion\/"},{"@type":"ListItem","position":3,"name":"Barras neutralizadoras de est\u00e1tica"}]},{"@type":"WebSite","@id":"https:\/\/ttemsa.com\/industria\/#website","url":"https:\/\/ttemsa.com\/industria\/","name":"industria-de-la-conversion.ttemsa","description":"Designed Dianalacazadora.com","alternateName":"ttemsa l\u00edderes en la industria de la conversi\u00f3n","potentialAction":[{"@type":"SearchAction","target":{"@type":"EntryPoint","urlTemplate":"https:\/\/ttemsa.com\/industria\/?s={search_term_string}"},"query-input":{"@type":"PropertyValueSpecification","valueRequired":true,"valueName":"search_term_string"}}],"inLanguage":"es"}]}},"_links":{"self":[{"href":"https:\/\/ttemsa.com\/industria\/index.php\/wp-json\/wp\/v2\/pages\/1724","targetHints":{"allow":["GET"]}}],"collection":[{"href":"https:\/\/ttemsa.com\/industria\/index.php\/wp-json\/wp\/v2\/pages"}],"about":[{"href":"https:\/\/ttemsa.com\/industria\/index.php\/wp-json\/wp\/v2\/types\/page"}],"author":[{"embeddable":true,"href":"https:\/\/ttemsa.com\/industria\/index.php\/wp-json\/wp\/v2\/users\/1"}],"replies":[{"embeddable":true,"href":"https:\/\/ttemsa.com\/industria\/index.php\/wp-json\/wp\/v2\/comments?post=1724"}],"version-history":[{"count":6,"href":"https:\/\/ttemsa.com\/industria\/index.php\/wp-json\/wp\/v2\/pages\/1724\/revisions"}],"predecessor-version":[{"id":3467,"href":"https:\/\/ttemsa.com\/industria\/index.php\/wp-json\/wp\/v2\/pages\/1724\/revisions\/3467"}],"up":[{"embeddable":true,"href":"https:\/\/ttemsa.com\/industria\/index.php\/wp-json\/wp\/v2\/pages\/35"}],"wp:attachment":[{"href":"https:\/\/ttemsa.com\/industria\/index.php\/wp-json\/wp\/v2\/media?parent=1724"}],"wp:term":[{"taxonomy":"category","embeddable":true,"href":"https:\/\/ttemsa.com\/industria\/index.php\/wp-json\/wp\/v2\/categories?post=1724"},{"taxonomy":"post_tag","embeddable":true,"href":"https:\/\/ttemsa.com\/industria\/index.php\/wp-json\/wp\/v2\/tags?post=1724"}],"curies":[{"name":"wp","href":"https:\/\/api.w.org\/{rel}","templated":true}]}}