{"id":1725,"date":"2024-03-01T21:26:02","date_gmt":"2024-03-01T21:26:02","guid":{"rendered":"https:\/\/ttemsa.com\/industria\/index.php\/simco-ion\/ventilador-de-anti-estatica-copy-copy-copy-copy\/"},"modified":"2024-09-06T20:57:22","modified_gmt":"2024-09-06T20:57:22","slug":"catalogo-simco-europa-2","status":"publish","type":"page","link":"https:\/\/ttemsa.com\/industria\/index.php\/simco-ion\/catalogo-simco-europa-2\/","title":{"rendered":"SOLUCIONES INTELIGENTES EN EL CONTROL DE ELECTROST\u00c1TICA"},"content":{"rendered":"<div class=\"wp-block-image\">\n<figure class=\"aligncenter size-full is-resized\"><img loading=\"lazy\" decoding=\"async\" width=\"312\" height=\"193\" src=\"https:\/\/ttemsa.com\/industria\/wp-content\/uploads\/2023\/12\/1bannersimcob.jpg\" alt=\"\" class=\"wp-image-944\" style=\"width:766px;height:auto\" srcset=\"https:\/\/ttemsa.com\/industria\/wp-content\/uploads\/2023\/12\/1bannersimcob.jpg 312w, https:\/\/ttemsa.com\/industria\/wp-content\/uploads\/2023\/12\/1bannersimcob-300x186.jpg 300w\" sizes=\"auto, (max-width: 312px) 100vw, 312px\" \/><\/figure>\n<\/div>\n\n<div class=\"wp-block-image\">\n<figure class=\"aligncenter size-full is-resized\"><img loading=\"lazy\" decoding=\"async\" width=\"640\" height=\"169\" src=\"https:\/\/ttemsa.com\/industria\/wp-content\/uploads\/2023\/12\/logo-simco.png\" alt=\"\" class=\"wp-image-940\" style=\"width:192px;height:auto\" srcset=\"https:\/\/ttemsa.com\/industria\/wp-content\/uploads\/2023\/12\/logo-simco.png 640w, https:\/\/ttemsa.com\/industria\/wp-content\/uploads\/2023\/12\/logo-simco-300x79.png 300w\" sizes=\"auto, (max-width: 640px) 100vw, 640px\" \/><\/figure>\n<\/div>\n\n\n<figure class=\"wp-block-image size-large\"><img loading=\"lazy\" decoding=\"async\" width=\"791\" height=\"1024\" src=\"https:\/\/ttemsa.com\/industria\/wp-content\/uploads\/2024\/05\/1simco-aplicaciones2024_Page_1-791x1024.jpg\" alt=\"\" class=\"wp-image-3219\" srcset=\"https:\/\/ttemsa.com\/industria\/wp-content\/uploads\/2024\/05\/1simco-aplicaciones2024_Page_1-791x1024.jpg 791w, https:\/\/ttemsa.com\/industria\/wp-content\/uploads\/2024\/05\/1simco-aplicaciones2024_Page_1-232x300.jpg 232w, https:\/\/ttemsa.com\/industria\/wp-content\/uploads\/2024\/05\/1simco-aplicaciones2024_Page_1-768x994.jpg 768w, https:\/\/ttemsa.com\/industria\/wp-content\/uploads\/2024\/05\/1simco-aplicaciones2024_Page_1-1187x1536.jpg 1187w, https:\/\/ttemsa.com\/industria\/wp-content\/uploads\/2024\/05\/1simco-aplicaciones2024_Page_1.jpg 1275w\" sizes=\"auto, (max-width: 791px) 100vw, 791px\" \/><\/figure>\n\n\n\n<figure class=\"wp-block-image size-large\"><img loading=\"lazy\" decoding=\"async\" width=\"791\" height=\"1024\" src=\"https:\/\/ttemsa.com\/industria\/wp-content\/uploads\/2024\/05\/1simco-aplicaciones2024_Page_2-791x1024.jpg\" alt=\"\" class=\"wp-image-3220\" srcset=\"https:\/\/ttemsa.com\/industria\/wp-content\/uploads\/2024\/05\/1simco-aplicaciones2024_Page_2-791x1024.jpg 791w, https:\/\/ttemsa.com\/industria\/wp-content\/uploads\/2024\/05\/1simco-aplicaciones2024_Page_2-232x300.jpg 232w, https:\/\/ttemsa.com\/industria\/wp-content\/uploads\/2024\/05\/1simco-aplicaciones2024_Page_2-768x994.jpg 768w, https:\/\/ttemsa.com\/industria\/wp-content\/uploads\/2024\/05\/1simco-aplicaciones2024_Page_2-1187x1536.jpg 1187w, https:\/\/ttemsa.com\/industria\/wp-content\/uploads\/2024\/05\/1simco-aplicaciones2024_Page_2.jpg 1275w\" sizes=\"auto, (max-width: 791px) 100vw, 791px\" \/><\/figure>\n\n\n\n<figure class=\"wp-block-image size-large\"><img loading=\"lazy\" decoding=\"async\" width=\"791\" height=\"1024\" src=\"https:\/\/ttemsa.com\/industria\/wp-content\/uploads\/2024\/05\/1simco-aplicaciones2024_Page_3-791x1024.jpg\" alt=\"\" class=\"wp-image-3221\" srcset=\"https:\/\/ttemsa.com\/industria\/wp-content\/uploads\/2024\/05\/1simco-aplicaciones2024_Page_3-791x1024.jpg 791w, https:\/\/ttemsa.com\/industria\/wp-content\/uploads\/2024\/05\/1simco-aplicaciones2024_Page_3-232x300.jpg 232w, https:\/\/ttemsa.com\/industria\/wp-content\/uploads\/2024\/05\/1simco-aplicaciones2024_Page_3-768x994.jpg 768w, https:\/\/ttemsa.com\/industria\/wp-content\/uploads\/2024\/05\/1simco-aplicaciones2024_Page_3-1187x1536.jpg 1187w, https:\/\/ttemsa.com\/industria\/wp-content\/uploads\/2024\/05\/1simco-aplicaciones2024_Page_3.jpg 1275w\" sizes=\"auto, (max-width: 791px) 100vw, 791px\" \/><\/figure>\n\n\n\n<figure class=\"wp-block-image size-large\"><img loading=\"lazy\" decoding=\"async\" width=\"791\" height=\"1024\" src=\"https:\/\/ttemsa.com\/industria\/wp-content\/uploads\/2024\/05\/1simco-aplicaciones2024_Page_4-791x1024.jpg\" alt=\"\" class=\"wp-image-3222\" srcset=\"https:\/\/ttemsa.com\/industria\/wp-content\/uploads\/2024\/05\/1simco-aplicaciones2024_Page_4-791x1024.jpg 791w, https:\/\/ttemsa.com\/industria\/wp-content\/uploads\/2024\/05\/1simco-aplicaciones2024_Page_4-232x300.jpg 232w, https:\/\/ttemsa.com\/industria\/wp-content\/uploads\/2024\/05\/1simco-aplicaciones2024_Page_4-768x994.jpg 768w, https:\/\/ttemsa.com\/industria\/wp-content\/uploads\/2024\/05\/1simco-aplicaciones2024_Page_4-1187x1536.jpg 1187w, https:\/\/ttemsa.com\/industria\/wp-content\/uploads\/2024\/05\/1simco-aplicaciones2024_Page_4.jpg 1275w\" sizes=\"auto, (max-width: 791px) 100vw, 791px\" \/><\/figure>\n\n\n\n<figure class=\"wp-block-image size-large\"><img loading=\"lazy\" decoding=\"async\" width=\"791\" height=\"1024\" src=\"https:\/\/ttemsa.com\/industria\/wp-content\/uploads\/2024\/05\/1simco-aplicaciones2024_Page_5-791x1024.jpg\" alt=\"\" class=\"wp-image-3223\" srcset=\"https:\/\/ttemsa.com\/industria\/wp-content\/uploads\/2024\/05\/1simco-aplicaciones2024_Page_5-791x1024.jpg 791w, https:\/\/ttemsa.com\/industria\/wp-content\/uploads\/2024\/05\/1simco-aplicaciones2024_Page_5-232x300.jpg 232w, https:\/\/ttemsa.com\/industria\/wp-content\/uploads\/2024\/05\/1simco-aplicaciones2024_Page_5-768x994.jpg 768w, https:\/\/ttemsa.com\/industria\/wp-content\/uploads\/2024\/05\/1simco-aplicaciones2024_Page_5-1187x1536.jpg 1187w, https:\/\/ttemsa.com\/industria\/wp-content\/uploads\/2024\/05\/1simco-aplicaciones2024_Page_5.jpg 1275w\" sizes=\"auto, (max-width: 791px) 100vw, 791px\" \/><\/figure>\n\n\n\n<figure class=\"wp-block-image size-large\"><img loading=\"lazy\" decoding=\"async\" width=\"791\" height=\"1024\" src=\"https:\/\/ttemsa.com\/industria\/wp-content\/uploads\/2024\/05\/1simco-aplicaciones2024_Page_6-791x1024.jpg\" alt=\"\" class=\"wp-image-3224\" srcset=\"https:\/\/ttemsa.com\/industria\/wp-content\/uploads\/2024\/05\/1simco-aplicaciones2024_Page_6-791x1024.jpg 791w, https:\/\/ttemsa.com\/industria\/wp-content\/uploads\/2024\/05\/1simco-aplicaciones2024_Page_6-232x300.jpg 232w, https:\/\/ttemsa.com\/industria\/wp-content\/uploads\/2024\/05\/1simco-aplicaciones2024_Page_6-768x994.jpg 768w, https:\/\/ttemsa.com\/industria\/wp-content\/uploads\/2024\/05\/1simco-aplicaciones2024_Page_6-1187x1536.jpg 1187w, https:\/\/ttemsa.com\/industria\/wp-content\/uploads\/2024\/05\/1simco-aplicaciones2024_Page_6.jpg 1275w\" sizes=\"auto, (max-width: 791px) 100vw, 791px\" \/><\/figure>\n\n\n\n<figure class=\"wp-block-image size-large\"><img loading=\"lazy\" decoding=\"async\" width=\"792\" height=\"1024\" src=\"https:\/\/ttemsa.com\/industria\/wp-content\/uploads\/2024\/05\/1simco-aplicaciones2024_Page_7-792x1024.jpg\" alt=\"\" class=\"wp-image-3225\" srcset=\"https:\/\/ttemsa.com\/industria\/wp-content\/uploads\/2024\/05\/1simco-aplicaciones2024_Page_7-792x1024.jpg 792w, https:\/\/ttemsa.com\/industria\/wp-content\/uploads\/2024\/05\/1simco-aplicaciones2024_Page_7-232x300.jpg 232w, https:\/\/ttemsa.com\/industria\/wp-content\/uploads\/2024\/05\/1simco-aplicaciones2024_Page_7-768x994.jpg 768w, https:\/\/ttemsa.com\/industria\/wp-content\/uploads\/2024\/05\/1simco-aplicaciones2024_Page_7-1187x1536.jpg 1187w, https:\/\/ttemsa.com\/industria\/wp-content\/uploads\/2024\/05\/1simco-aplicaciones2024_Page_7.jpg 1301w\" sizes=\"auto, (max-width: 792px) 100vw, 792px\" \/><\/figure>\n\n\n\n<figure class=\"wp-block-image size-large\"><img loading=\"lazy\" decoding=\"async\" width=\"861\" height=\"1024\" src=\"https:\/\/ttemsa.com\/industria\/wp-content\/uploads\/2024\/05\/1simco-aplicaciones2024_Page_8-861x1024.jpg\" alt=\"\" class=\"wp-image-3226\" srcset=\"https:\/\/ttemsa.com\/industria\/wp-content\/uploads\/2024\/05\/1simco-aplicaciones2024_Page_8-861x1024.jpg 861w, https:\/\/ttemsa.com\/industria\/wp-content\/uploads\/2024\/05\/1simco-aplicaciones2024_Page_8-252x300.jpg 252w, https:\/\/ttemsa.com\/industria\/wp-content\/uploads\/2024\/05\/1simco-aplicaciones2024_Page_8-768x914.jpg 768w, https:\/\/ttemsa.com\/industria\/wp-content\/uploads\/2024\/05\/1simco-aplicaciones2024_Page_8-1291x1536.jpg 1291w, https:\/\/ttemsa.com\/industria\/wp-content\/uploads\/2024\/05\/1simco-aplicaciones2024_Page_8-1721x2048.jpg 1721w\" sizes=\"auto, (max-width: 861px) 100vw, 861px\" \/><\/figure>\n\n\n\n<h2 class=\"wp-block-heading\">Conozca nuestro cat\u00e1logo de soluciones en Control de Tensi\u00f3n<\/h2>\n\n\n\n<p class=\"has-text-align-center\"><strong>Cat\u00e1logo 2024<\/strong><\/p>\n\n\n<div class=\"wp-block-image\">\n<figure class=\"aligncenter size-full is-resized\"><img loading=\"lazy\" decoding=\"async\" width=\"70\" height=\"70\" src=\"https:\/\/ttemsa.com\/industria\/wp-content\/uploads\/2023\/12\/pdf.png\" alt=\"\" class=\"wp-image-494\" style=\"width:84px;height:auto\"\/><\/figure>\n<\/div>\n\n\n<p class=\"has-text-align-center\"><strong><a href=\"https:\/\/ttemsa.com\/industria\/images\/pdfs2021\/simco-aplicaciones.pdf\" target=\"_blank\" rel=\"noreferrer noopener\">Ver PDF<\/a><\/strong><\/p>\n","protected":false},"excerpt":{"rendered":"<p>Conozca nuestro cat\u00e1logo de soluciones en Control de Tensi\u00f3n Cat\u00e1logo 2024 Ver PDF<\/p>\n","protected":false},"author":1,"featured_media":0,"parent":35,"menu_order":0,"comment_status":"closed","ping_status":"closed","template":"","meta":{"content-type":"","footnotes":""},"categories":[18],"tags":[],"class_list":["post-1725","page","type-page","status-publish","hentry","category-simco-ion"],"yoast_head":"<!-- This site is optimized with the Yoast SEO plugin v26.6 - https:\/\/yoast.com\/wordpress\/plugins\/seo\/ -->\n<title>SOLUCIONES INTELIGENTES EN EL CONTROL DE ELECTROST\u00c1TICA - industria-de-la-conversion.ttemsa<\/title>\n<meta name=\"description\" content=\"Cat\u00e1logo de Soluciones Inteligentes en el control de Electrost\u00e1tica Para: Pl\u00e1stico, pel\u00edcula, Conversi\u00f3n, Impresi\u00f3n, Empaque, Textil, Automotriz, Madera, M\u00e9dico.\" \/>\n<meta name=\"robots\" content=\"index, follow, max-snippet:-1, max-image-preview:large, max-video-preview:-1\" \/>\n<link rel=\"canonical\" href=\"https:\/\/ttemsa.com\/industria\/index.php\/simco-ion\/catalogo-simco-europa-2\/\" \/>\n<meta property=\"og:locale\" content=\"es_MX\" \/>\n<meta property=\"og:type\" content=\"article\" \/>\n<meta property=\"og:title\" content=\"Cat\u00e1logo Soluciones Inteligentes en el control de Electrost\u00e1tica, Para: Pl\u00e1stico, pel\u00edcula, Conversi\u00f3n, Impresi\u00f3n, Empaque, Textil, Automotriz, Madera, M\u00e9dico.\" \/>\n<meta property=\"og:description\" content=\"En ttemsa ofrecemos Soluciones. Solicite + info Tel\u00e9fonos: + 52 (55) 5352-0191 5352-1301 5352-6070 5352-0593\" \/>\n<meta property=\"og:url\" content=\"https:\/\/ttemsa.com\/industria\/index.php\/simco-ion\/catalogo-simco-europa-2\/\" \/>\n<meta property=\"og:site_name\" content=\"industria-de-la-conversion.ttemsa\" \/>\n<meta property=\"article:modified_time\" content=\"2024-09-06T20:57:22+00:00\" \/>\n<meta property=\"og:image\" content=\"https:\/\/ttemsa.com\/industria\/wp-content\/uploads\/2023\/12\/a.jpg\" \/>\n\t<meta property=\"og:image:width\" content=\"1200\" \/>\n\t<meta property=\"og:image:height\" content=\"627\" \/>\n\t<meta property=\"og:image:type\" content=\"image\/jpeg\" \/>\n<meta name=\"twitter:card\" content=\"summary_large_image\" \/>\n<meta name=\"twitter:label1\" content=\"Tiempo de lectura\" \/>\n\t<meta name=\"twitter:data1\" content=\"3 minutos\" \/>\n<script type=\"application\/ld+json\" class=\"yoast-schema-graph\">{\"@context\":\"https:\/\/schema.org\",\"@graph\":[{\"@type\":\"WebPage\",\"@id\":\"https:\/\/ttemsa.com\/industria\/index.php\/simco-ion\/catalogo-simco-europa-2\/\",\"url\":\"https:\/\/ttemsa.com\/industria\/index.php\/simco-ion\/catalogo-simco-europa-2\/\",\"name\":\"SOLUCIONES INTELIGENTES EN EL CONTROL DE ELECTROST\u00c1TICA - industria-de-la-conversion.ttemsa\",\"isPartOf\":{\"@id\":\"https:\/\/ttemsa.com\/industria\/#website\"},\"primaryImageOfPage\":{\"@id\":\"https:\/\/ttemsa.com\/industria\/index.php\/simco-ion\/catalogo-simco-europa-2\/#primaryimage\"},\"image\":{\"@id\":\"https:\/\/ttemsa.com\/industria\/index.php\/simco-ion\/catalogo-simco-europa-2\/#primaryimage\"},\"thumbnailUrl\":\"https:\/\/ttemsa.com\/industria\/wp-content\/uploads\/2023\/12\/1bannersimcob.jpg\",\"datePublished\":\"2024-03-01T21:26:02+00:00\",\"dateModified\":\"2024-09-06T20:57:22+00:00\",\"description\":\"Cat\u00e1logo de Soluciones Inteligentes en el control de Electrost\u00e1tica Para: Pl\u00e1stico, pel\u00edcula, Conversi\u00f3n, Impresi\u00f3n, Empaque, Textil, Automotriz, Madera, M\u00e9dico.\",\"breadcrumb\":{\"@id\":\"https:\/\/ttemsa.com\/industria\/index.php\/simco-ion\/catalogo-simco-europa-2\/#breadcrumb\"},\"inLanguage\":\"es\",\"potentialAction\":[{\"@type\":\"ReadAction\",\"target\":[\"https:\/\/ttemsa.com\/industria\/index.php\/simco-ion\/catalogo-simco-europa-2\/\"]}]},{\"@type\":\"ImageObject\",\"inLanguage\":\"es\",\"@id\":\"https:\/\/ttemsa.com\/industria\/index.php\/simco-ion\/catalogo-simco-europa-2\/#primaryimage\",\"url\":\"https:\/\/ttemsa.com\/industria\/wp-content\/uploads\/2023\/12\/1bannersimcob.jpg\",\"contentUrl\":\"https:\/\/ttemsa.com\/industria\/wp-content\/uploads\/2023\/12\/1bannersimcob.jpg\",\"width\":312,\"height\":193},{\"@type\":\"BreadcrumbList\",\"@id\":\"https:\/\/ttemsa.com\/industria\/index.php\/simco-ion\/catalogo-simco-europa-2\/#breadcrumb\",\"itemListElement\":[{\"@type\":\"ListItem\",\"position\":1,\"name\":\"Inicio\",\"item\":\"https:\/\/ttemsa.com\/industria\/\"},{\"@type\":\"ListItem\",\"position\":2,\"name\":\"SIMCO-ION\",\"item\":\"https:\/\/ttemsa.com\/industria\/index.php\/simco-ion\/\"},{\"@type\":\"ListItem\",\"position\":3,\"name\":\"SOLUCIONES INTELIGENTES EN EL CONTROL DE ELECTROST\u00c1TICA\"}]},{\"@type\":\"WebSite\",\"@id\":\"https:\/\/ttemsa.com\/industria\/#website\",\"url\":\"https:\/\/ttemsa.com\/industria\/\",\"name\":\"industria-de-la-conversion.ttemsa\",\"description\":\"Designed Dianalacazadora.com\",\"alternateName\":\"ttemsa l\u00edderes en la industria de la conversi\u00f3n\",\"potentialAction\":[{\"@type\":\"SearchAction\",\"target\":{\"@type\":\"EntryPoint\",\"urlTemplate\":\"https:\/\/ttemsa.com\/industria\/?s={search_term_string}\"},\"query-input\":{\"@type\":\"PropertyValueSpecification\",\"valueRequired\":true,\"valueName\":\"search_term_string\"}}],\"inLanguage\":\"es\"}]}<\/script>\n<!-- \/ Yoast SEO plugin. -->","yoast_head_json":{"title":"SOLUCIONES INTELIGENTES EN EL CONTROL DE ELECTROST\u00c1TICA - industria-de-la-conversion.ttemsa","description":"Cat\u00e1logo de Soluciones Inteligentes en el control de Electrost\u00e1tica Para: Pl\u00e1stico, pel\u00edcula, Conversi\u00f3n, Impresi\u00f3n, Empaque, Textil, Automotriz, Madera, M\u00e9dico.","robots":{"index":"index","follow":"follow","max-snippet":"max-snippet:-1","max-image-preview":"max-image-preview:large","max-video-preview":"max-video-preview:-1"},"canonical":"https:\/\/ttemsa.com\/industria\/index.php\/simco-ion\/catalogo-simco-europa-2\/","og_locale":"es_MX","og_type":"article","og_title":"Cat\u00e1logo Soluciones Inteligentes en el control de Electrost\u00e1tica, Para: Pl\u00e1stico, pel\u00edcula, Conversi\u00f3n, Impresi\u00f3n, Empaque, Textil, Automotriz, Madera, M\u00e9dico.","og_description":"En ttemsa ofrecemos Soluciones. Solicite + info Tel\u00e9fonos: + 52 (55) 5352-0191 5352-1301 5352-6070 5352-0593","og_url":"https:\/\/ttemsa.com\/industria\/index.php\/simco-ion\/catalogo-simco-europa-2\/","og_site_name":"industria-de-la-conversion.ttemsa","article_modified_time":"2024-09-06T20:57:22+00:00","og_image":[{"width":1200,"height":627,"url":"https:\/\/ttemsa.com\/industria\/wp-content\/uploads\/2023\/12\/a.jpg","type":"image\/jpeg"}],"twitter_card":"summary_large_image","twitter_misc":{"Tiempo de lectura":"3 minutos"},"schema":{"@context":"https:\/\/schema.org","@graph":[{"@type":"WebPage","@id":"https:\/\/ttemsa.com\/industria\/index.php\/simco-ion\/catalogo-simco-europa-2\/","url":"https:\/\/ttemsa.com\/industria\/index.php\/simco-ion\/catalogo-simco-europa-2\/","name":"SOLUCIONES INTELIGENTES EN EL CONTROL DE ELECTROST\u00c1TICA - industria-de-la-conversion.ttemsa","isPartOf":{"@id":"https:\/\/ttemsa.com\/industria\/#website"},"primaryImageOfPage":{"@id":"https:\/\/ttemsa.com\/industria\/index.php\/simco-ion\/catalogo-simco-europa-2\/#primaryimage"},"image":{"@id":"https:\/\/ttemsa.com\/industria\/index.php\/simco-ion\/catalogo-simco-europa-2\/#primaryimage"},"thumbnailUrl":"https:\/\/ttemsa.com\/industria\/wp-content\/uploads\/2023\/12\/1bannersimcob.jpg","datePublished":"2024-03-01T21:26:02+00:00","dateModified":"2024-09-06T20:57:22+00:00","description":"Cat\u00e1logo de Soluciones Inteligentes en el control de Electrost\u00e1tica Para: Pl\u00e1stico, pel\u00edcula, Conversi\u00f3n, Impresi\u00f3n, Empaque, Textil, Automotriz, Madera, M\u00e9dico.","breadcrumb":{"@id":"https:\/\/ttemsa.com\/industria\/index.php\/simco-ion\/catalogo-simco-europa-2\/#breadcrumb"},"inLanguage":"es","potentialAction":[{"@type":"ReadAction","target":["https:\/\/ttemsa.com\/industria\/index.php\/simco-ion\/catalogo-simco-europa-2\/"]}]},{"@type":"ImageObject","inLanguage":"es","@id":"https:\/\/ttemsa.com\/industria\/index.php\/simco-ion\/catalogo-simco-europa-2\/#primaryimage","url":"https:\/\/ttemsa.com\/industria\/wp-content\/uploads\/2023\/12\/1bannersimcob.jpg","contentUrl":"https:\/\/ttemsa.com\/industria\/wp-content\/uploads\/2023\/12\/1bannersimcob.jpg","width":312,"height":193},{"@type":"BreadcrumbList","@id":"https:\/\/ttemsa.com\/industria\/index.php\/simco-ion\/catalogo-simco-europa-2\/#breadcrumb","itemListElement":[{"@type":"ListItem","position":1,"name":"Inicio","item":"https:\/\/ttemsa.com\/industria\/"},{"@type":"ListItem","position":2,"name":"SIMCO-ION","item":"https:\/\/ttemsa.com\/industria\/index.php\/simco-ion\/"},{"@type":"ListItem","position":3,"name":"SOLUCIONES INTELIGENTES EN EL CONTROL DE ELECTROST\u00c1TICA"}]},{"@type":"WebSite","@id":"https:\/\/ttemsa.com\/industria\/#website","url":"https:\/\/ttemsa.com\/industria\/","name":"industria-de-la-conversion.ttemsa","description":"Designed Dianalacazadora.com","alternateName":"ttemsa l\u00edderes en la industria de la conversi\u00f3n","potentialAction":[{"@type":"SearchAction","target":{"@type":"EntryPoint","urlTemplate":"https:\/\/ttemsa.com\/industria\/?s={search_term_string}"},"query-input":{"@type":"PropertyValueSpecification","valueRequired":true,"valueName":"search_term_string"}}],"inLanguage":"es"}]}},"_links":{"self":[{"href":"https:\/\/ttemsa.com\/industria\/index.php\/wp-json\/wp\/v2\/pages\/1725","targetHints":{"allow":["GET"]}}],"collection":[{"href":"https:\/\/ttemsa.com\/industria\/index.php\/wp-json\/wp\/v2\/pages"}],"about":[{"href":"https:\/\/ttemsa.com\/industria\/index.php\/wp-json\/wp\/v2\/types\/page"}],"author":[{"embeddable":true,"href":"https:\/\/ttemsa.com\/industria\/index.php\/wp-json\/wp\/v2\/users\/1"}],"replies":[{"embeddable":true,"href":"https:\/\/ttemsa.com\/industria\/index.php\/wp-json\/wp\/v2\/comments?post=1725"}],"version-history":[{"count":3,"href":"https:\/\/ttemsa.com\/industria\/index.php\/wp-json\/wp\/v2\/pages\/1725\/revisions"}],"predecessor-version":[{"id":3227,"href":"https:\/\/ttemsa.com\/industria\/index.php\/wp-json\/wp\/v2\/pages\/1725\/revisions\/3227"}],"up":[{"embeddable":true,"href":"https:\/\/ttemsa.com\/industria\/index.php\/wp-json\/wp\/v2\/pages\/35"}],"wp:attachment":[{"href":"https:\/\/ttemsa.com\/industria\/index.php\/wp-json\/wp\/v2\/media?parent=1725"}],"wp:term":[{"taxonomy":"category","embeddable":true,"href":"https:\/\/ttemsa.com\/industria\/index.php\/wp-json\/wp\/v2\/categories?post=1725"},{"taxonomy":"post_tag","embeddable":true,"href":"https:\/\/ttemsa.com\/industria\/index.php\/wp-json\/wp\/v2\/tags?post=1725"}],"curies":[{"name":"wp","href":"https:\/\/api.w.org\/{rel}","templated":true}]}}