{"id":1741,"date":"2024-03-01T21:31:17","date_gmt":"2024-03-01T21:31:17","guid":{"rendered":"https:\/\/ttemsa.com\/industria\/index.php\/paxton\/paxton-copy-copy-copy-copy-copy-copy-copy-copy\/"},"modified":"2024-03-06T12:59:34","modified_gmt":"2024-03-06T12:59:34","slug":"sistemas-de-aire-ionizado","status":"publish","type":"page","link":"https:\/\/ttemsa.com\/industria\/index.php\/paxton-2018\/sistemas-de-aire-ionizado\/","title":{"rendered":"SISTEMAS DE AIRE IONIZADO"},"content":{"rendered":"<div class=\"wp-block-image\">\n<figure class=\"aligncenter size-full\"><img loading=\"lazy\" decoding=\"async\" width=\"563\" height=\"398\" src=\"https:\/\/ttemsa.com\/industria\/wp-content\/uploads\/2024\/03\/Sistemas-de-Aire-Ionizado.jpg\" alt=\"\" class=\"wp-image-2339\" srcset=\"https:\/\/ttemsa.com\/industria\/wp-content\/uploads\/2024\/03\/Sistemas-de-Aire-Ionizado.jpg 563w, https:\/\/ttemsa.com\/industria\/wp-content\/uploads\/2024\/03\/Sistemas-de-Aire-Ionizado-300x212.jpg 300w\" sizes=\"auto, (max-width: 563px) 100vw, 563px\" \/><\/figure>\n<\/div>\n\n<div class=\"wp-block-image\">\n<figure class=\"aligncenter size-full is-resized\"><img loading=\"lazy\" decoding=\"async\" width=\"410\" height=\"123\" src=\"https:\/\/ttemsa.com\/industria\/wp-content\/uploads\/2024\/03\/paxtonlogo.jpg\" alt=\"\" class=\"wp-image-2334\" style=\"width:204px;height:auto\" srcset=\"https:\/\/ttemsa.com\/industria\/wp-content\/uploads\/2024\/03\/paxtonlogo.jpg 410w, https:\/\/ttemsa.com\/industria\/wp-content\/uploads\/2024\/03\/paxtonlogo-300x90.jpg 300w\" sizes=\"auto, (max-width: 410px) 100vw, 410px\" \/><\/figure>\n<\/div>\n\n\n<p>El sistema de aire ionizado establece el est\u00e1ndar para una nueva generaci\u00f3n de limpieza por aire, disipar las cargas est\u00e1ticas que causan la suciedad, el polvo y los contaminantes a que se adhieran a las superficies al tiempo que reduce dr\u00e1sticamente el consumo de energ\u00eda y eliminando el uso del agua.<\/p>\n\n\n\n<p>El rendimiento de limpieza se maximiza y se minimiza el impacto medioambiental.<\/p>\n\n\n\n<p>\u2022 Exit\u00f3samente cualificado bajo todos los medios testados: estiroduro, polvo de cart\u00f3n, desechos varios<\/p>\n\n\n\n<p>\u2022 Consumo de energ\u00eda 40-80% menor que los ionizadores de aire comprimido<\/p>\n\n\n\n<p>\u2022 No necesita agua, sin problemas de eliminaci\u00f3n de agua<\/p>\n\n\n\n<p>\u2022 Dise\u00f1o personalizado para botellas o latas u otros contenedores y superficies<\/p>\n\n\n\n<p>Los Sistema de aire ionizado de Paxton Products eliminan eficazmente las part\u00edculas de polvo y contaminantes, utilizando ionizaci\u00f3n de gran alcance junto con sopladores centr\u00edfugos Paxton l\u00edderes en la industria y sistemas de suministro de aire.<\/p>\n\n\n\n<p>El dise\u00f1o pendiente de patente de Paxton aumenta el rendimiento al tiempo que reduce el mantenimiento, y la eliminaci\u00f3n de sistemas de aire comprimido ionizado reduce el consumo de energ\u00eda hasta en un 80%.<\/p>\n\n\n\n<p>\u2022 Evita que part\u00edculas y polvo se adhiera dentro o fuera de las paredes del recipiente<\/p>\n\n\n\n<p>\u2022 Efectua una superficie libre de suciedad, polvo y part\u00edculas para mejorar el acabado superficial<\/p>\n\n\n\n<p><strong>Reemplace el enjuague por Agua<\/strong><\/p>\n\n\n\n<p>\u2022 El sistema de aire ionizada enjuaga eficazmente botellas, latas y otras superficies utilizando aire ionizado a alta velocidad. \u00a1No se necesita agua!<\/p>\n\n\n\n<p>\u2022 El sistema de alta eficiencia de Paxton significa bajo costes de energ\u00eda. Cuando se consideran los costes de agua, filtraci\u00f3n y eliminaci\u00f3n, un nuevo sistema de Paxton obtiene un retorno de la inversi\u00f3n en menos de un a\u00f1o.<\/p>\n\n\n\n<p><strong>Reemplace la limpieza por aire comprimido<\/strong><\/p>\n\n\n\n<p>\u2022 Cuando tenga que reducir el uso de aire comprimido sin sacrificar la calidad del producto, el sistema de aire ionizado sobresale, mientras utiliza un 40 &#8211; 80% menos de energ\u00eda.<\/p>\n\n\n\n<p>\u2022 La alta velocidad del aire junto a una potente ionizaci\u00f3n garantiza una limpieza \u00f3ptima y el rendimiento de enjuague; y el riesgo de contaminaci\u00f3n de agua o aceite causada por el aire comprimido se elimina.<\/p>\n\n\n\n<h2 class=\"wp-block-heading\">Sistema de Aire Ionizado<\/h2>\n\n\n\n<figure class=\"wp-block-table\"><table><tbody><tr><td><strong>Caracter\u00edsticas :<\/strong><\/td><\/tr><tr><td>\u2022&nbsp;Dispositivos de suministro de aire de Acero Inoxidable y accesorios de montaje resistentes a los ambientes de lavado* Filtraci\u00f3n de entrada y salida* Dispositivos de entrega de aire disponibles desde 0.3m &#8211; 3m* Puntas de ionizaci\u00f3n m\u00e1s activas dan un mayor rendimiento de ionizaci\u00f3n* Los puntos de ionizaci\u00f3n est\u00e1n contenidos dentro del colector o una cuchilla para promover la durabilidad, seguridad y una barra ionizante siempre limpias* El sistema incluye un soplador Paxton de la serie AT o de la serie XT, respaldado por una garant\u00eda de tres a\u00f1os* Sistemas de enjuague de botellas y latas llave en mano Velocidades de l\u00ednea a 800 bpm y 650 cpm<\/td><\/tr><\/tbody><\/table><\/figure>\n\n\n\n<figure class=\"wp-block-image size-large\"><img loading=\"lazy\" decoding=\"async\" width=\"1024\" height=\"441\" src=\"https:\/\/ttemsa.com\/industria\/wp-content\/uploads\/2024\/03\/Sistemas-de-Aire-Ionizado-equipo-1024x441.jpg\" alt=\"\" class=\"wp-image-2341\" srcset=\"https:\/\/ttemsa.com\/industria\/wp-content\/uploads\/2024\/03\/Sistemas-de-Aire-Ionizado-equipo-1024x441.jpg 1024w, https:\/\/ttemsa.com\/industria\/wp-content\/uploads\/2024\/03\/Sistemas-de-Aire-Ionizado-equipo-300x129.jpg 300w, https:\/\/ttemsa.com\/industria\/wp-content\/uploads\/2024\/03\/Sistemas-de-Aire-Ionizado-equipo-768x331.jpg 768w, https:\/\/ttemsa.com\/industria\/wp-content\/uploads\/2024\/03\/Sistemas-de-Aire-Ionizado-equipo.jpg 1280w\" sizes=\"auto, (max-width: 1024px) 100vw, 1024px\" \/><\/figure>\n\n\n\n<p><strong>Dispositivo de aire ionizado con fuente de alimentaci\u00f3n<\/strong><\/p>\n\n\n\n<p>\u2022 Sistema de Enjuague de Botellas: 64\u201d Dispositivo de entrega aire.<\/p>\n\n\n\n<p>\u2022 Sistema de Enjuague de Latas: 30\u201d Colector de aire.<\/p>\n\n\n\n<p>\u2022 Medidas customizadas desde 30 cm para otras superficies AT- o XT-series Soplador de alta eficiencia Paxton.<\/p>\n\n\n\n<p>\u2022 Hecho para encajar, desde 3 CV &#8211; 20 CV. Incluye 3 a\u00f1os de garant\u00eda Cabina de lavado.<\/p>\n\n\n\n<p>\u2022 Protege el soplador mientras reduce el ruido Filtraci\u00f3n de entrada y de salida.<\/p>\n\n\n\n<p>\u2022 Nanofiltrado para el aire de entrada y salida del soplador.<\/p>\n\n\n\n<p>\u2022 Filtraci\u00f3n HEPA tambi\u00e9n disponible Variador de frecuencia (Opcional) Sistema de aspirado.<\/p>\n\n\n\n<p>Ver\u00a0<a href=\"https:\/\/ttemsa.com\/images\/pdf\/Sistemas-de-Aire-onizado.pdf\" target=\"_blank\" rel=\"noreferrer noopener\">Cat\u00e1logo en Espa\u00f1ol<\/a><\/p>\n","protected":false},"excerpt":{"rendered":"<p>El sistema de aire ionizado establece el est\u00e1ndar para una nueva generaci\u00f3n de limpieza por aire, disipar las cargas est\u00e1ticas que causan la suciedad, el polvo y los contaminantes a que se adhieran a las superficies al tiempo que reduce dr\u00e1sticamente el consumo de energ\u00eda y eliminando el uso del agua. El rendimiento de limpieza [&hellip;]<\/p>\n","protected":false},"author":1,"featured_media":0,"parent":14,"menu_order":0,"comment_status":"closed","ping_status":"closed","template":"","meta":{"content-type":"","footnotes":""},"categories":[19],"tags":[],"class_list":["post-1741","page","type-page","status-publish","hentry","category-paxton-2018"],"yoast_head":"<!-- This site is optimized with the Yoast SEO plugin v26.6 - https:\/\/yoast.com\/wordpress\/plugins\/seo\/ -->\n<title>SISTEMAS DE AIRE IONIZADO - industria-de-la-conversion.ttemsa<\/title>\n<meta name=\"description\" content=\"El sistema de aire ionizado establece el est\u00e1ndar para una nueva generaci\u00f3n de limpieza por aire, disipar las cargas est\u00e1ticas, En ttemsa ofrecemos Soluciones. Solicite + info Tel\u00e9fonos: + 52 (55) 5352-0191 5352-1301 5352-6070 5352-0593\" \/>\n<meta name=\"robots\" content=\"index, follow, max-snippet:-1, max-image-preview:large, max-video-preview:-1\" \/>\n<link rel=\"canonical\" href=\"https:\/\/ttemsa.com\/industria\/index.php\/paxton-2018\/sistemas-de-aire-ionizado\/\" \/>\n<meta property=\"og:locale\" content=\"es_MX\" \/>\n<meta property=\"og:type\" content=\"article\" \/>\n<meta property=\"og:title\" content=\"El sistema de aire ionizado establece el est\u00e1ndar para una nueva generaci\u00f3n de limpieza por aire, disipar las cargas est\u00e1ticas,\" \/>\n<meta property=\"og:description\" content=\"En ttemsa ofrecemos Soluciones. Solicite + info Tel\u00e9fonos: + 52 (55) 5352-0191 5352-1301 5352-6070 5352-0593\" \/>\n<meta property=\"og:url\" content=\"https:\/\/ttemsa.com\/industria\/index.php\/paxton-2018\/sistemas-de-aire-ionizado\/\" \/>\n<meta property=\"og:site_name\" content=\"industria-de-la-conversion.ttemsa\" \/>\n<meta property=\"article:modified_time\" content=\"2024-03-06T12:59:34+00:00\" \/>\n<meta property=\"og:image\" content=\"https:\/\/ttemsa.com\/industria\/wp-content\/uploads\/2024\/03\/Sistemas-de-Aire-Ionizado.jpg\" \/>\n\t<meta property=\"og:image:width\" content=\"563\" \/>\n\t<meta property=\"og:image:height\" content=\"398\" \/>\n\t<meta property=\"og:image:type\" content=\"image\/jpeg\" \/>\n<meta name=\"twitter:card\" content=\"summary_large_image\" \/>\n<meta name=\"twitter:label1\" content=\"Tiempo de lectura\" \/>\n\t<meta name=\"twitter:data1\" content=\"4 minutos\" \/>\n<script type=\"application\/ld+json\" class=\"yoast-schema-graph\">{\"@context\":\"https:\/\/schema.org\",\"@graph\":[{\"@type\":\"WebPage\",\"@id\":\"https:\/\/ttemsa.com\/industria\/index.php\/paxton-2018\/sistemas-de-aire-ionizado\/\",\"url\":\"https:\/\/ttemsa.com\/industria\/index.php\/paxton-2018\/sistemas-de-aire-ionizado\/\",\"name\":\"SISTEMAS DE AIRE IONIZADO - industria-de-la-conversion.ttemsa\",\"isPartOf\":{\"@id\":\"https:\/\/ttemsa.com\/industria\/#website\"},\"primaryImageOfPage\":{\"@id\":\"https:\/\/ttemsa.com\/industria\/index.php\/paxton-2018\/sistemas-de-aire-ionizado\/#primaryimage\"},\"image\":{\"@id\":\"https:\/\/ttemsa.com\/industria\/index.php\/paxton-2018\/sistemas-de-aire-ionizado\/#primaryimage\"},\"thumbnailUrl\":\"https:\/\/ttemsa.com\/industria\/wp-content\/uploads\/2024\/03\/Sistemas-de-Aire-Ionizado.jpg\",\"datePublished\":\"2024-03-01T21:31:17+00:00\",\"dateModified\":\"2024-03-06T12:59:34+00:00\",\"description\":\"El sistema de aire ionizado establece el est\u00e1ndar para una nueva generaci\u00f3n de limpieza por aire, disipar las cargas est\u00e1ticas, En ttemsa ofrecemos Soluciones. Solicite + info Tel\u00e9fonos: + 52 (55) 5352-0191 5352-1301 5352-6070 5352-0593\",\"breadcrumb\":{\"@id\":\"https:\/\/ttemsa.com\/industria\/index.php\/paxton-2018\/sistemas-de-aire-ionizado\/#breadcrumb\"},\"inLanguage\":\"es\",\"potentialAction\":[{\"@type\":\"ReadAction\",\"target\":[\"https:\/\/ttemsa.com\/industria\/index.php\/paxton-2018\/sistemas-de-aire-ionizado\/\"]}]},{\"@type\":\"ImageObject\",\"inLanguage\":\"es\",\"@id\":\"https:\/\/ttemsa.com\/industria\/index.php\/paxton-2018\/sistemas-de-aire-ionizado\/#primaryimage\",\"url\":\"https:\/\/ttemsa.com\/industria\/wp-content\/uploads\/2024\/03\/Sistemas-de-Aire-Ionizado.jpg\",\"contentUrl\":\"https:\/\/ttemsa.com\/industria\/wp-content\/uploads\/2024\/03\/Sistemas-de-Aire-Ionizado.jpg\",\"width\":563,\"height\":398,\"caption\":\"Plastic bottle on the conveyor\"},{\"@type\":\"BreadcrumbList\",\"@id\":\"https:\/\/ttemsa.com\/industria\/index.php\/paxton-2018\/sistemas-de-aire-ionizado\/#breadcrumb\",\"itemListElement\":[{\"@type\":\"ListItem\",\"position\":1,\"name\":\"Inicio\",\"item\":\"https:\/\/ttemsa.com\/industria\/\"},{\"@type\":\"ListItem\",\"position\":2,\"name\":\"PAXTON\",\"item\":\"https:\/\/ttemsa.com\/industria\/index.php\/paxton-2018\/\"},{\"@type\":\"ListItem\",\"position\":3,\"name\":\"SISTEMAS DE AIRE IONIZADO\"}]},{\"@type\":\"WebSite\",\"@id\":\"https:\/\/ttemsa.com\/industria\/#website\",\"url\":\"https:\/\/ttemsa.com\/industria\/\",\"name\":\"industria-de-la-conversion.ttemsa\",\"description\":\"Designed Dianalacazadora.com\",\"alternateName\":\"ttemsa l\u00edderes en la industria de la conversi\u00f3n\",\"potentialAction\":[{\"@type\":\"SearchAction\",\"target\":{\"@type\":\"EntryPoint\",\"urlTemplate\":\"https:\/\/ttemsa.com\/industria\/?s={search_term_string}\"},\"query-input\":{\"@type\":\"PropertyValueSpecification\",\"valueRequired\":true,\"valueName\":\"search_term_string\"}}],\"inLanguage\":\"es\"}]}<\/script>\n<!-- \/ Yoast SEO plugin. -->","yoast_head_json":{"title":"SISTEMAS DE AIRE IONIZADO - industria-de-la-conversion.ttemsa","description":"El sistema de aire ionizado establece el est\u00e1ndar para una nueva generaci\u00f3n de limpieza por aire, disipar las cargas est\u00e1ticas, En ttemsa ofrecemos Soluciones. Solicite + info Tel\u00e9fonos: + 52 (55) 5352-0191 5352-1301 5352-6070 5352-0593","robots":{"index":"index","follow":"follow","max-snippet":"max-snippet:-1","max-image-preview":"max-image-preview:large","max-video-preview":"max-video-preview:-1"},"canonical":"https:\/\/ttemsa.com\/industria\/index.php\/paxton-2018\/sistemas-de-aire-ionizado\/","og_locale":"es_MX","og_type":"article","og_title":"El sistema de aire ionizado establece el est\u00e1ndar para una nueva generaci\u00f3n de limpieza por aire, disipar las cargas est\u00e1ticas,","og_description":"En ttemsa ofrecemos Soluciones. Solicite + info Tel\u00e9fonos: + 52 (55) 5352-0191 5352-1301 5352-6070 5352-0593","og_url":"https:\/\/ttemsa.com\/industria\/index.php\/paxton-2018\/sistemas-de-aire-ionizado\/","og_site_name":"industria-de-la-conversion.ttemsa","article_modified_time":"2024-03-06T12:59:34+00:00","og_image":[{"width":563,"height":398,"url":"https:\/\/ttemsa.com\/industria\/wp-content\/uploads\/2024\/03\/Sistemas-de-Aire-Ionizado.jpg","type":"image\/jpeg"}],"twitter_card":"summary_large_image","twitter_misc":{"Tiempo de lectura":"4 minutos"},"schema":{"@context":"https:\/\/schema.org","@graph":[{"@type":"WebPage","@id":"https:\/\/ttemsa.com\/industria\/index.php\/paxton-2018\/sistemas-de-aire-ionizado\/","url":"https:\/\/ttemsa.com\/industria\/index.php\/paxton-2018\/sistemas-de-aire-ionizado\/","name":"SISTEMAS DE AIRE IONIZADO - industria-de-la-conversion.ttemsa","isPartOf":{"@id":"https:\/\/ttemsa.com\/industria\/#website"},"primaryImageOfPage":{"@id":"https:\/\/ttemsa.com\/industria\/index.php\/paxton-2018\/sistemas-de-aire-ionizado\/#primaryimage"},"image":{"@id":"https:\/\/ttemsa.com\/industria\/index.php\/paxton-2018\/sistemas-de-aire-ionizado\/#primaryimage"},"thumbnailUrl":"https:\/\/ttemsa.com\/industria\/wp-content\/uploads\/2024\/03\/Sistemas-de-Aire-Ionizado.jpg","datePublished":"2024-03-01T21:31:17+00:00","dateModified":"2024-03-06T12:59:34+00:00","description":"El sistema de aire ionizado establece el est\u00e1ndar para una nueva generaci\u00f3n de limpieza por aire, disipar las cargas est\u00e1ticas, En ttemsa ofrecemos Soluciones. Solicite + info Tel\u00e9fonos: + 52 (55) 5352-0191 5352-1301 5352-6070 5352-0593","breadcrumb":{"@id":"https:\/\/ttemsa.com\/industria\/index.php\/paxton-2018\/sistemas-de-aire-ionizado\/#breadcrumb"},"inLanguage":"es","potentialAction":[{"@type":"ReadAction","target":["https:\/\/ttemsa.com\/industria\/index.php\/paxton-2018\/sistemas-de-aire-ionizado\/"]}]},{"@type":"ImageObject","inLanguage":"es","@id":"https:\/\/ttemsa.com\/industria\/index.php\/paxton-2018\/sistemas-de-aire-ionizado\/#primaryimage","url":"https:\/\/ttemsa.com\/industria\/wp-content\/uploads\/2024\/03\/Sistemas-de-Aire-Ionizado.jpg","contentUrl":"https:\/\/ttemsa.com\/industria\/wp-content\/uploads\/2024\/03\/Sistemas-de-Aire-Ionizado.jpg","width":563,"height":398,"caption":"Plastic bottle on the conveyor"},{"@type":"BreadcrumbList","@id":"https:\/\/ttemsa.com\/industria\/index.php\/paxton-2018\/sistemas-de-aire-ionizado\/#breadcrumb","itemListElement":[{"@type":"ListItem","position":1,"name":"Inicio","item":"https:\/\/ttemsa.com\/industria\/"},{"@type":"ListItem","position":2,"name":"PAXTON","item":"https:\/\/ttemsa.com\/industria\/index.php\/paxton-2018\/"},{"@type":"ListItem","position":3,"name":"SISTEMAS DE AIRE IONIZADO"}]},{"@type":"WebSite","@id":"https:\/\/ttemsa.com\/industria\/#website","url":"https:\/\/ttemsa.com\/industria\/","name":"industria-de-la-conversion.ttemsa","description":"Designed Dianalacazadora.com","alternateName":"ttemsa l\u00edderes en la industria de la conversi\u00f3n","potentialAction":[{"@type":"SearchAction","target":{"@type":"EntryPoint","urlTemplate":"https:\/\/ttemsa.com\/industria\/?s={search_term_string}"},"query-input":{"@type":"PropertyValueSpecification","valueRequired":true,"valueName":"search_term_string"}}],"inLanguage":"es"}]}},"_links":{"self":[{"href":"https:\/\/ttemsa.com\/industria\/index.php\/wp-json\/wp\/v2\/pages\/1741","targetHints":{"allow":["GET"]}}],"collection":[{"href":"https:\/\/ttemsa.com\/industria\/index.php\/wp-json\/wp\/v2\/pages"}],"about":[{"href":"https:\/\/ttemsa.com\/industria\/index.php\/wp-json\/wp\/v2\/types\/page"}],"author":[{"embeddable":true,"href":"https:\/\/ttemsa.com\/industria\/index.php\/wp-json\/wp\/v2\/users\/1"}],"replies":[{"embeddable":true,"href":"https:\/\/ttemsa.com\/industria\/index.php\/wp-json\/wp\/v2\/comments?post=1741"}],"version-history":[{"count":2,"href":"https:\/\/ttemsa.com\/industria\/index.php\/wp-json\/wp\/v2\/pages\/1741\/revisions"}],"predecessor-version":[{"id":2342,"href":"https:\/\/ttemsa.com\/industria\/index.php\/wp-json\/wp\/v2\/pages\/1741\/revisions\/2342"}],"up":[{"embeddable":true,"href":"https:\/\/ttemsa.com\/industria\/index.php\/wp-json\/wp\/v2\/pages\/14"}],"wp:attachment":[{"href":"https:\/\/ttemsa.com\/industria\/index.php\/wp-json\/wp\/v2\/media?parent=1741"}],"wp:term":[{"taxonomy":"category","embeddable":true,"href":"https:\/\/ttemsa.com\/industria\/index.php\/wp-json\/wp\/v2\/categories?post=1741"},{"taxonomy":"post_tag","embeddable":true,"href":"https:\/\/ttemsa.com\/industria\/index.php\/wp-json\/wp\/v2\/tags?post=1741"}],"curies":[{"name":"wp","href":"https:\/\/api.w.org\/{rel}","templated":true}]}}