{"id":1745,"date":"2024-03-01T21:31:51","date_gmt":"2024-03-01T21:31:51","guid":{"rendered":"https:\/\/ttemsa.com\/industria\/index.php\/paxton\/paxton-copy-copy-copy-copy-copy-copy-copy-copy-copy-copy\/"},"modified":"2024-03-06T14:04:08","modified_gmt":"2024-03-06T14:04:08","slug":"extrusiones","status":"publish","type":"page","link":"https:\/\/ttemsa.com\/industria\/index.php\/paxton-2018\/extrusiones\/","title":{"rendered":"EXTRUSIONES"},"content":{"rendered":"<div class=\"wp-block-image\">\n<figure class=\"aligncenter size-full\"><img loading=\"lazy\" decoding=\"async\" width=\"422\" height=\"409\" src=\"https:\/\/ttemsa.com\/industria\/wp-content\/uploads\/2024\/03\/cuchillas-1.jpg\" alt=\"\" class=\"wp-image-2388\" srcset=\"https:\/\/ttemsa.com\/industria\/wp-content\/uploads\/2024\/03\/cuchillas-1.jpg 422w, https:\/\/ttemsa.com\/industria\/wp-content\/uploads\/2024\/03\/cuchillas-1-300x291.jpg 300w\" sizes=\"auto, (max-width: 422px) 100vw, 422px\" \/><\/figure>\n<\/div>\n\n<div class=\"wp-block-image\">\n<figure class=\"aligncenter size-full is-resized\"><img loading=\"lazy\" decoding=\"async\" width=\"410\" height=\"123\" src=\"https:\/\/ttemsa.com\/industria\/wp-content\/uploads\/2024\/03\/paxtonlogo.jpg\" alt=\"\" class=\"wp-image-2334\" style=\"width:213px;height:auto\" srcset=\"https:\/\/ttemsa.com\/industria\/wp-content\/uploads\/2024\/03\/paxtonlogo.jpg 410w, https:\/\/ttemsa.com\/industria\/wp-content\/uploads\/2024\/03\/paxtonlogo-300x90.jpg 300w\" sizes=\"auto, (max-width: 410px) 100vw, 410px\" \/><\/figure>\n<\/div>\n\n\n<p>Un soplado r\u00e1pido y efectivo es fundamental para mantener las tasas de producci\u00f3n.<\/p>\n\n\n\n<p>Los sistemas de secado Paxton no s\u00f3lo soplan r\u00e1pido, si no que mejoran la calidad mediante la eliminaci\u00f3n de aceites y escalas asociadas con aire comprimido y\u00a0los Sistemas Paxton de secado utilizan 1\/5 de la energ\u00eda que los sistemas de aire comprimido. Con la m\u00e1xima calidad y el consumo de energ\u00eda m\u00e1s bajo garantizado.<\/p>\n\n\n\n<figure class=\"wp-block-image size-full\"><img loading=\"lazy\" decoding=\"async\" width=\"755\" height=\"474\" src=\"https:\/\/ttemsa.com\/industria\/wp-content\/uploads\/2024\/03\/Paxton-Blow-Air.jpg\" alt=\"\" class=\"wp-image-2390\" srcset=\"https:\/\/ttemsa.com\/industria\/wp-content\/uploads\/2024\/03\/Paxton-Blow-Air.jpg 755w, https:\/\/ttemsa.com\/industria\/wp-content\/uploads\/2024\/03\/Paxton-Blow-Air-300x188.jpg 300w\" sizes=\"auto, (max-width: 755px) 100vw, 755px\" \/><\/figure>\n\n\n\n<p><strong>Productos Paxton utilizados:<\/strong><\/p>\n\n\n<div class=\"wp-block-image\">\n<figure class=\"alignleft size-large is-resized\"><img loading=\"lazy\" decoding=\"async\" width=\"505\" height=\"1024\" src=\"https:\/\/ttemsa.com\/industria\/wp-content\/uploads\/2024\/03\/extrusion-505x1024.jpg\" alt=\"\" class=\"wp-image-2391\" style=\"width:216px;height:auto\" srcset=\"https:\/\/ttemsa.com\/industria\/wp-content\/uploads\/2024\/03\/extrusion-505x1024.jpg 505w, https:\/\/ttemsa.com\/industria\/wp-content\/uploads\/2024\/03\/extrusion-148x300.jpg 148w, https:\/\/ttemsa.com\/industria\/wp-content\/uploads\/2024\/03\/extrusion.jpg 530w\" sizes=\"auto, (max-width: 505px) 100vw, 505px\" \/><\/figure>\n<\/div>\n\n\n<p><\/p>\n\n\n\n<p><\/p>\n\n\n\n<ul class=\"wp-block-list\">\n<li>Los sopladores Paxton de la serie AT y la serie XT est\u00e1n configurados con dispositivos de entrega de aire para el soplado y el secado<\/li>\n\n\n\n<li>Los cuchillos de aire proporcionan una corriente de aire continua a trav\u00e9s de la superficie del objetivo<\/li>\n\n\n\n<li>El sistema de aire ionizado Paxton elimina el polvo y las part\u00edculas adheridas<\/li>\n<\/ul>\n\n\n\n<figure class=\"wp-block-image size-large\"><img loading=\"lazy\" decoding=\"async\" width=\"1024\" height=\"678\" src=\"https:\/\/ttemsa.com\/industria\/wp-content\/uploads\/2024\/03\/tabla-extrusiones-1024x678.jpg\" alt=\"\" class=\"wp-image-2392\" srcset=\"https:\/\/ttemsa.com\/industria\/wp-content\/uploads\/2024\/03\/tabla-extrusiones-1024x678.jpg 1024w, https:\/\/ttemsa.com\/industria\/wp-content\/uploads\/2024\/03\/tabla-extrusiones-300x199.jpg 300w, https:\/\/ttemsa.com\/industria\/wp-content\/uploads\/2024\/03\/tabla-extrusiones-768x509.jpg 768w, https:\/\/ttemsa.com\/industria\/wp-content\/uploads\/2024\/03\/tabla-extrusiones.jpg 1350w\" sizes=\"auto, (max-width: 1024px) 100vw, 1024px\" \/><\/figure>\n","protected":false},"excerpt":{"rendered":"<p>Un soplado r\u00e1pido y efectivo es fundamental para mantener las tasas de producci\u00f3n. Los sistemas de secado Paxton no s\u00f3lo soplan r\u00e1pido, si no que mejoran la calidad mediante la eliminaci\u00f3n de aceites y escalas asociadas con aire comprimido y\u00a0los Sistemas Paxton de secado utilizan 1\/5 de la energ\u00eda que los sistemas de aire comprimido. [&hellip;]<\/p>\n","protected":false},"author":1,"featured_media":0,"parent":14,"menu_order":0,"comment_status":"closed","ping_status":"closed","template":"","meta":{"content-type":"","footnotes":""},"categories":[19],"tags":[],"class_list":["post-1745","page","type-page","status-publish","hentry","category-paxton-2018"],"yoast_head":"<!-- This site is optimized with the Yoast SEO plugin v26.6 - https:\/\/yoast.com\/wordpress\/plugins\/seo\/ -->\n<title>EXTRUSIONES - industria-de-la-conversion.ttemsa<\/title>\n<meta name=\"description\" content=\"ExtrusionesUn soplado r\u00e1pido y efectivo es fundamental para mantener las tasas de producci\u00f3n. En ttemsa ofrecemos Soluciones. Solicite + info Tel\u00e9fonos: + 52 (55) 5352-0191 5352-1301 5352-6070 5352-0593\" \/>\n<meta name=\"robots\" content=\"index, follow, max-snippet:-1, max-image-preview:large, max-video-preview:-1\" \/>\n<link rel=\"canonical\" href=\"https:\/\/ttemsa.com\/industria\/index.php\/paxton-2018\/extrusiones\/\" \/>\n<meta property=\"og:locale\" content=\"es_MX\" \/>\n<meta property=\"og:type\" content=\"article\" \/>\n<meta property=\"og:title\" content=\"ExtrusionesUn soplado r\u00e1pido y efectivo es fundamental para mantener las tasas de producci\u00f3n.\" \/>\n<meta property=\"og:description\" content=\"En ttemsa ofrecemos Soluciones. Solicite + info Tel\u00e9fonos: + 52 (55) 5352-0191 5352-1301 5352-6070 5352-0593\" \/>\n<meta property=\"og:url\" content=\"https:\/\/ttemsa.com\/industria\/index.php\/paxton-2018\/extrusiones\/\" \/>\n<meta property=\"og:site_name\" content=\"industria-de-la-conversion.ttemsa\" \/>\n<meta property=\"article:modified_time\" content=\"2024-03-06T14:04:08+00:00\" \/>\n<meta property=\"og:image\" content=\"https:\/\/ttemsa.com\/industria\/wp-content\/uploads\/2024\/03\/Paxton-Blow-Air.jpg\" \/>\n\t<meta property=\"og:image:width\" content=\"755\" \/>\n\t<meta property=\"og:image:height\" content=\"474\" \/>\n\t<meta property=\"og:image:type\" content=\"image\/jpeg\" \/>\n<meta name=\"twitter:card\" content=\"summary_large_image\" \/>\n<meta name=\"twitter:label1\" content=\"Tiempo de lectura\" \/>\n\t<meta name=\"twitter:data1\" content=\"2 minutos\" \/>\n<script type=\"application\/ld+json\" class=\"yoast-schema-graph\">{\"@context\":\"https:\/\/schema.org\",\"@graph\":[{\"@type\":\"WebPage\",\"@id\":\"https:\/\/ttemsa.com\/industria\/index.php\/paxton-2018\/extrusiones\/\",\"url\":\"https:\/\/ttemsa.com\/industria\/index.php\/paxton-2018\/extrusiones\/\",\"name\":\"EXTRUSIONES - industria-de-la-conversion.ttemsa\",\"isPartOf\":{\"@id\":\"https:\/\/ttemsa.com\/industria\/#website\"},\"primaryImageOfPage\":{\"@id\":\"https:\/\/ttemsa.com\/industria\/index.php\/paxton-2018\/extrusiones\/#primaryimage\"},\"image\":{\"@id\":\"https:\/\/ttemsa.com\/industria\/index.php\/paxton-2018\/extrusiones\/#primaryimage\"},\"thumbnailUrl\":\"https:\/\/ttemsa.com\/industria\/wp-content\/uploads\/2024\/03\/cuchillas-1.jpg\",\"datePublished\":\"2024-03-01T21:31:51+00:00\",\"dateModified\":\"2024-03-06T14:04:08+00:00\",\"description\":\"ExtrusionesUn soplado r\u00e1pido y efectivo es fundamental para mantener las tasas de producci\u00f3n. En ttemsa ofrecemos Soluciones. Solicite + info Tel\u00e9fonos: + 52 (55) 5352-0191 5352-1301 5352-6070 5352-0593\",\"breadcrumb\":{\"@id\":\"https:\/\/ttemsa.com\/industria\/index.php\/paxton-2018\/extrusiones\/#breadcrumb\"},\"inLanguage\":\"es\",\"potentialAction\":[{\"@type\":\"ReadAction\",\"target\":[\"https:\/\/ttemsa.com\/industria\/index.php\/paxton-2018\/extrusiones\/\"]}]},{\"@type\":\"ImageObject\",\"inLanguage\":\"es\",\"@id\":\"https:\/\/ttemsa.com\/industria\/index.php\/paxton-2018\/extrusiones\/#primaryimage\",\"url\":\"https:\/\/ttemsa.com\/industria\/wp-content\/uploads\/2024\/03\/cuchillas-1.jpg\",\"contentUrl\":\"https:\/\/ttemsa.com\/industria\/wp-content\/uploads\/2024\/03\/cuchillas-1.jpg\",\"width\":422,\"height\":409},{\"@type\":\"BreadcrumbList\",\"@id\":\"https:\/\/ttemsa.com\/industria\/index.php\/paxton-2018\/extrusiones\/#breadcrumb\",\"itemListElement\":[{\"@type\":\"ListItem\",\"position\":1,\"name\":\"Inicio\",\"item\":\"https:\/\/ttemsa.com\/industria\/\"},{\"@type\":\"ListItem\",\"position\":2,\"name\":\"PAXTON\",\"item\":\"https:\/\/ttemsa.com\/industria\/index.php\/paxton-2018\/\"},{\"@type\":\"ListItem\",\"position\":3,\"name\":\"EXTRUSIONES\"}]},{\"@type\":\"WebSite\",\"@id\":\"https:\/\/ttemsa.com\/industria\/#website\",\"url\":\"https:\/\/ttemsa.com\/industria\/\",\"name\":\"industria-de-la-conversion.ttemsa\",\"description\":\"Designed Dianalacazadora.com\",\"alternateName\":\"ttemsa l\u00edderes en la industria de la conversi\u00f3n\",\"potentialAction\":[{\"@type\":\"SearchAction\",\"target\":{\"@type\":\"EntryPoint\",\"urlTemplate\":\"https:\/\/ttemsa.com\/industria\/?s={search_term_string}\"},\"query-input\":{\"@type\":\"PropertyValueSpecification\",\"valueRequired\":true,\"valueName\":\"search_term_string\"}}],\"inLanguage\":\"es\"}]}<\/script>\n<!-- \/ Yoast SEO plugin. -->","yoast_head_json":{"title":"EXTRUSIONES - industria-de-la-conversion.ttemsa","description":"ExtrusionesUn soplado r\u00e1pido y efectivo es fundamental para mantener las tasas de producci\u00f3n. En ttemsa ofrecemos Soluciones. Solicite + info Tel\u00e9fonos: + 52 (55) 5352-0191 5352-1301 5352-6070 5352-0593","robots":{"index":"index","follow":"follow","max-snippet":"max-snippet:-1","max-image-preview":"max-image-preview:large","max-video-preview":"max-video-preview:-1"},"canonical":"https:\/\/ttemsa.com\/industria\/index.php\/paxton-2018\/extrusiones\/","og_locale":"es_MX","og_type":"article","og_title":"ExtrusionesUn soplado r\u00e1pido y efectivo es fundamental para mantener las tasas de producci\u00f3n.","og_description":"En ttemsa ofrecemos Soluciones. Solicite + info Tel\u00e9fonos: + 52 (55) 5352-0191 5352-1301 5352-6070 5352-0593","og_url":"https:\/\/ttemsa.com\/industria\/index.php\/paxton-2018\/extrusiones\/","og_site_name":"industria-de-la-conversion.ttemsa","article_modified_time":"2024-03-06T14:04:08+00:00","og_image":[{"width":755,"height":474,"url":"https:\/\/ttemsa.com\/industria\/wp-content\/uploads\/2024\/03\/Paxton-Blow-Air.jpg","type":"image\/jpeg"}],"twitter_card":"summary_large_image","twitter_misc":{"Tiempo de lectura":"2 minutos"},"schema":{"@context":"https:\/\/schema.org","@graph":[{"@type":"WebPage","@id":"https:\/\/ttemsa.com\/industria\/index.php\/paxton-2018\/extrusiones\/","url":"https:\/\/ttemsa.com\/industria\/index.php\/paxton-2018\/extrusiones\/","name":"EXTRUSIONES - industria-de-la-conversion.ttemsa","isPartOf":{"@id":"https:\/\/ttemsa.com\/industria\/#website"},"primaryImageOfPage":{"@id":"https:\/\/ttemsa.com\/industria\/index.php\/paxton-2018\/extrusiones\/#primaryimage"},"image":{"@id":"https:\/\/ttemsa.com\/industria\/index.php\/paxton-2018\/extrusiones\/#primaryimage"},"thumbnailUrl":"https:\/\/ttemsa.com\/industria\/wp-content\/uploads\/2024\/03\/cuchillas-1.jpg","datePublished":"2024-03-01T21:31:51+00:00","dateModified":"2024-03-06T14:04:08+00:00","description":"ExtrusionesUn soplado r\u00e1pido y efectivo es fundamental para mantener las tasas de producci\u00f3n. En ttemsa ofrecemos Soluciones. Solicite + info Tel\u00e9fonos: + 52 (55) 5352-0191 5352-1301 5352-6070 5352-0593","breadcrumb":{"@id":"https:\/\/ttemsa.com\/industria\/index.php\/paxton-2018\/extrusiones\/#breadcrumb"},"inLanguage":"es","potentialAction":[{"@type":"ReadAction","target":["https:\/\/ttemsa.com\/industria\/index.php\/paxton-2018\/extrusiones\/"]}]},{"@type":"ImageObject","inLanguage":"es","@id":"https:\/\/ttemsa.com\/industria\/index.php\/paxton-2018\/extrusiones\/#primaryimage","url":"https:\/\/ttemsa.com\/industria\/wp-content\/uploads\/2024\/03\/cuchillas-1.jpg","contentUrl":"https:\/\/ttemsa.com\/industria\/wp-content\/uploads\/2024\/03\/cuchillas-1.jpg","width":422,"height":409},{"@type":"BreadcrumbList","@id":"https:\/\/ttemsa.com\/industria\/index.php\/paxton-2018\/extrusiones\/#breadcrumb","itemListElement":[{"@type":"ListItem","position":1,"name":"Inicio","item":"https:\/\/ttemsa.com\/industria\/"},{"@type":"ListItem","position":2,"name":"PAXTON","item":"https:\/\/ttemsa.com\/industria\/index.php\/paxton-2018\/"},{"@type":"ListItem","position":3,"name":"EXTRUSIONES"}]},{"@type":"WebSite","@id":"https:\/\/ttemsa.com\/industria\/#website","url":"https:\/\/ttemsa.com\/industria\/","name":"industria-de-la-conversion.ttemsa","description":"Designed Dianalacazadora.com","alternateName":"ttemsa l\u00edderes en la industria de la conversi\u00f3n","potentialAction":[{"@type":"SearchAction","target":{"@type":"EntryPoint","urlTemplate":"https:\/\/ttemsa.com\/industria\/?s={search_term_string}"},"query-input":{"@type":"PropertyValueSpecification","valueRequired":true,"valueName":"search_term_string"}}],"inLanguage":"es"}]}},"_links":{"self":[{"href":"https:\/\/ttemsa.com\/industria\/index.php\/wp-json\/wp\/v2\/pages\/1745","targetHints":{"allow":["GET"]}}],"collection":[{"href":"https:\/\/ttemsa.com\/industria\/index.php\/wp-json\/wp\/v2\/pages"}],"about":[{"href":"https:\/\/ttemsa.com\/industria\/index.php\/wp-json\/wp\/v2\/types\/page"}],"author":[{"embeddable":true,"href":"https:\/\/ttemsa.com\/industria\/index.php\/wp-json\/wp\/v2\/users\/1"}],"replies":[{"embeddable":true,"href":"https:\/\/ttemsa.com\/industria\/index.php\/wp-json\/wp\/v2\/comments?post=1745"}],"version-history":[{"count":2,"href":"https:\/\/ttemsa.com\/industria\/index.php\/wp-json\/wp\/v2\/pages\/1745\/revisions"}],"predecessor-version":[{"id":2393,"href":"https:\/\/ttemsa.com\/industria\/index.php\/wp-json\/wp\/v2\/pages\/1745\/revisions\/2393"}],"up":[{"embeddable":true,"href":"https:\/\/ttemsa.com\/industria\/index.php\/wp-json\/wp\/v2\/pages\/14"}],"wp:attachment":[{"href":"https:\/\/ttemsa.com\/industria\/index.php\/wp-json\/wp\/v2\/media?parent=1745"}],"wp:term":[{"taxonomy":"category","embeddable":true,"href":"https:\/\/ttemsa.com\/industria\/index.php\/wp-json\/wp\/v2\/categories?post=1745"},{"taxonomy":"post_tag","embeddable":true,"href":"https:\/\/ttemsa.com\/industria\/index.php\/wp-json\/wp\/v2\/tags?post=1745"}],"curies":[{"name":"wp","href":"https:\/\/api.w.org\/{rel}","templated":true}]}}