{"id":1746,"date":"2024-03-01T21:31:57","date_gmt":"2024-03-01T21:31:57","guid":{"rendered":"https:\/\/ttemsa.com\/industria\/index.php\/paxton\/paxton-copy-copy-copy-copy-copy-copy-2\/"},"modified":"2024-09-11T14:57:26","modified_gmt":"2024-09-11T14:57:26","slug":"158-cabina-de-los-dispositivos-de-entrega-de-aire","status":"publish","type":"page","link":"https:\/\/ttemsa.com\/industria\/index.php\/paxton-2018\/34-paxton-dispositivos-de-entrega-de-aire\/158-cabina-de-los-dispositivos-de-entrega-de-aire\/","title":{"rendered":"Cabina Dispositivos entrega de aire"},"content":{"rendered":"<div class=\"wp-block-image\">\n<figure class=\"aligncenter size-full is-resized\"><img loading=\"lazy\" decoding=\"async\" width=\"603\" height=\"661\" src=\"https:\/\/ttemsa.com\/industria\/wp-content\/uploads\/2024\/03\/1p3.png\" alt=\"\" class=\"wp-image-2356\" style=\"width:393px;height:auto\" srcset=\"https:\/\/ttemsa.com\/industria\/wp-content\/uploads\/2024\/03\/1p3.png 603w, https:\/\/ttemsa.com\/industria\/wp-content\/uploads\/2024\/03\/1p3-274x300.png 274w\" sizes=\"auto, (max-width: 603px) 100vw, 603px\" \/><\/figure>\n<\/div>\n\n<div class=\"wp-block-image\">\n<figure class=\"aligncenter size-full is-resized\"><img loading=\"lazy\" decoding=\"async\" width=\"410\" height=\"123\" src=\"https:\/\/ttemsa.com\/industria\/wp-content\/uploads\/2024\/03\/paxtonlogo.jpg\" alt=\"\" class=\"wp-image-2334\" style=\"width:312px;height:auto\" srcset=\"https:\/\/ttemsa.com\/industria\/wp-content\/uploads\/2024\/03\/paxtonlogo.jpg 410w, https:\/\/ttemsa.com\/industria\/wp-content\/uploads\/2024\/03\/paxtonlogo-300x90.jpg 300w\" sizes=\"auto, (max-width: 410px) 100vw, 410px\" \/><\/figure>\n<\/div>\n\n\n<p>Cabina construidos en acero inoxidable, proporcionan contenci\u00f3n de agua, aire y de sonido en el proceso de secado.<\/p>\n\n\n\n<p>Estos recintos mantienen el agua contenida en el interior del recinto, eliminando cualquier problema de seguridad debido a suelos mojados y resbaladizos.<\/p>\n\n\n\n<p>Los cerramientos est\u00e1n dise\u00f1ados a medida para cada aplicaci\u00f3n, lo que garantiza la m\u00e1xima eficacia.<\/p>\n\n\n\n<p>La unidad se monta en las necesidades de l\u00ednea individuales, y se puede configurar para todo tipo de sistemas de transporte.<\/p>\n","protected":false},"excerpt":{"rendered":"<p>Cabina construidos en acero inoxidable, proporcionan contenci\u00f3n de agua, aire y de sonido en el proceso de secado. Estos recintos mantienen el agua contenida en el interior del recinto, eliminando cualquier problema de seguridad debido a suelos mojados y resbaladizos. Los cerramientos est\u00e1n dise\u00f1ados a medida para cada aplicaci\u00f3n, lo que garantiza la m\u00e1xima eficacia. [&hellip;]<\/p>\n","protected":false},"author":1,"featured_media":0,"parent":1733,"menu_order":0,"comment_status":"closed","ping_status":"closed","template":"","meta":{"content-type":"","footnotes":""},"categories":[19],"tags":[],"class_list":["post-1746","page","type-page","status-publish","hentry","category-paxton-2018"],"yoast_head":"<!-- This site is optimized with the Yoast SEO plugin v26.6 - https:\/\/yoast.com\/wordpress\/plugins\/seo\/ -->\n<title>Cabina Dispositivos entrega de aire - industria-de-la-conversion.ttemsa<\/title>\n<meta name=\"description\" content=\"Cabina de los dispositivos de entrega de aire Cabina construidos en acero inoxidable, proporcionan contenci\u00f3n de agua, aire y de sonido en el proceso de secado. En ttemsa ofrecemos Soluciones. Solicite + info Tel\u00e9fonos: + 52 (55) 5352-0191 5352-1301 5352-6070 5352-0593\" \/>\n<meta name=\"robots\" content=\"index, follow, max-snippet:-1, max-image-preview:large, max-video-preview:-1\" \/>\n<link rel=\"canonical\" href=\"https:\/\/ttemsa.com\/industria\/index.php\/paxton-2018\/34-paxton-dispositivos-de-entrega-de-aire\/158-cabina-de-los-dispositivos-de-entrega-de-aire\/\" \/>\n<meta property=\"og:locale\" content=\"es_MX\" \/>\n<meta property=\"og:type\" content=\"article\" \/>\n<meta property=\"og:title\" content=\"Cabina de los dispositivos de entrega de aireCabina construidos en acero inoxidable, proporcionan contenci\u00f3n de agua, aire y de sonido en el proceso de secado.\" \/>\n<meta property=\"og:description\" content=\"Soluciones. Solicite + info Tel\u00e9fonos: + 52 (55) 5352-0191 5352-1301 5352-6070 5352-0593\" \/>\n<meta property=\"og:url\" content=\"https:\/\/ttemsa.com\/industria\/index.php\/paxton-2018\/34-paxton-dispositivos-de-entrega-de-aire\/158-cabina-de-los-dispositivos-de-entrega-de-aire\/\" \/>\n<meta property=\"og:site_name\" content=\"industria-de-la-conversion.ttemsa\" \/>\n<meta property=\"article:modified_time\" content=\"2024-09-11T14:57:26+00:00\" \/>\n<meta property=\"og:image\" content=\"https:\/\/ttemsa.com\/industria\/wp-content\/uploads\/2024\/03\/1p3.png\" \/>\n\t<meta property=\"og:image:width\" content=\"603\" \/>\n\t<meta property=\"og:image:height\" content=\"661\" \/>\n\t<meta property=\"og:image:type\" content=\"image\/png\" \/>\n<meta name=\"twitter:card\" content=\"summary_large_image\" \/>\n<meta name=\"twitter:label1\" content=\"Tiempo de lectura\" \/>\n\t<meta name=\"twitter:data1\" content=\"1 minuto\" \/>\n<script type=\"application\/ld+json\" class=\"yoast-schema-graph\">{\"@context\":\"https:\/\/schema.org\",\"@graph\":[{\"@type\":\"WebPage\",\"@id\":\"https:\/\/ttemsa.com\/industria\/index.php\/paxton-2018\/34-paxton-dispositivos-de-entrega-de-aire\/158-cabina-de-los-dispositivos-de-entrega-de-aire\/\",\"url\":\"https:\/\/ttemsa.com\/industria\/index.php\/paxton-2018\/34-paxton-dispositivos-de-entrega-de-aire\/158-cabina-de-los-dispositivos-de-entrega-de-aire\/\",\"name\":\"Cabina Dispositivos entrega de aire - industria-de-la-conversion.ttemsa\",\"isPartOf\":{\"@id\":\"https:\/\/ttemsa.com\/industria\/#website\"},\"primaryImageOfPage\":{\"@id\":\"https:\/\/ttemsa.com\/industria\/index.php\/paxton-2018\/34-paxton-dispositivos-de-entrega-de-aire\/158-cabina-de-los-dispositivos-de-entrega-de-aire\/#primaryimage\"},\"image\":{\"@id\":\"https:\/\/ttemsa.com\/industria\/index.php\/paxton-2018\/34-paxton-dispositivos-de-entrega-de-aire\/158-cabina-de-los-dispositivos-de-entrega-de-aire\/#primaryimage\"},\"thumbnailUrl\":\"https:\/\/ttemsa.com\/industria\/wp-content\/uploads\/2024\/03\/1p3.png\",\"datePublished\":\"2024-03-01T21:31:57+00:00\",\"dateModified\":\"2024-09-11T14:57:26+00:00\",\"description\":\"Cabina de los dispositivos de entrega de aire Cabina construidos en acero inoxidable, proporcionan contenci\u00f3n de agua, aire y de sonido en el proceso de secado. En ttemsa ofrecemos Soluciones. Solicite + info Tel\u00e9fonos: + 52 (55) 5352-0191 5352-1301 5352-6070 5352-0593\",\"breadcrumb\":{\"@id\":\"https:\/\/ttemsa.com\/industria\/index.php\/paxton-2018\/34-paxton-dispositivos-de-entrega-de-aire\/158-cabina-de-los-dispositivos-de-entrega-de-aire\/#breadcrumb\"},\"inLanguage\":\"es\",\"potentialAction\":[{\"@type\":\"ReadAction\",\"target\":[\"https:\/\/ttemsa.com\/industria\/index.php\/paxton-2018\/34-paxton-dispositivos-de-entrega-de-aire\/158-cabina-de-los-dispositivos-de-entrega-de-aire\/\"]}]},{\"@type\":\"ImageObject\",\"inLanguage\":\"es\",\"@id\":\"https:\/\/ttemsa.com\/industria\/index.php\/paxton-2018\/34-paxton-dispositivos-de-entrega-de-aire\/158-cabina-de-los-dispositivos-de-entrega-de-aire\/#primaryimage\",\"url\":\"https:\/\/ttemsa.com\/industria\/wp-content\/uploads\/2024\/03\/1p3.png\",\"contentUrl\":\"https:\/\/ttemsa.com\/industria\/wp-content\/uploads\/2024\/03\/1p3.png\",\"width\":603,\"height\":661},{\"@type\":\"BreadcrumbList\",\"@id\":\"https:\/\/ttemsa.com\/industria\/index.php\/paxton-2018\/34-paxton-dispositivos-de-entrega-de-aire\/158-cabina-de-los-dispositivos-de-entrega-de-aire\/#breadcrumb\",\"itemListElement\":[{\"@type\":\"ListItem\",\"position\":1,\"name\":\"Inicio\",\"item\":\"https:\/\/ttemsa.com\/industria\/\"},{\"@type\":\"ListItem\",\"position\":2,\"name\":\"PAXTON\",\"item\":\"https:\/\/ttemsa.com\/industria\/index.php\/paxton-2018\/\"},{\"@type\":\"ListItem\",\"position\":3,\"name\":\"34 Boquilla uno\",\"item\":\"https:\/\/ttemsa.com\/industria\/index.php\/paxton-2018\/34-paxton-dispositivos-de-entrega-de-aire\/\"},{\"@type\":\"ListItem\",\"position\":4,\"name\":\"Cabina Dispositivos entrega de aire\"}]},{\"@type\":\"WebSite\",\"@id\":\"https:\/\/ttemsa.com\/industria\/#website\",\"url\":\"https:\/\/ttemsa.com\/industria\/\",\"name\":\"industria-de-la-conversion.ttemsa\",\"description\":\"Designed Dianalacazadora.com\",\"alternateName\":\"ttemsa l\u00edderes en la industria de la conversi\u00f3n\",\"potentialAction\":[{\"@type\":\"SearchAction\",\"target\":{\"@type\":\"EntryPoint\",\"urlTemplate\":\"https:\/\/ttemsa.com\/industria\/?s={search_term_string}\"},\"query-input\":{\"@type\":\"PropertyValueSpecification\",\"valueRequired\":true,\"valueName\":\"search_term_string\"}}],\"inLanguage\":\"es\"}]}<\/script>\n<!-- \/ Yoast SEO plugin. -->","yoast_head_json":{"title":"Cabina Dispositivos entrega de aire - industria-de-la-conversion.ttemsa","description":"Cabina de los dispositivos de entrega de aire Cabina construidos en acero inoxidable, proporcionan contenci\u00f3n de agua, aire y de sonido en el proceso de secado. En ttemsa ofrecemos Soluciones. Solicite + info Tel\u00e9fonos: + 52 (55) 5352-0191 5352-1301 5352-6070 5352-0593","robots":{"index":"index","follow":"follow","max-snippet":"max-snippet:-1","max-image-preview":"max-image-preview:large","max-video-preview":"max-video-preview:-1"},"canonical":"https:\/\/ttemsa.com\/industria\/index.php\/paxton-2018\/34-paxton-dispositivos-de-entrega-de-aire\/158-cabina-de-los-dispositivos-de-entrega-de-aire\/","og_locale":"es_MX","og_type":"article","og_title":"Cabina de los dispositivos de entrega de aireCabina construidos en acero inoxidable, proporcionan contenci\u00f3n de agua, aire y de sonido en el proceso de secado.","og_description":"Soluciones. Solicite + info Tel\u00e9fonos: + 52 (55) 5352-0191 5352-1301 5352-6070 5352-0593","og_url":"https:\/\/ttemsa.com\/industria\/index.php\/paxton-2018\/34-paxton-dispositivos-de-entrega-de-aire\/158-cabina-de-los-dispositivos-de-entrega-de-aire\/","og_site_name":"industria-de-la-conversion.ttemsa","article_modified_time":"2024-09-11T14:57:26+00:00","og_image":[{"width":603,"height":661,"url":"https:\/\/ttemsa.com\/industria\/wp-content\/uploads\/2024\/03\/1p3.png","type":"image\/png"}],"twitter_card":"summary_large_image","twitter_misc":{"Tiempo de lectura":"1 minuto"},"schema":{"@context":"https:\/\/schema.org","@graph":[{"@type":"WebPage","@id":"https:\/\/ttemsa.com\/industria\/index.php\/paxton-2018\/34-paxton-dispositivos-de-entrega-de-aire\/158-cabina-de-los-dispositivos-de-entrega-de-aire\/","url":"https:\/\/ttemsa.com\/industria\/index.php\/paxton-2018\/34-paxton-dispositivos-de-entrega-de-aire\/158-cabina-de-los-dispositivos-de-entrega-de-aire\/","name":"Cabina Dispositivos entrega de aire - industria-de-la-conversion.ttemsa","isPartOf":{"@id":"https:\/\/ttemsa.com\/industria\/#website"},"primaryImageOfPage":{"@id":"https:\/\/ttemsa.com\/industria\/index.php\/paxton-2018\/34-paxton-dispositivos-de-entrega-de-aire\/158-cabina-de-los-dispositivos-de-entrega-de-aire\/#primaryimage"},"image":{"@id":"https:\/\/ttemsa.com\/industria\/index.php\/paxton-2018\/34-paxton-dispositivos-de-entrega-de-aire\/158-cabina-de-los-dispositivos-de-entrega-de-aire\/#primaryimage"},"thumbnailUrl":"https:\/\/ttemsa.com\/industria\/wp-content\/uploads\/2024\/03\/1p3.png","datePublished":"2024-03-01T21:31:57+00:00","dateModified":"2024-09-11T14:57:26+00:00","description":"Cabina de los dispositivos de entrega de aire Cabina construidos en acero inoxidable, proporcionan contenci\u00f3n de agua, aire y de sonido en el proceso de secado. En ttemsa ofrecemos Soluciones. Solicite + info Tel\u00e9fonos: + 52 (55) 5352-0191 5352-1301 5352-6070 5352-0593","breadcrumb":{"@id":"https:\/\/ttemsa.com\/industria\/index.php\/paxton-2018\/34-paxton-dispositivos-de-entrega-de-aire\/158-cabina-de-los-dispositivos-de-entrega-de-aire\/#breadcrumb"},"inLanguage":"es","potentialAction":[{"@type":"ReadAction","target":["https:\/\/ttemsa.com\/industria\/index.php\/paxton-2018\/34-paxton-dispositivos-de-entrega-de-aire\/158-cabina-de-los-dispositivos-de-entrega-de-aire\/"]}]},{"@type":"ImageObject","inLanguage":"es","@id":"https:\/\/ttemsa.com\/industria\/index.php\/paxton-2018\/34-paxton-dispositivos-de-entrega-de-aire\/158-cabina-de-los-dispositivos-de-entrega-de-aire\/#primaryimage","url":"https:\/\/ttemsa.com\/industria\/wp-content\/uploads\/2024\/03\/1p3.png","contentUrl":"https:\/\/ttemsa.com\/industria\/wp-content\/uploads\/2024\/03\/1p3.png","width":603,"height":661},{"@type":"BreadcrumbList","@id":"https:\/\/ttemsa.com\/industria\/index.php\/paxton-2018\/34-paxton-dispositivos-de-entrega-de-aire\/158-cabina-de-los-dispositivos-de-entrega-de-aire\/#breadcrumb","itemListElement":[{"@type":"ListItem","position":1,"name":"Inicio","item":"https:\/\/ttemsa.com\/industria\/"},{"@type":"ListItem","position":2,"name":"PAXTON","item":"https:\/\/ttemsa.com\/industria\/index.php\/paxton-2018\/"},{"@type":"ListItem","position":3,"name":"34 Boquilla uno","item":"https:\/\/ttemsa.com\/industria\/index.php\/paxton-2018\/34-paxton-dispositivos-de-entrega-de-aire\/"},{"@type":"ListItem","position":4,"name":"Cabina Dispositivos entrega de aire"}]},{"@type":"WebSite","@id":"https:\/\/ttemsa.com\/industria\/#website","url":"https:\/\/ttemsa.com\/industria\/","name":"industria-de-la-conversion.ttemsa","description":"Designed Dianalacazadora.com","alternateName":"ttemsa l\u00edderes en la industria de la conversi\u00f3n","potentialAction":[{"@type":"SearchAction","target":{"@type":"EntryPoint","urlTemplate":"https:\/\/ttemsa.com\/industria\/?s={search_term_string}"},"query-input":{"@type":"PropertyValueSpecification","valueRequired":true,"valueName":"search_term_string"}}],"inLanguage":"es"}]}},"_links":{"self":[{"href":"https:\/\/ttemsa.com\/industria\/index.php\/wp-json\/wp\/v2\/pages\/1746","targetHints":{"allow":["GET"]}}],"collection":[{"href":"https:\/\/ttemsa.com\/industria\/index.php\/wp-json\/wp\/v2\/pages"}],"about":[{"href":"https:\/\/ttemsa.com\/industria\/index.php\/wp-json\/wp\/v2\/types\/page"}],"author":[{"embeddable":true,"href":"https:\/\/ttemsa.com\/industria\/index.php\/wp-json\/wp\/v2\/users\/1"}],"replies":[{"embeddable":true,"href":"https:\/\/ttemsa.com\/industria\/index.php\/wp-json\/wp\/v2\/comments?post=1746"}],"version-history":[{"count":4,"href":"https:\/\/ttemsa.com\/industria\/index.php\/wp-json\/wp\/v2\/pages\/1746\/revisions"}],"predecessor-version":[{"id":3681,"href":"https:\/\/ttemsa.com\/industria\/index.php\/wp-json\/wp\/v2\/pages\/1746\/revisions\/3681"}],"up":[{"embeddable":true,"href":"https:\/\/ttemsa.com\/industria\/index.php\/wp-json\/wp\/v2\/pages\/1733"}],"wp:attachment":[{"href":"https:\/\/ttemsa.com\/industria\/index.php\/wp-json\/wp\/v2\/media?parent=1746"}],"wp:term":[{"taxonomy":"category","embeddable":true,"href":"https:\/\/ttemsa.com\/industria\/index.php\/wp-json\/wp\/v2\/categories?post=1746"},{"taxonomy":"post_tag","embeddable":true,"href":"https:\/\/ttemsa.com\/industria\/index.php\/wp-json\/wp\/v2\/tags?post=1746"}],"curies":[{"name":"wp","href":"https:\/\/api.w.org\/{rel}","templated":true}]}}