{"id":1747,"date":"2024-03-01T21:32:04","date_gmt":"2024-03-01T21:32:04","guid":{"rendered":"https:\/\/ttemsa.com\/industria\/index.php\/paxton\/paxton-copy-copy-copy-copy-copy-copy-3\/"},"modified":"2024-03-06T14:53:49","modified_gmt":"2024-03-06T14:53:49","slug":"sopladores-centrifugos","status":"publish","type":"page","link":"https:\/\/ttemsa.com\/industria\/index.php\/paxton-2018\/sopladores-centrifugos\/","title":{"rendered":"Sopladores Centr\u00edfugos AT-Series"},"content":{"rendered":"<div class=\"wp-block-image\">\n<figure class=\"aligncenter size-full\"><img loading=\"lazy\" decoding=\"async\" width=\"497\" height=\"661\" src=\"https:\/\/ttemsa.com\/industria\/wp-content\/uploads\/2024\/03\/soplador-centrifugo-at-4700.jpg\" alt=\"\" class=\"wp-image-2425\" srcset=\"https:\/\/ttemsa.com\/industria\/wp-content\/uploads\/2024\/03\/soplador-centrifugo-at-4700.jpg 497w, https:\/\/ttemsa.com\/industria\/wp-content\/uploads\/2024\/03\/soplador-centrifugo-at-4700-226x300.jpg 226w\" sizes=\"auto, (max-width: 497px) 100vw, 497px\" \/><\/figure>\n<\/div>\n\n<div class=\"wp-block-image\">\n<figure class=\"aligncenter size-full is-resized\"><img loading=\"lazy\" decoding=\"async\" width=\"410\" height=\"123\" src=\"https:\/\/ttemsa.com\/industria\/wp-content\/uploads\/2024\/03\/paxtonlogo.jpg\" alt=\"\" class=\"wp-image-2334\" style=\"width:208px;height:auto\" srcset=\"https:\/\/ttemsa.com\/industria\/wp-content\/uploads\/2024\/03\/paxtonlogo.jpg 410w, https:\/\/ttemsa.com\/industria\/wp-content\/uploads\/2024\/03\/paxtonlogo-300x90.jpg 300w\" sizes=\"auto, (max-width: 410px) 100vw, 410px\" \/><\/figure>\n<\/div>\n\n\n<p><strong>Sopladores Centr\u00edfugos AT-Series<\/strong><\/p>\n\n\n\n<p>Los sopladores de la serie AT-ofrecen soluciones altamente eficientes para aplicaciones de aire de proceso, de secado o de vac\u00edo.<\/p>\n\n\n\n<p>Un impulsor de alta eficiencia genera m\u00e1s flujo de aire para ofrecer un rendimiento de hasta velocidades inferiores al 20%, produciendo menos calor interno, el ruido, la vibraci\u00f3n y menos consumo de energ\u00eda.<\/p>\n\n\n\n<p>El dise\u00f1o de la correa AT-series y tensor asegura el m\u00e1ximo rendimiento, con baja elasticidad, alta adherencia y flexibilidad, para prolongar la vida \u00fatil de la correa y la minimizaci\u00f3n falta del tiempo.<\/p>\n\n\n\n<p>Cada ventilador AT-serie viene con un filtro silenciador patentado para reducir la vibraci\u00f3n y mejorar el rendimiento.<\/p>\n\n\n\n<p>Disponible en un rango de potencia desde 7.5 CV hasta 20 CV, habiendo un soplador de la serie AT para cada aplicaci\u00f3n industrial.<\/p>\n\n\n\n<figure class=\"wp-block-table\"><table><tbody><tr><td><strong>Caracter\u00edsticas :<\/strong><\/td><\/tr><tr><td><strong>M\u00e1s eficiencia para reducir los costes energ\u00e9ticos<\/strong>\u2022 El estado de arte de la creaci\u00f3n del dise\u00f1o produce m\u00e1s flujo de aire a menor velocidad del ventilador\u2022 Tensi\u00f3n menor en la correa produciendo la mayor eficiencia por CV posible\u2022 Dise\u00f1o mejorado de la correa ofrece menos fricci\u00f3n\u2218 XT-series: Auto-tensionador en la correa ofrece menor carga\u2218 AT-series: La correa contiene Aramida que reduce la tensi\u00f3n al 1%\u2022 El dise\u00f1o del filtro patentado reduce la ca\u00edda de presi\u00f3n y la vibraci\u00f3n<strong>Altamente Fiable<\/strong>\u2022 Alta capacidad de carga soportadas a la velocidad nominal \u2022 Equilibrio estricto, control de calidad y test de pruebas llevadas a cabo antes de salir de la f\u00e1brica\u2022 Inigualable Garant\u00eda de 3 a\u00f1os<strong>Funcionamiento Silencioso<\/strong>\u2022 La ingenier\u00eda avanzada y fabricaci\u00f3n de precisi\u00f3n reducen la vibraci\u00f3n y el ruido.\u2022 Todos los sopladores de la serie AT-XT500 est\u00e1n equipados con un cartucho silenciador para reducir el ruido en 3 dBA\u2022 Los niveles de sonido pueden reducirse a\u00fan m\u00e1s con una cabina cerrada para el soplador y\/o el dispositivo de suministro de aire<strong>Dise\u00f1o para ahorrar espacio<\/strong>\u2022 Posiciones de montaje y de salida vers\u00e1tiles para espacios reducidos. Todos los sopladores Paxton cumplen con las normas IEC y NEMA<\/td><\/tr><\/tbody><\/table><\/figure>\n\n\n\n<h4 class=\"wp-block-heading\">Ver PDF<\/h4>\n\n\n\n<p><a href=\"http:\/\/ttemsa.com\/images\/pdf\/Sopladores-Centrifugos-de-Alto-Rendimiento.pdf\" target=\"_blank\" rel=\"noreferrer noopener\">Cat\u00e1logo en Espa\u00f1ol<\/a><\/p>\n","protected":false},"excerpt":{"rendered":"<p>Sopladores Centr\u00edfugos AT-Series Los sopladores de la serie AT-ofrecen soluciones altamente eficientes para aplicaciones de aire de proceso, de secado o de vac\u00edo. Un impulsor de alta eficiencia genera m\u00e1s flujo de aire para ofrecer un rendimiento de hasta velocidades inferiores al 20%, produciendo menos calor interno, el ruido, la vibraci\u00f3n y menos consumo de [&hellip;]<\/p>\n","protected":false},"author":1,"featured_media":0,"parent":14,"menu_order":0,"comment_status":"closed","ping_status":"closed","template":"","meta":{"content-type":"","footnotes":""},"categories":[19],"tags":[],"class_list":["post-1747","page","type-page","status-publish","hentry","category-paxton-2018"],"yoast_head":"<!-- This site is optimized with the Yoast SEO plugin v26.6 - https:\/\/yoast.com\/wordpress\/plugins\/seo\/ -->\n<title>Sopladores Centr\u00edfugos AT-Series - industria-de-la-conversion.ttemsa<\/title>\n<meta name=\"description\" content=\"Sopladores centr\u00edfugos Paxton Serie AT de gran rendimiento Modelos de 7,5 a 20 HP de rendimiento superior, En ttemsa ofrecemos Soluciones. Solicite + info Tel\u00e9fonos: + 52 (55) 5352-0191 5352-1301 5352-6070 5352-059\" \/>\n<meta name=\"robots\" content=\"index, follow, max-snippet:-1, max-image-preview:large, max-video-preview:-1\" \/>\n<link rel=\"canonical\" href=\"https:\/\/ttemsa.com\/industria\/index.php\/paxton-2018\/sopladores-centrifugos\/\" \/>\n<meta property=\"og:locale\" content=\"es_MX\" \/>\n<meta property=\"og:type\" content=\"article\" \/>\n<meta property=\"og:title\" content=\"Sopladores centr\u00edfugos Paxton Serie AT de gran rendimiento Modelos de 7,5 a 20 HP de rendimiento superior\" \/>\n<meta property=\"og:description\" content=\"En ttemsa ofrecemos Soluciones. Solicite + info Tel\u00e9fonos: + 52 (55) 5352-0191 5352-1301 5352-6070 5352-0593\" \/>\n<meta property=\"og:url\" content=\"https:\/\/ttemsa.com\/industria\/index.php\/paxton-2018\/sopladores-centrifugos\/\" \/>\n<meta property=\"og:site_name\" content=\"industria-de-la-conversion.ttemsa\" \/>\n<meta property=\"article:modified_time\" content=\"2024-03-06T14:53:49+00:00\" \/>\n<meta property=\"og:image\" content=\"https:\/\/ttemsa.com\/industria\/wp-content\/uploads\/2024\/03\/soplador-centrifugo-at-4700.jpg\" \/>\n\t<meta property=\"og:image:width\" content=\"497\" \/>\n\t<meta property=\"og:image:height\" content=\"661\" \/>\n\t<meta property=\"og:image:type\" content=\"image\/jpeg\" \/>\n<meta name=\"twitter:card\" content=\"summary_large_image\" \/>\n<meta name=\"twitter:label1\" content=\"Tiempo de lectura\" \/>\n\t<meta name=\"twitter:data1\" content=\"2 minutos\" \/>\n<script type=\"application\/ld+json\" class=\"yoast-schema-graph\">{\"@context\":\"https:\/\/schema.org\",\"@graph\":[{\"@type\":\"WebPage\",\"@id\":\"https:\/\/ttemsa.com\/industria\/index.php\/paxton-2018\/sopladores-centrifugos\/\",\"url\":\"https:\/\/ttemsa.com\/industria\/index.php\/paxton-2018\/sopladores-centrifugos\/\",\"name\":\"Sopladores Centr\u00edfugos AT-Series - industria-de-la-conversion.ttemsa\",\"isPartOf\":{\"@id\":\"https:\/\/ttemsa.com\/industria\/#website\"},\"primaryImageOfPage\":{\"@id\":\"https:\/\/ttemsa.com\/industria\/index.php\/paxton-2018\/sopladores-centrifugos\/#primaryimage\"},\"image\":{\"@id\":\"https:\/\/ttemsa.com\/industria\/index.php\/paxton-2018\/sopladores-centrifugos\/#primaryimage\"},\"thumbnailUrl\":\"https:\/\/ttemsa.com\/industria\/wp-content\/uploads\/2024\/03\/soplador-centrifugo-at-4700.jpg\",\"datePublished\":\"2024-03-01T21:32:04+00:00\",\"dateModified\":\"2024-03-06T14:53:49+00:00\",\"description\":\"Sopladores centr\u00edfugos Paxton Serie AT de gran rendimiento Modelos de 7,5 a 20 HP de rendimiento superior, En ttemsa ofrecemos Soluciones. Solicite + info Tel\u00e9fonos: + 52 (55) 5352-0191 5352-1301 5352-6070 5352-059\",\"breadcrumb\":{\"@id\":\"https:\/\/ttemsa.com\/industria\/index.php\/paxton-2018\/sopladores-centrifugos\/#breadcrumb\"},\"inLanguage\":\"es\",\"potentialAction\":[{\"@type\":\"ReadAction\",\"target\":[\"https:\/\/ttemsa.com\/industria\/index.php\/paxton-2018\/sopladores-centrifugos\/\"]}]},{\"@type\":\"ImageObject\",\"inLanguage\":\"es\",\"@id\":\"https:\/\/ttemsa.com\/industria\/index.php\/paxton-2018\/sopladores-centrifugos\/#primaryimage\",\"url\":\"https:\/\/ttemsa.com\/industria\/wp-content\/uploads\/2024\/03\/soplador-centrifugo-at-4700.jpg\",\"contentUrl\":\"https:\/\/ttemsa.com\/industria\/wp-content\/uploads\/2024\/03\/soplador-centrifugo-at-4700.jpg\",\"width\":497,\"height\":661},{\"@type\":\"BreadcrumbList\",\"@id\":\"https:\/\/ttemsa.com\/industria\/index.php\/paxton-2018\/sopladores-centrifugos\/#breadcrumb\",\"itemListElement\":[{\"@type\":\"ListItem\",\"position\":1,\"name\":\"Inicio\",\"item\":\"https:\/\/ttemsa.com\/industria\/\"},{\"@type\":\"ListItem\",\"position\":2,\"name\":\"PAXTON\",\"item\":\"https:\/\/ttemsa.com\/industria\/index.php\/paxton-2018\/\"},{\"@type\":\"ListItem\",\"position\":3,\"name\":\"Sopladores Centr\u00edfugos AT-Series\"}]},{\"@type\":\"WebSite\",\"@id\":\"https:\/\/ttemsa.com\/industria\/#website\",\"url\":\"https:\/\/ttemsa.com\/industria\/\",\"name\":\"industria-de-la-conversion.ttemsa\",\"description\":\"Designed Dianalacazadora.com\",\"alternateName\":\"ttemsa l\u00edderes en la industria de la conversi\u00f3n\",\"potentialAction\":[{\"@type\":\"SearchAction\",\"target\":{\"@type\":\"EntryPoint\",\"urlTemplate\":\"https:\/\/ttemsa.com\/industria\/?s={search_term_string}\"},\"query-input\":{\"@type\":\"PropertyValueSpecification\",\"valueRequired\":true,\"valueName\":\"search_term_string\"}}],\"inLanguage\":\"es\"}]}<\/script>\n<!-- \/ Yoast SEO plugin. -->","yoast_head_json":{"title":"Sopladores Centr\u00edfugos AT-Series - industria-de-la-conversion.ttemsa","description":"Sopladores centr\u00edfugos Paxton Serie AT de gran rendimiento Modelos de 7,5 a 20 HP de rendimiento superior, En ttemsa ofrecemos Soluciones. Solicite + info Tel\u00e9fonos: + 52 (55) 5352-0191 5352-1301 5352-6070 5352-059","robots":{"index":"index","follow":"follow","max-snippet":"max-snippet:-1","max-image-preview":"max-image-preview:large","max-video-preview":"max-video-preview:-1"},"canonical":"https:\/\/ttemsa.com\/industria\/index.php\/paxton-2018\/sopladores-centrifugos\/","og_locale":"es_MX","og_type":"article","og_title":"Sopladores centr\u00edfugos Paxton Serie AT de gran rendimiento Modelos de 7,5 a 20 HP de rendimiento superior","og_description":"En ttemsa ofrecemos Soluciones. Solicite + info Tel\u00e9fonos: + 52 (55) 5352-0191 5352-1301 5352-6070 5352-0593","og_url":"https:\/\/ttemsa.com\/industria\/index.php\/paxton-2018\/sopladores-centrifugos\/","og_site_name":"industria-de-la-conversion.ttemsa","article_modified_time":"2024-03-06T14:53:49+00:00","og_image":[{"width":497,"height":661,"url":"https:\/\/ttemsa.com\/industria\/wp-content\/uploads\/2024\/03\/soplador-centrifugo-at-4700.jpg","type":"image\/jpeg"}],"twitter_card":"summary_large_image","twitter_misc":{"Tiempo de lectura":"2 minutos"},"schema":{"@context":"https:\/\/schema.org","@graph":[{"@type":"WebPage","@id":"https:\/\/ttemsa.com\/industria\/index.php\/paxton-2018\/sopladores-centrifugos\/","url":"https:\/\/ttemsa.com\/industria\/index.php\/paxton-2018\/sopladores-centrifugos\/","name":"Sopladores Centr\u00edfugos AT-Series - industria-de-la-conversion.ttemsa","isPartOf":{"@id":"https:\/\/ttemsa.com\/industria\/#website"},"primaryImageOfPage":{"@id":"https:\/\/ttemsa.com\/industria\/index.php\/paxton-2018\/sopladores-centrifugos\/#primaryimage"},"image":{"@id":"https:\/\/ttemsa.com\/industria\/index.php\/paxton-2018\/sopladores-centrifugos\/#primaryimage"},"thumbnailUrl":"https:\/\/ttemsa.com\/industria\/wp-content\/uploads\/2024\/03\/soplador-centrifugo-at-4700.jpg","datePublished":"2024-03-01T21:32:04+00:00","dateModified":"2024-03-06T14:53:49+00:00","description":"Sopladores centr\u00edfugos Paxton Serie AT de gran rendimiento Modelos de 7,5 a 20 HP de rendimiento superior, En ttemsa ofrecemos Soluciones. Solicite + info Tel\u00e9fonos: + 52 (55) 5352-0191 5352-1301 5352-6070 5352-059","breadcrumb":{"@id":"https:\/\/ttemsa.com\/industria\/index.php\/paxton-2018\/sopladores-centrifugos\/#breadcrumb"},"inLanguage":"es","potentialAction":[{"@type":"ReadAction","target":["https:\/\/ttemsa.com\/industria\/index.php\/paxton-2018\/sopladores-centrifugos\/"]}]},{"@type":"ImageObject","inLanguage":"es","@id":"https:\/\/ttemsa.com\/industria\/index.php\/paxton-2018\/sopladores-centrifugos\/#primaryimage","url":"https:\/\/ttemsa.com\/industria\/wp-content\/uploads\/2024\/03\/soplador-centrifugo-at-4700.jpg","contentUrl":"https:\/\/ttemsa.com\/industria\/wp-content\/uploads\/2024\/03\/soplador-centrifugo-at-4700.jpg","width":497,"height":661},{"@type":"BreadcrumbList","@id":"https:\/\/ttemsa.com\/industria\/index.php\/paxton-2018\/sopladores-centrifugos\/#breadcrumb","itemListElement":[{"@type":"ListItem","position":1,"name":"Inicio","item":"https:\/\/ttemsa.com\/industria\/"},{"@type":"ListItem","position":2,"name":"PAXTON","item":"https:\/\/ttemsa.com\/industria\/index.php\/paxton-2018\/"},{"@type":"ListItem","position":3,"name":"Sopladores Centr\u00edfugos AT-Series"}]},{"@type":"WebSite","@id":"https:\/\/ttemsa.com\/industria\/#website","url":"https:\/\/ttemsa.com\/industria\/","name":"industria-de-la-conversion.ttemsa","description":"Designed Dianalacazadora.com","alternateName":"ttemsa l\u00edderes en la industria de la conversi\u00f3n","potentialAction":[{"@type":"SearchAction","target":{"@type":"EntryPoint","urlTemplate":"https:\/\/ttemsa.com\/industria\/?s={search_term_string}"},"query-input":{"@type":"PropertyValueSpecification","valueRequired":true,"valueName":"search_term_string"}}],"inLanguage":"es"}]}},"_links":{"self":[{"href":"https:\/\/ttemsa.com\/industria\/index.php\/wp-json\/wp\/v2\/pages\/1747","targetHints":{"allow":["GET"]}}],"collection":[{"href":"https:\/\/ttemsa.com\/industria\/index.php\/wp-json\/wp\/v2\/pages"}],"about":[{"href":"https:\/\/ttemsa.com\/industria\/index.php\/wp-json\/wp\/v2\/types\/page"}],"author":[{"embeddable":true,"href":"https:\/\/ttemsa.com\/industria\/index.php\/wp-json\/wp\/v2\/users\/1"}],"replies":[{"embeddable":true,"href":"https:\/\/ttemsa.com\/industria\/index.php\/wp-json\/wp\/v2\/comments?post=1747"}],"version-history":[{"count":2,"href":"https:\/\/ttemsa.com\/industria\/index.php\/wp-json\/wp\/v2\/pages\/1747\/revisions"}],"predecessor-version":[{"id":2427,"href":"https:\/\/ttemsa.com\/industria\/index.php\/wp-json\/wp\/v2\/pages\/1747\/revisions\/2427"}],"up":[{"embeddable":true,"href":"https:\/\/ttemsa.com\/industria\/index.php\/wp-json\/wp\/v2\/pages\/14"}],"wp:attachment":[{"href":"https:\/\/ttemsa.com\/industria\/index.php\/wp-json\/wp\/v2\/media?parent=1747"}],"wp:term":[{"taxonomy":"category","embeddable":true,"href":"https:\/\/ttemsa.com\/industria\/index.php\/wp-json\/wp\/v2\/categories?post=1747"},{"taxonomy":"post_tag","embeddable":true,"href":"https:\/\/ttemsa.com\/industria\/index.php\/wp-json\/wp\/v2\/tags?post=1747"}],"curies":[{"name":"wp","href":"https:\/\/api.w.org\/{rel}","templated":true}]}}