{"id":1748,"date":"2024-03-01T21:32:10","date_gmt":"2024-03-01T21:32:10","guid":{"rendered":"https:\/\/ttemsa.com\/industria\/index.php\/paxton\/paxton-copy-copy-copy-copy-copy-copy-4\/"},"modified":"2024-09-11T16:26:56","modified_gmt":"2024-09-11T16:26:56","slug":"165-sopladores-centrifugos-de-alto-rendimiento","status":"publish","type":"page","link":"https:\/\/ttemsa.com\/industria\/index.php\/paxton-2018\/35-paxton-sopladores-centri-fugos\/165-sopladores-centrifugos-de-alto-rendimiento\/","title":{"rendered":"165 SOPLADORES CENTR\u00cdFUGOS DE ALTO RENDIMIENTO"},"content":{"rendered":"\n<figure class=\"wp-block-image size-large\"><img loading=\"lazy\" decoding=\"async\" width=\"1024\" height=\"265\" src=\"https:\/\/ttemsa.com\/industria\/wp-content\/uploads\/2024\/03\/st2-1024x265.jpg\" alt=\"\" class=\"wp-image-2412\" srcset=\"https:\/\/ttemsa.com\/industria\/wp-content\/uploads\/2024\/03\/st2-1024x265.jpg 1024w, https:\/\/ttemsa.com\/industria\/wp-content\/uploads\/2024\/03\/st2-300x78.jpg 300w, https:\/\/ttemsa.com\/industria\/wp-content\/uploads\/2024\/03\/st2-768x199.jpg 768w, https:\/\/ttemsa.com\/industria\/wp-content\/uploads\/2024\/03\/st2.jpg 1385w\" sizes=\"auto, (max-width: 1024px) 100vw, 1024px\" \/><\/figure>\n\n\n\n<p>Los sopladores centr\u00edfugos Paxton ofrecen soluciones altamente eficientes para aplicaciones de procesamiento de aire, de secado y de vac\u00edo.<\/p>\n\n\n\n<p>El retorno de la inversi\u00f3n es a menudo de un a\u00f1o.<\/p>\n\n\n\n<p>Disponible en tama\u00f1os de 3 CV hasta 20 CV, Paxton ofrece dos series de sopladores centr\u00edfugos accionados por correa:<\/p>\n\n\n\n<p><strong>XT-series&nbsp;<\/strong>Cuenta con una transmisi\u00f3n por correa y auto-tensor dise\u00f1ado para mejorar el rendimiento, la eficiencia y la vida \u00fatil de los motores m\u00e1s peque\u00f1os de la XT-300 (3 CV) y XT-500 (5 CV)<\/p>\n\n\n\n<p><strong>AT-series<\/strong>&nbsp;Utiliza un tensor autom\u00e1tico para optimizar el rendimiento y est\u00e1 disponible a niveles de potencia que van desde los 7,5 CV a 20 CV<\/p>\n\n\n\n<p>Tabla de rendimiento<\/p>\n\n\n\n<figure class=\"wp-block-image size-large is-resized\"><img loading=\"lazy\" decoding=\"async\" width=\"1024\" height=\"718\" src=\"https:\/\/ttemsa.com\/industria\/wp-content\/uploads\/2024\/03\/1Sopladores-Centrifugos-de-Alto-Rendimiento-1-1024x718.jpg\" alt=\"\" class=\"wp-image-2414\" style=\"width:698px;height:auto\" srcset=\"https:\/\/ttemsa.com\/industria\/wp-content\/uploads\/2024\/03\/1Sopladores-Centrifugos-de-Alto-Rendimiento-1-1024x718.jpg 1024w, https:\/\/ttemsa.com\/industria\/wp-content\/uploads\/2024\/03\/1Sopladores-Centrifugos-de-Alto-Rendimiento-1-300x210.jpg 300w, https:\/\/ttemsa.com\/industria\/wp-content\/uploads\/2024\/03\/1Sopladores-Centrifugos-de-Alto-Rendimiento-1-768x539.jpg 768w, https:\/\/ttemsa.com\/industria\/wp-content\/uploads\/2024\/03\/1Sopladores-Centrifugos-de-Alto-Rendimiento-1-1536x1077.jpg 1536w, https:\/\/ttemsa.com\/industria\/wp-content\/uploads\/2024\/03\/1Sopladores-Centrifugos-de-Alto-Rendimiento-1-2048x1436.jpg 2048w\" sizes=\"auto, (max-width: 1024px) 100vw, 1024px\" \/><\/figure>\n\n\n\n<figure class=\"wp-block-image size-large\"><img loading=\"lazy\" decoding=\"async\" width=\"1024\" height=\"454\" src=\"https:\/\/ttemsa.com\/industria\/wp-content\/uploads\/2024\/03\/Paxton-Blow-Air-Smarter-Spanish-Final-40-1024x454.jpg\" alt=\"\" class=\"wp-image-2415\" srcset=\"https:\/\/ttemsa.com\/industria\/wp-content\/uploads\/2024\/03\/Paxton-Blow-Air-Smarter-Spanish-Final-40-1024x454.jpg 1024w, https:\/\/ttemsa.com\/industria\/wp-content\/uploads\/2024\/03\/Paxton-Blow-Air-Smarter-Spanish-Final-40-300x133.jpg 300w, https:\/\/ttemsa.com\/industria\/wp-content\/uploads\/2024\/03\/Paxton-Blow-Air-Smarter-Spanish-Final-40-768x341.jpg 768w, https:\/\/ttemsa.com\/industria\/wp-content\/uploads\/2024\/03\/Paxton-Blow-Air-Smarter-Spanish-Final-40.jpg 1280w\" sizes=\"auto, (max-width: 1024px) 100vw, 1024px\" \/><\/figure>\n\n\n\n<figure class=\"wp-block-image size-large\"><img loading=\"lazy\" decoding=\"async\" width=\"1024\" height=\"340\" src=\"https:\/\/ttemsa.com\/industria\/wp-content\/uploads\/2024\/03\/especificaciones-PAXTON-sopladores-centrifugos-de-alto-rendimiento-1024x340.jpg\" alt=\"\" class=\"wp-image-2416\" srcset=\"https:\/\/ttemsa.com\/industria\/wp-content\/uploads\/2024\/03\/especificaciones-PAXTON-sopladores-centrifugos-de-alto-rendimiento-1024x340.jpg 1024w, https:\/\/ttemsa.com\/industria\/wp-content\/uploads\/2024\/03\/especificaciones-PAXTON-sopladores-centrifugos-de-alto-rendimiento-300x100.jpg 300w, https:\/\/ttemsa.com\/industria\/wp-content\/uploads\/2024\/03\/especificaciones-PAXTON-sopladores-centrifugos-de-alto-rendimiento-768x255.jpg 768w, https:\/\/ttemsa.com\/industria\/wp-content\/uploads\/2024\/03\/especificaciones-PAXTON-sopladores-centrifugos-de-alto-rendimiento-1536x511.jpg 1536w, https:\/\/ttemsa.com\/industria\/wp-content\/uploads\/2024\/03\/especificaciones-PAXTON-sopladores-centrifugos-de-alto-rendimiento-2048x681.jpg 2048w\" sizes=\"auto, (max-width: 1024px) 100vw, 1024px\" \/><\/figure>\n\n\n\n<p><strong>Correa con Dise\u00f1o Avanzado<\/strong><\/p>\n\n\n\n<p><strong>XT-series<\/strong><\/p>\n\n\n<div class=\"wp-block-image\">\n<figure class=\"alignleft size-full is-resized\"><img loading=\"lazy\" decoding=\"async\" width=\"291\" height=\"498\" src=\"https:\/\/ttemsa.com\/industria\/wp-content\/uploads\/2024\/03\/paxton-at-series-soplador-centrifugo.jpg\" alt=\"\" class=\"wp-image-2417\" style=\"width:243px;height:auto\" srcset=\"https:\/\/ttemsa.com\/industria\/wp-content\/uploads\/2024\/03\/paxton-at-series-soplador-centrifugo.jpg 291w, https:\/\/ttemsa.com\/industria\/wp-content\/uploads\/2024\/03\/paxton-at-series-soplador-centrifugo-175x300.jpg 175w\" sizes=\"auto, (max-width: 291px) 100vw, 291px\" \/><\/figure>\n<\/div>\n\n\n<p class=\"has-text-align-left\">Correas con auto-tensores 3 veces m\u00e1s largo que las correas de poli\u00e9ster est\u00e1ndar sin tensor para reemplazar.<\/p>\n\n\n<div class=\"wp-block-image\">\n<figure class=\"alignright size-full is-resized\"><img loading=\"lazy\" decoding=\"async\" width=\"350\" height=\"514\" src=\"https:\/\/ttemsa.com\/industria\/wp-content\/uploads\/2024\/03\/paxton-xt-series-soplador-centrifugo.jpg\" alt=\"\" class=\"wp-image-2418\" style=\"width:293px;height:auto\" srcset=\"https:\/\/ttemsa.com\/industria\/wp-content\/uploads\/2024\/03\/paxton-xt-series-soplador-centrifugo.jpg 350w, https:\/\/ttemsa.com\/industria\/wp-content\/uploads\/2024\/03\/paxton-xt-series-soplador-centrifugo-204x300.jpg 204w\" sizes=\"auto, (max-width: 350px) 100vw, 350px\" \/><\/figure>\n<\/div>\n\n\n<p><\/p>\n\n\n\n<p><\/p>\n\n\n\n<p><\/p>\n\n\n\n<p><\/p>\n\n\n\n<p class=\"has-text-align-right\">Correa de neopreno m\u00e1s Aramida 2 veces m\u00e1s largo que las correas de poli\u00e9ster e incluye un tensionador autom\u00e1tico<\/p>\n\n\n\n<h4 class=\"wp-block-heading\">Ver PDF<\/h4>\n\n\n\n<p><a href=\"http:\/\/ttemsa.com\/images\/pdf\/Sopladores-Centrifugos-de-Alto-Rendimiento.pdf\" target=\"_blank\" rel=\"noreferrer noopener\">Cat\u00e1logo en Espa\u00f1ol<\/a><\/p>\n","protected":false},"excerpt":{"rendered":"<p>Los sopladores centr\u00edfugos Paxton ofrecen soluciones altamente eficientes para aplicaciones de procesamiento de aire, de secado y de vac\u00edo. El retorno de la inversi\u00f3n es a menudo de un a\u00f1o. Disponible en tama\u00f1os de 3 CV hasta 20 CV, Paxton ofrece dos series de sopladores centr\u00edfugos accionados por correa: XT-series&nbsp;Cuenta con una transmisi\u00f3n por correa [&hellip;]<\/p>\n","protected":false},"author":1,"featured_media":0,"parent":3697,"menu_order":0,"comment_status":"closed","ping_status":"closed","template":"","meta":{"content-type":"","footnotes":""},"categories":[19],"tags":[],"class_list":["post-1748","page","type-page","status-publish","hentry","category-paxton-2018"],"yoast_head":"<!-- This site is optimized with the Yoast SEO plugin v26.6 - https:\/\/yoast.com\/wordpress\/plugins\/seo\/ -->\n<title>165 SOPLADORES CENTR\u00cdFUGOS DE ALTO RENDIMIENTO - industria-de-la-conversion.ttemsa<\/title>\n<meta name=\"description\" content=\"Sopladores Centr\u00edfugos de Alto RendimientoPaxton ofrece soluciones altamente eficientes para aplicaciones de procesamiento de aire, de secado y de vac\u00edo.\" \/>\n<meta name=\"robots\" content=\"index, follow, max-snippet:-1, max-image-preview:large, max-video-preview:-1\" \/>\n<link rel=\"canonical\" href=\"https:\/\/ttemsa.com\/industria\/index.php\/paxton-2018\/35-paxton-sopladores-centri-fugos\/165-sopladores-centrifugos-de-alto-rendimiento\/\" \/>\n<meta property=\"og:locale\" content=\"es_MX\" \/>\n<meta property=\"og:type\" content=\"article\" \/>\n<meta property=\"og:title\" content=\"Sopladores Centr\u00edfugos de Alto RendimientoPaxton ofrece soluciones altamente eficientes para aplicaciones de procesamiento de aire, de secado y de vac\u00edo.\" \/>\n<meta property=\"og:description\" content=\"En ttemsa ofrecemos Soluciones. Solicite + info Tel\u00e9fonos: + 52 (55) 5352-0191 5352-1301 5352-6070 5352-0593\" \/>\n<meta property=\"og:url\" content=\"https:\/\/ttemsa.com\/industria\/index.php\/paxton-2018\/35-paxton-sopladores-centri-fugos\/165-sopladores-centrifugos-de-alto-rendimiento\/\" \/>\n<meta property=\"og:site_name\" content=\"industria-de-la-conversion.ttemsa\" \/>\n<meta property=\"article:modified_time\" content=\"2024-09-11T16:26:56+00:00\" \/>\n<meta property=\"og:image\" content=\"https:\/\/ttemsa.com\/industria\/wp-content\/uploads\/2024\/03\/paxton-blow.png\" \/>\n\t<meta property=\"og:image:width\" content=\"389\" \/>\n\t<meta property=\"og:image:height\" content=\"330\" \/>\n\t<meta property=\"og:image:type\" content=\"image\/png\" \/>\n<meta name=\"twitter:card\" content=\"summary_large_image\" \/>\n<meta name=\"twitter:label1\" content=\"Tiempo de lectura\" \/>\n\t<meta name=\"twitter:data1\" content=\"2 minutos\" \/>\n<script type=\"application\/ld+json\" class=\"yoast-schema-graph\">{\"@context\":\"https:\/\/schema.org\",\"@graph\":[{\"@type\":\"WebPage\",\"@id\":\"https:\/\/ttemsa.com\/industria\/index.php\/paxton-2018\/35-paxton-sopladores-centri-fugos\/165-sopladores-centrifugos-de-alto-rendimiento\/\",\"url\":\"https:\/\/ttemsa.com\/industria\/index.php\/paxton-2018\/35-paxton-sopladores-centri-fugos\/165-sopladores-centrifugos-de-alto-rendimiento\/\",\"name\":\"165 SOPLADORES CENTR\u00cdFUGOS DE ALTO RENDIMIENTO - industria-de-la-conversion.ttemsa\",\"isPartOf\":{\"@id\":\"https:\/\/ttemsa.com\/industria\/#website\"},\"primaryImageOfPage\":{\"@id\":\"https:\/\/ttemsa.com\/industria\/index.php\/paxton-2018\/35-paxton-sopladores-centri-fugos\/165-sopladores-centrifugos-de-alto-rendimiento\/#primaryimage\"},\"image\":{\"@id\":\"https:\/\/ttemsa.com\/industria\/index.php\/paxton-2018\/35-paxton-sopladores-centri-fugos\/165-sopladores-centrifugos-de-alto-rendimiento\/#primaryimage\"},\"thumbnailUrl\":\"https:\/\/ttemsa.com\/industria\/wp-content\/uploads\/2024\/03\/st2-1024x265.jpg\",\"datePublished\":\"2024-03-01T21:32:10+00:00\",\"dateModified\":\"2024-09-11T16:26:56+00:00\",\"description\":\"Sopladores Centr\u00edfugos de Alto RendimientoPaxton ofrece soluciones altamente eficientes para aplicaciones de procesamiento de aire, de secado y de vac\u00edo.\",\"breadcrumb\":{\"@id\":\"https:\/\/ttemsa.com\/industria\/index.php\/paxton-2018\/35-paxton-sopladores-centri-fugos\/165-sopladores-centrifugos-de-alto-rendimiento\/#breadcrumb\"},\"inLanguage\":\"es\",\"potentialAction\":[{\"@type\":\"ReadAction\",\"target\":[\"https:\/\/ttemsa.com\/industria\/index.php\/paxton-2018\/35-paxton-sopladores-centri-fugos\/165-sopladores-centrifugos-de-alto-rendimiento\/\"]}]},{\"@type\":\"ImageObject\",\"inLanguage\":\"es\",\"@id\":\"https:\/\/ttemsa.com\/industria\/index.php\/paxton-2018\/35-paxton-sopladores-centri-fugos\/165-sopladores-centrifugos-de-alto-rendimiento\/#primaryimage\",\"url\":\"https:\/\/ttemsa.com\/industria\/wp-content\/uploads\/2024\/03\/st2.jpg\",\"contentUrl\":\"https:\/\/ttemsa.com\/industria\/wp-content\/uploads\/2024\/03\/st2.jpg\",\"width\":1385,\"height\":358},{\"@type\":\"BreadcrumbList\",\"@id\":\"https:\/\/ttemsa.com\/industria\/index.php\/paxton-2018\/35-paxton-sopladores-centri-fugos\/165-sopladores-centrifugos-de-alto-rendimiento\/#breadcrumb\",\"itemListElement\":[{\"@type\":\"ListItem\",\"position\":1,\"name\":\"Inicio\",\"item\":\"https:\/\/ttemsa.com\/industria\/\"},{\"@type\":\"ListItem\",\"position\":2,\"name\":\"PAXTON\",\"item\":\"https:\/\/ttemsa.com\/industria\/index.php\/paxton-2018\/\"},{\"@type\":\"ListItem\",\"position\":3,\"name\":\"35 SOPLADORES CENTR\u00cdFUGOS DE ALTO RENDIMIENTO\",\"item\":\"https:\/\/ttemsa.com\/industria\/index.php\/paxton-2018\/35-paxton-sopladores-centri-fugos\/\"},{\"@type\":\"ListItem\",\"position\":4,\"name\":\"165 SOPLADORES CENTR\u00cdFUGOS DE ALTO RENDIMIENTO\"}]},{\"@type\":\"WebSite\",\"@id\":\"https:\/\/ttemsa.com\/industria\/#website\",\"url\":\"https:\/\/ttemsa.com\/industria\/\",\"name\":\"industria-de-la-conversion.ttemsa\",\"description\":\"Designed Dianalacazadora.com\",\"alternateName\":\"ttemsa l\u00edderes en la industria de la conversi\u00f3n\",\"potentialAction\":[{\"@type\":\"SearchAction\",\"target\":{\"@type\":\"EntryPoint\",\"urlTemplate\":\"https:\/\/ttemsa.com\/industria\/?s={search_term_string}\"},\"query-input\":{\"@type\":\"PropertyValueSpecification\",\"valueRequired\":true,\"valueName\":\"search_term_string\"}}],\"inLanguage\":\"es\"}]}<\/script>\n<!-- \/ Yoast SEO plugin. -->","yoast_head_json":{"title":"165 SOPLADORES CENTR\u00cdFUGOS DE ALTO RENDIMIENTO - industria-de-la-conversion.ttemsa","description":"Sopladores Centr\u00edfugos de Alto RendimientoPaxton ofrece soluciones altamente eficientes para aplicaciones de procesamiento de aire, de secado y de vac\u00edo.","robots":{"index":"index","follow":"follow","max-snippet":"max-snippet:-1","max-image-preview":"max-image-preview:large","max-video-preview":"max-video-preview:-1"},"canonical":"https:\/\/ttemsa.com\/industria\/index.php\/paxton-2018\/35-paxton-sopladores-centri-fugos\/165-sopladores-centrifugos-de-alto-rendimiento\/","og_locale":"es_MX","og_type":"article","og_title":"Sopladores Centr\u00edfugos de Alto RendimientoPaxton ofrece soluciones altamente eficientes para aplicaciones de procesamiento de aire, de secado y de vac\u00edo.","og_description":"En ttemsa ofrecemos Soluciones. Solicite + info Tel\u00e9fonos: + 52 (55) 5352-0191 5352-1301 5352-6070 5352-0593","og_url":"https:\/\/ttemsa.com\/industria\/index.php\/paxton-2018\/35-paxton-sopladores-centri-fugos\/165-sopladores-centrifugos-de-alto-rendimiento\/","og_site_name":"industria-de-la-conversion.ttemsa","article_modified_time":"2024-09-11T16:26:56+00:00","og_image":[{"width":389,"height":330,"url":"https:\/\/ttemsa.com\/industria\/wp-content\/uploads\/2024\/03\/paxton-blow.png","type":"image\/png"}],"twitter_card":"summary_large_image","twitter_misc":{"Tiempo de lectura":"2 minutos"},"schema":{"@context":"https:\/\/schema.org","@graph":[{"@type":"WebPage","@id":"https:\/\/ttemsa.com\/industria\/index.php\/paxton-2018\/35-paxton-sopladores-centri-fugos\/165-sopladores-centrifugos-de-alto-rendimiento\/","url":"https:\/\/ttemsa.com\/industria\/index.php\/paxton-2018\/35-paxton-sopladores-centri-fugos\/165-sopladores-centrifugos-de-alto-rendimiento\/","name":"165 SOPLADORES CENTR\u00cdFUGOS DE ALTO RENDIMIENTO - industria-de-la-conversion.ttemsa","isPartOf":{"@id":"https:\/\/ttemsa.com\/industria\/#website"},"primaryImageOfPage":{"@id":"https:\/\/ttemsa.com\/industria\/index.php\/paxton-2018\/35-paxton-sopladores-centri-fugos\/165-sopladores-centrifugos-de-alto-rendimiento\/#primaryimage"},"image":{"@id":"https:\/\/ttemsa.com\/industria\/index.php\/paxton-2018\/35-paxton-sopladores-centri-fugos\/165-sopladores-centrifugos-de-alto-rendimiento\/#primaryimage"},"thumbnailUrl":"https:\/\/ttemsa.com\/industria\/wp-content\/uploads\/2024\/03\/st2-1024x265.jpg","datePublished":"2024-03-01T21:32:10+00:00","dateModified":"2024-09-11T16:26:56+00:00","description":"Sopladores Centr\u00edfugos de Alto RendimientoPaxton ofrece soluciones altamente eficientes para aplicaciones de procesamiento de aire, de secado y de vac\u00edo.","breadcrumb":{"@id":"https:\/\/ttemsa.com\/industria\/index.php\/paxton-2018\/35-paxton-sopladores-centri-fugos\/165-sopladores-centrifugos-de-alto-rendimiento\/#breadcrumb"},"inLanguage":"es","potentialAction":[{"@type":"ReadAction","target":["https:\/\/ttemsa.com\/industria\/index.php\/paxton-2018\/35-paxton-sopladores-centri-fugos\/165-sopladores-centrifugos-de-alto-rendimiento\/"]}]},{"@type":"ImageObject","inLanguage":"es","@id":"https:\/\/ttemsa.com\/industria\/index.php\/paxton-2018\/35-paxton-sopladores-centri-fugos\/165-sopladores-centrifugos-de-alto-rendimiento\/#primaryimage","url":"https:\/\/ttemsa.com\/industria\/wp-content\/uploads\/2024\/03\/st2.jpg","contentUrl":"https:\/\/ttemsa.com\/industria\/wp-content\/uploads\/2024\/03\/st2.jpg","width":1385,"height":358},{"@type":"BreadcrumbList","@id":"https:\/\/ttemsa.com\/industria\/index.php\/paxton-2018\/35-paxton-sopladores-centri-fugos\/165-sopladores-centrifugos-de-alto-rendimiento\/#breadcrumb","itemListElement":[{"@type":"ListItem","position":1,"name":"Inicio","item":"https:\/\/ttemsa.com\/industria\/"},{"@type":"ListItem","position":2,"name":"PAXTON","item":"https:\/\/ttemsa.com\/industria\/index.php\/paxton-2018\/"},{"@type":"ListItem","position":3,"name":"35 SOPLADORES CENTR\u00cdFUGOS DE ALTO RENDIMIENTO","item":"https:\/\/ttemsa.com\/industria\/index.php\/paxton-2018\/35-paxton-sopladores-centri-fugos\/"},{"@type":"ListItem","position":4,"name":"165 SOPLADORES CENTR\u00cdFUGOS DE ALTO RENDIMIENTO"}]},{"@type":"WebSite","@id":"https:\/\/ttemsa.com\/industria\/#website","url":"https:\/\/ttemsa.com\/industria\/","name":"industria-de-la-conversion.ttemsa","description":"Designed Dianalacazadora.com","alternateName":"ttemsa l\u00edderes en la industria de la conversi\u00f3n","potentialAction":[{"@type":"SearchAction","target":{"@type":"EntryPoint","urlTemplate":"https:\/\/ttemsa.com\/industria\/?s={search_term_string}"},"query-input":{"@type":"PropertyValueSpecification","valueRequired":true,"valueName":"search_term_string"}}],"inLanguage":"es"}]}},"_links":{"self":[{"href":"https:\/\/ttemsa.com\/industria\/index.php\/wp-json\/wp\/v2\/pages\/1748","targetHints":{"allow":["GET"]}}],"collection":[{"href":"https:\/\/ttemsa.com\/industria\/index.php\/wp-json\/wp\/v2\/pages"}],"about":[{"href":"https:\/\/ttemsa.com\/industria\/index.php\/wp-json\/wp\/v2\/types\/page"}],"author":[{"embeddable":true,"href":"https:\/\/ttemsa.com\/industria\/index.php\/wp-json\/wp\/v2\/users\/1"}],"replies":[{"embeddable":true,"href":"https:\/\/ttemsa.com\/industria\/index.php\/wp-json\/wp\/v2\/comments?post=1748"}],"version-history":[{"count":3,"href":"https:\/\/ttemsa.com\/industria\/index.php\/wp-json\/wp\/v2\/pages\/1748\/revisions"}],"predecessor-version":[{"id":3699,"href":"https:\/\/ttemsa.com\/industria\/index.php\/wp-json\/wp\/v2\/pages\/1748\/revisions\/3699"}],"up":[{"embeddable":true,"href":"https:\/\/ttemsa.com\/industria\/index.php\/wp-json\/wp\/v2\/pages\/3697"}],"wp:attachment":[{"href":"https:\/\/ttemsa.com\/industria\/index.php\/wp-json\/wp\/v2\/media?parent=1748"}],"wp:term":[{"taxonomy":"category","embeddable":true,"href":"https:\/\/ttemsa.com\/industria\/index.php\/wp-json\/wp\/v2\/categories?post=1748"},{"taxonomy":"post_tag","embeddable":true,"href":"https:\/\/ttemsa.com\/industria\/index.php\/wp-json\/wp\/v2\/tags?post=1748"}],"curies":[{"name":"wp","href":"https:\/\/api.w.org\/{rel}","templated":true}]}}