{"id":1750,"date":"2024-03-01T21:32:23","date_gmt":"2024-03-01T21:32:23","guid":{"rendered":"https:\/\/ttemsa.com\/industria\/index.php\/paxton\/paxton-copy-copy-copy-copy-copy-copy-6\/"},"modified":"2024-03-06T13:16:05","modified_gmt":"2024-03-06T13:16:05","slug":"refacciones-soplador","status":"publish","type":"page","link":"https:\/\/ttemsa.com\/industria\/index.php\/paxton-2018\/refacciones-soplador\/","title":{"rendered":"REFACCIONES SOPLADOR"},"content":{"rendered":"<div class=\"wp-block-image\">\n<figure class=\"aligncenter size-large is-resized\"><img loading=\"lazy\" decoding=\"async\" width=\"1024\" height=\"889\" src=\"https:\/\/ttemsa.com\/industria\/wp-content\/uploads\/2024\/03\/accesorios-de-mantenimiento-paxton-1024x889.jpg\" alt=\"\" class=\"wp-image-2353\" style=\"width:567px;height:auto\" srcset=\"https:\/\/ttemsa.com\/industria\/wp-content\/uploads\/2024\/03\/accesorios-de-mantenimiento-paxton-1024x889.jpg 1024w, https:\/\/ttemsa.com\/industria\/wp-content\/uploads\/2024\/03\/accesorios-de-mantenimiento-paxton-300x260.jpg 300w, https:\/\/ttemsa.com\/industria\/wp-content\/uploads\/2024\/03\/accesorios-de-mantenimiento-paxton-768x666.jpg 768w, https:\/\/ttemsa.com\/industria\/wp-content\/uploads\/2024\/03\/accesorios-de-mantenimiento-paxton.jpg 1119w\" sizes=\"auto, (max-width: 1024px) 100vw, 1024px\" \/><\/figure>\n<\/div>\n\n<div class=\"wp-block-image\">\n<figure class=\"aligncenter size-full is-resized\"><img loading=\"lazy\" decoding=\"async\" width=\"410\" height=\"123\" src=\"https:\/\/ttemsa.com\/industria\/wp-content\/uploads\/2024\/03\/paxtonlogo.jpg\" alt=\"\" class=\"wp-image-2334\" style=\"width:244px;height:auto\" srcset=\"https:\/\/ttemsa.com\/industria\/wp-content\/uploads\/2024\/03\/paxtonlogo.jpg 410w, https:\/\/ttemsa.com\/industria\/wp-content\/uploads\/2024\/03\/paxtonlogo-300x90.jpg 300w\" sizes=\"auto, (max-width: 410px) 100vw, 410px\" \/><\/figure>\n<\/div>\n\n\n<p>Utilice piezas originales\u00a0<strong>Paxton<\/strong>\u00a0para extender la vida \u00fatil y mantener la garant\u00eda del soplador.<\/p>\n\n\n\n<p><strong>\u2022&nbsp;Filtros:<\/strong>&nbsp;Los filtros de entrada Paxton utilizan tecnolog\u00eda EnduralastTM para atrapar m\u00e1s part\u00edculas y mantenerse en ambientes duros con una durabilidad 50% mayor al resto.<\/p>\n\n\n\n<p><strong>\u2022&nbsp;Correas<\/strong>: Las correas Paxton est\u00e1n dise\u00f1ados para reducir cargas de apoyo, alargando la vida del cabezal soplador.<\/p>\n\n\n\n<ul class=\"wp-block-list\">\n<li>Las correas XT-series son auto-tensadas, y no requieren una tensi\u00f3n mec\u00e1nica.<\/li>\n\n\n\n<li>Las correas AT-series est\u00e1n reforzadas con Aramida para dar resistencia y reducir el estiramiento a menos del 1%.<\/li>\n<\/ul>\n\n\n\n<p><strong>\u2022 Tensionador:<\/strong>&nbsp;El dise\u00f1o de dos rodamientos reduce la vibraci\u00f3n para una larga vida y un funcionamiento suave. El Tensor est\u00e1 dise\u00f1ado para proporcionar a\u00f1os de servicio confiable; El resorte debe ser reemplazado cada a\u00f1o para mantener la tensi\u00f3n para una vida \u00f3ptima de la correa y el rendimiento del soplador.<\/p>\n\n\n\n<p><strong>\u2022 Cabezas del soplador:<\/strong>&nbsp;cabezas de reemplazo del soplador Paxton vienen con la mejor garant\u00eda de 3 a\u00f1os de la industria. cabezas de soplador de recambio est\u00e1n totalmente probadas y deben pasar las pruebas de calidad estrictas para el equilibrio y la vibraci\u00f3n, lo que garantiza la m\u00e1xima fiabilidad.<\/p>\n\n\n\n<p><strong>Accesorios de Instalaci\u00f3n.<\/strong><\/p>\n\n\n\n<p><strong>Paxton Products<\/strong>\u00a0ofrece una l\u00ednea completa de accesorios de tuber\u00edas, dise\u00f1ado espec\u00edficamente para reducir la ca\u00edda de presi\u00f3n entre el ventilador y el objetivo.<\/p>\n\n\n\n<ul class=\"wp-block-list\">\n<li><strong>Adaptador Zero Loss:<\/strong>&nbsp;Acoplamientos y reductores para la transici\u00f3n de la c\u00e9dula 40 PVC a la manguera<\/li>\n\n\n\n<li><strong>Reductor de acero inox:<\/strong>&nbsp;Para la transici\u00f3n desde la manguera a la manguera OR del dispositivo de suministro de aire.<\/li>\n\n\n\n<li><strong>Manguito conector:<\/strong>&nbsp;caucho reforzado con abrazaderas para la transici\u00f3n de tubo-tubo: 2, 3, y 4 pulgadas.<\/li>\n\n\n\n<li><strong>Manguito conector:<\/strong>&nbsp;caucho reforzado con abrazaderas para la transici\u00f3n de tubo-tubo: 2, 3, y 4 pulgadas.<\/li>\n\n\n\n<li><strong>Codo de acero Inox:<\/strong>&nbsp;codo bajo: 3pulgadas y 4 pulgadas.<\/li>\n\n\n\n<li><strong>Manguera flexible:<\/strong>&nbsp;poli\u00e9ster negro cubierto en acr\u00edlico con refuerzo de alambre de acero: 3 pulgadas x 10 pies.<\/li>\n\n\n\n<li><strong>Divisores:<\/strong>&nbsp;construcci\u00f3n de polietileno de alta densidad: 2 v\u00edas, 3 v\u00edas y 4 v\u00edas.<\/li>\n\n\n\n<li><strong>V\u00e1lvulas de control de flujo:<\/strong>&nbsp;Regula el flujo de aire y la presi\u00f3n para optimizar el rendimiento: de 3 pulgadas y 4 pulgadas OD.<\/li>\n<\/ul>\n\n\n\n<p>Ver\u00a0<a href=\"https:\/\/ttemsa.com\/industria\/images\/pdf\/Accesorios-paxton.pdf\" target=\"_blank\" rel=\"noreferrer noopener\">Cat\u00e1logo en espa\u00f1ol<\/a><\/p>\n","protected":false},"excerpt":{"rendered":"<p>Utilice piezas originales\u00a0Paxton\u00a0para extender la vida \u00fatil y mantener la garant\u00eda del soplador. \u2022&nbsp;Filtros:&nbsp;Los filtros de entrada Paxton utilizan tecnolog\u00eda EnduralastTM para atrapar m\u00e1s part\u00edculas y mantenerse en ambientes duros con una durabilidad 50% mayor al resto. \u2022&nbsp;Correas: Las correas Paxton est\u00e1n dise\u00f1ados para reducir cargas de apoyo, alargando la vida del cabezal soplador. \u2022 [&hellip;]<\/p>\n","protected":false},"author":1,"featured_media":0,"parent":14,"menu_order":0,"comment_status":"closed","ping_status":"closed","template":"","meta":{"content-type":"","footnotes":""},"categories":[19],"tags":[],"class_list":["post-1750","page","type-page","status-publish","hentry","category-paxton-2018"],"yoast_head":"<!-- This site is optimized with the Yoast SEO plugin v26.6 - https:\/\/yoast.com\/wordpress\/plugins\/seo\/ -->\n<title>REFACCIONES SOPLADOR - industria-de-la-conversion.ttemsa<\/title>\n<meta name=\"description\" content=\"Accesorios de Mantenimiento Utilice piezas originales Paxton para extender la vida \u00fatil y mantener la garant\u00eda del soplador. \u2022 Filtros: En ttemsa ofrecemos Soluciones. Solicite + info Tel\u00e9fonos: + 52 (55) 5352-0191 5352-1301 5352-6070 5352-0593\" \/>\n<meta name=\"robots\" content=\"index, follow, max-snippet:-1, max-image-preview:large, max-video-preview:-1\" \/>\n<link rel=\"canonical\" href=\"https:\/\/ttemsa.com\/industria\/index.php\/paxton-2018\/refacciones-soplador\/\" \/>\n<meta property=\"og:locale\" content=\"es_MX\" \/>\n<meta property=\"og:type\" content=\"article\" \/>\n<meta property=\"og:title\" content=\"Accesorios de Mantenimiento Utilice piezas originales Paxton para extender la vida \u00fatil y mantener la garant\u00eda del soplador. \u2022 Filtros\" \/>\n<meta property=\"og:description\" content=\"En ttemsa ofrecemos Soluciones. Solicite + info Tel\u00e9fonos: + 52 (55) 5352-0191 5352-1301 5352-6070 5352-0593\" \/>\n<meta property=\"og:url\" content=\"https:\/\/ttemsa.com\/industria\/index.php\/paxton-2018\/refacciones-soplador\/\" \/>\n<meta property=\"og:site_name\" content=\"industria-de-la-conversion.ttemsa\" \/>\n<meta property=\"article:modified_time\" content=\"2024-03-06T13:16:05+00:00\" \/>\n<meta property=\"og:image\" content=\"https:\/\/ttemsa.com\/industria\/wp-content\/uploads\/2024\/03\/accesorios-de-mantenimiento-paxton.jpg\" \/>\n\t<meta property=\"og:image:width\" content=\"1119\" \/>\n\t<meta property=\"og:image:height\" content=\"971\" \/>\n\t<meta property=\"og:image:type\" content=\"image\/jpeg\" \/>\n<meta name=\"twitter:card\" content=\"summary_large_image\" \/>\n<meta name=\"twitter:label1\" content=\"Tiempo de lectura\" \/>\n\t<meta name=\"twitter:data1\" content=\"3 minutos\" \/>\n<script type=\"application\/ld+json\" class=\"yoast-schema-graph\">{\"@context\":\"https:\/\/schema.org\",\"@graph\":[{\"@type\":\"WebPage\",\"@id\":\"https:\/\/ttemsa.com\/industria\/index.php\/paxton-2018\/refacciones-soplador\/\",\"url\":\"https:\/\/ttemsa.com\/industria\/index.php\/paxton-2018\/refacciones-soplador\/\",\"name\":\"REFACCIONES SOPLADOR - industria-de-la-conversion.ttemsa\",\"isPartOf\":{\"@id\":\"https:\/\/ttemsa.com\/industria\/#website\"},\"primaryImageOfPage\":{\"@id\":\"https:\/\/ttemsa.com\/industria\/index.php\/paxton-2018\/refacciones-soplador\/#primaryimage\"},\"image\":{\"@id\":\"https:\/\/ttemsa.com\/industria\/index.php\/paxton-2018\/refacciones-soplador\/#primaryimage\"},\"thumbnailUrl\":\"https:\/\/ttemsa.com\/industria\/wp-content\/uploads\/2024\/03\/accesorios-de-mantenimiento-paxton-1024x889.jpg\",\"datePublished\":\"2024-03-01T21:32:23+00:00\",\"dateModified\":\"2024-03-06T13:16:05+00:00\",\"description\":\"Accesorios de Mantenimiento Utilice piezas originales Paxton para extender la vida \u00fatil y mantener la garant\u00eda del soplador. \u2022 Filtros: En ttemsa ofrecemos Soluciones. Solicite + info Tel\u00e9fonos: + 52 (55) 5352-0191 5352-1301 5352-6070 5352-0593\",\"breadcrumb\":{\"@id\":\"https:\/\/ttemsa.com\/industria\/index.php\/paxton-2018\/refacciones-soplador\/#breadcrumb\"},\"inLanguage\":\"es\",\"potentialAction\":[{\"@type\":\"ReadAction\",\"target\":[\"https:\/\/ttemsa.com\/industria\/index.php\/paxton-2018\/refacciones-soplador\/\"]}]},{\"@type\":\"ImageObject\",\"inLanguage\":\"es\",\"@id\":\"https:\/\/ttemsa.com\/industria\/index.php\/paxton-2018\/refacciones-soplador\/#primaryimage\",\"url\":\"https:\/\/ttemsa.com\/industria\/wp-content\/uploads\/2024\/03\/accesorios-de-mantenimiento-paxton.jpg\",\"contentUrl\":\"https:\/\/ttemsa.com\/industria\/wp-content\/uploads\/2024\/03\/accesorios-de-mantenimiento-paxton.jpg\",\"width\":1119,\"height\":971},{\"@type\":\"BreadcrumbList\",\"@id\":\"https:\/\/ttemsa.com\/industria\/index.php\/paxton-2018\/refacciones-soplador\/#breadcrumb\",\"itemListElement\":[{\"@type\":\"ListItem\",\"position\":1,\"name\":\"Inicio\",\"item\":\"https:\/\/ttemsa.com\/industria\/\"},{\"@type\":\"ListItem\",\"position\":2,\"name\":\"PAXTON\",\"item\":\"https:\/\/ttemsa.com\/industria\/index.php\/paxton-2018\/\"},{\"@type\":\"ListItem\",\"position\":3,\"name\":\"REFACCIONES SOPLADOR\"}]},{\"@type\":\"WebSite\",\"@id\":\"https:\/\/ttemsa.com\/industria\/#website\",\"url\":\"https:\/\/ttemsa.com\/industria\/\",\"name\":\"industria-de-la-conversion.ttemsa\",\"description\":\"Designed Dianalacazadora.com\",\"alternateName\":\"ttemsa l\u00edderes en la industria de la conversi\u00f3n\",\"potentialAction\":[{\"@type\":\"SearchAction\",\"target\":{\"@type\":\"EntryPoint\",\"urlTemplate\":\"https:\/\/ttemsa.com\/industria\/?s={search_term_string}\"},\"query-input\":{\"@type\":\"PropertyValueSpecification\",\"valueRequired\":true,\"valueName\":\"search_term_string\"}}],\"inLanguage\":\"es\"}]}<\/script>\n<!-- \/ Yoast SEO plugin. -->","yoast_head_json":{"title":"REFACCIONES SOPLADOR - industria-de-la-conversion.ttemsa","description":"Accesorios de Mantenimiento Utilice piezas originales Paxton para extender la vida \u00fatil y mantener la garant\u00eda del soplador. \u2022 Filtros: En ttemsa ofrecemos Soluciones. Solicite + info Tel\u00e9fonos: + 52 (55) 5352-0191 5352-1301 5352-6070 5352-0593","robots":{"index":"index","follow":"follow","max-snippet":"max-snippet:-1","max-image-preview":"max-image-preview:large","max-video-preview":"max-video-preview:-1"},"canonical":"https:\/\/ttemsa.com\/industria\/index.php\/paxton-2018\/refacciones-soplador\/","og_locale":"es_MX","og_type":"article","og_title":"Accesorios de Mantenimiento Utilice piezas originales Paxton para extender la vida \u00fatil y mantener la garant\u00eda del soplador. \u2022 Filtros","og_description":"En ttemsa ofrecemos Soluciones. Solicite + info Tel\u00e9fonos: + 52 (55) 5352-0191 5352-1301 5352-6070 5352-0593","og_url":"https:\/\/ttemsa.com\/industria\/index.php\/paxton-2018\/refacciones-soplador\/","og_site_name":"industria-de-la-conversion.ttemsa","article_modified_time":"2024-03-06T13:16:05+00:00","og_image":[{"width":1119,"height":971,"url":"https:\/\/ttemsa.com\/industria\/wp-content\/uploads\/2024\/03\/accesorios-de-mantenimiento-paxton.jpg","type":"image\/jpeg"}],"twitter_card":"summary_large_image","twitter_misc":{"Tiempo de lectura":"3 minutos"},"schema":{"@context":"https:\/\/schema.org","@graph":[{"@type":"WebPage","@id":"https:\/\/ttemsa.com\/industria\/index.php\/paxton-2018\/refacciones-soplador\/","url":"https:\/\/ttemsa.com\/industria\/index.php\/paxton-2018\/refacciones-soplador\/","name":"REFACCIONES SOPLADOR - industria-de-la-conversion.ttemsa","isPartOf":{"@id":"https:\/\/ttemsa.com\/industria\/#website"},"primaryImageOfPage":{"@id":"https:\/\/ttemsa.com\/industria\/index.php\/paxton-2018\/refacciones-soplador\/#primaryimage"},"image":{"@id":"https:\/\/ttemsa.com\/industria\/index.php\/paxton-2018\/refacciones-soplador\/#primaryimage"},"thumbnailUrl":"https:\/\/ttemsa.com\/industria\/wp-content\/uploads\/2024\/03\/accesorios-de-mantenimiento-paxton-1024x889.jpg","datePublished":"2024-03-01T21:32:23+00:00","dateModified":"2024-03-06T13:16:05+00:00","description":"Accesorios de Mantenimiento Utilice piezas originales Paxton para extender la vida \u00fatil y mantener la garant\u00eda del soplador. \u2022 Filtros: En ttemsa ofrecemos Soluciones. Solicite + info Tel\u00e9fonos: + 52 (55) 5352-0191 5352-1301 5352-6070 5352-0593","breadcrumb":{"@id":"https:\/\/ttemsa.com\/industria\/index.php\/paxton-2018\/refacciones-soplador\/#breadcrumb"},"inLanguage":"es","potentialAction":[{"@type":"ReadAction","target":["https:\/\/ttemsa.com\/industria\/index.php\/paxton-2018\/refacciones-soplador\/"]}]},{"@type":"ImageObject","inLanguage":"es","@id":"https:\/\/ttemsa.com\/industria\/index.php\/paxton-2018\/refacciones-soplador\/#primaryimage","url":"https:\/\/ttemsa.com\/industria\/wp-content\/uploads\/2024\/03\/accesorios-de-mantenimiento-paxton.jpg","contentUrl":"https:\/\/ttemsa.com\/industria\/wp-content\/uploads\/2024\/03\/accesorios-de-mantenimiento-paxton.jpg","width":1119,"height":971},{"@type":"BreadcrumbList","@id":"https:\/\/ttemsa.com\/industria\/index.php\/paxton-2018\/refacciones-soplador\/#breadcrumb","itemListElement":[{"@type":"ListItem","position":1,"name":"Inicio","item":"https:\/\/ttemsa.com\/industria\/"},{"@type":"ListItem","position":2,"name":"PAXTON","item":"https:\/\/ttemsa.com\/industria\/index.php\/paxton-2018\/"},{"@type":"ListItem","position":3,"name":"REFACCIONES SOPLADOR"}]},{"@type":"WebSite","@id":"https:\/\/ttemsa.com\/industria\/#website","url":"https:\/\/ttemsa.com\/industria\/","name":"industria-de-la-conversion.ttemsa","description":"Designed Dianalacazadora.com","alternateName":"ttemsa l\u00edderes en la industria de la conversi\u00f3n","potentialAction":[{"@type":"SearchAction","target":{"@type":"EntryPoint","urlTemplate":"https:\/\/ttemsa.com\/industria\/?s={search_term_string}"},"query-input":{"@type":"PropertyValueSpecification","valueRequired":true,"valueName":"search_term_string"}}],"inLanguage":"es"}]}},"_links":{"self":[{"href":"https:\/\/ttemsa.com\/industria\/index.php\/wp-json\/wp\/v2\/pages\/1750","targetHints":{"allow":["GET"]}}],"collection":[{"href":"https:\/\/ttemsa.com\/industria\/index.php\/wp-json\/wp\/v2\/pages"}],"about":[{"href":"https:\/\/ttemsa.com\/industria\/index.php\/wp-json\/wp\/v2\/types\/page"}],"author":[{"embeddable":true,"href":"https:\/\/ttemsa.com\/industria\/index.php\/wp-json\/wp\/v2\/users\/1"}],"replies":[{"embeddable":true,"href":"https:\/\/ttemsa.com\/industria\/index.php\/wp-json\/wp\/v2\/comments?post=1750"}],"version-history":[{"count":2,"href":"https:\/\/ttemsa.com\/industria\/index.php\/wp-json\/wp\/v2\/pages\/1750\/revisions"}],"predecessor-version":[{"id":2355,"href":"https:\/\/ttemsa.com\/industria\/index.php\/wp-json\/wp\/v2\/pages\/1750\/revisions\/2355"}],"up":[{"embeddable":true,"href":"https:\/\/ttemsa.com\/industria\/index.php\/wp-json\/wp\/v2\/pages\/14"}],"wp:attachment":[{"href":"https:\/\/ttemsa.com\/industria\/index.php\/wp-json\/wp\/v2\/media?parent=1750"}],"wp:term":[{"taxonomy":"category","embeddable":true,"href":"https:\/\/ttemsa.com\/industria\/index.php\/wp-json\/wp\/v2\/categories?post=1750"},{"taxonomy":"post_tag","embeddable":true,"href":"https:\/\/ttemsa.com\/industria\/index.php\/wp-json\/wp\/v2\/tags?post=1750"}],"curies":[{"name":"wp","href":"https:\/\/api.w.org\/{rel}","templated":true}]}}