{"id":1752,"date":"2024-03-01T21:32:37","date_gmt":"2024-03-01T21:32:37","guid":{"rendered":"https:\/\/ttemsa.com\/industria\/index.php\/paxton\/paxton-copy-copy-copy-copy-copy-copy-8\/"},"modified":"2024-03-06T12:54:43","modified_gmt":"2024-03-06T12:54:43","slug":"generalidades","status":"publish","type":"page","link":"https:\/\/ttemsa.com\/industria\/index.php\/paxton-2018\/generalidades\/","title":{"rendered":"Generalidades"},"content":{"rendered":"\n<figure class=\"wp-block-image size-large is-resized\"><img loading=\"lazy\" decoding=\"async\" width=\"1024\" height=\"268\" src=\"https:\/\/ttemsa.com\/industria\/wp-content\/uploads\/2024\/03\/SPY-1024x268.jpg\" alt=\"\" class=\"wp-image-2333\" style=\"width:957px;height:auto\" srcset=\"https:\/\/ttemsa.com\/industria\/wp-content\/uploads\/2024\/03\/SPY-1024x268.jpg 1024w, https:\/\/ttemsa.com\/industria\/wp-content\/uploads\/2024\/03\/SPY-300x79.jpg 300w, https:\/\/ttemsa.com\/industria\/wp-content\/uploads\/2024\/03\/SPY-768x201.jpg 768w, https:\/\/ttemsa.com\/industria\/wp-content\/uploads\/2024\/03\/SPY-1536x402.jpg 1536w, https:\/\/ttemsa.com\/industria\/wp-content\/uploads\/2024\/03\/SPY.jpg 1920w\" sizes=\"auto, (max-width: 1024px) 100vw, 1024px\" \/><\/figure>\n\n\n<div class=\"wp-block-image\">\n<figure class=\"aligncenter size-full is-resized\"><img loading=\"lazy\" decoding=\"async\" width=\"410\" height=\"123\" src=\"https:\/\/ttemsa.com\/industria\/wp-content\/uploads\/2024\/03\/paxtonlogo.jpg\" alt=\"\" class=\"wp-image-2334\" style=\"width:352px;height:auto\" srcset=\"https:\/\/ttemsa.com\/industria\/wp-content\/uploads\/2024\/03\/paxtonlogo.jpg 410w, https:\/\/ttemsa.com\/industria\/wp-content\/uploads\/2024\/03\/paxtonlogo-300x90.jpg 300w\" sizes=\"auto, (max-width: 410px) 100vw, 410px\" \/><\/figure>\n<\/div>\n\n\n<p>En 1957, Paxton Products introdujo por primera vez el supercargador de alto rendimiento en la industria de las carreras, un dispositivo de compresi\u00f3n de aire que mejora la velocidad y el rendimiento del motor.<\/p>\n\n\n\n<p>En respuesta a la crisis energ\u00e9tiva de la d\u00e9cada de 1970, Paxton fue la pionera en introducir el primer soplador centr\u00edfugo para aplicaciones comerciales e industriales utilizando el mismo alto rendimiento y la tecnolog\u00eda de suministro de aire de alta eficientia energ\u00e9tica utilizada en el supercargador.<\/p>\n\n\n\n<p>El soplador para aplicaciones industriales fue impulsado por un motor el\u00e9ctrico y un sistema de poleas, produciendo cantidades significantes de aire con un uso m\u00ednimo de energ\u00eda.<\/p>\n\n\n\n<p>Un pionero en el desarrollo de las cuchillas de aire y ampliamente considerado como un experto en sistemas de flujo de aire y soluciones, Paxton ha refinado dise\u00f1os de dispositivos de suministro de aire de hoy en d\u00eda para precisi\u00f3n de secado, control de recubrimiento, la eliminaci\u00f3n de polvo y otros materiales no deseados, as\u00ed como cortinas de aire y otras aplicaciones de secado. Los ingenieros de aplicaciones t\u00e9cnicas.<\/p>\n\n\n\n<p>Paxton Products tienen d\u00e9cadas de experiencia y pueden dise\u00f1ar una soluci\u00f3n para sus necesidades de aplicaci\u00f3n.<\/p>\n\n\n\n<figure class=\"wp-block-image size-full is-resized\"><img loading=\"lazy\" decoding=\"async\" width=\"400\" height=\"266\" src=\"https:\/\/ttemsa.com\/industria\/wp-content\/uploads\/2024\/03\/04Big.jpg\" alt=\"\" class=\"wp-image-2337\" style=\"width:657px;height:auto\" srcset=\"https:\/\/ttemsa.com\/industria\/wp-content\/uploads\/2024\/03\/04Big.jpg 400w, https:\/\/ttemsa.com\/industria\/wp-content\/uploads\/2024\/03\/04Big-300x200.jpg 300w\" sizes=\"auto, (max-width: 400px) 100vw, 400px\" \/><\/figure>\n\n\n\n<p><strong>\u00bfPor qu\u00e9 Paxton Products?<\/strong><\/p>\n\n\n\n<p>M\u00e1s de 50 a\u00f1os de innovaci\u00f3n industrial y l\u00edderes en el mercado de sopladores y sistemas de secado.<\/p>\n\n\n\n<p><strong>Soluciones Customizadas<\/strong><\/p>\n\n\n\n<p>Experiencia en ingenier\u00eda de confianza en el dise\u00f1o de soluciones a medida para satisfacer las necesidades espec\u00edficas de la aplicaci\u00f3n al tiempo que maximiza la eficiencia energ\u00e9tica y reduce costes operativos.<\/p>\n\n\n\n<p><strong>100% Garant\u00eda de rendimiento<\/strong><\/p>\n\n\n\n<p>Los sistemas est\u00e1n garantizados para llevar a cabo los requisitos del cliente.<\/p>\n\n\n\n<figure class=\"wp-block-image size-full is-resized\"><img loading=\"lazy\" decoding=\"async\" width=\"400\" height=\"266\" src=\"https:\/\/ttemsa.com\/industria\/wp-content\/uploads\/2024\/03\/05Big.jpg\" alt=\"\" class=\"wp-image-2335\" style=\"width:661px;height:auto\" srcset=\"https:\/\/ttemsa.com\/industria\/wp-content\/uploads\/2024\/03\/05Big.jpg 400w, https:\/\/ttemsa.com\/industria\/wp-content\/uploads\/2024\/03\/05Big-300x200.jpg 300w\" sizes=\"auto, (max-width: 400px) 100vw, 400px\" \/><\/figure>\n\n\n\n<p><strong>Gran base de instalaciones<\/strong><\/p>\n\n\n\n<p>Una lista muy completa de instalaciones a clientes a lo largo de infinidad de industrias.<\/p>\n\n\n\n<p><strong>Rendimiento garantizado<\/strong><\/p>\n\n\n\n<p>Paxton Products, el l\u00edder en Soluciones de secado, ofrece una garant\u00eda de rendimiento del 100% para cualquier sistema de secado por aire Paxton dise\u00f1ado, fabricado, equilibrado y aprobado por Paxton para aplicaciones de secado y soplado.<\/p>\n\n\n\n<figure class=\"wp-block-image size-full is-resized\"><img loading=\"lazy\" decoding=\"async\" width=\"400\" height=\"266\" src=\"https:\/\/ttemsa.com\/industria\/wp-content\/uploads\/2024\/03\/Food-2.jpg\" alt=\"\" class=\"wp-image-2336\" style=\"width:655px;height:auto\" srcset=\"https:\/\/ttemsa.com\/industria\/wp-content\/uploads\/2024\/03\/Food-2.jpg 400w, https:\/\/ttemsa.com\/industria\/wp-content\/uploads\/2024\/03\/Food-2-300x200.jpg 300w\" sizes=\"auto, (max-width: 400px) 100vw, 400px\" \/><\/figure>\n\n\n\n<ul class=\"wp-block-list\">\n<li><strong>Secado:<\/strong>&nbsp;Elimina agua y otros l\u00edquidos del material, dejando la superficie seca y limpia.<\/li>\n\n\n\n<li><strong>Soplado:<\/strong>&nbsp;Elimina polvo, virutas, serr\u00edn, recubrimientos y disolventes.<\/li>\n\n\n\n<li><strong>Transporte:<\/strong>&nbsp;Mueve y ordena partes, capsulas, alimentos congelados y m\u00e1s.<\/li>\n\n\n\n<li><strong>Sujeta:<\/strong>&nbsp;En modo aspiraci\u00f3n, sujeta telas, lana y pl\u00e1sticos.<\/li>\n\n\n\n<li><strong>Enjuaga\/Limpia:<\/strong>&nbsp;Neutralizar la carga est\u00e1tica para liberar el polvo y las part\u00edculas de botellas, latas, pl\u00e1sticos, laminados y superficies met\u00e1licas.<\/li>\n<\/ul>\n","protected":false},"excerpt":{"rendered":"<p>En 1957, Paxton Products introdujo por primera vez el supercargador de alto rendimiento en la industria de las carreras, un dispositivo de compresi\u00f3n de aire que mejora la velocidad y el rendimiento del motor. En respuesta a la crisis energ\u00e9tiva de la d\u00e9cada de 1970, Paxton fue la pionera en introducir el primer soplador centr\u00edfugo [&hellip;]<\/p>\n","protected":false},"author":1,"featured_media":0,"parent":14,"menu_order":0,"comment_status":"closed","ping_status":"closed","template":"","meta":{"content-type":"","footnotes":""},"categories":[19],"tags":[],"class_list":["post-1752","page","type-page","status-publish","hentry","category-paxton-2018"],"yoast_head":"<!-- This site is optimized with the Yoast SEO plugin v26.6 - https:\/\/yoast.com\/wordpress\/plugins\/seo\/ -->\n<title>Generalidades - industria-de-la-conversion.ttemsa<\/title>\n<meta name=\"description\" content=\"Paxton Products, el l\u00edder en Soluciones de secado, ofrece una garant\u00eda de rendimiento del 100% para cualquier sistema de secado por aire Paxton dise\u00f1ado, fabricado, equilibrado y aprobado por Paxton para aplicaciones de secado y soplado.\" \/>\n<meta name=\"robots\" content=\"index, follow, max-snippet:-1, max-image-preview:large, max-video-preview:-1\" \/>\n<link rel=\"canonical\" href=\"https:\/\/ttemsa.com\/industria\/index.php\/paxton-2018\/generalidades\/\" \/>\n<meta property=\"og:locale\" content=\"es_MX\" \/>\n<meta property=\"og:type\" content=\"article\" \/>\n<meta property=\"og:title\" content=\"Paxton Products, el l\u00edder en Soluciones de secado, ofrece una garant\u00eda de rendimiento del 100% para cualquier sistema de secado por aire.\" \/>\n<meta property=\"og:description\" content=\"En ttemsa ofrecemos Soluciones. Solicite + info Tel\u00e9fonos: + 52 (55) 5352-0191 5352-1301 5352-6070 5352-0593\" \/>\n<meta property=\"og:url\" content=\"https:\/\/ttemsa.com\/industria\/index.php\/paxton-2018\/generalidades\/\" \/>\n<meta property=\"og:site_name\" content=\"industria-de-la-conversion.ttemsa\" \/>\n<meta property=\"article:modified_time\" content=\"2024-03-06T12:54:43+00:00\" \/>\n<meta property=\"og:image\" content=\"https:\/\/ttemsa.com\/industria\/wp-content\/uploads\/2024\/03\/Food-2.jpg\" \/>\n\t<meta property=\"og:image:width\" content=\"400\" \/>\n\t<meta property=\"og:image:height\" content=\"266\" \/>\n\t<meta property=\"og:image:type\" content=\"image\/jpeg\" \/>\n<meta name=\"twitter:card\" content=\"summary_large_image\" \/>\n<meta name=\"twitter:label1\" content=\"Tiempo de lectura\" \/>\n\t<meta name=\"twitter:data1\" content=\"3 minutos\" \/>\n<script type=\"application\/ld+json\" class=\"yoast-schema-graph\">{\"@context\":\"https:\/\/schema.org\",\"@graph\":[{\"@type\":\"WebPage\",\"@id\":\"https:\/\/ttemsa.com\/industria\/index.php\/paxton-2018\/generalidades\/\",\"url\":\"https:\/\/ttemsa.com\/industria\/index.php\/paxton-2018\/generalidades\/\",\"name\":\"Generalidades - industria-de-la-conversion.ttemsa\",\"isPartOf\":{\"@id\":\"https:\/\/ttemsa.com\/industria\/#website\"},\"primaryImageOfPage\":{\"@id\":\"https:\/\/ttemsa.com\/industria\/index.php\/paxton-2018\/generalidades\/#primaryimage\"},\"image\":{\"@id\":\"https:\/\/ttemsa.com\/industria\/index.php\/paxton-2018\/generalidades\/#primaryimage\"},\"thumbnailUrl\":\"https:\/\/ttemsa.com\/industria\/wp-content\/uploads\/2024\/03\/SPY-1024x268.jpg\",\"datePublished\":\"2024-03-01T21:32:37+00:00\",\"dateModified\":\"2024-03-06T12:54:43+00:00\",\"description\":\"Paxton Products, el l\u00edder en Soluciones de secado, ofrece una garant\u00eda de rendimiento del 100% para cualquier sistema de secado por aire Paxton dise\u00f1ado, fabricado, equilibrado y aprobado por Paxton para aplicaciones de secado y soplado.\",\"breadcrumb\":{\"@id\":\"https:\/\/ttemsa.com\/industria\/index.php\/paxton-2018\/generalidades\/#breadcrumb\"},\"inLanguage\":\"es\",\"potentialAction\":[{\"@type\":\"ReadAction\",\"target\":[\"https:\/\/ttemsa.com\/industria\/index.php\/paxton-2018\/generalidades\/\"]}]},{\"@type\":\"ImageObject\",\"inLanguage\":\"es\",\"@id\":\"https:\/\/ttemsa.com\/industria\/index.php\/paxton-2018\/generalidades\/#primaryimage\",\"url\":\"https:\/\/ttemsa.com\/industria\/wp-content\/uploads\/2024\/03\/SPY.jpg\",\"contentUrl\":\"https:\/\/ttemsa.com\/industria\/wp-content\/uploads\/2024\/03\/SPY.jpg\",\"width\":1920,\"height\":503},{\"@type\":\"BreadcrumbList\",\"@id\":\"https:\/\/ttemsa.com\/industria\/index.php\/paxton-2018\/generalidades\/#breadcrumb\",\"itemListElement\":[{\"@type\":\"ListItem\",\"position\":1,\"name\":\"Inicio\",\"item\":\"https:\/\/ttemsa.com\/industria\/\"},{\"@type\":\"ListItem\",\"position\":2,\"name\":\"PAXTON\",\"item\":\"https:\/\/ttemsa.com\/industria\/index.php\/paxton-2018\/\"},{\"@type\":\"ListItem\",\"position\":3,\"name\":\"Generalidades\"}]},{\"@type\":\"WebSite\",\"@id\":\"https:\/\/ttemsa.com\/industria\/#website\",\"url\":\"https:\/\/ttemsa.com\/industria\/\",\"name\":\"industria-de-la-conversion.ttemsa\",\"description\":\"Designed Dianalacazadora.com\",\"alternateName\":\"ttemsa l\u00edderes en la industria de la conversi\u00f3n\",\"potentialAction\":[{\"@type\":\"SearchAction\",\"target\":{\"@type\":\"EntryPoint\",\"urlTemplate\":\"https:\/\/ttemsa.com\/industria\/?s={search_term_string}\"},\"query-input\":{\"@type\":\"PropertyValueSpecification\",\"valueRequired\":true,\"valueName\":\"search_term_string\"}}],\"inLanguage\":\"es\"}]}<\/script>\n<!-- \/ Yoast SEO plugin. -->","yoast_head_json":{"title":"Generalidades - industria-de-la-conversion.ttemsa","description":"Paxton Products, el l\u00edder en Soluciones de secado, ofrece una garant\u00eda de rendimiento del 100% para cualquier sistema de secado por aire Paxton dise\u00f1ado, fabricado, equilibrado y aprobado por Paxton para aplicaciones de secado y soplado.","robots":{"index":"index","follow":"follow","max-snippet":"max-snippet:-1","max-image-preview":"max-image-preview:large","max-video-preview":"max-video-preview:-1"},"canonical":"https:\/\/ttemsa.com\/industria\/index.php\/paxton-2018\/generalidades\/","og_locale":"es_MX","og_type":"article","og_title":"Paxton Products, el l\u00edder en Soluciones de secado, ofrece una garant\u00eda de rendimiento del 100% para cualquier sistema de secado por aire.","og_description":"En ttemsa ofrecemos Soluciones. Solicite + info Tel\u00e9fonos: + 52 (55) 5352-0191 5352-1301 5352-6070 5352-0593","og_url":"https:\/\/ttemsa.com\/industria\/index.php\/paxton-2018\/generalidades\/","og_site_name":"industria-de-la-conversion.ttemsa","article_modified_time":"2024-03-06T12:54:43+00:00","og_image":[{"width":400,"height":266,"url":"https:\/\/ttemsa.com\/industria\/wp-content\/uploads\/2024\/03\/Food-2.jpg","type":"image\/jpeg"}],"twitter_card":"summary_large_image","twitter_misc":{"Tiempo de lectura":"3 minutos"},"schema":{"@context":"https:\/\/schema.org","@graph":[{"@type":"WebPage","@id":"https:\/\/ttemsa.com\/industria\/index.php\/paxton-2018\/generalidades\/","url":"https:\/\/ttemsa.com\/industria\/index.php\/paxton-2018\/generalidades\/","name":"Generalidades - industria-de-la-conversion.ttemsa","isPartOf":{"@id":"https:\/\/ttemsa.com\/industria\/#website"},"primaryImageOfPage":{"@id":"https:\/\/ttemsa.com\/industria\/index.php\/paxton-2018\/generalidades\/#primaryimage"},"image":{"@id":"https:\/\/ttemsa.com\/industria\/index.php\/paxton-2018\/generalidades\/#primaryimage"},"thumbnailUrl":"https:\/\/ttemsa.com\/industria\/wp-content\/uploads\/2024\/03\/SPY-1024x268.jpg","datePublished":"2024-03-01T21:32:37+00:00","dateModified":"2024-03-06T12:54:43+00:00","description":"Paxton Products, el l\u00edder en Soluciones de secado, ofrece una garant\u00eda de rendimiento del 100% para cualquier sistema de secado por aire Paxton dise\u00f1ado, fabricado, equilibrado y aprobado por Paxton para aplicaciones de secado y soplado.","breadcrumb":{"@id":"https:\/\/ttemsa.com\/industria\/index.php\/paxton-2018\/generalidades\/#breadcrumb"},"inLanguage":"es","potentialAction":[{"@type":"ReadAction","target":["https:\/\/ttemsa.com\/industria\/index.php\/paxton-2018\/generalidades\/"]}]},{"@type":"ImageObject","inLanguage":"es","@id":"https:\/\/ttemsa.com\/industria\/index.php\/paxton-2018\/generalidades\/#primaryimage","url":"https:\/\/ttemsa.com\/industria\/wp-content\/uploads\/2024\/03\/SPY.jpg","contentUrl":"https:\/\/ttemsa.com\/industria\/wp-content\/uploads\/2024\/03\/SPY.jpg","width":1920,"height":503},{"@type":"BreadcrumbList","@id":"https:\/\/ttemsa.com\/industria\/index.php\/paxton-2018\/generalidades\/#breadcrumb","itemListElement":[{"@type":"ListItem","position":1,"name":"Inicio","item":"https:\/\/ttemsa.com\/industria\/"},{"@type":"ListItem","position":2,"name":"PAXTON","item":"https:\/\/ttemsa.com\/industria\/index.php\/paxton-2018\/"},{"@type":"ListItem","position":3,"name":"Generalidades"}]},{"@type":"WebSite","@id":"https:\/\/ttemsa.com\/industria\/#website","url":"https:\/\/ttemsa.com\/industria\/","name":"industria-de-la-conversion.ttemsa","description":"Designed Dianalacazadora.com","alternateName":"ttemsa l\u00edderes en la industria de la conversi\u00f3n","potentialAction":[{"@type":"SearchAction","target":{"@type":"EntryPoint","urlTemplate":"https:\/\/ttemsa.com\/industria\/?s={search_term_string}"},"query-input":{"@type":"PropertyValueSpecification","valueRequired":true,"valueName":"search_term_string"}}],"inLanguage":"es"}]}},"_links":{"self":[{"href":"https:\/\/ttemsa.com\/industria\/index.php\/wp-json\/wp\/v2\/pages\/1752","targetHints":{"allow":["GET"]}}],"collection":[{"href":"https:\/\/ttemsa.com\/industria\/index.php\/wp-json\/wp\/v2\/pages"}],"about":[{"href":"https:\/\/ttemsa.com\/industria\/index.php\/wp-json\/wp\/v2\/types\/page"}],"author":[{"embeddable":true,"href":"https:\/\/ttemsa.com\/industria\/index.php\/wp-json\/wp\/v2\/users\/1"}],"replies":[{"embeddable":true,"href":"https:\/\/ttemsa.com\/industria\/index.php\/wp-json\/wp\/v2\/comments?post=1752"}],"version-history":[{"count":2,"href":"https:\/\/ttemsa.com\/industria\/index.php\/wp-json\/wp\/v2\/pages\/1752\/revisions"}],"predecessor-version":[{"id":2338,"href":"https:\/\/ttemsa.com\/industria\/index.php\/wp-json\/wp\/v2\/pages\/1752\/revisions\/2338"}],"up":[{"embeddable":true,"href":"https:\/\/ttemsa.com\/industria\/index.php\/wp-json\/wp\/v2\/pages\/14"}],"wp:attachment":[{"href":"https:\/\/ttemsa.com\/industria\/index.php\/wp-json\/wp\/v2\/media?parent=1752"}],"wp:term":[{"taxonomy":"category","embeddable":true,"href":"https:\/\/ttemsa.com\/industria\/index.php\/wp-json\/wp\/v2\/categories?post=1752"},{"taxonomy":"post_tag","embeddable":true,"href":"https:\/\/ttemsa.com\/industria\/index.php\/wp-json\/wp\/v2\/tags?post=1752"}],"curies":[{"name":"wp","href":"https:\/\/api.w.org\/{rel}","templated":true}]}}