{"id":1758,"date":"2024-03-01T21:33:18","date_gmt":"2024-03-01T21:33:18","guid":{"rendered":"https:\/\/ttemsa.com\/industria\/index.php\/paxton\/paxton-copy-copy-copy-copy-copy-7\/"},"modified":"2024-03-06T14:59:43","modified_gmt":"2024-03-06T14:59:43","slug":"sistemas-powerdry","status":"publish","type":"page","link":"https:\/\/ttemsa.com\/industria\/index.php\/paxton-2018\/sistemas-powerdry\/","title":{"rendered":"Sistemas PowerDry"},"content":{"rendered":"\n<figure class=\"wp-block-image size-large\"><img loading=\"lazy\" decoding=\"async\" width=\"1024\" height=\"454\" src=\"https:\/\/ttemsa.com\/industria\/wp-content\/uploads\/2024\/03\/1p-1024x454.png\" alt=\"\" class=\"wp-image-2428\" srcset=\"https:\/\/ttemsa.com\/industria\/wp-content\/uploads\/2024\/03\/1p-1024x454.png 1024w, https:\/\/ttemsa.com\/industria\/wp-content\/uploads\/2024\/03\/1p-300x133.png 300w, https:\/\/ttemsa.com\/industria\/wp-content\/uploads\/2024\/03\/1p-768x340.png 768w, https:\/\/ttemsa.com\/industria\/wp-content\/uploads\/2024\/03\/1p.png 1250w\" sizes=\"auto, (max-width: 1024px) 100vw, 1024px\" \/><\/figure>\n\n\n<div class=\"wp-block-image\">\n<figure class=\"aligncenter size-full is-resized\"><img loading=\"lazy\" decoding=\"async\" width=\"410\" height=\"123\" src=\"https:\/\/ttemsa.com\/industria\/wp-content\/uploads\/2024\/03\/paxtonlogo.jpg\" alt=\"\" class=\"wp-image-2334\" style=\"width:204px;height:auto\" srcset=\"https:\/\/ttemsa.com\/industria\/wp-content\/uploads\/2024\/03\/paxtonlogo.jpg 410w, https:\/\/ttemsa.com\/industria\/wp-content\/uploads\/2024\/03\/paxtonlogo-300x90.jpg 300w\" sizes=\"auto, (max-width: 410px) 100vw, 410px\" \/><\/figure>\n<\/div>\n\n\n<p>Originalmente dise\u00f1ado para aplicaciones de codificaci\u00f3n de fecha, el sistema patentado PowerDry \u2122 establece el est\u00e1ndar para un secado completo y un sistema de soplado de aire del que se puede utilizar para el secado y soplado de una amplia variedad de latas, botellas y tarros.<\/p>\n\n\n\n<p>\u2022 Se amortiza por s\u00ed solo gracias al ahorro de energ\u00eda en un a\u00f1o<\/p>\n\n\n\n<p>\u2022 Elimina la humedad relacionada con problemas en el envasado, etiquetado y codificaci\u00f3n<\/p>\n\n\n\n<p>\u2022 Se ajusta para llegar debajo de tapas, c\u00e1psulas y grietas<\/p>\n\n\n\n<p><strong>Especificaciones Sistemas Power Drive<\/strong><\/p>\n\n\n\n<figure class=\"wp-block-table\"><table><tbody><tr><td><strong>BENEFICIOS<\/strong><\/td><\/tr><tr><td>\u2022 Provee constante superficie seca para el etiquetado de fecha\u2022 Reduce hasta un 80% del consumo total de energ\u00eda, en comparaci\u00f3n con sistemas de aire comprimido\u2022 Retorno de inversi\u00f3n en a menudo en menos de 1 a\u00f1o\u2022 Proporciona eliminaci\u00f3n de la humedad y los desechos de las partes superiores y laterales de botellas y latas\u2022 Elimina la contaminaci\u00f3n debido al aceite, la humedad y la escala que puede estar presente en el aire\u2022 Ajusta f\u00e1cilmente a los cambios r\u00e1pidos de tama\u00f1o de productos y contenedores\u2022 Aumenta la velocidad de la cinta transportadora hasta 50%\u2022 Adaptable a cualquier velocidad de cinta transportadora siendo hasta 500 latas o botellas por minuto\u2022 Elimina puntos de agua y otros problemas relacionados con la humedad\u2022 Ofrece capacidades inmejorables de lavado<\/td><\/tr><\/tbody><\/table><\/figure>\n\n\n\n<p><br>Especificaciones Generales POWER DRIVE<\/p>\n\n\n\n<figure class=\"wp-block-image size-full\"><img loading=\"lazy\" decoding=\"async\" width=\"892\" height=\"620\" src=\"https:\/\/ttemsa.com\/industria\/wp-content\/uploads\/2024\/03\/SPD1.png\" alt=\"\" class=\"wp-image-2430\" srcset=\"https:\/\/ttemsa.com\/industria\/wp-content\/uploads\/2024\/03\/SPD1.png 892w, https:\/\/ttemsa.com\/industria\/wp-content\/uploads\/2024\/03\/SPD1-300x209.png 300w, https:\/\/ttemsa.com\/industria\/wp-content\/uploads\/2024\/03\/SPD1-768x534.png 768w\" sizes=\"auto, (max-width: 892px) 100vw, 892px\" \/><\/figure>\n\n\n\n<figure class=\"wp-block-image size-full\"><img loading=\"lazy\" decoding=\"async\" width=\"884\" height=\"670\" src=\"https:\/\/ttemsa.com\/industria\/wp-content\/uploads\/2024\/03\/SPD2.png\" alt=\"\" class=\"wp-image-2431\" srcset=\"https:\/\/ttemsa.com\/industria\/wp-content\/uploads\/2024\/03\/SPD2.png 884w, https:\/\/ttemsa.com\/industria\/wp-content\/uploads\/2024\/03\/SPD2-300x227.png 300w, https:\/\/ttemsa.com\/industria\/wp-content\/uploads\/2024\/03\/SPD2-768x582.png 768w\" sizes=\"auto, (max-width: 884px) 100vw, 884px\" \/><\/figure>\n\n\n\n<h4 class=\"wp-block-heading\">Ver PDF<\/h4>\n\n\n\n<p><a href=\"http:\/\/ttemsa.com\/images\/pdf\/Sistemas-PowerDry.pdf\" target=\"_blank\" rel=\"noreferrer noopener\">Cat\u00e1logo en Espa\u00f1ol<\/a><\/p>\n\n\n\n<p><\/p>\n","protected":false},"excerpt":{"rendered":"<p>Originalmente dise\u00f1ado para aplicaciones de codificaci\u00f3n de fecha, el sistema patentado PowerDry \u2122 establece el est\u00e1ndar para un secado completo y un sistema de soplado de aire del que se puede utilizar para el secado y soplado de una amplia variedad de latas, botellas y tarros. \u2022 Se amortiza por s\u00ed solo gracias al ahorro [&hellip;]<\/p>\n","protected":false},"author":1,"featured_media":0,"parent":14,"menu_order":0,"comment_status":"closed","ping_status":"closed","template":"","meta":{"content-type":"","footnotes":""},"categories":[19],"tags":[],"class_list":["post-1758","page","type-page","status-publish","hentry","category-paxton-2018"],"yoast_head":"<!-- This site is optimized with the Yoast SEO plugin v26.6 - https:\/\/yoast.com\/wordpress\/plugins\/seo\/ -->\n<title>Sistemas PowerDry - industria-de-la-conversion.ttemsa<\/title>\n<meta name=\"description\" content=\"Sistemas PowerDryOriginalmente dise\u00f1ado para aplicaciones de codificaci\u00f3n de fecha, el sistema patentado PowerDry \u2122 establece el est\u00e1ndar para un secado completo\" \/>\n<meta name=\"robots\" content=\"index, follow, max-snippet:-1, max-image-preview:large, max-video-preview:-1\" \/>\n<link rel=\"canonical\" href=\"https:\/\/ttemsa.com\/industria\/index.php\/paxton-2018\/sistemas-powerdry\/\" \/>\n<meta property=\"og:locale\" content=\"es_MX\" \/>\n<meta property=\"og:type\" content=\"article\" \/>\n<meta property=\"og:title\" content=\"Sistemas PowerDryOriginalmente dise\u00f1ado para aplicaciones de codificaci\u00f3n de fecha, el sistema patentado PowerDry \u2122 establece el est\u00e1ndar para un secado completo\" \/>\n<meta property=\"og:description\" content=\"En ttemsa ofrecemos Soluciones. Solicite + info Tel\u00e9fonos: + 52 (55) 5352-0191 5352-1301 5352-6070 5352-0593\" \/>\n<meta property=\"og:url\" content=\"https:\/\/ttemsa.com\/industria\/index.php\/paxton-2018\/sistemas-powerdry\/\" \/>\n<meta property=\"og:site_name\" content=\"industria-de-la-conversion.ttemsa\" \/>\n<meta property=\"article:modified_time\" content=\"2024-03-06T14:59:43+00:00\" \/>\n<meta property=\"og:image\" content=\"https:\/\/ttemsa.com\/industria\/wp-content\/uploads\/2024\/03\/1p.png\" \/>\n\t<meta property=\"og:image:width\" content=\"1250\" \/>\n\t<meta property=\"og:image:height\" content=\"554\" \/>\n\t<meta property=\"og:image:type\" content=\"image\/png\" \/>\n<meta name=\"twitter:card\" content=\"summary_large_image\" \/>\n<meta name=\"twitter:label1\" content=\"Tiempo de lectura\" \/>\n\t<meta name=\"twitter:data1\" content=\"2 minutos\" \/>\n<script type=\"application\/ld+json\" class=\"yoast-schema-graph\">{\"@context\":\"https:\/\/schema.org\",\"@graph\":[{\"@type\":\"WebPage\",\"@id\":\"https:\/\/ttemsa.com\/industria\/index.php\/paxton-2018\/sistemas-powerdry\/\",\"url\":\"https:\/\/ttemsa.com\/industria\/index.php\/paxton-2018\/sistemas-powerdry\/\",\"name\":\"Sistemas PowerDry - industria-de-la-conversion.ttemsa\",\"isPartOf\":{\"@id\":\"https:\/\/ttemsa.com\/industria\/#website\"},\"primaryImageOfPage\":{\"@id\":\"https:\/\/ttemsa.com\/industria\/index.php\/paxton-2018\/sistemas-powerdry\/#primaryimage\"},\"image\":{\"@id\":\"https:\/\/ttemsa.com\/industria\/index.php\/paxton-2018\/sistemas-powerdry\/#primaryimage\"},\"thumbnailUrl\":\"https:\/\/ttemsa.com\/industria\/wp-content\/uploads\/2024\/03\/1p-1024x454.png\",\"datePublished\":\"2024-03-01T21:33:18+00:00\",\"dateModified\":\"2024-03-06T14:59:43+00:00\",\"description\":\"Sistemas PowerDryOriginalmente dise\u00f1ado para aplicaciones de codificaci\u00f3n de fecha, el sistema patentado PowerDry \u2122 establece el est\u00e1ndar para un secado completo\",\"breadcrumb\":{\"@id\":\"https:\/\/ttemsa.com\/industria\/index.php\/paxton-2018\/sistemas-powerdry\/#breadcrumb\"},\"inLanguage\":\"es\",\"potentialAction\":[{\"@type\":\"ReadAction\",\"target\":[\"https:\/\/ttemsa.com\/industria\/index.php\/paxton-2018\/sistemas-powerdry\/\"]}]},{\"@type\":\"ImageObject\",\"inLanguage\":\"es\",\"@id\":\"https:\/\/ttemsa.com\/industria\/index.php\/paxton-2018\/sistemas-powerdry\/#primaryimage\",\"url\":\"https:\/\/ttemsa.com\/industria\/wp-content\/uploads\/2024\/03\/1p.png\",\"contentUrl\":\"https:\/\/ttemsa.com\/industria\/wp-content\/uploads\/2024\/03\/1p.png\",\"width\":1250,\"height\":554},{\"@type\":\"BreadcrumbList\",\"@id\":\"https:\/\/ttemsa.com\/industria\/index.php\/paxton-2018\/sistemas-powerdry\/#breadcrumb\",\"itemListElement\":[{\"@type\":\"ListItem\",\"position\":1,\"name\":\"Inicio\",\"item\":\"https:\/\/ttemsa.com\/industria\/\"},{\"@type\":\"ListItem\",\"position\":2,\"name\":\"PAXTON\",\"item\":\"https:\/\/ttemsa.com\/industria\/index.php\/paxton-2018\/\"},{\"@type\":\"ListItem\",\"position\":3,\"name\":\"Sistemas PowerDry\"}]},{\"@type\":\"WebSite\",\"@id\":\"https:\/\/ttemsa.com\/industria\/#website\",\"url\":\"https:\/\/ttemsa.com\/industria\/\",\"name\":\"industria-de-la-conversion.ttemsa\",\"description\":\"Designed Dianalacazadora.com\",\"alternateName\":\"ttemsa l\u00edderes en la industria de la conversi\u00f3n\",\"potentialAction\":[{\"@type\":\"SearchAction\",\"target\":{\"@type\":\"EntryPoint\",\"urlTemplate\":\"https:\/\/ttemsa.com\/industria\/?s={search_term_string}\"},\"query-input\":{\"@type\":\"PropertyValueSpecification\",\"valueRequired\":true,\"valueName\":\"search_term_string\"}}],\"inLanguage\":\"es\"}]}<\/script>\n<!-- \/ Yoast SEO plugin. -->","yoast_head_json":{"title":"Sistemas PowerDry - industria-de-la-conversion.ttemsa","description":"Sistemas PowerDryOriginalmente dise\u00f1ado para aplicaciones de codificaci\u00f3n de fecha, el sistema patentado PowerDry \u2122 establece el est\u00e1ndar para un secado completo","robots":{"index":"index","follow":"follow","max-snippet":"max-snippet:-1","max-image-preview":"max-image-preview:large","max-video-preview":"max-video-preview:-1"},"canonical":"https:\/\/ttemsa.com\/industria\/index.php\/paxton-2018\/sistemas-powerdry\/","og_locale":"es_MX","og_type":"article","og_title":"Sistemas PowerDryOriginalmente dise\u00f1ado para aplicaciones de codificaci\u00f3n de fecha, el sistema patentado PowerDry \u2122 establece el est\u00e1ndar para un secado completo","og_description":"En ttemsa ofrecemos Soluciones. Solicite + info Tel\u00e9fonos: + 52 (55) 5352-0191 5352-1301 5352-6070 5352-0593","og_url":"https:\/\/ttemsa.com\/industria\/index.php\/paxton-2018\/sistemas-powerdry\/","og_site_name":"industria-de-la-conversion.ttemsa","article_modified_time":"2024-03-06T14:59:43+00:00","og_image":[{"width":1250,"height":554,"url":"https:\/\/ttemsa.com\/industria\/wp-content\/uploads\/2024\/03\/1p.png","type":"image\/png"}],"twitter_card":"summary_large_image","twitter_misc":{"Tiempo de lectura":"2 minutos"},"schema":{"@context":"https:\/\/schema.org","@graph":[{"@type":"WebPage","@id":"https:\/\/ttemsa.com\/industria\/index.php\/paxton-2018\/sistemas-powerdry\/","url":"https:\/\/ttemsa.com\/industria\/index.php\/paxton-2018\/sistemas-powerdry\/","name":"Sistemas PowerDry - industria-de-la-conversion.ttemsa","isPartOf":{"@id":"https:\/\/ttemsa.com\/industria\/#website"},"primaryImageOfPage":{"@id":"https:\/\/ttemsa.com\/industria\/index.php\/paxton-2018\/sistemas-powerdry\/#primaryimage"},"image":{"@id":"https:\/\/ttemsa.com\/industria\/index.php\/paxton-2018\/sistemas-powerdry\/#primaryimage"},"thumbnailUrl":"https:\/\/ttemsa.com\/industria\/wp-content\/uploads\/2024\/03\/1p-1024x454.png","datePublished":"2024-03-01T21:33:18+00:00","dateModified":"2024-03-06T14:59:43+00:00","description":"Sistemas PowerDryOriginalmente dise\u00f1ado para aplicaciones de codificaci\u00f3n de fecha, el sistema patentado PowerDry \u2122 establece el est\u00e1ndar para un secado completo","breadcrumb":{"@id":"https:\/\/ttemsa.com\/industria\/index.php\/paxton-2018\/sistemas-powerdry\/#breadcrumb"},"inLanguage":"es","potentialAction":[{"@type":"ReadAction","target":["https:\/\/ttemsa.com\/industria\/index.php\/paxton-2018\/sistemas-powerdry\/"]}]},{"@type":"ImageObject","inLanguage":"es","@id":"https:\/\/ttemsa.com\/industria\/index.php\/paxton-2018\/sistemas-powerdry\/#primaryimage","url":"https:\/\/ttemsa.com\/industria\/wp-content\/uploads\/2024\/03\/1p.png","contentUrl":"https:\/\/ttemsa.com\/industria\/wp-content\/uploads\/2024\/03\/1p.png","width":1250,"height":554},{"@type":"BreadcrumbList","@id":"https:\/\/ttemsa.com\/industria\/index.php\/paxton-2018\/sistemas-powerdry\/#breadcrumb","itemListElement":[{"@type":"ListItem","position":1,"name":"Inicio","item":"https:\/\/ttemsa.com\/industria\/"},{"@type":"ListItem","position":2,"name":"PAXTON","item":"https:\/\/ttemsa.com\/industria\/index.php\/paxton-2018\/"},{"@type":"ListItem","position":3,"name":"Sistemas PowerDry"}]},{"@type":"WebSite","@id":"https:\/\/ttemsa.com\/industria\/#website","url":"https:\/\/ttemsa.com\/industria\/","name":"industria-de-la-conversion.ttemsa","description":"Designed Dianalacazadora.com","alternateName":"ttemsa l\u00edderes en la industria de la conversi\u00f3n","potentialAction":[{"@type":"SearchAction","target":{"@type":"EntryPoint","urlTemplate":"https:\/\/ttemsa.com\/industria\/?s={search_term_string}"},"query-input":{"@type":"PropertyValueSpecification","valueRequired":true,"valueName":"search_term_string"}}],"inLanguage":"es"}]}},"_links":{"self":[{"href":"https:\/\/ttemsa.com\/industria\/index.php\/wp-json\/wp\/v2\/pages\/1758","targetHints":{"allow":["GET"]}}],"collection":[{"href":"https:\/\/ttemsa.com\/industria\/index.php\/wp-json\/wp\/v2\/pages"}],"about":[{"href":"https:\/\/ttemsa.com\/industria\/index.php\/wp-json\/wp\/v2\/types\/page"}],"author":[{"embeddable":true,"href":"https:\/\/ttemsa.com\/industria\/index.php\/wp-json\/wp\/v2\/users\/1"}],"replies":[{"embeddable":true,"href":"https:\/\/ttemsa.com\/industria\/index.php\/wp-json\/wp\/v2\/comments?post=1758"}],"version-history":[{"count":2,"href":"https:\/\/ttemsa.com\/industria\/index.php\/wp-json\/wp\/v2\/pages\/1758\/revisions"}],"predecessor-version":[{"id":2432,"href":"https:\/\/ttemsa.com\/industria\/index.php\/wp-json\/wp\/v2\/pages\/1758\/revisions\/2432"}],"up":[{"embeddable":true,"href":"https:\/\/ttemsa.com\/industria\/index.php\/wp-json\/wp\/v2\/pages\/14"}],"wp:attachment":[{"href":"https:\/\/ttemsa.com\/industria\/index.php\/wp-json\/wp\/v2\/media?parent=1758"}],"wp:term":[{"taxonomy":"category","embeddable":true,"href":"https:\/\/ttemsa.com\/industria\/index.php\/wp-json\/wp\/v2\/categories?post=1758"},{"taxonomy":"post_tag","embeddable":true,"href":"https:\/\/ttemsa.com\/industria\/index.php\/wp-json\/wp\/v2\/tags?post=1758"}],"curies":[{"name":"wp","href":"https:\/\/api.w.org\/{rel}","templated":true}]}}