{"id":1784,"date":"2024-03-01T21:42:18","date_gmt":"2024-03-01T21:42:18","guid":{"rendered":"https:\/\/ttemsa.com\/industria\/index.php\/paxton\/paxton-copy-copy-copy-copy-copy-copy-copy-copy-copy-copy-copy\/"},"modified":"2024-03-06T14:07:48","modified_gmt":"2024-03-06T14:07:48","slug":"electronica-y-solar","status":"publish","type":"page","link":"https:\/\/ttemsa.com\/industria\/index.php\/paxton-2018\/electronica-y-solar\/","title":{"rendered":"ELECTR\u00d3NICA Y SOLAR"},"content":{"rendered":"<div class=\"wp-block-image\">\n<figure class=\"aligncenter size-full\"><img loading=\"lazy\" decoding=\"async\" width=\"587\" height=\"385\" src=\"https:\/\/ttemsa.com\/industria\/wp-content\/uploads\/2024\/03\/soplador-electronica-paxton.jpg\" alt=\"\" class=\"wp-image-2394\" srcset=\"https:\/\/ttemsa.com\/industria\/wp-content\/uploads\/2024\/03\/soplador-electronica-paxton.jpg 587w, https:\/\/ttemsa.com\/industria\/wp-content\/uploads\/2024\/03\/soplador-electronica-paxton-300x197.jpg 300w\" sizes=\"auto, (max-width: 587px) 100vw, 587px\" \/><\/figure>\n<\/div>\n\n<div class=\"wp-block-image\">\n<figure class=\"aligncenter size-full is-resized\"><img loading=\"lazy\" decoding=\"async\" width=\"410\" height=\"123\" src=\"https:\/\/ttemsa.com\/industria\/wp-content\/uploads\/2024\/03\/paxtonlogo.jpg\" alt=\"\" class=\"wp-image-2334\" style=\"width:256px;height:auto\" srcset=\"https:\/\/ttemsa.com\/industria\/wp-content\/uploads\/2024\/03\/paxtonlogo.jpg 410w, https:\/\/ttemsa.com\/industria\/wp-content\/uploads\/2024\/03\/paxtonlogo-300x90.jpg 300w\" sizes=\"auto, (max-width: 410px) 100vw, 410px\" \/><\/figure>\n<\/div>\n\n\n<ul class=\"wp-block-list\">\n<li>Las aplicaciones electr\u00f3nicas y solares requieren el aire m\u00e1s limpio.<\/li>\n\n\n\n<li>Los sopladores Paxton est\u00e1n configurados con salida Nano o con la filtraci\u00f3n HEPA proveen aire de calidad superior utilizando 1\/5 de energ\u00eda.<\/li>\n\n\n\n<li>Paxton ofrece una amplia variedad de dispositivos de suministro de aire, con sistemas ionizantes disponibles para neutralizar la carga est\u00e1tica y liberar las part\u00edculas adheridas.<\/li>\n\n\n\n<li>Los Sistemas de aire Paxton pueden limpiar y secar cualquier componente para cumplir con los est\u00e1ndares m\u00e1s exigentes.<\/li>\n\n\n\n<li>Productos Paxton utilizados: Los sopladores Paxton de la serie AT y la serie XT est\u00e1n configurados con dispositivos de entrega de aire para el soplado, secado, transporte, limpieza y enjuague<\/li>\n\n\n\n<li>El sistema Paxton de Aire Ionizdo neutraliza la carga est\u00e1tica para eliminar la suciedad, el polvo y las part\u00edculas adheridas.<\/li>\n<\/ul>\n\n\n\n<figure class=\"wp-block-image size-large\"><img loading=\"lazy\" decoding=\"async\" width=\"1024\" height=\"551\" src=\"https:\/\/ttemsa.com\/industria\/wp-content\/uploads\/2024\/03\/electronica-tabla-paxton-1024x551.jpg\" alt=\"\" class=\"wp-image-2396\" srcset=\"https:\/\/ttemsa.com\/industria\/wp-content\/uploads\/2024\/03\/electronica-tabla-paxton-1024x551.jpg 1024w, https:\/\/ttemsa.com\/industria\/wp-content\/uploads\/2024\/03\/electronica-tabla-paxton-300x161.jpg 300w, https:\/\/ttemsa.com\/industria\/wp-content\/uploads\/2024\/03\/electronica-tabla-paxton-768x413.jpg 768w, https:\/\/ttemsa.com\/industria\/wp-content\/uploads\/2024\/03\/electronica-tabla-paxton.jpg 1301w\" sizes=\"auto, (max-width: 1024px) 100vw, 1024px\" \/><\/figure>\n\n\n\n<figure class=\"wp-block-table\"><table><tbody><tr><td><a href=\"https:\/\/ttemsa.com\/images\/pdf\/Electronica-y-Solar.pdf\" target=\"_blank\" rel=\"noreferrer noopener\"><\/a>Ver PDF<a href=\"https:\/\/ttemsa.com\/images\/pdf\/Electronica-y-Solar.pdf\" target=\"_blank\" rel=\"noreferrer noopener\">Cat\u00e1logo en Espa\u00f1ol<\/a><\/td><td><a href=\"https:\/\/ttemsa.com\/images\/pdf\/aplicaciones.pdf\" target=\"_blank\" rel=\"noreferrer noopener\"><\/a>Ver PDF<a href=\"https:\/\/ttemsa.com\/images\/pdf\/aplicaciones.pdf\" target=\"_blank\" rel=\"noreferrer noopener\">Cat\u00e1logo General<\/a><\/td><\/tr><\/tbody><\/table><\/figure>\n","protected":false},"excerpt":{"rendered":"<p>Ver PDFCat\u00e1logo en Espa\u00f1ol Ver PDFCat\u00e1logo General<\/p>\n","protected":false},"author":1,"featured_media":0,"parent":14,"menu_order":0,"comment_status":"closed","ping_status":"closed","template":"","meta":{"content-type":"","footnotes":""},"categories":[19],"tags":[],"class_list":["post-1784","page","type-page","status-publish","hentry","category-paxton-2018"],"yoast_head":"<!-- This site is optimized with the Yoast SEO plugin v26.6 - https:\/\/yoast.com\/wordpress\/plugins\/seo\/ -->\n<title>ELECTR\u00d3NICA Y SOLAR - industria-de-la-conversion.ttemsa<\/title>\n<meta name=\"description\" content=\"Las aplicaciones electr\u00f3nicas y solares requieren el aire m\u00e1s limpio. Los sopladores Paxton est\u00e1n configurados con salida Nano. En ttemsa ofrecemos Soluciones. Solicite + info Tel\u00e9fonos: + 52 (55) 5352-0191 5352-1301 5352-6070 5352-0593\" \/>\n<meta name=\"robots\" content=\"index, follow, max-snippet:-1, max-image-preview:large, max-video-preview:-1\" \/>\n<link rel=\"canonical\" href=\"https:\/\/ttemsa.com\/industria\/index.php\/paxton-2018\/electronica-y-solar\/\" \/>\n<meta property=\"og:locale\" content=\"es_MX\" \/>\n<meta property=\"og:type\" content=\"article\" \/>\n<meta property=\"og:title\" content=\"Las aplicaciones electr\u00f3nicas y solares requieren el aire m\u00e1s limpio. Los sopladores Paxton est\u00e1n configurados con salida Nano.\" \/>\n<meta property=\"og:description\" content=\"En ttemsa ofrecemos Soluciones. Solicite + info Tel\u00e9fonos: + 52 (55) 5352-0191 5352-1301 5352-6070 5352-0593\" \/>\n<meta property=\"og:url\" content=\"https:\/\/ttemsa.com\/industria\/index.php\/paxton-2018\/electronica-y-solar\/\" \/>\n<meta property=\"og:site_name\" content=\"industria-de-la-conversion.ttemsa\" \/>\n<meta property=\"article:modified_time\" content=\"2024-03-06T14:07:48+00:00\" \/>\n<meta property=\"og:image\" content=\"https:\/\/ttemsa.com\/industria\/wp-content\/uploads\/2024\/03\/soplador-electronica-paxton.jpg\" \/>\n\t<meta property=\"og:image:width\" content=\"587\" \/>\n\t<meta property=\"og:image:height\" content=\"385\" \/>\n\t<meta property=\"og:image:type\" content=\"image\/jpeg\" \/>\n<meta name=\"twitter:card\" content=\"summary_large_image\" \/>\n<meta name=\"twitter:label1\" content=\"Tiempo de lectura\" \/>\n\t<meta name=\"twitter:data1\" content=\"2 minutos\" \/>\n<script type=\"application\/ld+json\" class=\"yoast-schema-graph\">{\"@context\":\"https:\/\/schema.org\",\"@graph\":[{\"@type\":\"WebPage\",\"@id\":\"https:\/\/ttemsa.com\/industria\/index.php\/paxton-2018\/electronica-y-solar\/\",\"url\":\"https:\/\/ttemsa.com\/industria\/index.php\/paxton-2018\/electronica-y-solar\/\",\"name\":\"ELECTR\u00d3NICA Y SOLAR - industria-de-la-conversion.ttemsa\",\"isPartOf\":{\"@id\":\"https:\/\/ttemsa.com\/industria\/#website\"},\"primaryImageOfPage\":{\"@id\":\"https:\/\/ttemsa.com\/industria\/index.php\/paxton-2018\/electronica-y-solar\/#primaryimage\"},\"image\":{\"@id\":\"https:\/\/ttemsa.com\/industria\/index.php\/paxton-2018\/electronica-y-solar\/#primaryimage\"},\"thumbnailUrl\":\"https:\/\/ttemsa.com\/industria\/wp-content\/uploads\/2024\/03\/soplador-electronica-paxton.jpg\",\"datePublished\":\"2024-03-01T21:42:18+00:00\",\"dateModified\":\"2024-03-06T14:07:48+00:00\",\"description\":\"Las aplicaciones electr\u00f3nicas y solares requieren el aire m\u00e1s limpio. Los sopladores Paxton est\u00e1n configurados con salida Nano. En ttemsa ofrecemos Soluciones. Solicite + info Tel\u00e9fonos: + 52 (55) 5352-0191 5352-1301 5352-6070 5352-0593\",\"breadcrumb\":{\"@id\":\"https:\/\/ttemsa.com\/industria\/index.php\/paxton-2018\/electronica-y-solar\/#breadcrumb\"},\"inLanguage\":\"es\",\"potentialAction\":[{\"@type\":\"ReadAction\",\"target\":[\"https:\/\/ttemsa.com\/industria\/index.php\/paxton-2018\/electronica-y-solar\/\"]}]},{\"@type\":\"ImageObject\",\"inLanguage\":\"es\",\"@id\":\"https:\/\/ttemsa.com\/industria\/index.php\/paxton-2018\/electronica-y-solar\/#primaryimage\",\"url\":\"https:\/\/ttemsa.com\/industria\/wp-content\/uploads\/2024\/03\/soplador-electronica-paxton.jpg\",\"contentUrl\":\"https:\/\/ttemsa.com\/industria\/wp-content\/uploads\/2024\/03\/soplador-electronica-paxton.jpg\",\"width\":587,\"height\":385},{\"@type\":\"BreadcrumbList\",\"@id\":\"https:\/\/ttemsa.com\/industria\/index.php\/paxton-2018\/electronica-y-solar\/#breadcrumb\",\"itemListElement\":[{\"@type\":\"ListItem\",\"position\":1,\"name\":\"Inicio\",\"item\":\"https:\/\/ttemsa.com\/industria\/\"},{\"@type\":\"ListItem\",\"position\":2,\"name\":\"PAXTON\",\"item\":\"https:\/\/ttemsa.com\/industria\/index.php\/paxton-2018\/\"},{\"@type\":\"ListItem\",\"position\":3,\"name\":\"ELECTR\u00d3NICA Y SOLAR\"}]},{\"@type\":\"WebSite\",\"@id\":\"https:\/\/ttemsa.com\/industria\/#website\",\"url\":\"https:\/\/ttemsa.com\/industria\/\",\"name\":\"industria-de-la-conversion.ttemsa\",\"description\":\"Designed Dianalacazadora.com\",\"alternateName\":\"ttemsa l\u00edderes en la industria de la conversi\u00f3n\",\"potentialAction\":[{\"@type\":\"SearchAction\",\"target\":{\"@type\":\"EntryPoint\",\"urlTemplate\":\"https:\/\/ttemsa.com\/industria\/?s={search_term_string}\"},\"query-input\":{\"@type\":\"PropertyValueSpecification\",\"valueRequired\":true,\"valueName\":\"search_term_string\"}}],\"inLanguage\":\"es\"}]}<\/script>\n<!-- \/ Yoast SEO plugin. -->","yoast_head_json":{"title":"ELECTR\u00d3NICA Y SOLAR - industria-de-la-conversion.ttemsa","description":"Las aplicaciones electr\u00f3nicas y solares requieren el aire m\u00e1s limpio. Los sopladores Paxton est\u00e1n configurados con salida Nano. En ttemsa ofrecemos Soluciones. Solicite + info Tel\u00e9fonos: + 52 (55) 5352-0191 5352-1301 5352-6070 5352-0593","robots":{"index":"index","follow":"follow","max-snippet":"max-snippet:-1","max-image-preview":"max-image-preview:large","max-video-preview":"max-video-preview:-1"},"canonical":"https:\/\/ttemsa.com\/industria\/index.php\/paxton-2018\/electronica-y-solar\/","og_locale":"es_MX","og_type":"article","og_title":"Las aplicaciones electr\u00f3nicas y solares requieren el aire m\u00e1s limpio. Los sopladores Paxton est\u00e1n configurados con salida Nano.","og_description":"En ttemsa ofrecemos Soluciones. Solicite + info Tel\u00e9fonos: + 52 (55) 5352-0191 5352-1301 5352-6070 5352-0593","og_url":"https:\/\/ttemsa.com\/industria\/index.php\/paxton-2018\/electronica-y-solar\/","og_site_name":"industria-de-la-conversion.ttemsa","article_modified_time":"2024-03-06T14:07:48+00:00","og_image":[{"width":587,"height":385,"url":"https:\/\/ttemsa.com\/industria\/wp-content\/uploads\/2024\/03\/soplador-electronica-paxton.jpg","type":"image\/jpeg"}],"twitter_card":"summary_large_image","twitter_misc":{"Tiempo de lectura":"2 minutos"},"schema":{"@context":"https:\/\/schema.org","@graph":[{"@type":"WebPage","@id":"https:\/\/ttemsa.com\/industria\/index.php\/paxton-2018\/electronica-y-solar\/","url":"https:\/\/ttemsa.com\/industria\/index.php\/paxton-2018\/electronica-y-solar\/","name":"ELECTR\u00d3NICA Y SOLAR - industria-de-la-conversion.ttemsa","isPartOf":{"@id":"https:\/\/ttemsa.com\/industria\/#website"},"primaryImageOfPage":{"@id":"https:\/\/ttemsa.com\/industria\/index.php\/paxton-2018\/electronica-y-solar\/#primaryimage"},"image":{"@id":"https:\/\/ttemsa.com\/industria\/index.php\/paxton-2018\/electronica-y-solar\/#primaryimage"},"thumbnailUrl":"https:\/\/ttemsa.com\/industria\/wp-content\/uploads\/2024\/03\/soplador-electronica-paxton.jpg","datePublished":"2024-03-01T21:42:18+00:00","dateModified":"2024-03-06T14:07:48+00:00","description":"Las aplicaciones electr\u00f3nicas y solares requieren el aire m\u00e1s limpio. Los sopladores Paxton est\u00e1n configurados con salida Nano. En ttemsa ofrecemos Soluciones. Solicite + info Tel\u00e9fonos: + 52 (55) 5352-0191 5352-1301 5352-6070 5352-0593","breadcrumb":{"@id":"https:\/\/ttemsa.com\/industria\/index.php\/paxton-2018\/electronica-y-solar\/#breadcrumb"},"inLanguage":"es","potentialAction":[{"@type":"ReadAction","target":["https:\/\/ttemsa.com\/industria\/index.php\/paxton-2018\/electronica-y-solar\/"]}]},{"@type":"ImageObject","inLanguage":"es","@id":"https:\/\/ttemsa.com\/industria\/index.php\/paxton-2018\/electronica-y-solar\/#primaryimage","url":"https:\/\/ttemsa.com\/industria\/wp-content\/uploads\/2024\/03\/soplador-electronica-paxton.jpg","contentUrl":"https:\/\/ttemsa.com\/industria\/wp-content\/uploads\/2024\/03\/soplador-electronica-paxton.jpg","width":587,"height":385},{"@type":"BreadcrumbList","@id":"https:\/\/ttemsa.com\/industria\/index.php\/paxton-2018\/electronica-y-solar\/#breadcrumb","itemListElement":[{"@type":"ListItem","position":1,"name":"Inicio","item":"https:\/\/ttemsa.com\/industria\/"},{"@type":"ListItem","position":2,"name":"PAXTON","item":"https:\/\/ttemsa.com\/industria\/index.php\/paxton-2018\/"},{"@type":"ListItem","position":3,"name":"ELECTR\u00d3NICA Y SOLAR"}]},{"@type":"WebSite","@id":"https:\/\/ttemsa.com\/industria\/#website","url":"https:\/\/ttemsa.com\/industria\/","name":"industria-de-la-conversion.ttemsa","description":"Designed Dianalacazadora.com","alternateName":"ttemsa l\u00edderes en la industria de la conversi\u00f3n","potentialAction":[{"@type":"SearchAction","target":{"@type":"EntryPoint","urlTemplate":"https:\/\/ttemsa.com\/industria\/?s={search_term_string}"},"query-input":{"@type":"PropertyValueSpecification","valueRequired":true,"valueName":"search_term_string"}}],"inLanguage":"es"}]}},"_links":{"self":[{"href":"https:\/\/ttemsa.com\/industria\/index.php\/wp-json\/wp\/v2\/pages\/1784","targetHints":{"allow":["GET"]}}],"collection":[{"href":"https:\/\/ttemsa.com\/industria\/index.php\/wp-json\/wp\/v2\/pages"}],"about":[{"href":"https:\/\/ttemsa.com\/industria\/index.php\/wp-json\/wp\/v2\/types\/page"}],"author":[{"embeddable":true,"href":"https:\/\/ttemsa.com\/industria\/index.php\/wp-json\/wp\/v2\/users\/1"}],"replies":[{"embeddable":true,"href":"https:\/\/ttemsa.com\/industria\/index.php\/wp-json\/wp\/v2\/comments?post=1784"}],"version-history":[{"count":2,"href":"https:\/\/ttemsa.com\/industria\/index.php\/wp-json\/wp\/v2\/pages\/1784\/revisions"}],"predecessor-version":[{"id":2397,"href":"https:\/\/ttemsa.com\/industria\/index.php\/wp-json\/wp\/v2\/pages\/1784\/revisions\/2397"}],"up":[{"embeddable":true,"href":"https:\/\/ttemsa.com\/industria\/index.php\/wp-json\/wp\/v2\/pages\/14"}],"wp:attachment":[{"href":"https:\/\/ttemsa.com\/industria\/index.php\/wp-json\/wp\/v2\/media?parent=1784"}],"wp:term":[{"taxonomy":"category","embeddable":true,"href":"https:\/\/ttemsa.com\/industria\/index.php\/wp-json\/wp\/v2\/categories?post=1784"},{"taxonomy":"post_tag","embeddable":true,"href":"https:\/\/ttemsa.com\/industria\/index.php\/wp-json\/wp\/v2\/tags?post=1784"}],"curies":[{"name":"wp","href":"https:\/\/api.w.org\/{rel}","templated":true}]}}