{"id":1788,"date":"2024-03-01T21:43:33","date_gmt":"2024-03-01T21:43:33","guid":{"rendered":"https:\/\/ttemsa.com\/industria\/index.php\/paxton\/sopladores-centrifugos-xt-series-copy-copy\/"},"modified":"2024-03-06T14:15:13","modified_gmt":"2024-03-06T14:15:13","slug":"productos-industriales","status":"publish","type":"page","link":"https:\/\/ttemsa.com\/industria\/index.php\/paxton-2018\/productos-industriales\/","title":{"rendered":"PRODUCTOS INDUSTRIALES"},"content":{"rendered":"\n<figure class=\"wp-block-image size-large\"><img loading=\"lazy\" decoding=\"async\" width=\"1024\" height=\"357\" src=\"https:\/\/ttemsa.com\/industria\/wp-content\/uploads\/2024\/03\/productos-industriales-2-1024x357.jpg\" alt=\"\" class=\"wp-image-2403\" srcset=\"https:\/\/ttemsa.com\/industria\/wp-content\/uploads\/2024\/03\/productos-industriales-2-1024x357.jpg 1024w, https:\/\/ttemsa.com\/industria\/wp-content\/uploads\/2024\/03\/productos-industriales-2-300x104.jpg 300w, https:\/\/ttemsa.com\/industria\/wp-content\/uploads\/2024\/03\/productos-industriales-2-768x267.jpg 768w, https:\/\/ttemsa.com\/industria\/wp-content\/uploads\/2024\/03\/productos-industriales-2.jpg 1278w\" sizes=\"auto, (max-width: 1024px) 100vw, 1024px\" \/><\/figure>\n\n\n<div class=\"wp-block-image\">\n<figure class=\"aligncenter size-full is-resized\"><img loading=\"lazy\" decoding=\"async\" width=\"410\" height=\"123\" src=\"https:\/\/ttemsa.com\/industria\/wp-content\/uploads\/2024\/03\/paxtonlogo.jpg\" alt=\"\" class=\"wp-image-2334\" style=\"width:201px;height:auto\" srcset=\"https:\/\/ttemsa.com\/industria\/wp-content\/uploads\/2024\/03\/paxtonlogo.jpg 410w, https:\/\/ttemsa.com\/industria\/wp-content\/uploads\/2024\/03\/paxtonlogo-300x90.jpg 300w\" sizes=\"auto, (max-width: 410px) 100vw, 410px\" \/><\/figure>\n<\/div>\n\n\n<p>Ya sea de secado, recubrimiento, transporte o eliminaci\u00f3n de residuos, los sopladores y dispositivos de suministro de aire Paxton son m\u00e1s eficientes de energ\u00eda y est\u00e1n garantizados para hacer el trabajo. Con sopladores de 3 CV hasta 20 CV, Paxton tiene el tama\u00f1o adecuado para su producto.<\/p>\n\n\n<div class=\"wp-block-image\">\n<figure class=\"aligncenter size-full\"><img loading=\"lazy\" decoding=\"async\" width=\"419\" height=\"361\" src=\"https:\/\/ttemsa.com\/industria\/wp-content\/uploads\/2024\/03\/productos-industriales-1.jpg\" alt=\"\" class=\"wp-image-2405\" srcset=\"https:\/\/ttemsa.com\/industria\/wp-content\/uploads\/2024\/03\/productos-industriales-1.jpg 419w, https:\/\/ttemsa.com\/industria\/wp-content\/uploads\/2024\/03\/productos-industriales-1-300x258.jpg 300w\" sizes=\"auto, (max-width: 419px) 100vw, 419px\" \/><\/figure>\n<\/div>\n\n\n<p><strong>Productos Paxton utilizados:<\/strong><\/p>\n\n\n\n<ul class=\"wp-block-list\">\n<li>Los sopladores Paxton de la serie AT y la serie XT est\u00e1n configurados con dispositivos de entrega de aire para el soplado, secado, transporte, limpieza y enjuague.<\/li>\n\n\n\n<li>Los colectores de boquillas se utilizan cuando el objetivo est\u00e1 a m\u00e1s de 5 &#8220;de distancia; o para formas y productos irregulares que tiene rincones, grietas y agujeros.<\/li>\n\n\n\n<li>Las cuchillas de aire proporcionan una corriente de aire continua a trav\u00e9s de la superficie del objetivo.<\/li>\n\n\n\n<li>Los sistemas de aire Ionizado eliminan la carga est\u00e1tica, eliminaci\u00f3n de polvo y suciedad antes de la pintura, acabado y embalaje.<\/li>\n<\/ul>\n\n\n\n<h5 class=\"wp-block-heading\">PDF Aplicaciones Productos Industriales<\/h5>\n\n\n\n<figure class=\"wp-block-table\"><table><tbody><tr><td><a href=\"https:\/\/ttemsa.com\/images\/pdf\/Productos-Industriales.pdf\" target=\"_blank\" rel=\"noreferrer noopener\"><\/a>Ver PDF<a href=\"https:\/\/ttemsa.com\/images\/pdf\/Productos-Industriales.pdf\" target=\"_blank\" rel=\"noreferrer noopener\">Cat\u00e1logo en Espa\u00f1ol<\/a><\/td><td><a href=\"https:\/\/ttemsa.com\/images\/pdf\/aplicaciones.pdf\" target=\"_blank\" rel=\"noreferrer noopener\"><\/a>Ver PDF<a href=\"https:\/\/ttemsa.com\/images\/pdf\/aplicaciones.pdf\" target=\"_blank\" rel=\"noreferrer noopener\">Cat\u00e1logo General<\/a><\/td><\/tr><\/tbody><\/table><\/figure>\n","protected":false},"excerpt":{"rendered":"<p>Ya sea de secado, recubrimiento, transporte o eliminaci\u00f3n de residuos, los sopladores y dispositivos de suministro de aire Paxton son m\u00e1s eficientes de energ\u00eda y est\u00e1n garantizados para hacer el trabajo. Con sopladores de 3 CV hasta 20 CV, Paxton tiene el tama\u00f1o adecuado para su producto. Productos Paxton utilizados: PDF Aplicaciones Productos Industriales Ver [&hellip;]<\/p>\n","protected":false},"author":1,"featured_media":0,"parent":14,"menu_order":0,"comment_status":"closed","ping_status":"closed","template":"","meta":{"content-type":"","footnotes":""},"categories":[19],"tags":[],"class_list":["post-1788","page","type-page","status-publish","hentry","category-paxton-2018"],"yoast_head":"<!-- This site is optimized with the Yoast SEO plugin v26.6 - https:\/\/yoast.com\/wordpress\/plugins\/seo\/ -->\n<title>PRODUCTOS INDUSTRIALES - industria-de-la-conversion.ttemsa<\/title>\n<meta name=\"description\" content=\"Ya sea de secado, recubrimiento, transporte o eliminaci\u00f3n de residuos, los sopladores y dispositivos de suministro de aire Paxton son m\u00e1s eficientes de energ\u00eda y est\u00e1n garantizados para hacer el trabajo.\" \/>\n<meta name=\"robots\" content=\"index, follow, max-snippet:-1, max-image-preview:large, max-video-preview:-1\" \/>\n<link rel=\"canonical\" href=\"https:\/\/ttemsa.com\/industria\/index.php\/paxton-2018\/productos-industriales\/\" \/>\n<meta property=\"og:locale\" content=\"es_MX\" \/>\n<meta property=\"og:type\" content=\"article\" \/>\n<meta property=\"og:title\" content=\"Ya sea de secado, recubrimiento, transporte o eliminaci\u00f3n de residuos, los sopladores y dispositivos de suministro de aire Paxton son m\u00e1s eficientes de energ\u00eda y est\u00e1n garantizados para hacer el trabajo.\" \/>\n<meta property=\"og:description\" content=\"En ttemsa ofrecemos Soluciones. Solicite + info Tel\u00e9fonos: + 52 (55) 5352-0191 5352-1301 5352-6070 5352-0593\" \/>\n<meta property=\"og:url\" content=\"https:\/\/ttemsa.com\/industria\/index.php\/paxton-2018\/productos-industriales\/\" \/>\n<meta property=\"og:site_name\" content=\"industria-de-la-conversion.ttemsa\" \/>\n<meta property=\"article:modified_time\" content=\"2024-03-06T14:15:13+00:00\" \/>\n<meta property=\"og:image\" content=\"https:\/\/ttemsa.com\/industria\/wp-content\/uploads\/2024\/03\/productos-industriales-1.jpg\" \/>\n\t<meta property=\"og:image:width\" content=\"419\" \/>\n\t<meta property=\"og:image:height\" content=\"361\" \/>\n\t<meta property=\"og:image:type\" content=\"image\/jpeg\" \/>\n<meta name=\"twitter:card\" content=\"summary_large_image\" \/>\n<meta name=\"twitter:label1\" content=\"Tiempo de lectura\" \/>\n\t<meta name=\"twitter:data1\" content=\"2 minutos\" \/>\n<script type=\"application\/ld+json\" class=\"yoast-schema-graph\">{\"@context\":\"https:\/\/schema.org\",\"@graph\":[{\"@type\":\"WebPage\",\"@id\":\"https:\/\/ttemsa.com\/industria\/index.php\/paxton-2018\/productos-industriales\/\",\"url\":\"https:\/\/ttemsa.com\/industria\/index.php\/paxton-2018\/productos-industriales\/\",\"name\":\"PRODUCTOS INDUSTRIALES - industria-de-la-conversion.ttemsa\",\"isPartOf\":{\"@id\":\"https:\/\/ttemsa.com\/industria\/#website\"},\"primaryImageOfPage\":{\"@id\":\"https:\/\/ttemsa.com\/industria\/index.php\/paxton-2018\/productos-industriales\/#primaryimage\"},\"image\":{\"@id\":\"https:\/\/ttemsa.com\/industria\/index.php\/paxton-2018\/productos-industriales\/#primaryimage\"},\"thumbnailUrl\":\"https:\/\/ttemsa.com\/industria\/wp-content\/uploads\/2024\/03\/productos-industriales-2-1024x357.jpg\",\"datePublished\":\"2024-03-01T21:43:33+00:00\",\"dateModified\":\"2024-03-06T14:15:13+00:00\",\"description\":\"Ya sea de secado, recubrimiento, transporte o eliminaci\u00f3n de residuos, los sopladores y dispositivos de suministro de aire Paxton son m\u00e1s eficientes de energ\u00eda y est\u00e1n garantizados para hacer el trabajo.\",\"breadcrumb\":{\"@id\":\"https:\/\/ttemsa.com\/industria\/index.php\/paxton-2018\/productos-industriales\/#breadcrumb\"},\"inLanguage\":\"es\",\"potentialAction\":[{\"@type\":\"ReadAction\",\"target\":[\"https:\/\/ttemsa.com\/industria\/index.php\/paxton-2018\/productos-industriales\/\"]}]},{\"@type\":\"ImageObject\",\"inLanguage\":\"es\",\"@id\":\"https:\/\/ttemsa.com\/industria\/index.php\/paxton-2018\/productos-industriales\/#primaryimage\",\"url\":\"https:\/\/ttemsa.com\/industria\/wp-content\/uploads\/2024\/03\/productos-industriales-2.jpg\",\"contentUrl\":\"https:\/\/ttemsa.com\/industria\/wp-content\/uploads\/2024\/03\/productos-industriales-2.jpg\",\"width\":1278,\"height\":445},{\"@type\":\"BreadcrumbList\",\"@id\":\"https:\/\/ttemsa.com\/industria\/index.php\/paxton-2018\/productos-industriales\/#breadcrumb\",\"itemListElement\":[{\"@type\":\"ListItem\",\"position\":1,\"name\":\"Inicio\",\"item\":\"https:\/\/ttemsa.com\/industria\/\"},{\"@type\":\"ListItem\",\"position\":2,\"name\":\"PAXTON\",\"item\":\"https:\/\/ttemsa.com\/industria\/index.php\/paxton-2018\/\"},{\"@type\":\"ListItem\",\"position\":3,\"name\":\"PRODUCTOS INDUSTRIALES\"}]},{\"@type\":\"WebSite\",\"@id\":\"https:\/\/ttemsa.com\/industria\/#website\",\"url\":\"https:\/\/ttemsa.com\/industria\/\",\"name\":\"industria-de-la-conversion.ttemsa\",\"description\":\"Designed Dianalacazadora.com\",\"alternateName\":\"ttemsa l\u00edderes en la industria de la conversi\u00f3n\",\"potentialAction\":[{\"@type\":\"SearchAction\",\"target\":{\"@type\":\"EntryPoint\",\"urlTemplate\":\"https:\/\/ttemsa.com\/industria\/?s={search_term_string}\"},\"query-input\":{\"@type\":\"PropertyValueSpecification\",\"valueRequired\":true,\"valueName\":\"search_term_string\"}}],\"inLanguage\":\"es\"}]}<\/script>\n<!-- \/ Yoast SEO plugin. -->","yoast_head_json":{"title":"PRODUCTOS INDUSTRIALES - industria-de-la-conversion.ttemsa","description":"Ya sea de secado, recubrimiento, transporte o eliminaci\u00f3n de residuos, los sopladores y dispositivos de suministro de aire Paxton son m\u00e1s eficientes de energ\u00eda y est\u00e1n garantizados para hacer el trabajo.","robots":{"index":"index","follow":"follow","max-snippet":"max-snippet:-1","max-image-preview":"max-image-preview:large","max-video-preview":"max-video-preview:-1"},"canonical":"https:\/\/ttemsa.com\/industria\/index.php\/paxton-2018\/productos-industriales\/","og_locale":"es_MX","og_type":"article","og_title":"Ya sea de secado, recubrimiento, transporte o eliminaci\u00f3n de residuos, los sopladores y dispositivos de suministro de aire Paxton son m\u00e1s eficientes de energ\u00eda y est\u00e1n garantizados para hacer el trabajo.","og_description":"En ttemsa ofrecemos Soluciones. Solicite + info Tel\u00e9fonos: + 52 (55) 5352-0191 5352-1301 5352-6070 5352-0593","og_url":"https:\/\/ttemsa.com\/industria\/index.php\/paxton-2018\/productos-industriales\/","og_site_name":"industria-de-la-conversion.ttemsa","article_modified_time":"2024-03-06T14:15:13+00:00","og_image":[{"width":419,"height":361,"url":"https:\/\/ttemsa.com\/industria\/wp-content\/uploads\/2024\/03\/productos-industriales-1.jpg","type":"image\/jpeg"}],"twitter_card":"summary_large_image","twitter_misc":{"Tiempo de lectura":"2 minutos"},"schema":{"@context":"https:\/\/schema.org","@graph":[{"@type":"WebPage","@id":"https:\/\/ttemsa.com\/industria\/index.php\/paxton-2018\/productos-industriales\/","url":"https:\/\/ttemsa.com\/industria\/index.php\/paxton-2018\/productos-industriales\/","name":"PRODUCTOS INDUSTRIALES - industria-de-la-conversion.ttemsa","isPartOf":{"@id":"https:\/\/ttemsa.com\/industria\/#website"},"primaryImageOfPage":{"@id":"https:\/\/ttemsa.com\/industria\/index.php\/paxton-2018\/productos-industriales\/#primaryimage"},"image":{"@id":"https:\/\/ttemsa.com\/industria\/index.php\/paxton-2018\/productos-industriales\/#primaryimage"},"thumbnailUrl":"https:\/\/ttemsa.com\/industria\/wp-content\/uploads\/2024\/03\/productos-industriales-2-1024x357.jpg","datePublished":"2024-03-01T21:43:33+00:00","dateModified":"2024-03-06T14:15:13+00:00","description":"Ya sea de secado, recubrimiento, transporte o eliminaci\u00f3n de residuos, los sopladores y dispositivos de suministro de aire Paxton son m\u00e1s eficientes de energ\u00eda y est\u00e1n garantizados para hacer el trabajo.","breadcrumb":{"@id":"https:\/\/ttemsa.com\/industria\/index.php\/paxton-2018\/productos-industriales\/#breadcrumb"},"inLanguage":"es","potentialAction":[{"@type":"ReadAction","target":["https:\/\/ttemsa.com\/industria\/index.php\/paxton-2018\/productos-industriales\/"]}]},{"@type":"ImageObject","inLanguage":"es","@id":"https:\/\/ttemsa.com\/industria\/index.php\/paxton-2018\/productos-industriales\/#primaryimage","url":"https:\/\/ttemsa.com\/industria\/wp-content\/uploads\/2024\/03\/productos-industriales-2.jpg","contentUrl":"https:\/\/ttemsa.com\/industria\/wp-content\/uploads\/2024\/03\/productos-industriales-2.jpg","width":1278,"height":445},{"@type":"BreadcrumbList","@id":"https:\/\/ttemsa.com\/industria\/index.php\/paxton-2018\/productos-industriales\/#breadcrumb","itemListElement":[{"@type":"ListItem","position":1,"name":"Inicio","item":"https:\/\/ttemsa.com\/industria\/"},{"@type":"ListItem","position":2,"name":"PAXTON","item":"https:\/\/ttemsa.com\/industria\/index.php\/paxton-2018\/"},{"@type":"ListItem","position":3,"name":"PRODUCTOS INDUSTRIALES"}]},{"@type":"WebSite","@id":"https:\/\/ttemsa.com\/industria\/#website","url":"https:\/\/ttemsa.com\/industria\/","name":"industria-de-la-conversion.ttemsa","description":"Designed Dianalacazadora.com","alternateName":"ttemsa l\u00edderes en la industria de la conversi\u00f3n","potentialAction":[{"@type":"SearchAction","target":{"@type":"EntryPoint","urlTemplate":"https:\/\/ttemsa.com\/industria\/?s={search_term_string}"},"query-input":{"@type":"PropertyValueSpecification","valueRequired":true,"valueName":"search_term_string"}}],"inLanguage":"es"}]}},"_links":{"self":[{"href":"https:\/\/ttemsa.com\/industria\/index.php\/wp-json\/wp\/v2\/pages\/1788","targetHints":{"allow":["GET"]}}],"collection":[{"href":"https:\/\/ttemsa.com\/industria\/index.php\/wp-json\/wp\/v2\/pages"}],"about":[{"href":"https:\/\/ttemsa.com\/industria\/index.php\/wp-json\/wp\/v2\/types\/page"}],"author":[{"embeddable":true,"href":"https:\/\/ttemsa.com\/industria\/index.php\/wp-json\/wp\/v2\/users\/1"}],"replies":[{"embeddable":true,"href":"https:\/\/ttemsa.com\/industria\/index.php\/wp-json\/wp\/v2\/comments?post=1788"}],"version-history":[{"count":2,"href":"https:\/\/ttemsa.com\/industria\/index.php\/wp-json\/wp\/v2\/pages\/1788\/revisions"}],"predecessor-version":[{"id":2406,"href":"https:\/\/ttemsa.com\/industria\/index.php\/wp-json\/wp\/v2\/pages\/1788\/revisions\/2406"}],"up":[{"embeddable":true,"href":"https:\/\/ttemsa.com\/industria\/index.php\/wp-json\/wp\/v2\/pages\/14"}],"wp:attachment":[{"href":"https:\/\/ttemsa.com\/industria\/index.php\/wp-json\/wp\/v2\/media?parent=1788"}],"wp:term":[{"taxonomy":"category","embeddable":true,"href":"https:\/\/ttemsa.com\/industria\/index.php\/wp-json\/wp\/v2\/categories?post=1788"},{"taxonomy":"post_tag","embeddable":true,"href":"https:\/\/ttemsa.com\/industria\/index.php\/wp-json\/wp\/v2\/tags?post=1788"}],"curies":[{"name":"wp","href":"https:\/\/api.w.org\/{rel}","templated":true}]}}