{"id":1793,"date":"2024-03-02T00:14:42","date_gmt":"2024-03-02T00:14:42","guid":{"rendered":"https:\/\/ttemsa.com\/industria\/index.php\/kti-copy\/"},"modified":"2024-09-05T19:45:14","modified_gmt":"2024-09-05T19:45:14","slug":"371-kti-catalogo-general","status":"publish","type":"page","link":"https:\/\/ttemsa.com\/industria\/index.php\/kti\/371-kti-catalogo-general\/","title":{"rendered":"Serie PA"},"content":{"rendered":"<div class=\"wp-block-image\">\n<figure class=\"aligncenter size-full is-resized\"><img loading=\"lazy\" decoding=\"async\" width=\"327\" height=\"621\" src=\"https:\/\/ttemsa.com\/industria\/wp-content\/uploads\/2024\/03\/Captura-de-pantalla-2024-03-06-a-las-8.11.26-a.m.png\" alt=\"\" class=\"wp-image-2441\" style=\"width:279px;height:auto\" srcset=\"https:\/\/ttemsa.com\/industria\/wp-content\/uploads\/2024\/03\/Captura-de-pantalla-2024-03-06-a-las-8.11.26-a.m.png 327w, https:\/\/ttemsa.com\/industria\/wp-content\/uploads\/2024\/03\/Captura-de-pantalla-2024-03-06-a-las-8.11.26-a.m-158x300.png 158w\" sizes=\"auto, (max-width: 327px) 100vw, 327px\" \/><\/figure>\n<\/div>\n\n<div class=\"wp-block-image\">\n<figure class=\"aligncenter size-full is-resized\"><img loading=\"lazy\" decoding=\"async\" width=\"597\" height=\"142\" src=\"https:\/\/ttemsa.com\/industria\/wp-content\/uploads\/2024\/03\/Captura-de-pantalla-2024-03-06-a-las-8.12.05-a.m.png\" alt=\"\" class=\"wp-image-2442\" style=\"width:168px;height:auto\" srcset=\"https:\/\/ttemsa.com\/industria\/wp-content\/uploads\/2024\/03\/Captura-de-pantalla-2024-03-06-a-las-8.12.05-a.m.png 597w, https:\/\/ttemsa.com\/industria\/wp-content\/uploads\/2024\/03\/Captura-de-pantalla-2024-03-06-a-las-8.12.05-a.m-300x71.png 300w\" sizes=\"auto, (max-width: 597px) 100vw, 597px\" \/><\/figure>\n<\/div>\n\n\n<p><strong>Sistemas de no paro en Cantiliver para Desembobinado<\/strong><br>El PA fue dise\u00f1ado para manejar con eficacia las pel\u00edculas sin respaldo, por lo que es un<br>equipo excelente para aplicaciones de no paro. La construcci\u00f3n s\u00f3lida y un dise\u00f1o compacto<br>a un precio accesible ha obtenido este empalmador su reputaci\u00f3n para ayudar a las empresas<br>a reducir los costes y el tiempo de inactividad debido a los cambios de rollo.<br>\u2022Empalme autom\u00e1tico a velocidad cero, trabajado a la maquina a<br>plena velocidad<br>\u2022Dos flechas neum\u00e1ticas en cantiliver<br>\u2022Preparaci\u00f3n sencilla de empalme<br>\u2022Inflado y Desinflado autom\u00e1tico de las Flechas neum\u00e1ticas<br>\u2022Parado autom\u00e1tico de prensa para no preparaci\u00f3n de empalme o<br>rotura de la banda<br>\u2022Capacidad de desembobinado bi-dimencional<br>\u2022Rodillos ranurados locos para velocidades de m\u00e1s de 150 mts\/min<br>\u2022Controles PLC con pantalla touch screen<\/p>\n\n\n\n<figure class=\"wp-block-image size-full\"><img loading=\"lazy\" decoding=\"async\" width=\"870\" height=\"431\" src=\"https:\/\/ttemsa.com\/industria\/wp-content\/uploads\/2024\/03\/Captura-de-pantalla-2024-03-06-a-las-8.13.09-a.m.png\" alt=\"\" class=\"wp-image-2443\" srcset=\"https:\/\/ttemsa.com\/industria\/wp-content\/uploads\/2024\/03\/Captura-de-pantalla-2024-03-06-a-las-8.13.09-a.m.png 870w, https:\/\/ttemsa.com\/industria\/wp-content\/uploads\/2024\/03\/Captura-de-pantalla-2024-03-06-a-las-8.13.09-a.m-300x149.png 300w, https:\/\/ttemsa.com\/industria\/wp-content\/uploads\/2024\/03\/Captura-de-pantalla-2024-03-06-a-las-8.13.09-a.m-768x380.png 768w\" sizes=\"auto, (max-width: 870px) 100vw, 870px\" \/><\/figure>\n\n\n\n<figure class=\"wp-block-image size-full\"><img loading=\"lazy\" decoding=\"async\" width=\"924\" height=\"543\" src=\"https:\/\/ttemsa.com\/industria\/wp-content\/uploads\/2024\/03\/Captura-de-pantalla-2024-03-06-a-las-8.12.46-a.m.png\" alt=\"\" class=\"wp-image-2444\" srcset=\"https:\/\/ttemsa.com\/industria\/wp-content\/uploads\/2024\/03\/Captura-de-pantalla-2024-03-06-a-las-8.12.46-a.m.png 924w, https:\/\/ttemsa.com\/industria\/wp-content\/uploads\/2024\/03\/Captura-de-pantalla-2024-03-06-a-las-8.12.46-a.m-300x176.png 300w, https:\/\/ttemsa.com\/industria\/wp-content\/uploads\/2024\/03\/Captura-de-pantalla-2024-03-06-a-las-8.12.46-a.m-768x451.png 768w\" sizes=\"auto, (max-width: 924px) 100vw, 924px\" \/><\/figure>\n","protected":false},"excerpt":{"rendered":"<p>Sistemas de no paro en Cantiliver para DesembobinadoEl PA fue dise\u00f1ado para manejar con eficacia las pel\u00edculas sin respaldo, por lo que es unequipo excelente para aplicaciones de no paro. La construcci\u00f3n s\u00f3lida y un dise\u00f1o compactoa un precio accesible ha obtenido este empalmador su reputaci\u00f3n para ayudar a las empresasa reducir los costes y [&hellip;]<\/p>\n","protected":false},"author":1,"featured_media":0,"parent":37,"menu_order":0,"comment_status":"closed","ping_status":"closed","template":"","meta":{"content-type":"","footnotes":""},"categories":[20],"tags":[],"class_list":["post-1793","page","type-page","status-publish","hentry","category-kti"],"yoast_head":"<!-- This site is optimized with the Yoast SEO plugin v26.6 - https:\/\/yoast.com\/wordpress\/plugins\/seo\/ -->\n<title>Serie PA - industria-de-la-conversion.ttemsa<\/title>\n<meta name=\"description\" content=\"Sistemas de no paro en Cantiliver para Desembobinado El PA fue dise\u00f1ado para manejar con eficacia las pel\u00edculas sin respaldo, por lo que es unequipo excelente para aplicaciones de no paro.\" \/>\n<meta name=\"robots\" content=\"index, follow, max-snippet:-1, max-image-preview:large, max-video-preview:-1\" \/>\n<link rel=\"canonical\" href=\"https:\/\/ttemsa.com\/industria\/index.php\/kti\/371-kti-catalogo-general\/\" \/>\n<meta property=\"og:locale\" content=\"es_MX\" \/>\n<meta property=\"og:type\" content=\"article\" \/>\n<meta property=\"og:title\" content=\"Sistemas de no paro en Cantiliver para Desembobinado El PA fue dise\u00f1ado para manejar con eficacia las pel\u00edculas sin respaldo, por lo que es unequipo excelente para aplicaciones de no paro.\" \/>\n<meta property=\"og:description\" content=\"En ttemsa ofrecemos Soluciones. Solicite + info Tel\u00e9fonos: + 52 (55) 5352-0191 5352-1301 5352-6070 5352-0593\" \/>\n<meta property=\"og:url\" content=\"https:\/\/ttemsa.com\/industria\/index.php\/kti\/371-kti-catalogo-general\/\" \/>\n<meta property=\"og:site_name\" content=\"industria-de-la-conversion.ttemsa\" \/>\n<meta property=\"article:modified_time\" content=\"2024-09-05T19:45:14+00:00\" \/>\n<meta property=\"og:image\" content=\"https:\/\/ttemsa.com\/industria\/wp-content\/uploads\/2024\/03\/01-PA.png\" \/>\n\t<meta property=\"og:image:width\" content=\"506\" \/>\n\t<meta property=\"og:image:height\" content=\"506\" \/>\n\t<meta property=\"og:image:type\" content=\"image\/png\" \/>\n<meta name=\"twitter:card\" content=\"summary_large_image\" \/>\n<meta name=\"twitter:label1\" content=\"Tiempo de lectura\" \/>\n\t<meta name=\"twitter:data1\" content=\"2 minutos\" \/>\n<script type=\"application\/ld+json\" class=\"yoast-schema-graph\">{\"@context\":\"https:\/\/schema.org\",\"@graph\":[{\"@type\":\"WebPage\",\"@id\":\"https:\/\/ttemsa.com\/industria\/index.php\/kti\/371-kti-catalogo-general\/\",\"url\":\"https:\/\/ttemsa.com\/industria\/index.php\/kti\/371-kti-catalogo-general\/\",\"name\":\"Serie PA - industria-de-la-conversion.ttemsa\",\"isPartOf\":{\"@id\":\"https:\/\/ttemsa.com\/industria\/#website\"},\"primaryImageOfPage\":{\"@id\":\"https:\/\/ttemsa.com\/industria\/index.php\/kti\/371-kti-catalogo-general\/#primaryimage\"},\"image\":{\"@id\":\"https:\/\/ttemsa.com\/industria\/index.php\/kti\/371-kti-catalogo-general\/#primaryimage\"},\"thumbnailUrl\":\"https:\/\/ttemsa.com\/industria\/wp-content\/uploads\/2024\/03\/Captura-de-pantalla-2024-03-06-a-las-8.11.26-a.m.png\",\"datePublished\":\"2024-03-02T00:14:42+00:00\",\"dateModified\":\"2024-09-05T19:45:14+00:00\",\"description\":\"Sistemas de no paro en Cantiliver para Desembobinado El PA fue dise\u00f1ado para manejar con eficacia las pel\u00edculas sin respaldo, por lo que es unequipo excelente para aplicaciones de no paro.\",\"breadcrumb\":{\"@id\":\"https:\/\/ttemsa.com\/industria\/index.php\/kti\/371-kti-catalogo-general\/#breadcrumb\"},\"inLanguage\":\"es\",\"potentialAction\":[{\"@type\":\"ReadAction\",\"target\":[\"https:\/\/ttemsa.com\/industria\/index.php\/kti\/371-kti-catalogo-general\/\"]}]},{\"@type\":\"ImageObject\",\"inLanguage\":\"es\",\"@id\":\"https:\/\/ttemsa.com\/industria\/index.php\/kti\/371-kti-catalogo-general\/#primaryimage\",\"url\":\"https:\/\/ttemsa.com\/industria\/wp-content\/uploads\/2024\/03\/Captura-de-pantalla-2024-03-06-a-las-8.11.26-a.m.png\",\"contentUrl\":\"https:\/\/ttemsa.com\/industria\/wp-content\/uploads\/2024\/03\/Captura-de-pantalla-2024-03-06-a-las-8.11.26-a.m.png\",\"width\":327,\"height\":621},{\"@type\":\"BreadcrumbList\",\"@id\":\"https:\/\/ttemsa.com\/industria\/index.php\/kti\/371-kti-catalogo-general\/#breadcrumb\",\"itemListElement\":[{\"@type\":\"ListItem\",\"position\":1,\"name\":\"Inicio\",\"item\":\"https:\/\/ttemsa.com\/industria\/\"},{\"@type\":\"ListItem\",\"position\":2,\"name\":\"KTI\",\"item\":\"https:\/\/ttemsa.com\/industria\/index.php\/kti\/\"},{\"@type\":\"ListItem\",\"position\":3,\"name\":\"Serie PA\"}]},{\"@type\":\"WebSite\",\"@id\":\"https:\/\/ttemsa.com\/industria\/#website\",\"url\":\"https:\/\/ttemsa.com\/industria\/\",\"name\":\"industria-de-la-conversion.ttemsa\",\"description\":\"Designed Dianalacazadora.com\",\"alternateName\":\"ttemsa l\u00edderes en la industria de la conversi\u00f3n\",\"potentialAction\":[{\"@type\":\"SearchAction\",\"target\":{\"@type\":\"EntryPoint\",\"urlTemplate\":\"https:\/\/ttemsa.com\/industria\/?s={search_term_string}\"},\"query-input\":{\"@type\":\"PropertyValueSpecification\",\"valueRequired\":true,\"valueName\":\"search_term_string\"}}],\"inLanguage\":\"es\"}]}<\/script>\n<!-- \/ Yoast SEO plugin. -->","yoast_head_json":{"title":"Serie PA - industria-de-la-conversion.ttemsa","description":"Sistemas de no paro en Cantiliver para Desembobinado El PA fue dise\u00f1ado para manejar con eficacia las pel\u00edculas sin respaldo, por lo que es unequipo excelente para aplicaciones de no paro.","robots":{"index":"index","follow":"follow","max-snippet":"max-snippet:-1","max-image-preview":"max-image-preview:large","max-video-preview":"max-video-preview:-1"},"canonical":"https:\/\/ttemsa.com\/industria\/index.php\/kti\/371-kti-catalogo-general\/","og_locale":"es_MX","og_type":"article","og_title":"Sistemas de no paro en Cantiliver para Desembobinado El PA fue dise\u00f1ado para manejar con eficacia las pel\u00edculas sin respaldo, por lo que es unequipo excelente para aplicaciones de no paro.","og_description":"En ttemsa ofrecemos Soluciones. Solicite + info Tel\u00e9fonos: + 52 (55) 5352-0191 5352-1301 5352-6070 5352-0593","og_url":"https:\/\/ttemsa.com\/industria\/index.php\/kti\/371-kti-catalogo-general\/","og_site_name":"industria-de-la-conversion.ttemsa","article_modified_time":"2024-09-05T19:45:14+00:00","og_image":[{"width":506,"height":506,"url":"https:\/\/ttemsa.com\/industria\/wp-content\/uploads\/2024\/03\/01-PA.png","type":"image\/png"}],"twitter_card":"summary_large_image","twitter_misc":{"Tiempo de lectura":"2 minutos"},"schema":{"@context":"https:\/\/schema.org","@graph":[{"@type":"WebPage","@id":"https:\/\/ttemsa.com\/industria\/index.php\/kti\/371-kti-catalogo-general\/","url":"https:\/\/ttemsa.com\/industria\/index.php\/kti\/371-kti-catalogo-general\/","name":"Serie PA - industria-de-la-conversion.ttemsa","isPartOf":{"@id":"https:\/\/ttemsa.com\/industria\/#website"},"primaryImageOfPage":{"@id":"https:\/\/ttemsa.com\/industria\/index.php\/kti\/371-kti-catalogo-general\/#primaryimage"},"image":{"@id":"https:\/\/ttemsa.com\/industria\/index.php\/kti\/371-kti-catalogo-general\/#primaryimage"},"thumbnailUrl":"https:\/\/ttemsa.com\/industria\/wp-content\/uploads\/2024\/03\/Captura-de-pantalla-2024-03-06-a-las-8.11.26-a.m.png","datePublished":"2024-03-02T00:14:42+00:00","dateModified":"2024-09-05T19:45:14+00:00","description":"Sistemas de no paro en Cantiliver para Desembobinado El PA fue dise\u00f1ado para manejar con eficacia las pel\u00edculas sin respaldo, por lo que es unequipo excelente para aplicaciones de no paro.","breadcrumb":{"@id":"https:\/\/ttemsa.com\/industria\/index.php\/kti\/371-kti-catalogo-general\/#breadcrumb"},"inLanguage":"es","potentialAction":[{"@type":"ReadAction","target":["https:\/\/ttemsa.com\/industria\/index.php\/kti\/371-kti-catalogo-general\/"]}]},{"@type":"ImageObject","inLanguage":"es","@id":"https:\/\/ttemsa.com\/industria\/index.php\/kti\/371-kti-catalogo-general\/#primaryimage","url":"https:\/\/ttemsa.com\/industria\/wp-content\/uploads\/2024\/03\/Captura-de-pantalla-2024-03-06-a-las-8.11.26-a.m.png","contentUrl":"https:\/\/ttemsa.com\/industria\/wp-content\/uploads\/2024\/03\/Captura-de-pantalla-2024-03-06-a-las-8.11.26-a.m.png","width":327,"height":621},{"@type":"BreadcrumbList","@id":"https:\/\/ttemsa.com\/industria\/index.php\/kti\/371-kti-catalogo-general\/#breadcrumb","itemListElement":[{"@type":"ListItem","position":1,"name":"Inicio","item":"https:\/\/ttemsa.com\/industria\/"},{"@type":"ListItem","position":2,"name":"KTI","item":"https:\/\/ttemsa.com\/industria\/index.php\/kti\/"},{"@type":"ListItem","position":3,"name":"Serie PA"}]},{"@type":"WebSite","@id":"https:\/\/ttemsa.com\/industria\/#website","url":"https:\/\/ttemsa.com\/industria\/","name":"industria-de-la-conversion.ttemsa","description":"Designed Dianalacazadora.com","alternateName":"ttemsa l\u00edderes en la industria de la conversi\u00f3n","potentialAction":[{"@type":"SearchAction","target":{"@type":"EntryPoint","urlTemplate":"https:\/\/ttemsa.com\/industria\/?s={search_term_string}"},"query-input":{"@type":"PropertyValueSpecification","valueRequired":true,"valueName":"search_term_string"}}],"inLanguage":"es"}]}},"_links":{"self":[{"href":"https:\/\/ttemsa.com\/industria\/index.php\/wp-json\/wp\/v2\/pages\/1793","targetHints":{"allow":["GET"]}}],"collection":[{"href":"https:\/\/ttemsa.com\/industria\/index.php\/wp-json\/wp\/v2\/pages"}],"about":[{"href":"https:\/\/ttemsa.com\/industria\/index.php\/wp-json\/wp\/v2\/types\/page"}],"author":[{"embeddable":true,"href":"https:\/\/ttemsa.com\/industria\/index.php\/wp-json\/wp\/v2\/users\/1"}],"replies":[{"embeddable":true,"href":"https:\/\/ttemsa.com\/industria\/index.php\/wp-json\/wp\/v2\/comments?post=1793"}],"version-history":[{"count":3,"href":"https:\/\/ttemsa.com\/industria\/index.php\/wp-json\/wp\/v2\/pages\/1793\/revisions"}],"predecessor-version":[{"id":2447,"href":"https:\/\/ttemsa.com\/industria\/index.php\/wp-json\/wp\/v2\/pages\/1793\/revisions\/2447"}],"up":[{"embeddable":true,"href":"https:\/\/ttemsa.com\/industria\/index.php\/wp-json\/wp\/v2\/pages\/37"}],"wp:attachment":[{"href":"https:\/\/ttemsa.com\/industria\/index.php\/wp-json\/wp\/v2\/media?parent=1793"}],"wp:term":[{"taxonomy":"category","embeddable":true,"href":"https:\/\/ttemsa.com\/industria\/index.php\/wp-json\/wp\/v2\/categories?post=1793"},{"taxonomy":"post_tag","embeddable":true,"href":"https:\/\/ttemsa.com\/industria\/index.php\/wp-json\/wp\/v2\/tags?post=1793"}],"curies":[{"name":"wp","href":"https:\/\/api.w.org\/{rel}","templated":true}]}}