{"id":1816,"date":"2024-03-02T00:23:51","date_gmt":"2024-03-02T00:23:51","guid":{"rendered":"https:\/\/ttemsa.com\/industria\/index.php\/boschert\/boschert-copy-copy-2\/"},"modified":"2024-09-14T14:09:28","modified_gmt":"2024-09-14T14:09:28","slug":"inserto-reemplazable-vt","status":"publish","type":"page","link":"https:\/\/ttemsa.com\/industria\/index.php\/boschert-catalogo-principal\/inserto-reemplazable-vt\/","title":{"rendered":"Chucks con Inserto Reemplazable VT"},"content":{"rendered":"<div class=\"wp-block-image\">\n<figure class=\"aligncenter size-full\"><img loading=\"lazy\" decoding=\"async\" width=\"500\" height=\"525\" src=\"https:\/\/ttemsa.com\/industria\/wp-content\/uploads\/2024\/03\/Lager_VT1.jpg\" alt=\"\" class=\"wp-image-2509\" srcset=\"https:\/\/ttemsa.com\/industria\/wp-content\/uploads\/2024\/03\/Lager_VT1.jpg 500w, https:\/\/ttemsa.com\/industria\/wp-content\/uploads\/2024\/03\/Lager_VT1-286x300.jpg 286w\" sizes=\"auto, (max-width: 500px) 100vw, 500px\" \/><\/figure>\n<\/div>\n\n<div class=\"wp-block-image\">\n<figure class=\"aligncenter size-full is-resized\"><img loading=\"lazy\" decoding=\"async\" width=\"280\" height=\"99\" src=\"https:\/\/ttemsa.com\/industria\/wp-content\/uploads\/2024\/03\/BOSCHERT.jpg\" alt=\"\" class=\"wp-image-2502\" style=\"width:164px;height:auto\"\/><\/figure>\n<\/div>\n\n\n<figure class=\"wp-block-image size-full\"><img loading=\"lazy\" decoding=\"async\" width=\"786\" height=\"199\" src=\"https:\/\/ttemsa.com\/industria\/wp-content\/uploads\/2024\/03\/vt.png\" alt=\"\" class=\"wp-image-2510\" srcset=\"https:\/\/ttemsa.com\/industria\/wp-content\/uploads\/2024\/03\/vt.png 786w, https:\/\/ttemsa.com\/industria\/wp-content\/uploads\/2024\/03\/vt-300x76.png 300w, https:\/\/ttemsa.com\/industria\/wp-content\/uploads\/2024\/03\/vt-768x194.png 768w\" sizes=\"auto, (max-width: 786px) 100vw, 786px\" \/><\/figure>\n\n\n\n<p>ESTE CHUCK&nbsp;O MANDRIL DE SEGURIDAD SE CARACTERIZA POR CONTAR CON EL INSERTO RE\u00adEMPLAZABLE PATENTADO POR BOSCHERT. CON ESTA CARACTERISTICA, EL USUARIO PUEDE ES\u00adPECIFICAR UNA ABERTURA CUADRADA, TRIANGULAR,&nbsp;&nbsp;CUADRADO CON CIRCULAR &nbsp;(VT-7 QUE PRODUCE MENOR VIBRACI\u00d3N.<\/p>\n\n\n\n<p>LA VENTAJA DE ESTE MODELO DE CHUCK DE SEGURIDAD TIPO VT DE BOSCHERT ES QUE FUE DISE\u00d1ADO PARA APLICACIONES DE ALTA VELOCIDAD. GRACIAS AL DISE\u00d1O DE INSERTO REEM\u00adPLAZABLE, SE OBTIENE UNA CONCENTRICIDAD MAS PRECISA QUE LA COMPETENCIA, ES DECIR, MENOR VIBRACION DURANTE EL ARRANQUE Y MAYOR TIEMPO DE VIDA POR EL REDUCIDO DESGASTE ENTRE LA FLECHA Y LA ABERTURA,<\/p>\n\n\n\n<p>SI SE DESGASTA EL INSERTO POR EL&nbsp;USO, SE PUEDE REEMPLAZAR CON&nbsp;UNO NUEVO CON FACILIDAD.&nbsp;<\/p>\n\n\n\n<h2 class=\"wp-block-heading\"><em>Para insertos VT-2 y VT-6 se requiere una transmisi\u00f3n radial<\/em><\/h2>\n\n\n\n<p>Estos Chucks con insertos reemplazable pueden cambiarse r\u00e1pida y f\u00e1cilmente en la m\u00e1quina. El tiempo para realizarlo es m\u00ednimo. Cualquier forma o tama\u00f1o de inserto puede seleccionarse. Boschert puede suministrarle&nbsp;&nbsp;los insertos a diferentes durezas para ofrecer un ensamble perfecto entre el inserto y la flecha.<\/p>\n\n\n\n<p><strong>Caracter\u00edsticas de los Chucks Boschert con Inserto VT<\/strong><\/p>\n\n\n\n<p>\u00b7&nbsp;&nbsp;&nbsp;&nbsp;&nbsp;&nbsp;Volante Cromado<\/p>\n\n\n\n<p>\u00b7&nbsp;&nbsp;&nbsp;&nbsp;&nbsp;&nbsp;Protecci\u00f3n de Hule para Dedos<\/p>\n\n\n\n<p>\u00b7&nbsp;&nbsp;&nbsp;&nbsp;&nbsp;&nbsp;R\u00e1pido cambio de inserto<\/p>\n\n\n\n<p><strong>Datos t\u00e9cnicos de los Chucks VT-1<\/strong><\/p>\n\n\n\n<figure class=\"wp-block-table\"><table><tbody><tr><td><strong>Tipo<\/strong><\/td><td><strong>Peso M\u00e1ximo (Kg)<\/strong><\/td><td><strong>Par de Torsi\u00f3n (Nm)<\/strong><\/td><td><strong>Dimensi\u00f3n del cuadro (mm)<\/strong><\/td><\/tr><tr><td>22-30<\/td><td>800<\/td><td>180<\/td><td>22-30<\/td><\/tr><tr><td>30-40<\/td><td>1600<\/td><td>350<\/td><td>30-40<\/td><\/tr><tr><td>40-50<\/td><td>2800<\/td><td>1100<\/td><td>40-50<\/td><\/tr><tr><td>50-80<\/td><td>7000<\/td><td>2350<\/td><td>50-80<\/td><\/tr><tr><td>80-120<\/td><td>12000<\/td><td>10000<\/td><td>80-120<\/td><\/tr><\/tbody><\/table><\/figure>\n\n\n\n<p>Todos los tipos est\u00e1n disponibles en montaje de pedestal o de brida. Inserto VT-6 (espiga triangular).<\/p>\n\n\n\n<figure class=\"wp-block-image size-full\"><img loading=\"lazy\" decoding=\"async\" width=\"120\" height=\"125\" src=\"https:\/\/ttemsa.com\/industria\/wp-content\/uploads\/2024\/03\/image044.jpg\" alt=\"\" class=\"wp-image-2512\"\/><\/figure>\n\n\n\n<p><strong>Caracter\u00edsticas:<\/strong><\/p>\n\n\n\n<p>\u00b7&nbsp;&nbsp;&nbsp;&nbsp;&nbsp;&nbsp;Concentricidad perfecta con la posibilidad de transmitir alto par de torsi\u00f3n<\/p>\n\n\n\n<p>\u00b7&nbsp;&nbsp;&nbsp;&nbsp;&nbsp;&nbsp;Muy f\u00e1cil para montar la flecha<\/p>\n\n\n\n<p>\u00b7&nbsp;&nbsp;&nbsp;&nbsp;&nbsp;&nbsp;Alta velocidad hasta 1350 RPM (velocidades mayores sobre pedido)<\/p>\n\n\n\n<p><strong>Datos t\u00e9cnicos para los Chucks con inserto VT-6<\/strong><\/p>\n\n\n\n<figure class=\"wp-block-table\"><table><tbody><tr><td><strong>Tipo&nbsp;&nbsp;&nbsp;&nbsp;<\/strong><\/td><td><strong>Peso M\u00e1ximo (Kg)<\/strong><\/td><td><strong>Par de Torsi\u00f3n (Nm)<\/strong><\/td><td><strong>Dimensi\u00f3n del cuadro (mm)<\/strong><\/td><\/tr><tr><td>22-30<\/td><td>800<\/td><td>180<\/td><td>22-30<\/td><\/tr><tr><td>30-40<\/td><td>1600<\/td><td>350<\/td><td>30-40<\/td><\/tr><tr><td>40-50<\/td><td>2800<\/td><td>1100<\/td><td>40-50<\/td><\/tr><tr><td>50-80<\/td><td>7000<\/td><td>2350<\/td><td>50-80<\/td><\/tr><tr><td>80-120<\/td><td>12000<\/td><td>10000<\/td><td>80-120<\/td><\/tr><\/tbody><\/table><\/figure>\n\n\n\n<p><strong>Todos los tipos est\u00e1n disponibles en montaje de pedestal o de brida<\/strong><\/p>\n\n\n\n<p><strong>Inserto reemplazable VT-7<\/strong><\/p>\n\n\n\n<figure class=\"wp-block-image size-full\"><img loading=\"lazy\" decoding=\"async\" width=\"120\" height=\"114\" src=\"https:\/\/ttemsa.com\/industria\/wp-content\/uploads\/2024\/03\/image046.jpg\" alt=\"\" class=\"wp-image-2513\"\/><\/figure>\n\n\n\n<p><strong>Caracter\u00edsticas:<\/strong><\/p>\n\n\n\n<p>\u00b7&nbsp;&nbsp;&nbsp;&nbsp;&nbsp;&nbsp;Abertura circular para operar a perfectas altas velocidades<\/p>\n\n\n\n<p>\u00b7&nbsp;&nbsp;&nbsp;&nbsp;&nbsp;&nbsp;Cuadro separado para transmitir par de torsi\u00f3n<\/p>\n\n\n\n<p>\u00b7&nbsp;&nbsp;&nbsp;&nbsp;&nbsp;&nbsp;Gira suavemente la flecha<\/p>\n\n\n\n<p>\u00b7&nbsp;&nbsp;&nbsp;&nbsp;&nbsp;&nbsp;Altas velocidades hasta 1350 RPM (velocidades mayores sobre pedido)<\/p>\n\n\n\n<p>\u00b7&nbsp;&nbsp;&nbsp;&nbsp;&nbsp;&nbsp;F\u00e1cil montaje con juego cerca de cero entre flecha y Chuck<\/p>\n\n\n\n<p><strong>Datos t\u00e9cnicos para los Chucks con inserto VT-7<\/strong><\/p>\n\n\n\n<figure class=\"wp-block-table\"><table><tbody><tr><td><strong>Tipo&nbsp;&nbsp;&nbsp;&nbsp;<\/strong><\/td><td><strong>Peso M\u00e1ximo (Kg)<\/strong><\/td><td><strong>Par de Torsi\u00f3n (Nm)<\/strong><\/td><td><strong>Dimensi\u00f3n del cuadro (mm)<\/strong><\/td><\/tr><tr><td>22-30<\/td><td>800<\/td><td>180<\/td><td>22-30<\/td><\/tr><tr><td>30-40<\/td><td>1600<\/td><td>350<\/td><td>30-40<\/td><\/tr><tr><td>40-50<\/td><td>2800<\/td><td>1100<\/td><td>40-50<\/td><\/tr><tr><td>50-80<\/td><td>7000<\/td><td>2350<\/td><td>50-80<\/td><\/tr><tr><td>80-120<\/td><td>12000<\/td><td>10000<\/td><td>80-120<\/td><\/tr><\/tbody><\/table><\/figure>\n\n\n\n<h2 class=\"wp-block-heading\">Inserto Reemplazable VT PDF<\/h2>\n\n\n\n<p><img decoding=\"async\" src=\"https:\/\/ttemsa.com\/industria\/images\/pdfs2021\/pdf.png\" alt=\"\"><\/p>\n\n\n\n<h4 class=\"wp-block-heading\">&nbsp;Ver PDF<\/h4>\n\n\n\n<p><a href=\"https:\/\/www.ttemsa.com\/images\/pdf\/Boschert-Chucks-con-inserto.pdf\" target=\"_blank\" rel=\"noreferrer noopener\">Cat\u00e1logo en Alem\u00e1n<\/a><\/p>\n\n\n\n<ul class=\"wp-block-list\">\n<li>PDF<\/li>\n<\/ul>\n\n\n\n<p><a href=\"https:\/\/www.ttemsa.com\/images\/pdf\/Boschert-laguermini-14-20.pdf\" target=\"_blank\" rel=\"noreferrer noopener\"><\/a><\/p>\n\n\n\n<h4 class=\"wp-block-heading\">&nbsp;Ver PDF<\/h4>\n\n\n\n<p><strong><a href=\"https:\/\/www.ttemsa.com\/images\/pdf\/Boschert-laguermini-14-20.pdf\" target=\"_blank\" rel=\"noreferrer noopener\">Boschert Laguermini 14-20<\/a><\/strong><\/p>\n\n\n\n<p><a href=\"https:\/\/www.ttemsa.com\/images\/pdf\/Boschert-laguer-19-25.pdf\" target=\"_blank\" rel=\"noreferrer noopener\"><\/a><\/p>\n\n\n\n<h4 class=\"wp-block-heading\">&nbsp;Ver PDF<\/h4>\n\n\n\n<p><a href=\"https:\/\/www.ttemsa.com\/images\/pdf\/Boschert-laguer-19-25.pdf\" target=\"_blank\" rel=\"noreferrer noopener\">Boschert Laguer 19-25<\/a><\/p>\n\n\n\n<figure class=\"wp-block-image\"><a href=\"https:\/\/www.ttemsa.com\/images\/pdf\/Boschert-Lager-22-30.pdf\" target=\"_blank\" rel=\"noreferrer noopener\"><img decoding=\"async\" src=\"https:\/\/ttemsa.com\/industria\/images\/pdfs2021\/pdf.png\" alt=\"\"\/><\/a><\/figure>\n\n\n\n<h4 class=\"wp-block-heading\">&nbsp;Ver PDF<\/h4>\n\n\n\n<p><a href=\"https:\/\/www.ttemsa.com\/images\/pdf\/Boschert-Lager-22-30.pdf\" target=\"_blank\" rel=\"noreferrer noopener\">Boschert Lager 22-30<\/a><\/p>\n\n\n\n<p><a href=\"https:\/\/www.ttemsa.com\/images\/pdf\/Boschert-Lager-30-40.pdf\" target=\"_blank\" rel=\"noreferrer noopener\"><\/a><\/p>\n\n\n\n<h4 class=\"wp-block-heading\">&nbsp;Ver PDF<\/h4>\n\n\n\n<p><a href=\"https:\/\/www.ttemsa.com\/images\/pdf\/Boschert-Lager-30-40.pdf\" target=\"_blank\" rel=\"noreferrer noopener\">Boschert Lager 30-40<\/a><\/p>\n\n\n\n<figure class=\"wp-block-image\"><a href=\"https:\/\/www.ttemsa.com\/images\/pdf\/Boschert-Lager-40-50.pdf\" target=\"_blank\" rel=\"noreferrer noopener\"><img decoding=\"async\" src=\"https:\/\/ttemsa.com\/industria\/images\/pdfs2021\/pdf.png\" alt=\"\"\/><\/a><\/figure>\n\n\n\n<h4 class=\"wp-block-heading\">&nbsp;<\/h4>\n\n\n\n<h4 class=\"wp-block-heading\">&nbsp;Ver PDF<\/h4>\n\n\n\n<p>&nbsp;<a href=\"https:\/\/www.ttemsa.com\/images\/pdf\/Boschert-Lager-40-50.pdf\" target=\"_blank\" rel=\"noreferrer noopener\">Boschert Lager 40-50<\/a><\/p>\n\n\n\n<figure class=\"wp-block-image\"><a href=\"https:\/\/www.ttemsa.com\/images\/pdf\/Boschert-Lager-50-80.pdf\" target=\"_blank\" rel=\"noreferrer noopener\"><img decoding=\"async\" src=\"https:\/\/ttemsa.com\/industria\/images\/pdfs2021\/pdf.png\" alt=\"\"\/><\/a><\/figure>\n\n\n\n<h4 class=\"wp-block-heading\">&nbsp;Ver PDF<\/h4>\n\n\n\n<p><a href=\"https:\/\/www.ttemsa.com\/images\/pdf\/Boschert-Lager-50-80.pdf\" target=\"_blank\" rel=\"noreferrer noopener\">Boschert Lager 50-80<\/a><\/p>\n\n\n\n<h2 class=\"wp-block-heading\">Caracter\u00edsticas BOSCHERT Chucks con inserto<\/h2>\n\n\n\n<ul class=\"wp-block-list\">\n<li>CHUCKS VT-1<\/li>\n\n\n\n<li>INSERTO VT-6 (ESPIGA TRIANGULAR)<\/li>\n\n\n\n<li>INSERTO REEMPLAZABLE VT-7<\/li>\n\n\n\n<li>PDF<\/li>\n<\/ul>\n\n\n\n<p><strong>Datos t\u00e9cnicos de los&nbsp;Chucks VT-1<\/strong>&nbsp; &nbsp;&nbsp;&nbsp;<\/p>\n\n\n\n<figure class=\"wp-block-table\"><table><tbody><tr><td><br><strong>Tipo<\/strong><\/td><td><strong>Peso M\u00e1ximo (Kg)<\/strong><\/td><td><strong>Par de Torsi\u00f3n (Nm)<\/strong><\/td><td><strong>Dimensi\u00f3n del cuadro (mm)<\/strong><\/td><\/tr><tr><td>22-30<\/td><td>800<\/td><td>180<\/td><td>22-30<\/td><\/tr><tr><td>30-40<\/td><td>1600<\/td><td>350<\/td><td>30-40<\/td><\/tr><tr><td>40-50<\/td><td>2800<\/td><td>1100<\/td><td>40-50<\/td><\/tr><tr><td>50-80<\/td><td>7000<\/td><td>2350<\/td><td>50-80<\/td><\/tr><tr><td>80-120<\/td><td>12000<\/td><td>10000<\/td><td>80-120<\/td><\/tr><\/tbody><\/table><\/figure>\n\n\n\n<p><strong>Todos los tipos est\u00e1n disponibles en montaje de pedestal o de brida<\/strong><\/p>\n","protected":false},"excerpt":{"rendered":"<p>ESTE CHUCK&nbsp;O MANDRIL DE SEGURIDAD SE CARACTERIZA POR CONTAR CON EL INSERTO RE\u00adEMPLAZABLE PATENTADO POR BOSCHERT. CON ESTA CARACTERISTICA, EL USUARIO PUEDE ES\u00adPECIFICAR UNA ABERTURA CUADRADA, TRIANGULAR,&nbsp;&nbsp;CUADRADO CON CIRCULAR &nbsp;(VT-7 QUE PRODUCE MENOR VIBRACI\u00d3N. LA VENTAJA DE ESTE MODELO DE CHUCK DE SEGURIDAD TIPO VT DE BOSCHERT ES QUE FUE DISE\u00d1ADO PARA APLICACIONES DE ALTA [&hellip;]<\/p>\n","protected":false},"author":1,"featured_media":0,"parent":2498,"menu_order":0,"comment_status":"closed","ping_status":"closed","template":"","meta":{"content-type":"","footnotes":""},"categories":[21],"tags":[],"class_list":["post-1816","page","type-page","status-publish","hentry","category-boschert-catalogo-principal"],"yoast_head":"<!-- This site is optimized with the Yoast SEO plugin v26.6 - https:\/\/yoast.com\/wordpress\/plugins\/seo\/ -->\n<title>Chucks con Inserto Reemplazable VT - industria-de-la-conversion.ttemsa<\/title>\n<meta name=\"description\" content=\"Chucks con Inserto Reemplazable VT CHUCKS CON INSERTO Montaje de Pedestal Tipo C Montaje de Pedestal. En ttemsa ofrecemos Soluciones. Solicite + info Tel\u00e9fonos: + 52 (55) 5352-0191 5352-1301 5352-6070 5352-0593\" \/>\n<meta name=\"robots\" content=\"index, follow, max-snippet:-1, max-image-preview:large, max-video-preview:-1\" \/>\n<link rel=\"canonical\" href=\"https:\/\/ttemsa.com\/industria\/index.php\/boschert-catalogo-principal\/inserto-reemplazable-vt\/\" \/>\n<meta property=\"og:locale\" content=\"es_MX\" \/>\n<meta property=\"og:type\" content=\"article\" \/>\n<meta property=\"og:title\" content=\"Chucks con Inserto Reemplazable V TCHUCKS CON INSERTO Montaje de Pedestal Tipo C Montaje de Pedestal.\" \/>\n<meta property=\"og:description\" content=\"En ttemsa ofrecemos Soluciones. Solicite + info Tel\u00e9fonos: + 52 (55) 5352-0191 5352-1301 5352-6070 5352-0593\" \/>\n<meta property=\"og:url\" content=\"https:\/\/ttemsa.com\/industria\/index.php\/boschert-catalogo-principal\/inserto-reemplazable-vt\/\" \/>\n<meta property=\"og:site_name\" content=\"industria-de-la-conversion.ttemsa\" \/>\n<meta property=\"article:modified_time\" content=\"2024-09-14T14:09:28+00:00\" \/>\n<meta property=\"og:image\" content=\"https:\/\/ttemsa.com\/industria\/wp-content\/uploads\/2024\/03\/Lager_VT1.jpg\" \/>\n\t<meta property=\"og:image:width\" content=\"500\" \/>\n\t<meta property=\"og:image:height\" content=\"525\" \/>\n\t<meta property=\"og:image:type\" content=\"image\/jpeg\" \/>\n<meta name=\"twitter:card\" content=\"summary_large_image\" \/>\n<meta name=\"twitter:label1\" content=\"Tiempo de lectura\" \/>\n\t<meta name=\"twitter:data1\" content=\"5 minutos\" \/>\n<script type=\"application\/ld+json\" class=\"yoast-schema-graph\">{\"@context\":\"https:\/\/schema.org\",\"@graph\":[{\"@type\":\"WebPage\",\"@id\":\"https:\/\/ttemsa.com\/industria\/index.php\/boschert-catalogo-principal\/inserto-reemplazable-vt\/\",\"url\":\"https:\/\/ttemsa.com\/industria\/index.php\/boschert-catalogo-principal\/inserto-reemplazable-vt\/\",\"name\":\"Chucks con Inserto Reemplazable VT - industria-de-la-conversion.ttemsa\",\"isPartOf\":{\"@id\":\"https:\/\/ttemsa.com\/industria\/#website\"},\"primaryImageOfPage\":{\"@id\":\"https:\/\/ttemsa.com\/industria\/index.php\/boschert-catalogo-principal\/inserto-reemplazable-vt\/#primaryimage\"},\"image\":{\"@id\":\"https:\/\/ttemsa.com\/industria\/index.php\/boschert-catalogo-principal\/inserto-reemplazable-vt\/#primaryimage\"},\"thumbnailUrl\":\"https:\/\/ttemsa.com\/industria\/wp-content\/uploads\/2024\/03\/Lager_VT1.jpg\",\"datePublished\":\"2024-03-02T00:23:51+00:00\",\"dateModified\":\"2024-09-14T14:09:28+00:00\",\"description\":\"Chucks con Inserto Reemplazable VT CHUCKS CON INSERTO Montaje de Pedestal Tipo C Montaje de Pedestal. En ttemsa ofrecemos Soluciones. Solicite + info Tel\u00e9fonos: + 52 (55) 5352-0191 5352-1301 5352-6070 5352-0593\",\"breadcrumb\":{\"@id\":\"https:\/\/ttemsa.com\/industria\/index.php\/boschert-catalogo-principal\/inserto-reemplazable-vt\/#breadcrumb\"},\"inLanguage\":\"es\",\"potentialAction\":[{\"@type\":\"ReadAction\",\"target\":[\"https:\/\/ttemsa.com\/industria\/index.php\/boschert-catalogo-principal\/inserto-reemplazable-vt\/\"]}]},{\"@type\":\"ImageObject\",\"inLanguage\":\"es\",\"@id\":\"https:\/\/ttemsa.com\/industria\/index.php\/boschert-catalogo-principal\/inserto-reemplazable-vt\/#primaryimage\",\"url\":\"https:\/\/ttemsa.com\/industria\/wp-content\/uploads\/2024\/03\/Lager_VT1.jpg\",\"contentUrl\":\"https:\/\/ttemsa.com\/industria\/wp-content\/uploads\/2024\/03\/Lager_VT1.jpg\",\"width\":500,\"height\":525},{\"@type\":\"BreadcrumbList\",\"@id\":\"https:\/\/ttemsa.com\/industria\/index.php\/boschert-catalogo-principal\/inserto-reemplazable-vt\/#breadcrumb\",\"itemListElement\":[{\"@type\":\"ListItem\",\"position\":1,\"name\":\"Inicio\",\"item\":\"https:\/\/ttemsa.com\/industria\/\"},{\"@type\":\"ListItem\",\"position\":2,\"name\":\"Boschert C\u00e1talogo Principal\",\"item\":\"https:\/\/ttemsa.com\/industria\/index.php\/boschert-catalogo-principal\/\"},{\"@type\":\"ListItem\",\"position\":3,\"name\":\"Chucks con Inserto Reemplazable VT\"}]},{\"@type\":\"WebSite\",\"@id\":\"https:\/\/ttemsa.com\/industria\/#website\",\"url\":\"https:\/\/ttemsa.com\/industria\/\",\"name\":\"industria-de-la-conversion.ttemsa\",\"description\":\"Designed Dianalacazadora.com\",\"alternateName\":\"ttemsa l\u00edderes en la industria de la conversi\u00f3n\",\"potentialAction\":[{\"@type\":\"SearchAction\",\"target\":{\"@type\":\"EntryPoint\",\"urlTemplate\":\"https:\/\/ttemsa.com\/industria\/?s={search_term_string}\"},\"query-input\":{\"@type\":\"PropertyValueSpecification\",\"valueRequired\":true,\"valueName\":\"search_term_string\"}}],\"inLanguage\":\"es\"}]}<\/script>\n<!-- \/ Yoast SEO plugin. -->","yoast_head_json":{"title":"Chucks con Inserto Reemplazable VT - industria-de-la-conversion.ttemsa","description":"Chucks con Inserto Reemplazable VT CHUCKS CON INSERTO Montaje de Pedestal Tipo C Montaje de Pedestal. En ttemsa ofrecemos Soluciones. Solicite + info Tel\u00e9fonos: + 52 (55) 5352-0191 5352-1301 5352-6070 5352-0593","robots":{"index":"index","follow":"follow","max-snippet":"max-snippet:-1","max-image-preview":"max-image-preview:large","max-video-preview":"max-video-preview:-1"},"canonical":"https:\/\/ttemsa.com\/industria\/index.php\/boschert-catalogo-principal\/inserto-reemplazable-vt\/","og_locale":"es_MX","og_type":"article","og_title":"Chucks con Inserto Reemplazable V TCHUCKS CON INSERTO Montaje de Pedestal Tipo C Montaje de Pedestal.","og_description":"En ttemsa ofrecemos Soluciones. Solicite + info Tel\u00e9fonos: + 52 (55) 5352-0191 5352-1301 5352-6070 5352-0593","og_url":"https:\/\/ttemsa.com\/industria\/index.php\/boschert-catalogo-principal\/inserto-reemplazable-vt\/","og_site_name":"industria-de-la-conversion.ttemsa","article_modified_time":"2024-09-14T14:09:28+00:00","og_image":[{"width":500,"height":525,"url":"https:\/\/ttemsa.com\/industria\/wp-content\/uploads\/2024\/03\/Lager_VT1.jpg","type":"image\/jpeg"}],"twitter_card":"summary_large_image","twitter_misc":{"Tiempo de lectura":"5 minutos"},"schema":{"@context":"https:\/\/schema.org","@graph":[{"@type":"WebPage","@id":"https:\/\/ttemsa.com\/industria\/index.php\/boschert-catalogo-principal\/inserto-reemplazable-vt\/","url":"https:\/\/ttemsa.com\/industria\/index.php\/boschert-catalogo-principal\/inserto-reemplazable-vt\/","name":"Chucks con Inserto Reemplazable VT - industria-de-la-conversion.ttemsa","isPartOf":{"@id":"https:\/\/ttemsa.com\/industria\/#website"},"primaryImageOfPage":{"@id":"https:\/\/ttemsa.com\/industria\/index.php\/boschert-catalogo-principal\/inserto-reemplazable-vt\/#primaryimage"},"image":{"@id":"https:\/\/ttemsa.com\/industria\/index.php\/boschert-catalogo-principal\/inserto-reemplazable-vt\/#primaryimage"},"thumbnailUrl":"https:\/\/ttemsa.com\/industria\/wp-content\/uploads\/2024\/03\/Lager_VT1.jpg","datePublished":"2024-03-02T00:23:51+00:00","dateModified":"2024-09-14T14:09:28+00:00","description":"Chucks con Inserto Reemplazable VT CHUCKS CON INSERTO Montaje de Pedestal Tipo C Montaje de Pedestal. En ttemsa ofrecemos Soluciones. Solicite + info Tel\u00e9fonos: + 52 (55) 5352-0191 5352-1301 5352-6070 5352-0593","breadcrumb":{"@id":"https:\/\/ttemsa.com\/industria\/index.php\/boschert-catalogo-principal\/inserto-reemplazable-vt\/#breadcrumb"},"inLanguage":"es","potentialAction":[{"@type":"ReadAction","target":["https:\/\/ttemsa.com\/industria\/index.php\/boschert-catalogo-principal\/inserto-reemplazable-vt\/"]}]},{"@type":"ImageObject","inLanguage":"es","@id":"https:\/\/ttemsa.com\/industria\/index.php\/boschert-catalogo-principal\/inserto-reemplazable-vt\/#primaryimage","url":"https:\/\/ttemsa.com\/industria\/wp-content\/uploads\/2024\/03\/Lager_VT1.jpg","contentUrl":"https:\/\/ttemsa.com\/industria\/wp-content\/uploads\/2024\/03\/Lager_VT1.jpg","width":500,"height":525},{"@type":"BreadcrumbList","@id":"https:\/\/ttemsa.com\/industria\/index.php\/boschert-catalogo-principal\/inserto-reemplazable-vt\/#breadcrumb","itemListElement":[{"@type":"ListItem","position":1,"name":"Inicio","item":"https:\/\/ttemsa.com\/industria\/"},{"@type":"ListItem","position":2,"name":"Boschert C\u00e1talogo Principal","item":"https:\/\/ttemsa.com\/industria\/index.php\/boschert-catalogo-principal\/"},{"@type":"ListItem","position":3,"name":"Chucks con Inserto Reemplazable VT"}]},{"@type":"WebSite","@id":"https:\/\/ttemsa.com\/industria\/#website","url":"https:\/\/ttemsa.com\/industria\/","name":"industria-de-la-conversion.ttemsa","description":"Designed Dianalacazadora.com","alternateName":"ttemsa l\u00edderes en la industria de la conversi\u00f3n","potentialAction":[{"@type":"SearchAction","target":{"@type":"EntryPoint","urlTemplate":"https:\/\/ttemsa.com\/industria\/?s={search_term_string}"},"query-input":{"@type":"PropertyValueSpecification","valueRequired":true,"valueName":"search_term_string"}}],"inLanguage":"es"}]}},"_links":{"self":[{"href":"https:\/\/ttemsa.com\/industria\/index.php\/wp-json\/wp\/v2\/pages\/1816","targetHints":{"allow":["GET"]}}],"collection":[{"href":"https:\/\/ttemsa.com\/industria\/index.php\/wp-json\/wp\/v2\/pages"}],"about":[{"href":"https:\/\/ttemsa.com\/industria\/index.php\/wp-json\/wp\/v2\/types\/page"}],"author":[{"embeddable":true,"href":"https:\/\/ttemsa.com\/industria\/index.php\/wp-json\/wp\/v2\/users\/1"}],"replies":[{"embeddable":true,"href":"https:\/\/ttemsa.com\/industria\/index.php\/wp-json\/wp\/v2\/comments?post=1816"}],"version-history":[{"count":2,"href":"https:\/\/ttemsa.com\/industria\/index.php\/wp-json\/wp\/v2\/pages\/1816\/revisions"}],"predecessor-version":[{"id":2514,"href":"https:\/\/ttemsa.com\/industria\/index.php\/wp-json\/wp\/v2\/pages\/1816\/revisions\/2514"}],"up":[{"embeddable":true,"href":"https:\/\/ttemsa.com\/industria\/index.php\/wp-json\/wp\/v2\/pages\/2498"}],"wp:attachment":[{"href":"https:\/\/ttemsa.com\/industria\/index.php\/wp-json\/wp\/v2\/media?parent=1816"}],"wp:term":[{"taxonomy":"category","embeddable":true,"href":"https:\/\/ttemsa.com\/industria\/index.php\/wp-json\/wp\/v2\/categories?post=1816"},{"taxonomy":"post_tag","embeddable":true,"href":"https:\/\/ttemsa.com\/industria\/index.php\/wp-json\/wp\/v2\/tags?post=1816"}],"curies":[{"name":"wp","href":"https:\/\/api.w.org\/{rel}","templated":true}]}}