{"id":1829,"date":"2024-03-02T00:28:55","date_gmt":"2024-03-02T00:28:55","guid":{"rendered":"https:\/\/ttemsa.com\/industria\/index.php\/quickdraft-copy\/"},"modified":"2024-03-07T18:11:20","modified_gmt":"2024-03-07T18:11:20","slug":"catalogo-general","status":"publish","type":"page","link":"https:\/\/ttemsa.com\/industria\/index.php\/quickdraft\/catalogo-general\/","title":{"rendered":"Cat\u00e1logo General QUICKDRAFT"},"content":{"rendered":"<div class=\"wp-block-image\">\n<figure class=\"aligncenter size-full\"><a href=\"https:\/\/ttemsa.com\/industria\/pdf\/QUICKDRAFT\/QuickdraftTrimBrochure2019LOW.pdf\" target=\"_blank\" rel=\"noreferrer noopener\"><img loading=\"lazy\" decoding=\"async\" width=\"667\" height=\"845\" src=\"https:\/\/ttemsa.com\/industria\/wp-content\/uploads\/2024\/03\/QuickdraftTrimBrochure2019.png\" alt=\"\" class=\"wp-image-2567\" srcset=\"https:\/\/ttemsa.com\/industria\/wp-content\/uploads\/2024\/03\/QuickdraftTrimBrochure2019.png 667w, https:\/\/ttemsa.com\/industria\/wp-content\/uploads\/2024\/03\/QuickdraftTrimBrochure2019-237x300.png 237w\" sizes=\"auto, (max-width: 667px) 100vw, 667px\" \/><\/a><\/figure>\n<\/div>\n\n<div class=\"wp-block-image\">\n<figure class=\"aligncenter size-full is-resized\"><a href=\"https:\/\/ttemsa.com\/industria\/pdf\/QUICKDRAFT\/QuickdraftTrimBrochure2019LOW.pdf\" target=\"_blank\" rel=\"noreferrer noopener\"><img loading=\"lazy\" decoding=\"async\" width=\"70\" height=\"70\" src=\"https:\/\/ttemsa.com\/industria\/wp-content\/uploads\/2023\/12\/pdf.png\" alt=\"\" class=\"wp-image-494\" style=\"width:96px;height:auto\"\/><\/a><\/figure>\n<\/div>\n\n\n<p class=\"has-text-align-center\"><a href=\"https:\/\/ttemsa.com\/industria\/pdf\/QUICKDRAFT\/QuickdraftTrimBrochure2019LOW.pdf\" target=\"_blank\" rel=\"noreferrer noopener\">Ver cat\u00e1logo<\/a><\/p>\n","protected":false},"excerpt":{"rendered":"<p>Ver cat\u00e1logo<\/p>\n","protected":false},"author":1,"featured_media":0,"parent":1233,"menu_order":0,"comment_status":"closed","ping_status":"closed","template":"","meta":{"content-type":"","footnotes":""},"categories":[23],"tags":[],"class_list":["post-1829","page","type-page","status-publish","hentry","category-quickdraft"],"yoast_head":"<!-- This site is optimized with the Yoast SEO plugin v26.6 - https:\/\/yoast.com\/wordpress\/plugins\/seo\/ -->\n<title>Cat\u00e1logo General QUICKDRAFT - industria-de-la-conversion.ttemsa<\/title>\n<meta name=\"description\" content=\"Soluciones de manejo de recortepara papel, pel\u00edcula, papelaluminio, no tejidos &amp; textiles L\u00edder en la tecnolog\u00eda del manejoavanzado de materialesQuickdraft es el innovador l\u00edder en la industr\u00eca\" \/>\n<meta name=\"robots\" content=\"index, follow, max-snippet:-1, max-image-preview:large, max-video-preview:-1\" \/>\n<link rel=\"canonical\" href=\"https:\/\/ttemsa.com\/industria\/index.php\/quickdraft\/catalogo-general\/\" \/>\n<meta property=\"og:locale\" content=\"es_MX\" \/>\n<meta property=\"og:type\" content=\"article\" \/>\n<meta property=\"og:title\" content=\"Soluciones de manejo de recortepara papel, pel\u00edcula, papelaluminio, no tejidos &amp; textiles L\u00edder en la tecnolog\u00eda del manejoavanzado de materialesQuickdraft es el innovador l\u00edder en la industr\u00eca\" \/>\n<meta property=\"og:description\" content=\"En ttemsa ofrecemos Soluciones. Solicite + info Tel\u00e9fonos: + 52 (55) 5352-0191 5352-1301 5352-6070 5352-0593\" \/>\n<meta property=\"og:url\" content=\"https:\/\/ttemsa.com\/industria\/index.php\/quickdraft\/catalogo-general\/\" \/>\n<meta property=\"og:site_name\" content=\"industria-de-la-conversion.ttemsa\" \/>\n<meta property=\"article:modified_time\" content=\"2024-03-07T18:11:20+00:00\" \/>\n<meta property=\"og:image\" content=\"https:\/\/ttemsa.com\/industria\/wp-content\/uploads\/2024\/03\/quickdraft.png\" \/>\n\t<meta property=\"og:image:width\" content=\"833\" \/>\n\t<meta property=\"og:image:height\" content=\"574\" \/>\n\t<meta property=\"og:image:type\" content=\"image\/png\" \/>\n<meta name=\"twitter:card\" content=\"summary_large_image\" \/>\n<meta name=\"twitter:label1\" content=\"Tiempo de lectura\" \/>\n\t<meta name=\"twitter:data1\" content=\"1 minuto\" \/>\n<script type=\"application\/ld+json\" class=\"yoast-schema-graph\">{\"@context\":\"https:\/\/schema.org\",\"@graph\":[{\"@type\":\"WebPage\",\"@id\":\"https:\/\/ttemsa.com\/industria\/index.php\/quickdraft\/catalogo-general\/\",\"url\":\"https:\/\/ttemsa.com\/industria\/index.php\/quickdraft\/catalogo-general\/\",\"name\":\"Cat\u00e1logo General QUICKDRAFT - industria-de-la-conversion.ttemsa\",\"isPartOf\":{\"@id\":\"https:\/\/ttemsa.com\/industria\/#website\"},\"primaryImageOfPage\":{\"@id\":\"https:\/\/ttemsa.com\/industria\/index.php\/quickdraft\/catalogo-general\/#primaryimage\"},\"image\":{\"@id\":\"https:\/\/ttemsa.com\/industria\/index.php\/quickdraft\/catalogo-general\/#primaryimage\"},\"thumbnailUrl\":\"https:\/\/ttemsa.com\/industria\/wp-content\/uploads\/2024\/03\/QuickdraftTrimBrochure2019.png\",\"datePublished\":\"2024-03-02T00:28:55+00:00\",\"dateModified\":\"2024-03-07T18:11:20+00:00\",\"description\":\"Soluciones de manejo de recortepara papel, pel\u00edcula, papelaluminio, no tejidos & textiles L\u00edder en la tecnolog\u00eda del manejoavanzado de materialesQuickdraft es el innovador l\u00edder en la industr\u00eca\",\"breadcrumb\":{\"@id\":\"https:\/\/ttemsa.com\/industria\/index.php\/quickdraft\/catalogo-general\/#breadcrumb\"},\"inLanguage\":\"es\",\"potentialAction\":[{\"@type\":\"ReadAction\",\"target\":[\"https:\/\/ttemsa.com\/industria\/index.php\/quickdraft\/catalogo-general\/\"]}]},{\"@type\":\"ImageObject\",\"inLanguage\":\"es\",\"@id\":\"https:\/\/ttemsa.com\/industria\/index.php\/quickdraft\/catalogo-general\/#primaryimage\",\"url\":\"https:\/\/ttemsa.com\/industria\/wp-content\/uploads\/2024\/03\/QuickdraftTrimBrochure2019.png\",\"contentUrl\":\"https:\/\/ttemsa.com\/industria\/wp-content\/uploads\/2024\/03\/QuickdraftTrimBrochure2019.png\",\"width\":667,\"height\":845},{\"@type\":\"BreadcrumbList\",\"@id\":\"https:\/\/ttemsa.com\/industria\/index.php\/quickdraft\/catalogo-general\/#breadcrumb\",\"itemListElement\":[{\"@type\":\"ListItem\",\"position\":1,\"name\":\"Inicio\",\"item\":\"https:\/\/ttemsa.com\/industria\/\"},{\"@type\":\"ListItem\",\"position\":2,\"name\":\"QUICKDRAFT\",\"item\":\"https:\/\/ttemsa.com\/industria\/index.php\/quickdraft\/\"},{\"@type\":\"ListItem\",\"position\":3,\"name\":\"Cat\u00e1logo General QUICKDRAFT\"}]},{\"@type\":\"WebSite\",\"@id\":\"https:\/\/ttemsa.com\/industria\/#website\",\"url\":\"https:\/\/ttemsa.com\/industria\/\",\"name\":\"industria-de-la-conversion.ttemsa\",\"description\":\"Designed Dianalacazadora.com\",\"alternateName\":\"ttemsa l\u00edderes en la industria de la conversi\u00f3n\",\"potentialAction\":[{\"@type\":\"SearchAction\",\"target\":{\"@type\":\"EntryPoint\",\"urlTemplate\":\"https:\/\/ttemsa.com\/industria\/?s={search_term_string}\"},\"query-input\":{\"@type\":\"PropertyValueSpecification\",\"valueRequired\":true,\"valueName\":\"search_term_string\"}}],\"inLanguage\":\"es\"}]}<\/script>\n<!-- \/ Yoast SEO plugin. -->","yoast_head_json":{"title":"Cat\u00e1logo General QUICKDRAFT - industria-de-la-conversion.ttemsa","description":"Soluciones de manejo de recortepara papel, pel\u00edcula, papelaluminio, no tejidos & textiles L\u00edder en la tecnolog\u00eda del manejoavanzado de materialesQuickdraft es el innovador l\u00edder en la industr\u00eca","robots":{"index":"index","follow":"follow","max-snippet":"max-snippet:-1","max-image-preview":"max-image-preview:large","max-video-preview":"max-video-preview:-1"},"canonical":"https:\/\/ttemsa.com\/industria\/index.php\/quickdraft\/catalogo-general\/","og_locale":"es_MX","og_type":"article","og_title":"Soluciones de manejo de recortepara papel, pel\u00edcula, papelaluminio, no tejidos & textiles L\u00edder en la tecnolog\u00eda del manejoavanzado de materialesQuickdraft es el innovador l\u00edder en la industr\u00eca","og_description":"En ttemsa ofrecemos Soluciones. Solicite + info Tel\u00e9fonos: + 52 (55) 5352-0191 5352-1301 5352-6070 5352-0593","og_url":"https:\/\/ttemsa.com\/industria\/index.php\/quickdraft\/catalogo-general\/","og_site_name":"industria-de-la-conversion.ttemsa","article_modified_time":"2024-03-07T18:11:20+00:00","og_image":[{"width":833,"height":574,"url":"https:\/\/ttemsa.com\/industria\/wp-content\/uploads\/2024\/03\/quickdraft.png","type":"image\/png"}],"twitter_card":"summary_large_image","twitter_misc":{"Tiempo de lectura":"1 minuto"},"schema":{"@context":"https:\/\/schema.org","@graph":[{"@type":"WebPage","@id":"https:\/\/ttemsa.com\/industria\/index.php\/quickdraft\/catalogo-general\/","url":"https:\/\/ttemsa.com\/industria\/index.php\/quickdraft\/catalogo-general\/","name":"Cat\u00e1logo General QUICKDRAFT - industria-de-la-conversion.ttemsa","isPartOf":{"@id":"https:\/\/ttemsa.com\/industria\/#website"},"primaryImageOfPage":{"@id":"https:\/\/ttemsa.com\/industria\/index.php\/quickdraft\/catalogo-general\/#primaryimage"},"image":{"@id":"https:\/\/ttemsa.com\/industria\/index.php\/quickdraft\/catalogo-general\/#primaryimage"},"thumbnailUrl":"https:\/\/ttemsa.com\/industria\/wp-content\/uploads\/2024\/03\/QuickdraftTrimBrochure2019.png","datePublished":"2024-03-02T00:28:55+00:00","dateModified":"2024-03-07T18:11:20+00:00","description":"Soluciones de manejo de recortepara papel, pel\u00edcula, papelaluminio, no tejidos & textiles L\u00edder en la tecnolog\u00eda del manejoavanzado de materialesQuickdraft es el innovador l\u00edder en la industr\u00eca","breadcrumb":{"@id":"https:\/\/ttemsa.com\/industria\/index.php\/quickdraft\/catalogo-general\/#breadcrumb"},"inLanguage":"es","potentialAction":[{"@type":"ReadAction","target":["https:\/\/ttemsa.com\/industria\/index.php\/quickdraft\/catalogo-general\/"]}]},{"@type":"ImageObject","inLanguage":"es","@id":"https:\/\/ttemsa.com\/industria\/index.php\/quickdraft\/catalogo-general\/#primaryimage","url":"https:\/\/ttemsa.com\/industria\/wp-content\/uploads\/2024\/03\/QuickdraftTrimBrochure2019.png","contentUrl":"https:\/\/ttemsa.com\/industria\/wp-content\/uploads\/2024\/03\/QuickdraftTrimBrochure2019.png","width":667,"height":845},{"@type":"BreadcrumbList","@id":"https:\/\/ttemsa.com\/industria\/index.php\/quickdraft\/catalogo-general\/#breadcrumb","itemListElement":[{"@type":"ListItem","position":1,"name":"Inicio","item":"https:\/\/ttemsa.com\/industria\/"},{"@type":"ListItem","position":2,"name":"QUICKDRAFT","item":"https:\/\/ttemsa.com\/industria\/index.php\/quickdraft\/"},{"@type":"ListItem","position":3,"name":"Cat\u00e1logo General QUICKDRAFT"}]},{"@type":"WebSite","@id":"https:\/\/ttemsa.com\/industria\/#website","url":"https:\/\/ttemsa.com\/industria\/","name":"industria-de-la-conversion.ttemsa","description":"Designed Dianalacazadora.com","alternateName":"ttemsa l\u00edderes en la industria de la conversi\u00f3n","potentialAction":[{"@type":"SearchAction","target":{"@type":"EntryPoint","urlTemplate":"https:\/\/ttemsa.com\/industria\/?s={search_term_string}"},"query-input":{"@type":"PropertyValueSpecification","valueRequired":true,"valueName":"search_term_string"}}],"inLanguage":"es"}]}},"_links":{"self":[{"href":"https:\/\/ttemsa.com\/industria\/index.php\/wp-json\/wp\/v2\/pages\/1829","targetHints":{"allow":["GET"]}}],"collection":[{"href":"https:\/\/ttemsa.com\/industria\/index.php\/wp-json\/wp\/v2\/pages"}],"about":[{"href":"https:\/\/ttemsa.com\/industria\/index.php\/wp-json\/wp\/v2\/types\/page"}],"author":[{"embeddable":true,"href":"https:\/\/ttemsa.com\/industria\/index.php\/wp-json\/wp\/v2\/users\/1"}],"replies":[{"embeddable":true,"href":"https:\/\/ttemsa.com\/industria\/index.php\/wp-json\/wp\/v2\/comments?post=1829"}],"version-history":[{"count":3,"href":"https:\/\/ttemsa.com\/industria\/index.php\/wp-json\/wp\/v2\/pages\/1829\/revisions"}],"predecessor-version":[{"id":2907,"href":"https:\/\/ttemsa.com\/industria\/index.php\/wp-json\/wp\/v2\/pages\/1829\/revisions\/2907"}],"up":[{"embeddable":true,"href":"https:\/\/ttemsa.com\/industria\/index.php\/wp-json\/wp\/v2\/pages\/1233"}],"wp:attachment":[{"href":"https:\/\/ttemsa.com\/industria\/index.php\/wp-json\/wp\/v2\/media?parent=1829"}],"wp:term":[{"taxonomy":"category","embeddable":true,"href":"https:\/\/ttemsa.com\/industria\/index.php\/wp-json\/wp\/v2\/categories?post=1829"},{"taxonomy":"post_tag","embeddable":true,"href":"https:\/\/ttemsa.com\/industria\/index.php\/wp-json\/wp\/v2\/tags?post=1829"}],"curies":[{"name":"wp","href":"https:\/\/api.w.org\/{rel}","templated":true}]}}