{"id":1830,"date":"2024-03-02T00:29:02","date_gmt":"2024-03-02T00:29:02","guid":{"rendered":"https:\/\/ttemsa.com\/industria\/index.php\/quickdraft-copy-copy\/"},"modified":"2024-03-06T18:12:00","modified_gmt":"2024-03-06T18:12:00","slug":"eliminacion-de-trim-recorte","status":"publish","type":"page","link":"https:\/\/ttemsa.com\/industria\/index.php\/quickdraft\/eliminacion-de-trim-recorte\/","title":{"rendered":"Eliminaci\u00f3n de TRIM (Recorte)"},"content":{"rendered":"\n<figure class=\"wp-block-image size-large is-resized\"><img loading=\"lazy\" decoding=\"async\" width=\"1024\" height=\"380\" src=\"https:\/\/ttemsa.com\/industria\/wp-content\/uploads\/2024\/03\/1-1024x380.gif\" alt=\"\" class=\"wp-image-2570\" style=\"width:1097px;height:auto\" srcset=\"https:\/\/ttemsa.com\/industria\/wp-content\/uploads\/2024\/03\/1-1024x380.gif 1024w, https:\/\/ttemsa.com\/industria\/wp-content\/uploads\/2024\/03\/1-300x111.gif 300w, https:\/\/ttemsa.com\/industria\/wp-content\/uploads\/2024\/03\/1-768x285.gif 768w\" sizes=\"auto, (max-width: 1024px) 100vw, 1024px\" \/><\/figure>\n\n\n<div class=\"wp-block-image\">\n<figure class=\"aligncenter size-full\"><img loading=\"lazy\" decoding=\"async\" width=\"223\" height=\"61\" src=\"https:\/\/ttemsa.com\/industria\/wp-content\/uploads\/2024\/03\/LOGO_Quickdraft.png\" alt=\"\" class=\"wp-image-2571\"\/><\/figure>\n<\/div>\n\n\n<h1 class=\"wp-block-heading\">Eliminaci\u00f3n de TRIM (Recorte)<\/h1>\n\n\n\n<p>Los sistemas de transporte neum\u00e1tico Quickdraft proporcionan una fiabilidad y eficiencia sin igual, manteniendo tanto su producto como sus beneficios en movimiento.<\/p>\n\n\n\n<p>El transporte neum\u00e1tico permite una configuraci\u00f3n \u00f3ptima del sistema, simplifica la instalaci\u00f3n y el mantenimiento al tiempo que libera valioso espacio en el suelo.<\/p>\n\n\n\n<p>No hay cuchillas de ventilador en el flujo de material significa menos ruido, ning\u00fan da\u00f1o al producto y m\u00e1xima fiabilidad para el funcionamiento 24\/7\/365.<\/p>\n\n\n\n<p>Los sistemas Quickdraft est\u00e1n dise\u00f1ados y fabricados para satisfacer o superar sus expectativas de manera experta, con un servicio y soporte al cliente continuo y excepcional.<\/p>\n\n\n\n<p><strong>Transportador de Metales<\/strong><\/p>\n\n\n\n<figure class=\"wp-block-image size-full\"><img loading=\"lazy\" decoding=\"async\" width=\"603\" height=\"308\" src=\"https:\/\/ttemsa.com\/industria\/wp-content\/uploads\/2024\/03\/Quickdraft_image007.png\" alt=\"\" class=\"wp-image-2572\" srcset=\"https:\/\/ttemsa.com\/industria\/wp-content\/uploads\/2024\/03\/Quickdraft_image007.png 603w, https:\/\/ttemsa.com\/industria\/wp-content\/uploads\/2024\/03\/Quickdraft_image007-300x153.png 300w\" sizes=\"auto, (max-width: 603px) 100vw, 603px\" \/><\/figure>\n\n\n\n<p>Estamos orgullosos de tener m\u00e1s de cincuenta sistemas&nbsp;<strong>Quickdraft<\/strong>&nbsp;en funcionamiento en todo el mundo que transportan aluminio y otros metales.<\/p>\n\n\n\n<p>Nuestros experimentados ingenieros y dise\u00f1adores trabajan en estrecha colaboraci\u00f3n con su equipo para entender sus necesidades \u00fanicas y dise\u00f1ar el mejor sistema de transporte posible para su automoci\u00f3n espec\u00edfica, aeronave u otra operaci\u00f3n de reciclaje.<\/p>\n\n\n\n<p>As\u00ed que ya sea que est\u00e1n transportando un viaje continuo de borde de metal o piezas picadas o ralladas, el sistema proporciona un tiempo de ejecuci\u00f3n pr\u00e1cticamente libre de mantenimiento y m\u00e1xima fiabilidad para el funcionamiento 24\/7\/365.<\/p>\n\n\n<div class=\"wp-block-image\">\n<figure class=\"alignright size-full\"><img loading=\"lazy\" decoding=\"async\" width=\"380\" height=\"298\" src=\"https:\/\/ttemsa.com\/industria\/wp-content\/uploads\/2024\/03\/Quickdraft_image002.png\" alt=\"\" class=\"wp-image-2574\" srcset=\"https:\/\/ttemsa.com\/industria\/wp-content\/uploads\/2024\/03\/Quickdraft_image002.png 380w, https:\/\/ttemsa.com\/industria\/wp-content\/uploads\/2024\/03\/Quickdraft_image002-300x235.png 300w\" sizes=\"auto, (max-width: 380px) 100vw, 380px\" \/><\/figure>\n<\/div>\n\n\n<p><strong>Extracci\u00f3n en industria de alimentos:<\/strong><\/p>\n\n\n\n<p>El extractor Quickdraft Venturi es una excelente soluci\u00f3n para una variedad de aplicaciones de procesamiento de ventilaci\u00f3n en la industria alimentaria, incluyendo hornos, microondas, freidoras, blanqueadores, t\u00faneles de congelaci\u00f3n, mezcladores y aplicaciones de horneado.<\/p>\n\n\n\n<p class=\"has-text-align-left\">Los sistemas Quickdraft de extracci\u00f3n son especialmente eficaces para aplicaciones de alto calor, grasa y aceite; ofreciendo una extracci\u00f3n confiable y consistente con tiempo de inactividad de mantenimiento mucho menos costoso.<\/p>\n\n\n\n<p>El flujo de salida es adecuado y a menudo resulta en aumentos significativos en el rendimiento de la producci\u00f3n, un aumento de hasta 10 a 15 por ciento reportado por los clientes con Sistemas de escape y extracci\u00f3n Quickdraft.<\/p>\n","protected":false},"excerpt":{"rendered":"<p>Eliminaci\u00f3n de TRIM (Recorte) Los sistemas de transporte neum\u00e1tico Quickdraft proporcionan una fiabilidad y eficiencia sin igual, manteniendo tanto su producto como sus beneficios en movimiento. El transporte neum\u00e1tico permite una configuraci\u00f3n \u00f3ptima del sistema, simplifica la instalaci\u00f3n y el mantenimiento al tiempo que libera valioso espacio en el suelo. No hay cuchillas de ventilador [&hellip;]<\/p>\n","protected":false},"author":1,"featured_media":0,"parent":1233,"menu_order":0,"comment_status":"closed","ping_status":"closed","template":"","meta":{"content-type":"","footnotes":""},"categories":[23],"tags":[],"class_list":["post-1830","page","type-page","status-publish","hentry","category-quickdraft"],"yoast_head":"<!-- This site is optimized with the Yoast SEO plugin v26.6 - https:\/\/yoast.com\/wordpress\/plugins\/seo\/ -->\n<title>Eliminaci\u00f3n de TRIM (Recorte) - industria-de-la-conversion.ttemsa<\/title>\n<meta name=\"description\" content=\"Los sistemas de transporte neum\u00e1tico Quickdraft proporcionan una fiabilidad y eficiencia sin igual, manteniendo tanto su producto como sus beneficios en movimiento.\" \/>\n<meta name=\"robots\" content=\"index, follow, max-snippet:-1, max-image-preview:large, max-video-preview:-1\" \/>\n<link rel=\"canonical\" href=\"https:\/\/ttemsa.com\/industria\/index.php\/quickdraft\/eliminacion-de-trim-recorte\/\" \/>\n<meta property=\"og:locale\" content=\"es_MX\" \/>\n<meta property=\"og:type\" content=\"article\" \/>\n<meta property=\"og:title\" content=\"Los sistemas de transporte neum\u00e1tico Quickdraft proporcionan una fiabilidad y eficiencia sin igual, manteniendo tanto su producto como sus beneficios en movimiento.\" \/>\n<meta property=\"og:description\" content=\"En ttemsa ofrecemos Soluciones. Solicite + info Tel\u00e9fonos: + 52 (55) 5352-0191 5352-1301 5352-6070 5352-0593\" \/>\n<meta property=\"og:url\" content=\"https:\/\/ttemsa.com\/industria\/index.php\/quickdraft\/eliminacion-de-trim-recorte\/\" \/>\n<meta property=\"og:site_name\" content=\"industria-de-la-conversion.ttemsa\" \/>\n<meta property=\"article:modified_time\" content=\"2024-03-06T18:12:00+00:00\" \/>\n<meta property=\"og:image\" content=\"https:\/\/ttemsa.com\/industria\/wp-content\/uploads\/2024\/03\/Captura-de-pantalla-2024-03-06-a-las-11.09.30-a.m.png\" \/>\n\t<meta property=\"og:image:width\" content=\"510\" \/>\n\t<meta property=\"og:image:height\" content=\"348\" \/>\n\t<meta property=\"og:image:type\" content=\"image\/png\" \/>\n<meta name=\"twitter:card\" content=\"summary_large_image\" \/>\n<meta name=\"twitter:label1\" content=\"Tiempo de lectura\" \/>\n\t<meta name=\"twitter:data1\" content=\"3 minutos\" \/>\n<script type=\"application\/ld+json\" class=\"yoast-schema-graph\">{\"@context\":\"https:\/\/schema.org\",\"@graph\":[{\"@type\":\"WebPage\",\"@id\":\"https:\/\/ttemsa.com\/industria\/index.php\/quickdraft\/eliminacion-de-trim-recorte\/\",\"url\":\"https:\/\/ttemsa.com\/industria\/index.php\/quickdraft\/eliminacion-de-trim-recorte\/\",\"name\":\"Eliminaci\u00f3n de TRIM (Recorte) - industria-de-la-conversion.ttemsa\",\"isPartOf\":{\"@id\":\"https:\/\/ttemsa.com\/industria\/#website\"},\"primaryImageOfPage\":{\"@id\":\"https:\/\/ttemsa.com\/industria\/index.php\/quickdraft\/eliminacion-de-trim-recorte\/#primaryimage\"},\"image\":{\"@id\":\"https:\/\/ttemsa.com\/industria\/index.php\/quickdraft\/eliminacion-de-trim-recorte\/#primaryimage\"},\"thumbnailUrl\":\"https:\/\/ttemsa.com\/industria\/wp-content\/uploads\/2024\/03\/1-1024x380.gif\",\"datePublished\":\"2024-03-02T00:29:02+00:00\",\"dateModified\":\"2024-03-06T18:12:00+00:00\",\"description\":\"Los sistemas de transporte neum\u00e1tico Quickdraft proporcionan una fiabilidad y eficiencia sin igual, manteniendo tanto su producto como sus beneficios en movimiento.\",\"breadcrumb\":{\"@id\":\"https:\/\/ttemsa.com\/industria\/index.php\/quickdraft\/eliminacion-de-trim-recorte\/#breadcrumb\"},\"inLanguage\":\"es\",\"potentialAction\":[{\"@type\":\"ReadAction\",\"target\":[\"https:\/\/ttemsa.com\/industria\/index.php\/quickdraft\/eliminacion-de-trim-recorte\/\"]}]},{\"@type\":\"ImageObject\",\"inLanguage\":\"es\",\"@id\":\"https:\/\/ttemsa.com\/industria\/index.php\/quickdraft\/eliminacion-de-trim-recorte\/#primaryimage\",\"url\":\"https:\/\/ttemsa.com\/industria\/wp-content\/uploads\/2024\/03\/1.gif\",\"contentUrl\":\"https:\/\/ttemsa.com\/industria\/wp-content\/uploads\/2024\/03\/1.gif\",\"width\":1424,\"height\":528},{\"@type\":\"BreadcrumbList\",\"@id\":\"https:\/\/ttemsa.com\/industria\/index.php\/quickdraft\/eliminacion-de-trim-recorte\/#breadcrumb\",\"itemListElement\":[{\"@type\":\"ListItem\",\"position\":1,\"name\":\"Inicio\",\"item\":\"https:\/\/ttemsa.com\/industria\/\"},{\"@type\":\"ListItem\",\"position\":2,\"name\":\"QUICKDRAFT\",\"item\":\"https:\/\/ttemsa.com\/industria\/index.php\/quickdraft\/\"},{\"@type\":\"ListItem\",\"position\":3,\"name\":\"Eliminaci\u00f3n de TRIM (Recorte)\"}]},{\"@type\":\"WebSite\",\"@id\":\"https:\/\/ttemsa.com\/industria\/#website\",\"url\":\"https:\/\/ttemsa.com\/industria\/\",\"name\":\"industria-de-la-conversion.ttemsa\",\"description\":\"Designed Dianalacazadora.com\",\"alternateName\":\"ttemsa l\u00edderes en la industria de la conversi\u00f3n\",\"potentialAction\":[{\"@type\":\"SearchAction\",\"target\":{\"@type\":\"EntryPoint\",\"urlTemplate\":\"https:\/\/ttemsa.com\/industria\/?s={search_term_string}\"},\"query-input\":{\"@type\":\"PropertyValueSpecification\",\"valueRequired\":true,\"valueName\":\"search_term_string\"}}],\"inLanguage\":\"es\"}]}<\/script>\n<!-- \/ Yoast SEO plugin. -->","yoast_head_json":{"title":"Eliminaci\u00f3n de TRIM (Recorte) - industria-de-la-conversion.ttemsa","description":"Los sistemas de transporte neum\u00e1tico Quickdraft proporcionan una fiabilidad y eficiencia sin igual, manteniendo tanto su producto como sus beneficios en movimiento.","robots":{"index":"index","follow":"follow","max-snippet":"max-snippet:-1","max-image-preview":"max-image-preview:large","max-video-preview":"max-video-preview:-1"},"canonical":"https:\/\/ttemsa.com\/industria\/index.php\/quickdraft\/eliminacion-de-trim-recorte\/","og_locale":"es_MX","og_type":"article","og_title":"Los sistemas de transporte neum\u00e1tico Quickdraft proporcionan una fiabilidad y eficiencia sin igual, manteniendo tanto su producto como sus beneficios en movimiento.","og_description":"En ttemsa ofrecemos Soluciones. Solicite + info Tel\u00e9fonos: + 52 (55) 5352-0191 5352-1301 5352-6070 5352-0593","og_url":"https:\/\/ttemsa.com\/industria\/index.php\/quickdraft\/eliminacion-de-trim-recorte\/","og_site_name":"industria-de-la-conversion.ttemsa","article_modified_time":"2024-03-06T18:12:00+00:00","og_image":[{"width":510,"height":348,"url":"https:\/\/ttemsa.com\/industria\/wp-content\/uploads\/2024\/03\/Captura-de-pantalla-2024-03-06-a-las-11.09.30-a.m.png","type":"image\/png"}],"twitter_card":"summary_large_image","twitter_misc":{"Tiempo de lectura":"3 minutos"},"schema":{"@context":"https:\/\/schema.org","@graph":[{"@type":"WebPage","@id":"https:\/\/ttemsa.com\/industria\/index.php\/quickdraft\/eliminacion-de-trim-recorte\/","url":"https:\/\/ttemsa.com\/industria\/index.php\/quickdraft\/eliminacion-de-trim-recorte\/","name":"Eliminaci\u00f3n de TRIM (Recorte) - industria-de-la-conversion.ttemsa","isPartOf":{"@id":"https:\/\/ttemsa.com\/industria\/#website"},"primaryImageOfPage":{"@id":"https:\/\/ttemsa.com\/industria\/index.php\/quickdraft\/eliminacion-de-trim-recorte\/#primaryimage"},"image":{"@id":"https:\/\/ttemsa.com\/industria\/index.php\/quickdraft\/eliminacion-de-trim-recorte\/#primaryimage"},"thumbnailUrl":"https:\/\/ttemsa.com\/industria\/wp-content\/uploads\/2024\/03\/1-1024x380.gif","datePublished":"2024-03-02T00:29:02+00:00","dateModified":"2024-03-06T18:12:00+00:00","description":"Los sistemas de transporte neum\u00e1tico Quickdraft proporcionan una fiabilidad y eficiencia sin igual, manteniendo tanto su producto como sus beneficios en movimiento.","breadcrumb":{"@id":"https:\/\/ttemsa.com\/industria\/index.php\/quickdraft\/eliminacion-de-trim-recorte\/#breadcrumb"},"inLanguage":"es","potentialAction":[{"@type":"ReadAction","target":["https:\/\/ttemsa.com\/industria\/index.php\/quickdraft\/eliminacion-de-trim-recorte\/"]}]},{"@type":"ImageObject","inLanguage":"es","@id":"https:\/\/ttemsa.com\/industria\/index.php\/quickdraft\/eliminacion-de-trim-recorte\/#primaryimage","url":"https:\/\/ttemsa.com\/industria\/wp-content\/uploads\/2024\/03\/1.gif","contentUrl":"https:\/\/ttemsa.com\/industria\/wp-content\/uploads\/2024\/03\/1.gif","width":1424,"height":528},{"@type":"BreadcrumbList","@id":"https:\/\/ttemsa.com\/industria\/index.php\/quickdraft\/eliminacion-de-trim-recorte\/#breadcrumb","itemListElement":[{"@type":"ListItem","position":1,"name":"Inicio","item":"https:\/\/ttemsa.com\/industria\/"},{"@type":"ListItem","position":2,"name":"QUICKDRAFT","item":"https:\/\/ttemsa.com\/industria\/index.php\/quickdraft\/"},{"@type":"ListItem","position":3,"name":"Eliminaci\u00f3n de TRIM (Recorte)"}]},{"@type":"WebSite","@id":"https:\/\/ttemsa.com\/industria\/#website","url":"https:\/\/ttemsa.com\/industria\/","name":"industria-de-la-conversion.ttemsa","description":"Designed Dianalacazadora.com","alternateName":"ttemsa l\u00edderes en la industria de la conversi\u00f3n","potentialAction":[{"@type":"SearchAction","target":{"@type":"EntryPoint","urlTemplate":"https:\/\/ttemsa.com\/industria\/?s={search_term_string}"},"query-input":{"@type":"PropertyValueSpecification","valueRequired":true,"valueName":"search_term_string"}}],"inLanguage":"es"}]}},"_links":{"self":[{"href":"https:\/\/ttemsa.com\/industria\/index.php\/wp-json\/wp\/v2\/pages\/1830","targetHints":{"allow":["GET"]}}],"collection":[{"href":"https:\/\/ttemsa.com\/industria\/index.php\/wp-json\/wp\/v2\/pages"}],"about":[{"href":"https:\/\/ttemsa.com\/industria\/index.php\/wp-json\/wp\/v2\/types\/page"}],"author":[{"embeddable":true,"href":"https:\/\/ttemsa.com\/industria\/index.php\/wp-json\/wp\/v2\/users\/1"}],"replies":[{"embeddable":true,"href":"https:\/\/ttemsa.com\/industria\/index.php\/wp-json\/wp\/v2\/comments?post=1830"}],"version-history":[{"count":2,"href":"https:\/\/ttemsa.com\/industria\/index.php\/wp-json\/wp\/v2\/pages\/1830\/revisions"}],"predecessor-version":[{"id":2576,"href":"https:\/\/ttemsa.com\/industria\/index.php\/wp-json\/wp\/v2\/pages\/1830\/revisions\/2576"}],"up":[{"embeddable":true,"href":"https:\/\/ttemsa.com\/industria\/index.php\/wp-json\/wp\/v2\/pages\/1233"}],"wp:attachment":[{"href":"https:\/\/ttemsa.com\/industria\/index.php\/wp-json\/wp\/v2\/media?parent=1830"}],"wp:term":[{"taxonomy":"category","embeddable":true,"href":"https:\/\/ttemsa.com\/industria\/index.php\/wp-json\/wp\/v2\/categories?post=1830"},{"taxonomy":"post_tag","embeddable":true,"href":"https:\/\/ttemsa.com\/industria\/index.php\/wp-json\/wp\/v2\/tags?post=1830"}],"curies":[{"name":"wp","href":"https:\/\/api.w.org\/{rel}","templated":true}]}}